{"id":9019,"date":"2022-03-29T12:00:18","date_gmt":"2022-03-29T10:00:18","guid":{"rendered":"https:\/\/stiftadmont.at\/?page_id=9019"},"modified":"2023-12-08T18:49:38","modified_gmt":"2023-12-08T16:49:38","slug":"heribert-friedl","status":"publish","type":"page","link":"https:\/\/stiftadmont.at\/pl\/museum\/ausstellungsrueckblick\/heribert-friedl\/","title":{"rendered":"Interwencja artystyczna 2022"},"content":{"rendered":"<section id='lightpress__section--block_6242d8f9cb0ba' class='lightpress__section--default-section-space lightpress__section lightpress__section--content'><div class=\"content__inner\"\n         x-init=\"initContentBlockAnim($el)\">\n        \n    <div class=\"content__grid content__grid\">\n                                            <div class=\"content__box content__box--one-hundred\"\n                 style=\"\">\n                                \n                \n                                            <div class=\"prose\"><h2 class=\"heading-xxl line line--red line--gold text-center\">Portrait einer meistgeliebten Person auf der Welt und dar\u00fcber hinaus<\/h2>\n<p class=\"paragraph-m\"><span style=\"color: #777777; font-family: ibm_plex_sansregular, sans-serif; font-size: 20px; font-weight: bold; background-color: #ffffff;\">Seit 2003 ist im Kunsthistorischen Museum ein Raum f\u00fcr K\u00fcnstlerische Intervention integriert. Ein Raum der Resonanzbeziehungen, des Dialogs: das Sakrale mit dem Profanen, das Vergangene mit dem Gegenw\u00e4rtigen. Transformationen und Prozesse. 2022 wurde dieser Raum von Heribert Friedl gestaltet!<\/span><\/p>\n<\/div>\n                    \n                            <\/div>\n        \n            <\/div>\n<\/div>\n\n<\/section>\n\n<section id='lightpress__section--block_6242e20e55b2c' class='lightpress__section--default-section-space lightpress__section lightpress__section--image-slider'>\n<div class=\"image-slider\"\n     x-data=\"{ gallery: null, shown: false }\"\n     x-init=\"gallery = initSliderGallery([{&quot;href&quot;:&quot;https:\\\/\\\/stiftadmont.at\\\/wp-content\\\/uploads\\\/Friedl.jpg&quot;,&quot;type&quot;:&quot;image&quot;},{&quot;href&quot;:&quot;https:\\\/\\\/stiftadmont.at\\\/wp-content\\\/uploads\\\/Friedl-2.jpg&quot;,&quot;type&quot;:&quot;image&quot;}]); initImageSliderBlockAnim($el);\">\n    <div class=\"image-slider__inner\">\n\n        <div class=\"swiper-container\" x-init=\"initImageSliderBlock($el, $refs.btnPrev, $refs.btnNext)\">\n            <div class=\"swiper-wrapper\">\n                                    <div class=\"swiper-slide\">\n                        <div class=\"image-slider__media\">\n                            <img decoding=\"async\" class=\"image-slider__image\"\n                                 src=\"https:\/\/stiftadmont.at\/wp-content\/uploads\/Friedl-768x1162.jpg\"\n                                 alt=\"Friedl\">\n                        <\/div>\n                    <\/div>\n                                    <div class=\"swiper-slide\">\n                        <div class=\"image-slider__media\">\n                            <img decoding=\"async\" class=\"image-slider__image\"\n                                 src=\"https:\/\/stiftadmont.at\/wp-content\/uploads\/Friedl-2-768x1155.jpg\"\n                                 alt=\"Friedl 2\">\n                        <\/div>\n                    <\/div>\n                            <\/div>\n\n            <div class=\"swiper-nav-wrapper\">\n                <button class=\"swiper-button-prev slider-button--prev\" x-ref=\"btnPrev\"\n                        aria-label=\"Vorige Bilder anzeigen\">\n                    <img decoding=\"async\" src=\"\/wp-content\/themes\/stift-admont\/src\/assets\/img\/arrow-left-big-new.svg\" alt=\"Pfeil nach Links\">\n                <\/button>\n\n\n                <a class=\"image-slider__gallery\" @click=\"openGallery(gallery)\"><i class=\"fa-thin fa-plus\"><\/i><\/a>\n                <button class=\"swiper-button-next slider-button--next\"\n                        x-ref=\"btnNext\"\n                        aria-label=\"N\u00e4chste Bilder anzeigen\">\n                    <img decoding=\"async\" src=\"\/wp-content\/themes\/stift-admont\/src\/assets\/img\/arrow-right-big-new.svg\" alt=\"Pfeil nach Rechts\">\n                <\/button>\n            <\/div>\n        <\/div>\n    <\/div>\n\n\n<\/div><\/section>\n\n<section id='lightpress__section--block_6242d9db256cb' class='lightpress__section--default-section-space lightpress__section lightpress__section--content'><div class=\"content__inner\"\n         x-init=\"initContentBlockAnim($el)\">\n        \n    <div class=\"content__grid content__grid\">\n                                            <div class=\"content__box content__box--one-hundred\"\n                 style=\"\">\n                                \n                \n                                            <div class=\"prose\"><p class=\"paragraph-m text-left\" style=\"background: white; margin: 12.0pt 0cm 24.0pt 0cm;\"><span style=\"font-family: Arial, sans-serif;\">Die bisher eingeladenen K\u00fcnstler*innen \u00fcberraschten immer wieder aufs Neue \u2013 mit ihren unglaublich vielschichtigen und komplexen k\u00fcnstlerischen L\u00f6sungen in ihren Bez\u00fcgen zum Stift Admont als Ort des Geistigen, als Ort der so vielf\u00e4ltigen Sammlungen; zur Bibliothek, den Archiven und des fast 950-j\u00e4hrigen kulturellen Ged\u00e4chtnisses.<\/span><span style=\"font-family: 'Arial',sans-serif;\"><\/span><\/p>\n<p class=\"paragraph-m\" style=\"margin: 12pt 0cm 24pt; background: white;\"><span style=\"font-family: Arial, sans-serif;\">2022 wurde dieser Raum von Heribert Friedl gestaltet. Die Installation besteht aus s\u00e4uberlich in Form eines Archives pr\u00e4sentierten Kleidungsst\u00fccken, welche ein ganz spezifischer geliebter Mensch getragen hat. Zun\u00e4chst mag man irritiert sein, auf so etwas Banales im Kontext des Kunsthistorischen Museums zu sto\u00dfen. Was soll das?! Ein kurzer R\u00fcckblick in die k\u00fcnstlerische Entwicklung Friedls bietet einen Schl\u00fcssel zum Verst\u00e4ndnis.<\/span><span style=\"font-family: 'Arial',sans-serif;\"><\/span><\/p>\n<p class=\"paragraph-m\" style=\"margin: 12pt 0cm 24pt; background: white;\"><span style=\"font-family: Arial, sans-serif;\">Duftstoffe und deren Wirkungen standen lange im Fokus von Heribert Friedls Interessen. Weite Teile seiner Arbeit bestehen aus raumbezogenen Installationen bzw. fl\u00fcchtigen Architekturen, die sich mit dem Begriff \u201enonvisualobjects\u201c (ein Begriff, den er seit 1996 f\u00fcr seine Arbeit verwendet) auseinandersetzen. In diesen agieren Duftstoffe als Inhaltstr\u00e4ger. Diesen Weg hat Friedl in fr\u00fcheren Jahren auch im Stift Admont beschritten. 2007 hat er in der mehrj\u00e4hrigen Restaurierungsphase der Admonter Stiftsbibliothek eine wei\u00dfe Tr\u00e4gerplatte am Bauger\u00fcst mit unsichtbarem Duftstoff bestrichen. Durch aktives Reiben wurde Weihrauchduft freigesetzt. Wie in vielen seiner Installationen ging es Heribert Friedl nicht um die visuelle Vorgabe.<\/span><span style=\"font-family: 'Arial',sans-serif;\"><\/span><\/p>\n<p class=\"paragraph-m\" style=\"margin: 12pt 0cm 24pt; background: white;\"><span style=\"font-family: Arial, sans-serif;\">Ein Teil der Arbeit waren auch Duftkarten mit Bezug zur barocken Stiftsbibliothek. Mit der Karte wurde auch ein St\u00fcck Original mitgenommen. Im Rahmen einer Ausstellung zum Thema \u201eBibliothek\u201c 2008 hat Heribert Friedl eine aus 100 D\u00fcften bestehende Duftbibliothek im Museum f\u00fcr Gegenwartskunst geschaffen &#8211; ein Archiv der D\u00fcfte, wenn man so will. 2012 hat er f\u00fcr die Admonter Spezialsammlung \u201eJenseits des Sehens \u2013 Kunst verbindet Blinde und Sehende\u201c ein Werk kreiert: Eine aus gelochtem Kupferrohr bestehende sichtbare Duftspirale, aus der mittels eines Blasebalgs Geruch entstr\u00f6mt, der sich als unsichtbare ephemere Skulptur im Raum ausbreitet.<\/span><span style=\"font-family: 'Arial',sans-serif;\"><\/span><\/p>\n<p class=\"paragraph-m\" style=\"margin: 12pt 0cm 24pt; background: white;\"><span style=\"font-family: Arial, sans-serif;\">In Heribert Friedls auf olfaktorische Wahrnehmung konzentrierten Kunst werden visuelle Momente so weit wie m\u00f6glich ausgespart. So geht es auch in der aktuellen Installation nicht um die platte Wahrnehmung der Kleidung selbst. Es geht um die Person, die sie einmal getragen hat. Es geht um einen geliebten Menschen, der nach seinem Ableben physisch nicht mehr unter uns weilt. Es geht darum, was sich von diesem Menschen \u00fcbriggeblieben ist. Es geht um Absenz, um Erinnerungen \u2013 ausgel\u00f6st unter anderem wiederum durch D\u00fcfte \u2013 die sich in diese Kleidungsst\u00fccke eingeschrieben haben. Es geht um das, was wir ganz individuell in Objekte, in Kunstwerke \u201ehineinsinnen\u201c \u2013 jeder anders, je nachdem. Es geht um die unsichtbaren Mikropartikel, die in diese \u00fcbergegangen sind. F\u00fcr das menschliche Auge sind sie unsichtbar, f\u00fcr Forensiker aber einen Kosmos par excellence. Es geht um Liebe, um Trauerarbeit, um Loslassen, um \u201eVanitas\u201c und \u201eMemento Mori\u201c. Letztlich geht es um Trost, um Hoffnung, darum, dass nicht Nichts da ist, nur weil man es nicht sehen kann. Und darum, dass das Sichtbare das wirklich Wichtige, das eigentlich Wahrnehmungs-Werte oft verdeckt.<\/span><span style=\"font-family: 'Arial',sans-serif;\"><\/span><\/p>\n<p class=\"paragraph-m\" style=\"margin: 12pt 0cm 24pt; background: white;\"><span style=\"font-family: Arial, sans-serif;\">Heribert Friedl spricht auch vom Duft der Zeit, der in diesen Dingen seinen Niederschlag gefunden hat. Und vor dem Hintergrund seiner Auseinandersetzung mit dem koreanisch-deutschen Philosophen, Kulturwissenschaftler und Autor Byung-Chul Han meint er: Die Geschichte, die den Dingen durch einen langen Gebrauch zuw\u00e4chst, beseelt sie zu \u201eHerzensdingen\u201c. Nicht nur der unmittelbare visuelle Eindruck, der vielleicht eine gewisse Zeit widerspiegelt, sondern auch das Unsichtbare an den Dingen, das man sp\u00fcrt, ergibt einen \u201eHerzensdingkosmos\u201c. Der Bezug zum Museum ist eher auf der strukturellen Seite. Das Museum als Archiv, als \u201eRetter vor dem Verschwinden\u201c. Nat\u00fcrlich lassen sich auch Bez\u00fcge zu den Paramenten herstellen.<\/span><span style=\"font-family: 'Arial',sans-serif;\"><\/span><\/p>\n<p class=\"paragraph-m\" style=\"background: white; margin: 12.0pt 0cm 24.0pt 0cm;\"><span style=\"font-family: Arial, sans-serif;\">Heribert Friedl* 1969 in Feldbach \/ Steiermark, lebt und arbeitet in Wien<\/span><span style=\"font-family: 'Arial',sans-serif;\"><\/span><\/p>\n<p class=\"paragraph-m\">\u00a0<\/p>\n<aside id=\"gkSidebar\" style=\"float: right; width: 426.656px; padding-left: 45px; padding-top: 50px; color: #777777; font-family: ibm_plex_sansregular, sans-serif; font-size: 16px; background-color: #ffffff;\">\n<p class=\"paragraph-s\" style=\"margin: 12pt 0cm 24pt; background-image: initial; background-position: initial; background-size: initial; background-repeat: initial; background-attachment: initial; background-origin: initial; background-clip: initial;\"><span style=\"font-family: Arial, sans-serif;\">\u00a0<\/span><\/p>\n<p class=\"MsoNormal paragraph-s\">\u00a0<\/p>\n<\/aside>\n<\/div>\n                    \n                            <\/div>\n        \n            <\/div>\n<\/div>\n\n<\/section>","protected":false},"excerpt":{"rendered":"","protected":false},"author":7,"featured_media":0,"parent":5864,"menu_order":2,"comment_status":"closed","ping_status":"closed","template":"","meta":{"_acf_changed":false,"footnotes":""},"categories":[73],"class_list":["post-9019","page","type-page","status-publish","hentry","category-ausstellungsrueckblick"],"acf":[],"yoast_head":"<!-- This site is optimized with the Yoast SEO Premium plugin v26.0 (Yoast SEO v26.8) - https:\/\/yoast.com\/product\/yoast-seo-premium-wordpress\/ -->\n<title>K\u00fcnstlerische Intervention 2022 - Stift Admont<\/title>\n<meta name=\"robots\" content=\"index, follow, max-snippet:-1, max-image-preview:large, max-video-preview:-1\" \/>\n<link rel=\"canonical\" href=\"https:\/\/stiftadmont.at\/pl\/muzeum\/przeglad-wystawy\/heribert-friedl\/\" \/>\n<meta property=\"og:locale\" content=\"pl_PL\" \/>\n<meta property=\"og:type\" content=\"article\" \/>\n<meta property=\"og:title\" content=\"K\u00fcnstlerische Intervention 2022\" \/>\n<meta property=\"og:url\" content=\"https:\/\/stiftadmont.at\/pl\/muzeum\/przeglad-wystawy\/heribert-friedl\/\" \/>\n<meta property=\"og:site_name\" content=\"Stift Admont\" \/>\n<meta property=\"article:modified_time\" content=\"2023-12-08T16:49:38+00:00\" \/>\n<meta property=\"og:image\" content=\"https:\/\/stiftadmont.at\/wp-content\/uploads\/Klosteranlage-innen.jpg\" \/>\n\t<meta property=\"og:image:width\" content=\"1912\" \/>\n\t<meta property=\"og:image:height\" content=\"1188\" \/>\n\t<meta property=\"og:image:type\" content=\"image\/jpeg\" \/>\n<meta name=\"twitter:card\" content=\"summary_large_image\" \/>\n<script type=\"application\/ld+json\" class=\"yoast-schema-graph\">{\"@context\":\"https:\/\/schema.org\",\"@graph\":[{\"@type\":\"WebPage\",\"@id\":\"https:\/\/stiftadmont.at\/museum\/ausstellungsrueckblick\/heribert-friedl\/\",\"url\":\"https:\/\/stiftadmont.at\/museum\/ausstellungsrueckblick\/heribert-friedl\/\",\"name\":\"K\u00fcnstlerische Intervention 2022 - Stift Admont\",\"isPartOf\":{\"@id\":\"https:\/\/stiftadmont.at\/#website\"},\"datePublished\":\"2022-03-29T10:00:18+00:00\",\"dateModified\":\"2023-12-08T16:49:38+00:00\",\"breadcrumb\":{\"@id\":\"https:\/\/stiftadmont.at\/museum\/ausstellungsrueckblick\/heribert-friedl\/#breadcrumb\"},\"inLanguage\":\"pl-PL\",\"potentialAction\":[{\"@type\":\"ReadAction\",\"target\":[\"https:\/\/stiftadmont.at\/museum\/ausstellungsrueckblick\/heribert-friedl\/\"]}]},{\"@type\":\"BreadcrumbList\",\"@id\":\"https:\/\/stiftadmont.at\/museum\/ausstellungsrueckblick\/heribert-friedl\/#breadcrumb\",\"itemListElement\":[{\"@type\":\"ListItem\",\"position\":1,\"name\":\"Start\",\"item\":\"https:\/\/stiftadmont.at\/\"},{\"@type\":\"ListItem\",\"position\":2,\"name\":\"Museum Stift Admont\",\"item\":\"https:\/\/stiftadmont.at\/museum\/\"},{\"@type\":\"ListItem\",\"position\":3,\"name\":\"Ausstellungsr\u00fcckblick\",\"item\":\"https:\/\/stiftadmont.at\/museum\/ausstellungsrueckblick\/\"},{\"@type\":\"ListItem\",\"position\":4,\"name\":\"K\u00fcnstlerische Intervention 2022\"}]},{\"@type\":\"WebSite\",\"@id\":\"https:\/\/stiftadmont.at\/#website\",\"url\":\"https:\/\/stiftadmont.at\/\",\"name\":\"Stift Admont\",\"description\":\"Benediktinerkloster und Sehensw\u00fcrdigkeit im Ges\u00e4use\",\"potentialAction\":[{\"@type\":\"SearchAction\",\"target\":{\"@type\":\"EntryPoint\",\"urlTemplate\":\"https:\/\/stiftadmont.at\/?s={search_term_string}\"},\"query-input\":{\"@type\":\"PropertyValueSpecification\",\"valueRequired\":true,\"valueName\":\"search_term_string\"}}],\"inLanguage\":\"pl-PL\"}]}<\/script>\n<!-- \/ Yoast SEO Premium plugin. -->","yoast_head_json":{"title":"Interwencja artystyczna 2022 - Opactwo Admont","robots":{"index":"index","follow":"follow","max-snippet":"max-snippet:-1","max-image-preview":"max-image-preview:large","max-video-preview":"max-video-preview:-1"},"canonical":"https:\/\/stiftadmont.at\/pl\/muzeum\/przeglad-wystawy\/heribert-friedl\/","og_locale":"pl_PL","og_type":"article","og_title":"K\u00fcnstlerische Intervention 2022","og_url":"https:\/\/stiftadmont.at\/pl\/muzeum\/przeglad-wystawy\/heribert-friedl\/","og_site_name":"Stift Admont","article_modified_time":"2023-12-08T16:49:38+00:00","og_image":[{"width":1912,"height":1188,"url":"https:\/\/stiftadmont.at\/wp-content\/uploads\/Klosteranlage-innen.jpg","type":"image\/jpeg"}],"twitter_card":"summary_large_image","schema":{"@context":"https:\/\/schema.org","@graph":[{"@type":"WebPage","@id":"https:\/\/stiftadmont.at\/museum\/ausstellungsrueckblick\/heribert-friedl\/","url":"https:\/\/stiftadmont.at\/museum\/ausstellungsrueckblick\/heribert-friedl\/","name":"Interwencja artystyczna 2022 - Opactwo Admont","isPartOf":{"@id":"https:\/\/stiftadmont.at\/#website"},"datePublished":"2022-03-29T10:00:18+00:00","dateModified":"2023-12-08T16:49:38+00:00","breadcrumb":{"@id":"https:\/\/stiftadmont.at\/museum\/ausstellungsrueckblick\/heribert-friedl\/#breadcrumb"},"inLanguage":"pl-PL","potentialAction":[{"@type":"ReadAction","target":["https:\/\/stiftadmont.at\/museum\/ausstellungsrueckblick\/heribert-friedl\/"]}]},{"@type":"BreadcrumbList","@id":"https:\/\/stiftadmont.at\/museum\/ausstellungsrueckblick\/heribert-friedl\/#breadcrumb","itemListElement":[{"@type":"ListItem","position":1,"name":"Start","item":"https:\/\/stiftadmont.at\/"},{"@type":"ListItem","position":2,"name":"Museum Stift Admont","item":"https:\/\/stiftadmont.at\/museum\/"},{"@type":"ListItem","position":3,"name":"Ausstellungsr\u00fcckblick","item":"https:\/\/stiftadmont.at\/museum\/ausstellungsrueckblick\/"},{"@type":"ListItem","position":4,"name":"K\u00fcnstlerische Intervention 2022"}]},{"@type":"WebSite","@id":"https:\/\/stiftadmont.at\/#website","url":"https:\/\/stiftadmont.at\/","name":"Opactwo Admont","description":"Benedykty\u0144ski klasztor i atrakcja turystyczna w Ges\u00e4use","potentialAction":[{"@type":"SearchAction","target":{"@type":"EntryPoint","urlTemplate":"https:\/\/stiftadmont.at\/?s={search_term_string}"},"query-input":{"@type":"PropertyValueSpecification","valueRequired":true,"valueName":"search_term_string"}}],"inLanguage":"pl-PL"}]}},"_links":{"self":[{"href":"https:\/\/stiftadmont.at\/pl\/wp-json\/wp\/v2\/pages\/9019","targetHints":{"allow":["GET"]}}],"collection":[{"href":"https:\/\/stiftadmont.at\/pl\/wp-json\/wp\/v2\/pages"}],"about":[{"href":"https:\/\/stiftadmont.at\/pl\/wp-json\/wp\/v2\/types\/page"}],"author":[{"embeddable":true,"href":"https:\/\/stiftadmont.at\/pl\/wp-json\/wp\/v2\/users\/7"}],"replies":[{"embeddable":true,"href":"https:\/\/stiftadmont.at\/pl\/wp-json\/wp\/v2\/comments?post=9019"}],"version-history":[{"count":42,"href":"https:\/\/stiftadmont.at\/pl\/wp-json\/wp\/v2\/pages\/9019\/revisions"}],"predecessor-version":[{"id":10827,"href":"https:\/\/stiftadmont.at\/pl\/wp-json\/wp\/v2\/pages\/9019\/revisions\/10827"}],"up":[{"embeddable":true,"href":"https:\/\/stiftadmont.at\/pl\/wp-json\/wp\/v2\/pages\/5864"}],"wp:attachment":[{"href":"https:\/\/stiftadmont.at\/pl\/wp-json\/wp\/v2\/media?parent=9019"}],"wp:term":[{"taxonomy":"category","embeddable":true,"href":"https:\/\/stiftadmont.at\/pl\/wp-json\/wp\/v2\/categories?post=9019"}],"curies":[{"name":"wp","href":"https:\/\/api.w.org\/{rel}","templated":true}]}}