{"id":10271,"date":"2022-05-01T23:45:20","date_gmt":"2022-05-01T21:45:20","guid":{"rendered":"https:\/\/stiftadmont.at\/?page_id=10271"},"modified":"2023-08-16T13:09:30","modified_gmt":"2023-08-16T11:09:30","slug":"casovna-os","status":"publish","type":"page","link":"https:\/\/stiftadmont.at\/sl\/zeitachse\/","title":{"rendered":"\u010casovna os"},"content":{"rendered":"<section id='lightpress__section--block_626efe3265d35' class='lightpress__section--default-section-space lightpress__section lightpress__section--content'><div class=\"content__inner\"\n         x-init=\"initContentBlockAnim($el)\">\n        \n    <div class=\"content__grid content__grid\">\n                                            <div class=\"content__box content__box--one-hundred\"\n                 style=\"\">\n                                \n                \n                                            <div class=\"prose\"><h2 class=\"heading-xxl line line--gold\">\u010casovna os samostana<\/h2>\n<p><strong>1043, donacija<\/strong><br \/>Sveta Hemma velik del svojega premo\u017eenja podari salzbur\u0161kemu nad\u0161kofu Balduinu z izrecno \u017eeljo, da ustanovi samostan ob reki Enns.<\/p>\n<p><strong>1074, fundacija<\/strong><br \/>29. septembra 1074 salzbur\u0161ki nad\u0161kof Gebhard posveti opatijo Admont kot prvi samostan na \u0161tajerskih tleh. Prvi menihi so pri\u0161li iz benediktinskega samostana svetega Petra v Salzburgu.<\/p>\n<p><strong>1103, prve volitve<\/strong><br \/>Admontski menihi prvi\u010d sami izvolijo opata, in sicer Henrika I. (iz Kremsm\u00fcnstra). Umre v poplavnem Ennsu leta 1112.<\/p>\n<p><strong>1120, samostan<\/strong><br \/>Tega leta je bil samostanu dodan samostan po benediktinskem pravilu, katerega nune so si pridobile velik ugled zaradi visoke stopnje izobrazbe in literarne dejavnosti. \u017denski samostan je med reformacijo izumrl.<\/p>\n<p><strong>1137, samostan Attel<\/strong><br \/>Admontski benediktinci pod vodstvom opata Wolfolda ponovno poselijo samostan Attel v zgornjebavarskem okro\u017eju Rosenheim. Ta je bil leta 1803 ukinjen.<\/p>\n<p><strong>1152, po\u017ear<\/strong><br \/>V no\u010di z 10. na 11. marec je sredi opatije Admont pri\u0161lo do po\u017eara v toplarni. Pri\u010devanje o\u010deta Irimberta najdemo v Kodeksu 16 v opatijskem arhivu med komentarji h Knjigam kraljev. Novozgrajene stavbe so bile posve\u010dene jeseni.<\/p>\n<p><strong>1165, prvi \"lastni\" opat<\/strong><br \/>Z opatom Liutoldom admontski konventualci prvi\u010d izvolijo za opata sobrata iz svojih vrst.<\/p>\n<p><strong>1189, \u017eupnije<\/strong><br \/>Tega leta je Rudolf II. izvoljen za opata v Admontu. V njegovem \u010dasu \u0161tevilne \u017eupnije pripadejo opatiji Admont. Za mnoge med njimi \u0161e danes skrbijo o\u010detje iz Admonta.  Tukaj je seznam teh \u017eupnij.<\/p>\n<p><strong>1230, Mitre<\/strong><br \/>Pape\u017e Gregor IX. odobri admontskim opatom pravico do no\u0161enja mitre med slovesnimi bogoslu\u017eji. Prvi opat, ki je nosil mitro, je bil Berthold I.<\/p>\n<p><strong>1261, lakota<\/strong><br \/>Tega leta je izbruhnila velika lakota in menihi so pobegnili v salzbur\u0161ki mati\u010dni samostan svetega Petra ter tam ostali dve leti.<\/p>\n<p><strong>1275, opat Heinrich II.<\/strong><br \/>V tem letu je Henrik II. izvoljen za opata. Zaradi svoje poslovne spretnosti je znan tudi kot \"drugi ustanovitelj\". Pozneje je bil tudi \u0161tajerski guverner. Je edini admontski opat, ki je bil umorjen, in sicer leta 1297, ko ga je na Kaiserauu umoril njegov ne\u010dak.<\/p>\n<p><strong>1297, opat Engelbert Poetsch<\/strong><br \/>Za opata je izvoljen Engelbert Poetsch, eden najbolj univerzalnih duhov srednjeve\u0161ke Avstrije. Njegov spomin je bil v hi\u0161i vedno v veliki \u010dasti: V\u010dasih so ga celo tiho uvr\u0161\u010dali med svetnike. Njegovo ime \u017ee stoletja nosi en \u010dlan samostana.<\/p>\n<p><strong>1399, Druge \u017eupnije<\/strong><br \/>Druge \u017eupnije so v pristojnosti samostana.<\/p>\n<p><strong>1410, Frauenberg an der Enns<\/strong><br \/>V tem letu je romarska cerkev Frauenberg an der Enns prvi\u010d omenjena v dokumentu. Takrat je antipape\u017e Janez XXIII. podelil razli\u010dne odpustke.<\/p>\n<p><strong>1451, reforma v Salzburgu<\/strong><br \/>Vsi benediktinski samostani v nad\u0161kofiji in v sufraganskih \u0161kofijah so reformirani po sklepu salzbur\u0161ke sinode. Namen te tako imenovane \"reforme v Melku\" je s stro\u017ejim na\u010dinom \u017eivljenja in izbolj\u0161anjem discipline uvesti \u017eivljenje po Pravilu svetega Benedikta.<\/p>\n<p><strong>1483, opat Antonij<\/strong><br \/>Tega leta cesar Friderik III. imenuje opata Antonija Gottesgnada, minorita iz Benetk, v Admont. Velja za izjemnega predstavnika humanizma. Poleg \u0161tevilnih pridobitev izvrstnih rokopisov za knji\u017enico je polo\u017eil tudi temeljni kamen za romarsko cerkev Frauenberg Maria Rehkogel v dana\u0161njem kraju Bruck\/Mur.<\/p>\n<p><strong>1581, reformacija<\/strong><br \/>Reformacija je v Admontu padla na plodna tla, saj sta v samostanu \u017eivela le \u0161e dva duhovnika. \u017denski samostan je popolnoma zapu\u0161\u010den. V tem letu prevzame mesto opata Johannes IV Hofmann iz Svetega Lambrechta. Pod njegovim vodstvom samostan do\u017eivi preporod: 24 menihov pod njegovimi rokami naredi zaobljube. Velja za gonilno silo protireformacije v dolini Enns.<\/p>\n<p><strong>1628, opat Urban Weber<\/strong><br \/>Urban Weber je izvoljen za 47. opata. Zaradi njegove velike gradbene dejavnosti ga imenujejo \"tretji ustanovitelj\". V njegovem \u010dasu 15 sobratov naredi zaobljube.<\/p>\n<p><strong>1644, ustanovitev gimnazije<\/strong><br \/>Opat Urban je ustanovil gimnazijo in dal zgraditi baro\u010dni vikariat v kraju Frauenberg an der Enns. V istem stoletju je pod vodstvom brata Benna Haana iz K\u00f8benhavna za\u017eivela \u0161ola vezenja, iz katere je nastala zbirka \u010dudovitih baro\u010dnih liturgi\u010dnih tkanin. Med \u017eivahno gradnjo v baroku je arhitekt Johann Gotthard Hayberger okoli leta 1735 za\u010del velikodu\u0161no preurejati samostanski kompleks, kar je nadaljeval gradbeni mojster Josef Hueber iz Gradca.<\/p>\n<p><strong>1675, opat Adalbert Heufler<\/strong><br \/>V tem letu je za opata izvoljen Adalbert Heufler zu Rasen und H\u00f6henb\u00fchel, velik mecen romarske cerkve Frauenberg an der Enns.<\/p>\n<p><strong>1680, po\u017ear v oro\u017earni<\/strong><br \/>Po\u017ear uni\u010di oro\u017earno Stiftisches Zeughaus.<\/p>\n<p><strong>1726, Joseph Stammel<\/strong><br \/>V tem letu za\u010dne svoje delo Joseph Stammel, pomemben Admontov umetnik.<\/p>\n<p><strong>1786, gimnazija Leoben<\/strong><br \/>Gimnazija Admont Abbey se preseli v Leoben.<\/p>\n<p><strong>1865, po\u017ear v opatiji<\/strong><br \/>Leta 1865 je velik po\u017ear uni\u010dil velik del samostana, razen knji\u017enice. V naslednjih letih je bila ve\u010dina samostanskih stavb obnovljena. Kolegiatna cerkev v Admontu je bila obnovljena na starih temeljih in je prva velika neogotska sakralna stavba v Avstriji<\/p>\n<p><strong>1869, posvetitev cerkve<\/strong><br \/>Po uni\u010dujo\u010dem po\u017earu je posve\u010dena nova kolegijska cerkev.<\/p>\n<p><strong>1883, Kastner&amp;\u00d6hler<\/strong><br \/>V Admonterhofu v Gradcu se odpre prva poslovalnica Kastner&amp;\u00d6hler.<\/p>\n<p><strong>1898, Prirodoslovni muzej<\/strong><br \/>P. Gabriel Strobl gradi Prirodoslovni muzej.<\/p>\n<p><strong>1906, cesar Franc Jo\u017eef<\/strong><br \/>Cesar Franc Jo\u017eef obi\u0161\u010de opatijo Admont.<\/p>\n<p><strong>1911, prva elektrarna<\/strong><br \/>V M\u00fchlauu za\u010dne delovati prva samostanska elektrarna.<\/p>\n<p><strong>1939, 2. svetovna vojna<\/strong><br \/>Nacisti\u010dni re\u017eim zapleni celotno premo\u017eenje opatije Admont, duhovniki pa morajo zapustiti samostan.<\/p>\n<p><strong>1945, vrnitev<\/strong><br \/>Po koncu druge svetovne vojne se lahko menihi 17. oktobra vrnejo v samostan.<\/p>\n<p><strong>1974, 900. obletnica<\/strong><br \/>Ob 900-letnici samostana je v Admontu zgrajena nova \u0161olska stavba. Od leto\u0161njega leta so vanj sprejeta tudi dekleta.<\/p>\n<p><strong>1996, opat Bruno Hubl<\/strong><br \/>Bruno Hubl je izvoljen za opata. Opat Benedikt Schl\u00f6micher ga je leta 1978 imenoval za priorja, bil pa je tudi mojster novincev in \u010dlan razli\u010dnih liturgi\u010dnih komisij. Po nenadnem odstopu opata Benedikta Schl\u00f6micherja so menihi opatije Admont 1. avgusta 1996 za opata izvolili priorja Bruna Hubla. \u0160kof Johann Weber ga je 1. septembra 1996 v opatijski cerkvi blagoslovil.<br \/>Do leta 2009 je bil \u010dlan predsedstva avstrijske kongregacije benediktincev in sodeluje v razli\u010dnih \u0161kofijskih in nadregionalnih odborih. V \u010dasu njegovega slu\u017ebovanja so bili obnovljeni veliki deli samostanskega kompleksa in svetovno znana samostanska knji\u017enica ter zgrajena nov muzej in Hi\u0161a sre\u010danja v Gradcu, ki je bila odprta 6. oktobra 2002.<br \/>Opat Bruno je 23. marca 2009 napovedal svoj odstop. Vendar je bil 27. aprila ponovno izvoljen za opata. Po treh dneh premi\u0161ljevanja je 30. aprila ponovno prevzel svojo slu\u017ebo. V govoru ob sprejemu je poudaril, da je bil njegov odstop resen. Vendar ga je zaupanje sobratov prepri\u010dalo, da je ponovno sprejel opatsko slu\u017ebo.\"<\/p>\n<p><strong>2003, odprtje muzeja<\/strong><br \/>Poleg poznobaro\u010dne opatijske knji\u017enice je v benediktinski opatiji Admont od leta 2003 tudi velik muzej, ki se razprostira v \u0161tirih nadstropjih v dveh krilih stavbe. Razstavljeni so srednjeve\u0161ki rokopisi in zgodnji tiski, umetnost od srednjega veka do danes ter naravoslovna zbirka. Na voljo so tudi multimedijska predstavitev opatije, posebne razstave in panoramsko stopni\u0161\u010de.<\/p>\n<p><strong>2008, Obnova knji\u017enice<\/strong><br \/>Obnova knji\u017enice: stoletni projekt je bil uspe\u0161no zaklju\u010den. Od leta 1776, ko je bila dokon\u010dana dvorana knji\u017enice, ni bilo opravljeno \u0161e nobeno podobno delo: V treh ve\u010djih delovnih fazah med letoma 2004 in 2008 so bili restavrirani vsi kamniti in kovinski elementi, stropne freske, celotno kiparsko okrasje in vsi leseni elementi. Celotna knji\u017ena zbirka s pribli\u017eno 70.000 enotami je bila o\u010di\u0161\u010dena in pregledana glede po\u0161kodb. Restavriranih je bilo ve\u010d kot 5.000 knjig. Med to fazo obnove je knji\u017enica opatije Admont ostala dostopna obiskovalcem.<\/p>\n<p><strong>2015, \u010ci\u0161\u010denje knjig<\/strong><br \/>Celotno knji\u017eno zbirko baro\u010dne samostanske knji\u017enice o\u010distimo po nujni fumigaciji (napad \u0161kodljivcev). Strokovno bo o\u010di\u0161\u010denih in reorganiziranih 70.000 knjig. Projekt bo predvidoma zaklju\u010den leta 2016.<\/p>\n<p>Tudi v <a title=\" Arhiv opatije\" href=\"https:\/\/stiftadmont.at\/sl\/o-opatijskem-arhivu\/\">Arhiv opatije<\/a>\u00a0sodobne medije ter uporabnikom olaj\u0161ati raziskovanje in delo z dragocenimi zbirkami.<\/p>\n<\/div>\n                    \n                            <\/div>\n        \n            <\/div>\n<\/div>\n\n<\/section>","protected":false},"excerpt":{"rendered":"","protected":false},"author":7,"featured_media":0,"parent":0,"menu_order":127,"comment_status":"closed","ping_status":"closed","template":"","meta":{"_acf_changed":false,"footnotes":""},"categories":[],"class_list":["post-10271","page","type-page","status-publish","hentry"],"acf":[],"yoast_head":"<!-- This site is optimized with the Yoast SEO Premium plugin v26.0 (Yoast SEO v26.8) - https:\/\/yoast.com\/product\/yoast-seo-premium-wordpress\/ -->\n<title>Zeitachse - Stift Admont<\/title>\n<meta name=\"robots\" content=\"index, follow, max-snippet:-1, max-image-preview:large, max-video-preview:-1\" \/>\n<link rel=\"canonical\" href=\"https:\/\/stiftadmont.at\/sl\/casovna-os\/\" \/>\n<meta property=\"og:locale\" content=\"sl_SI\" \/>\n<meta property=\"og:type\" content=\"article\" \/>\n<meta property=\"og:title\" content=\"Zeitachse\" \/>\n<meta property=\"og:url\" content=\"https:\/\/stiftadmont.at\/sl\/casovna-os\/\" \/>\n<meta property=\"og:site_name\" content=\"Stift Admont\" \/>\n<meta property=\"article:modified_time\" content=\"2023-08-16T11:09:30+00:00\" \/>\n<meta property=\"og:image\" content=\"https:\/\/stiftadmont.at\/wp-content\/uploads\/Klosteranlage-innen.jpg\" \/>\n\t<meta property=\"og:image:width\" content=\"1912\" \/>\n\t<meta property=\"og:image:height\" content=\"1188\" \/>\n\t<meta property=\"og:image:type\" content=\"image\/jpeg\" \/>\n<meta name=\"twitter:card\" content=\"summary_large_image\" \/>\n<script type=\"application\/ld+json\" class=\"yoast-schema-graph\">{\"@context\":\"https:\/\/schema.org\",\"@graph\":[{\"@type\":\"WebPage\",\"@id\":\"https:\/\/stiftadmont.at\/zeitachse\/\",\"url\":\"https:\/\/stiftadmont.at\/zeitachse\/\",\"name\":\"Zeitachse - Stift Admont\",\"isPartOf\":{\"@id\":\"https:\/\/stiftadmont.at\/#website\"},\"datePublished\":\"2022-05-01T21:45:20+00:00\",\"dateModified\":\"2023-08-16T11:09:30+00:00\",\"breadcrumb\":{\"@id\":\"https:\/\/stiftadmont.at\/zeitachse\/#breadcrumb\"},\"inLanguage\":\"sl-SI\",\"potentialAction\":[{\"@type\":\"ReadAction\",\"target\":[\"https:\/\/stiftadmont.at\/zeitachse\/\"]}]},{\"@type\":\"BreadcrumbList\",\"@id\":\"https:\/\/stiftadmont.at\/zeitachse\/#breadcrumb\",\"itemListElement\":[{\"@type\":\"ListItem\",\"position\":1,\"name\":\"Start\",\"item\":\"https:\/\/stiftadmont.at\/\"},{\"@type\":\"ListItem\",\"position\":2,\"name\":\"Zeitachse\"}]},{\"@type\":\"WebSite\",\"@id\":\"https:\/\/stiftadmont.at\/#website\",\"url\":\"https:\/\/stiftadmont.at\/\",\"name\":\"Stift Admont\",\"description\":\"Benediktinerkloster und Sehensw\u00fcrdigkeit im Ges\u00e4use\",\"potentialAction\":[{\"@type\":\"SearchAction\",\"target\":{\"@type\":\"EntryPoint\",\"urlTemplate\":\"https:\/\/stiftadmont.at\/?s={search_term_string}\"},\"query-input\":{\"@type\":\"PropertyValueSpecification\",\"valueRequired\":true,\"valueName\":\"search_term_string\"}}],\"inLanguage\":\"sl-SI\"}]}<\/script>\n<!-- \/ Yoast SEO Premium plugin. -->","yoast_head_json":{"title":"\u010casovna os - opatija Admont","robots":{"index":"index","follow":"follow","max-snippet":"max-snippet:-1","max-image-preview":"max-image-preview:large","max-video-preview":"max-video-preview:-1"},"canonical":"https:\/\/stiftadmont.at\/sl\/casovna-os\/","og_locale":"sl_SI","og_type":"article","og_title":"Zeitachse","og_url":"https:\/\/stiftadmont.at\/sl\/casovna-os\/","og_site_name":"Stift Admont","article_modified_time":"2023-08-16T11:09:30+00:00","og_image":[{"width":1912,"height":1188,"url":"https:\/\/stiftadmont.at\/wp-content\/uploads\/Klosteranlage-innen.jpg","type":"image\/jpeg"}],"twitter_card":"summary_large_image","schema":{"@context":"https:\/\/schema.org","@graph":[{"@type":"WebPage","@id":"https:\/\/stiftadmont.at\/zeitachse\/","url":"https:\/\/stiftadmont.at\/zeitachse\/","name":"\u010casovna os - opatija Admont","isPartOf":{"@id":"https:\/\/stiftadmont.at\/#website"},"datePublished":"2022-05-01T21:45:20+00:00","dateModified":"2023-08-16T11:09:30+00:00","breadcrumb":{"@id":"https:\/\/stiftadmont.at\/zeitachse\/#breadcrumb"},"inLanguage":"sl-SI","potentialAction":[{"@type":"ReadAction","target":["https:\/\/stiftadmont.at\/zeitachse\/"]}]},{"@type":"BreadcrumbList","@id":"https:\/\/stiftadmont.at\/zeitachse\/#breadcrumb","itemListElement":[{"@type":"ListItem","position":1,"name":"Start","item":"https:\/\/stiftadmont.at\/"},{"@type":"ListItem","position":2,"name":"Zeitachse"}]},{"@type":"WebSite","@id":"https:\/\/stiftadmont.at\/#website","url":"https:\/\/stiftadmont.at\/","name":"Opatija Admont","description":"Benediktinski samostan in turisti\u010dna znamenitost v Ges\u00e4use","potentialAction":[{"@type":"SearchAction","target":{"@type":"EntryPoint","urlTemplate":"https:\/\/stiftadmont.at\/?s={search_term_string}"},"query-input":{"@type":"PropertyValueSpecification","valueRequired":true,"valueName":"search_term_string"}}],"inLanguage":"sl-SI"}]}},"_links":{"self":[{"href":"https:\/\/stiftadmont.at\/sl\/wp-json\/wp\/v2\/pages\/10271","targetHints":{"allow":["GET"]}}],"collection":[{"href":"https:\/\/stiftadmont.at\/sl\/wp-json\/wp\/v2\/pages"}],"about":[{"href":"https:\/\/stiftadmont.at\/sl\/wp-json\/wp\/v2\/types\/page"}],"author":[{"embeddable":true,"href":"https:\/\/stiftadmont.at\/sl\/wp-json\/wp\/v2\/users\/7"}],"replies":[{"embeddable":true,"href":"https:\/\/stiftadmont.at\/sl\/wp-json\/wp\/v2\/comments?post=10271"}],"version-history":[{"count":35,"href":"https:\/\/stiftadmont.at\/sl\/wp-json\/wp\/v2\/pages\/10271\/revisions"}],"predecessor-version":[{"id":13471,"href":"https:\/\/stiftadmont.at\/sl\/wp-json\/wp\/v2\/pages\/10271\/revisions\/13471"}],"wp:attachment":[{"href":"https:\/\/stiftadmont.at\/sl\/wp-json\/wp\/v2\/media?parent=10271"}],"wp:term":[{"taxonomy":"category","embeddable":true,"href":"https:\/\/stiftadmont.at\/sl\/wp-json\/wp\/v2\/categories?post=10271"}],"curies":[{"name":"wp","href":"https:\/\/api.w.org\/{rel}","templated":true}]}}