{"id":12827,"date":"2022-06-09T08:59:14","date_gmt":"2022-06-09T06:59:14","guid":{"rendered":"https:\/\/stiftadmont.at\/?page_id=12827"},"modified":"2026-03-17T12:18:01","modified_gmt":"2026-03-17T10:18:01","slug":"operacije","status":"publish","type":"page","link":"https:\/\/stiftadmont.at\/sl\/wirtschaftsdirektion\/betriebe\/","title":{"rendered":"Podjetja"},"content":{"rendered":"<section id='lightpress__section--block_7ac6ab53e0a276a998a06938116df122' class='align-center lightpress__section--default-section-space lightpress__section lightpress__section--headline'><div class=\"headline__container\">\n            <p class=\"headline text--40 text-medium line line--gold line-above line-middle\">Opatija Admont kot gospodarsko gonilo<\/p>\n        <p class=\"text-center text-gold text--20 text-medium text--uppercase\">Ustvarjamo podlago za izpolnjevanje na\u0161ega poslanstva spodbujanja \"\u017eivljenja v verski, kulturni in materialni razse\u017enosti\" - trajnostno, odgovorno in z mislijo na prihodnost.<\/p>\n        <div class=\"spacer--40\"><\/div>\n<\/div>\n\n<\/section>\n\n<section id='lightpress__section--block_2d3641fad2a9c0a7b8632f54a3817a61' class='lightpress__section--more-links--950 lightpress__section--full-width lightpress__section--default-section-space lightpress__section lightpress__section--more-links'><div class=\"more\" x-init=\"initMoreLinksBlockAnim($el)\">\n            <style>\n            #lightpress__section--block_2d3641fad2a9c0a7b8632f54a3817a61 .more {\n                --entry-width: calc(100% \/ 4 - var(--grid-gap) * 4);\n                grid-template-columns: repeat(auto-fit, minmax(max(var(--entry-width),50rem), 1fr));\n            }\n        <\/style>\n    \n                    <a class=\"more__link\" href=\"https:\/\/stiftadmont.at\/sl\/admonter-holzindustrie-ag\/\">\n            <div class=\"more__media\">\n                                    <picture class=\"more__image\">\n                        <source srcset=\"https:\/\/stiftadmont.at\/wp-content\/uploads\/Admonter-STAIRs_Eiche-weiss-noblesse_Architektenhaus-Muenchen-Deutschland-\u00a9-Admonter-1024x767.webp\" type=\"image\/webp\">\n                        <source srcset=\"https:\/\/stiftadmont.at\/wp-content\/uploads\/Admonter-STAIRs_Eiche-weiss-noblesse_Architektenhaus-Muenchen-Deutschland-\u00a9-Admonter-1024x767.jpg\" type=\"image\/jpeg\">\n                        <img decoding=\"async\" loading=\"lazy\" src=\"https:\/\/stiftadmont.at\/wp-content\/uploads\/Admonter-STAIRs_Eiche-weiss-noblesse_Architektenhaus-Muenchen-Deutschland-\u00a9-Admonter-1024x767.jpg\" alt=\"Admonter STOPNJE hrast bela noblesa hi\u0161a arhitekta M\u00fcnchen Nem\u010dija \u00a9 Admonter\" \/>\n                    <\/picture>\n                            <\/div>\n            <div class=\"more__content\">\n                <div class=\"more__title--container\">\n                                            \n                                                                            \n                        <p class=\"text-bold text-white text--serif text--26\">Admonter AG<\/p>\n                                                            <\/div>\n                                    <div class=\"more__cta\">\n                        <i class=\"fa-thin fa-chevron-right\"><\/i>\n                    <\/div>\n                            <\/div>\n        <\/a>\n                    <a class=\"more__link\" href=\"https:\/\/stiftadmont.at\/sl\/envesta-gmbh\/\">\n            <div class=\"more__media\">\n                                    <picture class=\"more__image\">\n                        <source srcset=\"https:\/\/stiftadmont.at\/wp-content\/uploads\/15_Envesto\u00a9StefanLeitner-1024x768.webp\" type=\"image\/webp\">\n                        <source srcset=\"https:\/\/stiftadmont.at\/wp-content\/uploads\/15_Envesto\u00a9StefanLeitner-1024x768.jpg\" type=\"image\/jpeg\">\n                        <img decoding=\"async\" loading=\"lazy\" src=\"https:\/\/stiftadmont.at\/wp-content\/uploads\/15_Envesto\u00a9StefanLeitner-1024x768.jpg\"\n                             alt=\"15 Envesto\u00a9StefanLeitner v pomanj\u0161anem merilu\" >\n                    <\/picture>\n                            <\/div>\n            <div class=\"more__content\">\n                <div class=\"more__title--container\">\n                                            \n                                                                            \n                        <p class=\"text-bold text-white text--serif text--26\">ENVESTA GmbH<\/p>\n                                                            <\/div>\n                                    <div class=\"more__cta\">\n                        <i class=\"fa-thin fa-chevron-right\"><\/i>\n                    <\/div>\n                            <\/div>\n        <\/a>\n                    <a class=\"more__link\" href=\"https:\/\/stiftadmont.at\/sl\/stia-immo-gmbh\/\">\n            <div class=\"more__media\">\n                                    <picture class=\"more__image\">\n                        <source srcset=\"https:\/\/stiftadmont.at\/wp-content\/uploads\/Stia_Immo_\u00a9Thomas-Sattler-e1634723358650-1024x683.webp\" type=\"image\/webp\">\n                        <source srcset=\"https:\/\/stiftadmont.at\/wp-content\/uploads\/Stia_Immo_\u00a9Thomas-Sattler-e1634723358650-1024x683.jpg\" type=\"image\/jpeg\">\n                        <img decoding=\"async\" loading=\"lazy\" src=\"https:\/\/stiftadmont.at\/wp-content\/uploads\/Stia_Immo_\u00a9Thomas-Sattler-e1634723358650-1024x683.jpg\" alt=\"Stia Immo \u00a9Thomas Sattler e1634723358650\" \/>\n                    <\/picture>\n                            <\/div>\n            <div class=\"more__content\">\n                <div class=\"more__title--container\">\n                                            \n                                                                            \n                        <p class=\"text-bold text-white text--serif text--26\">STIA Immo GmbH<\/p>\n                                                            <\/div>\n                                    <div class=\"more__cta\">\n                        <i class=\"fa-thin fa-chevron-right\"><\/i>\n                    <\/div>\n                            <\/div>\n        <\/a>\n                    <a class=\"more__link\" href=\"https:\/\/stiftadmont.at\/sl\/vinska-klet-dveri-pax\/\">\n            <div class=\"more__media\">\n                                    <picture class=\"more__image\">\n                        <source srcset=\"https:\/\/stiftadmont.at\/wp-content\/uploads\/01_Dveri_Pax\u00a9StefanLeitner-1-e1648802368796-1024x624.webp\" type=\"image\/webp\">\n                        <source srcset=\"https:\/\/stiftadmont.at\/wp-content\/uploads\/01_Dveri_Pax\u00a9StefanLeitner-1-e1648802368796-1024x624.jpg\" type=\"image\/jpeg\">\n                        <img decoding=\"async\" loading=\"lazy\" src=\"https:\/\/stiftadmont.at\/wp-content\/uploads\/01_Dveri_Pax\u00a9StefanLeitner-1-e1648802368796-1024x624.jpg\" alt=\"01 Dveri Pax\u00a9StefanLeitner 1 e1648802368796\" \/>\n                    <\/picture>\n                            <\/div>\n            <div class=\"more__content\">\n                <div class=\"more__title--container\">\n                                            \n                                                                            \n                        <p class=\"text-bold text-white text--serif text--26\">DVERI PAX Vinarstvo<\/p>\n                                                            <\/div>\n                                    <div class=\"more__cta\">\n                        <i class=\"fa-thin fa-chevron-right\"><\/i>\n                    <\/div>\n                            <\/div>\n        <\/a>\n                    <a class=\"more__link\" href=\"https:\/\/stiftadmont.at\/sl\/gozdarske-dejavnosti\/\">\n            <div class=\"more__media\">\n                                    <picture class=\"more__image\">\n                        <source srcset=\"https:\/\/stiftadmont.at\/wp-content\/uploads\/029_Forst_Jagd_Stift_Admont\u00a9StefanLeitner-e1648799754339-1024x683.webp\" type=\"image\/webp\">\n                        <source srcset=\"https:\/\/stiftadmont.at\/wp-content\/uploads\/029_Forst_Jagd_Stift_Admont\u00a9StefanLeitner-e1648799754339-1024x683.jpg\" type=\"image\/jpeg\">\n                        <img decoding=\"async\" loading=\"lazy\" src=\"https:\/\/stiftadmont.at\/wp-content\/uploads\/029_Forst_Jagd_Stift_Admont\u00a9StefanLeitner-e1648799754339-1024x683.jpg\" alt=\"Opatija Admont - gozdni lov \u00a9 Stefan Leitner\" \/>\n                    <\/picture>\n                            <\/div>\n            <div class=\"more__content\">\n                <div class=\"more__title--container\">\n                                            \n                                                                            \n                        <p class=\"text-bold text-white text--serif text--26\">Gozdarske dejavnosti<\/p>\n                                                            <\/div>\n                                    <div class=\"more__cta\">\n                        <i class=\"fa-thin fa-chevron-right\"><\/i>\n                    <\/div>\n                            <\/div>\n        <\/a>\n                    <a class=\"more__link\" href=\"https:\/\/stiftadmont.at\/sl\/samostanski-vrtec-cvetje-in-vino\/\">\n            <div class=\"more__media\">\n                                    <picture class=\"more__image\">\n                        <source srcset=\"https:\/\/stiftadmont.at\/wp-content\/uploads\/150-20231110-Eroeffnung-Blumenhaus-196-1024x683.webp\" type=\"image\/webp\">\n                        <source srcset=\"https:\/\/stiftadmont.at\/wp-content\/uploads\/150-20231110-Eroeffnung-Blumenhaus-196-1024x683.jpg\" type=\"image\/jpeg\">\n                        <img decoding=\"async\" loading=\"lazy\" src=\"https:\/\/stiftadmont.at\/wp-content\/uploads\/150-20231110-Eroeffnung-Blumenhaus-196-1024x683.jpg\"\n                             alt=\"150 20231110 Odprtje cvetli\u010darne 196\" >\n                    <\/picture>\n                            <\/div>\n            <div class=\"more__content\">\n                <div class=\"more__title--container\">\n                                            \n                                                                            \n                        <p class=\"text-bold text-white text--serif text--26\">Cvetje in vino v vrtcu Abbey<\/p>\n                                                            <\/div>\n                                    <div class=\"more__cta\">\n                        <i class=\"fa-thin fa-chevron-right\"><\/i>\n                    <\/div>\n                            <\/div>\n        <\/a>\n                    <a class=\"more__link\" href=\"https:\/\/stiftadmont.at\/sl\/druzinski-raj-kaiserau\/\">\n            <div class=\"more__media\">\n                                    <picture class=\"more__image\">\n                        <source srcset=\"https:\/\/stiftadmont.at\/wp-content\/uploads\/Kaiserau\u00a9StefanLeitner_015-1024x683.webp\" type=\"image\/webp\">\n                        <source srcset=\"https:\/\/stiftadmont.at\/wp-content\/uploads\/Kaiserau\u00a9StefanLeitner_015-1024x683.jpg\" type=\"image\/jpeg\">\n                        <img decoding=\"async\" loading=\"lazy\" src=\"https:\/\/stiftadmont.at\/wp-content\/uploads\/Kaiserau\u00a9StefanLeitner_015-1024x683.jpg\"\n                             alt=\"Kaiserau\u00a9StefanLeitner 015 pomanj\u0161ano\" >\n                    <\/picture>\n                            <\/div>\n            <div class=\"more__content\">\n                <div class=\"more__title--container\">\n                                            \n                                                                            \n                        <p class=\"text-bold text-white text--serif text--26\">Kaiserau Tourismus GmbH<\/p>\n                                                            <\/div>\n                                    <div class=\"more__cta\">\n                        <i class=\"fa-thin fa-chevron-right\"><\/i>\n                    <\/div>\n                            <\/div>\n        <\/a>\n                    <a class=\"more__link\" href=\"https:\/\/stiftadmont.at\/sl\/muzej\/\">\n            <div class=\"more__media\">\n                                    <picture class=\"more__image\">\n                        <source srcset=\"https:\/\/stiftadmont.at\/wp-content\/uploads\/Bibliothek.webp\" type=\"image\/webp\">\n                        <source srcset=\"https:\/\/stiftadmont.at\/wp-content\/uploads\/Bibliothek.jpg\" type=\"image\/jpeg\">\n                        <img decoding=\"async\" loading=\"lazy\" src=\"https:\/\/stiftadmont.at\/wp-content\/uploads\/Bibliothek.jpg\" alt=\"Knji\u017enica\" \/>\n                    <\/picture>\n                            <\/div>\n            <div class=\"more__content\">\n                <div class=\"more__title--container\">\n                                            \n                                                                            \n                        <p class=\"text-bold text-white text--serif text--26\">Kultura in turizem<\/p>\n                                                            <\/div>\n                                    <div class=\"more__cta\">\n                        <i class=\"fa-thin fa-chevron-right\"><\/i>\n                    <\/div>\n                            <\/div>\n        <\/a>\n    \n<\/div>\n\n<\/section>","protected":false},"excerpt":{"rendered":"","protected":false},"author":7,"featured_media":0,"parent":500,"menu_order":0,"comment_status":"closed","ping_status":"closed","template":"","meta":{"_acf_changed":false,"footnotes":""},"categories":[],"class_list":["post-12827","page","type-page","status-publish","hentry"],"acf":[],"yoast_head":"<!-- This site is optimized with the Yoast SEO Premium plugin v26.0 (Yoast SEO v26.8) - https:\/\/yoast.com\/product\/yoast-seo-premium-wordpress\/ -->\n<title>Betriebe - Stift Admont<\/title>\n<meta name=\"description\" content=\"Unsere Betriebe sind die Basis, damit wir alle Aufgaben erf\u00fcllen und das Leben in religi\u00f6ser und kultureller Dimension f\u00f6rdern k\u00f6nnen.\" \/>\n<meta name=\"robots\" content=\"index, follow, max-snippet:-1, max-image-preview:large, max-video-preview:-1\" \/>\n<link rel=\"canonical\" href=\"https:\/\/stiftadmont.at\/sl\/direktorat-za-gospodarstvo\/operacije\/\" \/>\n<meta property=\"og:locale\" content=\"sl_SI\" \/>\n<meta property=\"og:type\" content=\"article\" \/>\n<meta property=\"og:title\" content=\"Betriebe\" \/>\n<meta property=\"og:description\" content=\"Unsere Betriebe sind die Basis, damit wir alle Aufgaben erf\u00fcllen und das Leben in religi\u00f6ser und kultureller Dimension f\u00f6rdern k\u00f6nnen.\" \/>\n<meta property=\"og:url\" content=\"https:\/\/stiftadmont.at\/sl\/direktorat-za-gospodarstvo\/operacije\/\" \/>\n<meta property=\"og:site_name\" content=\"Stift Admont\" \/>\n<meta property=\"article:modified_time\" content=\"2026-03-17T10:18:01+00:00\" \/>\n<meta property=\"og:image\" content=\"https:\/\/stiftadmont.at\/wp-content\/uploads\/Klosteranlage-innen.jpg\" \/>\n\t<meta property=\"og:image:width\" content=\"1912\" \/>\n\t<meta property=\"og:image:height\" content=\"1188\" \/>\n\t<meta property=\"og:image:type\" content=\"image\/jpeg\" \/>\n<meta name=\"twitter:card\" content=\"summary_large_image\" \/>\n<script type=\"application\/ld+json\" class=\"yoast-schema-graph\">{\"@context\":\"https:\/\/schema.org\",\"@graph\":[{\"@type\":\"WebPage\",\"@id\":\"https:\/\/stiftadmont.at\/wirtschaftsdirektion\/betriebe\/\",\"url\":\"https:\/\/stiftadmont.at\/wirtschaftsdirektion\/betriebe\/\",\"name\":\"Betriebe - Stift Admont\",\"isPartOf\":{\"@id\":\"https:\/\/stiftadmont.at\/#website\"},\"datePublished\":\"2022-06-09T06:59:14+00:00\",\"dateModified\":\"2026-03-17T10:18:01+00:00\",\"description\":\"Unsere Betriebe sind die Basis, damit wir alle Aufgaben erf\u00fcllen und das Leben in religi\u00f6ser und kultureller Dimension f\u00f6rdern k\u00f6nnen.\",\"breadcrumb\":{\"@id\":\"https:\/\/stiftadmont.at\/wirtschaftsdirektion\/betriebe\/#breadcrumb\"},\"inLanguage\":\"sl-SI\",\"potentialAction\":[{\"@type\":\"ReadAction\",\"target\":[\"https:\/\/stiftadmont.at\/wirtschaftsdirektion\/betriebe\/\"]}]},{\"@type\":\"BreadcrumbList\",\"@id\":\"https:\/\/stiftadmont.at\/wirtschaftsdirektion\/betriebe\/#breadcrumb\",\"itemListElement\":[{\"@type\":\"ListItem\",\"position\":1,\"name\":\"Start\",\"item\":\"https:\/\/stiftadmont.at\/\"},{\"@type\":\"ListItem\",\"position\":2,\"name\":\"Wirtschaftsdirektion\",\"item\":\"https:\/\/stiftadmont.at\/wirtschaftsdirektion\/\"},{\"@type\":\"ListItem\",\"position\":3,\"name\":\"Betriebe\"}]},{\"@type\":\"WebSite\",\"@id\":\"https:\/\/stiftadmont.at\/#website\",\"url\":\"https:\/\/stiftadmont.at\/\",\"name\":\"Stift Admont\",\"description\":\"Benediktinerkloster und Sehensw\u00fcrdigkeit im Ges\u00e4use\",\"potentialAction\":[{\"@type\":\"SearchAction\",\"target\":{\"@type\":\"EntryPoint\",\"urlTemplate\":\"https:\/\/stiftadmont.at\/?s={search_term_string}\"},\"query-input\":{\"@type\":\"PropertyValueSpecification\",\"valueRequired\":true,\"valueName\":\"search_term_string\"}}],\"inLanguage\":\"sl-SI\"}]}<\/script>\n<!-- \/ Yoast SEO Premium plugin. -->","yoast_head_json":{"title":"Podjetja - Admont Abbey","description":"Na\u0161a podjetja so osnova, na kateri lahko izpolnjujemo vse svoje naloge in spodbujamo \u017eivljenje v verski in kulturni razse\u017enosti.","robots":{"index":"index","follow":"follow","max-snippet":"max-snippet:-1","max-image-preview":"max-image-preview:large","max-video-preview":"max-video-preview:-1"},"canonical":"https:\/\/stiftadmont.at\/sl\/direktorat-za-gospodarstvo\/operacije\/","og_locale":"sl_SI","og_type":"article","og_title":"Betriebe","og_description":"Unsere Betriebe sind die Basis, damit wir alle Aufgaben erf\u00fcllen und das Leben in religi\u00f6ser und kultureller Dimension f\u00f6rdern k\u00f6nnen.","og_url":"https:\/\/stiftadmont.at\/sl\/direktorat-za-gospodarstvo\/operacije\/","og_site_name":"Stift Admont","article_modified_time":"2026-03-17T10:18:01+00:00","og_image":[{"width":1912,"height":1188,"url":"https:\/\/stiftadmont.at\/wp-content\/uploads\/Klosteranlage-innen.jpg","type":"image\/jpeg"}],"twitter_card":"summary_large_image","schema":{"@context":"https:\/\/schema.org","@graph":[{"@type":"WebPage","@id":"https:\/\/stiftadmont.at\/wirtschaftsdirektion\/betriebe\/","url":"https:\/\/stiftadmont.at\/wirtschaftsdirektion\/betriebe\/","name":"Podjetja - Admont Abbey","isPartOf":{"@id":"https:\/\/stiftadmont.at\/#website"},"datePublished":"2022-06-09T06:59:14+00:00","dateModified":"2026-03-17T10:18:01+00:00","description":"Na\u0161a podjetja so osnova, na kateri lahko izpolnjujemo vse svoje naloge in spodbujamo \u017eivljenje v verski in kulturni razse\u017enosti.","breadcrumb":{"@id":"https:\/\/stiftadmont.at\/wirtschaftsdirektion\/betriebe\/#breadcrumb"},"inLanguage":"sl-SI","potentialAction":[{"@type":"ReadAction","target":["https:\/\/stiftadmont.at\/wirtschaftsdirektion\/betriebe\/"]}]},{"@type":"BreadcrumbList","@id":"https:\/\/stiftadmont.at\/wirtschaftsdirektion\/betriebe\/#breadcrumb","itemListElement":[{"@type":"ListItem","position":1,"name":"Start","item":"https:\/\/stiftadmont.at\/"},{"@type":"ListItem","position":2,"name":"Wirtschaftsdirektion","item":"https:\/\/stiftadmont.at\/wirtschaftsdirektion\/"},{"@type":"ListItem","position":3,"name":"Betriebe"}]},{"@type":"WebSite","@id":"https:\/\/stiftadmont.at\/#website","url":"https:\/\/stiftadmont.at\/","name":"Opatija Admont","description":"Benediktinski samostan in turisti\u010dna znamenitost v Ges\u00e4use","potentialAction":[{"@type":"SearchAction","target":{"@type":"EntryPoint","urlTemplate":"https:\/\/stiftadmont.at\/?s={search_term_string}"},"query-input":{"@type":"PropertyValueSpecification","valueRequired":true,"valueName":"search_term_string"}}],"inLanguage":"sl-SI"}]}},"_links":{"self":[{"href":"https:\/\/stiftadmont.at\/sl\/wp-json\/wp\/v2\/pages\/12827","targetHints":{"allow":["GET"]}}],"collection":[{"href":"https:\/\/stiftadmont.at\/sl\/wp-json\/wp\/v2\/pages"}],"about":[{"href":"https:\/\/stiftadmont.at\/sl\/wp-json\/wp\/v2\/types\/page"}],"author":[{"embeddable":true,"href":"https:\/\/stiftadmont.at\/sl\/wp-json\/wp\/v2\/users\/7"}],"replies":[{"embeddable":true,"href":"https:\/\/stiftadmont.at\/sl\/wp-json\/wp\/v2\/comments?post=12827"}],"version-history":[{"count":60,"href":"https:\/\/stiftadmont.at\/sl\/wp-json\/wp\/v2\/pages\/12827\/revisions"}],"predecessor-version":[{"id":40490,"href":"https:\/\/stiftadmont.at\/sl\/wp-json\/wp\/v2\/pages\/12827\/revisions\/40490"}],"up":[{"embeddable":true,"href":"https:\/\/stiftadmont.at\/sl\/wp-json\/wp\/v2\/pages\/500"}],"wp:attachment":[{"href":"https:\/\/stiftadmont.at\/sl\/wp-json\/wp\/v2\/media?parent=12827"}],"wp:term":[{"taxonomy":"category","embeddable":true,"href":"https:\/\/stiftadmont.at\/sl\/wp-json\/wp\/v2\/categories?post=12827"}],"curies":[{"name":"wp","href":"https:\/\/api.w.org\/{rel}","templated":true}]}}