{"id":12867,"date":"2022-06-09T13:36:49","date_gmt":"2022-06-09T11:36:49","guid":{"rendered":"https:\/\/stiftadmont.at\/?page_id=12867"},"modified":"2025-02-20T13:42:36","modified_gmt":"2025-02-20T11:42:36","slug":"fresco","status":"publish","type":"page","link":"https:\/\/stiftadmont.at\/sl\/fresken\/","title":{"rendered":"Freske"},"content":{"rendered":"<section id='lightpress__section--block_4d3a586197624fc6ae8ab4234917a7de' class='align-center lightpress__section--default-section-space lightpress__section lightpress__section--headline'><div class=\"headline__container\">\n            <p class=\"headline text--40 text-medium line line--gold line-above line-middle\">Die Fresken in der Admonter Klosterbibliothek <\/p>\n        <p class=\"text-center text-gold text--20 text-medium text--uppercase\">Ein Meisterwerk von Bartolomeo Altomonte <\/p>\n        <div class=\"spacer--40\"><\/div>\n<\/div>\n\n<\/section>\n\n<section id='lightpress__section--block_bc465b97cdb0657aa40c9eb04a0ce4e7' class='lightpress__section--default-section-space lightpress__section lightpress__section--content'><div class=\"content__inner\"\n         x-init=\"initContentBlockAnim($el)\">\n        \n    <div class=\"content__grid content__grid--fifty-fifty\">\n                                            <div class=\"content__box content__box\"\n                 style=\"\">\n                                \n                \n                                            <div class=\"prose\"><h5 class=\"heading-m line line-above line--gold\">Fresken<\/h5>\n<p>\u00a0<\/p>\n<p class=\"paragraph-m\">Der Freskenzyklus in den sieben Gew\u00f6lbekuppeln wurde von Bartolomeo Altomonte (1694\u20131783) geschaffen.<\/p>\n<p class=\"paragraph-m\">Der Maler nahm dieses Werk als bereits 80-J\u00e4hriger an und konnte es in den Sommermonaten der Jahre 1775 und 1776 vollenden. Das Grundthema dieses siebenteiligen Bilderzyklus ist die innige Verbindung der Religion mit den K\u00fcnsten und Wissenschaften.<\/p>\n<p>\u00a0<\/p>\n<p>\u00a0<\/p>\n<h5 class=\"heading-m line line-above line--gold\">Die Offenbarung<\/h5>\n<p>\u00a0<\/p>\n<p class=\"paragraph-m\">Das Thema der Offenbarung als Grundlage der christlichen Religion befindet sich in der gro\u00dfen Zentralkuppel. Im Mittelpunkt dieses Bildes thront die personifizierte g\u00f6ttliche Weisheit. Zu ihrer Linken ist Moses als Repr\u00e4sentant des Alten Testaments abgebildet und zu ihrer Rechten befindet sich eine weibliche Gestalt mit Tiara, eine Personifikation der Kirche als Vertreterin des Neuen Bundes. Darunter \u2013 gleichsam als Fundament der christlichen Lehre \u2013 sind die vier lateinischen Kirchenv\u00e4ter abgebildet.<\/p>\n<\/div>\n                    \n                            <\/div>\n        \n                                                    <div class=\"content__box content__box--2\"\n                     >\n                                        \n                    \n                                                <div class=\"content__media stickyTo\" x-init=\"imageSticky($el)\">\n\n                                                                                    <picture\n                                    class=\"content__image sticky\">\n                                <source srcset=\"https:\/\/stiftadmont.at\/wp-content\/uploads\/DSC_3575-1024x685.webp\" type=\"image\/webp\">\n                                <source srcset=\"https:\/\/stiftadmont.at\/wp-content\/uploads\/DSC_3575-1024x685.jpg\" type=\"image\/jpeg\">\n                                <img decoding=\"async\" class=\"sticky\" loading=\"lazy\" src=\"https:\/\/stiftadmont.at\/wp-content\/uploads\/DSC_3575-1024x685.jpg\"\n                                     alt=\"DSC 3575 scaled\">\n\n                                                                                                                            <\/picture>\n\n                        <\/div>\n\n                                    <\/div>\n            \n            <\/div>\n<\/div>\n\n<\/section>\n\n<section id='lightpress__section--block_1e0a9c1a04689f080870e9c02e919bc2' class='bg--beige lightpress__section--colored-bg lightpress__section--default-section-space lightpress__section lightpress__section--content'><div class=\"content__inner\"\n         x-init=\"initContentBlockAnim($el)\">\n        \n    <div class=\"content__grid content__grid--fifty-fifty\">\n                                            <div class=\"content__box content__box\"\n                 style=\"\">\n                                \n                \n                                            <div class=\"prose\"><h5 class=\"heading-m line line-above line--gold\">Wissenschaften und K\u00fcnste<\/h5>\n<p>\u00a0<\/p>\n<p class=\"paragraph-m\">In den nord- und s\u00fcdseitig angrenzenden sechs Kuppeln sind die Darstellungen der verschiedenen Wissenschaften und K\u00fcnste dargestellt, die hier mit ihrem jeweiligen Zentralthema kurz beschrieben werden: Das erste Bild beim s\u00fcdseitigen Bibliothekseingang ist dem Thema der K\u00fcnste und Techniken gewidmet. Apollo ist als Gott der Dichtung und des Lichtes zentral dargestellt und thront \u00fcber den neun Musen. Die Bildhauerei, Musik und Malerei sind allegorisch als Frauengestalten dargestellt. Dem zweiten Gew\u00f6lbe ist die Medizin und Naturwissenschaft gewidmet. Die Hauptfigur ist ein im Doktoren-Talar bekleideter Mann mit \u00c4skulapstab, der einer weiblichen Gestalt als personifizierte Pharmazie ein Rezept \u00fcbergibt. Um diese Hauptgruppe sind die Personifikationen weiterer Naturwissenschaften formiert: so etwa der Physik, Mineralogie, Astronomie, Geografie und Arithmetik.<\/p>\n<p>\u00a0<\/p>\n<p class=\"paragraph-m\">Das dritte Fresko stellt die Theologie und Religion dar. Im Zentrum befindet sich die personifizierte Theologie als weibliche Gestalt mit der Sonne auf der Brust. Neben ihr befinden sich die Heilige Geist-Taube und eine Frau, die die \u201eWahrheit\u201c symbolisieren soll. Darunter \u2013 wiederum als Frauen dargestellt \u2013 sind die drei g\u00f6ttlichen Tugenden Glaube, Hoffnung und Liebe abgebildet. Die Offenbarung als Mitte und H\u00f6hepunkt ist in der zentralen Gew\u00f6lbekuppel zu sehen.<\/p>\n<\/div>\n                    \n                            <\/div>\n        \n                                                    <div class=\"content__box content__box--2\"\n                     >\n                                        \n                    \n                                                    <div class=\"prose\"><h5 class=\"heading-m line line-above line--gold\">Jurisprudenz<\/h5>\n<p>\u00a0<\/p>\n<p class=\"paragraph-m\">Das f\u00fcnfte Fresko stellt mit seinen beiden Allegorien des geistlichen und weltlichen Rechts die Jurisprudenz dar. Dar\u00fcber schwebt ein Genius mit Waage, dem bekannten Symbol der Gerechtigkeit. Im Zentrum des sechsten Kuppelfreskos, das die Geschichtsforschung allegorisch zum Ausdruck bringt, befinden sich ein gefl\u00fcgelter Genius und eine weibliche Figur, die auf einen von Putten getragenen Korb weist, der eine Menge von ungeordneten B\u00fcchern enth\u00e4lt, die wohl die vielf\u00e4ltigen Geschichtsquellen symbolisieren sollen. Darunter ist Chronos als Gott der Zeit dargestellt.<\/p>\n<p>\u00a0<\/p>\n<p>\u00a0<\/p>\n<h5 class=\"heading-m line line-above line--gold\">Erwachen des Geistes<\/h5>\n<p>\u00a0<\/p>\n<p class=\"paragraph-m\">Die siebte Kuppel ist als Ende dieses Bilderzyklus dem Erwachen des Geistes im Denken und Sprechen gew\u00fcrdigt. Im Zentrum des Gem\u00e4ldes steht Aurora \u2013 die G\u00f6ttin der Morgenr\u00f6te. Ihr voran wird eine erleuchtete Fackel getragen, die die Dunkelheit und damit im \u00fcbertragenen Sinne die Unwissenheit vertreiben soll. Zu ihrer Linken wie Rechten stehen die Personifikationen der \u201eGrammatik und Dialektik\u201c als grundlegende Disziplin der Sprachbeherrschung und geistigen Regsamkeit.<\/p>\n<\/div>\n                        \n                                    <\/div>\n            \n            <\/div>\n<\/div>\n\n    <div class=\"background__container background__container--beige\">\n    <\/div>\n\n<\/section>\n\n<section id='lightpress__section--block_bde87528e65fbc269703ac168840ea7e' class='lightpress__section--default-section-space lightpress__section lightpress__section--image-slider'>\n<div class=\"image-slider\"\n     x-data=\"{ gallery: null, shown: false }\"\n     x-init=\"gallery = initSliderGallery([{&quot;href&quot;:&quot;https:\\\/\\\/stiftadmont.at\\\/wp-content\\\/uploads\\\/c-Marcel-Peda-Deckenfresken-0-1920x1280.jpg&quot;,&quot;type&quot;:&quot;image&quot;},{&quot;href&quot;:&quot;https:\\\/\\\/stiftadmont.at\\\/wp-content\\\/uploads\\\/c-Marcel-Peda-Deckenfreske-9-1920x1280.jpg&quot;,&quot;type&quot;:&quot;image&quot;},{&quot;href&quot;:&quot;https:\\\/\\\/stiftadmont.at\\\/wp-content\\\/uploads\\\/c-Marcel-Peda-Deckenfreske-7-1920x1280.jpg&quot;,&quot;type&quot;:&quot;image&quot;},{&quot;href&quot;:&quot;https:\\\/\\\/stiftadmont.at\\\/wp-content\\\/uploads\\\/c-Marcel-Peda-Deckenfresken-2-1-1920x1280.jpg&quot;,&quot;type&quot;:&quot;image&quot;},{&quot;href&quot;:&quot;https:\\\/\\\/stiftadmont.at\\\/wp-content\\\/uploads\\\/c-Marcel-Peda-Deckenfresken-8-1920x1280.jpg&quot;,&quot;type&quot;:&quot;image&quot;},{&quot;href&quot;:&quot;https:\\\/\\\/stiftadmont.at\\\/wp-content\\\/uploads\\\/c-Marcel-Peda-Deckenfresken-6.jpg&quot;,&quot;type&quot;:&quot;image&quot;},{&quot;href&quot;:&quot;https:\\\/\\\/stiftadmont.at\\\/wp-content\\\/uploads\\\/c-Marcel-Peda-Deckenfresken-4-1920x1280.jpg&quot;,&quot;type&quot;:&quot;image&quot;},{&quot;href&quot;:&quot;https:\\\/\\\/stiftadmont.at\\\/wp-content\\\/uploads\\\/c-Marcel-Peda-Deckenfresken-3-1920x1280.jpg&quot;,&quot;type&quot;:&quot;image&quot;},{&quot;href&quot;:&quot;https:\\\/\\\/stiftadmont.at\\\/wp-content\\\/uploads\\\/c-Marcel-Peda-Deckenfresken-2-1920x1280.jpg&quot;,&quot;type&quot;:&quot;image&quot;},{&quot;href&quot;:&quot;https:\\\/\\\/stiftadmont.at\\\/wp-content\\\/uploads\\\/schwarz_freskenrestaurator-11-1920x1285.jpg&quot;,&quot;type&quot;:&quot;image&quot;},{&quot;href&quot;:&quot;https:\\\/\\\/stiftadmont.at\\\/wp-content\\\/uploads\\\/Deckenfresko_c-Marcel-Peda-e1648800100168-1920x1438.jpg&quot;,&quot;type&quot;:&quot;image&quot;},{&quot;href&quot;:&quot;https:\\\/\\\/stiftadmont.at\\\/wp-content\\\/uploads\\\/StiftsbibliothekAdmont_Deckenfresken@MarcelPeda-3-e1634723735843-1920x1438.jpg&quot;,&quot;type&quot;:&quot;image&quot;}]); initImageSliderBlockAnim($el);\">\n    <div class=\"image-slider__inner\">\n\n        <div class=\"swiper-container\" x-init=\"initImageSliderBlock($el, $refs.btnPrev, $refs.btnNext)\">\n            <div class=\"swiper-wrapper\">\n                                    <div class=\"swiper-slide\">\n                        <div class=\"image-slider__media\">\n                            <img decoding=\"async\" class=\"image-slider__image\"\n                                 src=\"https:\/\/stiftadmont.at\/wp-content\/uploads\/c-Marcel-Peda-Deckenfresken-0-768x512.jpg\"\n                                 alt=\"c Marcel Peda Deckenfresken 0 scaled\">\n                        <\/div>\n                    <\/div>\n                                    <div class=\"swiper-slide\">\n                        <div class=\"image-slider__media\">\n                            <img decoding=\"async\" class=\"image-slider__image\"\n                                 src=\"https:\/\/stiftadmont.at\/wp-content\/uploads\/c-Marcel-Peda-Deckenfreske-9-768x512.jpg\"\n                                 alt=\"c Marcel Peda Deckenfreske 9 scaled\">\n                        <\/div>\n                    <\/div>\n                                    <div class=\"swiper-slide\">\n                        <div class=\"image-slider__media\">\n                            <img decoding=\"async\" class=\"image-slider__image\"\n                                 src=\"https:\/\/stiftadmont.at\/wp-content\/uploads\/c-Marcel-Peda-Deckenfreske-7-768x512.jpg\"\n                                 alt=\"c Marcel Peda Deckenfreske 7 scaled\">\n                        <\/div>\n                    <\/div>\n                                    <div class=\"swiper-slide\">\n                        <div class=\"image-slider__media\">\n                            <img decoding=\"async\" class=\"image-slider__image\"\n                                 src=\"https:\/\/stiftadmont.at\/wp-content\/uploads\/c-Marcel-Peda-Deckenfresken-2-1-768x512.jpg\"\n                                 alt=\"c Marcel Peda Deckenfresken 2 1 scaled\">\n                        <\/div>\n                    <\/div>\n                                    <div class=\"swiper-slide\">\n                        <div class=\"image-slider__media\">\n                            <img decoding=\"async\" class=\"image-slider__image\"\n                                 src=\"https:\/\/stiftadmont.at\/wp-content\/uploads\/c-Marcel-Peda-Deckenfresken-8-768x512.jpg\"\n                                 alt=\"c Marcel Peda Deckenfresken 8 scaled\">\n                        <\/div>\n                    <\/div>\n                                    <div class=\"swiper-slide\">\n                        <div class=\"image-slider__media\">\n                            <img decoding=\"async\" class=\"image-slider__image\" src=\"https:\/\/stiftadmont.at\/wp-content\/uploads\/c-Marcel-Peda-Deckenfresken-6-768x1024.jpg\" alt=\"c Marcel Peda Deckenfresken 6\" \/>\n                        <\/div>\n                    <\/div>\n                                    <div class=\"swiper-slide\">\n                        <div class=\"image-slider__media\">\n                            <img decoding=\"async\" class=\"image-slider__image\"\n                                 src=\"https:\/\/stiftadmont.at\/wp-content\/uploads\/c-Marcel-Peda-Deckenfresken-4-768x512.jpg\"\n                                 alt=\"c Marcel Peda Deckenfresken 4 scaled\">\n                        <\/div>\n                    <\/div>\n                                    <div class=\"swiper-slide\">\n                        <div class=\"image-slider__media\">\n                            <img decoding=\"async\" class=\"image-slider__image\"\n                                 src=\"https:\/\/stiftadmont.at\/wp-content\/uploads\/c-Marcel-Peda-Deckenfresken-3-768x512.jpg\"\n                                 alt=\"c Marcel Peda Deckenfresken 3 scaled\">\n                        <\/div>\n                    <\/div>\n                                    <div class=\"swiper-slide\">\n                        <div class=\"image-slider__media\">\n                            <img decoding=\"async\" class=\"image-slider__image\"\n                                 src=\"https:\/\/stiftadmont.at\/wp-content\/uploads\/c-Marcel-Peda-Deckenfresken-2-768x512.jpg\"\n                                 alt=\"c Marcel Peda Deckenfresken 2 scaled\">\n                        <\/div>\n                    <\/div>\n                                    <div class=\"swiper-slide\">\n                        <div class=\"image-slider__media\">\n                            <img decoding=\"async\" class=\"image-slider__image\"\n                                 src=\"https:\/\/stiftadmont.at\/wp-content\/uploads\/schwarz_freskenrestaurator-11-768x514.jpg\"\n                                 alt=\"schwarz freskenrestaurator 11 scaled\">\n                        <\/div>\n                    <\/div>\n                                    <div class=\"swiper-slide\">\n                        <div class=\"image-slider__media\">\n                            <img decoding=\"async\" class=\"image-slider__image\"\n                                 src=\"https:\/\/stiftadmont.at\/wp-content\/uploads\/Deckenfresko_c-Marcel-Peda-e1648800100168-768x575.jpg\"\n                                 alt=\"Deckenfresko c Marcel Peda e1648800100168\">\n                        <\/div>\n                    <\/div>\n                                    <div class=\"swiper-slide\">\n                        <div class=\"image-slider__media\">\n                            <img decoding=\"async\" class=\"image-slider__image\"\n                                 src=\"https:\/\/stiftadmont.at\/wp-content\/uploads\/StiftsbibliothekAdmont_Deckenfresken@MarcelPeda-3-e1634723735843-768x575.jpg\"\n                                 alt=\"StiftsbibliothekAdmont Deckenfresken@MarcelPeda 3 e1634723735843\">\n                        <\/div>\n                    <\/div>\n                            <\/div>\n\n            <div class=\"swiper-nav-wrapper\">\n                <button class=\"swiper-button-prev slider-button--prev\" x-ref=\"btnPrev\"\n                        aria-label=\"Vorige Bilder anzeigen\">\n                    <img decoding=\"async\" src=\"\/wp-content\/themes\/stift-admont\/src\/assets\/img\/arrow-left-big-new.svg\" alt=\"Pfeil nach Links\">\n                <\/button>\n\n\n                <a class=\"image-slider__gallery\" @click=\"openGallery(gallery)\"><i class=\"fa-thin fa-plus\"><\/i><\/a>\n                <button class=\"swiper-button-next slider-button--next\"\n                        x-ref=\"btnNext\"\n                        aria-label=\"N\u00e4chste Bilder anzeigen\">\n                    <img decoding=\"async\" src=\"\/wp-content\/themes\/stift-admont\/src\/assets\/img\/arrow-right-big-new.svg\" alt=\"Pfeil nach Rechts\">\n                <\/button>\n            <\/div>\n        <\/div>\n    <\/div>\n\n\n<\/div><\/section>","protected":false},"excerpt":{"rendered":"","protected":false},"author":7,"featured_media":0,"parent":0,"menu_order":76,"comment_status":"closed","ping_status":"closed","template":"","meta":{"_acf_changed":false,"footnotes":""},"categories":[],"class_list":["post-12867","page","type-page","status-publish","hentry"],"acf":[],"yoast_head":"<!-- This site is optimized with the Yoast SEO Premium plugin v26.0 (Yoast SEO v26.8) - https:\/\/yoast.com\/product\/yoast-seo-premium-wordpress\/ -->\n<title>Fresken - Stift Admont<\/title>\n<meta name=\"robots\" content=\"index, follow, max-snippet:-1, max-image-preview:large, max-video-preview:-1\" \/>\n<link rel=\"canonical\" href=\"https:\/\/stiftadmont.at\/sl\/fresco\/\" \/>\n<meta property=\"og:locale\" content=\"sl_SI\" \/>\n<meta property=\"og:type\" content=\"article\" \/>\n<meta property=\"og:title\" content=\"Fresken\" \/>\n<meta property=\"og:url\" content=\"https:\/\/stiftadmont.at\/sl\/fresco\/\" \/>\n<meta property=\"og:site_name\" content=\"Stift Admont\" \/>\n<meta property=\"article:modified_time\" content=\"2025-02-20T11:42:36+00:00\" \/>\n<meta property=\"og:image\" content=\"https:\/\/stiftadmont.at\/wp-content\/uploads\/Klosteranlage-innen.jpg\" \/>\n\t<meta property=\"og:image:width\" content=\"1912\" \/>\n\t<meta property=\"og:image:height\" content=\"1188\" \/>\n\t<meta property=\"og:image:type\" content=\"image\/jpeg\" \/>\n<meta name=\"twitter:card\" content=\"summary_large_image\" \/>\n<script type=\"application\/ld+json\" class=\"yoast-schema-graph\">{\"@context\":\"https:\/\/schema.org\",\"@graph\":[{\"@type\":\"WebPage\",\"@id\":\"https:\/\/stiftadmont.at\/fresken\/\",\"url\":\"https:\/\/stiftadmont.at\/fresken\/\",\"name\":\"Fresken - Stift Admont\",\"isPartOf\":{\"@id\":\"https:\/\/stiftadmont.at\/#website\"},\"datePublished\":\"2022-06-09T11:36:49+00:00\",\"dateModified\":\"2025-02-20T11:42:36+00:00\",\"breadcrumb\":{\"@id\":\"https:\/\/stiftadmont.at\/fresken\/#breadcrumb\"},\"inLanguage\":\"sl-SI\",\"potentialAction\":[{\"@type\":\"ReadAction\",\"target\":[\"https:\/\/stiftadmont.at\/fresken\/\"]}]},{\"@type\":\"BreadcrumbList\",\"@id\":\"https:\/\/stiftadmont.at\/fresken\/#breadcrumb\",\"itemListElement\":[{\"@type\":\"ListItem\",\"position\":1,\"name\":\"Start\",\"item\":\"https:\/\/stiftadmont.at\/\"},{\"@type\":\"ListItem\",\"position\":2,\"name\":\"Fresken\"}]},{\"@type\":\"WebSite\",\"@id\":\"https:\/\/stiftadmont.at\/#website\",\"url\":\"https:\/\/stiftadmont.at\/\",\"name\":\"Stift Admont\",\"description\":\"Benediktinerkloster und Sehensw\u00fcrdigkeit im Ges\u00e4use\",\"potentialAction\":[{\"@type\":\"SearchAction\",\"target\":{\"@type\":\"EntryPoint\",\"urlTemplate\":\"https:\/\/stiftadmont.at\/?s={search_term_string}\"},\"query-input\":{\"@type\":\"PropertyValueSpecification\",\"valueRequired\":true,\"valueName\":\"search_term_string\"}}],\"inLanguage\":\"sl-SI\"}]}<\/script>\n<!-- \/ Yoast SEO Premium plugin. -->","yoast_head_json":{"title":"Freske - opatija Admont","robots":{"index":"index","follow":"follow","max-snippet":"max-snippet:-1","max-image-preview":"max-image-preview:large","max-video-preview":"max-video-preview:-1"},"canonical":"https:\/\/stiftadmont.at\/sl\/fresco\/","og_locale":"sl_SI","og_type":"article","og_title":"Fresken","og_url":"https:\/\/stiftadmont.at\/sl\/fresco\/","og_site_name":"Stift Admont","article_modified_time":"2025-02-20T11:42:36+00:00","og_image":[{"width":1912,"height":1188,"url":"https:\/\/stiftadmont.at\/wp-content\/uploads\/Klosteranlage-innen.jpg","type":"image\/jpeg"}],"twitter_card":"summary_large_image","schema":{"@context":"https:\/\/schema.org","@graph":[{"@type":"WebPage","@id":"https:\/\/stiftadmont.at\/fresken\/","url":"https:\/\/stiftadmont.at\/fresken\/","name":"Freske - opatija Admont","isPartOf":{"@id":"https:\/\/stiftadmont.at\/#website"},"datePublished":"2022-06-09T11:36:49+00:00","dateModified":"2025-02-20T11:42:36+00:00","breadcrumb":{"@id":"https:\/\/stiftadmont.at\/fresken\/#breadcrumb"},"inLanguage":"sl-SI","potentialAction":[{"@type":"ReadAction","target":["https:\/\/stiftadmont.at\/fresken\/"]}]},{"@type":"BreadcrumbList","@id":"https:\/\/stiftadmont.at\/fresken\/#breadcrumb","itemListElement":[{"@type":"ListItem","position":1,"name":"Start","item":"https:\/\/stiftadmont.at\/"},{"@type":"ListItem","position":2,"name":"Fresken"}]},{"@type":"WebSite","@id":"https:\/\/stiftadmont.at\/#website","url":"https:\/\/stiftadmont.at\/","name":"Opatija Admont","description":"Benediktinski samostan in turisti\u010dna znamenitost v Ges\u00e4use","potentialAction":[{"@type":"SearchAction","target":{"@type":"EntryPoint","urlTemplate":"https:\/\/stiftadmont.at\/?s={search_term_string}"},"query-input":{"@type":"PropertyValueSpecification","valueRequired":true,"valueName":"search_term_string"}}],"inLanguage":"sl-SI"}]}},"_links":{"self":[{"href":"https:\/\/stiftadmont.at\/sl\/wp-json\/wp\/v2\/pages\/12867","targetHints":{"allow":["GET"]}}],"collection":[{"href":"https:\/\/stiftadmont.at\/sl\/wp-json\/wp\/v2\/pages"}],"about":[{"href":"https:\/\/stiftadmont.at\/sl\/wp-json\/wp\/v2\/types\/page"}],"author":[{"embeddable":true,"href":"https:\/\/stiftadmont.at\/sl\/wp-json\/wp\/v2\/users\/7"}],"replies":[{"embeddable":true,"href":"https:\/\/stiftadmont.at\/sl\/wp-json\/wp\/v2\/comments?post=12867"}],"version-history":[{"count":17,"href":"https:\/\/stiftadmont.at\/sl\/wp-json\/wp\/v2\/pages\/12867\/revisions"}],"predecessor-version":[{"id":33075,"href":"https:\/\/stiftadmont.at\/sl\/wp-json\/wp\/v2\/pages\/12867\/revisions\/33075"}],"wp:attachment":[{"href":"https:\/\/stiftadmont.at\/sl\/wp-json\/wp\/v2\/media?parent=12867"}],"wp:term":[{"taxonomy":"category","embeddable":true,"href":"https:\/\/stiftadmont.at\/sl\/wp-json\/wp\/v2\/categories?post=12867"}],"curies":[{"name":"wp","href":"https:\/\/api.w.org\/{rel}","templated":true}]}}