{"id":12881,"date":"2022-06-09T13:45:21","date_gmt":"2022-06-09T11:45:21","guid":{"rendered":"https:\/\/stiftadmont.at\/?page_id=12881"},"modified":"2025-02-20T13:47:26","modified_gmt":"2025-02-20T11:47:26","slug":"skulpture-in-reliefi","status":"publish","type":"page","link":"https:\/\/stiftadmont.at\/sl\/skulpturen-und-reliefs\/","title":{"rendered":"Kipi in reliefi"},"content":{"rendered":"<section id='lightpress__section--block_e19779642fd1085e2784db19bcf431d8' class='align-center lightpress__section--default-section-space lightpress__section lightpress__section--headline'><div class=\"headline__container\">\n            <p class=\"headline text--40 text-medium line line--gold line-above line-middle\">Die Skulpturen und Reliefs in der Admonter Klosterbibliothek<\/p>\n        <p class=\"text-center text-gold text--20 text-medium text--uppercase\">In der Admonter Stiftsbibliothek befinden sich 16 Skulpturen und zwei Gro\u00dfreliefs von Josef Stammel (1695\u20131765).<\/p>\n        <div class=\"spacer--40\"><\/div>\n<\/div>\n\n<\/section>\n\n<section id='lightpress__section--block_209d093954bd5aaaa3c97cea0e32e0ce' class='lightpress__section--default-section-space lightpress__section lightpress__section--content'><div class=\"content__inner\"\n         x-init=\"initContentBlockAnim($el)\">\n        \n    <div class=\"content__grid content__grid--fifty-fifty\">\n                                            <div class=\"content__box content__box\"\n                 style=\"\">\n                                \n                \n                                        <div class=\"content__media stickyTo\" x-init=\"imageSticky($el)\">\n\n                                                                                                <picture\n                                class=\"content__image sticky\">\n                            <source srcset=\"https:\/\/stiftadmont.at\/wp-content\/uploads\/Stiftsbibliothek_\u00a9Thomas-Sattler-7-1024x683.jpg\"\n                                    type=\"image\/webp\">\n                            <source srcset=\"https:\/\/stiftadmont.at\/wp-content\/uploads\/Stiftsbibliothek_\u00a9Thomas-Sattler-7-1024x683.jpg\"\n                                    type=\"image\/jpeg\">\n                            <img decoding=\"async\" loading=\"lazy\"\n                                 src=\"https:\/\/stiftadmont.at\/wp-content\/uploads\/Stiftsbibliothek_\u00a9Thomas-Sattler-7-1024x683.jpg\"\n                                 alt=\"Stiftsbibliothek \u00a9Thomas Sattler 7 scaled\" width=\"600\" height=\"450\">\n                                                                                                            <\/picture>\n\n                    <\/div>\n\n                            <\/div>\n        \n                                                    <div class=\"content__box content__box--2\"\n                     >\n                                        \n                    \n                                                    <div class=\"prose\"><h5 class=\"heading-m line line-above line--gold\">Skulpturen und Reliefs<\/h5>\n<p>\u00a0<\/p>\n<p class=\"paragraph-m\">Vermutlich stammen auch 60 der insgesamt 68 Konsolb\u00fcsten mit Gelehrten, K\u00fcnstlern, Poeten, Bildhauern und Sybillen an den B\u00fccherschr\u00e4nken aus seiner Hand. Stammel stand \u00fcber vier Jahrzehnte im Dienste des Stiftes Admont. Er war Zeitgenosse Georg Raphael Donners und Bartolomeo Altomontes. Somit geh\u00f6rte er einer Generation von K\u00fcnstlern an, die den Sp\u00e4tbarock zu einem letzten H\u00f6hepunkt gef\u00fchrt haben. Seine Werke stehen in spannungsreicher Verbindung zur \u00fcbrigen Konzeption des vom Geist der Aufkl\u00e4rung gepr\u00e4gten Admonter Bibliothekssaales. Josef Stammels Schnitzwerke sind aus Lindenholz gearbeitet. Mit Ausnahme der vergoldeten B\u00fcsten sind sie bronziert und erzielen somit eine Materialillusion.<\/p>\n<p>\u00a0<\/p>\n<p>\u00a0<\/p>\n<h5 class=\"heading-m line line-above line--gold\">Gro\u00dfreliefs<\/h5>\n<p>\u00a0<\/p>\n<p class=\"paragraph-m\">An den beiden Schmalseiten des Bibliothekssaales befinden sich auf H\u00f6he der Galerie zwei gro\u00dfe Reliefs. Das Relief an der S\u00fcdseite zeigt ein bekanntes Motiv aus dem Alten Testament: Das \u201esalomonische Urteil\u201c als Inbegriff menschlicher Weisheit. Der im Tempel lehrende Jesus ist gleichsam als das neutestamentliche Gegenst\u00fcck und Versinnbildlichung g\u00f6ttlicher Weisheit an der Nordseite dargestellt. Evangelist Lukas und das Relief \u201eJesus im Tempel lehrend\u201cDie nahezu vollplastisch wirkenden Hochreliefs in den medaillonartig gemalten Rahmungen auf H\u00f6he der Galerie in den beiden \u00e4u\u00dferen S\u00e4len zeigen insgesamt acht biblische Personen: an der S\u00fcdseite Repr\u00e4sentanten des Alten Testaments, Moses und Elias, ihnen gegen\u00fcber die Apostel Petrus und Paulus; an der Nordseite die vier Evangelisten Lukas, Johannes, Matth\u00e4us und Markus.<\/p>\n<p class=\"paragraph-m\">Im Obergeschoss des Mittelraumes halten die personifizierten Darstellungen der vier Tugenden in Frauengestalt einen thematischen Dialog: die ewige Wahrheit (\u201everitas eterna\u201c), die g\u00f6ttliche Weisheit (\u201esapientia divina\u201c), die Klugheit (\u201eprudentia\u201c) sowie die Wissenschaft (\u201escientia\u201c).<\/p>\n<\/div>\n                        \n                                    <\/div>\n            \n            <\/div>\n<\/div>\n\n<\/section>\n\n<section id='lightpress__section--block_bfbb5fe4982e9996ad1e4e7ae3d658c2' class='bg--beige lightpress__section--colored-bg lightpress__section--default-section-space lightpress__section lightpress__section--content'><div class=\"content__inner\"\n         x-init=\"initContentBlockAnim($el)\">\n        \n    <div class=\"content__grid content__grid\">\n                                            <div class=\"content__box content__box--one-hundred\"\n                 style=\"\">\n                                \n                \n                                            <div class=\"prose\"><h5 class=\"heading-m line line-above line--gold\">Die vier letzten Dinge<\/h5>\n<p>\u00a0<\/p>\n<p class=\"paragraph-m\">Ebenfalls unter der Mittelkuppel: Josef Stammels Figurengruppe \u201eDie vier letzten Dinge\u201c, um 1755-60. Die vier \u00fcberlebensgro\u00dfen Standfiguren werden von ausgepr\u00e4gter Gestik und Mimik bestimmt. Sie stellen den Tod, die Auferstehung (zugleich das Gericht), die H\u00f6lle und den Himmel dar. In ihnen findet sich ein zentrales eschatologisches Thema des Barockzeitalters aufgegriffen. Der menschliche Wanderer muss sich im Angesicht seines Todes den letzten Dingen stellen. Im Zuge des g\u00f6ttlichen Gerichtes wird sich sp\u00e4ter entscheiden, ob ihn die himmlische Herrlichkeit oder h\u00f6llische Verdammnis erwartet. Die vier Skulpturen stehen einander wohl seit etwa 1800 im Mittelraum zwischen S\u00e4ulen und B\u00fccherschr\u00e4nken gegen\u00fcber. Sie waren urspr\u00fcnglich jedoch nicht f\u00fcr diesen Aufstellungsort bestimmt. Stattdessen stand davor im Zentrum der Bibliothek das vom Stiftsbrand zerst\u00f6rte \u201eUniversum\u201c.\u00a0<\/p>\n<\/div>\n                    \n                            <\/div>\n        \n            <\/div>\n<\/div>\n\n    <div class=\"background__container background__container--beige\">\n    <\/div>\n\n<\/section>\n\n<section id='lightpress__section--block_082c5ec03d75a49818e2fe0b976eaaa6' class='lightpress__section--default-section-space lightpress__section lightpress__section--image-slider'>\n<div class=\"image-slider\"\n     x-data=\"{ gallery: null, shown: false }\"\n     x-init=\"gallery = initSliderGallery([{&quot;href&quot;:&quot;https:\\\/\\\/stiftadmont.at\\\/wp-content\\\/uploads\\\/Stiftsbibliothek_\\u00a9Thomas-Sattler-7-1920x1280.jpg&quot;,&quot;type&quot;:&quot;image&quot;},{&quot;href&quot;:&quot;https:\\\/\\\/stiftadmont.at\\\/wp-content\\\/uploads\\\/admonter.bibliotheksteufelchen.ensemble2.jpg&quot;,&quot;type&quot;:&quot;image&quot;},{&quot;href&quot;:&quot;https:\\\/\\\/stiftadmont.at\\\/wp-content\\\/uploads\\\/Bibliothek4LETZTE2.jpg&quot;,&quot;type&quot;:&quot;image&quot;},{&quot;href&quot;:&quot;https:\\\/\\\/stiftadmont.at\\\/wp-content\\\/uploads\\\/Bibliothek-4LETZTE1-R.jpg&quot;,&quot;type&quot;:&quot;image&quot;},{&quot;href&quot;:&quot;https:\\\/\\\/stiftadmont.at\\\/wp-content\\\/uploads\\\/Die-Stiftsbibliothek-b-3.jpg&quot;,&quot;type&quot;:&quot;image&quot;},{&quot;href&quot;:&quot;https:\\\/\\\/stiftadmont.at\\\/wp-content\\\/uploads\\\/Bibliothek-4LETZTE3-R.jpg&quot;,&quot;type&quot;:&quot;image&quot;}]); initImageSliderBlockAnim($el);\">\n    <div class=\"image-slider__inner\">\n\n        <div class=\"swiper-container\" x-init=\"initImageSliderBlock($el, $refs.btnPrev, $refs.btnNext)\">\n            <div class=\"swiper-wrapper\">\n                                    <div class=\"swiper-slide\">\n                        <div class=\"image-slider__media\">\n                            <img decoding=\"async\" class=\"image-slider__image\"\n                                 src=\"https:\/\/stiftadmont.at\/wp-content\/uploads\/Stiftsbibliothek_\u00a9Thomas-Sattler-7-768x512.jpg\"\n                                 alt=\"Stiftsbibliothek \u00a9Thomas Sattler 7 scaled\">\n                        <\/div>\n                    <\/div>\n                                    <div class=\"swiper-slide\">\n                        <div class=\"image-slider__media\">\n                            <img decoding=\"async\" class=\"image-slider__image\"\n                                 src=\"https:\/\/stiftadmont.at\/wp-content\/uploads\/admonter.bibliotheksteufelchen.ensemble2-768x576.jpg\"\n                                 alt=\"admonter.bibliotheksteufelchen.ensemble2\">\n                        <\/div>\n                    <\/div>\n                                    <div class=\"swiper-slide\">\n                        <div class=\"image-slider__media\">\n                            <img decoding=\"async\" class=\"image-slider__image\"\n                                 src=\"https:\/\/stiftadmont.at\/wp-content\/uploads\/Bibliothek4LETZTE2-768x963.jpg\"\n                                 alt=\"Stift Admont - Die vier letzten Dinge von Josef Stammel\">\n                        <\/div>\n                    <\/div>\n                                    <div class=\"swiper-slide\">\n                        <div class=\"image-slider__media\">\n                            <img decoding=\"async\" class=\"image-slider__image\"\n                                 src=\"https:\/\/stiftadmont.at\/wp-content\/uploads\/Bibliothek-4LETZTE1-R-768x966.jpg\"\n                                 alt=\"Stift Admont - Die vier letzten Dinge von Josef Stammel\">\n                        <\/div>\n                    <\/div>\n                                    <div class=\"swiper-slide\">\n                        <div class=\"image-slider__media\">\n                            <img decoding=\"async\" class=\"image-slider__image\"\n                                 src=\"https:\/\/stiftadmont.at\/wp-content\/uploads\/Die-Stiftsbibliothek-b-3-768x961.jpg\"\n                                 alt=\"Stift Admont - Die vier letzten Dinge von Josef Stammel\">\n                        <\/div>\n                    <\/div>\n                                    <div class=\"swiper-slide\">\n                        <div class=\"image-slider__media\">\n                            <img decoding=\"async\" class=\"image-slider__image\"\n                                 src=\"https:\/\/stiftadmont.at\/wp-content\/uploads\/Bibliothek-4LETZTE3-R-768x973.jpg\"\n                                 alt=\"Stift Admont - Die vier letzten Dinge von Josef Stammel\">\n                        <\/div>\n                    <\/div>\n                            <\/div>\n\n            <div class=\"swiper-nav-wrapper\">\n                <button class=\"swiper-button-prev slider-button--prev\" x-ref=\"btnPrev\"\n                        aria-label=\"Vorige Bilder anzeigen\">\n                    <img decoding=\"async\" src=\"\/wp-content\/themes\/stift-admont\/src\/assets\/img\/arrow-left-big-new.svg\" alt=\"Pfeil nach Links\">\n                <\/button>\n\n\n                <a class=\"image-slider__gallery\" @click=\"openGallery(gallery)\"><i class=\"fa-thin fa-plus\"><\/i><\/a>\n                <button class=\"swiper-button-next slider-button--next\"\n                        x-ref=\"btnNext\"\n                        aria-label=\"N\u00e4chste Bilder anzeigen\">\n                    <img decoding=\"async\" src=\"\/wp-content\/themes\/stift-admont\/src\/assets\/img\/arrow-right-big-new.svg\" alt=\"Pfeil nach Rechts\">\n                <\/button>\n            <\/div>\n        <\/div>\n    <\/div>\n\n\n<\/div><\/section>","protected":false},"excerpt":{"rendered":"","protected":false},"author":7,"featured_media":0,"parent":0,"menu_order":84,"comment_status":"closed","ping_status":"closed","template":"","meta":{"_acf_changed":false,"footnotes":""},"categories":[],"class_list":["post-12881","page","type-page","status-publish","hentry"],"acf":[],"yoast_head":"<!-- This site is optimized with the Yoast SEO Premium plugin v26.0 (Yoast SEO v26.8) - https:\/\/yoast.com\/product\/yoast-seo-premium-wordpress\/ -->\n<title>Skulpturen und Reliefs - Stift Admont<\/title>\n<meta name=\"robots\" content=\"index, follow, max-snippet:-1, max-image-preview:large, max-video-preview:-1\" \/>\n<link rel=\"canonical\" href=\"https:\/\/stiftadmont.at\/sl\/skulpture-in-reliefi\/\" \/>\n<meta property=\"og:locale\" content=\"sl_SI\" \/>\n<meta property=\"og:type\" content=\"article\" \/>\n<meta property=\"og:title\" content=\"Skulpturen und Reliefs\" \/>\n<meta property=\"og:url\" content=\"https:\/\/stiftadmont.at\/sl\/skulpture-in-reliefi\/\" \/>\n<meta property=\"og:site_name\" content=\"Stift Admont\" \/>\n<meta property=\"article:modified_time\" content=\"2025-02-20T11:47:26+00:00\" \/>\n<meta property=\"og:image\" content=\"https:\/\/stiftadmont.at\/wp-content\/uploads\/Klosteranlage-innen.jpg\" \/>\n\t<meta property=\"og:image:width\" content=\"1912\" \/>\n\t<meta property=\"og:image:height\" content=\"1188\" \/>\n\t<meta property=\"og:image:type\" content=\"image\/jpeg\" \/>\n<meta name=\"twitter:card\" content=\"summary_large_image\" \/>\n<script type=\"application\/ld+json\" class=\"yoast-schema-graph\">{\"@context\":\"https:\/\/schema.org\",\"@graph\":[{\"@type\":\"WebPage\",\"@id\":\"https:\/\/stiftadmont.at\/skulpturen-und-reliefs\/\",\"url\":\"https:\/\/stiftadmont.at\/skulpturen-und-reliefs\/\",\"name\":\"Skulpturen und Reliefs - Stift Admont\",\"isPartOf\":{\"@id\":\"https:\/\/stiftadmont.at\/#website\"},\"datePublished\":\"2022-06-09T11:45:21+00:00\",\"dateModified\":\"2025-02-20T11:47:26+00:00\",\"breadcrumb\":{\"@id\":\"https:\/\/stiftadmont.at\/skulpturen-und-reliefs\/#breadcrumb\"},\"inLanguage\":\"sl-SI\",\"potentialAction\":[{\"@type\":\"ReadAction\",\"target\":[\"https:\/\/stiftadmont.at\/skulpturen-und-reliefs\/\"]}]},{\"@type\":\"BreadcrumbList\",\"@id\":\"https:\/\/stiftadmont.at\/skulpturen-und-reliefs\/#breadcrumb\",\"itemListElement\":[{\"@type\":\"ListItem\",\"position\":1,\"name\":\"Start\",\"item\":\"https:\/\/stiftadmont.at\/\"},{\"@type\":\"ListItem\",\"position\":2,\"name\":\"Skulpturen und Reliefs\"}]},{\"@type\":\"WebSite\",\"@id\":\"https:\/\/stiftadmont.at\/#website\",\"url\":\"https:\/\/stiftadmont.at\/\",\"name\":\"Stift Admont\",\"description\":\"Benediktinerkloster und Sehensw\u00fcrdigkeit im Ges\u00e4use\",\"potentialAction\":[{\"@type\":\"SearchAction\",\"target\":{\"@type\":\"EntryPoint\",\"urlTemplate\":\"https:\/\/stiftadmont.at\/?s={search_term_string}\"},\"query-input\":{\"@type\":\"PropertyValueSpecification\",\"valueRequired\":true,\"valueName\":\"search_term_string\"}}],\"inLanguage\":\"sl-SI\"}]}<\/script>\n<!-- \/ Yoast SEO Premium plugin. -->","yoast_head_json":{"title":"Kipi in reliefi - opatija Admont","robots":{"index":"index","follow":"follow","max-snippet":"max-snippet:-1","max-image-preview":"max-image-preview:large","max-video-preview":"max-video-preview:-1"},"canonical":"https:\/\/stiftadmont.at\/sl\/skulpture-in-reliefi\/","og_locale":"sl_SI","og_type":"article","og_title":"Skulpturen und Reliefs","og_url":"https:\/\/stiftadmont.at\/sl\/skulpture-in-reliefi\/","og_site_name":"Stift Admont","article_modified_time":"2025-02-20T11:47:26+00:00","og_image":[{"width":1912,"height":1188,"url":"https:\/\/stiftadmont.at\/wp-content\/uploads\/Klosteranlage-innen.jpg","type":"image\/jpeg"}],"twitter_card":"summary_large_image","schema":{"@context":"https:\/\/schema.org","@graph":[{"@type":"WebPage","@id":"https:\/\/stiftadmont.at\/skulpturen-und-reliefs\/","url":"https:\/\/stiftadmont.at\/skulpturen-und-reliefs\/","name":"Kipi in reliefi - opatija Admont","isPartOf":{"@id":"https:\/\/stiftadmont.at\/#website"},"datePublished":"2022-06-09T11:45:21+00:00","dateModified":"2025-02-20T11:47:26+00:00","breadcrumb":{"@id":"https:\/\/stiftadmont.at\/skulpturen-und-reliefs\/#breadcrumb"},"inLanguage":"sl-SI","potentialAction":[{"@type":"ReadAction","target":["https:\/\/stiftadmont.at\/skulpturen-und-reliefs\/"]}]},{"@type":"BreadcrumbList","@id":"https:\/\/stiftadmont.at\/skulpturen-und-reliefs\/#breadcrumb","itemListElement":[{"@type":"ListItem","position":1,"name":"Start","item":"https:\/\/stiftadmont.at\/"},{"@type":"ListItem","position":2,"name":"Skulpturen und Reliefs"}]},{"@type":"WebSite","@id":"https:\/\/stiftadmont.at\/#website","url":"https:\/\/stiftadmont.at\/","name":"Opatija Admont","description":"Benediktinski samostan in turisti\u010dna znamenitost v Ges\u00e4use","potentialAction":[{"@type":"SearchAction","target":{"@type":"EntryPoint","urlTemplate":"https:\/\/stiftadmont.at\/?s={search_term_string}"},"query-input":{"@type":"PropertyValueSpecification","valueRequired":true,"valueName":"search_term_string"}}],"inLanguage":"sl-SI"}]}},"_links":{"self":[{"href":"https:\/\/stiftadmont.at\/sl\/wp-json\/wp\/v2\/pages\/12881","targetHints":{"allow":["GET"]}}],"collection":[{"href":"https:\/\/stiftadmont.at\/sl\/wp-json\/wp\/v2\/pages"}],"about":[{"href":"https:\/\/stiftadmont.at\/sl\/wp-json\/wp\/v2\/types\/page"}],"author":[{"embeddable":true,"href":"https:\/\/stiftadmont.at\/sl\/wp-json\/wp\/v2\/users\/7"}],"replies":[{"embeddable":true,"href":"https:\/\/stiftadmont.at\/sl\/wp-json\/wp\/v2\/comments?post=12881"}],"version-history":[{"count":15,"href":"https:\/\/stiftadmont.at\/sl\/wp-json\/wp\/v2\/pages\/12881\/revisions"}],"predecessor-version":[{"id":33076,"href":"https:\/\/stiftadmont.at\/sl\/wp-json\/wp\/v2\/pages\/12881\/revisions\/33076"}],"wp:attachment":[{"href":"https:\/\/stiftadmont.at\/sl\/wp-json\/wp\/v2\/media?parent=12881"}],"wp:term":[{"taxonomy":"category","embeddable":true,"href":"https:\/\/stiftadmont.at\/sl\/wp-json\/wp\/v2\/categories?post=12881"}],"curies":[{"name":"wp","href":"https:\/\/api.w.org\/{rel}","templated":true}]}}