{"id":17276,"date":"2023-03-17T16:53:04","date_gmt":"2023-03-17T14:53:04","guid":{"rendered":"https:\/\/stiftadmont.at\/?page_id=17276"},"modified":"2026-01-12T12:27:00","modified_gmt":"2026-01-12T10:27:00","slug":"heribert-friedl-umetniska-intervencija-2023","status":"publish","type":"page","link":"https:\/\/stiftadmont.at\/sl\/museum\/ausstellungsrueckblick\/heribert-friedl-kuenstlerische-intervention-2023\/","title":{"rendered":"Heribert Friedl - Umetni\u0161ka intervencija 2023"},"content":{"rendered":"<section id='lightpress__section--block_985b0f4faf0609efc1809b2c15cff84f' class='lightpress__section--default-section-space lightpress__section lightpress__section--content'><div class=\"content__inner\"\n         x-init=\"initContentBlockAnim($el)\">\n        \n    <div class=\"content__grid content__grid\">\n                                            <div class=\"content__box content__box--one-hundred\"\n                 style=\"\">\n                                \n                \n                                            <div class=\"prose\"><h2 class=\"heading-xxl line line--gold text-center\">Heribert Friedl<\/h2>\n<h6 class=\"heading-s text-center\">Umetni\u0161ko posredovanje<br \/>v Umetnostnozgodovinskem muzeju<\/h6>\n<p class=\"text-center\">odprt od 01. aprila do 01. novembra 2023<\/p>\n<\/div>\n                    \n                            <\/div>\n        \n            <\/div>\n<\/div>\n\n<\/section>\n\n<section id='lightpress__section--block_54098f1d566e80a26c1b8443492c19d8' class='lightpress__section--default-section-space lightpress__section lightpress__section--content'><div class=\"content__inner\"\n         x-init=\"initContentBlockAnim($el)\">\n        \n    <div class=\"content__grid content__grid\">\n                                            <div class=\"content__box content__box--one-hundred\"\n                 style=\"\">\n                                \n                \n                                            <div class=\"prose\"><p class=\"paragraph-m\">Od leta 2003 <a href=\"https:\/\/stiftadmont.at\/sl\/museen\/umetnostnozgodovinski-muzej\/\">Muzej umetnostne zgodovine<\/a> prostor za umetni\u0161ko posredovanje. Prostor resonan\u010dnih odnosov, dialoga: svetega s profanim, preteklosti s sedanjostjo. Preobrazbe in procesi. Ta prostor je leta 2022 zasnoval Heribert Friedl!<\/p>\n<p class=\"paragraph-m\">Doslej povabljeni umetniki in ustvarjalci so nas vedno znova presenetili s svojimi neverjetno ve\u010dplastnimi in kompleksnimi umetni\u0161kimi re\u0161itvami, ki se nana\u0161ajo na opatijo Admont kot kraj duhovnosti, kot kraj tako raznolikih zbirk; na knji\u017enico, arhive in skoraj 950 let star kulturni spomin. To sobo je leta 2022 zasnoval Heribert Friedl. Postavitev je sestavljena iz li\u010dno predstavljenih kosov obla\u010dil v obliki arhiva, ki jih je nosila to\u010dno dolo\u010dena ljubljena oseba. Sprva vas bo morda razjezilo, da ste v okviru umetnostnozgodovinskega muzeja naleteli na nekaj tako banalnega. Kaj je to? Kratek pogled nazaj na Friedlov umetni\u0161ki razvoj ponuja klju\u010d za njegovo razumevanje. Di\u0161ave in njihovi u\u010dinki so \u017ee dolgo v sredi\u0161\u010du zanimanja Heriberta Friedla. Velik del njegovega dela sestavljajo site-specific instalacije ali efemerne arhitekture, ki se ukvarjajo z izrazom \"nevizualni objekti\" (ta izraz uporablja za svoje delo od leta 1996). V njih di\u0161ave delujejo kot nosilci vsebine. To pot je Friedl ubral tudi v prej\u0161njih letih v opatiji Admont.<\/p>\n<p class=\"paragraph-m\">Leta 2007 je med ve\u010dletno fazo obnove knji\u017enice v opatiji Admont z nevidnim vonjem premazal belo podporno plo\u0161\u010do na odru. Vonj kadila se je spro\u0161\u010dal z aktivnim drgnjenjem. Tako kot pri \u0161tevilnih svojih postavitvah se Heribert Friedl ni ukvarjal z vizualno specifikacijo. Del dela so bile tudi di\u0161e\u010de kartice, povezane z baro\u010dno samostansko knji\u017enico. Skupaj s kartico je bil vzet tudi del\u010dek izvirnika. Leta 2008 je Heribert Friedl v okviru razstave na temo \"knji\u017enica\" v Muzeju sodobne umetnosti ustvaril knji\u017enico di\u0161av, ki jo sestavlja 100 di\u0161av - \u010de ho\u010dete, arhiv di\u0161av. Leta 2012 je za Admontovo posebno zbirko \"<a href=\"https:\/\/stiftadmont.at\/sl\/muzej\/pregled-razstave\/izven-vidnega-polja\/\">Onkraj vida - umetnost povezuje slepe in vide\u010de<\/a>\" je ustvaril delo: Iz perforiranih bakrenih cevi, iz katerih meh oddaja vonj, ki se \u0161iri po prostoru kot nevidna efemerna skulptura, je izdelal vidno di\u0161e\u010do spiralo.<\/p>\n<\/div>\n                    \n                            <\/div>\n        \n            <\/div>\n<\/div>\n\n<\/section>\n\n<section id='lightpress__section--block_d52993c148b8a37512070a50a087e92f' class='lightpress__section--default-section-space lightpress__section lightpress__section--content'><div class=\"content__inner\"\n         x-init=\"initContentBlockAnim($el)\">\n        \n    <div class=\"content__grid content__grid--fifty-fifty\">\n                                            <div class=\"content__box content__box\"\n                 style=\"\">\n                                \n                \n                                        <div class=\"content__media stickyTo\" x-init=\"imageSticky($el)\">\n\n                                                                                                <picture\n                                class=\"content__image sticky image-overlay\">\n                            <source srcset=\"https:\/\/stiftadmont.at\/wp-content\/uploads\/Friedl-677x1024_www.jpg\"\n                                    type=\"image\/webp\">\n                            <source srcset=\"https:\/\/stiftadmont.at\/wp-content\/uploads\/Friedl-677x1024_www.jpg\"\n                                    type=\"image\/jpeg\">\n                            <img decoding=\"async\" loading=\"lazy\" src=\"https:\/\/stiftadmont.at\/wp-content\/uploads\/Friedl-677x1024_www.jpg\" alt=\"Friedl 677x1024 www\" width=\"600\" height=\"450\" \/>\n                                                                                                            <\/picture>\n\n                    <\/div>\n\n                            <\/div>\n        \n                                                    <div class=\"content__box content__box--2\"\n                     >\n                                        \n                    \n                                                    <div class=\"prose\"><h6 class=\"heading-s text-center\">Heribert Friedl<br \/>*1969 v Feldbachu na \u0160tajerskem<br \/>\u017eivi in dela na Dunaju<\/h6>\n<p class=\"paragraph-m text-center\">Portret priljubljene osebe <br \/>v svetu in zunaj njega.<\/p>\n<p class=\"paragraph-m text-center\">Razli\u010dna obla\u010dila, \u010devlji, kravate,<br \/>Nogavice, med drugim, namestitev, 2022<\/p>\n<\/div>\n                        \n                                    <\/div>\n            \n            <\/div>\n<\/div>\n\n<\/section>\n\n<section id='lightpress__section--block_3709ce691766e9f17602f7fd3eebb526' class='lightpress__section--default-section-space lightpress__section lightpress__section--content'><div class=\"content__inner\"\n         x-init=\"initContentBlockAnim($el)\">\n        \n    <div class=\"content__grid content__grid\">\n                                            <div class=\"content__box content__box--one-hundred\"\n                 style=\"\">\n                                \n                \n                                            <div class=\"prose\"><p class=\"paragraph-m\">V umetnosti Heriberta Friedla, ki se osredoto\u010da na \u010dutilno zaznavanje, so vizualni momenti \u010dim bolj izpu\u0161\u010deni. Pri pri\u010dujo\u010di postavitvi torej ne gre za ploskovno zaznavanje obla\u010dil samih. Gre za osebo, ki ga je neko\u010d nosila. Gre za ljubljeno osebo, ki je po smrti fizi\u010dno ni ve\u010d med nami. Gre za to, kaj je od te osebe ostalo. Gre za odsotnost, za spomine - med drugim jih spro\u017eijo di\u0161ave -, ki so se vpisali v ta obla\u010dila. Gre za to, kar individualno \"za\u010dutimo\" v predmete, v umetni\u0161ka dela - vsako druga\u010de, odvisno od posameznika. Gre za nevidne mikrodelce, ki so pre\u0161li vanje. Za \u010dlove\u0161ko oko so nevidni, za forenzi\u010dne znanstvenike pa so kozmos par excellence. Gre za ljubezen, \u017ealovanje, odpu\u0161\u010danje, \"vanitas\" in \"memento mori\". Kon\u010dno pa gre za tola\u017ebo, upanje in dejstvo, da ni ni\u010d samo zato, ker tega ne vidi\u0161. In o tem, da tisto, kar je vidno, pogosto zastira tisto, kar je resni\u010dno pomembno, kar je dejansko vredno zaznati.<\/p>\n<p class=\"paragraph-m\">Tudi Heribert Friedl govori o vonju \u010dasa, ki je v teh stvareh na\u0161el svoj izraz. V dialogu s korejsko-nem\u0161kim filozofom, kulturologom in pisateljem Byung-Chul Hanom pravi: \"Zgodovina, ki jo stvari pridobijo z dolgoletno uporabo, jih o\u017eivlja, da postanejo 'stvari srca'. Ne le neposredni vizualni vtis, ki morda odra\u017ea dolo\u010den \u010das, temve\u010d tudi nevidne stvari, ki jih je mogo\u010de za\u010dutiti, ustvarjajo 'kozmos srca'.<\/p>\n<p class=\"paragraph-m\">Sklicevanje na muzej je bolj strukturnega zna\u010daja. Muzej kot arhiv, kot \"re\u0161itelj pred izginotjem\". Seveda se lahko sklicujemo tudi na paramente.<\/p>\n<\/div>\n                    \n                            <\/div>\n        \n            <\/div>\n<\/div>\n\n<\/section>\n\n<section id='lightpress__section--block_0f61eee28506e933142a4e1aa78383e1' class='lightpress__section--default-section-space lightpress__section lightpress__section--content'><div class=\"content__inner\"\n         x-init=\"initContentBlockAnim($el)\">\n        \n    <div class=\"content__grid content__grid\">\n                                            <div class=\"content__box content__box--one-hundred\"\n                 style=\"\">\n                                \n                \n                                            <div class=\"prose\"><h6 class=\"heading-s text-center\">\"Dobro vidi\u0161 le s srcem.<br \/>Bistvene stvari so nevidne <br \/>za o\u010di.\" <\/h6>\n<p class=\"text-center\">(Antoine de Saint-Exup\u00e9ry)<\/p>\n<\/div>\n                    \n                            <\/div>\n        \n            <\/div>\n<\/div>\n\n<\/section>","protected":false},"excerpt":{"rendered":"","protected":false},"author":7,"featured_media":0,"parent":5864,"menu_order":58,"comment_status":"closed","ping_status":"closed","template":"","meta":{"_acf_changed":false,"footnotes":""},"categories":[73],"class_list":["post-17276","page","type-page","status-publish","hentry","category-ausstellungsrueckblick"],"acf":[],"yoast_head":"<!-- This site is optimized with the Yoast SEO Premium plugin v26.0 (Yoast SEO v26.8) - https:\/\/yoast.com\/product\/yoast-seo-premium-wordpress\/ -->\n<title>Heribert Friedl \u2013 K\u00fcnstlerische Intervention 2023 - Stift Admont<\/title>\n<meta name=\"robots\" content=\"index, follow, max-snippet:-1, max-image-preview:large, max-video-preview:-1\" \/>\n<link rel=\"canonical\" href=\"https:\/\/stiftadmont.at\/sl\/muzej\/pregled-razstave\/heribert-friedl-umetniska-intervencija-2023\/\" \/>\n<meta property=\"og:locale\" content=\"sl_SI\" \/>\n<meta property=\"og:type\" content=\"article\" \/>\n<meta property=\"og:title\" content=\"Heribert Friedl \u2013 K\u00fcnstlerische Intervention 2023\" \/>\n<meta property=\"og:url\" content=\"https:\/\/stiftadmont.at\/sl\/muzej\/pregled-razstave\/heribert-friedl-umetniska-intervencija-2023\/\" \/>\n<meta property=\"og:site_name\" content=\"Stift Admont\" \/>\n<meta property=\"article:modified_time\" content=\"2026-01-12T10:27:00+00:00\" \/>\n<meta property=\"og:image\" content=\"https:\/\/stiftadmont.at\/wp-content\/uploads\/Klosteranlage-innen.jpg\" \/>\n\t<meta property=\"og:image:width\" content=\"1912\" \/>\n\t<meta property=\"og:image:height\" content=\"1188\" \/>\n\t<meta property=\"og:image:type\" content=\"image\/jpeg\" \/>\n<meta name=\"twitter:card\" content=\"summary_large_image\" \/>\n<script type=\"application\/ld+json\" class=\"yoast-schema-graph\">{\"@context\":\"https:\/\/schema.org\",\"@graph\":[{\"@type\":\"WebPage\",\"@id\":\"https:\/\/stiftadmont.at\/museum\/ausstellungsrueckblick\/heribert-friedl-kuenstlerische-intervention-2023\/\",\"url\":\"https:\/\/stiftadmont.at\/museum\/ausstellungsrueckblick\/heribert-friedl-kuenstlerische-intervention-2023\/\",\"name\":\"Heribert Friedl \u2013 K\u00fcnstlerische Intervention 2023 - Stift Admont\",\"isPartOf\":{\"@id\":\"https:\/\/stiftadmont.at\/#website\"},\"datePublished\":\"2023-03-17T14:53:04+00:00\",\"dateModified\":\"2026-01-12T10:27:00+00:00\",\"breadcrumb\":{\"@id\":\"https:\/\/stiftadmont.at\/museum\/ausstellungsrueckblick\/heribert-friedl-kuenstlerische-intervention-2023\/#breadcrumb\"},\"inLanguage\":\"sl-SI\",\"potentialAction\":[{\"@type\":\"ReadAction\",\"target\":[\"https:\/\/stiftadmont.at\/museum\/ausstellungsrueckblick\/heribert-friedl-kuenstlerische-intervention-2023\/\"]}]},{\"@type\":\"BreadcrumbList\",\"@id\":\"https:\/\/stiftadmont.at\/museum\/ausstellungsrueckblick\/heribert-friedl-kuenstlerische-intervention-2023\/#breadcrumb\",\"itemListElement\":[{\"@type\":\"ListItem\",\"position\":1,\"name\":\"Start\",\"item\":\"https:\/\/stiftadmont.at\/\"},{\"@type\":\"ListItem\",\"position\":2,\"name\":\"Museum Stift Admont\",\"item\":\"https:\/\/stiftadmont.at\/museum\/\"},{\"@type\":\"ListItem\",\"position\":3,\"name\":\"Ausstellungsr\u00fcckblick\",\"item\":\"https:\/\/stiftadmont.at\/museum\/ausstellungsrueckblick\/\"},{\"@type\":\"ListItem\",\"position\":4,\"name\":\"Heribert Friedl \u2013 K\u00fcnstlerische Intervention 2023\"}]},{\"@type\":\"WebSite\",\"@id\":\"https:\/\/stiftadmont.at\/#website\",\"url\":\"https:\/\/stiftadmont.at\/\",\"name\":\"Stift Admont\",\"description\":\"Benediktinerkloster und Sehensw\u00fcrdigkeit im Ges\u00e4use\",\"potentialAction\":[{\"@type\":\"SearchAction\",\"target\":{\"@type\":\"EntryPoint\",\"urlTemplate\":\"https:\/\/stiftadmont.at\/?s={search_term_string}\"},\"query-input\":{\"@type\":\"PropertyValueSpecification\",\"valueRequired\":true,\"valueName\":\"search_term_string\"}}],\"inLanguage\":\"sl-SI\"}]}<\/script>\n<!-- \/ Yoast SEO Premium plugin. -->","yoast_head_json":{"title":"Heribert Friedl - Umetni\u0161ka intervencija 2023 - opatija Admont","robots":{"index":"index","follow":"follow","max-snippet":"max-snippet:-1","max-image-preview":"max-image-preview:large","max-video-preview":"max-video-preview:-1"},"canonical":"https:\/\/stiftadmont.at\/sl\/muzej\/pregled-razstave\/heribert-friedl-umetniska-intervencija-2023\/","og_locale":"sl_SI","og_type":"article","og_title":"Heribert Friedl \u2013 K\u00fcnstlerische Intervention 2023","og_url":"https:\/\/stiftadmont.at\/sl\/muzej\/pregled-razstave\/heribert-friedl-umetniska-intervencija-2023\/","og_site_name":"Stift Admont","article_modified_time":"2026-01-12T10:27:00+00:00","og_image":[{"width":1912,"height":1188,"url":"https:\/\/stiftadmont.at\/wp-content\/uploads\/Klosteranlage-innen.jpg","type":"image\/jpeg"}],"twitter_card":"summary_large_image","schema":{"@context":"https:\/\/schema.org","@graph":[{"@type":"WebPage","@id":"https:\/\/stiftadmont.at\/museum\/ausstellungsrueckblick\/heribert-friedl-kuenstlerische-intervention-2023\/","url":"https:\/\/stiftadmont.at\/museum\/ausstellungsrueckblick\/heribert-friedl-kuenstlerische-intervention-2023\/","name":"Heribert Friedl - Umetni\u0161ka intervencija 2023 - opatija Admont","isPartOf":{"@id":"https:\/\/stiftadmont.at\/#website"},"datePublished":"2023-03-17T14:53:04+00:00","dateModified":"2026-01-12T10:27:00+00:00","breadcrumb":{"@id":"https:\/\/stiftadmont.at\/museum\/ausstellungsrueckblick\/heribert-friedl-kuenstlerische-intervention-2023\/#breadcrumb"},"inLanguage":"sl-SI","potentialAction":[{"@type":"ReadAction","target":["https:\/\/stiftadmont.at\/museum\/ausstellungsrueckblick\/heribert-friedl-kuenstlerische-intervention-2023\/"]}]},{"@type":"BreadcrumbList","@id":"https:\/\/stiftadmont.at\/museum\/ausstellungsrueckblick\/heribert-friedl-kuenstlerische-intervention-2023\/#breadcrumb","itemListElement":[{"@type":"ListItem","position":1,"name":"Start","item":"https:\/\/stiftadmont.at\/"},{"@type":"ListItem","position":2,"name":"Museum Stift Admont","item":"https:\/\/stiftadmont.at\/museum\/"},{"@type":"ListItem","position":3,"name":"Ausstellungsr\u00fcckblick","item":"https:\/\/stiftadmont.at\/museum\/ausstellungsrueckblick\/"},{"@type":"ListItem","position":4,"name":"Heribert Friedl \u2013 K\u00fcnstlerische Intervention 2023"}]},{"@type":"WebSite","@id":"https:\/\/stiftadmont.at\/#website","url":"https:\/\/stiftadmont.at\/","name":"Opatija Admont","description":"Benediktinski samostan in turisti\u010dna znamenitost v Ges\u00e4use","potentialAction":[{"@type":"SearchAction","target":{"@type":"EntryPoint","urlTemplate":"https:\/\/stiftadmont.at\/?s={search_term_string}"},"query-input":{"@type":"PropertyValueSpecification","valueRequired":true,"valueName":"search_term_string"}}],"inLanguage":"sl-SI"}]}},"_links":{"self":[{"href":"https:\/\/stiftadmont.at\/sl\/wp-json\/wp\/v2\/pages\/17276","targetHints":{"allow":["GET"]}}],"collection":[{"href":"https:\/\/stiftadmont.at\/sl\/wp-json\/wp\/v2\/pages"}],"about":[{"href":"https:\/\/stiftadmont.at\/sl\/wp-json\/wp\/v2\/types\/page"}],"author":[{"embeddable":true,"href":"https:\/\/stiftadmont.at\/sl\/wp-json\/wp\/v2\/users\/7"}],"replies":[{"embeddable":true,"href":"https:\/\/stiftadmont.at\/sl\/wp-json\/wp\/v2\/comments?post=17276"}],"version-history":[{"count":25,"href":"https:\/\/stiftadmont.at\/sl\/wp-json\/wp\/v2\/pages\/17276\/revisions"}],"predecessor-version":[{"id":39064,"href":"https:\/\/stiftadmont.at\/sl\/wp-json\/wp\/v2\/pages\/17276\/revisions\/39064"}],"up":[{"embeddable":true,"href":"https:\/\/stiftadmont.at\/sl\/wp-json\/wp\/v2\/pages\/5864"}],"wp:attachment":[{"href":"https:\/\/stiftadmont.at\/sl\/wp-json\/wp\/v2\/media?parent=17276"}],"wp:term":[{"taxonomy":"category","embeddable":true,"href":"https:\/\/stiftadmont.at\/sl\/wp-json\/wp\/v2\/categories?post=17276"}],"curies":[{"name":"wp","href":"https:\/\/api.w.org\/{rel}","templated":true}]}}