{"id":19208,"date":"2023-08-02T14:44:52","date_gmt":"2023-08-02T12:44:52","guid":{"rendered":"https:\/\/stiftadmont.at\/?page_id=19208"},"modified":"2025-06-10T14:38:00","modified_gmt":"2025-06-10T12:38:00","slug":"sola-smucanja","status":"publish","type":"page","link":"https:\/\/stiftadmont.at\/sl\/familienparadies-kaiserau\/winter\/skischule\/","title":{"rendered":"Smu\u010darska \u0161ola"},"content":{"rendered":"<section id='lightpress__section--block_fe5054f0a360a645383d794dd4462052' class='align-center lightpress__section--default-section-space lightpress__section lightpress__section--headline'><div class=\"headline__container\">\n            <p class=\"headline text--40 text-medium line line--gold line-above line-middle\">Die Skischule auf der Kaiserau<\/p>\n        <p class=\"text-center text-gold text--20 text-medium text--uppercase\">Ma\u00dfgeschneiderte Pakete f\u00fcr alle K\u00f6nnerstufen<\/p>\n        <div class=\"spacer--40\"><\/div>\n<\/div>\n\n<\/section>\n\n<section id='lightpress__section--block_4f6efb17d5541dfd4b3831697486007b' class='lightpress__section--default-section-space lightpress__section lightpress__section--content'><div class=\"content__inner\"\n         x-init=\"initContentBlockAnim($el)\">\n        \n    <div class=\"content__grid content__grid\">\n                                            <div class=\"content__box content__box--one-hundred\"\n                 style=\"\">\n                                \n                \n                                            <div class=\"prose\"><p class=\"paragraph-m\">Die <strong>Ges\u00e4use Skischule<\/strong> bietet f\u00fcr jede Altersgruppe und alle K\u00f6nnerstufen ma\u00dfgeschneiderte Pakete an.<\/p>\n<p class=\"paragraph-m\">Egal ob erste Ski- oder Snowboardversuche f\u00fcr Anf\u00e4nger, Technikunterricht zum Verbessern der Carving-Schw\u00fcnge oder Tiefschnee Genuss abseits der Piste. Die Ges\u00e4use Skischule auf der Kaiserau bietet die besten Voraussetzungen f\u00fcr den sicheren, spielerischen und schnellen Lernerfolg. Familienfreundlich, einfach &amp; \u00fcbersichtlich! In Kombination mit dem etablierten Skiverleih und der Sportalm Kaiserau ergibt sich ein perfektes Rundumangebot, das alle Bed\u00fcrfnisse abdeckt und f\u00fcr entspannte Skitage unserer kleinen und gro\u00dfen G\u00e4ste sorgt.<\/p>\n<p>\u00a0<\/p>\n<p><a class=\"admont-button admont-button--secondary\" title=\"www.berg-sport.at\" href=\"https:\/\/www.berg-sport.at\/Ges%C3%A4use_Skischule.html\" target=\"_blank\" rel=\"noopener\">www.berg-sport.at<\/a><\/p>\n<\/div>\n                    \n                            <\/div>\n        \n            <\/div>\n<\/div>\n\n<\/section>\n\n<section id='lightpress__section--block_c91b24f81b850709bd5736cfb971909f' class='lightpress__section--default-section-space lightpress__section lightpress__section--content'><div class=\"content__inner\"\n         x-init=\"initContentBlockAnim($el)\">\n        \n    <div class=\"content__grid content__grid--fifty-fifty\">\n                                            <div class=\"content__box content__box\"\n                 style=\"\">\n                                \n                \n                                            <div class=\"prose\"><h5 class=\"heading-m line line-above line--gold\">Unser Angebot<\/h5>\n<ul style=\"margin-top: 1em;\">\n<li class=\"paragraph-m\">Halbtages Kinderskikurs ab 3 Jahren<\/li>\n<li class=\"paragraph-m\">Ski- und Snowboardkurse f\u00fcr Gruppen<\/li>\n<li class=\"paragraph-m\">Privatunterricht<\/li>\n<li class=\"paragraph-m\">WC &amp; beheizter Aufenthaltsraum direkt an der Piste<\/li>\n<li class=\"paragraph-m\">Schneeschuh- &amp; Skitouren<\/li>\n<\/ul>\n<h5 class=\"heading-m\">\u00a0<\/h5>\n<h5 class=\"heading-m\" style=\"font-size: medium;\">\u00a0<\/h5>\n<p>\u00a0<\/p>\n<h6 class=\"heading-s\">\u00a0<\/h6>\n<p>\u00a0<\/p>\n<p>\u00a0<\/p>\n<p>\u00a0<\/p>\n<p class=\"paragraph-s\">\u00a0<\/p>\n<\/div>\n                    \n                            <\/div>\n        \n                                                    <div class=\"content__box content__box--2\"\n                     >\n                                        \n                    \n                                                <div class=\"content__media stickyTo\" x-init=\"imageSticky($el)\">\n\n                                                                                    <picture\n                                    class=\"content__image sticky\">\n                                <source srcset=\"https:\/\/stiftadmont.at\/wp-content\/uploads\/Kaiserau-Kaiserau-Winter-Kinderfest-2020-1024x576.webp\" type=\"image\/webp\">\n                                <source srcset=\"https:\/\/stiftadmont.at\/wp-content\/uploads\/Kaiserau-Kaiserau-Winter-Kinderfest-2020-1024x576.jpg\" type=\"image\/jpeg\">\n                                <img decoding=\"async\" class=\"sticky\" loading=\"lazy\" src=\"https:\/\/stiftadmont.at\/wp-content\/uploads\/Kaiserau-Kaiserau-Winter-Kinderfest-2020-1024x576.jpg\" alt=\"Kaiserau Kaiserau Winter Kinderfest 2020\" \/>\n\n                                                                                                                            <\/picture>\n\n                        <\/div>\n\n                                    <\/div>\n            \n            <\/div>\n<\/div>\n\n<\/section>\n\n<section id='lightpress__section--block_55710f6eccbb4b7313663ca97655c8bc' class='lightpress__section--default-section-space lightpress__section lightpress__section--image-slider'>\n<div class=\"image-slider\"\n     x-data=\"{ gallery: null, shown: false }\"\n     x-init=\"gallery = initSliderGallery([{&quot;href&quot;:&quot;https:\\\/\\\/stiftadmont.at\\\/wp-content\\\/uploads\\\/Gesaeuse-Skischule-Skikurs-Winter-1-1920x1440.jpg&quot;,&quot;type&quot;:&quot;image&quot;},{&quot;href&quot;:&quot;https:\\\/\\\/stiftadmont.at\\\/wp-content\\\/uploads\\\/Gesaeuse-Skischule-Skikurs-Winter-2-1920x1440.jpg&quot;,&quot;type&quot;:&quot;image&quot;},{&quot;href&quot;:&quot;https:\\\/\\\/stiftadmont.at\\\/wp-content\\\/uploads\\\/Gesaeuse-Skischule-Skikurs-Winter-5-1920x1440.jpg&quot;,&quot;type&quot;:&quot;image&quot;},{&quot;href&quot;:&quot;https:\\\/\\\/stiftadmont.at\\\/wp-content\\\/uploads\\\/Gesaeuse-Skischule-Skikurs-Winter-3-1920x1440.jpg&quot;,&quot;type&quot;:&quot;image&quot;},{&quot;href&quot;:&quot;https:\\\/\\\/stiftadmont.at\\\/wp-content\\\/uploads\\\/Gesaeuse-Skischule-Skikurs-Winter-4.jpg&quot;,&quot;type&quot;:&quot;image&quot;}]); initImageSliderBlockAnim($el);\">\n    <div class=\"image-slider__inner\">\n\n        <div class=\"swiper-container\" x-init=\"initImageSliderBlock($el, $refs.btnPrev, $refs.btnNext)\">\n            <div class=\"swiper-wrapper\">\n                                    <div class=\"swiper-slide\">\n                        <div class=\"image-slider__media\">\n                            <img decoding=\"async\" class=\"image-slider__image\"\n                                 src=\"https:\/\/stiftadmont.at\/wp-content\/uploads\/Gesaeuse-Skischule-Skikurs-Winter-1-768x576.jpg\"\n                                 alt=\"Ges\u00e4use Skischule   Skikurs Winter 1\">\n                        <\/div>\n                    <\/div>\n                                    <div class=\"swiper-slide\">\n                        <div class=\"image-slider__media\">\n                            <img decoding=\"async\" class=\"image-slider__image\"\n                                 src=\"https:\/\/stiftadmont.at\/wp-content\/uploads\/Gesaeuse-Skischule-Skikurs-Winter-2-768x576.jpg\"\n                                 alt=\"Ges\u00e4use Skischule   Skikurs Winter 2\">\n                        <\/div>\n                    <\/div>\n                                    <div class=\"swiper-slide\">\n                        <div class=\"image-slider__media\">\n                            <img decoding=\"async\" class=\"image-slider__image\"\n                                 src=\"https:\/\/stiftadmont.at\/wp-content\/uploads\/Gesaeuse-Skischule-Skikurs-Winter-5-768x576.jpg\"\n                                 alt=\"Ges\u00e4use Skischule   Skikurs Winter 5\">\n                        <\/div>\n                    <\/div>\n                                    <div class=\"swiper-slide\">\n                        <div class=\"image-slider__media\">\n                            <img decoding=\"async\" class=\"image-slider__image\"\n                                 src=\"https:\/\/stiftadmont.at\/wp-content\/uploads\/Gesaeuse-Skischule-Skikurs-Winter-3-768x576.jpg\"\n                                 alt=\"Ges\u00e4use Skischule   Skikurs Winter 3\">\n                        <\/div>\n                    <\/div>\n                                    <div class=\"swiper-slide\">\n                        <div class=\"image-slider__media\">\n                            <img decoding=\"async\" class=\"image-slider__image\"\n                                 src=\"https:\/\/stiftadmont.at\/wp-content\/uploads\/Gesaeuse-Skischule-Skikurs-Winter-4-768x576.jpg\"\n                                 alt=\"Ges\u00e4use Skischule   Skikurs Winter 4\">\n                        <\/div>\n                    <\/div>\n                            <\/div>\n\n            <div class=\"swiper-nav-wrapper\">\n                <button class=\"swiper-button-prev slider-button--prev\" x-ref=\"btnPrev\"\n                        aria-label=\"Vorige Bilder anzeigen\">\n                    <img decoding=\"async\" src=\"\/wp-content\/themes\/stift-admont\/src\/assets\/img\/arrow-left-big-new.svg\" alt=\"Pfeil nach Links\">\n                <\/button>\n\n\n                <a class=\"image-slider__gallery\" @click=\"openGallery(gallery)\"><i class=\"fa-thin fa-plus\"><\/i><\/a>\n                <button class=\"swiper-button-next slider-button--next\"\n                        x-ref=\"btnNext\"\n                        aria-label=\"N\u00e4chste Bilder anzeigen\">\n                    <img decoding=\"async\" src=\"\/wp-content\/themes\/stift-admont\/src\/assets\/img\/arrow-right-big-new.svg\" alt=\"Pfeil nach Rechts\">\n                <\/button>\n            <\/div>\n        <\/div>\n    <\/div>\n\n\n<\/div><\/section>\n\n<section id='lightpress__section--block_91d0d848161ef91f4e1ed01f3ef4ec9d' class='lightpress__section--default-section-space lightpress__section lightpress__section--content'><div class=\"content__inner\"\n         x-init=\"initContentBlockAnim($el)\">\n        \n    <div class=\"content__grid content__grid\">\n                                            <div class=\"content__box content__box--one-hundred\"\n                 style=\"\">\n                                \n                \n                                            <div class=\"prose\"><h5 class=\"heading-m line line-above line--gold\">Kontakt<\/h5>\n<p>\u00a0<\/p>\n<p>\u00a0<\/p>\n<p>Ges\u00e4use Skischule<\/p>\n<p>Brugger Patrick<\/p>\n<p>Krumau 94<\/p>\n<p>8911 Admont<\/p>\n<p>\u00a0<\/p>\n<p><a class=\"phone\" href=\"tel:+4366493093083\"><span class=\"icon-outer\"><i class=\"fa-light fa-phone\"><\/i><\/span>+43 (0) 664\/930 930 83<\/a><\/p>\n<p>\u00a0<\/p>\n<p><a class=\"email\" href=\"mailto:skischule@berg-sport.at\"><span class=\"icon-outer\"><i class=\"fa-light fa-envelope\"><\/i><\/span>skischule@berg-sport.at<\/a><\/p>\n<p>\u00a0<\/p>\n<p><a class=\"email\" href=\"facebook.com\/gesaeuseskischule\" target=\"_blank\" rel=\"noopener\"><span class=\"icon-outer\"><i class=\"fa-brands fa-facebook-f\"><\/i><\/span>facebook.com\/gesaeuseskischule<\/a><\/p>\n<p>\u00a0<\/p>\n<p>\u00a0<\/p>\n<p>Bergsportschule Brugger \u2013 Brugger Patrick<\/p>\n<p>Ardning 289<\/p>\n<p>8904 Ardning<\/p>\n<p>\u00a0<\/p>\n<p><a class=\"phone\" href=\"tel:+436509799266\"><span class=\"icon-outer\"><i class=\"fa-light fa-phone\"><\/i><\/span>+43 (0) 650\/979 92 66<\/a><\/p>\n<p>\u00a0<\/p>\n<p><a class=\"email\" href=\"facebook.com\/bergsportschule\" target=\"_blank\" rel=\"noopener\"><span class=\"icon-outer\"><i class=\"fa-brands fa-facebook-f\"><\/i><\/span>facebook.com\/bergsportschule<\/a><\/p>\n<\/div>\n                    \n                            <\/div>\n        \n            <\/div>\n<\/div>\n\n<\/section>","protected":false},"excerpt":{"rendered":"","protected":false},"author":19,"featured_media":0,"parent":19040,"menu_order":65,"comment_status":"closed","ping_status":"closed","template":"","meta":{"_acf_changed":false,"footnotes":""},"categories":[],"class_list":["post-19208","page","type-page","status-publish","hentry"],"acf":[],"yoast_head":"<!-- This site is optimized with the Yoast SEO Premium plugin v26.0 (Yoast SEO v26.8) - https:\/\/yoast.com\/product\/yoast-seo-premium-wordpress\/ -->\n<title>Skischule - Stift Admont<\/title>\n<meta name=\"robots\" content=\"index, follow, max-snippet:-1, max-image-preview:large, max-video-preview:-1\" \/>\n<link rel=\"canonical\" href=\"https:\/\/stiftadmont.at\/sl\/druzinski-raj-kaiserau\/zima\/sola-smucanja\/\" \/>\n<meta property=\"og:locale\" content=\"sl_SI\" \/>\n<meta property=\"og:type\" content=\"article\" \/>\n<meta property=\"og:title\" content=\"Skischule\" \/>\n<meta property=\"og:url\" content=\"https:\/\/stiftadmont.at\/sl\/druzinski-raj-kaiserau\/zima\/sola-smucanja\/\" \/>\n<meta property=\"og:site_name\" content=\"Stift Admont\" \/>\n<meta property=\"article:modified_time\" content=\"2025-06-10T12:38:00+00:00\" \/>\n<meta property=\"og:image\" content=\"https:\/\/stiftadmont.at\/wp-content\/uploads\/Klosteranlage-innen.jpg\" \/>\n\t<meta property=\"og:image:width\" content=\"1912\" \/>\n\t<meta property=\"og:image:height\" content=\"1188\" \/>\n\t<meta property=\"og:image:type\" content=\"image\/jpeg\" \/>\n<meta name=\"twitter:card\" content=\"summary_large_image\" \/>\n<script type=\"application\/ld+json\" class=\"yoast-schema-graph\">{\"@context\":\"https:\/\/schema.org\",\"@graph\":[{\"@type\":\"WebPage\",\"@id\":\"https:\/\/stiftadmont.at\/familienparadies-kaiserau\/winter\/skischule\/\",\"url\":\"https:\/\/stiftadmont.at\/familienparadies-kaiserau\/winter\/skischule\/\",\"name\":\"Skischule - Stift Admont\",\"isPartOf\":{\"@id\":\"https:\/\/stiftadmont.at\/#website\"},\"datePublished\":\"2023-08-02T12:44:52+00:00\",\"dateModified\":\"2025-06-10T12:38:00+00:00\",\"breadcrumb\":{\"@id\":\"https:\/\/stiftadmont.at\/familienparadies-kaiserau\/winter\/skischule\/#breadcrumb\"},\"inLanguage\":\"sl-SI\",\"potentialAction\":[{\"@type\":\"ReadAction\",\"target\":[\"https:\/\/stiftadmont.at\/familienparadies-kaiserau\/winter\/skischule\/\"]}]},{\"@type\":\"BreadcrumbList\",\"@id\":\"https:\/\/stiftadmont.at\/familienparadies-kaiserau\/winter\/skischule\/#breadcrumb\",\"itemListElement\":[{\"@type\":\"ListItem\",\"position\":1,\"name\":\"Start\",\"item\":\"https:\/\/stiftadmont.at\/\"},{\"@type\":\"ListItem\",\"position\":2,\"name\":\"Familienparadies Kaiserau\",\"item\":\"https:\/\/stiftadmont.at\/familienparadies-kaiserau\/\"},{\"@type\":\"ListItem\",\"position\":3,\"name\":\"Winter auf der Kaiserau\",\"item\":\"https:\/\/stiftadmont.at\/familienparadies-kaiserau\/winter\/\"},{\"@type\":\"ListItem\",\"position\":4,\"name\":\"Skischule\"}]},{\"@type\":\"WebSite\",\"@id\":\"https:\/\/stiftadmont.at\/#website\",\"url\":\"https:\/\/stiftadmont.at\/\",\"name\":\"Stift Admont\",\"description\":\"Benediktinerkloster und Sehensw\u00fcrdigkeit im Ges\u00e4use\",\"potentialAction\":[{\"@type\":\"SearchAction\",\"target\":{\"@type\":\"EntryPoint\",\"urlTemplate\":\"https:\/\/stiftadmont.at\/?s={search_term_string}\"},\"query-input\":{\"@type\":\"PropertyValueSpecification\",\"valueRequired\":true,\"valueName\":\"search_term_string\"}}],\"inLanguage\":\"sl-SI\"}]}<\/script>\n<!-- \/ Yoast SEO Premium plugin. -->","yoast_head_json":{"title":"\u0160ola smu\u010danja - Admont Abbey","robots":{"index":"index","follow":"follow","max-snippet":"max-snippet:-1","max-image-preview":"max-image-preview:large","max-video-preview":"max-video-preview:-1"},"canonical":"https:\/\/stiftadmont.at\/sl\/druzinski-raj-kaiserau\/zima\/sola-smucanja\/","og_locale":"sl_SI","og_type":"article","og_title":"Skischule","og_url":"https:\/\/stiftadmont.at\/sl\/druzinski-raj-kaiserau\/zima\/sola-smucanja\/","og_site_name":"Stift Admont","article_modified_time":"2025-06-10T12:38:00+00:00","og_image":[{"width":1912,"height":1188,"url":"https:\/\/stiftadmont.at\/wp-content\/uploads\/Klosteranlage-innen.jpg","type":"image\/jpeg"}],"twitter_card":"summary_large_image","schema":{"@context":"https:\/\/schema.org","@graph":[{"@type":"WebPage","@id":"https:\/\/stiftadmont.at\/familienparadies-kaiserau\/winter\/skischule\/","url":"https:\/\/stiftadmont.at\/familienparadies-kaiserau\/winter\/skischule\/","name":"\u0160ola smu\u010danja - Admont Abbey","isPartOf":{"@id":"https:\/\/stiftadmont.at\/#website"},"datePublished":"2023-08-02T12:44:52+00:00","dateModified":"2025-06-10T12:38:00+00:00","breadcrumb":{"@id":"https:\/\/stiftadmont.at\/familienparadies-kaiserau\/winter\/skischule\/#breadcrumb"},"inLanguage":"sl-SI","potentialAction":[{"@type":"ReadAction","target":["https:\/\/stiftadmont.at\/familienparadies-kaiserau\/winter\/skischule\/"]}]},{"@type":"BreadcrumbList","@id":"https:\/\/stiftadmont.at\/familienparadies-kaiserau\/winter\/skischule\/#breadcrumb","itemListElement":[{"@type":"ListItem","position":1,"name":"Start","item":"https:\/\/stiftadmont.at\/"},{"@type":"ListItem","position":2,"name":"Familienparadies Kaiserau","item":"https:\/\/stiftadmont.at\/familienparadies-kaiserau\/"},{"@type":"ListItem","position":3,"name":"Winter auf der Kaiserau","item":"https:\/\/stiftadmont.at\/familienparadies-kaiserau\/winter\/"},{"@type":"ListItem","position":4,"name":"Skischule"}]},{"@type":"WebSite","@id":"https:\/\/stiftadmont.at\/#website","url":"https:\/\/stiftadmont.at\/","name":"Opatija Admont","description":"Benediktinski samostan in turisti\u010dna znamenitost v Ges\u00e4use","potentialAction":[{"@type":"SearchAction","target":{"@type":"EntryPoint","urlTemplate":"https:\/\/stiftadmont.at\/?s={search_term_string}"},"query-input":{"@type":"PropertyValueSpecification","valueRequired":true,"valueName":"search_term_string"}}],"inLanguage":"sl-SI"}]}},"_links":{"self":[{"href":"https:\/\/stiftadmont.at\/sl\/wp-json\/wp\/v2\/pages\/19208","targetHints":{"allow":["GET"]}}],"collection":[{"href":"https:\/\/stiftadmont.at\/sl\/wp-json\/wp\/v2\/pages"}],"about":[{"href":"https:\/\/stiftadmont.at\/sl\/wp-json\/wp\/v2\/types\/page"}],"author":[{"embeddable":true,"href":"https:\/\/stiftadmont.at\/sl\/wp-json\/wp\/v2\/users\/19"}],"replies":[{"embeddable":true,"href":"https:\/\/stiftadmont.at\/sl\/wp-json\/wp\/v2\/comments?post=19208"}],"version-history":[{"count":81,"href":"https:\/\/stiftadmont.at\/sl\/wp-json\/wp\/v2\/pages\/19208\/revisions"}],"predecessor-version":[{"id":35470,"href":"https:\/\/stiftadmont.at\/sl\/wp-json\/wp\/v2\/pages\/19208\/revisions\/35470"}],"up":[{"embeddable":true,"href":"https:\/\/stiftadmont.at\/sl\/wp-json\/wp\/v2\/pages\/19040"}],"wp:attachment":[{"href":"https:\/\/stiftadmont.at\/sl\/wp-json\/wp\/v2\/media?parent=19208"}],"wp:term":[{"taxonomy":"category","embeddable":true,"href":"https:\/\/stiftadmont.at\/sl\/wp-json\/wp\/v2\/categories?post=19208"}],"curies":[{"name":"wp","href":"https:\/\/api.w.org\/{rel}","templated":true}]}}