{"id":20202,"date":"2023-09-22T10:58:32","date_gmt":"2023-09-22T08:58:32","guid":{"rendered":"https:\/\/stiftadmont.at\/?page_id=20202"},"modified":"2025-08-28T13:23:51","modified_gmt":"2025-08-28T11:23:51","slug":"cvetlicarstvo","status":"publish","type":"page","link":"https:\/\/stiftadmont.at\/sl\/stiftsgaertnerei-blumen-und-wein\/floristik\/","title":{"rendered":"Cvetje in cvetli\u010darstvo"},"content":{"rendered":"<section id='lightpress__section--block_6f9c9643ba5242fcce8a129d83d1824a' class='lightpress__section--default-section-space lightpress__section lightpress__section--content'><div class=\"content__inner\"\n         x-init=\"initContentBlockAnim($el)\">\n        \n    <div class=\"content__grid content__grid--fifty-fifty\">\n                                            <div class=\"content__box content__box\"\n                 style=\"\">\n                                \n                \n                                        <div class=\"content__media stickyTo\" x-init=\"imageSticky($el)\">\n\n                                                                                                <picture\n                                class=\"content__image sticky\">\n                            <source srcset=\"https:\/\/stiftadmont.at\/wp-content\/uploads\/Blumenhaus-Admont-1024x661.png\"\n                                    type=\"image\/webp\">\n                            <source srcset=\"https:\/\/stiftadmont.at\/wp-content\/uploads\/Blumenhaus-Admont-1024x661.png\"\n                                    type=\"image\/jpeg\">\n                            <img decoding=\"async\" loading=\"lazy\" src=\"https:\/\/stiftadmont.at\/wp-content\/uploads\/Blumenhaus-Admont-1024x661.png\" alt=\"Admont cvetli\u010darna\" width=\"600\" height=\"450\" \/>\n                                                                                                            <\/picture>\n\n                    <\/div>\n\n                            <\/div>\n        \n                                                    <div class=\"content__box content__box--2\"\n                     >\n                                        \n                    \n                                                    <div class=\"prose\"><h5 class=\"heading-m line line-above line--gold\" data-start=\"0\" data-end=\"76\"><strong data-start=\"3\" data-end=\"73\">Cvetli\u010darna v Admont Abbey - podarite lepa darila, prinesite veselje<\/strong><\/h5>\n<p data-start=\"0\" data-end=\"76\">\u00a0<\/p>\n<p data-start=\"78\" data-end=\"328\">Na\u0161a cvetli\u010darna je\u00a0<strong data-start=\"103\" data-end=\"134\">Odprto za vas vse leto<\/strong>\u00a0- v vsakem letnem \u010dasu in za vsako prilo\u017enost. Kot ljube\u010de darilo, eleganten okras ali nekaj vmes: Pri nas boste na\u0161li\u00a0<strong data-start=\"286\" data-end=\"327\">Vse, zaradi \u010desar srce cveti<\/strong>.<\/p>\n<p data-start=\"78\" data-end=\"328\">\u00a0<\/p>\n<p data-start=\"330\" data-end=\"565\"><strong data-start=\"330\" data-end=\"358\">Na\u0161a ponudba za vas:<\/strong><\/p>\n<ul>\n<li data-start=\"330\" data-end=\"565\">Sve\u017ee rezano cvetje<\/li>\n<li data-start=\"330\" data-end=\"565\">Ro\u010dno vezani \u0161opki<\/li>\n<li data-start=\"330\" data-end=\"565\">Ideje za sezonsko dekoracijo<\/li>\n<li data-start=\"330\" data-end=\"565\">Izbrana vina iz kleti\u00a0<strong data-start=\"484\" data-end=\"497\">DVERI PAX<\/strong><\/li>\n<li data-start=\"330\" data-end=\"565\">Regionalne specialitete iz\u00a0<strong data-start=\"536\" data-end=\"565\">Trgovina Admont Abbey<\/strong><\/li>\n<\/ul>\n<p>\u00a0<\/p>\n<p><strong>Pridite in se prepustite na\u0161emu navdihu - z veseljem vam bomo osebno svetovali z ob\u010dutkom za nekaj izjemnega!<\/strong><\/p>\n<p><span data-mce-type=\"bookmark\" style=\"display: inline-block; width: 0px; overflow: hidden; line-height: 0;\" class=\"mce_SELRES_start\"><\/span><\/p>\n<\/div>\n                        \n                                    <\/div>\n            \n            <\/div>\n<\/div>\n\n<\/section>\n\n<section id='lightpress__section--block_257fe92b2940d8d0c48ecb9f007c226e' class='bg--beige lightpress__section--colored-bg lightpress__section--default-section-space lightpress__section lightpress__section--content'><div class=\"content__inner\"\n         x-init=\"initContentBlockAnim($el)\">\n        \n    <div class=\"content__grid content__grid--fifty-fifty\">\n                                            <div class=\"content__box content__box\"\n                 style=\"\">\n                                \n                \n                                            <div class=\"prose\"><h5 class=\"heading-m line line-above line--gold\">Cvetli\u010darstvo iz vrtca Admont Abbey - cveto\u010di spremljevalci za va\u0161e posebne trenutke<\/h5>\n<p>\u00a0<\/p>\n<p>Ali je <strong>Poroka, krst, obletnica ali slovo <\/strong>- Na\u0161e cvetli\u010darstvo bo va\u0161emu dogodku dalo poseben \u010dar. V rastlinjakih vrtca Admont Abbey rastejo ro\u017ee, iz katerih na\u0161i cvetli\u010darji <strong>z veliko sr\u010dnosti in spretnosti ustvarjajo edinstvene \u0161opke, cvetli\u010dne aran\u017emaje, girlande in okraske.<\/strong> Sve\u017ee narezane, spretno aran\u017eirane in vedno primerne za dolo\u010deno prilo\u017enost.<\/p>\n<p>\u00a0<\/p>\n<p><strong>Po va\u0161ih \u017eeljah -\u00a0<\/strong>Cvetli\u010dno dekoracijo za mati\u010dni urad, cerkev, plesno dvorano ali poro\u010dni avto oblikujemo individualno. Vsak \u0161opek je edinstven, prilagojen va\u0161i barvni shemi in slogu.<\/p>\n<p>\u00a0<\/p>\n<p>Na\u0161a storitev za vas:<\/p>\n<p>\u2714 Personaliziran \u0161opek vzorcev za predhodno sre\u010danje<\/p>\n<p>\u2714 Okrasni elementi na izposojo<\/p>\n<p>\u2714 svetovanje in dostava neposredno na lokacijo<\/p>\n<p>\u00a0<\/p>\n<p><strong>Pustite cvetlicam, da spregovorijo - s cvetli\u010darstvom Admont, ki poskrbi za razcvet \u010dustev.<\/strong><\/p>\n<\/div>\n                    \n                            <\/div>\n        \n                                                    <div class=\"content__box content__box--2\"\n                     >\n                                        \n                    \n                                                <div class=\"content__media stickyTo\" x-init=\"imageSticky($el)\">\n\n                                                                                    <picture\n                                    class=\"content__image sticky\">\n                                <source srcset=\"https:\/\/stiftadmont.at\/wp-content\/uploads\/150-20231110-Eroeffnung-Blumenhaus-196-1024x683.webp\" type=\"image\/webp\">\n                                <source srcset=\"https:\/\/stiftadmont.at\/wp-content\/uploads\/150-20231110-Eroeffnung-Blumenhaus-196-1024x683.jpg\" type=\"image\/jpeg\">\n                                <img decoding=\"async\" class=\"sticky\" loading=\"lazy\" src=\"https:\/\/stiftadmont.at\/wp-content\/uploads\/150-20231110-Eroeffnung-Blumenhaus-196-1024x683.jpg\"\n                                     alt=\"150 20231110 Odprtje cvetli\u010darne 196\">\n\n                                                                                                                            <\/picture>\n\n                        <\/div>\n\n                                    <\/div>\n            \n            <\/div>\n<\/div>\n\n    <div class=\"background__container background__container--beige\">\n    <\/div>\n\n<\/section>\n\n<section id='lightpress__section--block_aa8e242a900a382e9f135ce66835b0b9' class='lightpress__section--more-links--950 lightpress__section--full-width lightpress__section--default-section-space lightpress__section lightpress__section--more-links'><div class=\"more\" x-init=\"initMoreLinksBlockAnim($el)\">\n            <style>\n            #lightpress__section--block_aa8e242a900a382e9f135ce66835b0b9 .more {\n                --entry-width: calc(100% \/ 4 - var(--grid-gap) * 4);\n                grid-template-columns: repeat(auto-fit, minmax(max(var(--entry-width),50rem), 1fr));\n            }\n        <\/style>\n    \n                    <a class=\"more__link\" href=\"https:\/\/stiftadmont.at\/sl\/samostanski-vrtec-cvetje-in-vino\/cvetlicarstvo\/porocno-cvetlicarstvo-2\/\">\n            <div class=\"more__media\">\n                                    <picture class=\"more__image\">\n                        <source srcset=\"https:\/\/stiftadmont.at\/wp-content\/uploads\/Hochzeitsfloristik-768x1024.webp\" type=\"image\/webp\">\n                        <source srcset=\"https:\/\/stiftadmont.at\/wp-content\/uploads\/Hochzeitsfloristik-768x1024.jpg\" type=\"image\/jpeg\">\n                        <img decoding=\"async\" loading=\"lazy\" src=\"https:\/\/stiftadmont.at\/wp-content\/uploads\/Hochzeitsfloristik-768x1024.jpg\" alt=\"Poro\u010dno cvetli\u010darstvo\" \/>\n                    <\/picture>\n                            <\/div>\n            <div class=\"more__content\">\n                <div class=\"more__title--container\">\n                                            \n                                                                            \n                        <p class=\"text-bold text-white text--serif text--26\">Poro\u010dno cvetli\u010darstvo<\/p>\n                                                            <\/div>\n                                    <div class=\"more__cta\">\n                        <i class=\"fa-thin fa-chevron-right\"><\/i>\n                    <\/div>\n                            <\/div>\n        <\/a>\n                    <a class=\"more__link\" href=\"https:\/\/stiftadmont.at\/sl\/samostanski-vrtec-cvetje-in-vino\/cvetlicarstvo\/pogrebno-cvetlicarstvo-2\/\">\n            <div class=\"more__media\">\n                                    <picture class=\"more__image\">\n                        <source srcset=\"https:\/\/stiftadmont.at\/wp-content\/uploads\/Trauerfloristik.webp\" type=\"image\/webp\">\n                        <source srcset=\"https:\/\/stiftadmont.at\/wp-content\/uploads\/Trauerfloristik.jpg\" type=\"image\/jpeg\">\n                        <img decoding=\"async\" loading=\"lazy\" src=\"https:\/\/stiftadmont.at\/wp-content\/uploads\/Trauerfloristik.jpg\" alt=\"Pogrebno cvetli\u010darstvo\" \/>\n                    <\/picture>\n                            <\/div>\n            <div class=\"more__content\">\n                <div class=\"more__title--container\">\n                                            \n                                                                            \n                        <p class=\"text-bold text-white text--serif text--26\">Pogrebno cvetli\u010darstvo<\/p>\n                                                            <\/div>\n                                    <div class=\"more__cta\">\n                        <i class=\"fa-thin fa-chevron-right\"><\/i>\n                    <\/div>\n                            <\/div>\n        <\/a>\n                    <a class=\"more__link\" href=\"https:\/\/stiftadmont.at\/sl\/samostanski-vrtec-cvetje-in-vino\/cvetlicarstvo\/dekoracija-dogodkov\/\">\n            <div class=\"more__media\">\n                                    <picture class=\"more__image\">\n                        <source srcset=\"https:\/\/stiftadmont.at\/wp-content\/uploads\/Eventdekoration_Floristik.webp\" type=\"image\/webp\">\n                        <source srcset=\"https:\/\/stiftadmont.at\/wp-content\/uploads\/Eventdekoration_Floristik.jpg\" type=\"image\/jpeg\">\n                        <img decoding=\"async\" loading=\"lazy\" src=\"https:\/\/stiftadmont.at\/wp-content\/uploads\/Eventdekoration_Floristik.jpg\" alt=\"Dekoracija dogodkov Cvetli\u010darstvo\" \/>\n                    <\/picture>\n                            <\/div>\n            <div class=\"more__content\">\n                <div class=\"more__title--container\">\n                                            \n                                                                            \n                        <p class=\"text-bold text-white text--serif text--26\">Dekoracija dogodkov<\/p>\n                                                            <\/div>\n                                    <div class=\"more__cta\">\n                        <i class=\"fa-thin fa-chevron-right\"><\/i>\n                    <\/div>\n                            <\/div>\n        <\/a>\n                    <a class=\"more__link\" href=\"https:\/\/stiftadmont.at\/sl\/samostanski-vrtec-cvetje-in-vino\/cvetlicarstvo\/dekorativni-dom\/\">\n            <div class=\"more__media\">\n                                    <picture class=\"more__image\">\n                        <source srcset=\"https:\/\/stiftadmont.at\/wp-content\/uploads\/Schmuckvolles_Zuhause_Floristik.webp\" type=\"image\/webp\">\n                        <source srcset=\"https:\/\/stiftadmont.at\/wp-content\/uploads\/Schmuckvolles_Zuhause_Floristik.jpg\" type=\"image\/jpeg\">\n                        <img decoding=\"async\" loading=\"lazy\" src=\"https:\/\/stiftadmont.at\/wp-content\/uploads\/Schmuckvolles_Zuhause_Floristik.jpg\" alt=\"Dekorativno cvetli\u010darstvo za dom\" \/>\n                    <\/picture>\n                            <\/div>\n            <div class=\"more__content\">\n                <div class=\"more__title--container\">\n                                            \n                                                                            \n                        <p class=\"text-bold text-white text--serif text--26\">Nakit domov<\/p>\n                                                            <\/div>\n                                    <div class=\"more__cta\">\n                        <i class=\"fa-thin fa-chevron-right\"><\/i>\n                    <\/div>\n                            <\/div>\n        <\/a>\n    \n<\/div>\n\n<\/section>","protected":false},"excerpt":{"rendered":"","protected":false},"author":20,"featured_media":0,"parent":515,"menu_order":0,"comment_status":"closed","ping_status":"closed","template":"","meta":{"_acf_changed":false,"footnotes":""},"categories":[],"class_list":["post-20202","page","type-page","status-publish","hentry"],"acf":[],"yoast_head":"<!-- This site is optimized with the Yoast SEO Premium plugin v26.0 (Yoast SEO v26.8) - https:\/\/yoast.com\/product\/yoast-seo-premium-wordpress\/ -->\n<title>Blumen und Floristik - Stift Admont<\/title>\n<meta name=\"robots\" content=\"index, follow, max-snippet:-1, max-image-preview:large, max-video-preview:-1\" \/>\n<link rel=\"canonical\" href=\"https:\/\/stiftadmont.at\/sl\/samostanski-vrtec-cvetje-in-vino\/cvetlicarstvo\/\" \/>\n<meta property=\"og:locale\" content=\"sl_SI\" \/>\n<meta property=\"og:type\" content=\"article\" \/>\n<meta property=\"og:title\" content=\"Blumen und Floristik\" \/>\n<meta property=\"og:url\" content=\"https:\/\/stiftadmont.at\/sl\/samostanski-vrtec-cvetje-in-vino\/cvetlicarstvo\/\" \/>\n<meta property=\"og:site_name\" content=\"Stift Admont\" \/>\n<meta property=\"article:modified_time\" content=\"2025-08-28T11:23:51+00:00\" \/>\n<meta property=\"og:image\" content=\"https:\/\/stiftadmont.at\/wp-content\/uploads\/Klosteranlage-innen.jpg\" \/>\n\t<meta property=\"og:image:width\" content=\"1912\" \/>\n\t<meta property=\"og:image:height\" content=\"1188\" \/>\n\t<meta property=\"og:image:type\" content=\"image\/jpeg\" \/>\n<meta name=\"twitter:card\" content=\"summary_large_image\" \/>\n<script type=\"application\/ld+json\" class=\"yoast-schema-graph\">{\"@context\":\"https:\/\/schema.org\",\"@graph\":[{\"@type\":\"WebPage\",\"@id\":\"https:\/\/stiftadmont.at\/stiftsgaertnerei-blumen-und-wein\/floristik\/\",\"url\":\"https:\/\/stiftadmont.at\/stiftsgaertnerei-blumen-und-wein\/floristik\/\",\"name\":\"Blumen und Floristik - Stift Admont\",\"isPartOf\":{\"@id\":\"https:\/\/stiftadmont.at\/#website\"},\"datePublished\":\"2023-09-22T08:58:32+00:00\",\"dateModified\":\"2025-08-28T11:23:51+00:00\",\"breadcrumb\":{\"@id\":\"https:\/\/stiftadmont.at\/stiftsgaertnerei-blumen-und-wein\/floristik\/#breadcrumb\"},\"inLanguage\":\"sl-SI\",\"potentialAction\":[{\"@type\":\"ReadAction\",\"target\":[\"https:\/\/stiftadmont.at\/stiftsgaertnerei-blumen-und-wein\/floristik\/\"]}]},{\"@type\":\"BreadcrumbList\",\"@id\":\"https:\/\/stiftadmont.at\/stiftsgaertnerei-blumen-und-wein\/floristik\/#breadcrumb\",\"itemListElement\":[{\"@type\":\"ListItem\",\"position\":1,\"name\":\"Start\",\"item\":\"https:\/\/stiftadmont.at\/\"},{\"@type\":\"ListItem\",\"position\":2,\"name\":\"Stiftsg\u00e4rtnerei Blumen und Wein\",\"item\":\"https:\/\/stiftadmont.at\/stiftsgaertnerei-blumen-und-wein\/\"},{\"@type\":\"ListItem\",\"position\":3,\"name\":\"Blumen und Floristik\"}]},{\"@type\":\"WebSite\",\"@id\":\"https:\/\/stiftadmont.at\/#website\",\"url\":\"https:\/\/stiftadmont.at\/\",\"name\":\"Stift Admont\",\"description\":\"Benediktinerkloster und Sehensw\u00fcrdigkeit im Ges\u00e4use\",\"potentialAction\":[{\"@type\":\"SearchAction\",\"target\":{\"@type\":\"EntryPoint\",\"urlTemplate\":\"https:\/\/stiftadmont.at\/?s={search_term_string}\"},\"query-input\":{\"@type\":\"PropertyValueSpecification\",\"valueRequired\":true,\"valueName\":\"search_term_string\"}}],\"inLanguage\":\"sl-SI\"}]}<\/script>\n<!-- \/ Yoast SEO Premium plugin. -->","yoast_head_json":{"title":"Cvetje in cvetli\u010darstvo - Admont Abbey","robots":{"index":"index","follow":"follow","max-snippet":"max-snippet:-1","max-image-preview":"max-image-preview:large","max-video-preview":"max-video-preview:-1"},"canonical":"https:\/\/stiftadmont.at\/sl\/samostanski-vrtec-cvetje-in-vino\/cvetlicarstvo\/","og_locale":"sl_SI","og_type":"article","og_title":"Blumen und Floristik","og_url":"https:\/\/stiftadmont.at\/sl\/samostanski-vrtec-cvetje-in-vino\/cvetlicarstvo\/","og_site_name":"Stift Admont","article_modified_time":"2025-08-28T11:23:51+00:00","og_image":[{"width":1912,"height":1188,"url":"https:\/\/stiftadmont.at\/wp-content\/uploads\/Klosteranlage-innen.jpg","type":"image\/jpeg"}],"twitter_card":"summary_large_image","schema":{"@context":"https:\/\/schema.org","@graph":[{"@type":"WebPage","@id":"https:\/\/stiftadmont.at\/stiftsgaertnerei-blumen-und-wein\/floristik\/","url":"https:\/\/stiftadmont.at\/stiftsgaertnerei-blumen-und-wein\/floristik\/","name":"Cvetje in cvetli\u010darstvo - Admont Abbey","isPartOf":{"@id":"https:\/\/stiftadmont.at\/#website"},"datePublished":"2023-09-22T08:58:32+00:00","dateModified":"2025-08-28T11:23:51+00:00","breadcrumb":{"@id":"https:\/\/stiftadmont.at\/stiftsgaertnerei-blumen-und-wein\/floristik\/#breadcrumb"},"inLanguage":"sl-SI","potentialAction":[{"@type":"ReadAction","target":["https:\/\/stiftadmont.at\/stiftsgaertnerei-blumen-und-wein\/floristik\/"]}]},{"@type":"BreadcrumbList","@id":"https:\/\/stiftadmont.at\/stiftsgaertnerei-blumen-und-wein\/floristik\/#breadcrumb","itemListElement":[{"@type":"ListItem","position":1,"name":"Start","item":"https:\/\/stiftadmont.at\/"},{"@type":"ListItem","position":2,"name":"Stiftsg\u00e4rtnerei Blumen und Wein","item":"https:\/\/stiftadmont.at\/stiftsgaertnerei-blumen-und-wein\/"},{"@type":"ListItem","position":3,"name":"Blumen und Floristik"}]},{"@type":"WebSite","@id":"https:\/\/stiftadmont.at\/#website","url":"https:\/\/stiftadmont.at\/","name":"Opatija Admont","description":"Benediktinski samostan in turisti\u010dna znamenitost v Ges\u00e4use","potentialAction":[{"@type":"SearchAction","target":{"@type":"EntryPoint","urlTemplate":"https:\/\/stiftadmont.at\/?s={search_term_string}"},"query-input":{"@type":"PropertyValueSpecification","valueRequired":true,"valueName":"search_term_string"}}],"inLanguage":"sl-SI"}]}},"_links":{"self":[{"href":"https:\/\/stiftadmont.at\/sl\/wp-json\/wp\/v2\/pages\/20202","targetHints":{"allow":["GET"]}}],"collection":[{"href":"https:\/\/stiftadmont.at\/sl\/wp-json\/wp\/v2\/pages"}],"about":[{"href":"https:\/\/stiftadmont.at\/sl\/wp-json\/wp\/v2\/types\/page"}],"author":[{"embeddable":true,"href":"https:\/\/stiftadmont.at\/sl\/wp-json\/wp\/v2\/users\/20"}],"replies":[{"embeddable":true,"href":"https:\/\/stiftadmont.at\/sl\/wp-json\/wp\/v2\/comments?post=20202"}],"version-history":[{"count":68,"href":"https:\/\/stiftadmont.at\/sl\/wp-json\/wp\/v2\/pages\/20202\/revisions"}],"predecessor-version":[{"id":37214,"href":"https:\/\/stiftadmont.at\/sl\/wp-json\/wp\/v2\/pages\/20202\/revisions\/37214"}],"up":[{"embeddable":true,"href":"https:\/\/stiftadmont.at\/sl\/wp-json\/wp\/v2\/pages\/515"}],"wp:attachment":[{"href":"https:\/\/stiftadmont.at\/sl\/wp-json\/wp\/v2\/media?parent=20202"}],"wp:term":[{"taxonomy":"category","embeddable":true,"href":"https:\/\/stiftadmont.at\/sl\/wp-json\/wp\/v2\/categories?post=20202"}],"curies":[{"name":"wp","href":"https:\/\/api.w.org\/{rel}","templated":true}]}}