{"id":20335,"date":"2023-09-18T11:22:58","date_gmt":"2023-09-18T09:22:58","guid":{"rendered":"https:\/\/stiftadmont.at\/?page_id=20335"},"modified":"2025-09-02T08:48:13","modified_gmt":"2025-09-02T06:48:13","slug":"parkiranje-poleti","status":"publish","type":"page","link":"https:\/\/stiftadmont.at\/sl\/familienparadies-kaiserau\/parken-und-maut\/parken-sommer\/","title":{"rendered":"Parkiri\u0161\u010de poletje"},"content":{"rendered":"<section id='lightpress__section--block_8ffc2bff8ec273c3870dbd74e8415437' class='align-center lightpress__section--default-section-space lightpress__section lightpress__section--headline'><div class=\"headline__container\">\n            <h2 class=\"headline text--40 text-medium line line--gold line-above line-middle\">Parkiranje poleti<\/h2>\n        <p class=\"text-center text-gold text--20 text-medium text--uppercase\">V poletnih mesecih je parkiri\u0161\u010de Kaiserau \u010dez dan na voljo brezpla\u010dno.<\/p>\n        <div class=\"spacer--40\"><\/div>\n<\/div>\n\n<\/section>\n\n<section id='lightpress__section--block_c18381775e6f9461a096bdd24dd0a4ca' class='lightpress__section--default-section-space lightpress__section lightpress__section--content'><div class=\"content__inner\"\n         x-init=\"initContentBlockAnim($el)\">\n        \n    <div class=\"content__grid content__grid\">\n                                            <div class=\"content__box content__box--one-hundred\"\n                 style=\"\">\n                                \n                \n                                            <div class=\"prose\"><p class=\"paragraph-m\"><span style=\"color: var(--color-black);\">od maja do oktobra<\/span><\/p>\n<ol style=\"padding-left: 2em; font-size: 16px;\">\n<li class=\"paragraph-m\">ob vstopu na parkiri\u0161\u010de pri zapornici vzemite parkirni listek.<\/li>\n<li class=\"paragraph-m\">Vo\u017enja in parkiranje<\/li>\n<li class=\"paragraph-m\">Med bivanjem hranite vstopnico za parkiri\u0161\u010de.<\/li>\n<li class=\"paragraph-m\">Parkirni listek velja tudi kot cestninski listek za vo\u017enjo po cestninski cesti. Upo\u0161tevajte trenutno veljavno <a title=\"Cestninske tarife poleti\" href=\"https:\/\/stiftadmont.at\/sl\/druzinski-raj-kaiserau\/parkiranje-in-cestnine\/cestnina-poleti\/\">Cestninske tarife poleti<\/a> (cestnino je treba pla\u010dati pred odhodom s parkiri\u0161\u010da na cestninskem avtomatu pri blagajni ali neposredno pri izhodu z debetno ali kreditno kartico)<\/li>\n<li class=\"paragraph-m\">Izstop je mogo\u010d le s pla\u010dano parkirno karto!<\/li>\n<\/ol>\n<p>\u00a0<\/p>\n<p class=\"paragraph-m paragraph-s\"><em><strong>\u010ce vozovnico za parkiri\u0161\u010de izgubite, boste na avtomatu za cestnino pri blagajni prejeli izgubljeno vozovnico (40,00 \u20ac).<\/strong><\/em><\/p>\n<p>\u00a0<\/p>\n<p>\u00a0<\/p>\n<p>\u00a0<\/p>\n<h5 class=\"heading-m line line-above line--gold\"><span style=\"color: var(--color-black);\">Parkirnine LETO<\/span><\/h5>\n<p>\u00a0<\/p>\n<ul style=\"padding-left: 2em; font-size: 16px;\">\n<li class=\"paragraph-m\">Parkirnina na parkiri\u0161\u010du Kaiserau <strong>\u010dez dan<\/strong> <strong>brezpla\u010dno<\/strong> od maja do oktobra (od 6.00 do 22.00 brezpla\u010dno)<\/li>\n<li class=\"paragraph-m\">Pristojbina za parkiranje avtomobila\/motornega kolesa <strong>2,00 \u20ac na<\/strong> <strong>za\u010dela no\u010dna ura<\/strong> (od 22:00 do 6:00)<\/li>\n<li class=\"paragraph-m\">Parkirnina za minibus\/karavan\/avtobus\/tovornjak <strong>\u20ac<\/strong> <strong>10,00 na no\u010dno uro ali njen del<\/strong> (od 22:00 do 6:00)\n<p><strong><br \/>POZOR:<\/strong> Svetlobna ovira se spro\u017ei na vi\u0161ini 2,10 m ali ve\u010d na pove\u010dani stopnji minibusa, itd....!<\/li>\n<\/ul>\n<p>\u00a0<\/p>\n<p class=\"paragraph-m paragraph-s\"><em><strong>Opombe: \u010ce vozovnico za parkiri\u0161\u010de izgubite, boste morali pla\u010dati 40,00 \u20ac za izgubo. Kampiranje in kurjenje odprtega ognja (npr. \u017eari, ognji\u0161\u010da) je prepovedano na celotnem obmo\u010dju!<\/strong><\/em><\/p>\n<p>\u00a0<\/p>\n<p>\u00a0<\/p>\n<p>\u00a0<\/p>\n<h5 class=\"heading-m line line-above line--gold\"><span style=\"color: var(--color-black);\">Pla\u010dilo<\/span><\/h5>\n<p>\u00a0<\/p>\n<ul>\n<li class=\"paragraph-m\"><strong>Pri smu\u010darski stavbi (blagajna) <\/strong>boste na\u0161li avtomatsko pla\u010dilno postajo, kjer lahko pla\u010date z gotovino ali debetno\/kreditno kartico. Pla\u010dilo je mogo\u010de od 0 do 24 ur. <span style=\"text-decoration: underline;\"><strong>Spletna stran<\/strong> <strong>Izstop mora biti opravljen v 15 minutah po opravljenem pla\u010dilu.<\/strong><\/span><\/li>\n<li class=\"paragraph-m\"><strong>Pri pregradi (izhodu) <\/strong>Brezgotovinsko pla\u010dilo je mogo\u010de le s kartico ATM \/ kreditno kartico. Pla\u010dilo pristojbin z bankomatom ali kreditno kartico je mogo\u010de na izhodu neposredno ob zapornici (od 0 do 24 ur).<\/li>\n<\/ul>\n<p>\u00a0<\/p>\n<p style=\"font-size: medium;\">\u00a0<\/p>\n<\/div>\n                    \n                            <\/div>\n        \n            <\/div>\n<\/div>\n\n<\/section>","protected":false},"excerpt":{"rendered":"","protected":false},"author":7,"featured_media":0,"parent":19221,"menu_order":0,"comment_status":"closed","ping_status":"closed","template":"","meta":{"_acf_changed":false,"footnotes":""},"categories":[],"class_list":["post-20335","page","type-page","status-publish","hentry"],"acf":[],"yoast_head":"<!-- This site is optimized with the Yoast SEO Premium plugin v26.0 (Yoast SEO v26.8) - https:\/\/yoast.com\/product\/yoast-seo-premium-wordpress\/ -->\n<title>Parken Sommer - Stift Admont<\/title>\n<meta name=\"robots\" content=\"index, follow, max-snippet:-1, max-image-preview:large, max-video-preview:-1\" \/>\n<link rel=\"canonical\" href=\"https:\/\/stiftadmont.at\/sl\/druzinski-raj-kaiserau\/parkiranje-in-cestnine\/parkiranje-poleti\/\" \/>\n<meta property=\"og:locale\" content=\"sl_SI\" \/>\n<meta property=\"og:type\" content=\"article\" \/>\n<meta property=\"og:title\" content=\"Parken Sommer\" \/>\n<meta property=\"og:url\" content=\"https:\/\/stiftadmont.at\/sl\/druzinski-raj-kaiserau\/parkiranje-in-cestnine\/parkiranje-poleti\/\" \/>\n<meta property=\"og:site_name\" content=\"Stift Admont\" \/>\n<meta property=\"article:modified_time\" content=\"2025-09-02T06:48:13+00:00\" \/>\n<meta property=\"og:image\" content=\"https:\/\/stiftadmont.at\/wp-content\/uploads\/Klosteranlage-innen.jpg\" \/>\n\t<meta property=\"og:image:width\" content=\"1912\" \/>\n\t<meta property=\"og:image:height\" content=\"1188\" \/>\n\t<meta property=\"og:image:type\" content=\"image\/jpeg\" \/>\n<meta name=\"twitter:card\" content=\"summary_large_image\" \/>\n<script type=\"application\/ld+json\" class=\"yoast-schema-graph\">{\"@context\":\"https:\/\/schema.org\",\"@graph\":[{\"@type\":\"WebPage\",\"@id\":\"https:\/\/stiftadmont.at\/familienparadies-kaiserau\/parken-und-maut\/parken-sommer\/\",\"url\":\"https:\/\/stiftadmont.at\/familienparadies-kaiserau\/parken-und-maut\/parken-sommer\/\",\"name\":\"Parken Sommer - Stift Admont\",\"isPartOf\":{\"@id\":\"https:\/\/stiftadmont.at\/#website\"},\"datePublished\":\"2023-09-18T09:22:58+00:00\",\"dateModified\":\"2025-09-02T06:48:13+00:00\",\"breadcrumb\":{\"@id\":\"https:\/\/stiftadmont.at\/familienparadies-kaiserau\/parken-und-maut\/parken-sommer\/#breadcrumb\"},\"inLanguage\":\"sl-SI\",\"potentialAction\":[{\"@type\":\"ReadAction\",\"target\":[\"https:\/\/stiftadmont.at\/familienparadies-kaiserau\/parken-und-maut\/parken-sommer\/\"]}]},{\"@type\":\"BreadcrumbList\",\"@id\":\"https:\/\/stiftadmont.at\/familienparadies-kaiserau\/parken-und-maut\/parken-sommer\/#breadcrumb\",\"itemListElement\":[{\"@type\":\"ListItem\",\"position\":1,\"name\":\"Start\",\"item\":\"https:\/\/stiftadmont.at\/\"},{\"@type\":\"ListItem\",\"position\":2,\"name\":\"Familienparadies Kaiserau\",\"item\":\"https:\/\/stiftadmont.at\/familienparadies-kaiserau\/\"},{\"@type\":\"ListItem\",\"position\":3,\"name\":\"Parken &amp; Maut\",\"item\":\"https:\/\/stiftadmont.at\/familienparadies-kaiserau\/parken-und-maut\/\"},{\"@type\":\"ListItem\",\"position\":4,\"name\":\"Parken Sommer\"}]},{\"@type\":\"WebSite\",\"@id\":\"https:\/\/stiftadmont.at\/#website\",\"url\":\"https:\/\/stiftadmont.at\/\",\"name\":\"Stift Admont\",\"description\":\"Benediktinerkloster und Sehensw\u00fcrdigkeit im Ges\u00e4use\",\"potentialAction\":[{\"@type\":\"SearchAction\",\"target\":{\"@type\":\"EntryPoint\",\"urlTemplate\":\"https:\/\/stiftadmont.at\/?s={search_term_string}\"},\"query-input\":{\"@type\":\"PropertyValueSpecification\",\"valueRequired\":true,\"valueName\":\"search_term_string\"}}],\"inLanguage\":\"sl-SI\"}]}<\/script>\n<!-- \/ Yoast SEO Premium plugin. -->","yoast_head_json":{"title":"Parkiri\u0161\u010de poletje - Admont Abbey","robots":{"index":"index","follow":"follow","max-snippet":"max-snippet:-1","max-image-preview":"max-image-preview:large","max-video-preview":"max-video-preview:-1"},"canonical":"https:\/\/stiftadmont.at\/sl\/druzinski-raj-kaiserau\/parkiranje-in-cestnine\/parkiranje-poleti\/","og_locale":"sl_SI","og_type":"article","og_title":"Parken Sommer","og_url":"https:\/\/stiftadmont.at\/sl\/druzinski-raj-kaiserau\/parkiranje-in-cestnine\/parkiranje-poleti\/","og_site_name":"Stift Admont","article_modified_time":"2025-09-02T06:48:13+00:00","og_image":[{"width":1912,"height":1188,"url":"https:\/\/stiftadmont.at\/wp-content\/uploads\/Klosteranlage-innen.jpg","type":"image\/jpeg"}],"twitter_card":"summary_large_image","schema":{"@context":"https:\/\/schema.org","@graph":[{"@type":"WebPage","@id":"https:\/\/stiftadmont.at\/familienparadies-kaiserau\/parken-und-maut\/parken-sommer\/","url":"https:\/\/stiftadmont.at\/familienparadies-kaiserau\/parken-und-maut\/parken-sommer\/","name":"Parkiri\u0161\u010de poletje - Admont Abbey","isPartOf":{"@id":"https:\/\/stiftadmont.at\/#website"},"datePublished":"2023-09-18T09:22:58+00:00","dateModified":"2025-09-02T06:48:13+00:00","breadcrumb":{"@id":"https:\/\/stiftadmont.at\/familienparadies-kaiserau\/parken-und-maut\/parken-sommer\/#breadcrumb"},"inLanguage":"sl-SI","potentialAction":[{"@type":"ReadAction","target":["https:\/\/stiftadmont.at\/familienparadies-kaiserau\/parken-und-maut\/parken-sommer\/"]}]},{"@type":"BreadcrumbList","@id":"https:\/\/stiftadmont.at\/familienparadies-kaiserau\/parken-und-maut\/parken-sommer\/#breadcrumb","itemListElement":[{"@type":"ListItem","position":1,"name":"Start","item":"https:\/\/stiftadmont.at\/"},{"@type":"ListItem","position":2,"name":"Familienparadies Kaiserau","item":"https:\/\/stiftadmont.at\/familienparadies-kaiserau\/"},{"@type":"ListItem","position":3,"name":"Parken &amp; Maut","item":"https:\/\/stiftadmont.at\/familienparadies-kaiserau\/parken-und-maut\/"},{"@type":"ListItem","position":4,"name":"Parken Sommer"}]},{"@type":"WebSite","@id":"https:\/\/stiftadmont.at\/#website","url":"https:\/\/stiftadmont.at\/","name":"Opatija Admont","description":"Benediktinski samostan in turisti\u010dna znamenitost v Ges\u00e4use","potentialAction":[{"@type":"SearchAction","target":{"@type":"EntryPoint","urlTemplate":"https:\/\/stiftadmont.at\/?s={search_term_string}"},"query-input":{"@type":"PropertyValueSpecification","valueRequired":true,"valueName":"search_term_string"}}],"inLanguage":"sl-SI"}]}},"_links":{"self":[{"href":"https:\/\/stiftadmont.at\/sl\/wp-json\/wp\/v2\/pages\/20335","targetHints":{"allow":["GET"]}}],"collection":[{"href":"https:\/\/stiftadmont.at\/sl\/wp-json\/wp\/v2\/pages"}],"about":[{"href":"https:\/\/stiftadmont.at\/sl\/wp-json\/wp\/v2\/types\/page"}],"author":[{"embeddable":true,"href":"https:\/\/stiftadmont.at\/sl\/wp-json\/wp\/v2\/users\/7"}],"replies":[{"embeddable":true,"href":"https:\/\/stiftadmont.at\/sl\/wp-json\/wp\/v2\/comments?post=20335"}],"version-history":[{"count":38,"href":"https:\/\/stiftadmont.at\/sl\/wp-json\/wp\/v2\/pages\/20335\/revisions"}],"predecessor-version":[{"id":37284,"href":"https:\/\/stiftadmont.at\/sl\/wp-json\/wp\/v2\/pages\/20335\/revisions\/37284"}],"up":[{"embeddable":true,"href":"https:\/\/stiftadmont.at\/sl\/wp-json\/wp\/v2\/pages\/19221"}],"wp:attachment":[{"href":"https:\/\/stiftadmont.at\/sl\/wp-json\/wp\/v2\/media?parent=20335"}],"wp:term":[{"taxonomy":"category","embeddable":true,"href":"https:\/\/stiftadmont.at\/sl\/wp-json\/wp\/v2\/categories?post=20335"}],"curies":[{"name":"wp","href":"https:\/\/api.w.org\/{rel}","templated":true}]}}