{"id":20339,"date":"2023-09-18T11:23:46","date_gmt":"2023-09-18T09:23:46","guid":{"rendered":"https:\/\/stiftadmont.at\/?page_id=20339"},"modified":"2026-01-05T10:49:31","modified_gmt":"2026-01-05T08:49:31","slug":"parkiranje-pozimi","status":"publish","type":"page","link":"https:\/\/stiftadmont.at\/sl\/familienparadies-kaiserau\/parken-und-maut\/parken-winter\/","title":{"rendered":"Zimsko parkiranje"},"content":{"rendered":"<section id='lightpress__section--block_00e9f62c5e7b0069d080992bdb42ac8d' class='align-center lightpress__section--default-section-space lightpress__section lightpress__section--headline'><div class=\"headline__container\">\n            <h2 class=\"headline text--40 text-medium line line--gold line-above line-middle\">Parkiranje pozimi<\/h2>\n        <p class=\"text-center text-gold text--20 text-medium text--uppercase\">V zimskih mesecih je parkiri\u0161\u010de Kaiserau pla\u010dljivo. Vendar upo\u0161tevajte izjeme.  <\/p>\n        <div class=\"spacer--40\"><\/div>\n<\/div>\n\n<\/section>\n\n<section id='lightpress__section--block_2a270ff2c36bdba2f7a7e87de320d446' class='lightpress__section--default-section-space lightpress__section lightpress__section--content'><div class=\"content__inner\"\n         x-init=\"initContentBlockAnim($el)\">\n        \n    <div class=\"content__grid content__grid\">\n                                            <div class=\"content__box content__box--one-hundred\"\n                 style=\"\">\n                                \n                \n                                            <div class=\"prose\"><p class=\"paragraph-m\"><strong>od novembra do aprila (po dogovoru)<br \/><\/strong>v sezoni in obratovalnem \u010dasu \u017ei\u010dnic Kaiserau<\/p>\n<ol style=\"padding-left: 2em; font-size: 16px;\">\n<li class=\"paragraph-m\">Pri vhodu vzemite parkirni listek<\/li>\n<li class=\"paragraph-m\">Vo\u017enja in parkiranje<\/li>\n<li class=\"paragraph-m\">Smu\u010darsko vozovnico kupite pri blagajni<\/li>\n<li class=\"paragraph-m\">Po dnevu smu\u010danja pri blagajni \u017ei\u010dnic potrdite svojo parkirno karto.<\/li>\n<li class=\"paragraph-m\">Raz\u0161irite<\/li>\n<\/ol>\n<h5>\u00a0<\/h5>\n<h5>POZOR: \u010ce imate smu\u010darsko vozovnico ali sezonsko vozovnico, lahko vozovnico za parkiri\u0161\u010de potrdite brezpla\u010dno. VENDAR LE V \u010cASU OBRATOVANJA \u017dI\u010cNICE.\u00a0<\/h5>\n<p>\u00a0<\/p>\n<p>\u00a0<\/p>\n<h5 class=\"heading-m line line-above line--gold\"><span style=\"color: var(--color-black);\">ZIMSKE parkirnine<\/span><\/h5>\n<p>\u00a0<\/p>\n<ul style=\"padding-left: 2em; font-size: 16px;\">\n<li class=\"paragraph-m\">Brezpla\u010dno parkiranje do 30 minut <strong>(samo med delovanjem dvigala)<\/strong><\/li>\n<li class=\"paragraph-m\">Parkirnina 2,00 \u20ac na uro ali del ure (od 6:00 do 22:00);<br \/><strong>Opomba: <\/strong>V \u010dasu med 8.00 in 17.00 velja omejitev 6,00 \u20ac skupaj.<\/li>\n<li class=\"paragraph-m\">Parkirnina 3,00 \u20ac na no\u010dno uro ali njen del (od 22:00 do 6:00)<br \/><strong>POZOR:<\/strong> Svetlobna ovira se spro\u017ei na vi\u0161ini 2,10 metra ali ve\u010d pri pove\u010dani tarifi za minibuse itd.\u00a0<\/li>\n<li class=\"paragraph-m\">Parkirnina za avtobus\/kamion\/minibus\/motorhome 5,00 \u20ac na uro ali del ure (od 7:00 do 20:00)<\/li>\n<li class=\"paragraph-m\">Parkirnina za avtobus\/kamion\/minibus\/motorhome 10,00 \u20ac na no\u010dno uro ali njen del (od 20:00 do 7:00)<\/li>\n<li class=\"paragraph-m\">\u010ce vozovnico za parkiri\u0161\u010de izgubite, je treba pla\u010dati 40,00 EUR za izgubo.<\/li>\n<\/ul>\n<p>\u00a0<\/p>\n<p>\u00a0<\/p>\n<h5 class=\"heading-m line line-above line--gold\"><span style=\"color: var(--color-black);\">Kdaj je parkiranje brezpla\u010dno?\u00a0<\/span><\/h5>\n<p>\u00a0<\/p>\n<p class=\"paragraph-m paragraph-s\"><strong>Ob nakupu veljavne smu\u010darske ali teka\u0161ke vozovnice (razen \"1 dan teka na smu\u010deh\", \"ena vo\u017enja z \u017ei\u010dnico\" in \"dnevna vozovnica za majhne otroke\") se na dan nakupa od 9:00 do 16:00 pri blagajni Kaiserau Tourismus GmbH potrdi parkirna karta, parkiranje pa je brezpla\u010dno. Ob nakupu se potrdi 1 parkirna karta (ne na smu\u010darsko vozovnico).<\/strong><\/p>\n<p>\u00a0<\/p>\n<p>\u00a0<\/p>\n<p>\u00a0<\/p>\n<h5 class=\"heading-m line line-above line--gold\"><span style=\"color: var(--color-black);\">Pla\u010dilo<\/span><\/h5>\n<p>\u00a0<\/p>\n<ul style=\"padding-left: 2em; font-size: 16px;\">\n<li class=\"paragraph-m\"><span style=\"color: var(--color-black);\">Na cestninskem avtomatu\u00a0<\/span>Pla\u010dilo z gotovino je mogo\u010de samo na cestninskem avtomatu neposredno pri blagajni (od 0 do 24 ur).<\/li>\n<li class=\"paragraph-m\"><span style=\"color: var(--color-black);\">Pri pregradi (izhodu)<\/span>\u00a0Parkirno karto prejmete pri vhodu na parkiri\u0161\u010de neposredno ob zapornici in velja na dolo\u010den dan. Pla\u010dilo opravite pri izhodu neposredno ob zapornici z bankomatom ali kreditno kartico.<\/li>\n<\/ul>\n<\/div>\n                    \n                            <\/div>\n        \n            <\/div>\n<\/div>\n\n<\/section>","protected":false},"excerpt":{"rendered":"","protected":false},"author":7,"featured_media":0,"parent":19221,"menu_order":0,"comment_status":"closed","ping_status":"closed","template":"","meta":{"_acf_changed":false,"footnotes":""},"categories":[],"class_list":["post-20339","page","type-page","status-publish","hentry"],"acf":[],"yoast_head":"<!-- This site is optimized with the Yoast SEO Premium plugin v26.0 (Yoast SEO v26.8) - https:\/\/yoast.com\/product\/yoast-seo-premium-wordpress\/ -->\n<title>Parken Winter - Stift Admont<\/title>\n<meta name=\"robots\" content=\"index, follow, max-snippet:-1, max-image-preview:large, max-video-preview:-1\" \/>\n<link rel=\"canonical\" href=\"https:\/\/stiftadmont.at\/sl\/druzinski-raj-kaiserau\/parkiranje-in-cestnine\/parkiranje-pozimi\/\" \/>\n<meta property=\"og:locale\" content=\"sl_SI\" \/>\n<meta property=\"og:type\" content=\"article\" \/>\n<meta property=\"og:title\" content=\"Parken Winter\" \/>\n<meta property=\"og:url\" content=\"https:\/\/stiftadmont.at\/sl\/druzinski-raj-kaiserau\/parkiranje-in-cestnine\/parkiranje-pozimi\/\" \/>\n<meta property=\"og:site_name\" content=\"Stift Admont\" \/>\n<meta property=\"article:modified_time\" content=\"2026-01-05T08:49:31+00:00\" \/>\n<meta property=\"og:image\" content=\"https:\/\/stiftadmont.at\/wp-content\/uploads\/Klosteranlage-innen.jpg\" \/>\n\t<meta property=\"og:image:width\" content=\"1912\" \/>\n\t<meta property=\"og:image:height\" content=\"1188\" \/>\n\t<meta property=\"og:image:type\" content=\"image\/jpeg\" \/>\n<meta name=\"twitter:card\" content=\"summary_large_image\" \/>\n<script type=\"application\/ld+json\" class=\"yoast-schema-graph\">{\"@context\":\"https:\/\/schema.org\",\"@graph\":[{\"@type\":\"WebPage\",\"@id\":\"https:\/\/stiftadmont.at\/familienparadies-kaiserau\/parken-und-maut\/parken-winter\/\",\"url\":\"https:\/\/stiftadmont.at\/familienparadies-kaiserau\/parken-und-maut\/parken-winter\/\",\"name\":\"Parken Winter - Stift Admont\",\"isPartOf\":{\"@id\":\"https:\/\/stiftadmont.at\/#website\"},\"datePublished\":\"2023-09-18T09:23:46+00:00\",\"dateModified\":\"2026-01-05T08:49:31+00:00\",\"breadcrumb\":{\"@id\":\"https:\/\/stiftadmont.at\/familienparadies-kaiserau\/parken-und-maut\/parken-winter\/#breadcrumb\"},\"inLanguage\":\"sl-SI\",\"potentialAction\":[{\"@type\":\"ReadAction\",\"target\":[\"https:\/\/stiftadmont.at\/familienparadies-kaiserau\/parken-und-maut\/parken-winter\/\"]}]},{\"@type\":\"BreadcrumbList\",\"@id\":\"https:\/\/stiftadmont.at\/familienparadies-kaiserau\/parken-und-maut\/parken-winter\/#breadcrumb\",\"itemListElement\":[{\"@type\":\"ListItem\",\"position\":1,\"name\":\"Start\",\"item\":\"https:\/\/stiftadmont.at\/\"},{\"@type\":\"ListItem\",\"position\":2,\"name\":\"Familienparadies Kaiserau\",\"item\":\"https:\/\/stiftadmont.at\/familienparadies-kaiserau\/\"},{\"@type\":\"ListItem\",\"position\":3,\"name\":\"Parken &amp; Maut\",\"item\":\"https:\/\/stiftadmont.at\/familienparadies-kaiserau\/parken-und-maut\/\"},{\"@type\":\"ListItem\",\"position\":4,\"name\":\"Parken Winter\"}]},{\"@type\":\"WebSite\",\"@id\":\"https:\/\/stiftadmont.at\/#website\",\"url\":\"https:\/\/stiftadmont.at\/\",\"name\":\"Stift Admont\",\"description\":\"Benediktinerkloster und Sehensw\u00fcrdigkeit im Ges\u00e4use\",\"potentialAction\":[{\"@type\":\"SearchAction\",\"target\":{\"@type\":\"EntryPoint\",\"urlTemplate\":\"https:\/\/stiftadmont.at\/?s={search_term_string}\"},\"query-input\":{\"@type\":\"PropertyValueSpecification\",\"valueRequired\":true,\"valueName\":\"search_term_string\"}}],\"inLanguage\":\"sl-SI\"}]}<\/script>\n<!-- \/ Yoast SEO Premium plugin. -->","yoast_head_json":{"title":"Zimsko parkiri\u0161\u010de - opatija Admont","robots":{"index":"index","follow":"follow","max-snippet":"max-snippet:-1","max-image-preview":"max-image-preview:large","max-video-preview":"max-video-preview:-1"},"canonical":"https:\/\/stiftadmont.at\/sl\/druzinski-raj-kaiserau\/parkiranje-in-cestnine\/parkiranje-pozimi\/","og_locale":"sl_SI","og_type":"article","og_title":"Parken Winter","og_url":"https:\/\/stiftadmont.at\/sl\/druzinski-raj-kaiserau\/parkiranje-in-cestnine\/parkiranje-pozimi\/","og_site_name":"Stift Admont","article_modified_time":"2026-01-05T08:49:31+00:00","og_image":[{"width":1912,"height":1188,"url":"https:\/\/stiftadmont.at\/wp-content\/uploads\/Klosteranlage-innen.jpg","type":"image\/jpeg"}],"twitter_card":"summary_large_image","schema":{"@context":"https:\/\/schema.org","@graph":[{"@type":"WebPage","@id":"https:\/\/stiftadmont.at\/familienparadies-kaiserau\/parken-und-maut\/parken-winter\/","url":"https:\/\/stiftadmont.at\/familienparadies-kaiserau\/parken-und-maut\/parken-winter\/","name":"Zimsko parkiri\u0161\u010de - opatija Admont","isPartOf":{"@id":"https:\/\/stiftadmont.at\/#website"},"datePublished":"2023-09-18T09:23:46+00:00","dateModified":"2026-01-05T08:49:31+00:00","breadcrumb":{"@id":"https:\/\/stiftadmont.at\/familienparadies-kaiserau\/parken-und-maut\/parken-winter\/#breadcrumb"},"inLanguage":"sl-SI","potentialAction":[{"@type":"ReadAction","target":["https:\/\/stiftadmont.at\/familienparadies-kaiserau\/parken-und-maut\/parken-winter\/"]}]},{"@type":"BreadcrumbList","@id":"https:\/\/stiftadmont.at\/familienparadies-kaiserau\/parken-und-maut\/parken-winter\/#breadcrumb","itemListElement":[{"@type":"ListItem","position":1,"name":"Start","item":"https:\/\/stiftadmont.at\/"},{"@type":"ListItem","position":2,"name":"Familienparadies Kaiserau","item":"https:\/\/stiftadmont.at\/familienparadies-kaiserau\/"},{"@type":"ListItem","position":3,"name":"Parken &amp; Maut","item":"https:\/\/stiftadmont.at\/familienparadies-kaiserau\/parken-und-maut\/"},{"@type":"ListItem","position":4,"name":"Parken Winter"}]},{"@type":"WebSite","@id":"https:\/\/stiftadmont.at\/#website","url":"https:\/\/stiftadmont.at\/","name":"Opatija Admont","description":"Benediktinski samostan in turisti\u010dna znamenitost v Ges\u00e4use","potentialAction":[{"@type":"SearchAction","target":{"@type":"EntryPoint","urlTemplate":"https:\/\/stiftadmont.at\/?s={search_term_string}"},"query-input":{"@type":"PropertyValueSpecification","valueRequired":true,"valueName":"search_term_string"}}],"inLanguage":"sl-SI"}]}},"_links":{"self":[{"href":"https:\/\/stiftadmont.at\/sl\/wp-json\/wp\/v2\/pages\/20339","targetHints":{"allow":["GET"]}}],"collection":[{"href":"https:\/\/stiftadmont.at\/sl\/wp-json\/wp\/v2\/pages"}],"about":[{"href":"https:\/\/stiftadmont.at\/sl\/wp-json\/wp\/v2\/types\/page"}],"author":[{"embeddable":true,"href":"https:\/\/stiftadmont.at\/sl\/wp-json\/wp\/v2\/users\/7"}],"replies":[{"embeddable":true,"href":"https:\/\/stiftadmont.at\/sl\/wp-json\/wp\/v2\/comments?post=20339"}],"version-history":[{"count":25,"href":"https:\/\/stiftadmont.at\/sl\/wp-json\/wp\/v2\/pages\/20339\/revisions"}],"predecessor-version":[{"id":38987,"href":"https:\/\/stiftadmont.at\/sl\/wp-json\/wp\/v2\/pages\/20339\/revisions\/38987"}],"up":[{"embeddable":true,"href":"https:\/\/stiftadmont.at\/sl\/wp-json\/wp\/v2\/pages\/19221"}],"wp:attachment":[{"href":"https:\/\/stiftadmont.at\/sl\/wp-json\/wp\/v2\/media?parent=20339"}],"wp:term":[{"taxonomy":"category","embeddable":true,"href":"https:\/\/stiftadmont.at\/sl\/wp-json\/wp\/v2\/categories?post=20339"}],"curies":[{"name":"wp","href":"https:\/\/api.w.org\/{rel}","templated":true}]}}