{"id":20346,"date":"2023-09-18T11:25:24","date_gmt":"2023-09-18T09:25:24","guid":{"rendered":"https:\/\/stiftadmont.at\/?page_id=20346"},"modified":"2025-09-02T08:50:58","modified_gmt":"2025-09-02T06:50:58","slug":"cestnina-poleti","status":"publish","type":"page","link":"https:\/\/stiftadmont.at\/sl\/familienparadies-kaiserau\/parken-und-maut\/maut-im-sommer\/","title":{"rendered":"Cestnina poleti"},"content":{"rendered":"<section id='lightpress__section--block_c6eb46fd5d26db2207a9698939ff8754' class='align-center lightpress__section--default-section-space lightpress__section lightpress__section--headline'><div class=\"headline__container\">\n            <p class=\"headline text--40 text-medium line line--gold line-above line-middle\">Cestnina poleti <\/p>\n        <p class=\"text-center text-gold text--20 text-medium text--uppercase\">Cestninska cesta \"Oberst-Klinke-H\u00fctte <\/p>\n        <div class=\"spacer--40\"><\/div>\n<\/div>\n\n<\/section>\n\n<section id='lightpress__section--block_d16c0757731c3d88dc2ebcaa5a626bd6' class='lightpress__section--default-section-space lightpress__section lightpress__section--content'><div class=\"content__inner\"\n         x-init=\"initContentBlockAnim($el)\">\n        \n    <div class=\"content__grid content__grid\">\n                                            <div class=\"content__box content__box--one-hundred\"\n                 style=\"\">\n                                \n                \n                                            <div class=\"prose\"><p class=\"paragraph-m\">odprt od maja do oktobra in po dogovoru.<\/p>\n<p class=\"paragraph-m\">Od parkiri\u0161\u010da Kaiserau do ko\u010de Klinkeh\u00fctte, ki je izhodi\u0161\u010de za \u0161tevilne pohode, vodi 5 km dolga pla\u010dljiva cesta. Glede na vremenske razmere je cestninsko cesto mogo\u010de uporabljati od maja do oktobra in je pla\u010dljiva (vi\u0161inska kontrola). Poleti je cestninska cesta odprta tudi za gorske kolesarje. <strong>Pozimi je cestninska cesta brez izjeme zaprta\/zaprta.<\/strong><\/p>\n<p>\u00a0<\/p>\n<p>\u00a0<\/p>\n<p>\u00a0<\/p>\n<h5 class=\"heading-m line line-above line--gold\">Cestnine<\/h5>\n<p>\u00a0<\/p>\n<p class=\"paragraph-m\">Gorsko kolo \/ e-kolo: brezpla\u010dno<br \/>Avto \/ motorno kolo: 8,00 \u20ac<br \/><strong>POZOR:<\/strong> Svetlobna ovira se spro\u017ei na vi\u0161ini 2,10 m ali ve\u010d pri pove\u010dani tarifi za minibuse itd.<br \/>Minibus \/ avtodom \/ avtobus \/ tovornjak: 40,00 \u20ac<\/p>\n<p>\u00a0<\/p>\n<p class=\"paragraph-m paragraph-s\"><strong>Opombe: Navedene cene vklju\u010dujejo uporabo cestninske ceste \"Oberst-Klinke-H\u00fctte\". Glede na vremenske razmere je cestninska cesta odprta od maja do oktobra in zaprta od novembra do aprila. Poleti blagajna ni odprta! Pla\u010dilo je mogo\u010de prek cestninskega avtomata (gotovina ali debetna\/kreditna kartica) ali na izhodu iz parkiri\u0161\u010da neposredno pri zapornici (debetna ali kreditna kartica). Bodite pozorni na ozna\u010dene informacijske table. Cene vklju\u010dujejo zakonsko dolo\u010den davek na dodano vrednost. Ob upo\u0161tevanju sprememb cen, tiskarskih in tipkarskih napak. Na celotnem obmo\u010dju je prepovedano kampiranje in kurjenje odprtega ognja (npr. \u017eari, ognji\u0161\u010da)!<\/strong><\/p>\n<p>\u00a0<\/p>\n<p><a class=\"admont-button admont-button--secondary\" title=\"Kaiserau - cestninska cesta Opombe\" href=\"https:\/\/stiftadmont.at\/wp-content\/uploads\/Kaiserau-Mautstrasse-Hinweise.pdf\" target=\"_blank\" rel=\"noopener\">Kaiserau - cestninska cesta Opombe<\/a> | <a class=\"admont-button admont-button--secondary\" title=\"Cestninska cesta Kaiserau AGB\" href=\"https:\/\/stiftadmont.at\/wp-content\/uploads\/Kaiserau-Tarife-2023-24_AGB-Mautstrasse.pdf\" target=\"_blank\" rel=\"noopener\">Kaiserau - cestninska cesta AGB<\/a><\/p>\n<\/div>\n                    \n                            <\/div>\n        \n            <\/div>\n<\/div>\n\n<\/section>","protected":false},"excerpt":{"rendered":"","protected":false},"author":7,"featured_media":0,"parent":19221,"menu_order":0,"comment_status":"closed","ping_status":"closed","template":"","meta":{"_acf_changed":false,"footnotes":""},"categories":[],"class_list":["post-20346","page","type-page","status-publish","hentry"],"acf":[],"yoast_head":"<!-- This site is optimized with the Yoast SEO Premium plugin v26.0 (Yoast SEO v26.8) - https:\/\/yoast.com\/product\/yoast-seo-premium-wordpress\/ -->\n<title>Maut im Sommer - Stift Admont<\/title>\n<meta name=\"robots\" content=\"index, follow, max-snippet:-1, max-image-preview:large, max-video-preview:-1\" \/>\n<link rel=\"canonical\" href=\"https:\/\/stiftadmont.at\/sl\/druzinski-raj-kaiserau\/parkiranje-in-cestnine\/cestnina-poleti\/\" \/>\n<meta property=\"og:locale\" content=\"sl_SI\" \/>\n<meta property=\"og:type\" content=\"article\" \/>\n<meta property=\"og:title\" content=\"Maut im Sommer\" \/>\n<meta property=\"og:url\" content=\"https:\/\/stiftadmont.at\/sl\/druzinski-raj-kaiserau\/parkiranje-in-cestnine\/cestnina-poleti\/\" \/>\n<meta property=\"og:site_name\" content=\"Stift Admont\" \/>\n<meta property=\"article:modified_time\" content=\"2025-09-02T06:50:58+00:00\" \/>\n<meta property=\"og:image\" content=\"https:\/\/stiftadmont.at\/wp-content\/uploads\/Klosteranlage-innen.jpg\" \/>\n\t<meta property=\"og:image:width\" content=\"1912\" \/>\n\t<meta property=\"og:image:height\" content=\"1188\" \/>\n\t<meta property=\"og:image:type\" content=\"image\/jpeg\" \/>\n<meta name=\"twitter:card\" content=\"summary_large_image\" \/>\n<script type=\"application\/ld+json\" class=\"yoast-schema-graph\">{\"@context\":\"https:\/\/schema.org\",\"@graph\":[{\"@type\":\"WebPage\",\"@id\":\"https:\/\/stiftadmont.at\/familienparadies-kaiserau\/parken-und-maut\/maut-im-sommer\/\",\"url\":\"https:\/\/stiftadmont.at\/familienparadies-kaiserau\/parken-und-maut\/maut-im-sommer\/\",\"name\":\"Maut im Sommer - Stift Admont\",\"isPartOf\":{\"@id\":\"https:\/\/stiftadmont.at\/#website\"},\"datePublished\":\"2023-09-18T09:25:24+00:00\",\"dateModified\":\"2025-09-02T06:50:58+00:00\",\"breadcrumb\":{\"@id\":\"https:\/\/stiftadmont.at\/familienparadies-kaiserau\/parken-und-maut\/maut-im-sommer\/#breadcrumb\"},\"inLanguage\":\"sl-SI\",\"potentialAction\":[{\"@type\":\"ReadAction\",\"target\":[\"https:\/\/stiftadmont.at\/familienparadies-kaiserau\/parken-und-maut\/maut-im-sommer\/\"]}]},{\"@type\":\"BreadcrumbList\",\"@id\":\"https:\/\/stiftadmont.at\/familienparadies-kaiserau\/parken-und-maut\/maut-im-sommer\/#breadcrumb\",\"itemListElement\":[{\"@type\":\"ListItem\",\"position\":1,\"name\":\"Start\",\"item\":\"https:\/\/stiftadmont.at\/\"},{\"@type\":\"ListItem\",\"position\":2,\"name\":\"Familienparadies Kaiserau\",\"item\":\"https:\/\/stiftadmont.at\/familienparadies-kaiserau\/\"},{\"@type\":\"ListItem\",\"position\":3,\"name\":\"Parken &amp; Maut\",\"item\":\"https:\/\/stiftadmont.at\/familienparadies-kaiserau\/parken-und-maut\/\"},{\"@type\":\"ListItem\",\"position\":4,\"name\":\"Maut im Sommer\"}]},{\"@type\":\"WebSite\",\"@id\":\"https:\/\/stiftadmont.at\/#website\",\"url\":\"https:\/\/stiftadmont.at\/\",\"name\":\"Stift Admont\",\"description\":\"Benediktinerkloster und Sehensw\u00fcrdigkeit im Ges\u00e4use\",\"potentialAction\":[{\"@type\":\"SearchAction\",\"target\":{\"@type\":\"EntryPoint\",\"urlTemplate\":\"https:\/\/stiftadmont.at\/?s={search_term_string}\"},\"query-input\":{\"@type\":\"PropertyValueSpecification\",\"valueRequired\":true,\"valueName\":\"search_term_string\"}}],\"inLanguage\":\"sl-SI\"}]}<\/script>\n<!-- \/ Yoast SEO Premium plugin. -->","yoast_head_json":{"title":"Cestnina poleti - opatija Admont","robots":{"index":"index","follow":"follow","max-snippet":"max-snippet:-1","max-image-preview":"max-image-preview:large","max-video-preview":"max-video-preview:-1"},"canonical":"https:\/\/stiftadmont.at\/sl\/druzinski-raj-kaiserau\/parkiranje-in-cestnine\/cestnina-poleti\/","og_locale":"sl_SI","og_type":"article","og_title":"Maut im Sommer","og_url":"https:\/\/stiftadmont.at\/sl\/druzinski-raj-kaiserau\/parkiranje-in-cestnine\/cestnina-poleti\/","og_site_name":"Stift Admont","article_modified_time":"2025-09-02T06:50:58+00:00","og_image":[{"width":1912,"height":1188,"url":"https:\/\/stiftadmont.at\/wp-content\/uploads\/Klosteranlage-innen.jpg","type":"image\/jpeg"}],"twitter_card":"summary_large_image","schema":{"@context":"https:\/\/schema.org","@graph":[{"@type":"WebPage","@id":"https:\/\/stiftadmont.at\/familienparadies-kaiserau\/parken-und-maut\/maut-im-sommer\/","url":"https:\/\/stiftadmont.at\/familienparadies-kaiserau\/parken-und-maut\/maut-im-sommer\/","name":"Cestnina poleti - opatija Admont","isPartOf":{"@id":"https:\/\/stiftadmont.at\/#website"},"datePublished":"2023-09-18T09:25:24+00:00","dateModified":"2025-09-02T06:50:58+00:00","breadcrumb":{"@id":"https:\/\/stiftadmont.at\/familienparadies-kaiserau\/parken-und-maut\/maut-im-sommer\/#breadcrumb"},"inLanguage":"sl-SI","potentialAction":[{"@type":"ReadAction","target":["https:\/\/stiftadmont.at\/familienparadies-kaiserau\/parken-und-maut\/maut-im-sommer\/"]}]},{"@type":"BreadcrumbList","@id":"https:\/\/stiftadmont.at\/familienparadies-kaiserau\/parken-und-maut\/maut-im-sommer\/#breadcrumb","itemListElement":[{"@type":"ListItem","position":1,"name":"Start","item":"https:\/\/stiftadmont.at\/"},{"@type":"ListItem","position":2,"name":"Familienparadies Kaiserau","item":"https:\/\/stiftadmont.at\/familienparadies-kaiserau\/"},{"@type":"ListItem","position":3,"name":"Parken &amp; Maut","item":"https:\/\/stiftadmont.at\/familienparadies-kaiserau\/parken-und-maut\/"},{"@type":"ListItem","position":4,"name":"Maut im Sommer"}]},{"@type":"WebSite","@id":"https:\/\/stiftadmont.at\/#website","url":"https:\/\/stiftadmont.at\/","name":"Opatija Admont","description":"Benediktinski samostan in turisti\u010dna znamenitost v Ges\u00e4use","potentialAction":[{"@type":"SearchAction","target":{"@type":"EntryPoint","urlTemplate":"https:\/\/stiftadmont.at\/?s={search_term_string}"},"query-input":{"@type":"PropertyValueSpecification","valueRequired":true,"valueName":"search_term_string"}}],"inLanguage":"sl-SI"}]}},"_links":{"self":[{"href":"https:\/\/stiftadmont.at\/sl\/wp-json\/wp\/v2\/pages\/20346","targetHints":{"allow":["GET"]}}],"collection":[{"href":"https:\/\/stiftadmont.at\/sl\/wp-json\/wp\/v2\/pages"}],"about":[{"href":"https:\/\/stiftadmont.at\/sl\/wp-json\/wp\/v2\/types\/page"}],"author":[{"embeddable":true,"href":"https:\/\/stiftadmont.at\/sl\/wp-json\/wp\/v2\/users\/7"}],"replies":[{"embeddable":true,"href":"https:\/\/stiftadmont.at\/sl\/wp-json\/wp\/v2\/comments?post=20346"}],"version-history":[{"count":41,"href":"https:\/\/stiftadmont.at\/sl\/wp-json\/wp\/v2\/pages\/20346\/revisions"}],"predecessor-version":[{"id":37286,"href":"https:\/\/stiftadmont.at\/sl\/wp-json\/wp\/v2\/pages\/20346\/revisions\/37286"}],"up":[{"embeddable":true,"href":"https:\/\/stiftadmont.at\/sl\/wp-json\/wp\/v2\/pages\/19221"}],"wp:attachment":[{"href":"https:\/\/stiftadmont.at\/sl\/wp-json\/wp\/v2\/media?parent=20346"}],"wp:term":[{"taxonomy":"category","embeddable":true,"href":"https:\/\/stiftadmont.at\/sl\/wp-json\/wp\/v2\/categories?post=20346"}],"curies":[{"name":"wp","href":"https:\/\/api.w.org\/{rel}","templated":true}]}}