{"id":20495,"date":"2023-09-18T13:35:21","date_gmt":"2023-09-18T11:35:21","guid":{"rendered":"https:\/\/stiftadmont.at\/?page_id=20495"},"modified":"2025-01-29T13:23:05","modified_gmt":"2025-01-29T11:23:05","slug":"balkonsko-cvetje","status":"publish","type":"page","link":"https:\/\/stiftadmont.at\/sl\/stiftsgaertnerei-blumen-und-wein\/gaertnerei\/balkonblumen\/","title":{"rendered":"Balkonsko cvetje"},"content":{"rendered":"<section id='lightpress__section--block_895191b804d7d67ae59b71bc268c32ed' class='align-center lightpress__section--default-section-space lightpress__section lightpress__section--headline'><div class=\"headline__container\">\n            <h2 class=\"headline text--40 text-medium line line--gold line-above line-middle\">Na\u0161a popolna vsestranska storitev<\/h2>\n        <p class=\"text-center text-gold text--20 text-medium text--uppercase\">sajenje, skladi\u0161\u010denje, dostava<\/p>\n        <div class=\"spacer--40\"><\/div>\n<\/div>\n\n<\/section>\n\n<section id='lightpress__section--block_dad70637d95dbafd80b2cd192c5010f1' class='lightpress__section--default-section-space lightpress__section lightpress__section--content'><div class=\"content__inner\"\n         x-init=\"initContentBlockAnim($el)\">\n        \n    <div class=\"content__grid content__grid\">\n                                            <div class=\"content__box content__box--one-hundred\"\n                 style=\"\">\n                                \n                \n                                            <div class=\"prose\"><h5 class=\"heading-m line line-above line--gold\">Sajenje in dostava balkonskih cvetli\u010dnih korit<\/h5>\n<p>\u00a0<\/p>\n<p class=\"paragraph-m\">V rastlinjakih vrtca v opatiji Admont vsako leto zraste do petdeset razli\u010dnih sort balkonskega cvetja. Na\u0161e ro\u017ee se nam zahvaljujejo za ljube\u010de gojenje s pisano paleto barv in zdravim cvetenjem.  \u0160e preden temperature dopu\u0161\u010dajo sajenje, lahko \u010drpate iz na\u0161e celotne ponudbe, medtem pa izbrano balkonsko cvetje prepustite na\u0161i oskrbi.<\/p>\n<p>\u00a0<\/p>\n<p>\u00a0<\/p>\n<h5 class=\"heading-m line line-above line--gold\">Na\u0161e celovite storitve za zasebne stranke, hotelirstvo in gostinstvo<\/h5>\n<p>\u00a0<\/p>\n<p class=\"paragraph-m\">Va\u0161i cveto\u010di balkonski okraski, ki ste jih izbrali vi in smo jih posadili v balkonske cvetli\u010dne korita, so dobro za\u0161\u010diteni pred pozno zmrzaljo v rastlinjakih drevesnice Admont Abbey. Da bi vam prihranili te\u017eave z njihovim pobiranjem, vam balkonske cvetli\u010dne zaboj\u010dke dostavimo neposredno na dom takoj, ko mine pozeba. To vsestransko storitev ponujamo zasebnim strankam ter hotelom in restavracijam.<\/p>\n<\/div>\n                    \n                            <\/div>\n        \n            <\/div>\n<\/div>\n\n<\/section>","protected":false},"excerpt":{"rendered":"","protected":false},"author":20,"featured_media":0,"parent":20245,"menu_order":0,"comment_status":"closed","ping_status":"closed","template":"","meta":{"_acf_changed":false,"footnotes":""},"categories":[],"class_list":["post-20495","page","type-page","status-publish","hentry"],"acf":[],"yoast_head":"<!-- This site is optimized with the Yoast SEO Premium plugin v26.0 (Yoast SEO v26.8) - https:\/\/yoast.com\/product\/yoast-seo-premium-wordpress\/ -->\n<title>Balkonblumen - Stift Admont<\/title>\n<meta name=\"robots\" content=\"index, follow, max-snippet:-1, max-image-preview:large, max-video-preview:-1\" \/>\n<link rel=\"canonical\" href=\"https:\/\/stiftadmont.at\/sl\/samostanski-vrtec-cvetje-in-vino\/vrtec\/balkonsko-cvetje\/\" \/>\n<meta property=\"og:locale\" content=\"sl_SI\" \/>\n<meta property=\"og:type\" content=\"article\" \/>\n<meta property=\"og:title\" content=\"Balkonblumen\" \/>\n<meta property=\"og:url\" content=\"https:\/\/stiftadmont.at\/sl\/samostanski-vrtec-cvetje-in-vino\/vrtec\/balkonsko-cvetje\/\" \/>\n<meta property=\"og:site_name\" content=\"Stift Admont\" \/>\n<meta property=\"article:modified_time\" content=\"2025-01-29T11:23:05+00:00\" \/>\n<meta property=\"og:image\" content=\"https:\/\/stiftadmont.at\/wp-content\/uploads\/Klosteranlage-innen.jpg\" \/>\n\t<meta property=\"og:image:width\" content=\"1912\" \/>\n\t<meta property=\"og:image:height\" content=\"1188\" \/>\n\t<meta property=\"og:image:type\" content=\"image\/jpeg\" \/>\n<meta name=\"twitter:card\" content=\"summary_large_image\" \/>\n<script type=\"application\/ld+json\" class=\"yoast-schema-graph\">{\"@context\":\"https:\/\/schema.org\",\"@graph\":[{\"@type\":\"WebPage\",\"@id\":\"https:\/\/stiftadmont.at\/stiftsgaertnerei-blumen-und-wein\/gaertnerei\/balkonblumen\/\",\"url\":\"https:\/\/stiftadmont.at\/stiftsgaertnerei-blumen-und-wein\/gaertnerei\/balkonblumen\/\",\"name\":\"Balkonblumen - Stift Admont\",\"isPartOf\":{\"@id\":\"https:\/\/stiftadmont.at\/#website\"},\"datePublished\":\"2023-09-18T11:35:21+00:00\",\"dateModified\":\"2025-01-29T11:23:05+00:00\",\"breadcrumb\":{\"@id\":\"https:\/\/stiftadmont.at\/stiftsgaertnerei-blumen-und-wein\/gaertnerei\/balkonblumen\/#breadcrumb\"},\"inLanguage\":\"sl-SI\",\"potentialAction\":[{\"@type\":\"ReadAction\",\"target\":[\"https:\/\/stiftadmont.at\/stiftsgaertnerei-blumen-und-wein\/gaertnerei\/balkonblumen\/\"]}]},{\"@type\":\"BreadcrumbList\",\"@id\":\"https:\/\/stiftadmont.at\/stiftsgaertnerei-blumen-und-wein\/gaertnerei\/balkonblumen\/#breadcrumb\",\"itemListElement\":[{\"@type\":\"ListItem\",\"position\":1,\"name\":\"Start\",\"item\":\"https:\/\/stiftadmont.at\/\"},{\"@type\":\"ListItem\",\"position\":2,\"name\":\"Stiftsg\u00e4rtnerei Blumen und Wein\",\"item\":\"https:\/\/stiftadmont.at\/stiftsgaertnerei-blumen-und-wein\/\"},{\"@type\":\"ListItem\",\"position\":3,\"name\":\"G\u00e4rtnerei\",\"item\":\"https:\/\/stiftadmont.at\/stiftsgaertnerei-blumen-und-wein\/gaertnerei\/\"},{\"@type\":\"ListItem\",\"position\":4,\"name\":\"Balkonblumen\"}]},{\"@type\":\"WebSite\",\"@id\":\"https:\/\/stiftadmont.at\/#website\",\"url\":\"https:\/\/stiftadmont.at\/\",\"name\":\"Stift Admont\",\"description\":\"Benediktinerkloster und Sehensw\u00fcrdigkeit im Ges\u00e4use\",\"potentialAction\":[{\"@type\":\"SearchAction\",\"target\":{\"@type\":\"EntryPoint\",\"urlTemplate\":\"https:\/\/stiftadmont.at\/?s={search_term_string}\"},\"query-input\":{\"@type\":\"PropertyValueSpecification\",\"valueRequired\":true,\"valueName\":\"search_term_string\"}}],\"inLanguage\":\"sl-SI\"}]}<\/script>\n<!-- \/ Yoast SEO Premium plugin. -->","yoast_head_json":{"title":"Balkonsko cvetje - Admont Abbey","robots":{"index":"index","follow":"follow","max-snippet":"max-snippet:-1","max-image-preview":"max-image-preview:large","max-video-preview":"max-video-preview:-1"},"canonical":"https:\/\/stiftadmont.at\/sl\/samostanski-vrtec-cvetje-in-vino\/vrtec\/balkonsko-cvetje\/","og_locale":"sl_SI","og_type":"article","og_title":"Balkonblumen","og_url":"https:\/\/stiftadmont.at\/sl\/samostanski-vrtec-cvetje-in-vino\/vrtec\/balkonsko-cvetje\/","og_site_name":"Stift Admont","article_modified_time":"2025-01-29T11:23:05+00:00","og_image":[{"width":1912,"height":1188,"url":"https:\/\/stiftadmont.at\/wp-content\/uploads\/Klosteranlage-innen.jpg","type":"image\/jpeg"}],"twitter_card":"summary_large_image","schema":{"@context":"https:\/\/schema.org","@graph":[{"@type":"WebPage","@id":"https:\/\/stiftadmont.at\/stiftsgaertnerei-blumen-und-wein\/gaertnerei\/balkonblumen\/","url":"https:\/\/stiftadmont.at\/stiftsgaertnerei-blumen-und-wein\/gaertnerei\/balkonblumen\/","name":"Balkonsko cvetje - Admont Abbey","isPartOf":{"@id":"https:\/\/stiftadmont.at\/#website"},"datePublished":"2023-09-18T11:35:21+00:00","dateModified":"2025-01-29T11:23:05+00:00","breadcrumb":{"@id":"https:\/\/stiftadmont.at\/stiftsgaertnerei-blumen-und-wein\/gaertnerei\/balkonblumen\/#breadcrumb"},"inLanguage":"sl-SI","potentialAction":[{"@type":"ReadAction","target":["https:\/\/stiftadmont.at\/stiftsgaertnerei-blumen-und-wein\/gaertnerei\/balkonblumen\/"]}]},{"@type":"BreadcrumbList","@id":"https:\/\/stiftadmont.at\/stiftsgaertnerei-blumen-und-wein\/gaertnerei\/balkonblumen\/#breadcrumb","itemListElement":[{"@type":"ListItem","position":1,"name":"Start","item":"https:\/\/stiftadmont.at\/"},{"@type":"ListItem","position":2,"name":"Stiftsg\u00e4rtnerei Blumen und Wein","item":"https:\/\/stiftadmont.at\/stiftsgaertnerei-blumen-und-wein\/"},{"@type":"ListItem","position":3,"name":"G\u00e4rtnerei","item":"https:\/\/stiftadmont.at\/stiftsgaertnerei-blumen-und-wein\/gaertnerei\/"},{"@type":"ListItem","position":4,"name":"Balkonblumen"}]},{"@type":"WebSite","@id":"https:\/\/stiftadmont.at\/#website","url":"https:\/\/stiftadmont.at\/","name":"Opatija Admont","description":"Benediktinski samostan in turisti\u010dna znamenitost v Ges\u00e4use","potentialAction":[{"@type":"SearchAction","target":{"@type":"EntryPoint","urlTemplate":"https:\/\/stiftadmont.at\/?s={search_term_string}"},"query-input":{"@type":"PropertyValueSpecification","valueRequired":true,"valueName":"search_term_string"}}],"inLanguage":"sl-SI"}]}},"_links":{"self":[{"href":"https:\/\/stiftadmont.at\/sl\/wp-json\/wp\/v2\/pages\/20495","targetHints":{"allow":["GET"]}}],"collection":[{"href":"https:\/\/stiftadmont.at\/sl\/wp-json\/wp\/v2\/pages"}],"about":[{"href":"https:\/\/stiftadmont.at\/sl\/wp-json\/wp\/v2\/types\/page"}],"author":[{"embeddable":true,"href":"https:\/\/stiftadmont.at\/sl\/wp-json\/wp\/v2\/users\/20"}],"replies":[{"embeddable":true,"href":"https:\/\/stiftadmont.at\/sl\/wp-json\/wp\/v2\/comments?post=20495"}],"version-history":[{"count":11,"href":"https:\/\/stiftadmont.at\/sl\/wp-json\/wp\/v2\/pages\/20495\/revisions"}],"predecessor-version":[{"id":32293,"href":"https:\/\/stiftadmont.at\/sl\/wp-json\/wp\/v2\/pages\/20495\/revisions\/32293"}],"up":[{"embeddable":true,"href":"https:\/\/stiftadmont.at\/sl\/wp-json\/wp\/v2\/pages\/20245"}],"wp:attachment":[{"href":"https:\/\/stiftadmont.at\/sl\/wp-json\/wp\/v2\/media?parent=20495"}],"wp:term":[{"taxonomy":"category","embeddable":true,"href":"https:\/\/stiftadmont.at\/sl\/wp-json\/wp\/v2\/categories?post=20495"}],"curies":[{"name":"wp","href":"https:\/\/api.w.org\/{rel}","templated":true}]}}