{"id":20513,"date":"2023-09-18T13:43:26","date_gmt":"2023-09-18T11:43:26","guid":{"rendered":"https:\/\/stiftadmont.at\/?page_id=20513"},"modified":"2025-01-29T13:26:08","modified_gmt":"2025-01-29T11:26:08","slug":"drevesa-grmicevje-zive-meje","status":"publish","type":"page","link":"https:\/\/stiftadmont.at\/sl\/stiftsgaertnerei-blumen-und-wein\/gaertnerei\/baeume-straeucher-hecken\/","title":{"rendered":"Drevesa, grmi\u010devje, \u017eive meje"},"content":{"rendered":"<section id='lightpress__section--block_719888a4f417ee4e51e229cb24f2e241' class='align-center lightpress__section--default-section-space lightpress__section lightpress__section--headline'><div class=\"headline__container\">\n            <h2 class=\"headline text--40 text-medium line line--gold line-above line-middle\">Avtohtone rastline za dobro rast<\/h2>\n        <p class=\"text-center text-gold text--20 text-medium text--uppercase\">Vrhunska kakovost v cvetli\u010dnem centru Admont Abbey<\/p>\n        <div class=\"spacer--40\"><\/div>\n<\/div>\n\n<\/section>\n\n<section id='lightpress__section--block_62a209d3e76b5c6117ccb278f913881c' class='lightpress__section--default-section-space lightpress__section lightpress__section--content'><div class=\"content__inner\"\n         x-init=\"initContentBlockAnim($el)\">\n        \n    <div class=\"content__grid content__grid\">\n                                            <div class=\"content__box content__box--one-hundred\"\n                 style=\"\">\n                                \n                \n                                            <div class=\"prose\"><h5 class=\"heading-m line line-above line--gold\">Pravo drevo na pravem mestu<\/h5>\n<p>\u00a0<\/p>\n<p class=\"paragraph-m\">Pri oblikovanju va\u0161ega vrta se v celoti zana\u0161amo na avtohtone drevesne vrste, ki se odli\u010dno ujemajo ne le z regionalno pokrajino, temve\u010d tudi s prevladujo\u010dim podnebjem.<\/p>\n<p class=\"paragraph-m\">Na\u0161a zavezanost regionalnosti je prebudila tudi ljubezen do starih sort sadnega drevja, zato so stare in redke sorte, kot so \"Grafensteiner\", \"Kronprinz Rudolf\" ali \"Hauszwetschke\", trdno zasidrane v na\u0161i ponudbi.<\/p>\n<p class=\"paragraph-m\">Poleg izbire prave sorte je za dobro rast klju\u010dnega pomena tudi izbira prave lokacije. Zato vam bomo neposredno na va\u0161em vrtu z veseljem svetovali, kje bo va\u0161e mlado drevo najbolje raslo.<\/p>\n<p>\u00a0<\/p>\n<p>\u00a0<\/p>\n<h5 class=\"heading-m line line-above line--gold\">Cveto\u010da hvale\u017enost trajnic in grmovnic\u00a0<\/h5>\n<p>\u00a0<\/p>\n<p class=\"paragraph-m\">\u010ce za trajnice in grmovnice dobro skrbite, bodo na va\u0161em vrtu pri\u010darale pravi barvni ognjemet. Pozorno nego popla\u010dajo s cveto\u010dim razko\u0161jem - in to ne le spomladi.<\/p>\n<p class=\"paragraph-m\">Pri izbiri trajnic in grmovnic smo pozorni na harmoni\u010dne barvne kombinacije in razli\u010dna obdobja cvetenja. Tako lahko na svojem vrtu u\u017eivate ne le v enem, temve\u010d v ve\u010d mesecih bla\u017eenosti.<\/p>\n<p>\u00a0<\/p>\n<p>\u00a0<\/p>\n<h5 class=\"heading-m line line-above line--gold\">Me\u0161ane \u017eive meje proti zeleni enotnosti<\/h5>\n<p>\u00a0<\/p>\n<p class=\"paragraph-m\">Prava \u017eiva meja za va\u0161 vrt se mora popolnoma ujemati z lokalno pokrajino in vas z gosto rastjo \u0161\u010dititi pred radovednimi pogledi. Cveto\u010de, me\u0161ane in listnate \u017eive meje izpolnjujejo te zahteve, poleg tega pa zagotavljajo barvite kontraste v va\u0161em zelenem prostoru.<\/p>\n<p class=\"paragraph-m\">Ker vsako uli\u010dno drevo ni enako odporno na mraz, su\u0161o in sol, smo pozorni na individualne pogoje va\u0161ega vrta. Tako zagotovimo, da va\u0161a \u017eiva meja ne bo le lepa, ampak tudi dolgotrajna.<\/p>\n<\/div>\n                    \n                            <\/div>\n        \n            <\/div>\n<\/div>\n\n<\/section>","protected":false},"excerpt":{"rendered":"","protected":false},"author":20,"featured_media":0,"parent":20245,"menu_order":0,"comment_status":"closed","ping_status":"closed","template":"","meta":{"_acf_changed":false,"footnotes":""},"categories":[],"class_list":["post-20513","page","type-page","status-publish","hentry"],"acf":[],"yoast_head":"<!-- This site is optimized with the Yoast SEO Premium plugin v26.0 (Yoast SEO v26.8) - https:\/\/yoast.com\/product\/yoast-seo-premium-wordpress\/ -->\n<title>B\u00e4ume, Str\u00e4ucher, Hecken - Stift Admont<\/title>\n<meta name=\"robots\" content=\"index, follow, max-snippet:-1, max-image-preview:large, max-video-preview:-1\" \/>\n<link rel=\"canonical\" href=\"https:\/\/stiftadmont.at\/sl\/samostanski-vrtec-cvetje-in-vino\/vrtec\/drevesa-grmicevje-zive-meje\/\" \/>\n<meta property=\"og:locale\" content=\"sl_SI\" \/>\n<meta property=\"og:type\" content=\"article\" \/>\n<meta property=\"og:title\" content=\"B\u00e4ume, Str\u00e4ucher, Hecken\" \/>\n<meta property=\"og:url\" content=\"https:\/\/stiftadmont.at\/sl\/samostanski-vrtec-cvetje-in-vino\/vrtec\/drevesa-grmicevje-zive-meje\/\" \/>\n<meta property=\"og:site_name\" content=\"Stift Admont\" \/>\n<meta property=\"article:modified_time\" content=\"2025-01-29T11:26:08+00:00\" \/>\n<meta property=\"og:image\" content=\"https:\/\/stiftadmont.at\/wp-content\/uploads\/Klosteranlage-innen.jpg\" \/>\n\t<meta property=\"og:image:width\" content=\"1912\" \/>\n\t<meta property=\"og:image:height\" content=\"1188\" \/>\n\t<meta property=\"og:image:type\" content=\"image\/jpeg\" \/>\n<meta name=\"twitter:card\" content=\"summary_large_image\" \/>\n<script type=\"application\/ld+json\" class=\"yoast-schema-graph\">{\"@context\":\"https:\/\/schema.org\",\"@graph\":[{\"@type\":\"WebPage\",\"@id\":\"https:\/\/stiftadmont.at\/stiftsgaertnerei-blumen-und-wein\/gaertnerei\/baeume-straeucher-hecken\/\",\"url\":\"https:\/\/stiftadmont.at\/stiftsgaertnerei-blumen-und-wein\/gaertnerei\/baeume-straeucher-hecken\/\",\"name\":\"B\u00e4ume, Str\u00e4ucher, Hecken - Stift Admont\",\"isPartOf\":{\"@id\":\"https:\/\/stiftadmont.at\/#website\"},\"datePublished\":\"2023-09-18T11:43:26+00:00\",\"dateModified\":\"2025-01-29T11:26:08+00:00\",\"breadcrumb\":{\"@id\":\"https:\/\/stiftadmont.at\/stiftsgaertnerei-blumen-und-wein\/gaertnerei\/baeume-straeucher-hecken\/#breadcrumb\"},\"inLanguage\":\"sl-SI\",\"potentialAction\":[{\"@type\":\"ReadAction\",\"target\":[\"https:\/\/stiftadmont.at\/stiftsgaertnerei-blumen-und-wein\/gaertnerei\/baeume-straeucher-hecken\/\"]}]},{\"@type\":\"BreadcrumbList\",\"@id\":\"https:\/\/stiftadmont.at\/stiftsgaertnerei-blumen-und-wein\/gaertnerei\/baeume-straeucher-hecken\/#breadcrumb\",\"itemListElement\":[{\"@type\":\"ListItem\",\"position\":1,\"name\":\"Start\",\"item\":\"https:\/\/stiftadmont.at\/\"},{\"@type\":\"ListItem\",\"position\":2,\"name\":\"Stiftsg\u00e4rtnerei Blumen und Wein\",\"item\":\"https:\/\/stiftadmont.at\/stiftsgaertnerei-blumen-und-wein\/\"},{\"@type\":\"ListItem\",\"position\":3,\"name\":\"G\u00e4rtnerei\",\"item\":\"https:\/\/stiftadmont.at\/stiftsgaertnerei-blumen-und-wein\/gaertnerei\/\"},{\"@type\":\"ListItem\",\"position\":4,\"name\":\"B\u00e4ume, Str\u00e4ucher, Hecken\"}]},{\"@type\":\"WebSite\",\"@id\":\"https:\/\/stiftadmont.at\/#website\",\"url\":\"https:\/\/stiftadmont.at\/\",\"name\":\"Stift Admont\",\"description\":\"Benediktinerkloster und Sehensw\u00fcrdigkeit im Ges\u00e4use\",\"potentialAction\":[{\"@type\":\"SearchAction\",\"target\":{\"@type\":\"EntryPoint\",\"urlTemplate\":\"https:\/\/stiftadmont.at\/?s={search_term_string}\"},\"query-input\":{\"@type\":\"PropertyValueSpecification\",\"valueRequired\":true,\"valueName\":\"search_term_string\"}}],\"inLanguage\":\"sl-SI\"}]}<\/script>\n<!-- \/ Yoast SEO Premium plugin. -->","yoast_head_json":{"title":"Drevesa, grmovnice, \u017eive meje - Admont Abbey","robots":{"index":"index","follow":"follow","max-snippet":"max-snippet:-1","max-image-preview":"max-image-preview:large","max-video-preview":"max-video-preview:-1"},"canonical":"https:\/\/stiftadmont.at\/sl\/samostanski-vrtec-cvetje-in-vino\/vrtec\/drevesa-grmicevje-zive-meje\/","og_locale":"sl_SI","og_type":"article","og_title":"B\u00e4ume, Str\u00e4ucher, Hecken","og_url":"https:\/\/stiftadmont.at\/sl\/samostanski-vrtec-cvetje-in-vino\/vrtec\/drevesa-grmicevje-zive-meje\/","og_site_name":"Stift Admont","article_modified_time":"2025-01-29T11:26:08+00:00","og_image":[{"width":1912,"height":1188,"url":"https:\/\/stiftadmont.at\/wp-content\/uploads\/Klosteranlage-innen.jpg","type":"image\/jpeg"}],"twitter_card":"summary_large_image","schema":{"@context":"https:\/\/schema.org","@graph":[{"@type":"WebPage","@id":"https:\/\/stiftadmont.at\/stiftsgaertnerei-blumen-und-wein\/gaertnerei\/baeume-straeucher-hecken\/","url":"https:\/\/stiftadmont.at\/stiftsgaertnerei-blumen-und-wein\/gaertnerei\/baeume-straeucher-hecken\/","name":"Drevesa, grmovnice, \u017eive meje - Admont Abbey","isPartOf":{"@id":"https:\/\/stiftadmont.at\/#website"},"datePublished":"2023-09-18T11:43:26+00:00","dateModified":"2025-01-29T11:26:08+00:00","breadcrumb":{"@id":"https:\/\/stiftadmont.at\/stiftsgaertnerei-blumen-und-wein\/gaertnerei\/baeume-straeucher-hecken\/#breadcrumb"},"inLanguage":"sl-SI","potentialAction":[{"@type":"ReadAction","target":["https:\/\/stiftadmont.at\/stiftsgaertnerei-blumen-und-wein\/gaertnerei\/baeume-straeucher-hecken\/"]}]},{"@type":"BreadcrumbList","@id":"https:\/\/stiftadmont.at\/stiftsgaertnerei-blumen-und-wein\/gaertnerei\/baeume-straeucher-hecken\/#breadcrumb","itemListElement":[{"@type":"ListItem","position":1,"name":"Start","item":"https:\/\/stiftadmont.at\/"},{"@type":"ListItem","position":2,"name":"Stiftsg\u00e4rtnerei Blumen und Wein","item":"https:\/\/stiftadmont.at\/stiftsgaertnerei-blumen-und-wein\/"},{"@type":"ListItem","position":3,"name":"G\u00e4rtnerei","item":"https:\/\/stiftadmont.at\/stiftsgaertnerei-blumen-und-wein\/gaertnerei\/"},{"@type":"ListItem","position":4,"name":"B\u00e4ume, Str\u00e4ucher, Hecken"}]},{"@type":"WebSite","@id":"https:\/\/stiftadmont.at\/#website","url":"https:\/\/stiftadmont.at\/","name":"Opatija Admont","description":"Benediktinski samostan in turisti\u010dna znamenitost v Ges\u00e4use","potentialAction":[{"@type":"SearchAction","target":{"@type":"EntryPoint","urlTemplate":"https:\/\/stiftadmont.at\/?s={search_term_string}"},"query-input":{"@type":"PropertyValueSpecification","valueRequired":true,"valueName":"search_term_string"}}],"inLanguage":"sl-SI"}]}},"_links":{"self":[{"href":"https:\/\/stiftadmont.at\/sl\/wp-json\/wp\/v2\/pages\/20513","targetHints":{"allow":["GET"]}}],"collection":[{"href":"https:\/\/stiftadmont.at\/sl\/wp-json\/wp\/v2\/pages"}],"about":[{"href":"https:\/\/stiftadmont.at\/sl\/wp-json\/wp\/v2\/types\/page"}],"author":[{"embeddable":true,"href":"https:\/\/stiftadmont.at\/sl\/wp-json\/wp\/v2\/users\/20"}],"replies":[{"embeddable":true,"href":"https:\/\/stiftadmont.at\/sl\/wp-json\/wp\/v2\/comments?post=20513"}],"version-history":[{"count":5,"href":"https:\/\/stiftadmont.at\/sl\/wp-json\/wp\/v2\/pages\/20513\/revisions"}],"predecessor-version":[{"id":32295,"href":"https:\/\/stiftadmont.at\/sl\/wp-json\/wp\/v2\/pages\/20513\/revisions\/32295"}],"up":[{"embeddable":true,"href":"https:\/\/stiftadmont.at\/sl\/wp-json\/wp\/v2\/pages\/20245"}],"wp:attachment":[{"href":"https:\/\/stiftadmont.at\/sl\/wp-json\/wp\/v2\/media?parent=20513"}],"wp:term":[{"taxonomy":"category","embeddable":true,"href":"https:\/\/stiftadmont.at\/sl\/wp-json\/wp\/v2\/categories?post=20513"}],"curies":[{"name":"wp","href":"https:\/\/api.w.org\/{rel}","templated":true}]}}