{"id":20517,"date":"2023-09-18T14:33:55","date_gmt":"2023-09-18T12:33:55","guid":{"rendered":"https:\/\/stiftadmont.at\/?page_id=20517"},"modified":"2025-01-29T13:28:24","modified_gmt":"2025-01-29T11:28:24","slug":"zelisca-in-sadike","status":"publish","type":"page","link":"https:\/\/stiftadmont.at\/sl\/stiftsgaertnerei-blumen-und-wein\/gaertnerei\/kraeuter-und-setzlinge\/","title":{"rendered":"Zeli\u0161\u010da in sadike"},"content":{"rendered":"<section id='lightpress__section--block_0252fd038c4143abaaa1baf171593724' class='align-center lightpress__section--default-section-space lightpress__section lightpress__section--headline'><div class=\"headline__container\">\n            <h2 class=\"headline text--40 text-medium line line--gold line-above line-middle\">Di\u0161e\u010da, zdrava sorta na va\u0161em vrtu<\/h2>\n        <p class=\"text-center text-gold text--20 text-medium text--uppercase\">Zeli\u0161\u010da in sadike iz cvetli\u010darne <\/p>\n        <div class=\"spacer--40\"><\/div>\n<\/div>\n\n<\/section>\n\n<section id='lightpress__section--block_0d34774feaa29b77d5ad5bb959e4e590' class='lightpress__section--default-section-space lightpress__section lightpress__section--content'><div class=\"content__inner\"\n         x-init=\"initContentBlockAnim($el)\">\n        \n    <div class=\"content__grid content__grid\">\n                                            <div class=\"content__box content__box--one-hundred\"\n                 style=\"\">\n                                \n                \n                                            <div class=\"prose\"><h5 class=\"heading-m line line-above line--gold\">Doma\u010da zeli\u0161\u010da in sadike<\/h5>\n<p>\u00a0<\/p>\n<p class=\"paragraph-m\">Pre\u017eenejo vro\u010dino in glavobol, delujejo antibakterijsko in pomirjujo\u010de ali spodbujajo krvni obtok - zeli\u0161\u010da imajo \u0161irok spekter u\u010dinkov na \u010dlove\u0161ko telo.\u00a0<\/p>\n<p class=\"paragraph-m\">\u010ce jih posadite na vrtu, bodo slu\u017eili kot zdravilna naravna lekarna in dodali okus va\u0161im jedem.<\/p>\n<p class=\"paragraph-m\">Na\u0161a strast do zbiranja zeli\u0161\u010d z vsega sveta vam omogo\u010da, da izbirate med obse\u017eno ponudbo. Poleg obi\u010dajnih kulinari\u010dnih zeli\u0161\u010d rastejo v rastlinjakih vrtca Admont Abbey tudi orientalske in mediteranske aromati\u010dne rastline, ki so robustne in zdrave narave.<\/p>\n<p>\u00a0<\/p>\n<p>\u00a0<\/p>\n<h5 class=\"heading-m line line-above line--gold\">Mlade rastline za doma\u010di vrt<\/h5>\n<p>\u00a0<\/p>\n<p class=\"paragraph-m\">Prve sadike \u017ee \u010dakajo, da jih pozimi posadimo v na\u0161e rastlinjake. Toda \u0161ele ko na\u0161i potomci zrastejo v mo\u010dne mlade rastline, lahko poganjajo korenine na va\u0161em vrtu.<\/p>\n<p class=\"paragraph-m\">Z veliko ljubezni in predanosti v rastlinjakih vrtca Admont Abbey gojimo \u0161tevilne sorte paradi\u017enika, paprike, kumar in solate, ki prispevajo k va\u0161i zdravi prehrani brez uporabe kemi\u010dnih pesticidov.<\/p>\n<\/div>\n                    \n                            <\/div>\n        \n            <\/div>\n<\/div>\n\n<\/section>","protected":false},"excerpt":{"rendered":"","protected":false},"author":20,"featured_media":0,"parent":20245,"menu_order":0,"comment_status":"closed","ping_status":"closed","template":"","meta":{"_acf_changed":false,"footnotes":""},"categories":[],"class_list":["post-20517","page","type-page","status-publish","hentry"],"acf":[],"yoast_head":"<!-- This site is optimized with the Yoast SEO Premium plugin v26.0 (Yoast SEO v26.8) - https:\/\/yoast.com\/product\/yoast-seo-premium-wordpress\/ -->\n<title>Kr\u00e4uter und Setzlinge - Stift Admont<\/title>\n<meta name=\"robots\" content=\"index, follow, max-snippet:-1, max-image-preview:large, max-video-preview:-1\" \/>\n<link rel=\"canonical\" href=\"https:\/\/stiftadmont.at\/sl\/samostanski-vrtec-cvetje-in-vino\/vrtec\/zelisca-in-sadike\/\" \/>\n<meta property=\"og:locale\" content=\"sl_SI\" \/>\n<meta property=\"og:type\" content=\"article\" \/>\n<meta property=\"og:title\" content=\"Kr\u00e4uter und Setzlinge\" \/>\n<meta property=\"og:url\" content=\"https:\/\/stiftadmont.at\/sl\/samostanski-vrtec-cvetje-in-vino\/vrtec\/zelisca-in-sadike\/\" \/>\n<meta property=\"og:site_name\" content=\"Stift Admont\" \/>\n<meta property=\"article:modified_time\" content=\"2025-01-29T11:28:24+00:00\" \/>\n<meta property=\"og:image\" content=\"https:\/\/stiftadmont.at\/wp-content\/uploads\/Klosteranlage-innen.jpg\" \/>\n\t<meta property=\"og:image:width\" content=\"1912\" \/>\n\t<meta property=\"og:image:height\" content=\"1188\" \/>\n\t<meta property=\"og:image:type\" content=\"image\/jpeg\" \/>\n<meta name=\"twitter:card\" content=\"summary_large_image\" \/>\n<script type=\"application\/ld+json\" class=\"yoast-schema-graph\">{\"@context\":\"https:\/\/schema.org\",\"@graph\":[{\"@type\":\"WebPage\",\"@id\":\"https:\/\/stiftadmont.at\/stiftsgaertnerei-blumen-und-wein\/gaertnerei\/kraeuter-und-setzlinge\/\",\"url\":\"https:\/\/stiftadmont.at\/stiftsgaertnerei-blumen-und-wein\/gaertnerei\/kraeuter-und-setzlinge\/\",\"name\":\"Kr\u00e4uter und Setzlinge - Stift Admont\",\"isPartOf\":{\"@id\":\"https:\/\/stiftadmont.at\/#website\"},\"datePublished\":\"2023-09-18T12:33:55+00:00\",\"dateModified\":\"2025-01-29T11:28:24+00:00\",\"breadcrumb\":{\"@id\":\"https:\/\/stiftadmont.at\/stiftsgaertnerei-blumen-und-wein\/gaertnerei\/kraeuter-und-setzlinge\/#breadcrumb\"},\"inLanguage\":\"sl-SI\",\"potentialAction\":[{\"@type\":\"ReadAction\",\"target\":[\"https:\/\/stiftadmont.at\/stiftsgaertnerei-blumen-und-wein\/gaertnerei\/kraeuter-und-setzlinge\/\"]}]},{\"@type\":\"BreadcrumbList\",\"@id\":\"https:\/\/stiftadmont.at\/stiftsgaertnerei-blumen-und-wein\/gaertnerei\/kraeuter-und-setzlinge\/#breadcrumb\",\"itemListElement\":[{\"@type\":\"ListItem\",\"position\":1,\"name\":\"Start\",\"item\":\"https:\/\/stiftadmont.at\/\"},{\"@type\":\"ListItem\",\"position\":2,\"name\":\"Stiftsg\u00e4rtnerei Blumen und Wein\",\"item\":\"https:\/\/stiftadmont.at\/stiftsgaertnerei-blumen-und-wein\/\"},{\"@type\":\"ListItem\",\"position\":3,\"name\":\"G\u00e4rtnerei\",\"item\":\"https:\/\/stiftadmont.at\/stiftsgaertnerei-blumen-und-wein\/gaertnerei\/\"},{\"@type\":\"ListItem\",\"position\":4,\"name\":\"Kr\u00e4uter und Setzlinge\"}]},{\"@type\":\"WebSite\",\"@id\":\"https:\/\/stiftadmont.at\/#website\",\"url\":\"https:\/\/stiftadmont.at\/\",\"name\":\"Stift Admont\",\"description\":\"Benediktinerkloster und Sehensw\u00fcrdigkeit im Ges\u00e4use\",\"potentialAction\":[{\"@type\":\"SearchAction\",\"target\":{\"@type\":\"EntryPoint\",\"urlTemplate\":\"https:\/\/stiftadmont.at\/?s={search_term_string}\"},\"query-input\":{\"@type\":\"PropertyValueSpecification\",\"valueRequired\":true,\"valueName\":\"search_term_string\"}}],\"inLanguage\":\"sl-SI\"}]}<\/script>\n<!-- \/ Yoast SEO Premium plugin. -->","yoast_head_json":{"title":"Zeli\u0161\u010da in sadike - Admont Abbey","robots":{"index":"index","follow":"follow","max-snippet":"max-snippet:-1","max-image-preview":"max-image-preview:large","max-video-preview":"max-video-preview:-1"},"canonical":"https:\/\/stiftadmont.at\/sl\/samostanski-vrtec-cvetje-in-vino\/vrtec\/zelisca-in-sadike\/","og_locale":"sl_SI","og_type":"article","og_title":"Kr\u00e4uter und Setzlinge","og_url":"https:\/\/stiftadmont.at\/sl\/samostanski-vrtec-cvetje-in-vino\/vrtec\/zelisca-in-sadike\/","og_site_name":"Stift Admont","article_modified_time":"2025-01-29T11:28:24+00:00","og_image":[{"width":1912,"height":1188,"url":"https:\/\/stiftadmont.at\/wp-content\/uploads\/Klosteranlage-innen.jpg","type":"image\/jpeg"}],"twitter_card":"summary_large_image","schema":{"@context":"https:\/\/schema.org","@graph":[{"@type":"WebPage","@id":"https:\/\/stiftadmont.at\/stiftsgaertnerei-blumen-und-wein\/gaertnerei\/kraeuter-und-setzlinge\/","url":"https:\/\/stiftadmont.at\/stiftsgaertnerei-blumen-und-wein\/gaertnerei\/kraeuter-und-setzlinge\/","name":"Zeli\u0161\u010da in sadike - Admont Abbey","isPartOf":{"@id":"https:\/\/stiftadmont.at\/#website"},"datePublished":"2023-09-18T12:33:55+00:00","dateModified":"2025-01-29T11:28:24+00:00","breadcrumb":{"@id":"https:\/\/stiftadmont.at\/stiftsgaertnerei-blumen-und-wein\/gaertnerei\/kraeuter-und-setzlinge\/#breadcrumb"},"inLanguage":"sl-SI","potentialAction":[{"@type":"ReadAction","target":["https:\/\/stiftadmont.at\/stiftsgaertnerei-blumen-und-wein\/gaertnerei\/kraeuter-und-setzlinge\/"]}]},{"@type":"BreadcrumbList","@id":"https:\/\/stiftadmont.at\/stiftsgaertnerei-blumen-und-wein\/gaertnerei\/kraeuter-und-setzlinge\/#breadcrumb","itemListElement":[{"@type":"ListItem","position":1,"name":"Start","item":"https:\/\/stiftadmont.at\/"},{"@type":"ListItem","position":2,"name":"Stiftsg\u00e4rtnerei Blumen und Wein","item":"https:\/\/stiftadmont.at\/stiftsgaertnerei-blumen-und-wein\/"},{"@type":"ListItem","position":3,"name":"G\u00e4rtnerei","item":"https:\/\/stiftadmont.at\/stiftsgaertnerei-blumen-und-wein\/gaertnerei\/"},{"@type":"ListItem","position":4,"name":"Kr\u00e4uter und Setzlinge"}]},{"@type":"WebSite","@id":"https:\/\/stiftadmont.at\/#website","url":"https:\/\/stiftadmont.at\/","name":"Opatija Admont","description":"Benediktinski samostan in turisti\u010dna znamenitost v Ges\u00e4use","potentialAction":[{"@type":"SearchAction","target":{"@type":"EntryPoint","urlTemplate":"https:\/\/stiftadmont.at\/?s={search_term_string}"},"query-input":{"@type":"PropertyValueSpecification","valueRequired":true,"valueName":"search_term_string"}}],"inLanguage":"sl-SI"}]}},"_links":{"self":[{"href":"https:\/\/stiftadmont.at\/sl\/wp-json\/wp\/v2\/pages\/20517","targetHints":{"allow":["GET"]}}],"collection":[{"href":"https:\/\/stiftadmont.at\/sl\/wp-json\/wp\/v2\/pages"}],"about":[{"href":"https:\/\/stiftadmont.at\/sl\/wp-json\/wp\/v2\/types\/page"}],"author":[{"embeddable":true,"href":"https:\/\/stiftadmont.at\/sl\/wp-json\/wp\/v2\/users\/20"}],"replies":[{"embeddable":true,"href":"https:\/\/stiftadmont.at\/sl\/wp-json\/wp\/v2\/comments?post=20517"}],"version-history":[{"count":8,"href":"https:\/\/stiftadmont.at\/sl\/wp-json\/wp\/v2\/pages\/20517\/revisions"}],"predecessor-version":[{"id":32297,"href":"https:\/\/stiftadmont.at\/sl\/wp-json\/wp\/v2\/pages\/20517\/revisions\/32297"}],"up":[{"embeddable":true,"href":"https:\/\/stiftadmont.at\/sl\/wp-json\/wp\/v2\/pages\/20245"}],"wp:attachment":[{"href":"https:\/\/stiftadmont.at\/sl\/wp-json\/wp\/v2\/media?parent=20517"}],"wp:term":[{"taxonomy":"category","embeddable":true,"href":"https:\/\/stiftadmont.at\/sl\/wp-json\/wp\/v2\/categories?post=20517"}],"curies":[{"name":"wp","href":"https:\/\/api.w.org\/{rel}","templated":true}]}}