{"id":2099,"date":"2021-07-22T14:04:19","date_gmt":"2021-07-22T12:04:19","guid":{"rendered":"https:\/\/stiftadmont.at\/?page_id=2099"},"modified":"2022-06-30T16:04:51","modified_gmt":"2022-06-30T14:04:51","slug":"skupina-stevilk-stiri-zadnje-stvari","status":"publish","type":"page","link":"https:\/\/stiftadmont.at\/sl\/ueber-die-stiftsbibliothek\/figurengruppe-die-vier-letzten-dinge\/","title":{"rendered":"Skupina figur - \u0160tiri zadnje stvari"},"content":{"rendered":"<section id='lightpress__section--block_60f95ebd1bb4f' class='lightpress__section--default-section-space lightpress__section lightpress__section--content'><div class=\"content__inner\"\n         x-init=\"initContentBlockAnim($el)\">\n        \n    <div class=\"content__grid content__grid--fifty-fifty\">\n                                            <div class=\"content__box content__box\"\n                 style=\"\">\n                                \n                \n                                            <div class=\"prose\"><h2 class=\"heading-xxl line line--gold\">JOSEF STAMMEL, \u0160TIRI ZADNJE STVARI<\/h2>\n<p class=\"paragraph-m\">\u0160tiri stoje\u010de figure v nadnaravni velikosti zaznamujejo izrazite geste in obrazna mimika. Predstavljajo smrt, vstajenje (tudi sodbo), pekel in nebesa.<\/p>\n<\/div>\n                    \n                            <\/div>\n        \n                                                    <div class=\"content__box content__box--2\"\n                     >\n                                        \n                    \n                                                <div class=\"content__media stickyTo\" x-init=\"imageSticky($el)\">\n\n                                                                                    <picture\n                                    class=\"content__image sticky\">\n                                <source srcset=\"https:\/\/stiftadmont.at\/wp-content\/uploads\/Bibliothek-4-1024x768.webp\" type=\"image\/webp\">\n                                <source srcset=\"https:\/\/stiftadmont.at\/wp-content\/uploads\/Bibliothek-4-1024x768.jpg\" type=\"image\/jpeg\">\n                                <img decoding=\"async\" class=\"sticky\" loading=\"lazy\" src=\"https:\/\/stiftadmont.at\/wp-content\/uploads\/Bibliothek-4-1024x768.jpg\" alt=\"Knji\u017enica 4\" \/>\n\n                                                                                                                            <\/picture>\n\n                        <\/div>\n\n                                    <\/div>\n            \n            <\/div>\n<\/div>\n\n<\/section>\n\n<section id='lightpress__section--block_60f95f591bb51' class='lightpress__section--default-section-space lightpress__section lightpress__section--content'><div class=\"content__inner\"\n         x-init=\"initContentBlockAnim($el)\">\n        \n    <div class=\"content__grid content__grid--fifty-fifty\">\n                                            <div class=\"content__box content__box\"\n                 style=\"\">\n                                \n                \n                                        <div class=\"content__media stickyTo\" x-init=\"imageSticky($el)\">\n\n                                                                                                <picture\n                                class=\"content__image sticky\">\n                            <source srcset=\"https:\/\/stiftadmont.at\/wp-content\/uploads\/Bibliothek4LETZTE2-817x1024.jpg\"\n                                    type=\"image\/webp\">\n                            <source srcset=\"https:\/\/stiftadmont.at\/wp-content\/uploads\/Bibliothek4LETZTE2-817x1024.jpg\"\n                                    type=\"image\/jpeg\">\n                            <img decoding=\"async\" loading=\"lazy\" src=\"https:\/\/stiftadmont.at\/wp-content\/uploads\/Bibliothek4LETZTE2-817x1024.jpg\" alt=\"Opatija Admont - \u0160tiri zadnje stvari, Josef Stammel\" width=\"600\" height=\"450\" \/>\n                                                                                                            <\/picture>\n\n                    <\/div>\n\n                            <\/div>\n        \n                                                    <div class=\"content__box content__box--2\"\n                     >\n                                        \n                    \n                                                    <div class=\"prose\"><h3 class=\"heading-xl line line--red\">(1) Smrt<\/h3>\n<p class=\"paragraph-m\">\u010clovek je dosegel konec svojega \u017eivljenja. Upodobljen je kot star romar z romarskim kri\u017eem, romarsko palico in \u0161koljko.<\/p>\n<p class=\"paragraph-m\">Od zadaj se mu pribli\u017ea krilati mo\u017e iz kosti kot poosebljenje smrti. V dvignjeni desni roki grozljivo upodobljena Smrt dr\u017ei krilati pe\u0161\u010deno uro, ki ozna\u010duje iztekajo\u010de se \u010dlove\u0161ko \u017eivljenje. V levi roki dr\u017ei koni\u010dasto \u0161ibrovko, ki namiguje na nenaden nastop smrti. Mali angeli pri nogah umirajo\u010dega dr\u017eijo v rokah atribute. Ti simboli vanitas (milni mehur\u010dek, prazna \u0161koljka, ugasnjena in zlomljena sve\u010da) namigujejo na minljivost vsega bivanja. Tako imenovani \"sodomitski grozd\" pa ob dotiku razpade v prah. Ta motiv spominja na besede, izre\u010dene v cerkvi na pepelni\u010dno sredo: \"Zapomni si, \u010dlovek, da si prah in da se bo\u0161 v prah vrnil!\"<\/p>\n<\/div>\n                        \n                                    <\/div>\n            \n            <\/div>\n<\/div>\n\n<\/section>\n\n<section id='lightpress__section--block_60f9631a16cc9' class='lightpress__section--default-section-space lightpress__section lightpress__section--content'><div class=\"content__inner\"\n         x-init=\"initContentBlockAnim($el)\">\n        \n    <div class=\"content__grid content__grid--fifty-fifty\">\n                                            <div class=\"content__box content__box\"\n                 style=\"\">\n                                \n                \n                                            <div class=\"prose\"><h3 class=\"heading-xl line line--gold\">(2) VSTAJENJE<\/h3>\n<p class=\"paragraph-m\">Mladeni\u010d, pokrit s pla\u0161\u010dem, v spremstvu angela priplava iz groba.<\/p>\n<p class=\"paragraph-m\">Nad njegovo glavo se razprostira mavrica. Na njej kraljuje Kristus kot Vstali in sodnik sveta. Posamezna sodba \u0161e ni izre\u010dena.<\/p>\n<p class=\"paragraph-m\">Mladeni\u010d se zazre v hudi\u010da, ki mu stoji pri nogah. Deluje kot to\u017enik, na nosu nosi gusarje, stran pa ga potiska mogo\u010dna knjiga na njegovih ramenih, v kateri so zapisana dejanja tistega, ki bo obsojen.<\/p>\n<p class=\"paragraph-m\">Na desni strani, nasproti legendarnega \"Admontovega knji\u017eni\u010dnega hudi\u010da\", je dvignjen nagrobnik. Na njem so lobanja, ugasla sve\u010da, letnica 1760 (verjetno datum dokon\u010danja skupine figur) in za\u010detnice ST (za Stammel).<\/p>\n<\/div>\n                    \n                            <\/div>\n        \n                                                    <div class=\"content__box content__box--2\"\n                     >\n                                        \n                    \n                                                <div class=\"content__media stickyTo\" x-init=\"imageSticky($el)\">\n\n                                                                                    <picture\n                                    class=\"content__image sticky\">\n                                <source srcset=\"https:\/\/stiftadmont.at\/wp-content\/uploads\/Bibliothek-4LETZTE1-R-814x1024.webp\" type=\"image\/webp\">\n                                <source srcset=\"https:\/\/stiftadmont.at\/wp-content\/uploads\/Bibliothek-4LETZTE1-R-814x1024.jpg\" type=\"image\/jpeg\">\n                                <img decoding=\"async\" class=\"sticky\" loading=\"lazy\" src=\"https:\/\/stiftadmont.at\/wp-content\/uploads\/Bibliothek-4LETZTE1-R-814x1024.jpg\" alt=\"Opatija Admont - \u0160tiri zadnje stvari, Josef Stammel\" \/>\n\n                                                                                                                            <\/picture>\n\n                        <\/div>\n\n                                    <\/div>\n            \n            <\/div>\n<\/div>\n\n<\/section>\n\n<section id='lightpress__section--block_60f963be16cca' class='lightpress__section--default-section-space lightpress__section lightpress__section--content'><div class=\"content__inner\"\n         x-init=\"initContentBlockAnim($el)\">\n        \n    <div class=\"content__grid content__grid--fifty-fifty\">\n                                            <div class=\"content__box content__box\"\n                 style=\"\">\n                                \n                \n                                        <div class=\"content__media stickyTo\" x-init=\"imageSticky($el)\">\n\n                                                                                                <picture\n                                class=\"content__image sticky\">\n                            <source srcset=\"https:\/\/stiftadmont.at\/wp-content\/uploads\/Die-Stiftsbibliothek-b-3-818x1024.jpg\"\n                                    type=\"image\/webp\">\n                            <source srcset=\"https:\/\/stiftadmont.at\/wp-content\/uploads\/Die-Stiftsbibliothek-b-3-818x1024.jpg\"\n                                    type=\"image\/jpeg\">\n                            <img decoding=\"async\" loading=\"lazy\" src=\"https:\/\/stiftadmont.at\/wp-content\/uploads\/Die-Stiftsbibliothek-b-3-818x1024.jpg\" alt=\"Opatija Admont - \u0160tiri zadnje stvari, Josef Stammel\" width=\"600\" height=\"450\" \/>\n                                                                                                            <\/picture>\n\n                    <\/div>\n\n                            <\/div>\n        \n                                                    <div class=\"content__box content__box--2\"\n                     >\n                                        \n                    \n                                                    <div class=\"prose\"><h3 class=\"heading-xl line line--red\">(3) PEKEL<\/h3>\n<p class=\"paragraph-m\">Odvisno od sodbe, pot zdaj vodi v pekel ali nebesa. Alegorijo pekla sestavljata dve premikajo\u010di se monumentalni glavni figuri in ve\u010d manj\u0161ih pomo\u017enih figur.<\/p>\n<p class=\"paragraph-m\">Na ramenih hibridnega bitja jezdi gol zrel mo\u0161ki, ki pomeni prekleto du\u0161o. To je napol \u017eival, napol \u010dlovek, napol mo\u0161ki, napol \u017eenska. Obe figuri plameni, ki se dvigajo iz peklenskega zmaja, vle\u010dejo navzdol v peklenskega zmaja z zmajevo glavo. Obrazne poteze preklete du\u0161e so izkrivljene zaradi jeze in strahu. Njegova dvignjena desna roka dr\u017ei obro\u010dasto ka\u010do, ki grize svoj lastni rep - simbol ve\u010dnosti. V levi roki dr\u017ei v stisnjeni pesti obrambni diadem. V njegovo srce je ugriznil \u010drv.<\/p>\n<p class=\"paragraph-m\">V spodnjem delu upodobitve so razporejene doprsne alegorije, ki so upodobljene kot glave in so opozorilo za spust v pekel: ne\u010dimrnost s pavjo kapo in pavjim perjem; lenoba kot spe\u010di otrok z no\u010dno kapo in hro\u0161\u010dem na glavi; po\u017ere\u0161nost s kapo iz kovancev in hudi\u010dem, ki mu kuka \u010dez ramo; neumornost s steklenico \u017eganja in klobasami.<\/p>\n<p class=\"paragraph-m\">\"Pekel\" je eno od Stammelovih najmo\u010dnej\u0161ih, najbolj pripovednih, a tudi najbolj samosvojih in zgo\u0161\u010denih del. Modeli, kot sta hudi\u010d Albrechta D\u00fcrerja na grafiki \"Vitez, smrt in hudi\u010d\" (1513) ali Berninijev marmorni doprsni kip \"Anima Damnata\" (1616), so tu zdru\u017eeni s Stammelovo lastno domi\u0161ljijo in tvorijo vrhunsko umetni\u0161ko celoto.<\/p>\n<\/div>\n                        \n                                    <\/div>\n            \n            <\/div>\n<\/div>\n\n<\/section>\n\n<section id='lightpress__section--block_60f964f516ccc' class='lightpress__section--default-section-space lightpress__section lightpress__section--content'><div class=\"content__inner\"\n         x-init=\"initContentBlockAnim($el)\">\n        \n    <div class=\"content__grid content__grid--fifty-fifty\">\n                                            <div class=\"content__box content__box\"\n                 style=\"\">\n                                \n                \n                                            <div class=\"prose\"><h3 class=\"heading-xl line line--gold\">(4) Nebo<\/h3>\n<p class=\"paragraph-m\">Krona \"\u0161tirih poslednjih stvari\" je alegorija nebes. Simbolizirajo jo \u010dudovito oble\u010dena in okra\u0161ena lepotica ter ve\u010d figur, ki ji pomagajo. Kot androgino kronano bo\u017ejo nevesto v obleki nebe\u0161ke slave jo v nebo dvigne vitek angel. Njen preobra\u017eeni pogled je usmerjen navzgor, onkraj zemeljskega opazovalca, v vi\u0161jo sfero. V dvignjeni levi roki dr\u017ei srce kot znamenje svoje neomajne, gore\u010de vere. Nad njeno glavo je v avreoli vtisnjen simbol Svete Trojice. Na prsih ima ognjeno zvezdo in bogato okra\u0161en kri\u017e. Pod krono je na njenem \u010delu napisano gr\u0161ko TAU (Ez 9, 3-4), ki jo ozna\u010duje kot pravi\u010dno. Tako kot v Berninijevem delu je tudi tu \"Anima beata\" nasprotje \"Anima damnata\" v peklu. Trije angel\u010dki sedijo na oblaku pri nogah figure. Te alegorije treh kreposti (post, molitev, milo\u0161\u010dina) utemeljujejo odlo\u010ditev, sprejeto na bo\u017eji sodbi. Predstavljajo nasprotje vrlinam, ki so upodobljene v peklu. V nasprotnem, pozitivnem smislu se tu kot v peklu sre\u010dujemo s ka\u010do v obliki obro\u010da. Kot simbol ve\u010dne bla\u017eenosti jo dr\u017ei angel\u010dek, ki sedi na sredini obla\u010dne gmote.<\/p>\n<\/div>\n                    \n                            <\/div>\n        \n                                                    <div class=\"content__box content__box--2\"\n                     >\n                                        \n                    \n                                                <div class=\"content__media stickyTo\" x-init=\"imageSticky($el)\">\n\n                                                                                    <picture\n                                    class=\"content__image sticky\">\n                                <source srcset=\"https:\/\/stiftadmont.at\/wp-content\/uploads\/Bibliothek-4LETZTE3-R-808x1024.webp\" type=\"image\/webp\">\n                                <source srcset=\"https:\/\/stiftadmont.at\/wp-content\/uploads\/Bibliothek-4LETZTE3-R-808x1024.jpg\" type=\"image\/jpeg\">\n                                <img decoding=\"async\" class=\"sticky\" loading=\"lazy\" src=\"https:\/\/stiftadmont.at\/wp-content\/uploads\/Bibliothek-4LETZTE3-R-808x1024.jpg\" alt=\"Opatija Admont - \u0160tiri zadnje stvari, Josef Stammel\" \/>\n\n                                                                                                                            <\/picture>\n\n                        <\/div>\n\n                                    <\/div>\n            \n            <\/div>\n<\/div>\n\n<\/section>","protected":false},"excerpt":{"rendered":"","protected":false},"author":7,"featured_media":0,"parent":454,"menu_order":0,"comment_status":"closed","ping_status":"closed","template":"","meta":{"_acf_changed":false,"footnotes":""},"categories":[],"class_list":["post-2099","page","type-page","status-publish","hentry"],"acf":[],"yoast_head":"<!-- This site is optimized with the Yoast SEO Premium plugin v26.0 (Yoast SEO v26.8) - https:\/\/yoast.com\/product\/yoast-seo-premium-wordpress\/ -->\n<title>Figurengruppe - Die vier letzten Dinge - Stift Admont<\/title>\n<meta name=\"robots\" content=\"index, follow, max-snippet:-1, max-image-preview:large, max-video-preview:-1\" \/>\n<link rel=\"canonical\" href=\"https:\/\/stiftadmont.at\/sl\/o-opatijski-knjiznici\/skupina-stevilk-stiri-zadnje-stvari\/\" \/>\n<meta property=\"og:locale\" content=\"sl_SI\" \/>\n<meta property=\"og:type\" content=\"article\" \/>\n<meta property=\"og:title\" content=\"Figurengruppe - Die vier letzten Dinge\" \/>\n<meta property=\"og:url\" content=\"https:\/\/stiftadmont.at\/sl\/o-opatijski-knjiznici\/skupina-stevilk-stiri-zadnje-stvari\/\" \/>\n<meta property=\"og:site_name\" content=\"Stift Admont\" \/>\n<meta property=\"article:modified_time\" content=\"2022-06-30T14:04:51+00:00\" \/>\n<meta property=\"og:image\" content=\"https:\/\/stiftadmont.at\/wp-content\/uploads\/Klosteranlage-innen.jpg\" \/>\n\t<meta property=\"og:image:width\" content=\"1912\" \/>\n\t<meta property=\"og:image:height\" content=\"1188\" \/>\n\t<meta property=\"og:image:type\" content=\"image\/jpeg\" \/>\n<meta name=\"twitter:card\" content=\"summary_large_image\" \/>\n<script type=\"application\/ld+json\" class=\"yoast-schema-graph\">{\"@context\":\"https:\/\/schema.org\",\"@graph\":[{\"@type\":\"WebPage\",\"@id\":\"https:\/\/stiftadmont.at\/ueber-die-stiftsbibliothek\/figurengruppe-die-vier-letzten-dinge\/\",\"url\":\"https:\/\/stiftadmont.at\/ueber-die-stiftsbibliothek\/figurengruppe-die-vier-letzten-dinge\/\",\"name\":\"Figurengruppe - Die vier letzten Dinge - Stift Admont\",\"isPartOf\":{\"@id\":\"https:\/\/stiftadmont.at\/#website\"},\"datePublished\":\"2021-07-22T12:04:19+00:00\",\"dateModified\":\"2022-06-30T14:04:51+00:00\",\"breadcrumb\":{\"@id\":\"https:\/\/stiftadmont.at\/ueber-die-stiftsbibliothek\/figurengruppe-die-vier-letzten-dinge\/#breadcrumb\"},\"inLanguage\":\"sl-SI\",\"potentialAction\":[{\"@type\":\"ReadAction\",\"target\":[\"https:\/\/stiftadmont.at\/ueber-die-stiftsbibliothek\/figurengruppe-die-vier-letzten-dinge\/\"]}]},{\"@type\":\"BreadcrumbList\",\"@id\":\"https:\/\/stiftadmont.at\/ueber-die-stiftsbibliothek\/figurengruppe-die-vier-letzten-dinge\/#breadcrumb\",\"itemListElement\":[{\"@type\":\"ListItem\",\"position\":1,\"name\":\"Start\",\"item\":\"https:\/\/stiftadmont.at\/\"},{\"@type\":\"ListItem\",\"position\":2,\"name\":\"\u00dcber unsere Klosterbibliothek\",\"item\":\"https:\/\/stiftadmont.at\/ueber-die-stiftsbibliothek\/\"},{\"@type\":\"ListItem\",\"position\":3,\"name\":\"Figurengruppe &#8211; Die vier letzten Dinge\"}]},{\"@type\":\"WebSite\",\"@id\":\"https:\/\/stiftadmont.at\/#website\",\"url\":\"https:\/\/stiftadmont.at\/\",\"name\":\"Stift Admont\",\"description\":\"Benediktinerkloster und Sehensw\u00fcrdigkeit im Ges\u00e4use\",\"potentialAction\":[{\"@type\":\"SearchAction\",\"target\":{\"@type\":\"EntryPoint\",\"urlTemplate\":\"https:\/\/stiftadmont.at\/?s={search_term_string}\"},\"query-input\":{\"@type\":\"PropertyValueSpecification\",\"valueRequired\":true,\"valueName\":\"search_term_string\"}}],\"inLanguage\":\"sl-SI\"}]}<\/script>\n<!-- \/ Yoast SEO Premium plugin. -->","yoast_head_json":{"title":"Skupina figur - \u0160tiri zadnje stvari - Admont Abbey","robots":{"index":"index","follow":"follow","max-snippet":"max-snippet:-1","max-image-preview":"max-image-preview:large","max-video-preview":"max-video-preview:-1"},"canonical":"https:\/\/stiftadmont.at\/sl\/o-opatijski-knjiznici\/skupina-stevilk-stiri-zadnje-stvari\/","og_locale":"sl_SI","og_type":"article","og_title":"Figurengruppe - Die vier letzten Dinge","og_url":"https:\/\/stiftadmont.at\/sl\/o-opatijski-knjiznici\/skupina-stevilk-stiri-zadnje-stvari\/","og_site_name":"Stift Admont","article_modified_time":"2022-06-30T14:04:51+00:00","og_image":[{"width":1912,"height":1188,"url":"https:\/\/stiftadmont.at\/wp-content\/uploads\/Klosteranlage-innen.jpg","type":"image\/jpeg"}],"twitter_card":"summary_large_image","schema":{"@context":"https:\/\/schema.org","@graph":[{"@type":"WebPage","@id":"https:\/\/stiftadmont.at\/ueber-die-stiftsbibliothek\/figurengruppe-die-vier-letzten-dinge\/","url":"https:\/\/stiftadmont.at\/ueber-die-stiftsbibliothek\/figurengruppe-die-vier-letzten-dinge\/","name":"Skupina figur - \u0160tiri zadnje stvari - Admont Abbey","isPartOf":{"@id":"https:\/\/stiftadmont.at\/#website"},"datePublished":"2021-07-22T12:04:19+00:00","dateModified":"2022-06-30T14:04:51+00:00","breadcrumb":{"@id":"https:\/\/stiftadmont.at\/ueber-die-stiftsbibliothek\/figurengruppe-die-vier-letzten-dinge\/#breadcrumb"},"inLanguage":"sl-SI","potentialAction":[{"@type":"ReadAction","target":["https:\/\/stiftadmont.at\/ueber-die-stiftsbibliothek\/figurengruppe-die-vier-letzten-dinge\/"]}]},{"@type":"BreadcrumbList","@id":"https:\/\/stiftadmont.at\/ueber-die-stiftsbibliothek\/figurengruppe-die-vier-letzten-dinge\/#breadcrumb","itemListElement":[{"@type":"ListItem","position":1,"name":"Start","item":"https:\/\/stiftadmont.at\/"},{"@type":"ListItem","position":2,"name":"\u00dcber unsere Klosterbibliothek","item":"https:\/\/stiftadmont.at\/ueber-die-stiftsbibliothek\/"},{"@type":"ListItem","position":3,"name":"Figurengruppe &#8211; Die vier letzten Dinge"}]},{"@type":"WebSite","@id":"https:\/\/stiftadmont.at\/#website","url":"https:\/\/stiftadmont.at\/","name":"Opatija Admont","description":"Benediktinski samostan in turisti\u010dna znamenitost v Ges\u00e4use","potentialAction":[{"@type":"SearchAction","target":{"@type":"EntryPoint","urlTemplate":"https:\/\/stiftadmont.at\/?s={search_term_string}"},"query-input":{"@type":"PropertyValueSpecification","valueRequired":true,"valueName":"search_term_string"}}],"inLanguage":"sl-SI"}]}},"_links":{"self":[{"href":"https:\/\/stiftadmont.at\/sl\/wp-json\/wp\/v2\/pages\/2099","targetHints":{"allow":["GET"]}}],"collection":[{"href":"https:\/\/stiftadmont.at\/sl\/wp-json\/wp\/v2\/pages"}],"about":[{"href":"https:\/\/stiftadmont.at\/sl\/wp-json\/wp\/v2\/types\/page"}],"author":[{"embeddable":true,"href":"https:\/\/stiftadmont.at\/sl\/wp-json\/wp\/v2\/users\/7"}],"replies":[{"embeddable":true,"href":"https:\/\/stiftadmont.at\/sl\/wp-json\/wp\/v2\/comments?post=2099"}],"version-history":[{"count":40,"href":"https:\/\/stiftadmont.at\/sl\/wp-json\/wp\/v2\/pages\/2099\/revisions"}],"predecessor-version":[{"id":13714,"href":"https:\/\/stiftadmont.at\/sl\/wp-json\/wp\/v2\/pages\/2099\/revisions\/13714"}],"up":[{"embeddable":true,"href":"https:\/\/stiftadmont.at\/sl\/wp-json\/wp\/v2\/pages\/454"}],"wp:attachment":[{"href":"https:\/\/stiftadmont.at\/sl\/wp-json\/wp\/v2\/media?parent=2099"}],"wp:term":[{"taxonomy":"category","embeddable":true,"href":"https:\/\/stiftadmont.at\/sl\/wp-json\/wp\/v2\/categories?post=2099"}],"curies":[{"name":"wp","href":"https:\/\/api.w.org\/{rel}","templated":true}]}}