{"id":21126,"date":"2023-09-25T14:24:52","date_gmt":"2023-09-25T12:24:52","guid":{"rendered":"https:\/\/stiftadmont.at\/?page_id=21126"},"modified":"2025-12-12T12:32:12","modified_gmt":"2025-12-12T10:32:12","slug":"adventni-program","status":"publish","type":"page","link":"https:\/\/stiftadmont.at\/sl\/advent-im-stift-admont\/advent-programm\/","title":{"rendered":"Program"},"content":{"rendered":"<section id='lightpress__section--block_e6fb00a13f0f4d39fe4f109dd8ddbb7e' class='align-center lightpress__section--default-section-space lightpress__section lightpress__section--headline'><div class=\"headline__container\">\n            <h2 class=\"headline text--40 text-medium line line--gold line-above line-middle\">Umetnostne obrti in kulinari\u010dne posebnosti - Advent v opatiji Admont<\/h2>\n        <p class=\"text-center text-gold text--20 text-medium text--uppercase\">Do\u017eivite advent z vsemi \u010dutili - v \u010darobni opatiji Admont!<\/p>\n        <div class=\"spacer--40\"><\/div>\n<\/div>\n\n<\/section>\n\n<section id='lightpress__section--block_35730e315939eb308d72d2ca8f6995df' class='lightpress__section--default-section-space lightpress__section lightpress__section--content'><div class=\"content__inner\"\n         x-init=\"initContentBlockAnim($el)\">\n        \n    <div class=\"content__grid content__grid\">\n                                            <div class=\"content__box content__box--one-hundred\"\n                 style=\"\">\n                                \n                \n                                            <div class=\"prose\"><p>\u017de 26. advent v opatiji Admont vabi na festival, poln tradicije, u\u017eitkov in posebnih obrti. Na slikovitem zunanjem prostoru benediktinskega samostana vas \u010dakajo skrbno oblikovane stojnice z edinstvenimi rokodelskimi izdelki in mamljivimi kulinari\u010dnimi dobrotami.<\/p>\n<p>\u00a0<\/p>\n<p class=\"paragraph-m text-left\">Zaradi posebnega ambienta je ta adventni sejem pravi vrhunec, raznolik program pa zagotavlja nepozabne trenutke, zlasti za mlaj\u0161e goste: Na Christkindlpostamtu lahko otroci po\u0161ljejo svoja pisma Kristusu in se veselijo odgovora. V muzejski delavnici je mogo\u010de izdelati ustvarjalna bo\u017ei\u010dna darila, v kolegijski cerkvi pa ob\u010dudovati impresivne jaslice. Vo\u017enja s poniji in prazni\u010dne cerkvene ma\u0161e poskrbijo za bo\u017ei\u010dno vzdu\u0161je.<\/p>\n<p class=\"paragraph-m text-left\">\u00a0<\/p>\n<p class=\"paragraph-m text-left\">Tudi za gurmane je veliko zanimivega: u\u017eivajte v regionalnih specialitetah, kot so r\u017eeni krofi iz Ennstala in \u0161tajerski sir, priljubljeni Ges\u00e4useburger, sladki angelski zvitki ali topel jabol\u010dni pun\u010d.<\/p>\n<p>\u00a0<\/p>\n<p><a title=\"Program za 26. advent v opatiji Admont\" href=\"\"><div class=\"_df_book df-lite\" id=\"df_37813\"  _slug=\"adventmarkt-stift-admont-programm-2025\" data-title=\"adventmarkt-stift-admont-programm-2025\" wpoptions=\"true\" thumbtype=\"\" ><\/div><script class=\"df-shortcode-script\" nowprocket type=\"application\/javascript\">window.option_df_37813 = {\"outline\":[],\"autoEnableOutline\":\"false\",\"autoEnableThumbnail\":\"false\",\"overwritePDFOutline\":\"false\",\"direction\":\"1\",\"pageSize\":\"0\",\"source\":\"https:\\\/\\\/stiftadmont.at\\\/wp-content\\\/uploads\\\/STA_Advent_Programm-2025_A4_290925.pdf\",\"wpOptions\":\"true\"}; if(window.DFLIP && window.DFLIP.parseBooks){window.DFLIP.parseBooks();}<\/script><\/a><\/p>\n<p>\u00a0<\/p>\n<p><a title=\"Adventni program-2025\" href=\"https:\/\/stiftadmont.at\/wp-content\/uploads\/STA_Advent_Programm-2025_A4_290925.pdf\">Adventni program-2025.pdf<\/a><\/p>\n<\/div>\n                    \n                            <\/div>\n        \n            <\/div>\n<\/div>\n\n<\/section>\n\n<section id='lightpress__section--block_dd80e8f7bb754aa8f9c6aaa9108e922c' class='lightpress__section--default-section-space lightpress__section lightpress__section--content'><div class=\"content__inner\"\n         x-init=\"initContentBlockAnim($el)\">\n        \n    <div class=\"content__grid content__grid\">\n                                            <div class=\"content__box content__box--one-hundred\"\n                 style=\"\">\n                                \n                \n                                            <div class=\"prose\"><p>\u00a0<\/p>\n<p><strong>Daniela de Santos - Koncert za panovo flavto 12.12.2025 ob 15:00 Odpovedano!<\/strong><\/p>\n<p>\u00a0<\/p>\n<h5 class=\"heading-m line line-above line--gold\"><strong>Sobota, 06. december\u00a0<\/strong><\/h5>\n<p>\u00a0<\/p>\n<p>10:00 - 19:00\u00a0<span style=\"white-space: pre;\"> <\/span>\u00a0 \u00a0 <strong>\u00a0Samostanska knji\u017enica <\/strong>odprto za zni\u017ean vstop<\/p>\n<p>11:00 <span style=\"white-space: pre;\"> <\/span>\u00a0 \u00a0 \u00a0 \u00a0 \u00a0 \u00a0 \u00a0 \u00a0 \u00a0 \u00a0 \u00a0<strong>ODPRTJE<\/strong> adventnega trga opata Gerharda Hafnerja OSB ob glasbeni spremljavi\u00a0<\/p>\n<p>od 11:00 dalje<span style=\"white-space: pre;\"> <\/span>\u00a0 \u00a0 \u00a0 \u00a0 \u00a0 \u00a0 \u00a0 \u00a0 <strong>Jaslice<\/strong> odprto v kolegijski cerkvi<span style=\"white-space: pre;\"> <\/span>\u00a0 \u00a0 \u00a0 \u00a0\u00a0<\/p>\n<p>od 13:00 dalje<span style=\"white-space: pre;\"> <\/span>\u00a0 \u00a0 \u00a0 \u00a0 \u00a0 \u00a0 \u00a0 \u00a0 <strong>Po\u0161ta Christkindl<\/strong> za otro\u0161ke \u017eelje do otroka Kristusa<br \/>14:00 - 16:00\u00a0 \u00a0 \u00a0 \u00a0<strong>Otro\u0161ki program<\/strong> v muzejski delavnici opatije Admont (1. nadstropje muzeja) - sprememba \u010dasa<\/p>\n<p>od 16:00 dalje<span style=\"white-space: pre;\"> <\/span>\u00a0 \u00a0 \u00a0 \u00a0 \u00a0 \u00a0 \u00a0 \u00a0 <strong>Modri igralci vetra<\/strong> MV Admont\/Hall zagotavljajo glasbeno adventno vzdu\u0161je<\/p>\n<p>\u00a0<\/p>\n<p>\u00a0<\/p>\n<p>\u00a0<\/p>\n<h5 class=\"heading-m line line-above line--gold\"><strong>nedelja, 07. december<\/strong><\/h5>\n<p>\u00a0<\/p>\n<p>10:00\u00a0 \u00a0 \u00a0 \u00a0 \u00a0 \u00a0 \u00a0\u00a0<span style=\"white-space: pre;\"> <\/span>\u00a0 \u00a0 \u00a0 <strong>\u00a0 Sveta ma\u0161a<\/strong> v kolegijski cerkvi<\/p>\n<p><span style=\"white-space: pre;\">10:00 - 19:00<\/span><span style=\"white-space: pre;\"> <\/span>\u00a0 \u00a0 \u00a0 <strong>Samostanska knji\u017enica<\/strong> odprto za zni\u017ean vstop<\/p>\n<p>od 11:00 dalje\u00a0 \u00a0 \u00a0\u00a0<span style=\"white-space: pre;\"> <\/span>\u00a0 \u00a0 \u00a0 \u00a0<strong> \u00a0 Jaslice<\/strong> odprto v kolegijski cerkvi<br \/>od 11:00 dalje\u00a0 \u00a0 \u00a0 \u00a0 \u00a0 \u00a0 \u00a0 \u00a0 <strong>\u00a0Po\u0161ta Christkindl <\/strong>za otro\u0161ke \u017eelje do otroka Kristusa<\/p>\n<p>14:00 - 16:00<span style=\"white-space: pre;\"> <\/span>\u00a0 \u00a0 \u00a0<strong> Otro\u0161ki program<\/strong> v muzejski delavnici opatije Admont (1. nadstropje muzeja) - sprememba \u010dasa<br \/>14:00\u00a0 \u00a0 \u00a0 \u00a0 \u00a0 \u00a0 \u00a0 \u00a0 \u00a0 \u00a0 \u00a0 <strong>\u00a0\"Hoamat Advent\"<\/strong> z glasbo in branjem pod vodstvom Michaela Reiterja v kolegijski cerkvi<\/p>\n<p>od 16:00 dalje<span style=\"white-space: pre;\"> <\/span>\u00a0 \u00a0 \u00a0 \u00a0 \u00a0 \u00a0 \u00a0 \u00a0 <strong>Modri igralci vetra <\/strong>MV Admont\/Hall in MV Weng<strong> <\/strong>ustvarjanje glasbenega adventnega vzdu\u0161ja<strong><br \/><\/strong>17:30<strong>\u00a0 \u00a0 \u00a0 \u00a0 \u00a0 \u00a0 \u00a0 \u00a0 \u00a0 \u00a0 \u00a0 Zborovske ve\u010dernice<\/strong> v kolegijski cerkvi<\/p>\n<p>\u00a0<\/p>\n<p>\u00a0<\/p>\n<h5>\u00a0<\/h5>\n<h5 class=\"heading-m line line-above line--gold\"><strong>Ponedeljek, 08. december<\/strong><\/h5>\n<p>\u00a0<\/p>\n<p>10:00<span style=\"white-space: pre;\"> <\/span>\u00a0 \u00a0 \u00a0 \u00a0 \u00a0 \u00a0 \u00a0 \u00a0 \u00a0 \u00a0 \u00a0 <strong>Sveta ma\u0161a<\/strong> na Marijino spo\u010detje v kolegijski cerkvi\u00a0<\/p>\n<p>10:00 - 19:00 <span style=\"white-space: pre;\"> <\/span>\u00a0 \u00a0 \u00a0<strong>Samostanska knji\u017enica <\/strong>odprto za zni\u017ean vstop<\/p>\n<p>od 11:00 dalje<span style=\"white-space: pre;\"> <\/span>\u00a0 \u00a0 \u00a0 \u00a0 \u00a0 \u00a0 \u00a0 \u00a0 <strong>Jaslice<\/strong> odprto v kolegijski cerkvi<\/p>\n<p>od 11:00 dalje<span style=\"white-space: pre;\"> <\/span>\u00a0 \u00a0 \u00a0 \u00a0 \u00a0 \u00a0 \u00a0 \u00a0 <strong>Po\u0161ta Christkindl<\/strong> za otro\u0161ke \u017eelje do otroka Kristusa<\/p>\n<p>14:00 - 16:00<span style=\"white-space: pre;\"> <\/span>\u00a0 \u00a0 \u00a0 <strong>Otro\u0161ki program<\/strong> v muzejski delavnici opatije Admont (1. nadstropje muzeja) - sprememba \u010dasa<\/p>\n<p>od 16:00 dalje<span style=\"white-space: pre;\"> <\/span>\u00a0 \u00a0 \u00a0 \u00a0 \u00a0 \u00a0 \u00a0 \u00a0 <strong>Modri igralci vetra<\/strong> MV Admont\/Hall in MV Weng poskrbita za glasbeno adventno vzdu\u0161je<\/p>\n<p>\u00a0<\/p>\n<p>\u00a0<\/p>\n<p>\u00a0<\/p>\n<h5 class=\"heading-m line line--gold line-above\"><strong>Petek, 12. december<\/strong><\/h5>\n<p>\u00a0<\/p>\n<p>10:00 - 19:00\u00a0 \u00a0 \u00a0 <strong>\u00a0 \u00a0Samostanska knji\u017enica<\/strong> odprto za zni\u017ean vstop<br \/>od 11:00 dalje\u00a0 \u00a0 \u00a0 \u00a0 \u00a0 \u00a0 \u00a0 \u00a0 \u00a0<strong> \u00a0Jaslice<\/strong> odprto v kolegijski cerkvi<br \/>od 11:00 dalje\u00a0 \u00a0 \u00a0 \u00a0 \u00a0 \u00a0 \u00a0 \u00a0 \u00a0 \u00a0<strong>Po\u0161ta Christkindl<\/strong> za otro\u0161ke \u017eelje do otroka Kristusa<br \/>od 13:00 dalje\u00a0 \u00a0 \u00a0 \u00a0 \u00a0 \u00a0 \u00a0 \u00a0<strong>\u00a0 \u00a0 \u017dupnijska kavarna<\/strong> \u017eupnije Admont odprt<br \/>14:00 - 16:00\u00a0 \u00a0 \u00a0 \u00a0<strong> \u00a0Otro\u0161ki program<\/strong> v muzejski delavnici opatije Admont (1. nadstropje muzeja) - sprememba \u010dasa<br \/>od 16:00 dalje\u00a0 \u00a0 \u00a0 \u00a0 \u00a0 \u00a0 \u00a0 \u00a0 <strong>\u00a0 \u00a0Modri igralci vetra <\/strong>MV Admont\/Hall in MV Weng poskrbita za glasbeno adventno vzdu\u0161je<\/p>\n<p>\u00a0<\/p>\n<p>\u00a0<\/p>\n<p>\u00a0<\/p>\n<h5 class=\"heading-m line line--gold line-above\"><strong>sobota, 13. december<\/strong><\/h5>\n<p>\u00a0<\/p>\n<p>10:00 - 19:00\u00a0 \u00a0 \u00a0 \u00a0 \u00a0 \u00a0<strong>Samostanska knji\u017enica<\/strong> odprto za zni\u017ean vstop<br \/>od 11:00 dalje\u00a0 \u00a0 \u00a0 \u00a0 \u00a0 \u00a0 \u00a0 \u00a0 \u00a0 \u00a0 <strong>\u00a0Jaslice<\/strong> odprto v kolegijski cerkvi<br \/>od 11:00 dalje\u00a0 \u00a0 \u00a0 \u00a0 \u00a0 \u00a0 \u00a0 \u00a0 \u00a0 \u00a0 <strong>\u00a0Po\u0161ta Christkindl<\/strong> za otro\u0161ke \u017eelje do otroka Kristusa<br \/>od 13:00 dalje\u00a0 \u00a0 \u00a0 \u00a0 \u00a0 \u00a0 \u00a0 \u00a0 \u00a0 \u00a0 <strong>\u00a0\u017dupnijska kavarna<\/strong> \u017eupnije Admont odprt<br \/>14:00 - 16:00\u00a0 \u00a0 \u00a0 \u00a0 \u00a0 <strong>\u00a0Otro\u0161ki program<\/strong> v muzejski delavnici opatije Admont (1. nadstropje muzeja) - sprememba \u010dasa<br \/>15:00\u00a0 \u00a0 \u00a0 \u00a0 \u00a0 \u00a0 \u00a0 \u00a0 \u00a0 \u00a0 \u00a0 \u00a0 \u00a0 \u00a0<strong>Bo\u017ei\u010dni koncert<\/strong> dru\u0161tva Admont\/Hall Music Society v veliki dvorani Stiftsfestsaal<br \/>od 16:00 dalje\u00a0 \u00a0 \u00a0 \u00a0 \u00a0 \u00a0 \u00a0 \u00a0 \u00a0 \u00a0 \u00a0<strong>Modri igralci vetra <\/strong>MV Weng zagotavlja glasbeno adventno vzdu\u0161je<br \/>18:00\u00a0 \u00a0 \u00a0 \u00a0 \u00a0 \u00a0 \u00a0 \u00a0 \u00a0 \u00a0 \u00a0 <strong>\u00a0 \u00a0 13er romanje<\/strong> sledi procesija s sve\u010dami v kolegijski cerkvi<\/p>\n<p>\u00a0<\/p>\n<p>\u00a0<\/p>\n<p>\u00a0<\/p>\n<h5 class=\"heading-m line line--gold line-above\"><strong>nedelja, 14. december<\/strong><\/h5>\n<p>\u00a0<\/p>\n<p>10:00 - 19:00\u00a0 \u00a0 \u00a0 \u00a0 \u00a0 \u00a0<strong>\u00a0Samostanska knji\u017enica<\/strong> odprto za zni\u017ean vstop<br \/>od 11:00 dalje\u00a0 \u00a0 \u00a0 \u00a0 \u00a0 \u00a0 \u00a0 \u00a0 \u00a0 \u00a0 \u00a0<strong>\u00a0Jaslice<\/strong> odprto v kolegijski cerkvi<br \/>od 11:00 dalje\u00a0 \u00a0 \u00a0 \u00a0 \u00a0 \u00a0 \u00a0 \u00a0 \u00a0 \u00a0 \u00a0 <strong>Po\u0161ta Christkindl<\/strong> za otro\u0161ke \u017eelje do otroka Kristusa<br \/>od 13:00 dalje\u00a0 \u00a0 \u00a0 \u00a0 \u00a0 \u00a0 \u00a0 \u00a0 \u00a0 \u00a0 \u00a0 <strong>\u017dupnijska kavarna<\/strong> \u017eupnije Admont odprt<br \/>14:00 - 16:00\u00a0 \u00a0 \u00a0 \u00a0 \u00a0 \u00a0 <strong>Otro\u0161ki program<\/strong> v muzejski delavnici opatije Admont (1. nadstropje muzeja) - sprememba \u010dasa<br \/>od 16:00 dalje\u00a0 \u00a0 \u00a0 \u00a0 \u00a0 \u00a0 \u00a0 \u00a0 \u00a0 \u00a0<strong>\u00a0 \u00a0Modri igralci vetra<\/strong> MV Admont\/Hall in MV Weng poskrbita za glasbeno adventno vzdu\u0161je<br \/>18:00\u00a0 \u00a0 \u00a0 \u00a0 \u00a0 \u00a0 \u00a0 \u00a0 \u00a0 \u00a0 \u00a0<strong> \u00a0 \u00a0 \u00a0Admont Adventno petje<\/strong> v kolegijski cerkvi<\/p>\n<\/div>\n                    \n                            <\/div>\n        \n            <\/div>\n<\/div>\n\n<\/section>","protected":false},"excerpt":{"rendered":"","protected":false},"author":20,"featured_media":0,"parent":21115,"menu_order":0,"comment_status":"closed","ping_status":"closed","template":"","meta":{"_acf_changed":false,"footnotes":""},"categories":[],"class_list":["post-21126","page","type-page","status-publish","hentry"],"acf":[],"yoast_head":"<!-- This site is optimized with the Yoast SEO Premium plugin v26.0 (Yoast SEO v26.8) - https:\/\/yoast.com\/product\/yoast-seo-premium-wordpress\/ -->\n<title>Programm - Stift Admont<\/title>\n<meta name=\"robots\" content=\"index, follow, max-snippet:-1, max-image-preview:large, max-video-preview:-1\" \/>\n<link rel=\"canonical\" href=\"https:\/\/stiftadmont.at\/sl\/advent-v-opatiji-admont\/adventni-program\/\" \/>\n<meta property=\"og:locale\" content=\"sl_SI\" \/>\n<meta property=\"og:type\" content=\"article\" \/>\n<meta property=\"og:title\" content=\"Programm\" \/>\n<meta property=\"og:url\" content=\"https:\/\/stiftadmont.at\/sl\/advent-v-opatiji-admont\/adventni-program\/\" \/>\n<meta property=\"og:site_name\" content=\"Stift Admont\" \/>\n<meta property=\"article:modified_time\" content=\"2025-12-12T10:32:12+00:00\" \/>\n<meta property=\"og:image\" content=\"https:\/\/stiftadmont.at\/wp-content\/uploads\/Klosteranlage-innen.jpg\" \/>\n\t<meta property=\"og:image:width\" content=\"1912\" \/>\n\t<meta property=\"og:image:height\" content=\"1188\" \/>\n\t<meta property=\"og:image:type\" content=\"image\/jpeg\" \/>\n<meta name=\"twitter:card\" content=\"summary_large_image\" \/>\n<script type=\"application\/ld+json\" class=\"yoast-schema-graph\">{\"@context\":\"https:\/\/schema.org\",\"@graph\":[{\"@type\":\"WebPage\",\"@id\":\"https:\/\/stiftadmont.at\/advent-im-stift-admont\/advent-programm\/\",\"url\":\"https:\/\/stiftadmont.at\/advent-im-stift-admont\/advent-programm\/\",\"name\":\"Programm - Stift Admont\",\"isPartOf\":{\"@id\":\"https:\/\/stiftadmont.at\/#website\"},\"datePublished\":\"2023-09-25T12:24:52+00:00\",\"dateModified\":\"2025-12-12T10:32:12+00:00\",\"breadcrumb\":{\"@id\":\"https:\/\/stiftadmont.at\/advent-im-stift-admont\/advent-programm\/#breadcrumb\"},\"inLanguage\":\"sl-SI\",\"potentialAction\":[{\"@type\":\"ReadAction\",\"target\":[\"https:\/\/stiftadmont.at\/advent-im-stift-admont\/advent-programm\/\"]}]},{\"@type\":\"BreadcrumbList\",\"@id\":\"https:\/\/stiftadmont.at\/advent-im-stift-admont\/advent-programm\/#breadcrumb\",\"itemListElement\":[{\"@type\":\"ListItem\",\"position\":1,\"name\":\"Start\",\"item\":\"https:\/\/stiftadmont.at\/\"},{\"@type\":\"ListItem\",\"position\":2,\"name\":\"Advent im Stift Admont\",\"item\":\"https:\/\/stiftadmont.at\/advent-im-stift-admont\/\"},{\"@type\":\"ListItem\",\"position\":3,\"name\":\"Programm\"}]},{\"@type\":\"WebSite\",\"@id\":\"https:\/\/stiftadmont.at\/#website\",\"url\":\"https:\/\/stiftadmont.at\/\",\"name\":\"Stift Admont\",\"description\":\"Benediktinerkloster und Sehensw\u00fcrdigkeit im Ges\u00e4use\",\"potentialAction\":[{\"@type\":\"SearchAction\",\"target\":{\"@type\":\"EntryPoint\",\"urlTemplate\":\"https:\/\/stiftadmont.at\/?s={search_term_string}\"},\"query-input\":{\"@type\":\"PropertyValueSpecification\",\"valueRequired\":true,\"valueName\":\"search_term_string\"}}],\"inLanguage\":\"sl-SI\"}]}<\/script>\n<!-- \/ Yoast SEO Premium plugin. -->","yoast_head_json":{"title":"Program - Opatija Admont","robots":{"index":"index","follow":"follow","max-snippet":"max-snippet:-1","max-image-preview":"max-image-preview:large","max-video-preview":"max-video-preview:-1"},"canonical":"https:\/\/stiftadmont.at\/sl\/advent-v-opatiji-admont\/adventni-program\/","og_locale":"sl_SI","og_type":"article","og_title":"Programm","og_url":"https:\/\/stiftadmont.at\/sl\/advent-v-opatiji-admont\/adventni-program\/","og_site_name":"Stift Admont","article_modified_time":"2025-12-12T10:32:12+00:00","og_image":[{"width":1912,"height":1188,"url":"https:\/\/stiftadmont.at\/wp-content\/uploads\/Klosteranlage-innen.jpg","type":"image\/jpeg"}],"twitter_card":"summary_large_image","schema":{"@context":"https:\/\/schema.org","@graph":[{"@type":"WebPage","@id":"https:\/\/stiftadmont.at\/advent-im-stift-admont\/advent-programm\/","url":"https:\/\/stiftadmont.at\/advent-im-stift-admont\/advent-programm\/","name":"Program - Opatija Admont","isPartOf":{"@id":"https:\/\/stiftadmont.at\/#website"},"datePublished":"2023-09-25T12:24:52+00:00","dateModified":"2025-12-12T10:32:12+00:00","breadcrumb":{"@id":"https:\/\/stiftadmont.at\/advent-im-stift-admont\/advent-programm\/#breadcrumb"},"inLanguage":"sl-SI","potentialAction":[{"@type":"ReadAction","target":["https:\/\/stiftadmont.at\/advent-im-stift-admont\/advent-programm\/"]}]},{"@type":"BreadcrumbList","@id":"https:\/\/stiftadmont.at\/advent-im-stift-admont\/advent-programm\/#breadcrumb","itemListElement":[{"@type":"ListItem","position":1,"name":"Start","item":"https:\/\/stiftadmont.at\/"},{"@type":"ListItem","position":2,"name":"Advent im Stift Admont","item":"https:\/\/stiftadmont.at\/advent-im-stift-admont\/"},{"@type":"ListItem","position":3,"name":"Programm"}]},{"@type":"WebSite","@id":"https:\/\/stiftadmont.at\/#website","url":"https:\/\/stiftadmont.at\/","name":"Opatija Admont","description":"Benediktinski samostan in turisti\u010dna znamenitost v Ges\u00e4use","potentialAction":[{"@type":"SearchAction","target":{"@type":"EntryPoint","urlTemplate":"https:\/\/stiftadmont.at\/?s={search_term_string}"},"query-input":{"@type":"PropertyValueSpecification","valueRequired":true,"valueName":"search_term_string"}}],"inLanguage":"sl-SI"}]}},"_links":{"self":[{"href":"https:\/\/stiftadmont.at\/sl\/wp-json\/wp\/v2\/pages\/21126","targetHints":{"allow":["GET"]}}],"collection":[{"href":"https:\/\/stiftadmont.at\/sl\/wp-json\/wp\/v2\/pages"}],"about":[{"href":"https:\/\/stiftadmont.at\/sl\/wp-json\/wp\/v2\/types\/page"}],"author":[{"embeddable":true,"href":"https:\/\/stiftadmont.at\/sl\/wp-json\/wp\/v2\/users\/20"}],"replies":[{"embeddable":true,"href":"https:\/\/stiftadmont.at\/sl\/wp-json\/wp\/v2\/comments?post=21126"}],"version-history":[{"count":153,"href":"https:\/\/stiftadmont.at\/sl\/wp-json\/wp\/v2\/pages\/21126\/revisions"}],"predecessor-version":[{"id":38642,"href":"https:\/\/stiftadmont.at\/sl\/wp-json\/wp\/v2\/pages\/21126\/revisions\/38642"}],"up":[{"embeddable":true,"href":"https:\/\/stiftadmont.at\/sl\/wp-json\/wp\/v2\/pages\/21115"}],"wp:attachment":[{"href":"https:\/\/stiftadmont.at\/sl\/wp-json\/wp\/v2\/media?parent=21126"}],"wp:term":[{"taxonomy":"category","embeddable":true,"href":"https:\/\/stiftadmont.at\/sl\/wp-json\/wp\/v2\/categories?post=21126"}],"curies":[{"name":"wp","href":"https:\/\/api.w.org\/{rel}","templated":true}]}}