{"id":21181,"date":"2023-10-06T09:20:52","date_gmt":"2023-10-06T07:20:52","guid":{"rendered":"https:\/\/stiftadmont.at\/?page_id=21181"},"modified":"2025-05-26T13:52:51","modified_gmt":"2025-05-26T11:52:51","slug":"adventni-partner","status":"publish","type":"page","link":"https:\/\/stiftadmont.at\/sl\/advent-im-stift-admont\/advent-partner\/","title":{"rendered":"Adventni partner"},"content":{"rendered":"<section id='lightpress__section--block_fef7ab90673e9a2c3c298d16a71bb986' class='lightpress__section--default-section-space lightpress__section lightpress__section--content'><div class=\"content__inner\"\n         x-init=\"initContentBlockAnim($el)\">\n        \n    <div class=\"content__grid content__grid\">\n                                            <div class=\"content__box content__box--one-hundred\"\n                 style=\"\">\n                                \n                \n                                            <div class=\"prose\"><h5 class=\"heading-m line line-above line--gold\">Benediktinska opatija Admont<\/h5>\n<p>\u00a0<\/p>\n<p class=\"paragraph-m\">Vtis poznobaro\u010dne knji\u017enice je za ve\u010dino gostov osupljiv. To je najve\u010dja samostanska knji\u017eni\u010dna dvorana na svetu. \u017divahen dialog med tradicijo in inovacijami je mogo\u010de do\u017eiveti v vsebini razstave, njenem oblikovanju in \u0161e dale\u010d onkraj. Sodobna umetnost je v sredi\u0161\u010du zbirke. Osrednja to\u010dka so naro\u010dena umetni\u0161ka dela internega programa MADE FOR ADMONT. Posebna zbirka JENSEITS DES SEHENS - KUNST VERBINDET BLINDE UND SEHENDE je edinstvena.<\/p>\n<p>\u00a0<\/p>\n<p>\u00a0<\/p>\n<h5 class=\"heading-m line line-above line--gold\">Turisti\u010dno zdru\u017eenje Ges\u00e4use<\/h5>\n<p>\u00a0<\/p>\n<p class=\"paragraph-m\">Kjer se divje vode rek Salza in Enns sre\u010dujejo z mogo\u010dnimi skalnimi stenami gora Ges\u00e4use, kjer se edini narodni park sre\u010duje z najve\u010djim naravnim parkom na \u0160tajerskem in kjer se tiso\u010dletna visoka kultura opatije Admont sre\u010duje z enako staro ljudsko kulturo - to so Ges\u00e4use. Naj gre za pohodni\u0161tvo, alpinizem, vodne pustolov\u0161\u010dine ali kulturno u\u017eivanje: Ges\u00e4use vam ne ponuja seznama, ki ga morate odkljukati. Je kraj va\u0161ih lastnih mo\u017enosti, da boste tudi vi kon\u010dno lahko rekli. Ges\u00e4use vam daje mo\u010d...<\/p>\n<p>\u00a0<\/p>\n<p>\u00a0<\/p>\n<h5 class=\"heading-m line line-above line--gold\">DVERI PAX<\/h5>\n<p>\u00a0<\/p>\n<p class=\"paragraph-m\">V kleti Dveri-Pax v severovzhodni Sloveniji nadaljujemo ve\u010d kot 800-letno tradicijo vinarstva benediktinskih menihov iz Admonta. Na\u0161i vinogradi se razprostirajo na 73 hektarjih, delamo pa z velikim spo\u0161tovanjem do narave in tradicije ter z izostrenim ob\u010dutkom za trende. Vrhunsko kakovost na\u0161ih vin dokazujejo \u0161tevilne nagrade z najpresti\u017enej\u0161imi ocenami po vsem svetu.<\/p>\n<p>\u00a0<\/p>\n<p>\u00a0<\/p>\n<h5 class=\"heading-m line line-above line--gold\">Kaiserau<\/h5>\n<p>\u00a0<\/p>\n<p class=\"paragraph-m\">Ju\u017eno od Admonta se na pribli\u017eno 1.100 metrih nadmorske vi\u0161ine dviga obse\u017ena visoka planota - o\u010darljiva naravna pokrajina Kaiserau. Presenetljivi Admont Kalbling in njegova okolica nudita idealne pogoje za pohodnike, planince in ljubitelje narave! Majhno, a \u010dudovito smu\u010di\u0161\u010de na \u010dudoviti visoki planoti Kaiserau je s svojimi tremi \u017ei\u010dnicami in \u010darobnimi preprogami v Raiffeisen-Kinderlandu smu\u010di\u0161\u010de regije in \u010dlan zdru\u017eenja Schneeb\u00e4renland!<\/p>\n<p>\u00a0<\/p>\n<p>\u00a0<\/p>\n<h5 class=\"heading-m line line-above line--gold\">Tr\u017eno mesto Admont<\/h5>\n<p>\u00a0<\/p>\n<p class=\"paragraph-m\">Admont, znan tudi kot \"vrata v narodni park Ges\u00e4use\", le\u017ei v \u0161iroki dolinski kotlini v dolini Enns. Benediktinski samostan, ustanovljen leta 1074, hrani najve\u010djo samostansko knji\u017enico na svetu, ume\u0161\u010deno v sodobno muzejsko pokrajino. Drugi kulturni poudarki vklju\u010dujejo letne posebne razstave in neogotsko kolegijsko cerkev. Admont je tr\u017eno mesto od leta 1443 in je bil...<\/p>\n<p>\u00a0<\/p>\n<p>\u00a0<\/p>\n<h5 class=\"heading-m line line-above line--gold\">Narodni park Ges\u00e4use<\/h5>\n<p>\u00a0<\/p>\n<p class=\"paragraph-m\">Narodni park Ges\u00e4use obsega tako reko Ges\u00e4use, tj. divjo reko Enns z monumentalno prelomno dolino med krajema Admont in Hieflau, kot tudi okoli\u0161ke \"gore Ges\u00e4use\", ki se nad temnim dnom doline reke Enns dvigajo kot divje, razgibane visoke gore z apnen\u010dasto svetlimi, raz\u010dlenjenimi skalnimi stenami in nenavadnimi grebeni ter tvorijo resni\u010dno \u010dudovito pokrajino. Narodni park Ges\u00e4use je tretji najve\u010dji narodni park v Avstriji. Nahaja se v Ennstalskih Alpah\/Ges\u00e4use in v bistvu obsega dve gorski verigi Buchsteinmassiv in Hochtorgruppe...<\/p>\n<p>\u00a0<\/p>\n<p>\u00a0<\/p>\n<h5 class=\"heading-m line line-above line--gold\">Grawe<\/h5>\n<p>\u00a0<\/p>\n<p class=\"paragraph-m\">\"V enotnosti mnogih je mo\u010d, ki prina\u0161a dobro. Naloga vsakega od nas je, da k temu prispeva.\" (nadvojvoda Johann, 1846)<\/p>\n<p class=\"paragraph-m\">Nadvojvoda Johann se je zavedal, da se je treba zdru\u017eiti, \u010de ho\u010de\u0161 biti mo\u010dan, in je ustanovil Grazer Wechselseitige kot vzajemno zavarovalno zdru\u017eenje. Danes, po pribli\u017eno 190 letih obstoja, je prvotna ustanovna ideja o skupni odgovornosti bolj aktualna kot kdaj koli prej: gospodarski obstoj je mogo\u010de zagotoviti le s pravo\u010dasnim zagotavljanjem.<\/p>\n<p>\u00a0<\/p>\n<p>\u00a0<\/p>\n<h5 class=\"heading-m line line-above line--gold\">Envesta<\/h5>\n<p>\u00a0<\/p>\n<p class=\"paragraph-m\">V \u010dasu \"energetske revolucije\" je ENVESTA vodilna s svojo zavezanostjo okolju prijaznemu pridobivanju energije iz doma\u010dih in obnovljivih virov: Vodna energija, fotovoltaika in biomasa so jedro proizvodnje energije. Doma\u010di in obnovljivi viri energije se tako v regiji optimalno uporabljajo in prispevajo k okolju prijazni proizvodnji energije. Danes elektrarne dru\u017ebe ENVESTA letno proizvedejo pribli\u017eno 50 milijonov kWh in oskrbujejo veliko skupnost Admont, ...<\/p>\n<p>\u00a0<\/p>\n<p>\u00a0<\/p>\n<h5 class=\"heading-m line line-above line--gold\">Raiffeisenbank Regija Liezen<\/h5>\n<p>\u00a0<\/p>\n<p class=\"paragraph-m\">\u017de od leta 1865 si prizadevamo izpolnjevati posebne zahteve na\u0161ih strank. Na\u0161 \u017eivljenjski prostor mora biti v harmoniji z ljudmi in naravo, sodobne tehnologije pa to omogo\u010dajo. \u017delimo, da se na\u0161e stranke v svojih domovih po\u010dutijo udobno. Za to so potrebni nemoteni procesi in delujo\u010da tehnologija, ki zagotavljajo brezskrbno bivanje. Pomembno nam je, da svoje strokovno znanje uporabimo tam, kjer je potrebno. Izvajamo re\u0161itve od enodru\u017einskih hi\u0161 do industrijskih elektrarn. Izku\u0161nje, ki jih pridobivamo pri tem, se prena\u0161ajo na vsa podro\u010dja na\u0161ega dela.<\/p>\n<\/div>\n                    \n                            <\/div>\n        \n            <\/div>\n<\/div>\n\n<\/section>","protected":false},"excerpt":{"rendered":"","protected":false},"author":20,"featured_media":0,"parent":21115,"menu_order":0,"comment_status":"closed","ping_status":"closed","template":"","meta":{"_acf_changed":false,"footnotes":""},"categories":[],"class_list":["post-21181","page","type-page","status-publish","hentry"],"acf":[],"yoast_head":"<!-- This site is optimized with the Yoast SEO Premium plugin v26.0 (Yoast SEO v26.8) - https:\/\/yoast.com\/product\/yoast-seo-premium-wordpress\/ -->\n<title>Advent-Partner - Stift Admont<\/title>\n<meta name=\"robots\" content=\"index, follow, max-snippet:-1, max-image-preview:large, max-video-preview:-1\" \/>\n<link rel=\"canonical\" href=\"https:\/\/stiftadmont.at\/sl\/advent-v-opatiji-admont\/adventni-partner\/\" \/>\n<meta property=\"og:locale\" content=\"sl_SI\" \/>\n<meta property=\"og:type\" content=\"article\" \/>\n<meta property=\"og:title\" content=\"Advent-Partner\" \/>\n<meta property=\"og:url\" content=\"https:\/\/stiftadmont.at\/sl\/advent-v-opatiji-admont\/adventni-partner\/\" \/>\n<meta property=\"og:site_name\" content=\"Stift Admont\" \/>\n<meta property=\"article:modified_time\" content=\"2025-05-26T11:52:51+00:00\" \/>\n<meta property=\"og:image\" content=\"https:\/\/stiftadmont.at\/wp-content\/uploads\/Klosteranlage-innen.jpg\" \/>\n\t<meta property=\"og:image:width\" content=\"1912\" \/>\n\t<meta property=\"og:image:height\" content=\"1188\" \/>\n\t<meta property=\"og:image:type\" content=\"image\/jpeg\" \/>\n<meta name=\"twitter:card\" content=\"summary_large_image\" \/>\n<script type=\"application\/ld+json\" class=\"yoast-schema-graph\">{\"@context\":\"https:\/\/schema.org\",\"@graph\":[{\"@type\":\"WebPage\",\"@id\":\"https:\/\/stiftadmont.at\/advent-im-stift-admont\/advent-partner\/\",\"url\":\"https:\/\/stiftadmont.at\/advent-im-stift-admont\/advent-partner\/\",\"name\":\"Advent-Partner - Stift Admont\",\"isPartOf\":{\"@id\":\"https:\/\/stiftadmont.at\/#website\"},\"datePublished\":\"2023-10-06T07:20:52+00:00\",\"dateModified\":\"2025-05-26T11:52:51+00:00\",\"breadcrumb\":{\"@id\":\"https:\/\/stiftadmont.at\/advent-im-stift-admont\/advent-partner\/#breadcrumb\"},\"inLanguage\":\"sl-SI\",\"potentialAction\":[{\"@type\":\"ReadAction\",\"target\":[\"https:\/\/stiftadmont.at\/advent-im-stift-admont\/advent-partner\/\"]}]},{\"@type\":\"BreadcrumbList\",\"@id\":\"https:\/\/stiftadmont.at\/advent-im-stift-admont\/advent-partner\/#breadcrumb\",\"itemListElement\":[{\"@type\":\"ListItem\",\"position\":1,\"name\":\"Start\",\"item\":\"https:\/\/stiftadmont.at\/\"},{\"@type\":\"ListItem\",\"position\":2,\"name\":\"Advent im Stift Admont\",\"item\":\"https:\/\/stiftadmont.at\/advent-im-stift-admont\/\"},{\"@type\":\"ListItem\",\"position\":3,\"name\":\"Advent-Partner\"}]},{\"@type\":\"WebSite\",\"@id\":\"https:\/\/stiftadmont.at\/#website\",\"url\":\"https:\/\/stiftadmont.at\/\",\"name\":\"Stift Admont\",\"description\":\"Benediktinerkloster und Sehensw\u00fcrdigkeit im Ges\u00e4use\",\"potentialAction\":[{\"@type\":\"SearchAction\",\"target\":{\"@type\":\"EntryPoint\",\"urlTemplate\":\"https:\/\/stiftadmont.at\/?s={search_term_string}\"},\"query-input\":{\"@type\":\"PropertyValueSpecification\",\"valueRequired\":true,\"valueName\":\"search_term_string\"}}],\"inLanguage\":\"sl-SI\"}]}<\/script>\n<!-- \/ Yoast SEO Premium plugin. -->","yoast_head_json":{"title":"Adventni partner - Admont Abbey","robots":{"index":"index","follow":"follow","max-snippet":"max-snippet:-1","max-image-preview":"max-image-preview:large","max-video-preview":"max-video-preview:-1"},"canonical":"https:\/\/stiftadmont.at\/sl\/advent-v-opatiji-admont\/adventni-partner\/","og_locale":"sl_SI","og_type":"article","og_title":"Advent-Partner","og_url":"https:\/\/stiftadmont.at\/sl\/advent-v-opatiji-admont\/adventni-partner\/","og_site_name":"Stift Admont","article_modified_time":"2025-05-26T11:52:51+00:00","og_image":[{"width":1912,"height":1188,"url":"https:\/\/stiftadmont.at\/wp-content\/uploads\/Klosteranlage-innen.jpg","type":"image\/jpeg"}],"twitter_card":"summary_large_image","schema":{"@context":"https:\/\/schema.org","@graph":[{"@type":"WebPage","@id":"https:\/\/stiftadmont.at\/advent-im-stift-admont\/advent-partner\/","url":"https:\/\/stiftadmont.at\/advent-im-stift-admont\/advent-partner\/","name":"Adventni partner - Admont Abbey","isPartOf":{"@id":"https:\/\/stiftadmont.at\/#website"},"datePublished":"2023-10-06T07:20:52+00:00","dateModified":"2025-05-26T11:52:51+00:00","breadcrumb":{"@id":"https:\/\/stiftadmont.at\/advent-im-stift-admont\/advent-partner\/#breadcrumb"},"inLanguage":"sl-SI","potentialAction":[{"@type":"ReadAction","target":["https:\/\/stiftadmont.at\/advent-im-stift-admont\/advent-partner\/"]}]},{"@type":"BreadcrumbList","@id":"https:\/\/stiftadmont.at\/advent-im-stift-admont\/advent-partner\/#breadcrumb","itemListElement":[{"@type":"ListItem","position":1,"name":"Start","item":"https:\/\/stiftadmont.at\/"},{"@type":"ListItem","position":2,"name":"Advent im Stift Admont","item":"https:\/\/stiftadmont.at\/advent-im-stift-admont\/"},{"@type":"ListItem","position":3,"name":"Advent-Partner"}]},{"@type":"WebSite","@id":"https:\/\/stiftadmont.at\/#website","url":"https:\/\/stiftadmont.at\/","name":"Opatija Admont","description":"Benediktinski samostan in turisti\u010dna znamenitost v Ges\u00e4use","potentialAction":[{"@type":"SearchAction","target":{"@type":"EntryPoint","urlTemplate":"https:\/\/stiftadmont.at\/?s={search_term_string}"},"query-input":{"@type":"PropertyValueSpecification","valueRequired":true,"valueName":"search_term_string"}}],"inLanguage":"sl-SI"}]}},"_links":{"self":[{"href":"https:\/\/stiftadmont.at\/sl\/wp-json\/wp\/v2\/pages\/21181","targetHints":{"allow":["GET"]}}],"collection":[{"href":"https:\/\/stiftadmont.at\/sl\/wp-json\/wp\/v2\/pages"}],"about":[{"href":"https:\/\/stiftadmont.at\/sl\/wp-json\/wp\/v2\/types\/page"}],"author":[{"embeddable":true,"href":"https:\/\/stiftadmont.at\/sl\/wp-json\/wp\/v2\/users\/20"}],"replies":[{"embeddable":true,"href":"https:\/\/stiftadmont.at\/sl\/wp-json\/wp\/v2\/comments?post=21181"}],"version-history":[{"count":24,"href":"https:\/\/stiftadmont.at\/sl\/wp-json\/wp\/v2\/pages\/21181\/revisions"}],"predecessor-version":[{"id":34975,"href":"https:\/\/stiftadmont.at\/sl\/wp-json\/wp\/v2\/pages\/21181\/revisions\/34975"}],"up":[{"embeddable":true,"href":"https:\/\/stiftadmont.at\/sl\/wp-json\/wp\/v2\/pages\/21115"}],"wp:attachment":[{"href":"https:\/\/stiftadmont.at\/sl\/wp-json\/wp\/v2\/media?parent=21181"}],"wp:term":[{"taxonomy":"category","embeddable":true,"href":"https:\/\/stiftadmont.at\/sl\/wp-json\/wp\/v2\/categories?post=21181"}],"curies":[{"name":"wp","href":"https:\/\/api.w.org\/{rel}","templated":true}]}}