{"id":21342,"date":"2023-10-06T09:32:03","date_gmt":"2023-10-06T07:32:03","guid":{"rendered":"https:\/\/stiftadmont.at\/?page_id=21342"},"modified":"2025-02-12T09:29:03","modified_gmt":"2025-02-12T07:29:03","slug":"vodilni-projekt","status":"publish","type":"page","link":"https:\/\/stiftadmont.at\/sl\/advent-im-stift-admont\/leader-projekt\/","title":{"rendered":"Projekt Leader"},"content":{"rendered":"<section id='lightpress__section--block_7c7d402bd602dadda65a9a8b4bddcba2' class='lightpress__section--default-section-space lightpress__section lightpress__section--content'><div class=\"content__inner\"\n         x-init=\"initContentBlockAnim($el)\">\n        \n    <div class=\"content__grid content__grid--fifty-fifty\">\n                                            <div class=\"content__box content__box\"\n                 style=\"\">\n                                \n                \n                                            <div class=\"prose\"><h5 class=\"heading-m line line-above line--gold\">... je zelo bo\u017ei\u010dno...! Izlo\u017ebe, pravlji\u010dne lu\u010dke, prazni\u010dna razsvetljava, ...\u00a0<\/h5>\n<p>\u00a0<\/p>\n<p class=\"paragraph-m\">Medtem ko mnogi odrasli to prazni\u010dno obdobje ob koncu leta hitro ozna\u010dijo za komercialni dogodek in tarnajo nad kupovanjem daril, prazni\u010dnimi ve\u010derjami in dru\u017einskim stresom, pa bo\u017ei\u010dni \u010das je in ostaja \u010darobno do\u017eivetje, zlasti za otroke.<\/p>\n<p>\u00a0<\/p>\n<p class=\"paragraph-m\">Adventni sejmi, adventni koledarji, pi\u0161koti, bo\u017ei\u010dni okraski - in seveda pri\u010dakovanje \u0161tevilnih lepih daril - poskrbijo za hitrej\u0161i utrip srca najmlaj\u0161ih.<\/p>\n<p class=\"paragraph-m\">Namen adventnega sejma v opatiji Admont je otrokom pokazati, da bo\u017ei\u010d niso le ble\u0161\u010de\u010de izlo\u017ebe, darila in sladkarije, ampak tudi razlo\u017eiti simboliko in ozadje tega prazni\u010dnega praznovanja: Toda kaj bo\u017ei\u010d in advent sploh pomenita? Zakaj je ta \u010das tako pomemben za otroke? In kdo so otrok Kristus, sveti Miklav\u017e, Knecht Ruprecht in bo\u017ei\u010dek?<\/p>\n<p class=\"paragraph-m\">V \u010dasu, ko ni mogo\u010de dovolj poudariti strpnosti in odprtosti do drugih verstev, je bo\u017ei\u010dni \u010das tudi \u010dudovita prilo\u017enost, da pribli\u017eamo svoje in tuje tradicije, obi\u010daje in kulture! Advent v opatiji Admont je dobra prilo\u017enost za to, njegov namen pa je obiskovalcem pribli\u017eati nekatere klju\u010dne vidike tradicij in obi\u010dajev.<\/p>\n<p>\u00a0<\/p>\n<p class=\"paragraph-m\">Advent v opatiji Admont obstaja \u017ee skoraj 20 let in se z leti \u0161e naprej razvija in \u0161iri. Dogodek se je uveljavil kot turisti\u010dni in kulturni magnet. Dogodek vsako leto obi\u0161\u010de vse ve\u010d gostov, saj so poleg doma\u010dinov tudi \u0161tevilni turisti navdu\u0161eni nad adventnim trgom, predbo\u017ei\u010dnim vzdu\u0161jem in obse\u017enim spremljevalnim programom (zlasti za otroke).\u00a0<\/p>\n<p>\u00a0<\/p>\n<\/div>\n                    \n                            <\/div>\n        \n                                                    <div class=\"content__box content__box--2\"\n                     >\n                                        \n                    \n                                                <div class=\"content__media stickyTo\" x-init=\"imageSticky($el)\">\n\n                                                                                    <picture\n                                    class=\"content__image sticky\">\n                                <source srcset=\"https:\/\/stiftadmont.at\/wp-content\/uploads\/36_Admonter_Advent_2017_\u00a9StefanLeitner-e1648798842846-1024x768.webp\" type=\"image\/webp\">\n                                <source srcset=\"https:\/\/stiftadmont.at\/wp-content\/uploads\/36_Admonter_Advent_2017_\u00a9StefanLeitner-e1648798842846-1024x768.jpg\" type=\"image\/jpeg\">\n                                <img decoding=\"async\" class=\"sticky\" loading=\"lazy\" src=\"https:\/\/stiftadmont.at\/wp-content\/uploads\/36_Admonter_Advent_2017_\u00a9StefanLeitner-e1648798842846-1024x768.jpg\" alt=\"Advent v opatiji Admont \u00a9 Stefan Leitner\" \/>\n\n                                                                                                                            <\/picture>\n\n                        <\/div>\n\n                                    <\/div>\n            \n            <\/div>\n<\/div>\n\n<\/section>\n\n<section id='lightpress__section--block_d054771a3efac3a446aa2fcbe5067a5a' class='lightpress__section--default-section-space lightpress__section lightpress__section--content'><div class=\"content__inner\"\n         x-init=\"initContentBlockAnim($el)\">\n        \n    <div class=\"content__grid content__grid--fifty-fifty\">\n                                            <div class=\"content__box content__box\"\n                 style=\"\">\n                                \n                \n                                            <div class=\"prose\"><p class=\"paragraph-m\">S tem projektom si zdru\u017eenje \"Advent im Stift Admont\" prizadeva za profesionalizacijo infrastrukturnih pogojev na kraju samem in celotnega tr\u017eenja dogodka. To naj bi zagotovilo dolgoro\u010dno trajnost dogodka. Adventna tr\u017enica bo imela v prihodnje tudi zna\u010daj izmenjave znanja, tako da bo kultura (v smislu tradicij in obi\u010dajev) predstavljena na nizkopra\u017eni na\u010din in bodo o njej zagotovljene informacije.<\/p>\n<p class=\"paragraph-m\">\u00a0<\/p>\n<p class=\"paragraph-m\">Oddaja celotnega projekta do konca septembra 2017.<\/p>\n<p class=\"paragraph-m\">Skupni stro\u0161ki projekta: 38.086,67<\/p>\n<p class=\"paragraph-m\">Najvi\u0161ji znesek subvencije: 22.852,00 EUR<\/p>\n<p class=\"paragraph-m\">Datum zaklju\u010dka: 31\/12\/2018<\/p>\n<\/div>\n                    \n                            <\/div>\n        \n                                                    <div class=\"content__box content__box--2\"\n                     >\n                                        \n                    \n                                                    <div class=\"prose\"><p class=\"paragraph-m\"><strong>Dodatne informacije so na voljo na:\u00a0<\/strong><\/p>\n<p class=\"paragraph-m\"><a href=\"http:\/\/www.landesentwicklung.steiermark.at\/cms\/ziel\/141980347\/DE\" target=\"_blank\" rel=\"noopener noreferrer\">www.landesentwicklung.steiermark.at<\/a><\/p>\n<p class=\"paragraph-m\"><a href=\"http:\/\/www.bmlrt.gv.at\/\">www.bmlrt.gv.at<\/a><\/p>\n<p class=\"paragraph-m\"><a href=\"http:\/\/ec.europa.eu\/agriculture\/rural-development-2014-2020_de\" target=\"_blank\" rel=\"noopener noreferrer\">ec.europa.eu<\/a><\/p>\n<p class=\"paragraph-m\"><a href=\"http:\/\/www.rml.at\/leader\" target=\"_blank\" rel=\"noopener noreferrer\">www.rml.at\/leader<\/a><\/p>\n<\/div>\n                        \n                                    <\/div>\n            \n            <\/div>\n<\/div>\n\n<\/section>\n\n<section id='lightpress__section--block_dc1227da9c26c644f20ecad72f10535c' class='lightpress__section lightpress__section--image lightpress__section-- lightpress__section--'>                        <img decoding=\"async\" src=\"https:\/\/stiftadmont.at\/wp-content\/uploads\/Foeg_Leiste-Bund_ELER_LAND_LEADER-EU-STMK-scaled.jpg\" alt=\"4 Foeg strip Federal+ELER+Land+Leader+EU 2022 4C\" \/>\n<\/section>\n\n<section id='lightpress__section--block_434c068ceed589ac6a5c1ab3a3c3cd6b' class='lightpress__section--default-section-space lightpress__section lightpress__section--content'><div class=\"content__inner\"\n         x-init=\"initContentBlockAnim($el)\">\n        \n    <div class=\"content__grid content__grid\">\n                                            <div class=\"content__box content__box--one-hundred\"\n                 style=\"\">\n                                \n                \n                                            <div class=\"prose\"><\/div>\n                    \n                            <\/div>\n        \n            <\/div>\n<\/div>\n\n<\/section>","protected":false},"excerpt":{"rendered":"","protected":false},"author":20,"featured_media":0,"parent":21115,"menu_order":0,"comment_status":"closed","ping_status":"closed","template":"","meta":{"_acf_changed":false,"footnotes":""},"categories":[],"class_list":["post-21342","page","type-page","status-publish","hentry"],"acf":[],"yoast_head":"<!-- This site is optimized with the Yoast SEO Premium plugin v26.0 (Yoast SEO v26.8) - https:\/\/yoast.com\/product\/yoast-seo-premium-wordpress\/ -->\n<title>Leader-Projekt - Stift Admont<\/title>\n<meta name=\"robots\" content=\"index, follow, max-snippet:-1, max-image-preview:large, max-video-preview:-1\" \/>\n<link rel=\"canonical\" href=\"https:\/\/stiftadmont.at\/sl\/advent-v-opatiji-admont\/vodilni-projekt\/\" \/>\n<meta property=\"og:locale\" content=\"sl_SI\" \/>\n<meta property=\"og:type\" content=\"article\" \/>\n<meta property=\"og:title\" content=\"Leader-Projekt\" \/>\n<meta property=\"og:url\" content=\"https:\/\/stiftadmont.at\/sl\/advent-v-opatiji-admont\/vodilni-projekt\/\" \/>\n<meta property=\"og:site_name\" content=\"Stift Admont\" \/>\n<meta property=\"article:modified_time\" content=\"2025-02-12T07:29:03+00:00\" \/>\n<meta property=\"og:image\" content=\"https:\/\/stiftadmont.at\/wp-content\/uploads\/Klosteranlage-innen.jpg\" \/>\n\t<meta property=\"og:image:width\" content=\"1912\" \/>\n\t<meta property=\"og:image:height\" content=\"1188\" \/>\n\t<meta property=\"og:image:type\" content=\"image\/jpeg\" \/>\n<meta name=\"twitter:card\" content=\"summary_large_image\" \/>\n<script type=\"application\/ld+json\" class=\"yoast-schema-graph\">{\"@context\":\"https:\/\/schema.org\",\"@graph\":[{\"@type\":\"WebPage\",\"@id\":\"https:\/\/stiftadmont.at\/advent-im-stift-admont\/leader-projekt\/\",\"url\":\"https:\/\/stiftadmont.at\/advent-im-stift-admont\/leader-projekt\/\",\"name\":\"Leader-Projekt - Stift Admont\",\"isPartOf\":{\"@id\":\"https:\/\/stiftadmont.at\/#website\"},\"datePublished\":\"2023-10-06T07:32:03+00:00\",\"dateModified\":\"2025-02-12T07:29:03+00:00\",\"breadcrumb\":{\"@id\":\"https:\/\/stiftadmont.at\/advent-im-stift-admont\/leader-projekt\/#breadcrumb\"},\"inLanguage\":\"sl-SI\",\"potentialAction\":[{\"@type\":\"ReadAction\",\"target\":[\"https:\/\/stiftadmont.at\/advent-im-stift-admont\/leader-projekt\/\"]}]},{\"@type\":\"BreadcrumbList\",\"@id\":\"https:\/\/stiftadmont.at\/advent-im-stift-admont\/leader-projekt\/#breadcrumb\",\"itemListElement\":[{\"@type\":\"ListItem\",\"position\":1,\"name\":\"Start\",\"item\":\"https:\/\/stiftadmont.at\/\"},{\"@type\":\"ListItem\",\"position\":2,\"name\":\"Advent im Stift Admont\",\"item\":\"https:\/\/stiftadmont.at\/advent-im-stift-admont\/\"},{\"@type\":\"ListItem\",\"position\":3,\"name\":\"Leader-Projekt\"}]},{\"@type\":\"WebSite\",\"@id\":\"https:\/\/stiftadmont.at\/#website\",\"url\":\"https:\/\/stiftadmont.at\/\",\"name\":\"Stift Admont\",\"description\":\"Benediktinerkloster und Sehensw\u00fcrdigkeit im Ges\u00e4use\",\"potentialAction\":[{\"@type\":\"SearchAction\",\"target\":{\"@type\":\"EntryPoint\",\"urlTemplate\":\"https:\/\/stiftadmont.at\/?s={search_term_string}\"},\"query-input\":{\"@type\":\"PropertyValueSpecification\",\"valueRequired\":true,\"valueName\":\"search_term_string\"}}],\"inLanguage\":\"sl-SI\"}]}<\/script>\n<!-- \/ Yoast SEO Premium plugin. -->","yoast_head_json":{"title":"Projekt Leader - opatija Admont","robots":{"index":"index","follow":"follow","max-snippet":"max-snippet:-1","max-image-preview":"max-image-preview:large","max-video-preview":"max-video-preview:-1"},"canonical":"https:\/\/stiftadmont.at\/sl\/advent-v-opatiji-admont\/vodilni-projekt\/","og_locale":"sl_SI","og_type":"article","og_title":"Leader-Projekt","og_url":"https:\/\/stiftadmont.at\/sl\/advent-v-opatiji-admont\/vodilni-projekt\/","og_site_name":"Stift Admont","article_modified_time":"2025-02-12T07:29:03+00:00","og_image":[{"width":1912,"height":1188,"url":"https:\/\/stiftadmont.at\/wp-content\/uploads\/Klosteranlage-innen.jpg","type":"image\/jpeg"}],"twitter_card":"summary_large_image","schema":{"@context":"https:\/\/schema.org","@graph":[{"@type":"WebPage","@id":"https:\/\/stiftadmont.at\/advent-im-stift-admont\/leader-projekt\/","url":"https:\/\/stiftadmont.at\/advent-im-stift-admont\/leader-projekt\/","name":"Projekt Leader - opatija Admont","isPartOf":{"@id":"https:\/\/stiftadmont.at\/#website"},"datePublished":"2023-10-06T07:32:03+00:00","dateModified":"2025-02-12T07:29:03+00:00","breadcrumb":{"@id":"https:\/\/stiftadmont.at\/advent-im-stift-admont\/leader-projekt\/#breadcrumb"},"inLanguage":"sl-SI","potentialAction":[{"@type":"ReadAction","target":["https:\/\/stiftadmont.at\/advent-im-stift-admont\/leader-projekt\/"]}]},{"@type":"BreadcrumbList","@id":"https:\/\/stiftadmont.at\/advent-im-stift-admont\/leader-projekt\/#breadcrumb","itemListElement":[{"@type":"ListItem","position":1,"name":"Start","item":"https:\/\/stiftadmont.at\/"},{"@type":"ListItem","position":2,"name":"Advent im Stift Admont","item":"https:\/\/stiftadmont.at\/advent-im-stift-admont\/"},{"@type":"ListItem","position":3,"name":"Leader-Projekt"}]},{"@type":"WebSite","@id":"https:\/\/stiftadmont.at\/#website","url":"https:\/\/stiftadmont.at\/","name":"Opatija Admont","description":"Benediktinski samostan in turisti\u010dna znamenitost v Ges\u00e4use","potentialAction":[{"@type":"SearchAction","target":{"@type":"EntryPoint","urlTemplate":"https:\/\/stiftadmont.at\/?s={search_term_string}"},"query-input":{"@type":"PropertyValueSpecification","valueRequired":true,"valueName":"search_term_string"}}],"inLanguage":"sl-SI"}]}},"_links":{"self":[{"href":"https:\/\/stiftadmont.at\/sl\/wp-json\/wp\/v2\/pages\/21342","targetHints":{"allow":["GET"]}}],"collection":[{"href":"https:\/\/stiftadmont.at\/sl\/wp-json\/wp\/v2\/pages"}],"about":[{"href":"https:\/\/stiftadmont.at\/sl\/wp-json\/wp\/v2\/types\/page"}],"author":[{"embeddable":true,"href":"https:\/\/stiftadmont.at\/sl\/wp-json\/wp\/v2\/users\/20"}],"replies":[{"embeddable":true,"href":"https:\/\/stiftadmont.at\/sl\/wp-json\/wp\/v2\/comments?post=21342"}],"version-history":[{"count":24,"href":"https:\/\/stiftadmont.at\/sl\/wp-json\/wp\/v2\/pages\/21342\/revisions"}],"predecessor-version":[{"id":32805,"href":"https:\/\/stiftadmont.at\/sl\/wp-json\/wp\/v2\/pages\/21342\/revisions\/32805"}],"up":[{"embeddable":true,"href":"https:\/\/stiftadmont.at\/sl\/wp-json\/wp\/v2\/pages\/21115"}],"wp:attachment":[{"href":"https:\/\/stiftadmont.at\/sl\/wp-json\/wp\/v2\/media?parent=21342"}],"wp:term":[{"taxonomy":"category","embeddable":true,"href":"https:\/\/stiftadmont.at\/sl\/wp-json\/wp\/v2\/categories?post=21342"}],"curies":[{"name":"wp","href":"https:\/\/api.w.org\/{rel}","templated":true}]}}