{"id":23952,"date":"2023-12-02T18:15:09","date_gmt":"2023-12-02T16:15:09","guid":{"rendered":"https:\/\/stiftadmont.at\/?page_id=23952"},"modified":"2024-06-07T09:12:09","modified_gmt":"2024-06-07T07:12:09","slug":"pravilo-svetega-benedikta","status":"publish","type":"page","link":"https:\/\/stiftadmont.at\/sl\/950-jahre-stift-admont\/die-regel-des-hl-benedikt\/","title":{"rendered":"Pravilo svetega Benedikta"},"content":{"rendered":"<section id='lightpress__section--block_538a6b45cef88816afbdd1ec83fb9ba2' class='align-center lightpress__section--default-section-space lightpress__section lightpress__section--headline'><div class=\"headline__container\">\n            <h2 class=\"headline text--40 text-medium line line--gold line-above line-middle\">Pravilo svetega Benedikta<\/h2>\n        <p class=\"text-center text-gold text--20 text-medium text--uppercase\">Srce, roke in mo\u017egani samostana<\/p>\n        <div class=\"spacer--40\"><\/div>\n<\/div>\n\n<\/section>\n\n<section id='lightpress__section--block_0c6ff94ea3413abba14d6632ea7a913c' class='lightpress__section--default-section-space lightpress__section lightpress__section--content'><div class=\"content__inner\"\n         x-init=\"initContentBlockAnim($el)\">\n        \n    <div class=\"content__grid content__grid--fifty-fifty\">\n                                            <div class=\"content__box content__box\"\n                 style=\"margin-top: -2em;max-width:850px;justify-self: center;\">\n                                \n                \n                                            <div class=\"prose\"><p><strong>Ko je bila leta 1074 ustanovljena benediktinska opatija Admont, so menihi in nune \u017ee ve\u010d kot 500 let \u017eiveli v skladu s Pravili svetega Benedikta po vsem takrat znanem svetu. <\/strong><\/p>\n<p>Benedikt se je rodil okoli leta 480 v dana\u0161nji Italiji kot sin bogatega zemlji\u0161kega posestnika. Poslali so ga \u0161tudirat v Rim, vendar je \u0161tudij kmalu opustil in za\u017eivel kot pu\u0161\u010davnik v gorah Enfide. Kmalu je pritegnil pozornost ljudi v okolici, tako da ga je samostanska skupnost v Vicovaro izvolila za svojega opata. Vendar je bila napetost v tej skupnosti tako velika, da je Benedikt ponovno zapustil samostan, potem ko so ga posku\u0161ali ubiti. <\/p>\n<p>Sveti Benedikt se je umaknil v Subiaco in tam po izro\u010dilu ustanovil 12 majhnih samostanov. Samostan Santa Scolastica, ki je posve\u010den njegovi sestri dvoj\u010dici, tam obstaja \u0161e danes. Zaradi sporov z lokalnimi duhovniki in \u0161kofom je bila potrebna \u0161e ena poteza. Leta 529 se je Benedikt preselil v 80 kilometrov oddaljeni Monte Cassino in tam ustanovil \u0161e en samostan, ki danes velja za mati\u010dni samostan benediktincev. <br \/>Hi\u0161na pravila, ki jih je napisal za Monte Cassino, so se hitro raz\u0161irila in danes po njih \u017eivi pribli\u017eno 40.000 menihov in nun po vsem svetu. Namen Regula Benedicti je \u017eiveti po Jezusovem sporo\u010dilu. <br \/>Benediktovo pravilo je v prvotnem smislu navodilo za \u017eivljenje po evangeliju. V izro\u010dilu je povzeto s tremi latinskimi besedami \"ora et labora et lege\" - \"moli, delaj in beri\". Ta benediktinska triada je zna\u010dilna za samostansko \u017eivljenje. Na prvem mestu je molitev, ki ji po Benediktovem prepri\u010danju ni ni\u010d bolj\u0161ega od molitve. Menihi v Admontu se ve\u010dkrat na dan zberejo v t. i. kapelici z zborom in skupaj molijo liturgijo ur. Ta kapela je nekako osrednji del na\u0161e hi\u0161e. Molitev dolo\u010da ritem dneva in benediktinskega \u017eivljenja. V molitvi povezujemo svoje srce z Bo\u017ejim srcem. Poslu\u0161amo s srcem, kot od nas zahteva sveti Benedikt. Brez redne molitve samostan ne bi bil samostan. Po molitvi naj se menihi lotijo dela, ki jim je dodeljeno.<\/p>\n<\/div>\n                    \n                            <\/div>\n        \n                                                    <div class=\"content__box content__box--2\"\n                     >\n                                        \n                                            \n                                                    <a href=\"https:\/\/www.youtube.com\/watch?v=-XzoCNJINJw\" class=\"content__video content__media\"\n                               x-data\n x-init=\"initContentLightBox('#lightpress__section--block_0c6ff94ea3413abba14d6632ea7a913c .content__video')\">\n                                                                \n                                <picture class=\"content__image\">\n                                    <source srcset=\"https:\/\/stiftadmont.at\/wp-content\/uploads\/Stift_Admont_\u00a9StefanLeitner_029-1024x735.webp\" type=\"image\/webp\">\n                                    <source srcset=\"https:\/\/stiftadmont.at\/wp-content\/uploads\/Stift_Admont_\u00a9StefanLeitner_029-1024x735.jpg\" type=\"image\/jpeg\">\n                                    <img decoding=\"async\" class=\"content__image\" loading=\"lazy\" src=\"https:\/\/stiftadmont.at\/wp-content\/uploads\/Stift_Admont_\u00a9StefanLeitner_029-1024x735.jpg\" alt=\"Opatija Admont \u00a9StefanLeitner 029\" width=\"600\" height=\"450\" \/>\n                                <\/picture>\n\n                                <span class=\"overlay-dark\"><\/span>\n                                <span class=\"content-overlay\"><\/span>\n                                <div class=\"content__plaque\">\n                                    <div class=\"content__plaque-inner\">\n                                        <span><i class=\"fas fa-play content__icon\"><\/i><\/span>\n                                        <p class=\"paragraph-m\">Igraj<\/p>\n                                    <\/div>\n                                <\/div>\n                            <\/a>\n                        \n                                    <\/div>\n            \n            <\/div>\n<\/div>\n\n<\/section>\n\n<section id='lightpress__section--block_9e3d7ac84140db7e67157fcd385ab045' class='lightpress__section--default-section-space lightpress__section lightpress__section--content'><div class=\"content__inner\"\n         x-init=\"initContentBlockAnim($el)\">\n        \n    <div class=\"content__grid content__grid\">\n                                            <div class=\"content__box content__box--one-hundred\"\n                 style=\"\">\n                                \n                \n                                            <div class=\"prose\"><p>To obmo\u010dje se je od \u010dasov svetega Benedikta precej spremenilo. V preteklosti so se ukvarjali predvsem s kmetijstvom, danes pa imajo menihi \u0161e veliko drugih nalog. Menihi naj bi \u017eiveli od dela svojih rok, zato ta jubilejna izdaja posku\u0161a prikazati razli\u010dne naloge admontskih menihov v preteklosti in danes. Poleg molitve in dela je bistveni del \u017eivljenja benediktinskega meniha tudi duhovno branje. Menih mora vsak dan porabiti dolo\u010den \u010das za branje Svetega pisma in drugih duhovnih besedil. To vsakodnevno ukvarjanje naj bi slu\u017eilo kot hrana za mo\u017egane in tako menihu pomagalo razviti \u0161e globlji odnos s Kristusom.<br \/>Poleg te velike trojice sveti Benedikt ureja \u0161e \u0161tevilne manj\u0161e in pogosto na videz neopazne zadeve, ki pa imajo globlji smisel v \u0161ir\u0161i strukturi samostana. Svetemu Benediktu je pomembno, da lahko njegovi menihi uspe\u0161no \u017eivijo. Nih\u010de ne sme biti preobremenjen, nih\u010de ne sme biti prikraj\u0161an. Samostan mora biti kraj miru in medsebojne dobre volje. Benedikt svoje pravilo kon\u010da z besedami \"Ut in omnibus glorificetur Deus\" - \"Da bi bil Bog v vsem poveli\u010dan\". Ta stavek tako stoji v ozadju vseh njegovih navodil. Vse je treba delati v Bo\u017ejo slavo.<\/p>\n<\/div>\n                    \n                            <\/div>\n        \n            <\/div>\n<\/div>\n\n<\/section>","protected":false},"excerpt":{"rendered":"","protected":false},"author":7,"featured_media":0,"parent":22541,"menu_order":9,"comment_status":"closed","ping_status":"closed","template":"","meta":{"_acf_changed":false,"footnotes":""},"categories":[],"class_list":["post-23952","page","type-page","status-publish","hentry"],"acf":[],"yoast_head":"<!-- This site is optimized with the Yoast SEO Premium plugin v26.0 (Yoast SEO v26.8) - https:\/\/yoast.com\/product\/yoast-seo-premium-wordpress\/ -->\n<title>Die Regel des Hl. Benedikt - Stift Admont<\/title>\n<meta name=\"robots\" content=\"index, follow, max-snippet:-1, max-image-preview:large, max-video-preview:-1\" \/>\n<link rel=\"canonical\" href=\"https:\/\/stiftadmont.at\/sl\/950-let-opatije-admont\/pravilo-svetega-benedikta\/\" \/>\n<meta property=\"og:locale\" content=\"sl_SI\" \/>\n<meta property=\"og:type\" content=\"article\" \/>\n<meta property=\"og:title\" content=\"Die Regel des Hl. Benedikt\" \/>\n<meta property=\"og:url\" content=\"https:\/\/stiftadmont.at\/sl\/950-let-opatije-admont\/pravilo-svetega-benedikta\/\" \/>\n<meta property=\"og:site_name\" content=\"Stift Admont\" \/>\n<meta property=\"article:modified_time\" content=\"2024-06-07T07:12:09+00:00\" \/>\n<meta property=\"og:image\" content=\"https:\/\/stiftadmont.at\/wp-content\/uploads\/Klosteranlage-innen.jpg\" \/>\n\t<meta property=\"og:image:width\" content=\"1912\" \/>\n\t<meta property=\"og:image:height\" content=\"1188\" \/>\n\t<meta property=\"og:image:type\" content=\"image\/jpeg\" \/>\n<meta name=\"twitter:card\" content=\"summary_large_image\" \/>\n<script type=\"application\/ld+json\" class=\"yoast-schema-graph\">{\"@context\":\"https:\/\/schema.org\",\"@graph\":[{\"@type\":\"WebPage\",\"@id\":\"https:\/\/stiftadmont.at\/950-jahre-stift-admont\/die-regel-des-hl-benedikt\/\",\"url\":\"https:\/\/stiftadmont.at\/950-jahre-stift-admont\/die-regel-des-hl-benedikt\/\",\"name\":\"Die Regel des Hl. Benedikt - Stift Admont\",\"isPartOf\":{\"@id\":\"https:\/\/stiftadmont.at\/#website\"},\"datePublished\":\"2023-12-02T16:15:09+00:00\",\"dateModified\":\"2024-06-07T07:12:09+00:00\",\"breadcrumb\":{\"@id\":\"https:\/\/stiftadmont.at\/950-jahre-stift-admont\/die-regel-des-hl-benedikt\/#breadcrumb\"},\"inLanguage\":\"sl-SI\",\"potentialAction\":[{\"@type\":\"ReadAction\",\"target\":[\"https:\/\/stiftadmont.at\/950-jahre-stift-admont\/die-regel-des-hl-benedikt\/\"]}]},{\"@type\":\"BreadcrumbList\",\"@id\":\"https:\/\/stiftadmont.at\/950-jahre-stift-admont\/die-regel-des-hl-benedikt\/#breadcrumb\",\"itemListElement\":[{\"@type\":\"ListItem\",\"position\":1,\"name\":\"Start\",\"item\":\"https:\/\/stiftadmont.at\/\"},{\"@type\":\"ListItem\",\"position\":2,\"name\":\"950 Jahre Stift Admont\",\"item\":\"https:\/\/stiftadmont.at\/950-jahre-stift-admont\/\"},{\"@type\":\"ListItem\",\"position\":3,\"name\":\"Die Regel des Hl. Benedikt\"}]},{\"@type\":\"WebSite\",\"@id\":\"https:\/\/stiftadmont.at\/#website\",\"url\":\"https:\/\/stiftadmont.at\/\",\"name\":\"Stift Admont\",\"description\":\"Benediktinerkloster und Sehensw\u00fcrdigkeit im Ges\u00e4use\",\"potentialAction\":[{\"@type\":\"SearchAction\",\"target\":{\"@type\":\"EntryPoint\",\"urlTemplate\":\"https:\/\/stiftadmont.at\/?s={search_term_string}\"},\"query-input\":{\"@type\":\"PropertyValueSpecification\",\"valueRequired\":true,\"valueName\":\"search_term_string\"}}],\"inLanguage\":\"sl-SI\"}]}<\/script>\n<!-- \/ Yoast SEO Premium plugin. -->","yoast_head_json":{"title":"Pravilo svetega Benedikta - Opatija Admont","robots":{"index":"index","follow":"follow","max-snippet":"max-snippet:-1","max-image-preview":"max-image-preview:large","max-video-preview":"max-video-preview:-1"},"canonical":"https:\/\/stiftadmont.at\/sl\/950-let-opatije-admont\/pravilo-svetega-benedikta\/","og_locale":"sl_SI","og_type":"article","og_title":"Die Regel des Hl. Benedikt","og_url":"https:\/\/stiftadmont.at\/sl\/950-let-opatije-admont\/pravilo-svetega-benedikta\/","og_site_name":"Stift Admont","article_modified_time":"2024-06-07T07:12:09+00:00","og_image":[{"width":1912,"height":1188,"url":"https:\/\/stiftadmont.at\/wp-content\/uploads\/Klosteranlage-innen.jpg","type":"image\/jpeg"}],"twitter_card":"summary_large_image","schema":{"@context":"https:\/\/schema.org","@graph":[{"@type":"WebPage","@id":"https:\/\/stiftadmont.at\/950-jahre-stift-admont\/die-regel-des-hl-benedikt\/","url":"https:\/\/stiftadmont.at\/950-jahre-stift-admont\/die-regel-des-hl-benedikt\/","name":"Pravilo svetega Benedikta - Opatija Admont","isPartOf":{"@id":"https:\/\/stiftadmont.at\/#website"},"datePublished":"2023-12-02T16:15:09+00:00","dateModified":"2024-06-07T07:12:09+00:00","breadcrumb":{"@id":"https:\/\/stiftadmont.at\/950-jahre-stift-admont\/die-regel-des-hl-benedikt\/#breadcrumb"},"inLanguage":"sl-SI","potentialAction":[{"@type":"ReadAction","target":["https:\/\/stiftadmont.at\/950-jahre-stift-admont\/die-regel-des-hl-benedikt\/"]}]},{"@type":"BreadcrumbList","@id":"https:\/\/stiftadmont.at\/950-jahre-stift-admont\/die-regel-des-hl-benedikt\/#breadcrumb","itemListElement":[{"@type":"ListItem","position":1,"name":"Start","item":"https:\/\/stiftadmont.at\/"},{"@type":"ListItem","position":2,"name":"950 Jahre Stift Admont","item":"https:\/\/stiftadmont.at\/950-jahre-stift-admont\/"},{"@type":"ListItem","position":3,"name":"Die Regel des Hl. Benedikt"}]},{"@type":"WebSite","@id":"https:\/\/stiftadmont.at\/#website","url":"https:\/\/stiftadmont.at\/","name":"Opatija Admont","description":"Benediktinski samostan in turisti\u010dna znamenitost v Ges\u00e4use","potentialAction":[{"@type":"SearchAction","target":{"@type":"EntryPoint","urlTemplate":"https:\/\/stiftadmont.at\/?s={search_term_string}"},"query-input":{"@type":"PropertyValueSpecification","valueRequired":true,"valueName":"search_term_string"}}],"inLanguage":"sl-SI"}]}},"_links":{"self":[{"href":"https:\/\/stiftadmont.at\/sl\/wp-json\/wp\/v2\/pages\/23952","targetHints":{"allow":["GET"]}}],"collection":[{"href":"https:\/\/stiftadmont.at\/sl\/wp-json\/wp\/v2\/pages"}],"about":[{"href":"https:\/\/stiftadmont.at\/sl\/wp-json\/wp\/v2\/types\/page"}],"author":[{"embeddable":true,"href":"https:\/\/stiftadmont.at\/sl\/wp-json\/wp\/v2\/users\/7"}],"replies":[{"embeddable":true,"href":"https:\/\/stiftadmont.at\/sl\/wp-json\/wp\/v2\/comments?post=23952"}],"version-history":[{"count":5,"href":"https:\/\/stiftadmont.at\/sl\/wp-json\/wp\/v2\/pages\/23952\/revisions"}],"predecessor-version":[{"id":26403,"href":"https:\/\/stiftadmont.at\/sl\/wp-json\/wp\/v2\/pages\/23952\/revisions\/26403"}],"up":[{"embeddable":true,"href":"https:\/\/stiftadmont.at\/sl\/wp-json\/wp\/v2\/pages\/22541"}],"wp:attachment":[{"href":"https:\/\/stiftadmont.at\/sl\/wp-json\/wp\/v2\/media?parent=23952"}],"wp:term":[{"taxonomy":"category","embeddable":true,"href":"https:\/\/stiftadmont.at\/sl\/wp-json\/wp\/v2\/categories?post=23952"}],"curies":[{"name":"wp","href":"https:\/\/api.w.org\/{rel}","templated":true}]}}