{"id":24672,"date":"2023-12-20T11:21:43","date_gmt":"2023-12-20T09:21:43","guid":{"rendered":"https:\/\/stiftadmont.at\/?page_id=24672"},"modified":"2025-06-04T09:37:45","modified_gmt":"2025-06-04T07:37:45","slug":"ponovna-vzpostavitev-multimedijskih-sob-v-opatiji-admont","status":"publish","type":"page","link":"https:\/\/stiftadmont.at\/sl\/aktuelle-ausstellungen\/relaunch-der-multimedia-raeume-im-stift-admont\/","title":{"rendered":"Multimedijske sobe v Admont Abbey"},"content":{"rendered":"<section id='lightpress__section--block_88995b5275c445ba8010ff8ae85feb48' class='align-center lightpress__section--default-section-space lightpress__section lightpress__section--headline'><div class=\"headline__container\">\n            <p class=\"headline text--40 text-medium line line--gold line-above line-middle\">Multimedijske sobe v muzeju opatije Admont<\/p>\n        <p class=\"text-center text-gold text--20 text-medium text--uppercase\">Od leta 2003 ima muzej opatije Admont tri multimedijske sobe, ki jih je zasnoval Peter Hans Felzmann.<\/p>\n        <div class=\"spacer--40\"><\/div>\n<\/div>\n\n<\/section>\n\n<section id='lightpress__section--block_0ded1a3e51dce8cfcf14f660a6a54c84' class='lightpress__section--default-section-space lightpress__section lightpress__section--content'><div class=\"content__inner\"\n         x-init=\"initContentBlockAnim($el)\">\n        \n    <div class=\"content__grid content__grid--fifty-fifty\">\n                                            <div class=\"content__box content__box\"\n                 style=\"\">\n                                \n                \n                                            <div class=\"prose\"><h5 class=\"heading-m line line-above line--gold\">Prenova multimedije v opatiji Admont - Nova izku\u0161nja poti svetega Benedikta<\/h5>\n<p>\u00a0<\/p>\n<p>Potopite se v razgibano \u017eivljenje ustanovitelja reda Benedikta iz Nursije in izkusite, kako je ve\u010d stoletij stara \"Regula Benedicti\" postala sodoben kompas vrednot - predstavljena na vznemirljiv, razumljiv in privla\u010den na\u010din. Dve multimedijski sobi za do\u017eivetja v benediktinski opatiji Admont o\u017eivljata zgodovino in duhovnost:<\/p>\n<p>\u00a0<\/p>\n<ul>\n<li>Prva soba pripoveduje o \u017eivljenju svetega Benedikta - impresivno in atmosferi\u010dno.<\/li>\n<li>V drugi sobi je na sodoben in zabaven na\u010din razlo\u017eena \"Regula Benedicti\", ki velja za temelj \u0161tevilnih evropskih ustav.<\/li>\n<\/ul>\n<p>\u00a0<\/p>\n<p><strong>Tehni\u010dno in vsebinsko na novo uprizorjena<\/strong><\/p>\n<p>\u00a0<\/p>\n<p>Po 20 letih delovanja so bile ve\u010dkrat nagrajene sobe, ki so prejele dr\u017eavno nagrado za multimedijo, posodobljene. Sodobna tehnologija LED, na novo prirejeno filmsko gradivo, posodobljena vsebina in subtilni arhitekturni posegi ustvarjajo sve\u017e ob\u010dutek prostora z globino in slogom.<\/p>\n<p>\u00a0<\/p>\n<p><strong>Izku\u0161nje z dodano vrednostjo<\/strong><\/p>\n<p>\u00a0<\/p>\n<p>Zgodovinski pregledi, duhovne spodbude ali vpogledi v dana\u0161nje samostansko \u017eivljenje - tu se znanje prena\u0161a \u010dustveno, ostaja v spominu in je preprosto zabavno.<\/p>\n<p>\u00a0<\/p>\n<p>Do\u017eivite \"Pot svetega Benedikta\" in \"Pot pravila\" - na novo zasnovana, na novo oblikovana, nepozabno predstavljena.<\/p>\n<p>\u00a0<\/p>\n<p><em>Videoposnetek: MonteProjekts, Avstrija.<\/em><\/p>\n<\/div>\n                    \n                            <\/div>\n        \n                                                    <div class=\"content__box content__box--2\"\n                     >\n                                        \n                    \n                                                <div class=\"content__media stickyTo\" x-init=\"imageSticky($el)\">\n\n                                                                                    <picture\n                                    class=\"content__image sticky\">\n                                <source srcset=\"https:\/\/stiftadmont.at\/wp-content\/uploads\/RAUM_der_Weg_des-Hl_B_004-\u00a9-Michael-Richter-Grall-P.H.-Felzmann-1024x629.webp\" type=\"image\/webp\">\n                                <source srcset=\"https:\/\/stiftadmont.at\/wp-content\/uploads\/RAUM_der_Weg_des-Hl_B_004-\u00a9-Michael-Richter-Grall-P.H.-Felzmann-1024x629.jpg\" type=\"image\/jpeg\">\n                                <img decoding=\"async\" class=\"sticky\" loading=\"lazy\" src=\"https:\/\/stiftadmont.at\/wp-content\/uploads\/RAUM_der_Weg_des-Hl_B_004-\u00a9-Michael-Richter-Grall-P.H.-Felzmann-1024x629.jpg\" alt=\"RAUM pot svetega B 004 \u00a9 Michael Richter Grall &amp; P.H. Felzmann\" \/>\n\n                                                                    <div class=\"spacer--20\"><\/div>\n                                                                                                                                    <p class=\"text--15\">RAUM pot svetega B 004 \u00a9 Michael Richter Grall &amp; P.H. Felzmann<\/p>\n                                                            <\/picture>\n\n                        <\/div>\n\n                                    <\/div>\n            \n            <\/div>\n<\/div>\n\n<\/section>\n\n<section id='lightpress__section--block_e6b33f8effd96514c38602f9fc3e5c23' class='bg--beige lightpress__section--colored-bg lightpress__section--default-section-space lightpress__section lightpress__section--content'><div class=\"content__inner\"\n         x-init=\"initContentBlockAnim($el)\">\n        \n    <div class=\"content__grid content__grid\">\n                                            <div class=\"content__box content__box--one-hundred\"\n                 style=\"\">\n                                \n                \n                                            <div class=\"prose\"><\/div>\n                    \n                            <\/div>\n        \n            <\/div>\n<\/div>\n\n    <div class=\"background__container background__container--beige\">\n    <\/div>\n\n<\/section>","protected":false},"excerpt":{"rendered":"","protected":false},"author":7,"featured_media":0,"parent":13092,"menu_order":0,"comment_status":"closed","ping_status":"closed","template":"","meta":{"_acf_changed":false,"footnotes":""},"categories":[74],"class_list":["post-24672","page","type-page","status-publish","hentry","category-aktuelle-ausstellungen"],"acf":[],"yoast_head":"<!-- This site is optimized with the Yoast SEO Premium plugin v26.0 (Yoast SEO v26.8) - https:\/\/yoast.com\/product\/yoast-seo-premium-wordpress\/ -->\n<title>Multimedia-R\u00e4ume im Stift Admont - Stift Admont<\/title>\n<meta name=\"robots\" content=\"index, follow, max-snippet:-1, max-image-preview:large, max-video-preview:-1\" \/>\n<link rel=\"canonical\" href=\"https:\/\/stiftadmont.at\/sl\/aktualne-razstave\/ponovna-vzpostavitev-multimedijskih-sob-v-opatiji-admont\/\" \/>\n<meta property=\"og:locale\" content=\"sl_SI\" \/>\n<meta property=\"og:type\" content=\"article\" \/>\n<meta property=\"og:title\" content=\"Multimedia-R\u00e4ume im Stift Admont\" \/>\n<meta property=\"og:url\" content=\"https:\/\/stiftadmont.at\/sl\/aktualne-razstave\/ponovna-vzpostavitev-multimedijskih-sob-v-opatiji-admont\/\" \/>\n<meta property=\"og:site_name\" content=\"Stift Admont\" \/>\n<meta property=\"article:modified_time\" content=\"2025-06-04T07:37:45+00:00\" \/>\n<meta property=\"og:image\" content=\"https:\/\/stiftadmont.at\/wp-content\/uploads\/Klosteranlage-innen.jpg\" \/>\n\t<meta property=\"og:image:width\" content=\"1912\" \/>\n\t<meta property=\"og:image:height\" content=\"1188\" \/>\n\t<meta property=\"og:image:type\" content=\"image\/jpeg\" \/>\n<meta name=\"twitter:card\" content=\"summary_large_image\" \/>\n<script type=\"application\/ld+json\" class=\"yoast-schema-graph\">{\"@context\":\"https:\/\/schema.org\",\"@graph\":[{\"@type\":\"WebPage\",\"@id\":\"https:\/\/stiftadmont.at\/aktuelle-ausstellungen\/relaunch-der-multimedia-raeume-im-stift-admont\/\",\"url\":\"https:\/\/stiftadmont.at\/aktuelle-ausstellungen\/relaunch-der-multimedia-raeume-im-stift-admont\/\",\"name\":\"Multimedia-R\u00e4ume im Stift Admont - Stift Admont\",\"isPartOf\":{\"@id\":\"https:\/\/stiftadmont.at\/#website\"},\"datePublished\":\"2023-12-20T09:21:43+00:00\",\"dateModified\":\"2025-06-04T07:37:45+00:00\",\"breadcrumb\":{\"@id\":\"https:\/\/stiftadmont.at\/aktuelle-ausstellungen\/relaunch-der-multimedia-raeume-im-stift-admont\/#breadcrumb\"},\"inLanguage\":\"sl-SI\",\"potentialAction\":[{\"@type\":\"ReadAction\",\"target\":[\"https:\/\/stiftadmont.at\/aktuelle-ausstellungen\/relaunch-der-multimedia-raeume-im-stift-admont\/\"]}]},{\"@type\":\"BreadcrumbList\",\"@id\":\"https:\/\/stiftadmont.at\/aktuelle-ausstellungen\/relaunch-der-multimedia-raeume-im-stift-admont\/#breadcrumb\",\"itemListElement\":[{\"@type\":\"ListItem\",\"position\":1,\"name\":\"Start\",\"item\":\"https:\/\/stiftadmont.at\/\"},{\"@type\":\"ListItem\",\"position\":2,\"name\":\"Aktuelle Ausstellungen\",\"item\":\"https:\/\/stiftadmont.at\/aktuelle-ausstellungen\/\"},{\"@type\":\"ListItem\",\"position\":3,\"name\":\"Multimedia-R\u00e4ume im Stift Admont\"}]},{\"@type\":\"WebSite\",\"@id\":\"https:\/\/stiftadmont.at\/#website\",\"url\":\"https:\/\/stiftadmont.at\/\",\"name\":\"Stift Admont\",\"description\":\"Benediktinerkloster und Sehensw\u00fcrdigkeit im Ges\u00e4use\",\"potentialAction\":[{\"@type\":\"SearchAction\",\"target\":{\"@type\":\"EntryPoint\",\"urlTemplate\":\"https:\/\/stiftadmont.at\/?s={search_term_string}\"},\"query-input\":{\"@type\":\"PropertyValueSpecification\",\"valueRequired\":true,\"valueName\":\"search_term_string\"}}],\"inLanguage\":\"sl-SI\"}]}<\/script>\n<!-- \/ Yoast SEO Premium plugin. -->","yoast_head_json":{"title":"Multimedijske sobe v Admont Abbey - Admont Abbey","robots":{"index":"index","follow":"follow","max-snippet":"max-snippet:-1","max-image-preview":"max-image-preview:large","max-video-preview":"max-video-preview:-1"},"canonical":"https:\/\/stiftadmont.at\/sl\/aktualne-razstave\/ponovna-vzpostavitev-multimedijskih-sob-v-opatiji-admont\/","og_locale":"sl_SI","og_type":"article","og_title":"Multimedia-R\u00e4ume im Stift Admont","og_url":"https:\/\/stiftadmont.at\/sl\/aktualne-razstave\/ponovna-vzpostavitev-multimedijskih-sob-v-opatiji-admont\/","og_site_name":"Stift Admont","article_modified_time":"2025-06-04T07:37:45+00:00","og_image":[{"width":1912,"height":1188,"url":"https:\/\/stiftadmont.at\/wp-content\/uploads\/Klosteranlage-innen.jpg","type":"image\/jpeg"}],"twitter_card":"summary_large_image","schema":{"@context":"https:\/\/schema.org","@graph":[{"@type":"WebPage","@id":"https:\/\/stiftadmont.at\/aktuelle-ausstellungen\/relaunch-der-multimedia-raeume-im-stift-admont\/","url":"https:\/\/stiftadmont.at\/aktuelle-ausstellungen\/relaunch-der-multimedia-raeume-im-stift-admont\/","name":"Multimedijske sobe v Admont Abbey - Admont Abbey","isPartOf":{"@id":"https:\/\/stiftadmont.at\/#website"},"datePublished":"2023-12-20T09:21:43+00:00","dateModified":"2025-06-04T07:37:45+00:00","breadcrumb":{"@id":"https:\/\/stiftadmont.at\/aktuelle-ausstellungen\/relaunch-der-multimedia-raeume-im-stift-admont\/#breadcrumb"},"inLanguage":"sl-SI","potentialAction":[{"@type":"ReadAction","target":["https:\/\/stiftadmont.at\/aktuelle-ausstellungen\/relaunch-der-multimedia-raeume-im-stift-admont\/"]}]},{"@type":"BreadcrumbList","@id":"https:\/\/stiftadmont.at\/aktuelle-ausstellungen\/relaunch-der-multimedia-raeume-im-stift-admont\/#breadcrumb","itemListElement":[{"@type":"ListItem","position":1,"name":"Start","item":"https:\/\/stiftadmont.at\/"},{"@type":"ListItem","position":2,"name":"Aktuelle Ausstellungen","item":"https:\/\/stiftadmont.at\/aktuelle-ausstellungen\/"},{"@type":"ListItem","position":3,"name":"Multimedia-R\u00e4ume im Stift Admont"}]},{"@type":"WebSite","@id":"https:\/\/stiftadmont.at\/#website","url":"https:\/\/stiftadmont.at\/","name":"Opatija Admont","description":"Benediktinski samostan in turisti\u010dna znamenitost v Ges\u00e4use","potentialAction":[{"@type":"SearchAction","target":{"@type":"EntryPoint","urlTemplate":"https:\/\/stiftadmont.at\/?s={search_term_string}"},"query-input":{"@type":"PropertyValueSpecification","valueRequired":true,"valueName":"search_term_string"}}],"inLanguage":"sl-SI"}]}},"_links":{"self":[{"href":"https:\/\/stiftadmont.at\/sl\/wp-json\/wp\/v2\/pages\/24672","targetHints":{"allow":["GET"]}}],"collection":[{"href":"https:\/\/stiftadmont.at\/sl\/wp-json\/wp\/v2\/pages"}],"about":[{"href":"https:\/\/stiftadmont.at\/sl\/wp-json\/wp\/v2\/types\/page"}],"author":[{"embeddable":true,"href":"https:\/\/stiftadmont.at\/sl\/wp-json\/wp\/v2\/users\/7"}],"replies":[{"embeddable":true,"href":"https:\/\/stiftadmont.at\/sl\/wp-json\/wp\/v2\/comments?post=24672"}],"version-history":[{"count":19,"href":"https:\/\/stiftadmont.at\/sl\/wp-json\/wp\/v2\/pages\/24672\/revisions"}],"predecessor-version":[{"id":35177,"href":"https:\/\/stiftadmont.at\/sl\/wp-json\/wp\/v2\/pages\/24672\/revisions\/35177"}],"up":[{"embeddable":true,"href":"https:\/\/stiftadmont.at\/sl\/wp-json\/wp\/v2\/pages\/13092"}],"wp:attachment":[{"href":"https:\/\/stiftadmont.at\/sl\/wp-json\/wp\/v2\/media?parent=24672"}],"wp:term":[{"taxonomy":"category","embeddable":true,"href":"https:\/\/stiftadmont.at\/sl\/wp-json\/wp\/v2\/categories?post=24672"}],"curies":[{"name":"wp","href":"https:\/\/api.w.org\/{rel}","templated":true}]}}