{"id":27272,"date":"2024-03-20T13:04:45","date_gmt":"2024-03-20T11:04:45","guid":{"rendered":"https:\/\/stiftadmont.at\/?page_id=27272"},"modified":"2025-02-05T11:57:59","modified_gmt":"2025-02-05T09:57:59","slug":"ekskluzivni-sponzorji","status":"publish","type":"page","link":"https:\/\/stiftadmont.at\/sl\/950-jahre-stift-admont\/exklusivsponsoren\/","title":{"rendered":"Ekskluzivni sponzorji"},"content":{"rendered":"<section id='lightpress__section--block_fa507713c3502512717a9305baf2dbf0' class='lightpress__section--default-section-space lightpress__section lightpress__section--content'><div class=\"content__inner\"\n         x-init=\"initContentBlockAnim($el)\">\n        \n    <div class=\"content__grid content__grid--forty-sixty\">\n                                            <div class=\"content__box content__box\"\n                 style=\"\">\n                                \n                \n                                            <div class=\"prose\"><h5 class=\"heading-m line line-above line--gold\">Grazer Wechselseitige Versicherung AG<\/h5>\n<p>\u00a0<\/p>\n<p><strong>Partnerstvo za tradicijo in prihodnost:<\/strong><br \/><strong>Grazer Wechselseitige Versicherung AG \u010destita opatiji Admont ob njeni 950. obletnici<\/strong><\/p>\n<p>\u00a0<\/p>\n<p>Grazer Wechselseitige Versicherung AG je \u017ee vrsto let ponosni partner opatije Admont in v imenu na\u0161ega podjetja bi jim rad \u010destital ob 950-letnici!<\/p>\n<p>\"V enotnosti mnogih je mo\u010d, ki prina\u0161a dobro. Naloga vsakega od nas je, da k temu prispeva.\" To je citat nadvojvode Johanna, ki je leta 1828 ustanovil podjetje GRAWE in nas kot podjetje navdihuje \u0161e danes.<\/p>\n<p>\u00a0<\/p>\n<p>Opatija Admont je zgodovinski biser \u0160tajerske, ki zdru\u017euje bogato preteklost in obetavno prihodnost. Skupaj z opatijo Admont in drugimi podporniki si prizadevamo ohraniti kulturno dedi\u0161\u010dino za prihodnje generacije.<\/p>\n<p>\u00a0<\/p>\n<p>Opatija Admont je ve\u010d kot le zgodovinski kraj. Je vir navdiha in hrani zaklade, ki ohranjajo znanje in modrost preteklih \u010dasov. Kot podjetje, ki se zavzema za inovacije, ne da bi zanemarilo svoje tradicionalne korenine, smo po\u010da\u0161\u010deni, da lahko prispevamo k ohranjanju dedi\u0161\u010dine opatije Admont.<\/p>\n<p>\u00a0<\/p>\n<p>Na\u0161e partnerstvo z opatijo Admont zaznamujeta zaupanje in skupne vrednote. Verjamemo, da je povezovanje tradicije in inovacij klju\u010d do uspe\u0161ne prihodnosti. S svojo podporo ne \u017eelimo le po\u010dastiti obletnice, temve\u010d tudi okrepiti poslanstvo samostana, ki ohranja preteklost in oblikuje prihodnost.<\/p>\n<p>\u00a0<\/p>\n<p>\u010cestitamo vam za obletnico in \u017eelimo vam uspe\u0161no prihodnost!<\/p>\n<p>\u00a0<\/p>\n<p><em><strong>Generalni direktor Klaus Scheitegel<br \/><\/strong><\/em>Grazer Wechselseitige Versicherung AG<\/p>\n<p>\u00a0<\/p>\n<p><img decoding=\"async\" src=\"https:\/\/stiftadmont.at\/wp-content\/uploads\/GRAWE_Logo_2021_100-30-80-0-1.png\" width=\"150px\" \/><\/p>\n<\/div>\n                    \n                            <\/div>\n        \n                                                    <div class=\"content__box content__box--2\"\n                     >\n                                        \n                    \n                                                <div class=\"content__media stickyTo\" x-init=\"imageSticky($el)\">\n\n                                                                                    <picture\n                                    class=\"content__image sticky\">\n                                <source srcset=\"https:\/\/stiftadmont.at\/wp-content\/uploads\/GD_Mag._Klaus_Scheitegel__c__Ralph_Koenig-683x1024.webp\" type=\"image\/webp\">\n                                <source srcset=\"https:\/\/stiftadmont.at\/wp-content\/uploads\/GD_Mag._Klaus_Scheitegel__c__Ralph_Koenig-683x1024.jpg\" type=\"image\/jpeg\">\n                                <img decoding=\"async\" class=\"sticky\" loading=\"lazy\" src=\"https:\/\/stiftadmont.at\/wp-content\/uploads\/GD_Mag._Klaus_Scheitegel__c__Ralph_Koenig-683x1024.jpg\" alt=\"DG Klaus Scheitegel c Ralph Koenig\" \/>\n\n                                                                                                                            <\/picture>\n\n                        <\/div>\n\n                                    <\/div>\n            \n            <\/div>\n<\/div>\n\n<\/section>\n\n<section id='lightpress__section--block_c976f603e3df09c1394705c78da63378' class='lightpress__section--default-section-space lightpress__section lightpress__section--content'><div class=\"content__inner\"\n         x-init=\"initContentBlockAnim($el)\">\n        \n    <div class=\"content__grid content__grid--forty-sixty\">\n                                            <div class=\"content__box content__box\"\n                 style=\"\">\n                                \n                \n                                        <div class=\"content__media stickyTo\" x-init=\"imageSticky($el)\">\n\n                                                                                                <picture\n                                class=\"content__image sticky\">\n                            <source srcset=\"https:\/\/stiftadmont.at\/wp-content\/uploads\/Raiffeisen-Landesbank-Steiermark-Martin-Schaller-731x1024.jpg\"\n                                    type=\"image\/webp\">\n                            <source srcset=\"https:\/\/stiftadmont.at\/wp-content\/uploads\/Raiffeisen-Landesbank-Steiermark-Martin-Schaller-731x1024.jpg\"\n                                    type=\"image\/jpeg\">\n                            <img decoding=\"async\" loading=\"lazy\"\n                                 src=\"https:\/\/stiftadmont.at\/wp-content\/uploads\/Raiffeisen-Landesbank-Steiermark-Martin-Schaller-731x1024.jpg\"\n                                 alt=\"Raiffeisen Landesbank Styria Martin Schaller\" width=\"600\" height=\"450\">\n                                                                                                            <\/picture>\n\n                    <\/div>\n\n                            <\/div>\n        \n                                                    <div class=\"content__box content__box--2\"\n                     >\n                                        \n                    \n                                                    <div class=\"prose\"><h5 class=\"heading-m line line-above line--gold\">Raiffeisen-Landesbank Styria<\/h5>\n<p>\u00a0<\/p>\n<p class=\"paragraph-m\"><strong>V imenu celotne ban\u010dne skupine Raiffeisen vam iskreno \u010destitam ob izjemni 950. obletnici opatije Admont!<\/strong><\/p>\n<p>\u00a0<\/p>\n<p class=\"paragraph-m\">To ve\u010dstoletno zgodovino zaznamujejo vrednote, kot so tradicija, skupnost in znanje, zato si zaslu\u017ei na\u0161e najvi\u0161je priznanje. Opatija Admont nima le pomembne gospodarske vloge v regiji, na primer kot delodajalec ali gonilna sila lokalnega razvoja. Je kraj vere in izobra\u017eevanja ter - ne smemo pozabiti - \u017eivahno sredi\u0161\u010de kulture in sre\u010danj.<\/p>\n<p>\u00a0<\/p>\n<p class=\"paragraph-m\">Kot dolgoletni partner opatije smo zato veseli, da lahko sodelujemo pri prihajajo\u010dih praznovanjih. Na\u0161 dolgoletni odnos temelji na skupni viziji. Viziji, ki temelji na solidarnosti, vzajemnem spo\u0161tovanju, zavezanosti regiji in prizadevanju za obetavno prihodnost. Vizija, ki odra\u017ea na\u0161e vrednote Raiffeisena: bli\u017eino, regionalnost in napredek v duhu skupnosti. Skupaj, vendar vsak na svoj na\u010din, si prizadevamo oblikovati prihodnost, v kateri bosta tradicija in inovativnost hodili z roko v roki ter prispevali h krepitvi in bogatenju na\u0161e dru\u017ebe.<\/p>\n<p>\u00a0<\/p>\n<p class=\"paragraph-m\">Na\u0161e partnerstvo se bo zato nadaljevalo tudi po tem jubilejnem letu in bo \u0161e naprej predstavljalo trdno podlago za spo\u0161tovanje, vzajemno podporo in trajnost.<\/p>\n<p>\u00a0<\/p>\n<p class=\"paragraph-m\">\u010cestitke za obletnico in vse najbolj\u0161e za prihodnost!<\/p>\n<p>\u00a0<\/p>\n<p class=\"paragraph-m\"><em><strong>KR MMag. Martin Schaller<\/strong><\/em><br \/>Generalni direktor banke Raiffeisen-Landesbank Steiermark<\/p>\n<p>\u00a0<\/p>\n<p><img decoding=\"async\" src=\"https:\/\/stiftadmont.at\/wp-content\/uploads\/Giebelkreuz_gelb.png\" width=\"50px\" \/><\/p>\n<\/div>\n                        \n                                    <\/div>\n            \n            <\/div>\n<\/div>\n\n<\/section>","protected":false},"excerpt":{"rendered":"","protected":false},"author":7,"featured_media":0,"parent":22541,"menu_order":1,"comment_status":"closed","ping_status":"closed","template":"","meta":{"_acf_changed":false,"footnotes":""},"categories":[],"class_list":["post-27272","page","type-page","status-publish","hentry"],"acf":[],"yoast_head":"<!-- This site is optimized with the Yoast SEO Premium plugin v26.0 (Yoast SEO v26.8) - https:\/\/yoast.com\/product\/yoast-seo-premium-wordpress\/ -->\n<title>Exklusivsponsoren - Stift Admont<\/title>\n<meta name=\"robots\" content=\"index, follow, max-snippet:-1, max-image-preview:large, max-video-preview:-1\" \/>\n<link rel=\"canonical\" href=\"https:\/\/stiftadmont.at\/sl\/950-let-opatije-admont\/ekskluzivni-sponzorji\/\" \/>\n<meta property=\"og:locale\" content=\"sl_SI\" \/>\n<meta property=\"og:type\" content=\"article\" \/>\n<meta property=\"og:title\" content=\"Exklusivsponsoren\" \/>\n<meta property=\"og:url\" content=\"https:\/\/stiftadmont.at\/sl\/950-let-opatije-admont\/ekskluzivni-sponzorji\/\" \/>\n<meta property=\"og:site_name\" content=\"Stift Admont\" \/>\n<meta property=\"article:modified_time\" content=\"2025-02-05T09:57:59+00:00\" \/>\n<meta property=\"og:image\" content=\"https:\/\/stiftadmont.at\/wp-content\/uploads\/Klosteranlage-innen.jpg\" \/>\n\t<meta property=\"og:image:width\" content=\"1912\" \/>\n\t<meta property=\"og:image:height\" content=\"1188\" \/>\n\t<meta property=\"og:image:type\" content=\"image\/jpeg\" \/>\n<meta name=\"twitter:card\" content=\"summary_large_image\" \/>\n<script type=\"application\/ld+json\" class=\"yoast-schema-graph\">{\"@context\":\"https:\/\/schema.org\",\"@graph\":[{\"@type\":\"WebPage\",\"@id\":\"https:\/\/stiftadmont.at\/950-jahre-stift-admont\/exklusivsponsoren\/\",\"url\":\"https:\/\/stiftadmont.at\/950-jahre-stift-admont\/exklusivsponsoren\/\",\"name\":\"Exklusivsponsoren - Stift Admont\",\"isPartOf\":{\"@id\":\"https:\/\/stiftadmont.at\/#website\"},\"datePublished\":\"2024-03-20T11:04:45+00:00\",\"dateModified\":\"2025-02-05T09:57:59+00:00\",\"breadcrumb\":{\"@id\":\"https:\/\/stiftadmont.at\/950-jahre-stift-admont\/exklusivsponsoren\/#breadcrumb\"},\"inLanguage\":\"sl-SI\",\"potentialAction\":[{\"@type\":\"ReadAction\",\"target\":[\"https:\/\/stiftadmont.at\/950-jahre-stift-admont\/exklusivsponsoren\/\"]}]},{\"@type\":\"BreadcrumbList\",\"@id\":\"https:\/\/stiftadmont.at\/950-jahre-stift-admont\/exklusivsponsoren\/#breadcrumb\",\"itemListElement\":[{\"@type\":\"ListItem\",\"position\":1,\"name\":\"Start\",\"item\":\"https:\/\/stiftadmont.at\/\"},{\"@type\":\"ListItem\",\"position\":2,\"name\":\"950 Jahre Stift Admont\",\"item\":\"https:\/\/stiftadmont.at\/950-jahre-stift-admont\/\"},{\"@type\":\"ListItem\",\"position\":3,\"name\":\"Exklusivsponsoren\"}]},{\"@type\":\"WebSite\",\"@id\":\"https:\/\/stiftadmont.at\/#website\",\"url\":\"https:\/\/stiftadmont.at\/\",\"name\":\"Stift Admont\",\"description\":\"Benediktinerkloster und Sehensw\u00fcrdigkeit im Ges\u00e4use\",\"potentialAction\":[{\"@type\":\"SearchAction\",\"target\":{\"@type\":\"EntryPoint\",\"urlTemplate\":\"https:\/\/stiftadmont.at\/?s={search_term_string}\"},\"query-input\":{\"@type\":\"PropertyValueSpecification\",\"valueRequired\":true,\"valueName\":\"search_term_string\"}}],\"inLanguage\":\"sl-SI\"}]}<\/script>\n<!-- \/ Yoast SEO Premium plugin. -->","yoast_head_json":{"title":"Ekskluzivni sponzorji - Admont Abbey","robots":{"index":"index","follow":"follow","max-snippet":"max-snippet:-1","max-image-preview":"max-image-preview:large","max-video-preview":"max-video-preview:-1"},"canonical":"https:\/\/stiftadmont.at\/sl\/950-let-opatije-admont\/ekskluzivni-sponzorji\/","og_locale":"sl_SI","og_type":"article","og_title":"Exklusivsponsoren","og_url":"https:\/\/stiftadmont.at\/sl\/950-let-opatije-admont\/ekskluzivni-sponzorji\/","og_site_name":"Stift Admont","article_modified_time":"2025-02-05T09:57:59+00:00","og_image":[{"width":1912,"height":1188,"url":"https:\/\/stiftadmont.at\/wp-content\/uploads\/Klosteranlage-innen.jpg","type":"image\/jpeg"}],"twitter_card":"summary_large_image","schema":{"@context":"https:\/\/schema.org","@graph":[{"@type":"WebPage","@id":"https:\/\/stiftadmont.at\/950-jahre-stift-admont\/exklusivsponsoren\/","url":"https:\/\/stiftadmont.at\/950-jahre-stift-admont\/exklusivsponsoren\/","name":"Ekskluzivni sponzorji - Admont Abbey","isPartOf":{"@id":"https:\/\/stiftadmont.at\/#website"},"datePublished":"2024-03-20T11:04:45+00:00","dateModified":"2025-02-05T09:57:59+00:00","breadcrumb":{"@id":"https:\/\/stiftadmont.at\/950-jahre-stift-admont\/exklusivsponsoren\/#breadcrumb"},"inLanguage":"sl-SI","potentialAction":[{"@type":"ReadAction","target":["https:\/\/stiftadmont.at\/950-jahre-stift-admont\/exklusivsponsoren\/"]}]},{"@type":"BreadcrumbList","@id":"https:\/\/stiftadmont.at\/950-jahre-stift-admont\/exklusivsponsoren\/#breadcrumb","itemListElement":[{"@type":"ListItem","position":1,"name":"Start","item":"https:\/\/stiftadmont.at\/"},{"@type":"ListItem","position":2,"name":"950 Jahre Stift Admont","item":"https:\/\/stiftadmont.at\/950-jahre-stift-admont\/"},{"@type":"ListItem","position":3,"name":"Exklusivsponsoren"}]},{"@type":"WebSite","@id":"https:\/\/stiftadmont.at\/#website","url":"https:\/\/stiftadmont.at\/","name":"Opatija Admont","description":"Benediktinski samostan in turisti\u010dna znamenitost v Ges\u00e4use","potentialAction":[{"@type":"SearchAction","target":{"@type":"EntryPoint","urlTemplate":"https:\/\/stiftadmont.at\/?s={search_term_string}"},"query-input":{"@type":"PropertyValueSpecification","valueRequired":true,"valueName":"search_term_string"}}],"inLanguage":"sl-SI"}]}},"_links":{"self":[{"href":"https:\/\/stiftadmont.at\/sl\/wp-json\/wp\/v2\/pages\/27272","targetHints":{"allow":["GET"]}}],"collection":[{"href":"https:\/\/stiftadmont.at\/sl\/wp-json\/wp\/v2\/pages"}],"about":[{"href":"https:\/\/stiftadmont.at\/sl\/wp-json\/wp\/v2\/types\/page"}],"author":[{"embeddable":true,"href":"https:\/\/stiftadmont.at\/sl\/wp-json\/wp\/v2\/users\/7"}],"replies":[{"embeddable":true,"href":"https:\/\/stiftadmont.at\/sl\/wp-json\/wp\/v2\/comments?post=27272"}],"version-history":[{"count":20,"href":"https:\/\/stiftadmont.at\/sl\/wp-json\/wp\/v2\/pages\/27272\/revisions"}],"predecessor-version":[{"id":32676,"href":"https:\/\/stiftadmont.at\/sl\/wp-json\/wp\/v2\/pages\/27272\/revisions\/32676"}],"up":[{"embeddable":true,"href":"https:\/\/stiftadmont.at\/sl\/wp-json\/wp\/v2\/pages\/22541"}],"wp:attachment":[{"href":"https:\/\/stiftadmont.at\/sl\/wp-json\/wp\/v2\/media?parent=27272"}],"wp:term":[{"taxonomy":"category","embeddable":true,"href":"https:\/\/stiftadmont.at\/sl\/wp-json\/wp\/v2\/categories?post=27272"}],"curies":[{"name":"wp","href":"https:\/\/api.w.org\/{rel}","templated":true}]}}