{"id":29052,"date":"2024-07-04T07:53:39","date_gmt":"2024-07-04T05:53:39","guid":{"rendered":"https:\/\/stiftadmont.at\/?page_id=29052"},"modified":"2024-10-30T18:59:12","modified_gmt":"2024-10-30T16:59:12","slug":"cene-vstopnin-2024","status":"publish","type":"page","link":"https:\/\/stiftadmont.at\/sl\/eintrittspreise-2024\/","title":{"rendered":"Cene vstopnin 2024"},"content":{"rendered":"<section id='lightpress__section--block_321d00c6d9dacc765e72031187b27766' class='lightpress__section--default-section-space lightpress__section lightpress__section--content'><div class=\"content__inner\"\n         x-init=\"initContentBlockAnim($el)\">\n        \n    <div class=\"content__grid content__grid\">\n                                            <div class=\"content__box content__box--one-hundred\"\n                 style=\"\">\n                                \n                \n                                            <div class=\"prose\"><h3 class=\"heading-xl line line--gold text-left\">Cene vstopnin 2024<\/h3>\n<\/div>\n                    \n                            <\/div>\n        \n            <\/div>\n<\/div>\n\n<\/section>\n\n<section id='lightpress__section--block_5dfc4dfa34b0017101f5a58e38984dd0' class='lightpress__section lightpress__section--museum-prices'><div class=\"prices\" x-data=\"{ currentTab: 0 }\" x-init=\"initMuseumPricesBlockAnim($el)\">\n\n    <div class=\"prices__inner\">\n        <div class=\"prices__tabs\">\n            <button class=\"prices__tab\"\n                    @click=\"currentTab = 0\"\n                    :class=\"{ 'active': currentTab === 0 }\">\n      <span class=\"prices__icon-wrapper\">\n        <i class=\"fal fa-user prices__icon\"><\/i>\n      <\/span>\n                <span class=\"prices__tab-title heading-m\">Posamezna vozovnica<\/span>\n                <span class=\"prices__tab-subtitle heading-s\">Obisk muzejske pokrajine (brez vodenega ogleda knji\u017enice)<\/span>\n            <\/button>\n\n            <button class=\"prices__tab\" @click=\"currentTab = 1\" :class=\"{ 'active': currentTab === 1 }\">\n      <span class=\"prices__icon-wrapper\">\n        <i class=\"fal fa-users prices__icon\"><\/i>\n      <\/span>\n                <span class=\"prices__tab-title heading-m\">Skupinska vozovnica<\/span>\n                <span class=\"prices__tab-subtitle heading-s\">od najmanj 15 udele\u017eencev (brez vodenega ogleda knji\u017enice)<\/span>\n            <\/button>\n\n            <button class=\"prices__tab\"\n                    @click=\"currentTab = 2\"\n                    :class=\"{ 'active': currentTab === 2 }\">\n      <span class=\"prices__icon-wrapper\">\n        <i class=\"fal fa-wrench prices__icon\"><\/i>\n      <\/span>\n                <span class=\"prices__tab-title heading-m\">Muzejska delavnica<\/span>\n                <span class=\"prices__tab-subtitle heading-s\">Trajanje pribli\u017eno 3-4 ure.<\/span>\n            <\/button>\n        <\/div>\n\n        <div class=\"prices__content-wrapper\"\n             x-show=\"currentTab === 0\">\n            <p class=\"prices__content-subtitle\">Obisk muzejske pokrajine (brez vodenega ogleda knji\u017enice)<\/p>\n            <table class=\"prices__content-table paragraph-m\">\n                                    <tr class=\"prices__row\">\n                        <td class=\"prices__price\">\u20ac 18.50<\/td>\n                        <td class=\"prices__label\">Odrasli<\/td>\n                    <\/tr>\n                                    <tr class=\"prices__row\">\n                        <td class=\"prices__price\">\u20ac 17<\/td>\n                        <td class=\"prices__label\">Starej\u0161i dr\u017eavljani<\/td>\n                    <\/tr>\n                                    <tr class=\"prices__row\">\n                        <td class=\"prices__price\">\u20ac 13.5<\/td>\n                        <td class=\"prices__label\">Otroci (6-15 let), dijaki, \u0161tudenti, voja\u0161ki in civilni uslu\u017ebenci (z osebnim dokumentom) <\/td>\n                    <\/tr>\n                                    <tr class=\"prices__row\">\n                        <td class=\"prices__price\">\u20ac 14.50<\/td>\n                        <td class=\"prices__label\">Odrasli s posebnimi potrebami<\/td>\n                    <\/tr>\n                                    <tr class=\"prices__row\">\n                        <td class=\"prices__price\">\u20ac 11.50<\/td>\n                        <td class=\"prices__label\">Otroci\/u\u010denci s posebnimi potrebami<\/td>\n                    <\/tr>\n                                    <tr class=\"prices__row\">\n                        <td class=\"prices__price\">\u20ac 42<\/td>\n                        <td class=\"prices__label\">Dru\u017einska vstopnica (2 odrasla + 2 otroka)<\/td>\n                    <\/tr>\n                                    <tr class=\"prices__row\">\n                        <td class=\"prices__price\">\u20ac 3<\/td>\n                        <td class=\"prices__label\">Voden ogled knji\u017enice (brez vstopnine)<\/td>\n                    <\/tr>\n                                    <tr class=\"prices__row\">\n                        <td class=\"prices__price\">\u20ac 5<\/td>\n                        <td class=\"prices__label\">Voden ogled muzeja (na obmo\u010dje, brez vstopnine)<\/td>\n                    <\/tr>\n                                    <tr class=\"prices__row\">\n                        <td class=\"prices__price\">\u20ac 4<\/td>\n                        <td class=\"prices__label\">Knji\u017enica in muzej Audioguide<\/td>\n                    <\/tr>\n                            <\/table>\n                            <div class=\"prices__content-text prose pragraph-m\"><p class=\"paragraph-m\"><strong>Dnevni obiskovalci si lahko ogledajo najve\u010djo samostansko knji\u017enico na svetu. <\/strong>(trajanje pribli\u017eno 40 min, jezik nem\u0161\u010dina)\u00a0<strong>za 3,00 \u20ac (brez vstopnine) na osebo<\/strong>\u00a0za rezervacijo. Vse navedene cene vstopnic ne vklju\u010dujejo vodenega ogleda knji\u017enice.<\/p>\n<p class=\"paragraph-m\">Knji\u017enico in vse druge muzejske prostore si lahko seveda ogledate tudi brez vodenega ogleda.<\/p>\n<p class=\"paragraph-m\">Avdio vodi\u010di so na voljo v ve\u010d jezikih.  Izposojevalnina 4,00 \u20ac - na voljo pri blagajni.<\/p>\n<p class=\"paragraph-m\">Vodeni ogledi knji\u017enice ob 11:00 in 14:00.<br \/>Rezervacija posameznih vstopnic \u017eal ni mogo\u010da!<\/p>\n<\/div>\n                    <\/div>\n\n        <div class=\"prices__content-wrapper\"\n             x-show=\"currentTab === 1\">\n            <p class=\"prices__content-subtitle\">od najmanj 15 udele\u017eencev (brez vodenega ogleda knji\u017enice)<\/p>\n            <table class=\"prices__content-table paragraph-m\">\n                                    <tr class=\"prices__row\">\n                        <td class=\"prices__price\">\u20ac 17.5<\/td>\n                        <td class=\"prices__label\">Odrasli<\/td>\n                    <\/tr>\n                                    <tr class=\"prices__row\">\n                        <td class=\"prices__price\">\u20ac 16<\/td>\n                        <td class=\"prices__label\">Starej\u0161i dr\u017eavljani<\/td>\n                    <\/tr>\n                                    <tr class=\"prices__row\">\n                        <td class=\"prices__price\">\u20ac 10.5<\/td>\n                        <td class=\"prices__label\">U\u010denci, dijaki, \u0161tudenti<\/td>\n                    <\/tr>\n                            <\/table>\n                            <div class=\"prices__content-text prose pragraph-m\"><p class=\"paragraph-m\"><strong>Skupine lahko rezervirajo voden ogled najve\u010dje samostanske knji\u017enice na svetu.\u00a0<\/strong>(trajanje pribli\u017eno 40 min, jezik nem\u0161\u010dina)\u00a0<strong>za 2,00 \u20ac (brez vstopnine) na osebo<\/strong>\u00a0za rezervacijo. Vse navedene cene vstopnic ne vklju\u010dujejo vodenega ogleda knji\u017enice.<\/p>\n<p class=\"paragraph-m\"><strong>Dopla\u010dilo za dodaten voden ogled:<\/strong><br \/>4,00 \u20ac na osebo in obmo\u010dje muzeja:<\/p>\n<ul>\n<li class=\"paragraph-m\">Prirodoslovni muzej<\/li>\n<li class=\"paragraph-m\">Muzej umetnostne zgodovine<\/li>\n<li class=\"paragraph-m\">Gotski muzej<\/li>\n<li class=\"paragraph-m\">Muzej sodobne umetnosti<\/li>\n<\/ul>\n<p class=\"paragraph-m\"><strong>Dopla\u010dilo za voden ogled kolegiatne cerkve:<\/strong><br \/>7,00 \u20ac na osebo<\/p>\n<p class=\"paragraph-m\"><strong>Kombinirana vstopnica za voden ogled knji\u017enice in kolegiatne cerkve ali muzejskega obmo\u010dja (brez vstopnine)<\/strong><br \/>8,00 \u20ac na osebo<\/p>\n<p class=\"paragraph-m\"><strong>Dopla\u010dilo za vodene oglede zunaj rednega delovnega \u010dasa:<br \/><\/strong>4,00 \u20ac na osebo<\/p>\n<p class=\"paragraph-m\"><strong>Skupinske rezervacije:<br \/><\/strong>po dogovoru (nem\u0161\u010dina\/angle\u0161\u010dina) na naslovu\u00a0<a class=\"email\" href=\"mailto:museum@stiftadmont.at\"><span class=\"icon-outer\"><span class=\"email-icon\"><\/span><\/span>museum@stiftadmont.at<\/a><\/p>\n<\/div>\n                    <\/div>\n\n        <div class=\"prices__content-wrapper\"\n             x-show=\"currentTab === 2\">\n            <p class=\"prices__content-subtitle\">Trajanje pribli\u017eno 3-4 ure.<\/p>\n            <table class=\"prices__content-table paragraph-m\">\n                                    <tr class=\"prices__row\">\n                        <td class=\"prices__price\">\u20ac 0<\/td>\n                        <td class=\"prices__label\">Muzejska delavnica za \u0161olske razrede<\/td>\n                    <\/tr>\n                                    <tr class=\"prices__row\">\n                        <td class=\"prices__price\">\u20ac 5<\/td>\n                        <td class=\"prices__label\">Muzejska delavnica Materialni stro\u0161ki<\/td>\n                    <\/tr>\n                            <\/table>\n                            <div class=\"prices__content-text prose pragraph-m\"><p class=\"paragraph-m\"><strong>Tematska delavnica po va\u0161i izbiri\u00a0<\/strong>(skupno trajanje pribli\u017eno 3-4 ure)<br \/>min. 6 do max. 10 oseb\/delavnico<\/p>\n<p>\u00a0<\/p>\n<p><em>S podporo zveznih in dr\u017eavnih organov ter Evropske unije<\/em><\/p>\n<\/div>\n                    <\/div>\n    <\/div>\n<\/div><\/section>\n\n<section id='lightpress__section--block_796d787e420199a089e51800a77536c5' class='lightpress__section--default-section-space lightpress__section lightpress__section--content'><div class=\"content__inner\"\n         x-init=\"initContentBlockAnim($el)\">\n        \n    <div class=\"content__grid content__grid\">\n                                            <div class=\"content__box content__box--one-hundred\"\n                 style=\"margin-top: -5em;\">\n                                \n                \n                                            <div class=\"prose\"><p>Opombe in informacije:<\/p>\n<div class=\"info info--info\">\n<p class=\"paragraph-m\"><strong>Popusti in partnerske kartice:<\/strong> Popusti veljajo le ob predlo\u017eitvi veljavnega osebnega dokumenta in so na voljo le pri blagajni. V skupinah ima vsaka 21. oseba in voznik avtobusa ali turisti\u010dni vodnik prost sede\u017e.<br \/><strong>Posebni vodeni ogledi:<\/strong> Posebni dogodek \"Knji\u017enica pono\u010di\", posebni vodeni ogled \"Zgodbe o kamnu in stavbah\" ter otro\u0161ki in po\u010ditni\u0161ki program lahko obi\u0161\u010dete le z vnaprej\u0161njo rezervacijo na museum@stiftadmont.at.<br \/><strong>Knji\u017enica:<\/strong> Knji\u017enico si lahko ogledate tudi brez vodenega ogleda.<br \/><strong>Dostopnost:<\/strong> Knji\u017enica in muzej sta brez ovir.<\/p>\n<\/div>\n<div class=\"info info--info\">\n<p>Vstopnica velja za dan, ko je bila kupljena.<br \/>Cene veljajo od 20. marca do 15. decembra 2024. Ob upo\u0161tevanju sprememb cen in napak pri tipkanju. Vse cene so v evrih na osebo.<\/p>\n<\/div>\n<div class=\"info info--warn\">\n<p class=\"paragraph-m\"><strong>Splo\u0161ne informacije:<\/strong> Kajenje, u\u017eivanje hrane in pija\u010de ter dotikanje umetni\u0161kih del in eksponatov je prepovedano v vseh sobah. Vodeni ogledi so dovoljeni le na\u0161im usposobljenim vodnikom. Vodene oglede, ki jih vodijo turisti\u010dni vodniki, je treba predhodno prijaviti na spletni strani museum@stiftadmont.at in jih pisno odobriti.<span style=\"font-size: 18px; color: var(--color-black);\"><\/span><\/p>\n<\/div>\n<div class=\"info info--warn\">\n<p class=\"paragraph-m\">\u017divali v muzeju niso dovoljene (razen certificiranih psov pomo\u010dnikov, ki so navedeni na identifikacijski kartici - da bi zagotovili optimalno oskrbo, vas prosimo, da se predhodno prijavite po telefonu +43 (0) 3613\/2312-604 ali pisno na museum@stiftadmont.at).\u00a0<\/p>\n<\/div>\n<\/div>\n                    \n                            <\/div>\n        \n            <\/div>\n<\/div>\n\n<\/section>\n\n<section id='lightpress__section--block_9e003a286ddf472ed78d0b08a9ef95a9' class='bg--beige lightpress__section--colored-bg lightpress__section--default-section-space lightpress__section lightpress__section--content'><div class=\"content__inner\"\n         x-init=\"initContentBlockAnim($el)\">\n        \n    <div class=\"content__grid content__grid\">\n                                            <div class=\"content__box content__box--one-hundred\"\n                 style=\"\">\n                                \n                \n                                            <div class=\"prose\"><h3 class=\"heading-xl line line--gold text-center\">To bi vas lahko zanimalo tudi<\/h3>\n<\/div>\n                    \n                            <\/div>\n        \n            <\/div>\n<\/div>\n\n    <div class=\"background__container background__container--beige\">\n    <\/div>\n\n<\/section>\n\n<section id='lightpress__section--block_972220035cf3647da425005580f816b7' class='lightpress__section--more-links--950 bg--beige lightpress__section--colored-bg lightpress__section--full-width lightpress__section--default-section-space lightpress__section lightpress__section--more-links'><div class=\"more\" x-init=\"initMoreLinksBlockAnim($el)\">\n            <style>\n            #lightpress__section--block_972220035cf3647da425005580f816b7 .more {\n                --entry-width: calc(100% \/ 4 - var(--grid-gap) * 4);\n                grid-template-columns: repeat(auto-fit, minmax(max(var(--entry-width),50rem), 1fr));\n            }\n        <\/style>\n    \n                    <a class=\"more__link\" href=\"\/sl\/muzej\/\">\n            <div class=\"more__media\">\n                                    <picture class=\"more__image\">\n                        <source srcset=\"https:\/\/stiftadmont.at\/wp-content\/uploads\/Stift-Admont-KHM-Gotik-GWK-\u00a9-Michael-Braunsteiner-2-1024x683.webp\" type=\"image\/webp\">\n                        <source srcset=\"https:\/\/stiftadmont.at\/wp-content\/uploads\/Stift-Admont-KHM-Gotik-GWK-\u00a9-Michael-Braunsteiner-2-1024x683.jpg\" type=\"image\/jpeg\">\n                        <img decoding=\"async\" loading=\"lazy\" src=\"https:\/\/stiftadmont.at\/wp-content\/uploads\/Stift-Admont-KHM-Gotik-GWK-\u00a9-Michael-Braunsteiner-2-1024x683.jpg\" alt=\"Admont Abbey KHM Gothic GWK \u00a9 Michael Braunsteiner 2\" \/>\n                    <\/picture>\n                            <\/div>\n            <div class=\"more__content\">\n                <div class=\"more__title--container\">\n                                            \n                                                                            \n                        <p class=\"text-bold text-white text--serif text--26\">Muzej<\/p>\n                                                            <\/div>\n                                    <div class=\"more__cta\">\n                        <i class=\"fa-thin fa-chevron-right\"><\/i>\n                    <\/div>\n                            <\/div>\n        <\/a>\n                    <a class=\"more__link\" href=\"\/sl\/kolegijska-cerkev\/\">\n            <div class=\"more__media\">\n                                    <picture class=\"more__image\">\n                        <source srcset=\"https:\/\/stiftadmont.at\/wp-content\/uploads\/00_StiftAdmont_Kirche\u00a9StefanLeitner-e1634723661194-1024x748.webp\" type=\"image\/webp\">\n                        <source srcset=\"https:\/\/stiftadmont.at\/wp-content\/uploads\/00_StiftAdmont_Kirche\u00a9StefanLeitner-e1634723661194-1024x748.jpg\" type=\"image\/jpeg\">\n                        <img decoding=\"async\" loading=\"lazy\" src=\"https:\/\/stiftadmont.at\/wp-content\/uploads\/00_StiftAdmont_Kirche\u00a9StefanLeitner-e1634723661194-1024x748.jpg\" alt=\"Cerkev v opatiji Admont \u00a9 Stefan Leitner\" \/>\n                    <\/picture>\n                            <\/div>\n            <div class=\"more__content\">\n                <div class=\"more__title--container\">\n                                            \n                                                                            \n                        <p class=\"text-bold text-white text--serif text--26\">Kolegiatna cerkev<\/p>\n                                                            <\/div>\n                                    <div class=\"more__cta\">\n                        <i class=\"fa-thin fa-chevron-right\"><\/i>\n                    <\/div>\n                            <\/div>\n        <\/a>\n                    <a class=\"more__link\" href=\"\/sl\/o-opatijski-knjiznici\/\">\n            <div class=\"more__media\">\n                                    <picture class=\"more__image\">\n                        <source srcset=\"https:\/\/stiftadmont.at\/wp-content\/uploads\/Bibliothek_hohe-Quali-1024x727.webp\" type=\"image\/webp\">\n                        <source srcset=\"https:\/\/stiftadmont.at\/wp-content\/uploads\/Bibliothek_hohe-Quali-1024x727.jpg\" type=\"image\/jpeg\">\n                        <img decoding=\"async\" loading=\"lazy\" src=\"https:\/\/stiftadmont.at\/wp-content\/uploads\/Bibliothek_hohe-Quali-1024x727.jpg\" alt=\"Opatija Admont - najve\u010dja samostanska knji\u017enica na svetu \u00a9 Stefan Leitner\" \/>\n                    <\/picture>\n                            <\/div>\n            <div class=\"more__content\">\n                <div class=\"more__title--container\">\n                                            \n                                                                            \n                        <p class=\"text-bold text-white text--serif text--26\">Samostanska knji\u017enica<\/p>\n                                                            <\/div>\n                                    <div class=\"more__cta\">\n                        <i class=\"fa-thin fa-chevron-right\"><\/i>\n                    <\/div>\n                            <\/div>\n        <\/a>\n                    <a class=\"more__link\" href=\"\/sl\/zunanji-objekti\/\">\n            <div class=\"more__media\">\n                                    <picture class=\"more__image\">\n                        <source srcset=\"https:\/\/stiftadmont.at\/wp-content\/uploads\/Rosarium-1-1024x681.webp\" type=\"image\/webp\">\n                        <source srcset=\"https:\/\/stiftadmont.at\/wp-content\/uploads\/Rosarium-1-1024x681.jpg\" type=\"image\/jpeg\">\n                        <img decoding=\"async\" loading=\"lazy\" src=\"https:\/\/stiftadmont.at\/wp-content\/uploads\/Rosarium-1-1024x681.jpg\" alt=\"Rosarium 1\" \/>\n                    <\/picture>\n                            <\/div>\n            <div class=\"more__content\">\n                <div class=\"more__title--container\">\n                                            \n                                                                            \n                        <p class=\"text-bold text-white text--serif text--26\">Zunanji objekti<\/p>\n                                                            <\/div>\n                                    <div class=\"more__cta\">\n                        <i class=\"fa-thin fa-chevron-right\"><\/i>\n                    <\/div>\n                            <\/div>\n        <\/a>\n    \n<\/div>\n\n    <div class=\"background__container background__container--beige\">\n    <\/div>\n\n<\/section>","protected":false},"excerpt":{"rendered":"","protected":false},"author":20,"featured_media":0,"parent":0,"menu_order":5,"comment_status":"closed","ping_status":"closed","template":"","meta":{"_acf_changed":false,"footnotes":""},"categories":[],"class_list":["post-29052","page","type-page","status-publish","hentry"],"acf":[],"yoast_head":"<!-- This site is optimized with the Yoast SEO Premium plugin v26.0 (Yoast SEO v26.8) - https:\/\/yoast.com\/product\/yoast-seo-premium-wordpress\/ -->\n<title>Eintrittspreise 2024 - Stift Admont<\/title>\n<meta name=\"robots\" content=\"index, follow, max-snippet:-1, max-image-preview:large, max-video-preview:-1\" \/>\n<link rel=\"canonical\" href=\"https:\/\/stiftadmont.at\/sl\/cene-vstopnin-2024\/\" \/>\n<meta property=\"og:locale\" content=\"sl_SI\" \/>\n<meta property=\"og:type\" content=\"article\" \/>\n<meta property=\"og:title\" content=\"Eintrittspreise 2024\" \/>\n<meta property=\"og:url\" content=\"https:\/\/stiftadmont.at\/sl\/cene-vstopnin-2024\/\" \/>\n<meta property=\"og:site_name\" content=\"Stift Admont\" \/>\n<meta property=\"article:modified_time\" content=\"2024-10-30T16:59:12+00:00\" \/>\n<meta property=\"og:image\" content=\"https:\/\/stiftadmont.at\/wp-content\/uploads\/Klosteranlage-innen.jpg\" \/>\n\t<meta property=\"og:image:width\" content=\"1912\" \/>\n\t<meta property=\"og:image:height\" content=\"1188\" \/>\n\t<meta property=\"og:image:type\" content=\"image\/jpeg\" \/>\n<meta name=\"twitter:card\" content=\"summary_large_image\" \/>\n<script type=\"application\/ld+json\" class=\"yoast-schema-graph\">{\"@context\":\"https:\/\/schema.org\",\"@graph\":[{\"@type\":\"WebPage\",\"@id\":\"https:\/\/stiftadmont.at\/eintrittspreise-2024\/\",\"url\":\"https:\/\/stiftadmont.at\/eintrittspreise-2024\/\",\"name\":\"Eintrittspreise 2024 - Stift Admont\",\"isPartOf\":{\"@id\":\"https:\/\/stiftadmont.at\/#website\"},\"datePublished\":\"2024-07-04T05:53:39+00:00\",\"dateModified\":\"2024-10-30T16:59:12+00:00\",\"breadcrumb\":{\"@id\":\"https:\/\/stiftadmont.at\/eintrittspreise-2024\/#breadcrumb\"},\"inLanguage\":\"sl-SI\",\"potentialAction\":[{\"@type\":\"ReadAction\",\"target\":[\"https:\/\/stiftadmont.at\/eintrittspreise-2024\/\"]}]},{\"@type\":\"BreadcrumbList\",\"@id\":\"https:\/\/stiftadmont.at\/eintrittspreise-2024\/#breadcrumb\",\"itemListElement\":[{\"@type\":\"ListItem\",\"position\":1,\"name\":\"Start\",\"item\":\"https:\/\/stiftadmont.at\/\"},{\"@type\":\"ListItem\",\"position\":2,\"name\":\"Eintrittspreise 2024\"}]},{\"@type\":\"WebSite\",\"@id\":\"https:\/\/stiftadmont.at\/#website\",\"url\":\"https:\/\/stiftadmont.at\/\",\"name\":\"Stift Admont\",\"description\":\"Benediktinerkloster und Sehensw\u00fcrdigkeit im Ges\u00e4use\",\"potentialAction\":[{\"@type\":\"SearchAction\",\"target\":{\"@type\":\"EntryPoint\",\"urlTemplate\":\"https:\/\/stiftadmont.at\/?s={search_term_string}\"},\"query-input\":{\"@type\":\"PropertyValueSpecification\",\"valueRequired\":true,\"valueName\":\"search_term_string\"}}],\"inLanguage\":\"sl-SI\"}]}<\/script>\n<!-- \/ Yoast SEO Premium plugin. -->","yoast_head_json":{"title":"Cene vstopnin 2024 - Opatija Admont","robots":{"index":"index","follow":"follow","max-snippet":"max-snippet:-1","max-image-preview":"max-image-preview:large","max-video-preview":"max-video-preview:-1"},"canonical":"https:\/\/stiftadmont.at\/sl\/cene-vstopnin-2024\/","og_locale":"sl_SI","og_type":"article","og_title":"Eintrittspreise 2024","og_url":"https:\/\/stiftadmont.at\/sl\/cene-vstopnin-2024\/","og_site_name":"Stift Admont","article_modified_time":"2024-10-30T16:59:12+00:00","og_image":[{"width":1912,"height":1188,"url":"https:\/\/stiftadmont.at\/wp-content\/uploads\/Klosteranlage-innen.jpg","type":"image\/jpeg"}],"twitter_card":"summary_large_image","schema":{"@context":"https:\/\/schema.org","@graph":[{"@type":"WebPage","@id":"https:\/\/stiftadmont.at\/eintrittspreise-2024\/","url":"https:\/\/stiftadmont.at\/eintrittspreise-2024\/","name":"Cene vstopnin 2024 - Opatija Admont","isPartOf":{"@id":"https:\/\/stiftadmont.at\/#website"},"datePublished":"2024-07-04T05:53:39+00:00","dateModified":"2024-10-30T16:59:12+00:00","breadcrumb":{"@id":"https:\/\/stiftadmont.at\/eintrittspreise-2024\/#breadcrumb"},"inLanguage":"sl-SI","potentialAction":[{"@type":"ReadAction","target":["https:\/\/stiftadmont.at\/eintrittspreise-2024\/"]}]},{"@type":"BreadcrumbList","@id":"https:\/\/stiftadmont.at\/eintrittspreise-2024\/#breadcrumb","itemListElement":[{"@type":"ListItem","position":1,"name":"Start","item":"https:\/\/stiftadmont.at\/"},{"@type":"ListItem","position":2,"name":"Eintrittspreise 2024"}]},{"@type":"WebSite","@id":"https:\/\/stiftadmont.at\/#website","url":"https:\/\/stiftadmont.at\/","name":"Opatija Admont","description":"Benediktinski samostan in turisti\u010dna znamenitost v Ges\u00e4use","potentialAction":[{"@type":"SearchAction","target":{"@type":"EntryPoint","urlTemplate":"https:\/\/stiftadmont.at\/?s={search_term_string}"},"query-input":{"@type":"PropertyValueSpecification","valueRequired":true,"valueName":"search_term_string"}}],"inLanguage":"sl-SI"}]}},"_links":{"self":[{"href":"https:\/\/stiftadmont.at\/sl\/wp-json\/wp\/v2\/pages\/29052","targetHints":{"allow":["GET"]}}],"collection":[{"href":"https:\/\/stiftadmont.at\/sl\/wp-json\/wp\/v2\/pages"}],"about":[{"href":"https:\/\/stiftadmont.at\/sl\/wp-json\/wp\/v2\/types\/page"}],"author":[{"embeddable":true,"href":"https:\/\/stiftadmont.at\/sl\/wp-json\/wp\/v2\/users\/20"}],"replies":[{"embeddable":true,"href":"https:\/\/stiftadmont.at\/sl\/wp-json\/wp\/v2\/comments?post=29052"}],"version-history":[{"count":9,"href":"https:\/\/stiftadmont.at\/sl\/wp-json\/wp\/v2\/pages\/29052\/revisions"}],"predecessor-version":[{"id":30926,"href":"https:\/\/stiftadmont.at\/sl\/wp-json\/wp\/v2\/pages\/29052\/revisions\/30926"}],"wp:attachment":[{"href":"https:\/\/stiftadmont.at\/sl\/wp-json\/wp\/v2\/media?parent=29052"}],"wp:term":[{"taxonomy":"category","embeddable":true,"href":"https:\/\/stiftadmont.at\/sl\/wp-json\/wp\/v2\/categories?post=29052"}],"curies":[{"name":"wp","href":"https:\/\/api.w.org\/{rel}","templated":true}]}}