{"id":29294,"date":"2024-07-15T08:21:16","date_gmt":"2024-07-15T06:21:16","guid":{"rendered":"https:\/\/stiftadmont.at\/?page_id=29294"},"modified":"2024-07-15T10:17:27","modified_gmt":"2024-07-15T08:17:27","slug":"svetniki-in-svetnice-meseca","status":"publish","type":"page","link":"https:\/\/stiftadmont.at\/sl\/haus-der-begegnung-2\/spiritualitaet\/selige-und-heilige-des-monats\/","title":{"rendered":"Bla\u017eeni in svetniki meseca"},"content":{"rendered":"<section id='lightpress__section--block_2333c43509bc5d8aad17f30cfe051466' class='lightpress__section--default-section-space lightpress__section lightpress__section--content'><div class=\"content__inner\"\n         x-init=\"initContentBlockAnim($el)\">\n        \n    <div class=\"content__grid content__grid\">\n                                            <div class=\"content__box content__box--one-hundred\"\n                 style=\"\">\n                                \n                \n                                            <div class=\"prose\"><h2 class=\"heading-xxl\">Bla\u017eeni in svetniki meseca<\/h2>\n<p class=\"paragraph-m\">V tem poglavju vsak mesec predstavljamo bla\u017eenega ali svetnika, ki v tem mesecu praznuje svoj spominski dan in katerega relikvijo lahko \u010dastimo v Hi\u0161i sre\u010danja, da bi ga prosili za pripro\u0161njo pri Bogu, na\u0161em usmiljenem O\u010detu, za raznovrstne skrbi v dana\u0161njem svetu.<\/p>\n<p>\u00a0<\/p>\n<\/div>\n                    \n                            <\/div>\n        \n            <\/div>\n<\/div>\n\n<\/section>\n\n<section id='lightpress__section--block_a54f02e28dc71129faded0364326151c' class='lightpress__section--default-section-space lightpress__section lightpress__section--content'><div class=\"content__inner\"\n         x-init=\"initContentBlockAnim($el)\">\n        \n    <div class=\"content__grid content__grid\">\n                                            <div class=\"content__box content__box--one-hundred\"\n                 style=\"\">\n                                \n                \n                                            <div class=\"prose\"><p><a class=\"title\" href=\"https:\/\/hausderbegegnung.or.at\/heiliger-des-monats-juli-2024-heiliger-georg-preca_28501\/\">Svetnik meseca julija 2024 &gt;&gt; Saint George Preca&lt;&lt;&lt;<\/a><\/p>\n<p><a class=\"title\" href=\"https:\/\/hausderbegegnung.or.at\/heiliger-des-monats-juni-2024-seliger-seliger-ferdinand-vom-heiligen-joseph-de-ayala_28466\/\">Svetnik meseca junija 2024: &gt;&gt; bla\u017eeni Ferdinand od svetega Jo\u017eefa de Ayala&lt;&lt;<\/a><\/p>\n<p><a class=\"title\" href=\"https:\/\/hausderbegegnung.or.at\/heiliger-des-monats-mai-2024-heiliger-aloisius-von-gonzaga_28409\/\">Svetnik meseca maja 2024 &gt;&gt; Sveti Alojzij iz Gonzage &lt;&lt;<\/a><\/p>\n<p><a class=\"title\" href=\"https:\/\/hausderbegegnung.or.at\/heilige-des-monats-april-heilige-magdalena-von-canossa_28373\/\">Svetnik meseca aprila 2024 &gt;&gt; Sveta Magdalena iz Canosse&lt;&lt;<\/a><\/p>\n<p><a class=\"title\" href=\"https:\/\/hausderbegegnung.or.at\/heiliger-des-monats-maerz-2024-heilige-agnes-von-boehmen_28286\/\">Svetnik meseca marca 2024 &gt;&gt; Sveta Agnesa \u010ce\u0161ka &lt;&lt;<\/a><\/p>\n<p><a class=\"title\" href=\"https:\/\/hausderbegegnung.or.at\/heiliger-des-monats-jaenner-2024-heiliger-josef-vaz_28220\/\">Svetnik meseca januarja 2024 &gt;&gt; Saint Joseph Vaz&lt;&lt;&lt;<\/a><\/p>\n<p><a class=\"title\" href=\"https:\/\/hausderbegegnung.or.at\/heiliger-des-monats-november-heiliger-johannes-vom-kreuz_28207\/\">Svetnik meseca novembra 2023 &gt;&gt; Sveti Janez od Kri\u017ea &lt;&lt;<\/a><\/p>\n<p><a class=\"title\" href=\"https:\/\/hausderbegegnung.or.at\/heiliger-des-monats-november-2023-heiliger-kolumban-der-juengere_28141\/\">Svetnik meseca novembra 2023: &gt;&gt; Kolumban mlaj\u0161i &lt;&lt;<\/a><\/p>\n<p><a class=\"title\" href=\"https:\/\/hausderbegegnung.or.at\/heilige-des-monats-september-2023-heilige-euphemia-von-chalkedonheilige-des-monats-september-2023_28071\/\">Svetnik meseca septembra 2023 &gt;&gt; Sveta Evfemija Kalkedonska &lt;&lt;<\/a><\/p>\n<p><a class=\"title\" href=\"https:\/\/hausderbegegnung.or.at\/heilige-des-monats-august-heilige-edith-stein_28061\/\">Svetnica meseca avgusta: &gt;&gt;Svetnica Edith Stein&lt;&lt;<\/a><\/p>\n<p><a class=\"title\" href=\"https:\/\/hausderbegegnung.or.at\/heiliger-des-monats-juli-2023-kamillus-von-lellis_28039\/\">Svetnik meseca julija 2023 &gt;&gt; Camillus of Lellis &lt;&lt;<\/a><\/p>\n<p><a class=\"title\" href=\"https:\/\/hausderbegegnung.or.at\/heiliger-des-monats-juni-2023-seliger-julius-hossu_28022\/\">Svetnik meseca junija 2023: &gt;&gt; Julius Hossu &lt;&lt;<\/a><\/p>\n<p><a class=\"title\" href=\"https:\/\/hausderbegegnung.or.at\/heiliger-des-monats-mai-2023-heiliger-philipp-neri_27976\/\">Svetnik meseca maja 2023: &gt;&gt; Filip Neri &lt;&lt;<\/a><\/p>\n<p><a class=\"title\" href=\"https:\/\/hausderbegegnung.or.at\/heilige-des-monats-maerz-heilige-franziska-von-rom_27799\/\">Svetnik meseca marca &gt;&gt; Sveti Fran\u010di\u0161ek Rimski &lt;&lt;<\/a><\/p>\n<p><a class=\"title\" href=\"https:\/\/hausderbegegnung.or.at\/heilige-des-monats-februar-heilgie-josefina-bahhita_27690\/\">Svetnica meseca februarja &gt;&gt; Heilgie Josefina Bahhita&lt;&lt;<\/a><\/p>\n<p><a class=\"title\" href=\"https:\/\/hausderbegegnung.or.at\/heiliger-des-monats-dezember-heiliger-bischof-nikolaus-von-myra_27573\/\">Svetnik meseca decembra \"Sveti \u0161kof Nikolaj iz Myre\"<\/a><\/p>\n<p><a class=\"title\" href=\"https:\/\/hausderbegegnung.or.at\/heiliger-des-monats-november-heiliger-albertus-magnus_27506\/\">Svetnik meseca novembra \"Sveti Albertus Magnus\"<\/a><\/p>\n<p><a class=\"title\" href=\"https:\/\/hausderbegegnung.or.at\/die-heilige-des-monats-ist-die-heilige-theresa-von-avila_27415\/\">Svetnik meseca oktobra: \"Sveta Terezija iz Avile\"<\/a><\/p>\n<p><a class=\"title\" href=\"https:\/\/hausderbegegnung.or.at\/der-selige-des-monats-september-ist-der-selige-kaspar-stanggassinger-seinen-gedenktag-feiert-die-kirche-am-26-september_27344\/\">Bla\u017eeni meseca septembra: \"Bla\u017eeni Kaspar Stanggassinger\"<\/a><\/p>\n<p><a class=\"title\" href=\"https:\/\/hausderbegegnung.or.at\/heiliger-des-monats-august-john-henry-newman_27230\/\">Svetnik meseca avgusta 2022: \"Sveti John Henry Newman\"<\/a><\/p>\n<p><a class=\"title\" href=\"https:\/\/hausderbegegnung.or.at\/heilige-des-monats-juli-heilige-maria-goretti_27223\/\">Svetnik meseca julija 2022: \"Sveta Marija Goretti\"<\/a><\/p>\n<p><a class=\"title\" href=\"https:\/\/hausderbegegnung.or.at\/heiliger-des-monats-juni-2022-heiliger-karl-lwanga_27099\/\">Svetnik meseca junija 2022: \"Sveti Karl Lwanga\"<\/a><\/p>\n<p><a class=\"title\" href=\"https:\/\/hausderbegegnung.or.at\/seliger-des-monats-mai-2022-seliger-vladimir-ghika_26943\/\">Bla\u017eeni meseca maja 2022: \"Bla\u017eeni Vladimir Ghika\"<\/a><\/p>\n<p><a class=\"title\" href=\"https:\/\/hausderbegegnung.or.at\/heilige-des-monats-april-2022-hl-katharina-von-siena_26851\/\">Svetnik meseca aprila 2022: \"Sveta Katarina Sienska\"<\/a><\/p>\n<p>\u00a0<\/p>\n<\/div>\n                    \n                            <\/div>\n        \n            <\/div>\n<\/div>\n\n<\/section>","protected":false},"excerpt":{"rendered":"","protected":false},"author":19,"featured_media":0,"parent":29279,"menu_order":1,"comment_status":"closed","ping_status":"closed","template":"","meta":{"_acf_changed":false,"footnotes":""},"categories":[],"class_list":["post-29294","page","type-page","status-publish","hentry"],"acf":[],"yoast_head":"<!-- This site is optimized with the Yoast SEO Premium plugin v26.0 (Yoast SEO v26.8) - https:\/\/yoast.com\/product\/yoast-seo-premium-wordpress\/ -->\n<title>Selige und Heilige des Monats - Stift Admont<\/title>\n<meta name=\"robots\" content=\"index, follow, max-snippet:-1, max-image-preview:large, max-video-preview:-1\" \/>\n<link rel=\"canonical\" href=\"https:\/\/stiftadmont.at\/sl\/hisa-srecanja-2\/duhovnost\/svetniki-in-svetnice-meseca\/\" \/>\n<meta property=\"og:locale\" content=\"sl_SI\" \/>\n<meta property=\"og:type\" content=\"article\" \/>\n<meta property=\"og:title\" content=\"Selige und Heilige des Monats\" \/>\n<meta property=\"og:url\" content=\"https:\/\/stiftadmont.at\/sl\/hisa-srecanja-2\/duhovnost\/svetniki-in-svetnice-meseca\/\" \/>\n<meta property=\"og:site_name\" content=\"Stift Admont\" \/>\n<meta property=\"article:modified_time\" content=\"2024-07-15T08:17:27+00:00\" \/>\n<meta property=\"og:image\" content=\"https:\/\/stiftadmont.at\/wp-content\/uploads\/Klosteranlage-innen.jpg\" \/>\n\t<meta property=\"og:image:width\" content=\"1912\" \/>\n\t<meta property=\"og:image:height\" content=\"1188\" \/>\n\t<meta property=\"og:image:type\" content=\"image\/jpeg\" \/>\n<meta name=\"twitter:card\" content=\"summary_large_image\" \/>\n<script type=\"application\/ld+json\" class=\"yoast-schema-graph\">{\"@context\":\"https:\/\/schema.org\",\"@graph\":[{\"@type\":\"WebPage\",\"@id\":\"https:\/\/stiftadmont.at\/haus-der-begegnung-2\/spiritualitaet\/selige-und-heilige-des-monats\/\",\"url\":\"https:\/\/stiftadmont.at\/haus-der-begegnung-2\/spiritualitaet\/selige-und-heilige-des-monats\/\",\"name\":\"Selige und Heilige des Monats - Stift Admont\",\"isPartOf\":{\"@id\":\"https:\/\/stiftadmont.at\/#website\"},\"datePublished\":\"2024-07-15T06:21:16+00:00\",\"dateModified\":\"2024-07-15T08:17:27+00:00\",\"breadcrumb\":{\"@id\":\"https:\/\/stiftadmont.at\/haus-der-begegnung-2\/spiritualitaet\/selige-und-heilige-des-monats\/#breadcrumb\"},\"inLanguage\":\"sl-SI\",\"potentialAction\":[{\"@type\":\"ReadAction\",\"target\":[\"https:\/\/stiftadmont.at\/haus-der-begegnung-2\/spiritualitaet\/selige-und-heilige-des-monats\/\"]}]},{\"@type\":\"BreadcrumbList\",\"@id\":\"https:\/\/stiftadmont.at\/haus-der-begegnung-2\/spiritualitaet\/selige-und-heilige-des-monats\/#breadcrumb\",\"itemListElement\":[{\"@type\":\"ListItem\",\"position\":1,\"name\":\"Start\",\"item\":\"https:\/\/stiftadmont.at\/\"},{\"@type\":\"ListItem\",\"position\":2,\"name\":\"Haus der Begegnung\",\"item\":\"https:\/\/stiftadmont.at\/haus-der-begegnung-2\/\"},{\"@type\":\"ListItem\",\"position\":3,\"name\":\"Spiritualit\u00e4t\",\"item\":\"https:\/\/stiftadmont.at\/haus-der-begegnung-2\/spiritualitaet\/\"},{\"@type\":\"ListItem\",\"position\":4,\"name\":\"Selige und Heilige des Monats\"}]},{\"@type\":\"WebSite\",\"@id\":\"https:\/\/stiftadmont.at\/#website\",\"url\":\"https:\/\/stiftadmont.at\/\",\"name\":\"Stift Admont\",\"description\":\"Benediktinerkloster und Sehensw\u00fcrdigkeit im Ges\u00e4use\",\"potentialAction\":[{\"@type\":\"SearchAction\",\"target\":{\"@type\":\"EntryPoint\",\"urlTemplate\":\"https:\/\/stiftadmont.at\/?s={search_term_string}\"},\"query-input\":{\"@type\":\"PropertyValueSpecification\",\"valueRequired\":true,\"valueName\":\"search_term_string\"}}],\"inLanguage\":\"sl-SI\"}]}<\/script>\n<!-- \/ Yoast SEO Premium plugin. -->","yoast_head_json":{"title":"Bla\u017eeni in svetniki meseca - Opatija Admont","robots":{"index":"index","follow":"follow","max-snippet":"max-snippet:-1","max-image-preview":"max-image-preview:large","max-video-preview":"max-video-preview:-1"},"canonical":"https:\/\/stiftadmont.at\/sl\/hisa-srecanja-2\/duhovnost\/svetniki-in-svetnice-meseca\/","og_locale":"sl_SI","og_type":"article","og_title":"Selige und Heilige des Monats","og_url":"https:\/\/stiftadmont.at\/sl\/hisa-srecanja-2\/duhovnost\/svetniki-in-svetnice-meseca\/","og_site_name":"Stift Admont","article_modified_time":"2024-07-15T08:17:27+00:00","og_image":[{"width":1912,"height":1188,"url":"https:\/\/stiftadmont.at\/wp-content\/uploads\/Klosteranlage-innen.jpg","type":"image\/jpeg"}],"twitter_card":"summary_large_image","schema":{"@context":"https:\/\/schema.org","@graph":[{"@type":"WebPage","@id":"https:\/\/stiftadmont.at\/haus-der-begegnung-2\/spiritualitaet\/selige-und-heilige-des-monats\/","url":"https:\/\/stiftadmont.at\/haus-der-begegnung-2\/spiritualitaet\/selige-und-heilige-des-monats\/","name":"Bla\u017eeni in svetniki meseca - Opatija Admont","isPartOf":{"@id":"https:\/\/stiftadmont.at\/#website"},"datePublished":"2024-07-15T06:21:16+00:00","dateModified":"2024-07-15T08:17:27+00:00","breadcrumb":{"@id":"https:\/\/stiftadmont.at\/haus-der-begegnung-2\/spiritualitaet\/selige-und-heilige-des-monats\/#breadcrumb"},"inLanguage":"sl-SI","potentialAction":[{"@type":"ReadAction","target":["https:\/\/stiftadmont.at\/haus-der-begegnung-2\/spiritualitaet\/selige-und-heilige-des-monats\/"]}]},{"@type":"BreadcrumbList","@id":"https:\/\/stiftadmont.at\/haus-der-begegnung-2\/spiritualitaet\/selige-und-heilige-des-monats\/#breadcrumb","itemListElement":[{"@type":"ListItem","position":1,"name":"Start","item":"https:\/\/stiftadmont.at\/"},{"@type":"ListItem","position":2,"name":"Haus der Begegnung","item":"https:\/\/stiftadmont.at\/haus-der-begegnung-2\/"},{"@type":"ListItem","position":3,"name":"Spiritualit\u00e4t","item":"https:\/\/stiftadmont.at\/haus-der-begegnung-2\/spiritualitaet\/"},{"@type":"ListItem","position":4,"name":"Selige und Heilige des Monats"}]},{"@type":"WebSite","@id":"https:\/\/stiftadmont.at\/#website","url":"https:\/\/stiftadmont.at\/","name":"Opatija Admont","description":"Benediktinski samostan in turisti\u010dna znamenitost v Ges\u00e4use","potentialAction":[{"@type":"SearchAction","target":{"@type":"EntryPoint","urlTemplate":"https:\/\/stiftadmont.at\/?s={search_term_string}"},"query-input":{"@type":"PropertyValueSpecification","valueRequired":true,"valueName":"search_term_string"}}],"inLanguage":"sl-SI"}]}},"_links":{"self":[{"href":"https:\/\/stiftadmont.at\/sl\/wp-json\/wp\/v2\/pages\/29294","targetHints":{"allow":["GET"]}}],"collection":[{"href":"https:\/\/stiftadmont.at\/sl\/wp-json\/wp\/v2\/pages"}],"about":[{"href":"https:\/\/stiftadmont.at\/sl\/wp-json\/wp\/v2\/types\/page"}],"author":[{"embeddable":true,"href":"https:\/\/stiftadmont.at\/sl\/wp-json\/wp\/v2\/users\/19"}],"replies":[{"embeddable":true,"href":"https:\/\/stiftadmont.at\/sl\/wp-json\/wp\/v2\/comments?post=29294"}],"version-history":[{"count":6,"href":"https:\/\/stiftadmont.at\/sl\/wp-json\/wp\/v2\/pages\/29294\/revisions"}],"predecessor-version":[{"id":29419,"href":"https:\/\/stiftadmont.at\/sl\/wp-json\/wp\/v2\/pages\/29294\/revisions\/29419"}],"up":[{"embeddable":true,"href":"https:\/\/stiftadmont.at\/sl\/wp-json\/wp\/v2\/pages\/29279"}],"wp:attachment":[{"href":"https:\/\/stiftadmont.at\/sl\/wp-json\/wp\/v2\/media?parent=29294"}],"wp:term":[{"taxonomy":"category","embeddable":true,"href":"https:\/\/stiftadmont.at\/sl\/wp-json\/wp\/v2\/categories?post=29294"}],"curies":[{"name":"wp","href":"https:\/\/api.w.org\/{rel}","templated":true}]}}