{"id":29302,"date":"2024-07-15T08:32:26","date_gmt":"2024-07-15T06:32:26","guid":{"rendered":"https:\/\/stiftadmont.at\/?page_id=29302"},"modified":"2024-07-15T10:19:32","modified_gmt":"2024-07-15T08:19:32","slug":"medalja-benediktus","status":"publish","type":"page","link":"https:\/\/stiftadmont.at\/sl\/haus-der-begegnung-2\/die-benedictus-medaille\/","title":{"rendered":"Medalja Benedictus"},"content":{"rendered":"<section id='lightpress__section--block_571430aad14373f6cb027d4a11192c66' class='lightpress__section--default-section-space lightpress__section lightpress__section--content'><div class=\"content__inner\"\n         x-init=\"initContentBlockAnim($el)\">\n        \n    <div class=\"content__grid content__grid\">\n                                            <div class=\"content__box content__box--one-hundred\"\n                 style=\"\">\n                                \n                \n                                            <div class=\"prose\"><p class=\"paragraph-m\">\u00a0<\/p>\n<h2 class=\"heading-xxl\">Medalja Benedictus<\/h2>\n<p class=\"paragraph-m\"><strong>Zgodba:<\/strong><\/p>\n<p class=\"paragraph-m\">Po starem izro\u010dilu je bila benediktinska medalja znana \u017ee v 11. stoletju. Alza\u0161kega klerika Bruna, ki je pozneje postal pape\u017e Leon IX, je v mladosti ugriznil strupen gad in je dva meseca hudo bolehal; izgubil je glas in veliko te\u017ee. Ko je izgubil upanje na ozdravitev, je imel videnje svetle\u010de lestve, ki je vodila v nebesa. Po njej se je spu\u0161\u010dala \u010dastitljiva postava, oble\u010dena v meni\u0161ko obleko. To je bil sveti Benedikt, ki je v roki dr\u017eal svetle\u010di kri\u017e, s katerim se je dotaknil Brunovega obraza in ga takoj ozdravil. Nato je prikazen izginila. Bruno, ki je bil ozdravljen na ta \u010dude\u017eni na\u010din, se je pozneje pridru\u017eil benediktinskemu redu. Na pape\u0161ki prestol se je povzpel leta 1048 pod imenom Leon IX. in je bil znan po svoji svetosti, predanosti svetemu kri\u017eu in tudi svetemu Benediktu. Po zaslugi tega pape\u017ea je benediktinska medalja dobila \u0161tevilne posebne blagoslove in njeno \u010da\u0161\u010denje se je zelo raz\u0161irilo.<\/p>\n<p class=\"paragraph-m\">\u00a0<\/p>\n<p class=\"paragraph-m\">Ponovno \u010da\u0161\u010denje benediktinske medalje se je za\u010delo leta 1647, ko so v bavarskem benediktinskem samostanu Metten na\u0161li star rokopis, prepis evangelija iz leta 1415, ki je nakazoval pomen skrivnostnih kri\u017eev, ki so bili tu in tam na stenah samostana, obdani s \u010drkami, katerih pomen ni bil ve\u010d znan. Na zadnji strani rokopisa je bila risba s peresom in tu\u0161em, na kateri je bil upodobljen sveti Benedikt s palico s kri\u017eem v eni roki in nekak\u0161nim praporom ali zvitkom v drugi, na katerem so bile napisane besede, katerih za\u010detnice so pojasnjevale skrivnostne \u010drke na samostanskih zidovih.<\/p>\n<p class=\"paragraph-m\">Odkritje te risbe s peresom in tu\u0161em s kri\u017eem in verzi je dalo nov zagon \u010da\u0161\u010denju svetega kri\u017ea in tudi svetega Benedikta, ki je tako \u010dude\u017eno uporabljal to sveto znamenje. Medalje, ki so simbolizirale to dvojno \u010da\u0161\u010denje, so bile kovane in razdeljene med ljudi. Njihova pobo\u017ena uporaba je kmalu postala vir \u0161tevilnih svetnih in duhovnih blagoslovov. Zaradi pogostih in izrednih milosti, ki jih je medalja prejemala, se je hitro in na \u0161iroko raz\u0161irila ne le v Nem\u010diji, kjer je bila prvi\u010d kovana, ampak tudi po vsej katoli\u0161ki Evropi. Zdi se, da se je le nekaj let pozneje sveti Vincencij Pavel, ki je umrl leta 1660, seznanil z u\u010dinkom medalje. Sestre usmiljenke, ki jih je ustanovil, so jih vedno nosile prilo\u017eene k svojim ro\u017enim vencem in dolga leta so jih izklju\u010dno zanje izdelovali v Franciji.<\/p>\n<p class=\"paragraph-m\">\u00a0<\/p>\n<p class=\"paragraph-m\">Leta 1741 je pape\u017e Benedikt XIV., ganjen nad \u0161tevilnimi milostmi, ki jih je Bog podelil medalji, in v \u017eelji, da bi bili vsi dele\u017eni tega blagoslova, slovesno odobril njeno \u010da\u0161\u010denje in jo priporo\u010dil vernikom. Kot dodatno spodbudo je pape\u017e medaljo obogatil s \u0161tevilnimi odpustki.<\/p>\n<p class=\"paragraph-m\">\u00a0<\/p>\n<p class=\"paragraph-m\">Danes se najpogosteje uporablja tako imenovana jubilejna medalja, ki jo je leta 1877 odobril pape\u017e Pij IX., prvi\u010d pa je bila kovana leta 1880 ob 1400-letnici rojstva svetega Benedikta v Montecassinu po na\u010drtu benediktinskega meniha iz Beurona.<\/p>\n<p class=\"paragraph-m\">\u00a0<\/p>\n<p class=\"paragraph-m\"><strong>Opis medalje:<\/strong><\/p>\n<p class=\"paragraph-m\">Benediktov kri\u017e ima na licu medalje \u010drke: \"C. S. P. B.\", tj. \"Crux Sancti Patris Benedicti\" (\"Kri\u017e svetega o\u010deta Benedikta\").<\/p>\n<p class=\"paragraph-m\">Na deblu v navpi\u010dni \u010drti beremo: \"C. S. S. M. L.\", na pre\u010dki pa \u010drke: \"N. D. S. M. D.\", torej: \"Crux Sacra Sit Mihi Lux, Non Draco Sit Mihi Dux.\" (\"Sveti kri\u017e naj bo moja lu\u010d, zmaj naj ne bo moj vodja!\"). (\"Sveti kri\u017e naj bo moja lu\u010d, zmaj naj ne bo moj vodja!\") 14 \u010drk v krogu: \"V. R. S. - N. S. M. V. - S. M. Q. L. - I. V. B.\" pomeni: \"Vade Retro Satana, Nunquam Suade Mihi Vana, Sunt Male Qu\u00e6 Libas, Ipse Venena Bibas\", tj. \"Daj pot Satanu! Nikoli mi ne svetuj - la\u017enega utripa greha. - Slu\u017ei zlo vino, - sam pij strup vanj.\"<\/p>\n<p class=\"paragraph-m\">Na hrbtni strani medalje je podoba svetega Benedikta, ki v desni roki dr\u017ei kri\u017e, v mo\u010di katerega je delal \u010dude\u017ee, v levi pa sveto pravilo, ki naj bi vse, ki mu sledijo, vodilo k lu\u010di skozi kri\u017e.<\/p>\n<p class=\"paragraph-m\">\u00a0<\/p>\n<p class=\"paragraph-m\"><strong>Odpustki:<\/strong><\/p>\n<p class=\"paragraph-m\">Pape\u017e Benedikt XIV. je za to medaljo podelil \u0161tevilne odpustke, od katerih so tukaj navedeni le najpomembnej\u0161i: Vsakdo, ki vsaj enkrat na teden moli ro\u017eni venec in obiskuje sveto ma\u0161o, lahko pridobi popolni odpustek na naslednje dneve po prejemu svetih zakramentov pokore in oltarja ter po molitvi obi\u010dajnih odpustnih molitev: bo\u017ei\u010d, tri kraljestva, velika no\u010d, vnebohod, binko\u0161ti, nedelja Svete Trojice, praznik Jezusovega telesa, rojstvo, sve\u010denica, oznanjenje in vnebohod, dan vseh svetih in praznik vnebohoda svetega Benedikta (21. marec).<\/p>\n<p class=\"paragraph-m\">Plenarni odpustek lahko dobijo tisti, ki po spovedi in obhajilu v smrtni uri izro\u010dijo svojo du\u0161o Bogu ali, \u010de ne bi mogli ve\u010d prejeti teh svetih zakramentov, prebudijo popolno kesanje in z usti ali vsaj s srcem vzkli\u010dejo najsvetej\u0161a imena Jezusa in Marije.<\/p>\n<\/div>\n                    \n                            <\/div>\n        \n            <\/div>\n<\/div>\n\n<\/section>\n\n<section id='lightpress__section--block_b7789ee7273f6c7d9307f3f4353b7ecd' class='lightpress__section lightpress__section--image lightpress__section-- lightpress__section--'>            <img decoding=\"async\" src=\"https:\/\/via.placeholder.com\/1920x1080\" alt=\"Namestnik\">\n<\/section>","protected":false},"excerpt":{"rendered":"","protected":false},"author":19,"featured_media":0,"parent":29267,"menu_order":2,"comment_status":"closed","ping_status":"closed","template":"","meta":{"_acf_changed":false,"footnotes":""},"categories":[],"class_list":["post-29302","page","type-page","status-publish","hentry"],"acf":[],"yoast_head":"<!-- This site is optimized with the Yoast SEO Premium plugin v26.0 (Yoast SEO v26.8) - https:\/\/yoast.com\/product\/yoast-seo-premium-wordpress\/ -->\n<title>Die Benedictus Medaille - Stift Admont<\/title>\n<meta name=\"robots\" content=\"index, follow, max-snippet:-1, max-image-preview:large, max-video-preview:-1\" \/>\n<link rel=\"canonical\" href=\"https:\/\/stiftadmont.at\/sl\/hisa-srecanja-2\/medalja-benediktus\/\" \/>\n<meta property=\"og:locale\" content=\"sl_SI\" \/>\n<meta property=\"og:type\" content=\"article\" \/>\n<meta property=\"og:title\" content=\"Die Benedictus Medaille\" \/>\n<meta property=\"og:url\" content=\"https:\/\/stiftadmont.at\/sl\/hisa-srecanja-2\/medalja-benediktus\/\" \/>\n<meta property=\"og:site_name\" content=\"Stift Admont\" \/>\n<meta property=\"article:modified_time\" content=\"2024-07-15T08:19:32+00:00\" \/>\n<meta property=\"og:image\" content=\"https:\/\/stiftadmont.at\/wp-content\/uploads\/Klosteranlage-innen.jpg\" \/>\n\t<meta property=\"og:image:width\" content=\"1912\" \/>\n\t<meta property=\"og:image:height\" content=\"1188\" \/>\n\t<meta property=\"og:image:type\" content=\"image\/jpeg\" \/>\n<meta name=\"twitter:card\" content=\"summary_large_image\" \/>\n<script type=\"application\/ld+json\" class=\"yoast-schema-graph\">{\"@context\":\"https:\/\/schema.org\",\"@graph\":[{\"@type\":\"WebPage\",\"@id\":\"https:\/\/stiftadmont.at\/haus-der-begegnung-2\/die-benedictus-medaille\/\",\"url\":\"https:\/\/stiftadmont.at\/haus-der-begegnung-2\/die-benedictus-medaille\/\",\"name\":\"Die Benedictus Medaille - Stift Admont\",\"isPartOf\":{\"@id\":\"https:\/\/stiftadmont.at\/#website\"},\"datePublished\":\"2024-07-15T06:32:26+00:00\",\"dateModified\":\"2024-07-15T08:19:32+00:00\",\"breadcrumb\":{\"@id\":\"https:\/\/stiftadmont.at\/haus-der-begegnung-2\/die-benedictus-medaille\/#breadcrumb\"},\"inLanguage\":\"sl-SI\",\"potentialAction\":[{\"@type\":\"ReadAction\",\"target\":[\"https:\/\/stiftadmont.at\/haus-der-begegnung-2\/die-benedictus-medaille\/\"]}]},{\"@type\":\"BreadcrumbList\",\"@id\":\"https:\/\/stiftadmont.at\/haus-der-begegnung-2\/die-benedictus-medaille\/#breadcrumb\",\"itemListElement\":[{\"@type\":\"ListItem\",\"position\":1,\"name\":\"Start\",\"item\":\"https:\/\/stiftadmont.at\/\"},{\"@type\":\"ListItem\",\"position\":2,\"name\":\"Haus der Begegnung\",\"item\":\"https:\/\/stiftadmont.at\/haus-der-begegnung-2\/\"},{\"@type\":\"ListItem\",\"position\":3,\"name\":\"Die Benedictus Medaille\"}]},{\"@type\":\"WebSite\",\"@id\":\"https:\/\/stiftadmont.at\/#website\",\"url\":\"https:\/\/stiftadmont.at\/\",\"name\":\"Stift Admont\",\"description\":\"Benediktinerkloster und Sehensw\u00fcrdigkeit im Ges\u00e4use\",\"potentialAction\":[{\"@type\":\"SearchAction\",\"target\":{\"@type\":\"EntryPoint\",\"urlTemplate\":\"https:\/\/stiftadmont.at\/?s={search_term_string}\"},\"query-input\":{\"@type\":\"PropertyValueSpecification\",\"valueRequired\":true,\"valueName\":\"search_term_string\"}}],\"inLanguage\":\"sl-SI\"}]}<\/script>\n<!-- \/ Yoast SEO Premium plugin. -->","yoast_head_json":{"title":"Medalja Benedictus - opatija Admont","robots":{"index":"index","follow":"follow","max-snippet":"max-snippet:-1","max-image-preview":"max-image-preview:large","max-video-preview":"max-video-preview:-1"},"canonical":"https:\/\/stiftadmont.at\/sl\/hisa-srecanja-2\/medalja-benediktus\/","og_locale":"sl_SI","og_type":"article","og_title":"Die Benedictus Medaille","og_url":"https:\/\/stiftadmont.at\/sl\/hisa-srecanja-2\/medalja-benediktus\/","og_site_name":"Stift Admont","article_modified_time":"2024-07-15T08:19:32+00:00","og_image":[{"width":1912,"height":1188,"url":"https:\/\/stiftadmont.at\/wp-content\/uploads\/Klosteranlage-innen.jpg","type":"image\/jpeg"}],"twitter_card":"summary_large_image","schema":{"@context":"https:\/\/schema.org","@graph":[{"@type":"WebPage","@id":"https:\/\/stiftadmont.at\/haus-der-begegnung-2\/die-benedictus-medaille\/","url":"https:\/\/stiftadmont.at\/haus-der-begegnung-2\/die-benedictus-medaille\/","name":"Medalja Benedictus - opatija Admont","isPartOf":{"@id":"https:\/\/stiftadmont.at\/#website"},"datePublished":"2024-07-15T06:32:26+00:00","dateModified":"2024-07-15T08:19:32+00:00","breadcrumb":{"@id":"https:\/\/stiftadmont.at\/haus-der-begegnung-2\/die-benedictus-medaille\/#breadcrumb"},"inLanguage":"sl-SI","potentialAction":[{"@type":"ReadAction","target":["https:\/\/stiftadmont.at\/haus-der-begegnung-2\/die-benedictus-medaille\/"]}]},{"@type":"BreadcrumbList","@id":"https:\/\/stiftadmont.at\/haus-der-begegnung-2\/die-benedictus-medaille\/#breadcrumb","itemListElement":[{"@type":"ListItem","position":1,"name":"Start","item":"https:\/\/stiftadmont.at\/"},{"@type":"ListItem","position":2,"name":"Haus der Begegnung","item":"https:\/\/stiftadmont.at\/haus-der-begegnung-2\/"},{"@type":"ListItem","position":3,"name":"Die Benedictus Medaille"}]},{"@type":"WebSite","@id":"https:\/\/stiftadmont.at\/#website","url":"https:\/\/stiftadmont.at\/","name":"Opatija Admont","description":"Benediktinski samostan in turisti\u010dna znamenitost v Ges\u00e4use","potentialAction":[{"@type":"SearchAction","target":{"@type":"EntryPoint","urlTemplate":"https:\/\/stiftadmont.at\/?s={search_term_string}"},"query-input":{"@type":"PropertyValueSpecification","valueRequired":true,"valueName":"search_term_string"}}],"inLanguage":"sl-SI"}]}},"_links":{"self":[{"href":"https:\/\/stiftadmont.at\/sl\/wp-json\/wp\/v2\/pages\/29302","targetHints":{"allow":["GET"]}}],"collection":[{"href":"https:\/\/stiftadmont.at\/sl\/wp-json\/wp\/v2\/pages"}],"about":[{"href":"https:\/\/stiftadmont.at\/sl\/wp-json\/wp\/v2\/types\/page"}],"author":[{"embeddable":true,"href":"https:\/\/stiftadmont.at\/sl\/wp-json\/wp\/v2\/users\/19"}],"replies":[{"embeddable":true,"href":"https:\/\/stiftadmont.at\/sl\/wp-json\/wp\/v2\/comments?post=29302"}],"version-history":[{"count":3,"href":"https:\/\/stiftadmont.at\/sl\/wp-json\/wp\/v2\/pages\/29302\/revisions"}],"predecessor-version":[{"id":29420,"href":"https:\/\/stiftadmont.at\/sl\/wp-json\/wp\/v2\/pages\/29302\/revisions\/29420"}],"up":[{"embeddable":true,"href":"https:\/\/stiftadmont.at\/sl\/wp-json\/wp\/v2\/pages\/29267"}],"wp:attachment":[{"href":"https:\/\/stiftadmont.at\/sl\/wp-json\/wp\/v2\/media?parent=29302"}],"wp:term":[{"taxonomy":"category","embeddable":true,"href":"https:\/\/stiftadmont.at\/sl\/wp-json\/wp\/v2\/categories?post=29302"}],"curies":[{"name":"wp","href":"https:\/\/api.w.org\/{rel}","templated":true}]}}