{"id":29319,"date":"2024-07-15T08:38:38","date_gmt":"2024-07-15T06:38:38","guid":{"rendered":"https:\/\/stiftadmont.at\/?page_id=29319"},"modified":"2025-02-04T11:40:14","modified_gmt":"2025-02-04T09:40:14","slug":"molitve-k-svetemu-benediktu-in-sveti-skolastici","status":"publish","type":"page","link":"https:\/\/stiftadmont.at\/sl\/haus-der-begegnung-2\/spiritualitaet\/gebete-zum-hl-benedikt-und-zur-hl-scholastika\/","title":{"rendered":"Molitve k svetemu Benediktu in sveti \u0160kolastici"},"content":{"rendered":"<section id='lightpress__section--block_748675df9cd76e1208ffbf8a6dcc4bd6' class='align-center lightpress__section--default-section-space lightpress__section lightpress__section--headline'><div class=\"headline__container\">\n            <h2 class=\"headline text--40 text-medium line line--gold line-above line-middle\">Molitve k svetemu Benediktu in sveti \u0160kolastici<\/h2>\n        <p class=\"text-center text-gold text--20 text-medium text--uppercase\"><\/p>\n        <div class=\"spacer--40\"><\/div>\n<\/div>\n\n<\/section>\n\n<section id='lightpress__section--block_620f02d0ecc300520789640f6c00c6e3' class='lightpress__section--default-section-space lightpress__section lightpress__section--content'><div class=\"content__inner\"\n         x-init=\"initContentBlockAnim($el)\">\n        \n    <div class=\"content__grid content__grid\">\n                                            <div class=\"content__box content__box--one-hundred\"\n                 style=\"\">\n                                \n                \n                                            <div class=\"prose\"><h5 class=\"heading-m line line-above line--gold\"><strong>Ro\u017eni venec k svetemu Benediktu<\/strong><\/h5>\n<p>\u00a0<\/p>\n<ul>\n<li class=\"paragraph-m\">Sveti Benedikt, zavetnik Evrope, moli za mir in krono kreposti.<\/li>\n<li class=\"paragraph-m\">Oblikujte duha reda, kr\u0161\u010danstva, svetega Benedikta, v Bo\u017ejo slavo.<\/li>\n<li class=\"paragraph-m\">Iz satanovega besa, sveti Benedikt, nas \u017ee s svojim visoko blagoslovljenim medaljonom.<\/li>\n<li class=\"paragraph-m\">\"Ora et labora\" naj bo vedno geslo svetega Benedikta in Evrope.<\/li>\n<li class=\"paragraph-m\">Bog! Gospod! Tebi ve\u010dna zahvala, hvala in slava za svetega Benedikta in njegov red svetnikov.<\/li>\n<\/ul>\n<p>\u00a0<\/p>\n<p>\u00a0<\/p>\n<p>\u00a0<\/p>\n<h5 class=\"heading-m line line-above line--gold\"><strong>Molitve k svetemu Benediktu<\/strong><\/h5>\n<p>\u00a0<\/p>\n<p class=\"paragraph-m\">Sveti o\u010de Benedikt, dostojanstveni vodja velike vojske Kristusovih bojevnikov, namre\u010d va\u0161ih sinov in h\u010dera iz reda! Spominjam vas na \u010dudovito smrt, ki vam jo je podaril Gospod. S pokon\u010dno dr\u017eo in molitvijo z dvignjenimi o\u010dmi ste svojo du\u0161o vrnili Stvarniku. Nekega dne mi stoj ob strani v moji smrtni uri. Za\u0161\u010ditite me pred napadi zlobnega sovra\u017enika in me popeljite v ve\u010dne radosti. Amen.<\/p>\n<p class=\"paragraph-m\">Vsemogo\u010dni Bog, v svetem Benediktu si nam dal u\u010ditelja in vzgojitelja, ki nas vodi, da te i\u0161\u010demo in ti slu\u017eimo. Daj, da ne bomo ni\u010desar dajali prednost na\u0161i ljubezni do tebe, ampak da bomo polni veselja in zaupanja hiteli k tebi po poti tvojih zapovedi. Prosimo te za to po Jezusu Kristusu.<\/p>\n<p class=\"paragraph-m\">\u00a0<\/p>\n<p>\u00a0<\/p>\n<p>\u00a0<\/p>\n<h5 class=\"heading-m line line-above line--gold\"><strong>Novena svetega Benedikta<\/strong><\/h5>\n<p class=\"paragraph-m\">\u00a0<\/p>\n<p class=\"paragraph-m\">Moli\u0161 9 dni zapored:<\/p>\n<p class=\"paragraph-m\">9 O\u010de na\u0161, Zdrava Marija in Slava O\u010detu z dodatkom:<\/p>\n<p class=\"paragraph-m\">Sveti o\u010de Benedikt, molite za nas, da bi postali vredni Kristusovih obljub.<\/p>\n<p class=\"paragraph-m\">Molimo: Sveti o\u010de Benedikt, veliki pomo\u010dnik in pripro\u0161njik, strah hudih duhov, polni zaupanja te prosimo v na\u0161i stiski. Neprestano posreduj za nas pri bo\u017ejem prestolu in od\u017eeni zle duhove z vsemi njihovimi \u0161kodljivimi vplivi. Blagoslovi nas, kakor si nas neko\u010d blagoslovil z veliko mo\u010djo. Zana\u0161amo se na tvojo mogo\u010dno pomo\u010d in se Bogu zahvaljujemo za tvojo svetost in veli\u010dino, ki ti daje tako \u010dudovito mo\u010d posredovanja.<\/p>\n<p class=\"paragraph-m\">Sveti opat Benedikt, zavetnik Evrope, naj nam vedno ostane blizu, \u0161e posebej ob smrtni uri. Amen.<\/p>\n<p class=\"paragraph-m\">\u00a0<\/p>\n<p>\u00a0<\/p>\n<p>\u00a0<\/p>\n<h5 class=\"heading-m line line-above line--gold\"><strong>Litanije za svetega Benedikta, zavetnika Evrope<\/strong><\/h5>\n<p>\u00a0<\/p>\n<p class=\"paragraph-m\">Gospod, usmili se nas<\/p>\n<p class=\"paragraph-m\">Kristus, usmili se nas<\/p>\n<p class=\"paragraph-m\">Gospod, usmili se nas,<\/p>\n<p class=\"paragraph-m\">Kristus, poslu\u0161aj nas<\/p>\n<p class=\"paragraph-m\">Kristus, poslu\u0161aj nas<\/p>\n<p>\u00a0<\/p>\n<p class=\"paragraph-m\">Bog O\u010de v nebesih - usmili se nas<\/p>\n<p class=\"paragraph-m\">Bog Sin, Odre\u0161enik sveta<\/p>\n<p class=\"paragraph-m\">Bog Sveti Duh<\/p>\n<p class=\"paragraph-m\">Najsvetej\u0161a Trojica, en Bog<\/p>\n<p class=\"paragraph-m\">Sveta Marija - prosi za nas<\/p>\n<p class=\"paragraph-m\">Sveta Mati Bo\u017eja<\/p>\n<p class=\"paragraph-m\">Posrednica vseh milosti<\/p>\n<p class=\"paragraph-m\">Kraljica menihov<\/p>\n<p class=\"paragraph-m\">Sveti Benedikt<\/p>\n<p class=\"paragraph-m\">Sveti Benedikt, slava Nursije<\/p>\n<p class=\"paragraph-m\">Sveti Benedikt, \u010digar ime pomeni \"bla\u017eeni\".<\/p>\n<p class=\"paragraph-m\">Sveti Benedikt, bogato obdarjen z darovi Svetega Duha<\/p>\n<p class=\"paragraph-m\">Sveti Benedikt, glasnik Kristusovega miru<\/p>\n<p class=\"paragraph-m\">Sveti Benedikt, veliki ljubitelj in \u010dastilec svetega Kristusovega kri\u017ea<\/p>\n<p class=\"paragraph-m\">Sveti Benedikt, opat in o\u010de zahodnih menihov<\/p>\n<p class=\"paragraph-m\">Sveti Benedikt, napolnjen z duhom vseh pravi\u010dnih<\/p>\n<p class=\"paragraph-m\">Sveti Benedikt, o\u010de mnogih mu\u010dencev, doktor Cerkve, spovednik in devica<\/p>\n<p class=\"paragraph-m\">Sveti Benedikt, \u010dude\u017ei \u017ertvovanja in pokore<\/p>\n<p class=\"paragraph-m\">Sveti Benedikt, \u010dude\u017e poni\u017enosti in mo\u010di<\/p>\n<p class=\"paragraph-m\">Sveti Benedikt, zgled samostanske discipline<\/p>\n<p class=\"paragraph-m\">Sveti Benedikt, zgled poslu\u0161nosti, rev\u0161\u010dine in \u010distosti<\/p>\n<p class=\"paragraph-m\">Sveti Benedikt, modri zakonodajalec, ki je pod vodstvom Svetega Duha napisal Pravila reda<\/p>\n<p class=\"paragraph-m\">Sveti Benedikt, vzor jasnega uresni\u010devanja \u017eivljenja du\u0161e<\/p>\n<p class=\"paragraph-m\">Sveti Benedikt, Bo\u017eji mo\u017e<\/p>\n<p class=\"paragraph-m\">Sveti Benedikt, ti, ki si od svoje najzgodnej\u0161e mladosti be\u017eal iz sveta<\/p>\n<p class=\"paragraph-m\">Sveti Benedikt, ki je \u017eivel v samoti in se umaknil le z Bogom in za Boga.<\/p>\n<p class=\"paragraph-m\">Sveti Benedikt, ki je tvoje telo zavil v trnje, da bi ohranil tvojo \u010distost.<\/p>\n<p class=\"paragraph-m\">Sveti Benedikt, odet z Bo\u017ejo \u010dude\u017eno mo\u010djo<\/p>\n<p class=\"paragraph-m\">Sveti Benedikt, ki je z znamenjem svetega kri\u017ea odpravil malike<\/p>\n<p class=\"paragraph-m\">Sveti Benedikt, ki je z znamenjem svetega kri\u017ea prepre\u010dil hudi\u010deve sku\u0161njave<\/p>\n<p class=\"paragraph-m\">Sveti Benedikt, ki je z znamenjem svetega kri\u017ea osramotil hudobijo<\/p>\n<p class=\"paragraph-m\">Sveti Benedikt, ki si ozdravil bolne, obudil mrtve in osvobodil obsedene po tvoji zaupljivi molitvi.<\/p>\n<p class=\"paragraph-m\">Sveti Benedikt, nepremagljiv v svoji veri, neomajen v svojem upanju in poln predanosti v svoji ljubezni do Boga<\/p>\n<p class=\"paragraph-m\">Sveti Benedikt, ki je bil po Kristusovem zgledu krotek in poni\u017enega srca Sveti Benedikt, ki je zdru\u017eil o\u010detovsko prijaznost z modro strogostjo<\/p>\n<p class=\"paragraph-m\">Sveti Benedikt, ki je bil ljube\u010da opora trpe\u010dim, poln so\u010dutja in slu\u017eenja<\/p>\n<p class=\"paragraph-m\">Sveti Benedikt, ki si v tebi zvesto oblikoval Kristusovo podobo<\/p>\n<p class=\"paragraph-m\">Sveti Benedikt, ki je ob oltarju vrnil tvojo du\u0161o Bogu<\/p>\n<p class=\"paragraph-m\">Sveti Benedikt, zavetnik dobre smrti Sveti Benedikt, mogo\u010dni pripro\u0161njik pri Bogu za vse, ki te kli\u010dejo<\/p>\n<p class=\"paragraph-m\">Sveti Benedikt, zavetnik Evrope<\/p>\n<p class=\"paragraph-m\">\u00a0<\/p>\n<p class=\"paragraph-m\">Jagnje Bo\u017eje, ti jemlje\u0161 grehe sveta - prihrani nam, Gospod.<\/p>\n<p class=\"paragraph-m\">Jagnje Bo\u017eje, ti odvzame\u0161 grehe sveta - usli\u0161i nas, Gospod.<\/p>\n<p class=\"paragraph-m\">Jagnje Bo\u017eje, ti jemlje\u0161 grehe sveta - usmili se nas, Gospod.<\/p>\n<p class=\"paragraph-m\">\u00a0<\/p>\n<p class=\"paragraph-m\">Molite za nas, sveti Benedikt, da bi postali vredni Kristusovih obljub,<\/p>\n<p class=\"paragraph-m\">\u00a0<\/p>\n<p class=\"paragraph-m\">Molimo: prebudite v nas in v svoji sveti Cerkvi duha, po katerem je \u017eivel sveti Benedikt, da si bomo, pre\u017eeti z istim duhom, po Kristusu, na\u0161em Gospodu, prizadevali ljubiti, kar je ljubil, in uresni\u010devati, kar je bil njegov zgled. Amen.<\/p>\n<p class=\"paragraph-m\">\u00a0<\/p>\n<p>\u00a0<\/p>\n<h5 class=\"heading-m line line-above line--gold\"><strong>Molitve za sveto Scholastiko<\/strong><\/h5>\n<p>\u00a0<\/p>\n<p class=\"paragraph-m\">Gospod, na\u0161 Bog, hvalimo te na praznik bla\u017eene Device Scholastike, katere \u017eivljenje je sijalo s sijo\u010do \u010distostjo. Pomagaj tudi nam, da bomo zvesto hodili po poti, na katero si nas poklical, da bomo nekega dne skupaj z vsemi svetniki videli lu\u010d tvoje razodete navzo\u010dnosti. Prosimo te za to po Jezusu Kristusu.<\/p>\n<p class=\"paragraph-m\">\u00a0<\/p>\n<p class=\"paragraph-m\">Vzvi\u0161eni Bog, praznujemo spomin bla\u017eene Device Scholastike. Naj ti po njenem zgledu vedno slu\u017eimo v iskreni ljubezni in nam v svoji dobroti podeli blagoslovljeno vrnitev k tebi nekega dne. Prosimo te za to po Jezusu Kristusu.<\/p>\n<p class=\"paragraph-m\">\u00a0<\/p>\n<p class=\"paragraph-m\">Poslu\u0161aj nas, sveta \u017eena,<\/p>\n<p class=\"paragraph-m\">Sestra Scholastica!<\/p>\n<p class=\"paragraph-m\">S petjem hvalimo ,<\/p>\n<p class=\"paragraph-m\">ki te izbere za svojo nevesto.<\/p>\n<p class=\"paragraph-m\">Nau\u010dite nas \u017eiveti ljubezen,<\/p>\n<p class=\"paragraph-m\">ki zdru\u017euje stvarstvo v Kristusu.<\/p>\n<p class=\"paragraph-m\">\u00a0<\/p>\n<p class=\"paragraph-m\">Obkro\u017eajo vas \u017eenske,<\/p>\n<p class=\"paragraph-m\">kot u\u010di brat,<\/p>\n<p class=\"paragraph-m\">Pohvala in delo in po\u010ditek<\/p>\n<p class=\"paragraph-m\">se ponudite svojemu Gospodu.<\/p>\n<p class=\"paragraph-m\">Viri rodovitne vode,<\/p>\n<p class=\"paragraph-m\">Vrt ste v neplodni de\u017eeli.<\/p>\n<p class=\"paragraph-m\">\u00a0<\/p>\n<p class=\"paragraph-m\">Va\u0161a molitev bo usli\u0161ana<\/p>\n<p class=\"paragraph-m\">v nasprotju z bratovo \u017eeljo.<\/p>\n<p class=\"paragraph-m\">Z nasmehom mu re\u010de\u0161:<\/p>\n<p class=\"paragraph-m\">\"\u010ce lahko, pojdi!\"<\/p>\n<p class=\"paragraph-m\">Ljubezen je bila zate najve\u010dja stvar,<\/p>\n<p class=\"paragraph-m\">vam je bila pomembnej\u0161a od prava in pravice.<\/p>\n<p class=\"paragraph-m\">\u00a0<\/p>\n<p class=\"paragraph-m\">Slava Gospodu,<\/p>\n<p class=\"paragraph-m\">O\u010de ve\u010dnosti,<\/p>\n<p class=\"paragraph-m\">hvala Sinu,<\/p>\n<p class=\"paragraph-m\">ki krona njegovo stvaritev,<\/p>\n<p class=\"paragraph-m\">Hvaljen naj bo tudi duh,<\/p>\n<p class=\"paragraph-m\">ki v resnici daje \u017eivljenje! Amen.<\/p>\n<p class=\"paragraph-m\">(himna prazni\u010dne liturgije)<\/p>\n<\/div>\n                    \n                            <\/div>\n        \n            <\/div>\n<\/div>\n\n<\/section>","protected":false},"excerpt":{"rendered":"","protected":false},"author":19,"featured_media":0,"parent":29279,"menu_order":3,"comment_status":"closed","ping_status":"closed","template":"","meta":{"_acf_changed":false,"footnotes":""},"categories":[],"class_list":["post-29319","page","type-page","status-publish","hentry"],"acf":[],"yoast_head":"<!-- This site is optimized with the Yoast SEO Premium plugin v26.0 (Yoast SEO v26.8) - https:\/\/yoast.com\/product\/yoast-seo-premium-wordpress\/ -->\n<title>Gebete zum Hl. Benedikt und zur Hl. Scholastika - Stift Admont<\/title>\n<meta name=\"robots\" content=\"index, follow, max-snippet:-1, max-image-preview:large, max-video-preview:-1\" \/>\n<link rel=\"canonical\" href=\"https:\/\/stiftadmont.at\/sl\/hisa-srecanja-2\/duhovnost\/molitve-k-svetemu-benediktu-in-sveti-skolastici\/\" \/>\n<meta property=\"og:locale\" content=\"sl_SI\" \/>\n<meta property=\"og:type\" content=\"article\" \/>\n<meta property=\"og:title\" content=\"Gebete zum Hl. Benedikt und zur Hl. Scholastika\" \/>\n<meta property=\"og:url\" content=\"https:\/\/stiftadmont.at\/sl\/hisa-srecanja-2\/duhovnost\/molitve-k-svetemu-benediktu-in-sveti-skolastici\/\" \/>\n<meta property=\"og:site_name\" content=\"Stift Admont\" \/>\n<meta property=\"article:modified_time\" content=\"2025-02-04T09:40:14+00:00\" \/>\n<meta property=\"og:image\" content=\"https:\/\/stiftadmont.at\/wp-content\/uploads\/Klosteranlage-innen.jpg\" \/>\n\t<meta property=\"og:image:width\" content=\"1912\" \/>\n\t<meta property=\"og:image:height\" content=\"1188\" \/>\n\t<meta property=\"og:image:type\" content=\"image\/jpeg\" \/>\n<meta name=\"twitter:card\" content=\"summary_large_image\" \/>\n<script type=\"application\/ld+json\" class=\"yoast-schema-graph\">{\"@context\":\"https:\/\/schema.org\",\"@graph\":[{\"@type\":\"WebPage\",\"@id\":\"https:\/\/stiftadmont.at\/haus-der-begegnung-2\/spiritualitaet\/gebete-zum-hl-benedikt-und-zur-hl-scholastika\/\",\"url\":\"https:\/\/stiftadmont.at\/haus-der-begegnung-2\/spiritualitaet\/gebete-zum-hl-benedikt-und-zur-hl-scholastika\/\",\"name\":\"Gebete zum Hl. Benedikt und zur Hl. Scholastika - Stift Admont\",\"isPartOf\":{\"@id\":\"https:\/\/stiftadmont.at\/#website\"},\"datePublished\":\"2024-07-15T06:38:38+00:00\",\"dateModified\":\"2025-02-04T09:40:14+00:00\",\"breadcrumb\":{\"@id\":\"https:\/\/stiftadmont.at\/haus-der-begegnung-2\/spiritualitaet\/gebete-zum-hl-benedikt-und-zur-hl-scholastika\/#breadcrumb\"},\"inLanguage\":\"sl-SI\",\"potentialAction\":[{\"@type\":\"ReadAction\",\"target\":[\"https:\/\/stiftadmont.at\/haus-der-begegnung-2\/spiritualitaet\/gebete-zum-hl-benedikt-und-zur-hl-scholastika\/\"]}]},{\"@type\":\"BreadcrumbList\",\"@id\":\"https:\/\/stiftadmont.at\/haus-der-begegnung-2\/spiritualitaet\/gebete-zum-hl-benedikt-und-zur-hl-scholastika\/#breadcrumb\",\"itemListElement\":[{\"@type\":\"ListItem\",\"position\":1,\"name\":\"Start\",\"item\":\"https:\/\/stiftadmont.at\/\"},{\"@type\":\"ListItem\",\"position\":2,\"name\":\"Haus der Begegnung\",\"item\":\"https:\/\/stiftadmont.at\/haus-der-begegnung-2\/\"},{\"@type\":\"ListItem\",\"position\":3,\"name\":\"Spiritualit\u00e4t\",\"item\":\"https:\/\/stiftadmont.at\/haus-der-begegnung-2\/spiritualitaet\/\"},{\"@type\":\"ListItem\",\"position\":4,\"name\":\"Gebete zum Hl. Benedikt und zur Hl. Scholastika\"}]},{\"@type\":\"WebSite\",\"@id\":\"https:\/\/stiftadmont.at\/#website\",\"url\":\"https:\/\/stiftadmont.at\/\",\"name\":\"Stift Admont\",\"description\":\"Benediktinerkloster und Sehensw\u00fcrdigkeit im Ges\u00e4use\",\"potentialAction\":[{\"@type\":\"SearchAction\",\"target\":{\"@type\":\"EntryPoint\",\"urlTemplate\":\"https:\/\/stiftadmont.at\/?s={search_term_string}\"},\"query-input\":{\"@type\":\"PropertyValueSpecification\",\"valueRequired\":true,\"valueName\":\"search_term_string\"}}],\"inLanguage\":\"sl-SI\"}]}<\/script>\n<!-- \/ Yoast SEO Premium plugin. -->","yoast_head_json":{"title":"Molitve k svetemu Benediktu in sveti \u0160kolastici - Opatija Admont","robots":{"index":"index","follow":"follow","max-snippet":"max-snippet:-1","max-image-preview":"max-image-preview:large","max-video-preview":"max-video-preview:-1"},"canonical":"https:\/\/stiftadmont.at\/sl\/hisa-srecanja-2\/duhovnost\/molitve-k-svetemu-benediktu-in-sveti-skolastici\/","og_locale":"sl_SI","og_type":"article","og_title":"Gebete zum Hl. Benedikt und zur Hl. Scholastika","og_url":"https:\/\/stiftadmont.at\/sl\/hisa-srecanja-2\/duhovnost\/molitve-k-svetemu-benediktu-in-sveti-skolastici\/","og_site_name":"Stift Admont","article_modified_time":"2025-02-04T09:40:14+00:00","og_image":[{"width":1912,"height":1188,"url":"https:\/\/stiftadmont.at\/wp-content\/uploads\/Klosteranlage-innen.jpg","type":"image\/jpeg"}],"twitter_card":"summary_large_image","schema":{"@context":"https:\/\/schema.org","@graph":[{"@type":"WebPage","@id":"https:\/\/stiftadmont.at\/haus-der-begegnung-2\/spiritualitaet\/gebete-zum-hl-benedikt-und-zur-hl-scholastika\/","url":"https:\/\/stiftadmont.at\/haus-der-begegnung-2\/spiritualitaet\/gebete-zum-hl-benedikt-und-zur-hl-scholastika\/","name":"Molitve k svetemu Benediktu in sveti \u0160kolastici - Opatija Admont","isPartOf":{"@id":"https:\/\/stiftadmont.at\/#website"},"datePublished":"2024-07-15T06:38:38+00:00","dateModified":"2025-02-04T09:40:14+00:00","breadcrumb":{"@id":"https:\/\/stiftadmont.at\/haus-der-begegnung-2\/spiritualitaet\/gebete-zum-hl-benedikt-und-zur-hl-scholastika\/#breadcrumb"},"inLanguage":"sl-SI","potentialAction":[{"@type":"ReadAction","target":["https:\/\/stiftadmont.at\/haus-der-begegnung-2\/spiritualitaet\/gebete-zum-hl-benedikt-und-zur-hl-scholastika\/"]}]},{"@type":"BreadcrumbList","@id":"https:\/\/stiftadmont.at\/haus-der-begegnung-2\/spiritualitaet\/gebete-zum-hl-benedikt-und-zur-hl-scholastika\/#breadcrumb","itemListElement":[{"@type":"ListItem","position":1,"name":"Start","item":"https:\/\/stiftadmont.at\/"},{"@type":"ListItem","position":2,"name":"Haus der Begegnung","item":"https:\/\/stiftadmont.at\/haus-der-begegnung-2\/"},{"@type":"ListItem","position":3,"name":"Spiritualit\u00e4t","item":"https:\/\/stiftadmont.at\/haus-der-begegnung-2\/spiritualitaet\/"},{"@type":"ListItem","position":4,"name":"Gebete zum Hl. Benedikt und zur Hl. Scholastika"}]},{"@type":"WebSite","@id":"https:\/\/stiftadmont.at\/#website","url":"https:\/\/stiftadmont.at\/","name":"Opatija Admont","description":"Benediktinski samostan in turisti\u010dna znamenitost v Ges\u00e4use","potentialAction":[{"@type":"SearchAction","target":{"@type":"EntryPoint","urlTemplate":"https:\/\/stiftadmont.at\/?s={search_term_string}"},"query-input":{"@type":"PropertyValueSpecification","valueRequired":true,"valueName":"search_term_string"}}],"inLanguage":"sl-SI"}]}},"_links":{"self":[{"href":"https:\/\/stiftadmont.at\/sl\/wp-json\/wp\/v2\/pages\/29319","targetHints":{"allow":["GET"]}}],"collection":[{"href":"https:\/\/stiftadmont.at\/sl\/wp-json\/wp\/v2\/pages"}],"about":[{"href":"https:\/\/stiftadmont.at\/sl\/wp-json\/wp\/v2\/types\/page"}],"author":[{"embeddable":true,"href":"https:\/\/stiftadmont.at\/sl\/wp-json\/wp\/v2\/users\/19"}],"replies":[{"embeddable":true,"href":"https:\/\/stiftadmont.at\/sl\/wp-json\/wp\/v2\/comments?post=29319"}],"version-history":[{"count":6,"href":"https:\/\/stiftadmont.at\/sl\/wp-json\/wp\/v2\/pages\/29319\/revisions"}],"predecessor-version":[{"id":32644,"href":"https:\/\/stiftadmont.at\/sl\/wp-json\/wp\/v2\/pages\/29319\/revisions\/32644"}],"up":[{"embeddable":true,"href":"https:\/\/stiftadmont.at\/sl\/wp-json\/wp\/v2\/pages\/29279"}],"wp:attachment":[{"href":"https:\/\/stiftadmont.at\/sl\/wp-json\/wp\/v2\/media?parent=29319"}],"wp:term":[{"taxonomy":"category","embeddable":true,"href":"https:\/\/stiftadmont.at\/sl\/wp-json\/wp\/v2\/categories?post=29319"}],"curies":[{"name":"wp","href":"https:\/\/api.w.org\/{rel}","templated":true}]}}