{"id":29323,"date":"2024-07-15T08:47:50","date_gmt":"2024-07-15T06:47:50","guid":{"rendered":"https:\/\/stiftadmont.at\/?page_id=29323"},"modified":"2024-07-15T10:25:56","modified_gmt":"2024-07-15T08:25:56","slug":"santo-bambino-iz-aracoeli","status":"publish","type":"page","link":"https:\/\/stiftadmont.at\/sl\/haus-der-begegnung-2\/spiritualitaet\/santo-bambino-von-aracoeli\/","title":{"rendered":"Santo Bambino iz Aracoeli"},"content":{"rendered":"<section id='lightpress__section--block_6988a78a5b82f7b9155b3d2e08553126' class='lightpress__section--default-section-space lightpress__section lightpress__section--content'><div class=\"content__inner\"\n         x-init=\"initContentBlockAnim($el)\">\n        \n    <div class=\"content__grid content__grid\">\n                                            <div class=\"content__box content__box--one-hundred\"\n                 style=\"\">\n                                \n                \n                                            <div class=\"prose\"><h5 class=\"heading-m\">Santo Bambino iz Aracoeli<\/h5>\n<p class=\"paragraph-m\"><strong>Molitev k svetemu Bambinu iz Aracoeli<\/strong><\/p>\n<p class=\"paragraph-m\">\u00a0<\/p>\n<p class=\"paragraph-m\">Ljubezen do Jezusa, ki je za nas postal otrok<\/p>\n<p class=\"paragraph-m\">in so se rodili v hlevu,<\/p>\n<p class=\"paragraph-m\">da bi nas odre\u0161il greha.<\/p>\n<p class=\"paragraph-m\">Priznavamo te kot na\u0161ega Boga in kralja.<\/p>\n<p class=\"paragraph-m\">V \u010dast vam izkazujemo vso svojo naklonjenost,<\/p>\n<p class=\"paragraph-m\">na\u0161ega srca.<\/p>\n<p class=\"paragraph-m\">Dragi Jezus, po\u010dastite se s tem darom.<\/p>\n<p class=\"paragraph-m\">Da pa bi vam bilo v\u0161e\u010d, vas prosimo, da nam<\/p>\n<p class=\"paragraph-m\">z ognjem tvoje bo\u017eanske ljubezni.<\/p>\n<p class=\"paragraph-m\">Tako naj na\u0161a du\u0161a postane oltar,<\/p>\n<p class=\"paragraph-m\">na katerem ti darujemo \u017ertve na\u0161ih stisk.<\/p>\n<p class=\"paragraph-m\">poskrbite, da bomo tukaj na zemlji vedno<\/p>\n<p class=\"paragraph-m\">si prizadevajte za va\u0161o ve\u010djo \u010dast, da bomo neko\u010d<\/p>\n<p class=\"paragraph-m\">da bi bili dele\u017eni tvoje ve\u010dne slave v nebesih. Amen.<\/p>\n<p class=\"paragraph-m\">\u00a0<\/p>\n<p class=\"paragraph-m\"><strong>OTROK JEZUS IZ ARACOELI<\/strong><\/p>\n<p class=\"paragraph-m\">\u00a0<\/p>\n<p class=\"paragraph-m\">Podobo je iz olj\u010dnega lesa z vrta Getsemani izrezljal pobo\u017eni fran\u010di\u0161kanski menih v Jeruzalemu ob koncu 15. stoletja. Po izro\u010dilu dobri menih ni imel potrebne barve za dokon\u010danje dela, zato naj bi jo \u010dude\u017eno dokon\u010dala angelova roka. Med potovanjem po morju je moral menih zaradi stra\u0161ne nevihte krsto z dragocenim zakladom vre\u010di v vodo, vendar je ta splavala za ladjo in sama prispela v pristani\u0161\u010de v Livornu.<\/p>\n<p class=\"paragraph-m\">\u00a0<\/p>\n<p class=\"paragraph-m\">Sloves teh edinstvenih dogodkov je bil pred sliko; v ve\u010dnem mestu so jo sprejeli z velikim veseljem in jo po\u010dastili z izredno predanostjo. Nekega dne - bilo je v bo\u017ei\u010dnem \u010dasu - je plemenita gospa ukradla sliko iz jaslic, kjer je bila shranjena, in jo skrbno skrila v svoji hi\u0161i. Nato je hudo zbolela in njen spovednik ji je naro\u010dil, naj sliko vrne. Po ljudskem izro\u010dilu se je podoba sredi no\u010di sama vrnila v stolnico in zvonovi bazilike so za\u010deli \u010dude\u017eno zvoniti.<\/p>\n<p class=\"paragraph-m\">\u00a0<\/p>\n<p class=\"paragraph-m\">Dragoceni darovi iz zlata in dragih kamnov, ki jo krasijo, pri\u010dajo o hvale\u017enosti vernikov za ne\u0161tete usluge. S tak\u0161nimi darovi je bila bogato obdarjena vsaki\u010d, ko so jo oropale tatinske roke. Leta 1798 je plemeniti Rimljan po imenu Serafino Petrarca v zameno za veliko vsoto denarja sliko re\u0161il pred uni\u010dujo\u010dim besom Napoleonovih vojakov.<\/p>\n<p class=\"paragraph-m\">\u00a0<\/p>\n<p class=\"paragraph-m\">Kapela Deteta Jezusa je pogosto polna obiskovalcev z vsega sveta. Matere pred rojstvom otroka gredo v Aracoeli po poseben blagoslov; tja pripeljejo tudi svoje otroke, da jih posvetijo bo\u017eanskemu otroku. \u017de od nekdaj so podobo na \u017eeljo bolnikov nosili k bolni\u0161ki postelji. V\u010dasih se je dogajalo, da je bilo na Kapitolskem trgu mogo\u010de videti dolgo vrsto vozil, ki so \u010dakala, da pridejo na vrsto.<\/p>\n<p class=\"paragraph-m\">\u00a0<\/p>\n<p class=\"paragraph-m\">Vedno ve\u010dja slava \u010dudovite podobe je spodbudila pape\u017ea Leona XIII. in vatikanski kapitelj, da sta jo okronala. To se je zgodilo na slovesni slovesnosti 2. maja 1897, o tem slovesu pa pri\u010dajo tudi ne\u0161teta pisma s pro\u0161njami in zahvalami, ki jih bo\u017eji otrok vsak dan prejema od tiso\u010dev pobo\u017enih ljudi z vsega sveta. Najmlaj\u0161i in odrasli mu pi\u0161ejo kot svojemu najbolj\u0161emu prijatelju. V bo\u017ei\u010dnem \u010dasu se rimski otroci zgrinjajo k veli\u010dastni posteljici, da bi izrekli svoje male govore in recitirali hvalospeve novorojenemu Odre\u0161eniku. Na dan Gospodovega razgla\u0161enja vse mesto hiti na Kapitol, da bi prejelo blagoslov svojega malega, velikega kralja. V resnici nad njegovim kraljestvom nikoli ne zaide sonce.<\/p>\n<\/div>\n                    \n                            <\/div>\n        \n            <\/div>\n<\/div>\n\n<\/section>","protected":false},"excerpt":{"rendered":"","protected":false},"author":19,"featured_media":0,"parent":29279,"menu_order":7,"comment_status":"closed","ping_status":"closed","template":"","meta":{"_acf_changed":false,"footnotes":""},"categories":[],"class_list":["post-29323","page","type-page","status-publish","hentry"],"acf":[],"yoast_head":"<!-- This site is optimized with the Yoast SEO Premium plugin v26.0 (Yoast SEO v26.8) - https:\/\/yoast.com\/product\/yoast-seo-premium-wordpress\/ -->\n<title>Santo Bambino von Aracoeli - Stift Admont<\/title>\n<meta name=\"robots\" content=\"index, follow, max-snippet:-1, max-image-preview:large, max-video-preview:-1\" \/>\n<link rel=\"canonical\" href=\"https:\/\/stiftadmont.at\/sl\/hisa-srecanja-2\/duhovnost\/santo-bambino-iz-aracoeli\/\" \/>\n<meta property=\"og:locale\" content=\"sl_SI\" \/>\n<meta property=\"og:type\" content=\"article\" \/>\n<meta property=\"og:title\" content=\"Santo Bambino von Aracoeli\" \/>\n<meta property=\"og:url\" content=\"https:\/\/stiftadmont.at\/sl\/hisa-srecanja-2\/duhovnost\/santo-bambino-iz-aracoeli\/\" \/>\n<meta property=\"og:site_name\" content=\"Stift Admont\" \/>\n<meta property=\"article:modified_time\" content=\"2024-07-15T08:25:56+00:00\" \/>\n<meta property=\"og:image\" content=\"https:\/\/stiftadmont.at\/wp-content\/uploads\/Klosteranlage-innen.jpg\" \/>\n\t<meta property=\"og:image:width\" content=\"1912\" \/>\n\t<meta property=\"og:image:height\" content=\"1188\" \/>\n\t<meta property=\"og:image:type\" content=\"image\/jpeg\" \/>\n<meta name=\"twitter:card\" content=\"summary_large_image\" \/>\n<script type=\"application\/ld+json\" class=\"yoast-schema-graph\">{\"@context\":\"https:\/\/schema.org\",\"@graph\":[{\"@type\":\"WebPage\",\"@id\":\"https:\/\/stiftadmont.at\/haus-der-begegnung-2\/spiritualitaet\/santo-bambino-von-aracoeli\/\",\"url\":\"https:\/\/stiftadmont.at\/haus-der-begegnung-2\/spiritualitaet\/santo-bambino-von-aracoeli\/\",\"name\":\"Santo Bambino von Aracoeli - Stift Admont\",\"isPartOf\":{\"@id\":\"https:\/\/stiftadmont.at\/#website\"},\"datePublished\":\"2024-07-15T06:47:50+00:00\",\"dateModified\":\"2024-07-15T08:25:56+00:00\",\"breadcrumb\":{\"@id\":\"https:\/\/stiftadmont.at\/haus-der-begegnung-2\/spiritualitaet\/santo-bambino-von-aracoeli\/#breadcrumb\"},\"inLanguage\":\"sl-SI\",\"potentialAction\":[{\"@type\":\"ReadAction\",\"target\":[\"https:\/\/stiftadmont.at\/haus-der-begegnung-2\/spiritualitaet\/santo-bambino-von-aracoeli\/\"]}]},{\"@type\":\"BreadcrumbList\",\"@id\":\"https:\/\/stiftadmont.at\/haus-der-begegnung-2\/spiritualitaet\/santo-bambino-von-aracoeli\/#breadcrumb\",\"itemListElement\":[{\"@type\":\"ListItem\",\"position\":1,\"name\":\"Start\",\"item\":\"https:\/\/stiftadmont.at\/\"},{\"@type\":\"ListItem\",\"position\":2,\"name\":\"Haus der Begegnung\",\"item\":\"https:\/\/stiftadmont.at\/haus-der-begegnung-2\/\"},{\"@type\":\"ListItem\",\"position\":3,\"name\":\"Spiritualit\u00e4t\",\"item\":\"https:\/\/stiftadmont.at\/haus-der-begegnung-2\/spiritualitaet\/\"},{\"@type\":\"ListItem\",\"position\":4,\"name\":\"Santo Bambino von Aracoeli\"}]},{\"@type\":\"WebSite\",\"@id\":\"https:\/\/stiftadmont.at\/#website\",\"url\":\"https:\/\/stiftadmont.at\/\",\"name\":\"Stift Admont\",\"description\":\"Benediktinerkloster und Sehensw\u00fcrdigkeit im Ges\u00e4use\",\"potentialAction\":[{\"@type\":\"SearchAction\",\"target\":{\"@type\":\"EntryPoint\",\"urlTemplate\":\"https:\/\/stiftadmont.at\/?s={search_term_string}\"},\"query-input\":{\"@type\":\"PropertyValueSpecification\",\"valueRequired\":true,\"valueName\":\"search_term_string\"}}],\"inLanguage\":\"sl-SI\"}]}<\/script>\n<!-- \/ Yoast SEO Premium plugin. -->","yoast_head_json":{"title":"Santo Bambino iz Aracoeli - opatija Admont","robots":{"index":"index","follow":"follow","max-snippet":"max-snippet:-1","max-image-preview":"max-image-preview:large","max-video-preview":"max-video-preview:-1"},"canonical":"https:\/\/stiftadmont.at\/sl\/hisa-srecanja-2\/duhovnost\/santo-bambino-iz-aracoeli\/","og_locale":"sl_SI","og_type":"article","og_title":"Santo Bambino von Aracoeli","og_url":"https:\/\/stiftadmont.at\/sl\/hisa-srecanja-2\/duhovnost\/santo-bambino-iz-aracoeli\/","og_site_name":"Stift Admont","article_modified_time":"2024-07-15T08:25:56+00:00","og_image":[{"width":1912,"height":1188,"url":"https:\/\/stiftadmont.at\/wp-content\/uploads\/Klosteranlage-innen.jpg","type":"image\/jpeg"}],"twitter_card":"summary_large_image","schema":{"@context":"https:\/\/schema.org","@graph":[{"@type":"WebPage","@id":"https:\/\/stiftadmont.at\/haus-der-begegnung-2\/spiritualitaet\/santo-bambino-von-aracoeli\/","url":"https:\/\/stiftadmont.at\/haus-der-begegnung-2\/spiritualitaet\/santo-bambino-von-aracoeli\/","name":"Santo Bambino iz Aracoeli - opatija Admont","isPartOf":{"@id":"https:\/\/stiftadmont.at\/#website"},"datePublished":"2024-07-15T06:47:50+00:00","dateModified":"2024-07-15T08:25:56+00:00","breadcrumb":{"@id":"https:\/\/stiftadmont.at\/haus-der-begegnung-2\/spiritualitaet\/santo-bambino-von-aracoeli\/#breadcrumb"},"inLanguage":"sl-SI","potentialAction":[{"@type":"ReadAction","target":["https:\/\/stiftadmont.at\/haus-der-begegnung-2\/spiritualitaet\/santo-bambino-von-aracoeli\/"]}]},{"@type":"BreadcrumbList","@id":"https:\/\/stiftadmont.at\/haus-der-begegnung-2\/spiritualitaet\/santo-bambino-von-aracoeli\/#breadcrumb","itemListElement":[{"@type":"ListItem","position":1,"name":"Start","item":"https:\/\/stiftadmont.at\/"},{"@type":"ListItem","position":2,"name":"Haus der Begegnung","item":"https:\/\/stiftadmont.at\/haus-der-begegnung-2\/"},{"@type":"ListItem","position":3,"name":"Spiritualit\u00e4t","item":"https:\/\/stiftadmont.at\/haus-der-begegnung-2\/spiritualitaet\/"},{"@type":"ListItem","position":4,"name":"Santo Bambino von Aracoeli"}]},{"@type":"WebSite","@id":"https:\/\/stiftadmont.at\/#website","url":"https:\/\/stiftadmont.at\/","name":"Opatija Admont","description":"Benediktinski samostan in turisti\u010dna znamenitost v Ges\u00e4use","potentialAction":[{"@type":"SearchAction","target":{"@type":"EntryPoint","urlTemplate":"https:\/\/stiftadmont.at\/?s={search_term_string}"},"query-input":{"@type":"PropertyValueSpecification","valueRequired":true,"valueName":"search_term_string"}}],"inLanguage":"sl-SI"}]}},"_links":{"self":[{"href":"https:\/\/stiftadmont.at\/sl\/wp-json\/wp\/v2\/pages\/29323","targetHints":{"allow":["GET"]}}],"collection":[{"href":"https:\/\/stiftadmont.at\/sl\/wp-json\/wp\/v2\/pages"}],"about":[{"href":"https:\/\/stiftadmont.at\/sl\/wp-json\/wp\/v2\/types\/page"}],"author":[{"embeddable":true,"href":"https:\/\/stiftadmont.at\/sl\/wp-json\/wp\/v2\/users\/19"}],"replies":[{"embeddable":true,"href":"https:\/\/stiftadmont.at\/sl\/wp-json\/wp\/v2\/comments?post=29323"}],"version-history":[{"count":3,"href":"https:\/\/stiftadmont.at\/sl\/wp-json\/wp\/v2\/pages\/29323\/revisions"}],"predecessor-version":[{"id":29425,"href":"https:\/\/stiftadmont.at\/sl\/wp-json\/wp\/v2\/pages\/29323\/revisions\/29425"}],"up":[{"embeddable":true,"href":"https:\/\/stiftadmont.at\/sl\/wp-json\/wp\/v2\/pages\/29279"}],"wp:attachment":[{"href":"https:\/\/stiftadmont.at\/sl\/wp-json\/wp\/v2\/media?parent=29323"}],"wp:term":[{"taxonomy":"category","embeddable":true,"href":"https:\/\/stiftadmont.at\/sl\/wp-json\/wp\/v2\/categories?post=29323"}],"curies":[{"name":"wp","href":"https:\/\/api.w.org\/{rel}","templated":true}]}}