{"id":29335,"date":"2024-07-15T08:23:49","date_gmt":"2024-07-15T06:23:49","guid":{"rendered":"https:\/\/stiftadmont.at\/?page_id=29335"},"modified":"2025-02-04T11:57:27","modified_gmt":"2025-02-04T09:57:27","slug":"svetovanje-studentom","status":"publish","type":"page","link":"https:\/\/stiftadmont.at\/sl\/haus-der-begegnung-2\/die-muenze\/studentenseelsorge\/","title":{"rendered":"\u0160tudentska kaplanija"},"content":{"rendered":"<section id='lightpress__section--block_f3047a6d1cdf1eb78d589be5149b5eca' class='lightpress__section--default-section-space lightpress__section lightpress__section--content'><div class=\"content__inner\"\n         x-init=\"initContentBlockAnim($el)\">\n        \n    <div class=\"content__grid content__grid\">\n                                            <div class=\"content__box content__box--one-hundred\"\n                 style=\"\">\n                                \n                \n                                            <div class=\"prose\"><h5 class=\"heading-m line line-above line--gold text-center\">\u0160tudentska kaplanija<\/h5>\n<p>\u00a0<\/p>\n<h5 class=\"heading-m\">\u0160tudentska kaplanija in benediktinska gostoljubnost<\/h5>\n<p>\u00a0<\/p>\n<p class=\"paragraph-m\">Z odprtjem \u0161tudentskega doma na M\u00fcnzgrabenstra\u00dfe je ekipa iz Haus der Begegnung prevzela pastoralno skrb za tamkaj\u0161nje \u0161tudente.<\/p>\n<p class=\"paragraph-m\">\u00a0<\/p>\n<p class=\"paragraph-m\">\u0160tudentska kaplanija za nas pomeni, da \u0161tudente povabimo, da izkusijo vero v \u017eivahni skupnosti, da o njej razmi\u0161ljajo z intelektualno iskrenostjo in jo poglobijo z izku\u0161njo benediktinske duhovnosti in \u017eivljenjskega sloga, da bi na\u0161li pristno in verodostojno kr\u0161\u010danstvo.<\/p>\n<p class=\"paragraph-m\">\u00a0<\/p>\n<p class=\"paragraph-m\">\u00a0<\/p>\n<p class=\"paragraph-m\">Z bogoslu\u017eji, meditacijo in programi za premi\u0161ljevanje \u017eelimo ponuditi prilo\u017enosti za prakticiranje in do\u017eivljanje benediktinske duhovnosti ter njeno izku\u0161njo in poglobitev. Na ta na\u010din \u017eelimo posameznikom in skupnostim pomagati, da odkrijejo svojo vero in jo izrazijo v jeziku, ki je razumljiv v dana\u0161njem svetu.<\/p>\n<p class=\"paragraph-m\">\u00a0<\/p>\n<p class=\"paragraph-m\">\u0160tudenti imajo tudi prilo\u017enost, da poleg \u0161tudija razvijajo svoje \u017eivljenjske spretnosti in krepijo svojo odgovornost do sveta in vseh soljudi.<\/p>\n<p class=\"paragraph-m\">Zato nam je zelo pomembno, da ponujamo prostore za izmenjavo in pripadnost: Prostori za izmenjavo, razpravo in razmislek, ki dedi\u0161\u010dino Svetega pisma in benediktinskega izro\u010dila prena\u0161ajo v na\u0161 sodobni na\u010din razmi\u0161ljanja in \u017eivljenja ter prispevajo k odlo\u010danju posameznika in osebni veri. Sre\u010danja z umetnostjo, literaturo, politiko ter drugimi religijami in veroizpovedmi naj pomagajo odkrivati duhovno v sodobni kulturi in omogo\u010dajo kriti\u010dni dialog.<\/p>\n<p class=\"paragraph-m\">Prostori za pripadnost in medosebna sre\u010danja slu\u017eijo kot protistrup pogosto ob\u017ealovani zmedenosti, pomanjkanju zavezanosti in anonimnosti vsakdanjega univerzitetnega \u017eivljenja. Temu nenazadnje slu\u017eijo tudi prosto dostopni prostori: kavarna s \u010dasopisi in revijami, vrt in \u0161tudijska soba, zaradi katerih je Haus der Begegnung vabljiva in spro\u0161\u010dujo\u010da oaza sredi \u017eivahne univerzitetne \u010detrti.<\/p>\n<p class=\"paragraph-m\">\u00a0<\/p>\n<p class=\"paragraph-m\">Sveti Benedikt v 53. poglavju svojega pravila pi\u0161e: \"Vse tujce, ki pridejo, je treba sprejeti kot Kristusa, saj bo rekel: 'Bil sem tujec in ste me sprejeli'.\" (RB 53,1)<\/p>\n<p class=\"paragraph-m\">Benediktinska gostoljubnost je v svoji 1500-letni tradiciji imela razli\u010dne oblike, vendar je vedno temeljila na na\u010delu sprejemanja ljudi brez diskriminacije ali predsodkov po Kristusovem zgledu. \u0160tudentski dom je posebna oblika te gostoljubnosti, ki ljudi vabi k sre\u010danju s Kristusom.<\/p>\n<p class=\"paragraph-m\">\"Verjamemo, da je Bog navzo\u010d povsod in da Gospodove o\u010di gledajo dobro in slabo na vseh krajih.\" (RB 19,1)<\/p>\n<p class=\"paragraph-m\">Sredi\u0161\u010de tega sre\u010danja je kapela, kjer se obhaja evharistija. Kapela naj bi bila prostor ti\u0161ine, ko hrup vsakdanjega \u017eivljenja postane prevelik, pa tudi prostor molitve in posebne bli\u017eine z Bogom: dati Bogu prostor in \u010das ne le v posebnih ali te\u017ekih trenutkih, ampak tudi v vsakdanjem \u017eivljenju.<\/p>\n<p class=\"paragraph-m\">\u00a0<\/p>\n<p class=\"paragraph-m\">\"Prisluhni, moj sin, navodilom U\u010ditelja, nagni uho svojega srca, voljno sprejmi obljubo dobrohotnega O\u010deta in jo izpolni z dejanji!\" (RB Prol, 1)<\/p>\n<p class=\"paragraph-m\">Te besede, ki jih je sveti o\u010de Benedikt postavil na za\u010detek svojega pravila, so hkrati vabilo in naloga za \u0161tudente. Vabimo vas, da sr\u010dno uho osvobodite skrbi, te\u017eav in ne\u0161tetih vsakdanjih stvari, ki to uho blokirajo in zama\u0161ijo; da ga izostrite, da bi \u0161e bolj pozorno zaznavali Bo\u017eji glas; da bi na\u0161li posluh v skupni molitvi.<\/p>\n<\/div>\n                    \n                            <\/div>\n        \n            <\/div>\n<\/div>\n\n<\/section>","protected":false},"excerpt":{"rendered":"","protected":false},"author":19,"featured_media":0,"parent":29331,"menu_order":1,"comment_status":"closed","ping_status":"closed","template":"","meta":{"_acf_changed":false,"footnotes":""},"categories":[],"class_list":["post-29335","page","type-page","status-publish","hentry"],"acf":[],"yoast_head":"<!-- This site is optimized with the Yoast SEO Premium plugin v26.0 (Yoast SEO v26.8) - https:\/\/yoast.com\/product\/yoast-seo-premium-wordpress\/ -->\n<title>Studentenseelsorge - Stift Admont<\/title>\n<meta name=\"robots\" content=\"index, follow, max-snippet:-1, max-image-preview:large, max-video-preview:-1\" \/>\n<link rel=\"canonical\" href=\"https:\/\/stiftadmont.at\/sl\/hisa-srecanja-2\/kovanec\/svetovanje-studentom\/\" \/>\n<meta property=\"og:locale\" content=\"sl_SI\" \/>\n<meta property=\"og:type\" content=\"article\" \/>\n<meta property=\"og:title\" content=\"Studentenseelsorge\" \/>\n<meta property=\"og:url\" content=\"https:\/\/stiftadmont.at\/sl\/hisa-srecanja-2\/kovanec\/svetovanje-studentom\/\" \/>\n<meta property=\"og:site_name\" content=\"Stift Admont\" \/>\n<meta property=\"article:modified_time\" content=\"2025-02-04T09:57:27+00:00\" \/>\n<meta property=\"og:image\" content=\"https:\/\/stiftadmont.at\/wp-content\/uploads\/Klosteranlage-innen.jpg\" \/>\n\t<meta property=\"og:image:width\" content=\"1912\" \/>\n\t<meta property=\"og:image:height\" content=\"1188\" \/>\n\t<meta property=\"og:image:type\" content=\"image\/jpeg\" \/>\n<meta name=\"twitter:card\" content=\"summary_large_image\" \/>\n<script type=\"application\/ld+json\" class=\"yoast-schema-graph\">{\"@context\":\"https:\/\/schema.org\",\"@graph\":[{\"@type\":\"WebPage\",\"@id\":\"https:\/\/stiftadmont.at\/haus-der-begegnung-2\/die-muenze\/studentenseelsorge\/\",\"url\":\"https:\/\/stiftadmont.at\/haus-der-begegnung-2\/die-muenze\/studentenseelsorge\/\",\"name\":\"Studentenseelsorge - Stift Admont\",\"isPartOf\":{\"@id\":\"https:\/\/stiftadmont.at\/#website\"},\"datePublished\":\"2024-07-15T06:23:49+00:00\",\"dateModified\":\"2025-02-04T09:57:27+00:00\",\"breadcrumb\":{\"@id\":\"https:\/\/stiftadmont.at\/haus-der-begegnung-2\/die-muenze\/studentenseelsorge\/#breadcrumb\"},\"inLanguage\":\"sl-SI\",\"potentialAction\":[{\"@type\":\"ReadAction\",\"target\":[\"https:\/\/stiftadmont.at\/haus-der-begegnung-2\/die-muenze\/studentenseelsorge\/\"]}]},{\"@type\":\"BreadcrumbList\",\"@id\":\"https:\/\/stiftadmont.at\/haus-der-begegnung-2\/die-muenze\/studentenseelsorge\/#breadcrumb\",\"itemListElement\":[{\"@type\":\"ListItem\",\"position\":1,\"name\":\"Start\",\"item\":\"https:\/\/stiftadmont.at\/\"},{\"@type\":\"ListItem\",\"position\":2,\"name\":\"Haus der Begegnung\",\"item\":\"https:\/\/stiftadmont.at\/haus-der-begegnung-2\/\"},{\"@type\":\"ListItem\",\"position\":3,\"name\":\"Die M\u00fcnze\",\"item\":\"https:\/\/stiftadmont.at\/haus-der-begegnung-2\/die-muenze\/\"},{\"@type\":\"ListItem\",\"position\":4,\"name\":\"Studentenseelsorge\"}]},{\"@type\":\"WebSite\",\"@id\":\"https:\/\/stiftadmont.at\/#website\",\"url\":\"https:\/\/stiftadmont.at\/\",\"name\":\"Stift Admont\",\"description\":\"Benediktinerkloster und Sehensw\u00fcrdigkeit im Ges\u00e4use\",\"potentialAction\":[{\"@type\":\"SearchAction\",\"target\":{\"@type\":\"EntryPoint\",\"urlTemplate\":\"https:\/\/stiftadmont.at\/?s={search_term_string}\"},\"query-input\":{\"@type\":\"PropertyValueSpecification\",\"valueRequired\":true,\"valueName\":\"search_term_string\"}}],\"inLanguage\":\"sl-SI\"}]}<\/script>\n<!-- \/ Yoast SEO Premium plugin. -->","yoast_head_json":{"title":"\u0160tudentska kaplanija - Admont Abbey","robots":{"index":"index","follow":"follow","max-snippet":"max-snippet:-1","max-image-preview":"max-image-preview:large","max-video-preview":"max-video-preview:-1"},"canonical":"https:\/\/stiftadmont.at\/sl\/hisa-srecanja-2\/kovanec\/svetovanje-studentom\/","og_locale":"sl_SI","og_type":"article","og_title":"Studentenseelsorge","og_url":"https:\/\/stiftadmont.at\/sl\/hisa-srecanja-2\/kovanec\/svetovanje-studentom\/","og_site_name":"Stift Admont","article_modified_time":"2025-02-04T09:57:27+00:00","og_image":[{"width":1912,"height":1188,"url":"https:\/\/stiftadmont.at\/wp-content\/uploads\/Klosteranlage-innen.jpg","type":"image\/jpeg"}],"twitter_card":"summary_large_image","schema":{"@context":"https:\/\/schema.org","@graph":[{"@type":"WebPage","@id":"https:\/\/stiftadmont.at\/haus-der-begegnung-2\/die-muenze\/studentenseelsorge\/","url":"https:\/\/stiftadmont.at\/haus-der-begegnung-2\/die-muenze\/studentenseelsorge\/","name":"\u0160tudentska kaplanija - Admont Abbey","isPartOf":{"@id":"https:\/\/stiftadmont.at\/#website"},"datePublished":"2024-07-15T06:23:49+00:00","dateModified":"2025-02-04T09:57:27+00:00","breadcrumb":{"@id":"https:\/\/stiftadmont.at\/haus-der-begegnung-2\/die-muenze\/studentenseelsorge\/#breadcrumb"},"inLanguage":"sl-SI","potentialAction":[{"@type":"ReadAction","target":["https:\/\/stiftadmont.at\/haus-der-begegnung-2\/die-muenze\/studentenseelsorge\/"]}]},{"@type":"BreadcrumbList","@id":"https:\/\/stiftadmont.at\/haus-der-begegnung-2\/die-muenze\/studentenseelsorge\/#breadcrumb","itemListElement":[{"@type":"ListItem","position":1,"name":"Start","item":"https:\/\/stiftadmont.at\/"},{"@type":"ListItem","position":2,"name":"Haus der Begegnung","item":"https:\/\/stiftadmont.at\/haus-der-begegnung-2\/"},{"@type":"ListItem","position":3,"name":"Die M\u00fcnze","item":"https:\/\/stiftadmont.at\/haus-der-begegnung-2\/die-muenze\/"},{"@type":"ListItem","position":4,"name":"Studentenseelsorge"}]},{"@type":"WebSite","@id":"https:\/\/stiftadmont.at\/#website","url":"https:\/\/stiftadmont.at\/","name":"Opatija Admont","description":"Benediktinski samostan in turisti\u010dna znamenitost v Ges\u00e4use","potentialAction":[{"@type":"SearchAction","target":{"@type":"EntryPoint","urlTemplate":"https:\/\/stiftadmont.at\/?s={search_term_string}"},"query-input":{"@type":"PropertyValueSpecification","valueRequired":true,"valueName":"search_term_string"}}],"inLanguage":"sl-SI"}]}},"_links":{"self":[{"href":"https:\/\/stiftadmont.at\/sl\/wp-json\/wp\/v2\/pages\/29335","targetHints":{"allow":["GET"]}}],"collection":[{"href":"https:\/\/stiftadmont.at\/sl\/wp-json\/wp\/v2\/pages"}],"about":[{"href":"https:\/\/stiftadmont.at\/sl\/wp-json\/wp\/v2\/types\/page"}],"author":[{"embeddable":true,"href":"https:\/\/stiftadmont.at\/sl\/wp-json\/wp\/v2\/users\/19"}],"replies":[{"embeddable":true,"href":"https:\/\/stiftadmont.at\/sl\/wp-json\/wp\/v2\/comments?post=29335"}],"version-history":[{"count":5,"href":"https:\/\/stiftadmont.at\/sl\/wp-json\/wp\/v2\/pages\/29335\/revisions"}],"predecessor-version":[{"id":32650,"href":"https:\/\/stiftadmont.at\/sl\/wp-json\/wp\/v2\/pages\/29335\/revisions\/32650"}],"up":[{"embeddable":true,"href":"https:\/\/stiftadmont.at\/sl\/wp-json\/wp\/v2\/pages\/29331"}],"wp:attachment":[{"href":"https:\/\/stiftadmont.at\/sl\/wp-json\/wp\/v2\/media?parent=29335"}],"wp:term":[{"taxonomy":"category","embeddable":true,"href":"https:\/\/stiftadmont.at\/sl\/wp-json\/wp\/v2\/categories?post=29335"}],"curies":[{"name":"wp","href":"https:\/\/api.w.org\/{rel}","templated":true}]}}