{"id":29340,"date":"2024-07-15T08:23:38","date_gmt":"2024-07-15T06:23:38","guid":{"rendered":"https:\/\/stiftadmont.at\/?page_id=29340"},"modified":"2025-02-04T12:03:13","modified_gmt":"2025-02-04T10:03:13","slug":"studentska-soba","status":"publish","type":"page","link":"https:\/\/stiftadmont.at\/sl\/haus-der-begegnung-2\/die-muenze\/studentenzimmer\/","title":{"rendered":"\u0160tudentska soba"},"content":{"rendered":"<section id='lightpress__section--block_1ac6695960ec322a567d3b9c430b7f4d' class='lightpress__section--default-section-space lightpress__section lightpress__section--content'><div class=\"content__inner\"\n         x-init=\"initContentBlockAnim($el)\">\n        \n    <div class=\"content__grid content__grid\">\n                                            <div class=\"content__box content__box--one-hundred\"\n                 style=\"\">\n                                \n                \n                                            <div class=\"prose\"><h5 class=\"heading-m line line-above line--gold text-center\">\u0160tudentska soba<\/h5>\n<p>\u00a0<\/p>\n<p class=\"paragraph-m\">\u0160tudentski dom ponuja 171 \u0161tudentom enosobna stanovanja z lastno kopalnico\/WC in mini kuhinjo, enosobna skupna stanovanja (dve ali tri enosobne sobe si delijo kopalnico\/WC in kuhinjo) in dvosobna stanovanja z lastno kopalnico\/WC in mini kuhinjo. Vse sobe v \u0161tudentskem domu so popolnoma opremljene in velike od 10 do 24 m\u00b2 ter imajo v sobi priklju\u010dek za internet in televizijo. Na voljo so kapela, shramba za kolesa, zelenica z \u017earom, son\u010dna terasa, fitnes, skupni prostori, soba za zabave, glasbena soba, parkiri\u0161\u010de, namizni tenis, pralnica s pralnimi stroji in su\u0161ilnim strojem.<\/p>\n<p>\u00a0<\/p>\n<p>Za dodatne informacije in podrobnosti se obrnite na:<\/p>\n<p>\u00a0<\/p>\n<p><a href=\"http:\/\/www.akademikerhilfe.at\/heime\/graz\/muenzgrabenstrasse-59\/\">http:\/\/www.akademikerhilfe.at\/heime\/graz\/muenzgrabenstrasse-59\/<\/a><\/p>\n<\/div>\n                    \n                            <\/div>\n        \n            <\/div>\n<\/div>\n\n<\/section>","protected":false},"excerpt":{"rendered":"","protected":false},"author":19,"featured_media":0,"parent":29331,"menu_order":2,"comment_status":"closed","ping_status":"closed","template":"","meta":{"_acf_changed":false,"footnotes":""},"categories":[],"class_list":["post-29340","page","type-page","status-publish","hentry"],"acf":[],"yoast_head":"<!-- This site is optimized with the Yoast SEO Premium plugin v26.0 (Yoast SEO v26.8) - https:\/\/yoast.com\/product\/yoast-seo-premium-wordpress\/ -->\n<title>Studentenzimmer - Stift Admont<\/title>\n<meta name=\"robots\" content=\"index, follow, max-snippet:-1, max-image-preview:large, max-video-preview:-1\" \/>\n<link rel=\"canonical\" href=\"https:\/\/stiftadmont.at\/sl\/hisa-srecanja-2\/kovanec\/studentska-soba\/\" \/>\n<meta property=\"og:locale\" content=\"sl_SI\" \/>\n<meta property=\"og:type\" content=\"article\" \/>\n<meta property=\"og:title\" content=\"Studentenzimmer\" \/>\n<meta property=\"og:url\" content=\"https:\/\/stiftadmont.at\/sl\/hisa-srecanja-2\/kovanec\/studentska-soba\/\" \/>\n<meta property=\"og:site_name\" content=\"Stift Admont\" \/>\n<meta property=\"article:modified_time\" content=\"2025-02-04T10:03:13+00:00\" \/>\n<meta property=\"og:image\" content=\"https:\/\/stiftadmont.at\/wp-content\/uploads\/Klosteranlage-innen.jpg\" \/>\n\t<meta property=\"og:image:width\" content=\"1912\" \/>\n\t<meta property=\"og:image:height\" content=\"1188\" \/>\n\t<meta property=\"og:image:type\" content=\"image\/jpeg\" \/>\n<meta name=\"twitter:card\" content=\"summary_large_image\" \/>\n<script type=\"application\/ld+json\" class=\"yoast-schema-graph\">{\"@context\":\"https:\/\/schema.org\",\"@graph\":[{\"@type\":\"WebPage\",\"@id\":\"https:\/\/stiftadmont.at\/haus-der-begegnung-2\/die-muenze\/studentenzimmer\/\",\"url\":\"https:\/\/stiftadmont.at\/haus-der-begegnung-2\/die-muenze\/studentenzimmer\/\",\"name\":\"Studentenzimmer - Stift Admont\",\"isPartOf\":{\"@id\":\"https:\/\/stiftadmont.at\/#website\"},\"datePublished\":\"2024-07-15T06:23:38+00:00\",\"dateModified\":\"2025-02-04T10:03:13+00:00\",\"breadcrumb\":{\"@id\":\"https:\/\/stiftadmont.at\/haus-der-begegnung-2\/die-muenze\/studentenzimmer\/#breadcrumb\"},\"inLanguage\":\"sl-SI\",\"potentialAction\":[{\"@type\":\"ReadAction\",\"target\":[\"https:\/\/stiftadmont.at\/haus-der-begegnung-2\/die-muenze\/studentenzimmer\/\"]}]},{\"@type\":\"BreadcrumbList\",\"@id\":\"https:\/\/stiftadmont.at\/haus-der-begegnung-2\/die-muenze\/studentenzimmer\/#breadcrumb\",\"itemListElement\":[{\"@type\":\"ListItem\",\"position\":1,\"name\":\"Start\",\"item\":\"https:\/\/stiftadmont.at\/\"},{\"@type\":\"ListItem\",\"position\":2,\"name\":\"Haus der Begegnung\",\"item\":\"https:\/\/stiftadmont.at\/haus-der-begegnung-2\/\"},{\"@type\":\"ListItem\",\"position\":3,\"name\":\"Die M\u00fcnze\",\"item\":\"https:\/\/stiftadmont.at\/haus-der-begegnung-2\/die-muenze\/\"},{\"@type\":\"ListItem\",\"position\":4,\"name\":\"Studentenzimmer\"}]},{\"@type\":\"WebSite\",\"@id\":\"https:\/\/stiftadmont.at\/#website\",\"url\":\"https:\/\/stiftadmont.at\/\",\"name\":\"Stift Admont\",\"description\":\"Benediktinerkloster und Sehensw\u00fcrdigkeit im Ges\u00e4use\",\"potentialAction\":[{\"@type\":\"SearchAction\",\"target\":{\"@type\":\"EntryPoint\",\"urlTemplate\":\"https:\/\/stiftadmont.at\/?s={search_term_string}\"},\"query-input\":{\"@type\":\"PropertyValueSpecification\",\"valueRequired\":true,\"valueName\":\"search_term_string\"}}],\"inLanguage\":\"sl-SI\"}]}<\/script>\n<!-- \/ Yoast SEO Premium plugin. -->","yoast_head_json":{"title":"\u0160tudentska soba - Admont Abbey","robots":{"index":"index","follow":"follow","max-snippet":"max-snippet:-1","max-image-preview":"max-image-preview:large","max-video-preview":"max-video-preview:-1"},"canonical":"https:\/\/stiftadmont.at\/sl\/hisa-srecanja-2\/kovanec\/studentska-soba\/","og_locale":"sl_SI","og_type":"article","og_title":"Studentenzimmer","og_url":"https:\/\/stiftadmont.at\/sl\/hisa-srecanja-2\/kovanec\/studentska-soba\/","og_site_name":"Stift Admont","article_modified_time":"2025-02-04T10:03:13+00:00","og_image":[{"width":1912,"height":1188,"url":"https:\/\/stiftadmont.at\/wp-content\/uploads\/Klosteranlage-innen.jpg","type":"image\/jpeg"}],"twitter_card":"summary_large_image","schema":{"@context":"https:\/\/schema.org","@graph":[{"@type":"WebPage","@id":"https:\/\/stiftadmont.at\/haus-der-begegnung-2\/die-muenze\/studentenzimmer\/","url":"https:\/\/stiftadmont.at\/haus-der-begegnung-2\/die-muenze\/studentenzimmer\/","name":"\u0160tudentska soba - Admont Abbey","isPartOf":{"@id":"https:\/\/stiftadmont.at\/#website"},"datePublished":"2024-07-15T06:23:38+00:00","dateModified":"2025-02-04T10:03:13+00:00","breadcrumb":{"@id":"https:\/\/stiftadmont.at\/haus-der-begegnung-2\/die-muenze\/studentenzimmer\/#breadcrumb"},"inLanguage":"sl-SI","potentialAction":[{"@type":"ReadAction","target":["https:\/\/stiftadmont.at\/haus-der-begegnung-2\/die-muenze\/studentenzimmer\/"]}]},{"@type":"BreadcrumbList","@id":"https:\/\/stiftadmont.at\/haus-der-begegnung-2\/die-muenze\/studentenzimmer\/#breadcrumb","itemListElement":[{"@type":"ListItem","position":1,"name":"Start","item":"https:\/\/stiftadmont.at\/"},{"@type":"ListItem","position":2,"name":"Haus der Begegnung","item":"https:\/\/stiftadmont.at\/haus-der-begegnung-2\/"},{"@type":"ListItem","position":3,"name":"Die M\u00fcnze","item":"https:\/\/stiftadmont.at\/haus-der-begegnung-2\/die-muenze\/"},{"@type":"ListItem","position":4,"name":"Studentenzimmer"}]},{"@type":"WebSite","@id":"https:\/\/stiftadmont.at\/#website","url":"https:\/\/stiftadmont.at\/","name":"Opatija Admont","description":"Benediktinski samostan in turisti\u010dna znamenitost v Ges\u00e4use","potentialAction":[{"@type":"SearchAction","target":{"@type":"EntryPoint","urlTemplate":"https:\/\/stiftadmont.at\/?s={search_term_string}"},"query-input":{"@type":"PropertyValueSpecification","valueRequired":true,"valueName":"search_term_string"}}],"inLanguage":"sl-SI"}]}},"_links":{"self":[{"href":"https:\/\/stiftadmont.at\/sl\/wp-json\/wp\/v2\/pages\/29340","targetHints":{"allow":["GET"]}}],"collection":[{"href":"https:\/\/stiftadmont.at\/sl\/wp-json\/wp\/v2\/pages"}],"about":[{"href":"https:\/\/stiftadmont.at\/sl\/wp-json\/wp\/v2\/types\/page"}],"author":[{"embeddable":true,"href":"https:\/\/stiftadmont.at\/sl\/wp-json\/wp\/v2\/users\/19"}],"replies":[{"embeddable":true,"href":"https:\/\/stiftadmont.at\/sl\/wp-json\/wp\/v2\/comments?post=29340"}],"version-history":[{"count":5,"href":"https:\/\/stiftadmont.at\/sl\/wp-json\/wp\/v2\/pages\/29340\/revisions"}],"predecessor-version":[{"id":32656,"href":"https:\/\/stiftadmont.at\/sl\/wp-json\/wp\/v2\/pages\/29340\/revisions\/32656"}],"up":[{"embeddable":true,"href":"https:\/\/stiftadmont.at\/sl\/wp-json\/wp\/v2\/pages\/29331"}],"wp:attachment":[{"href":"https:\/\/stiftadmont.at\/sl\/wp-json\/wp\/v2\/media?parent=29340"}],"wp:term":[{"taxonomy":"category","embeddable":true,"href":"https:\/\/stiftadmont.at\/sl\/wp-json\/wp\/v2\/categories?post=29340"}],"curies":[{"name":"wp","href":"https:\/\/api.w.org\/{rel}","templated":true}]}}