{"id":29344,"date":"2024-07-15T08:47:06","date_gmt":"2024-07-15T06:47:06","guid":{"rendered":"https:\/\/stiftadmont.at\/?page_id=29344"},"modified":"2025-02-04T12:01:37","modified_gmt":"2025-02-04T10:01:37","slug":"otvoritveni-govor-dioezanskega-skofa","status":"publish","type":"page","link":"https:\/\/stiftadmont.at\/sl\/haus-der-begegnung-2\/die-muenze\/eroeffnungsrede-des-dioezesanbischofs\/","title":{"rendered":"Uvodni govor \u0161kofijskega \u0161kofa"},"content":{"rendered":"<section id='lightpress__section--block_9863c76a414b9529ba1b15d50778481e' class='align-center lightpress__section--default-section-space lightpress__section lightpress__section--headline'><div class=\"headline__container\">\n            <h2 class=\"headline text--40 text-medium line line--gold line-above line-middle\">Uvodni govor \u0161kofijskega \u0161kofa<\/h2>\n        <p class=\"text-center text-gold text--20 text-medium text--uppercase\">Besede H.Ex. Egona Kapellarija ob odprtju in blagoslovitvi novega \u0161tudentskega doma Akademikerhilfe na M\u00fcnzgrabenstra\u00dfe v Gradcu 8. oktobra 2009<\/p>\n        <div class=\"spacer--40\"><\/div>\n<\/div>\n\n<\/section>\n\n<section id='lightpress__section--block_d6fe4d7ea22c31e1999b3f7e1aa2d927' class='lightpress__section--default-section-space lightpress__section lightpress__section--content'><div class=\"content__inner\"\n         x-init=\"initContentBlockAnim($el)\">\n        \n    <div class=\"content__grid content__grid\">\n                                            <div class=\"content__box content__box--one-hundred\"\n                 style=\"\">\n                                \n                \n                                            <div class=\"prose\"><p class=\"paragraph-m\">Danes sem vesel, ker je ta hi\u0161a ostala \u0161tudentski dom.<\/p>\n<p class=\"paragraph-m\">\u00a0<\/p>\n<p class=\"paragraph-m\">1. februarja 1970 se je v tej sobi slavnostno zbralo veliko ljudi: moja dva predhodnika na \u0161kofovskem mestu, dr. Johann Weber in dr. Josef Schoiswohl, apostolski nuncij nad\u0161kof Rossi, de\u017eelna glavarja Josef Krainer starej\u0161i in mlaj\u0161i, \u0161tevilni profesorji in \u0161tudenti, predvsem pa 60 \u0161tudentov, za katere je Katoli\u0161ka univerzitetna skupnost iz Gradca v tem dominikanskem samostanu uredila nov \u0161tudentski dom.<\/p>\n<p class=\"paragraph-m\">\u00a0<\/p>\n<p class=\"paragraph-m\">Za to delo je bil z malo denarja dose\u017een arhitekturni prese\u017eek. Avstrijsko osrednje zdru\u017eenje arhitektov je nato novi\/stari stavbi podelilo redko gradbeno priznanje. Pogodba o najemu in stavbni pravici med dominikanskim samostanom in \u0161kofijo Graz-Seckau za univerzitetno skupnost je bila sklenjena za 30 let. Takrat se je to zdelo astronomsko dolgo obdobje, ki je bilo nato podalj\u0161ano \u0161e za nekaj let. Ko pa sem se vrnil na \u0160tajersko, je bila stavba zelo dotrajana, \u0161kofija pa ni mogla izvajati obse\u017enih nalo\u017eb, zato je pogodbo odpovedala.<\/p>\n<p class=\"paragraph-m\">\u00a0<\/p>\n<p class=\"paragraph-m\">Menim, da je sre\u010da ali bolje re\u010deno velik blagoslov, da je benediktinska opatija Admont zdaj podvojila svojo prisotnost v Gradcu, saj je stavbi na ulici J.-J.-Fuxgasse dodala stari dominikanski samostan. Obe hi\u0161i sta posve\u010deni \u017eivljenju treh univerz v Gradcu in sodita v \u0161irok spekter univerzitetnega kaplanstva, ki ga zagotavljajo Katoli\u0161ka univerzitetna skupnost, katoli\u0161ke korporacije in Opus Dei.<\/p>\n<p class=\"paragraph-m\">\u00a0<\/p>\n<p class=\"paragraph-m\">\u0160kofijski duhovniki, jezuiti, duhovniki Opus Dei, benediktinci in dominikanci tu \u0161e naprej delujejo skupaj s kristjani, ki ne opravljajo posve\u010denih slu\u017eb. Organizacija za pomo\u010d \u0161tudentom Akademikerhilfe je prevzela upravljanje tega novega Admontovega \u0161tudentskega doma in skrbi, da \u017eivljenje poteka v redu in harmoniji.<\/p>\n<p class=\"paragraph-m\">\u00a0<\/p>\n<p class=\"paragraph-m\">Ta stara in hkrati nova hi\u0161a, v kateri smo se zdaj slavnostno zbrali, ima dolgo in pestro zgodovino: ustanovil jo je red avgu\u0161tinskih pu\u0161\u010davnikov. Tu je dolga leta deloval tudi znameniti pridigar Abraham a Sancta Clara z vzdevkom Ulrich Megerle iz \u0161vabskega mesta Me\u00dfkirch, kjer je \u017eivel tudi Martin Heidegger. Kasneje so po ponovni ustanovitvi tega reda tu delovali jezuiti, nazadnje pa so hi\u0161o z novimi stavbami, samostanom in \u0161tudijskim sredi\u0161\u010dem raz\u0161irili dominikanci, v katerih lasti so in bodo ostale sosednje stavbe.<\/p>\n<\/div>\n                    \n                            <\/div>\n        \n            <\/div>\n<\/div>\n\n<\/section>","protected":false},"excerpt":{"rendered":"","protected":false},"author":19,"featured_media":0,"parent":29331,"menu_order":6,"comment_status":"closed","ping_status":"closed","template":"","meta":{"_acf_changed":false,"footnotes":""},"categories":[],"class_list":["post-29344","page","type-page","status-publish","hentry"],"acf":[],"yoast_head":"<!-- This site is optimized with the Yoast SEO Premium plugin v26.0 (Yoast SEO v26.8) - https:\/\/yoast.com\/product\/yoast-seo-premium-wordpress\/ -->\n<title>Er\u00f6ffnungsrede des Di\u00f6zesanbischofs - Stift Admont<\/title>\n<meta name=\"robots\" content=\"index, follow, max-snippet:-1, max-image-preview:large, max-video-preview:-1\" \/>\n<link rel=\"canonical\" href=\"https:\/\/stiftadmont.at\/sl\/hisa-srecanja-2\/kovanec\/otvoritveni-govor-dioezanskega-skofa\/\" \/>\n<meta property=\"og:locale\" content=\"sl_SI\" \/>\n<meta property=\"og:type\" content=\"article\" \/>\n<meta property=\"og:title\" content=\"Er\u00f6ffnungsrede des Di\u00f6zesanbischofs\" \/>\n<meta property=\"og:url\" content=\"https:\/\/stiftadmont.at\/sl\/hisa-srecanja-2\/kovanec\/otvoritveni-govor-dioezanskega-skofa\/\" \/>\n<meta property=\"og:site_name\" content=\"Stift Admont\" \/>\n<meta property=\"article:modified_time\" content=\"2025-02-04T10:01:37+00:00\" \/>\n<meta property=\"og:image\" content=\"https:\/\/stiftadmont.at\/wp-content\/uploads\/Klosteranlage-innen.jpg\" \/>\n\t<meta property=\"og:image:width\" content=\"1912\" \/>\n\t<meta property=\"og:image:height\" content=\"1188\" \/>\n\t<meta property=\"og:image:type\" content=\"image\/jpeg\" \/>\n<meta name=\"twitter:card\" content=\"summary_large_image\" \/>\n<script type=\"application\/ld+json\" class=\"yoast-schema-graph\">{\"@context\":\"https:\/\/schema.org\",\"@graph\":[{\"@type\":\"WebPage\",\"@id\":\"https:\/\/stiftadmont.at\/haus-der-begegnung-2\/die-muenze\/eroeffnungsrede-des-dioezesanbischofs\/\",\"url\":\"https:\/\/stiftadmont.at\/haus-der-begegnung-2\/die-muenze\/eroeffnungsrede-des-dioezesanbischofs\/\",\"name\":\"Er\u00f6ffnungsrede des Di\u00f6zesanbischofs - Stift Admont\",\"isPartOf\":{\"@id\":\"https:\/\/stiftadmont.at\/#website\"},\"datePublished\":\"2024-07-15T06:47:06+00:00\",\"dateModified\":\"2025-02-04T10:01:37+00:00\",\"breadcrumb\":{\"@id\":\"https:\/\/stiftadmont.at\/haus-der-begegnung-2\/die-muenze\/eroeffnungsrede-des-dioezesanbischofs\/#breadcrumb\"},\"inLanguage\":\"sl-SI\",\"potentialAction\":[{\"@type\":\"ReadAction\",\"target\":[\"https:\/\/stiftadmont.at\/haus-der-begegnung-2\/die-muenze\/eroeffnungsrede-des-dioezesanbischofs\/\"]}]},{\"@type\":\"BreadcrumbList\",\"@id\":\"https:\/\/stiftadmont.at\/haus-der-begegnung-2\/die-muenze\/eroeffnungsrede-des-dioezesanbischofs\/#breadcrumb\",\"itemListElement\":[{\"@type\":\"ListItem\",\"position\":1,\"name\":\"Start\",\"item\":\"https:\/\/stiftadmont.at\/\"},{\"@type\":\"ListItem\",\"position\":2,\"name\":\"Haus der Begegnung\",\"item\":\"https:\/\/stiftadmont.at\/haus-der-begegnung-2\/\"},{\"@type\":\"ListItem\",\"position\":3,\"name\":\"Die M\u00fcnze\",\"item\":\"https:\/\/stiftadmont.at\/haus-der-begegnung-2\/die-muenze\/\"},{\"@type\":\"ListItem\",\"position\":4,\"name\":\"Er\u00f6ffnungsrede des Di\u00f6zesanbischofs\"}]},{\"@type\":\"WebSite\",\"@id\":\"https:\/\/stiftadmont.at\/#website\",\"url\":\"https:\/\/stiftadmont.at\/\",\"name\":\"Stift Admont\",\"description\":\"Benediktinerkloster und Sehensw\u00fcrdigkeit im Ges\u00e4use\",\"potentialAction\":[{\"@type\":\"SearchAction\",\"target\":{\"@type\":\"EntryPoint\",\"urlTemplate\":\"https:\/\/stiftadmont.at\/?s={search_term_string}\"},\"query-input\":{\"@type\":\"PropertyValueSpecification\",\"valueRequired\":true,\"valueName\":\"search_term_string\"}}],\"inLanguage\":\"sl-SI\"}]}<\/script>\n<!-- \/ Yoast SEO Premium plugin. -->","yoast_head_json":{"title":"Uvodni govor \u0161kofijskega \u0161kofa - opatija Admont","robots":{"index":"index","follow":"follow","max-snippet":"max-snippet:-1","max-image-preview":"max-image-preview:large","max-video-preview":"max-video-preview:-1"},"canonical":"https:\/\/stiftadmont.at\/sl\/hisa-srecanja-2\/kovanec\/otvoritveni-govor-dioezanskega-skofa\/","og_locale":"sl_SI","og_type":"article","og_title":"Er\u00f6ffnungsrede des Di\u00f6zesanbischofs","og_url":"https:\/\/stiftadmont.at\/sl\/hisa-srecanja-2\/kovanec\/otvoritveni-govor-dioezanskega-skofa\/","og_site_name":"Stift Admont","article_modified_time":"2025-02-04T10:01:37+00:00","og_image":[{"width":1912,"height":1188,"url":"https:\/\/stiftadmont.at\/wp-content\/uploads\/Klosteranlage-innen.jpg","type":"image\/jpeg"}],"twitter_card":"summary_large_image","schema":{"@context":"https:\/\/schema.org","@graph":[{"@type":"WebPage","@id":"https:\/\/stiftadmont.at\/haus-der-begegnung-2\/die-muenze\/eroeffnungsrede-des-dioezesanbischofs\/","url":"https:\/\/stiftadmont.at\/haus-der-begegnung-2\/die-muenze\/eroeffnungsrede-des-dioezesanbischofs\/","name":"Uvodni govor \u0161kofijskega \u0161kofa - opatija Admont","isPartOf":{"@id":"https:\/\/stiftadmont.at\/#website"},"datePublished":"2024-07-15T06:47:06+00:00","dateModified":"2025-02-04T10:01:37+00:00","breadcrumb":{"@id":"https:\/\/stiftadmont.at\/haus-der-begegnung-2\/die-muenze\/eroeffnungsrede-des-dioezesanbischofs\/#breadcrumb"},"inLanguage":"sl-SI","potentialAction":[{"@type":"ReadAction","target":["https:\/\/stiftadmont.at\/haus-der-begegnung-2\/die-muenze\/eroeffnungsrede-des-dioezesanbischofs\/"]}]},{"@type":"BreadcrumbList","@id":"https:\/\/stiftadmont.at\/haus-der-begegnung-2\/die-muenze\/eroeffnungsrede-des-dioezesanbischofs\/#breadcrumb","itemListElement":[{"@type":"ListItem","position":1,"name":"Start","item":"https:\/\/stiftadmont.at\/"},{"@type":"ListItem","position":2,"name":"Haus der Begegnung","item":"https:\/\/stiftadmont.at\/haus-der-begegnung-2\/"},{"@type":"ListItem","position":3,"name":"Die M\u00fcnze","item":"https:\/\/stiftadmont.at\/haus-der-begegnung-2\/die-muenze\/"},{"@type":"ListItem","position":4,"name":"Er\u00f6ffnungsrede des Di\u00f6zesanbischofs"}]},{"@type":"WebSite","@id":"https:\/\/stiftadmont.at\/#website","url":"https:\/\/stiftadmont.at\/","name":"Opatija Admont","description":"Benediktinski samostan in turisti\u010dna znamenitost v Ges\u00e4use","potentialAction":[{"@type":"SearchAction","target":{"@type":"EntryPoint","urlTemplate":"https:\/\/stiftadmont.at\/?s={search_term_string}"},"query-input":{"@type":"PropertyValueSpecification","valueRequired":true,"valueName":"search_term_string"}}],"inLanguage":"sl-SI"}]}},"_links":{"self":[{"href":"https:\/\/stiftadmont.at\/sl\/wp-json\/wp\/v2\/pages\/29344","targetHints":{"allow":["GET"]}}],"collection":[{"href":"https:\/\/stiftadmont.at\/sl\/wp-json\/wp\/v2\/pages"}],"about":[{"href":"https:\/\/stiftadmont.at\/sl\/wp-json\/wp\/v2\/types\/page"}],"author":[{"embeddable":true,"href":"https:\/\/stiftadmont.at\/sl\/wp-json\/wp\/v2\/users\/19"}],"replies":[{"embeddable":true,"href":"https:\/\/stiftadmont.at\/sl\/wp-json\/wp\/v2\/comments?post=29344"}],"version-history":[{"count":4,"href":"https:\/\/stiftadmont.at\/sl\/wp-json\/wp\/v2\/pages\/29344\/revisions"}],"predecessor-version":[{"id":32654,"href":"https:\/\/stiftadmont.at\/sl\/wp-json\/wp\/v2\/pages\/29344\/revisions\/32654"}],"up":[{"embeddable":true,"href":"https:\/\/stiftadmont.at\/sl\/wp-json\/wp\/v2\/pages\/29331"}],"wp:attachment":[{"href":"https:\/\/stiftadmont.at\/sl\/wp-json\/wp\/v2\/media?parent=29344"}],"wp:term":[{"taxonomy":"category","embeddable":true,"href":"https:\/\/stiftadmont.at\/sl\/wp-json\/wp\/v2\/categories?post=29344"}],"curies":[{"name":"wp","href":"https:\/\/api.w.org\/{rel}","templated":true}]}}