{"id":33377,"date":"2025-03-17T13:51:33","date_gmt":"2025-03-17T11:51:33","guid":{"rendered":"https:\/\/stiftadmont.at\/?page_id=33377"},"modified":"2025-03-17T14:07:21","modified_gmt":"2025-03-17T12:07:21","slug":"ponovni-vstop-v-cerkev","status":"publish","type":"page","link":"https:\/\/stiftadmont.at\/sl\/kirchen-wiedereintritt\/","title":{"rendered":"Ponovni vstop"},"content":{"rendered":"<section id='lightpress__section--block_755d75cedb19ef07b5f6cdfc6af09ecd' class='align-center lightpress__section--default-section-space lightpress__section lightpress__section--headline'><div class=\"headline__container\">\n            <h2 class=\"headline text--40 text-medium line line--gold line-above line-middle\">Ponovni vstop<\/h2>\n        <p class=\"text-center text-gold text--20 text-medium text--uppercase\">Se \u017eelite vrniti v cerkev? Tukaj izveste vse pomembne informacije o ponovnem vstopu!<br \/>\r\n<\/p>\n        <div class=\"spacer--40\"><\/div>\n<\/div>\n\n<\/section>\n\n<section id='lightpress__section--block_90e9a40fdb5ad50676016b0f8a2dbc08' class='lightpress__section--default-section-space lightpress__section lightpress__section--content'><div class=\"content__inner\"\n         x-init=\"initContentBlockAnim($el)\">\n        \n    <div class=\"content__grid content__grid--sixty-forty\">\n                                            <div class=\"content__box content__box\"\n                 style=\"\">\n                                \n                \n                                            <div class=\"prose\"><h5 class=\"heading-m line line-above line--gold\" style=\"margin-top: 9pt;\"><strong style=\"margin-block: 0px;\"><span style=\"font-size: 18pt; font-family: Arial, sans-serif;\">Predpogoji<\/span><\/strong><span style=\"font-size: 15pt; font-family: Arial, sans-serif;\"><\/span><\/h5>\n<p style=\"margin-top: 9pt;\"><span style=\"font-family: Arial, sans-serif;\">Bili ste kr\u0161\u010deni, izpovedujete kr\u0161\u010dansko vero in imate iskren namen vrniti se v Katoli\u0161ko cerkev. \u017delite tudi v prihodnje ostati zvesti skupnosti Katoli\u0161ke cerkve.<\/span><span style=\"font-size: 15pt; font-family: Arial, sans-serif;\"><\/span><\/p>\n<p>\u00a0<\/p>\n<p>\u00a0<\/p>\n<h5 class=\"heading-m line line-above line--gold\" style=\"margin-top: 9pt;\"><strong style=\"margin-block: 0px;\"><span style=\"font-size: 18pt; font-family: Arial, sans-serif;\">Kaj je treba storiti najprej?<\/span><\/strong><span style=\"font-size: 15pt; font-family: Arial, sans-serif;\"><\/span><\/h5>\n<p style=\"margin-top: 9pt;\"><span style=\"font-family: Arial, sans-serif;\">Najprej se pogovorite z duhovnikom (\u017eupnikom \u017eupnije, v kateri \u017eivite, ali drugim duhovnikom, ki mu zaupate).  Duhovnik vas bo vpra\u0161al, zakaj ste takrat zapustili cerkev in kaj vas spodbuja, da se zdaj vrnete v cerkev. To ni preverjanje ali nepotrebno \"\u017eganje\", temve\u010d poskus iskrenega pogovora. Nikogar ne bi smeli prepri\u010devati, naj se pridru\u017ei, vendar tudi nikogar, ki misli resno, ne bi smeli \"odganjati\".<\/span><span style=\"font-size: 15pt; font-family: Arial, sans-serif;\"><\/span><\/p>\n<p>\u00a0<\/p>\n<p style=\"margin-top: 9pt;\"><span style=\"font-family: Arial, sans-serif;\">\u010ce ne poznate duhovnika in ne \u017eelite iti k lokalnemu duhovniku, se lahko obrnete tudi na duhovnika, ki je bil posebej imenovan za ta namen:\u00a0<a href=\"https:\/\/www.katholische-kirche-steiermark.at\/goto\/visitenkarte\/127\/Mag__Dietmar_Gr__nwald\" target=\"_blank\" rel=\"noopener\"><span style=\"text-decoration-line: none;\">Dietmar Gr\u00fcnwald<\/span>.<\/a><\/span><span style=\"font-size: 15pt; font-family: Arial, sans-serif;\"><\/span><\/p>\n<p>\u00a0<\/p>\n<p>\u00a0<\/p>\n<h5 class=\"heading-m line line-above line--gold\" style=\"margin-top: 9.0pt;\"><strong><span style=\"font-size: 18pt; font-family: Arial, sans-serif;\">Posnetek<\/span><\/strong><span style=\"font-size: 15pt; font-family: Arial, sans-serif;\"><\/span><\/h5>\n<p style=\"margin-top: 9pt;\"><span style=\"font-family: Arial, sans-serif;\">Sprejem opravi duhovnik. To dejanje se lahko opravi preprosto v \u017eupnijski pisarni. Lahko pa se ga opravi tudi med bogoslu\u017ejem v cerkvi ali v krogu dru\u017eine ali prijateljev. Izberete lahko obliko, ki vam najbolj ustreza.<\/span><span style=\"font-size: 15pt; font-family: Arial, sans-serif;\"><\/span><\/p>\n<\/div>\n                    \n                            <\/div>\n        \n                                                    <div class=\"content__box content__box--2\"\n                     >\n                                        \n                    \n                                                    <div class=\"prose\"><h5 class=\"heading-m line line-above line--gold\" style=\"margin-top: 9pt;\"><strong style=\"margin-block: 0px;\"><span style=\"font-size: 18pt; font-family: Arial, sans-serif;\">La\u017ene govorice<\/span><\/strong><span style=\"font-size: 15pt; font-family: Arial, sans-serif;\"><\/span><\/h5>\n<p style=\"margin-top: 9pt;\"><span style=\"font-family: Arial, sans-serif;\">Pogosto se trdi, da je treba, \u010de se ponovno pridru\u017eite cerkvi, pla\u010dati cerkveni prispevek za leta, ko ste jo zapustili. To je narobe! Obveznost pla\u010devanja cerkvenih prispevkov se ponovno za\u010dne \u0161ele, ko se vrnete v cerkev. \u010ce \u017eelite izvedeti, koliko bi zna\u0161al va\u0161 cerkveni prispevek v primeru ponovnega vstopa v cerkev, se obrnite na na\u0161o organizacijo za pla\u010devanje cerkvenega prispevka. Z veseljem vas bodo obvestili in vam svetovali.<\/span><span style=\"font-size: 15pt; font-family: Arial, sans-serif;\"><\/span><\/p>\n<p style=\"margin-top: 9pt;\"><span style=\"font-family: Arial, sans-serif;\"><a style=\"margin-block: 0px; display: inline-block;\" href=\"https:\/\/www.katholische-kirche-steiermark.at\/portal\/kirchenbeitrag\" target=\"_blank\" rel=\"noopener\"><span style=\"text-decoration-line: none;\">Ve\u010d o cerkvenem prispevku<\/span><\/a><\/span><span style=\"font-size: 15pt; font-family: Arial, sans-serif;\"><\/span><\/p>\n<p style=\"margin-top: 9pt;\"><span style=\"font-family: Arial, sans-serif;\">Tudi govorice, da se morate nau\u010diti molitve na pamet in pred sprejemom opraviti test z duhovnikom, so napa\u010dne. V na\u0161i \u0161kofiji tudi niso ve\u010d potrebne pri\u010de, ki potrjujejo sprejem.<\/span><span style=\"font-size: 15pt; font-family: Arial, sans-serif;\"><\/span><\/p>\n<p>\u00a0<\/p>\n<p>\u00a0<\/p>\n<h5 class=\"heading-m line line-above line--gold\" style=\"margin-top: 9pt;\"><strong style=\"margin-block: 0px;\"><span style=\"font-size: 18pt; font-family: Arial, sans-serif;\">Preklic odstopa<\/span><\/strong><span style=\"font-size: 15pt; font-family: Arial, sans-serif;\"><\/span><\/h5>\n<p style=\"margin-top: 9pt;\"><span style=\"font-family: Arial, sans-serif;\">\u0160e niso minili trije meseci, odkar ste zapustili cerkev pred oblastmi?<\/span><span style=\"font-size: 15pt; font-family: Arial, sans-serif;\"><br style=\"margin-block: 0px;\" \/><\/span><span style=\"font-family: Arial, sans-serif;\">Nato lahko prekli\u010dete preklic prek tega obrazca.<\/span><span style=\"font-size: 15pt; font-family: Arial, sans-serif;\"><\/span><\/p>\n<p style=\"margin-top: 9pt;\"><span style=\"font-family: Arial, sans-serif;\">\u010ce se umaknete, va\u0161 umik ne bo zabele\u017een v krstni matici.<\/span><\/p>\n<p>\u00a0<\/p>\n<p><a title=\"Obrazec za ponovno prijavo najdete tukaj\" href=\"https:\/\/www.katholische-kirche-steiermark.at\/portal\/rathilfe\/indiekirchezurueckkehren\/wiedereintrittsformular\" target=\"_blank\" rel=\"noopener\">Obrazec za ponovno prijavo najdete tukaj<\/a><\/p>\n<\/div>\n                        \n                                    <\/div>\n            \n            <\/div>\n<\/div>\n\n<\/section>","protected":false},"excerpt":{"rendered":"","protected":false},"author":7,"featured_media":0,"parent":0,"menu_order":0,"comment_status":"closed","ping_status":"closed","template":"","meta":{"_acf_changed":false,"footnotes":""},"categories":[],"class_list":["post-33377","page","type-page","status-publish","hentry"],"acf":[],"yoast_head":"<!-- This site is optimized with the Yoast SEO Premium plugin v26.0 (Yoast SEO v26.8) - https:\/\/yoast.com\/product\/yoast-seo-premium-wordpress\/ -->\n<title>Wiedereintritt - Stift Admont<\/title>\n<meta name=\"robots\" content=\"index, follow, max-snippet:-1, max-image-preview:large, max-video-preview:-1\" \/>\n<link rel=\"canonical\" href=\"https:\/\/stiftadmont.at\/sl\/ponovni-vstop-v-cerkev\/\" \/>\n<meta property=\"og:locale\" content=\"sl_SI\" \/>\n<meta property=\"og:type\" content=\"article\" \/>\n<meta property=\"og:title\" content=\"Wiedereintritt\" \/>\n<meta property=\"og:url\" content=\"https:\/\/stiftadmont.at\/sl\/ponovni-vstop-v-cerkev\/\" \/>\n<meta property=\"og:site_name\" content=\"Stift Admont\" \/>\n<meta property=\"article:modified_time\" content=\"2025-03-17T12:07:21+00:00\" \/>\n<meta property=\"og:image\" content=\"https:\/\/stiftadmont.at\/wp-content\/uploads\/Klosteranlage-innen.jpg\" \/>\n\t<meta property=\"og:image:width\" content=\"1912\" \/>\n\t<meta property=\"og:image:height\" content=\"1188\" \/>\n\t<meta property=\"og:image:type\" content=\"image\/jpeg\" \/>\n<meta name=\"twitter:card\" content=\"summary_large_image\" \/>\n<script type=\"application\/ld+json\" class=\"yoast-schema-graph\">{\"@context\":\"https:\/\/schema.org\",\"@graph\":[{\"@type\":\"WebPage\",\"@id\":\"https:\/\/stiftadmont.at\/kirchen-wiedereintritt\/\",\"url\":\"https:\/\/stiftadmont.at\/kirchen-wiedereintritt\/\",\"name\":\"Wiedereintritt - Stift Admont\",\"isPartOf\":{\"@id\":\"https:\/\/stiftadmont.at\/#website\"},\"datePublished\":\"2025-03-17T11:51:33+00:00\",\"dateModified\":\"2025-03-17T12:07:21+00:00\",\"breadcrumb\":{\"@id\":\"https:\/\/stiftadmont.at\/kirchen-wiedereintritt\/#breadcrumb\"},\"inLanguage\":\"sl-SI\",\"potentialAction\":[{\"@type\":\"ReadAction\",\"target\":[\"https:\/\/stiftadmont.at\/kirchen-wiedereintritt\/\"]}]},{\"@type\":\"BreadcrumbList\",\"@id\":\"https:\/\/stiftadmont.at\/kirchen-wiedereintritt\/#breadcrumb\",\"itemListElement\":[{\"@type\":\"ListItem\",\"position\":1,\"name\":\"Start\",\"item\":\"https:\/\/stiftadmont.at\/\"},{\"@type\":\"ListItem\",\"position\":2,\"name\":\"Wiedereintritt\"}]},{\"@type\":\"WebSite\",\"@id\":\"https:\/\/stiftadmont.at\/#website\",\"url\":\"https:\/\/stiftadmont.at\/\",\"name\":\"Stift Admont\",\"description\":\"Benediktinerkloster und Sehensw\u00fcrdigkeit im Ges\u00e4use\",\"potentialAction\":[{\"@type\":\"SearchAction\",\"target\":{\"@type\":\"EntryPoint\",\"urlTemplate\":\"https:\/\/stiftadmont.at\/?s={search_term_string}\"},\"query-input\":{\"@type\":\"PropertyValueSpecification\",\"valueRequired\":true,\"valueName\":\"search_term_string\"}}],\"inLanguage\":\"sl-SI\"}]}<\/script>\n<!-- \/ Yoast SEO Premium plugin. -->","yoast_head_json":{"title":"Ponovni vstop - opatija Admont","robots":{"index":"index","follow":"follow","max-snippet":"max-snippet:-1","max-image-preview":"max-image-preview:large","max-video-preview":"max-video-preview:-1"},"canonical":"https:\/\/stiftadmont.at\/sl\/ponovni-vstop-v-cerkev\/","og_locale":"sl_SI","og_type":"article","og_title":"Wiedereintritt","og_url":"https:\/\/stiftadmont.at\/sl\/ponovni-vstop-v-cerkev\/","og_site_name":"Stift Admont","article_modified_time":"2025-03-17T12:07:21+00:00","og_image":[{"width":1912,"height":1188,"url":"https:\/\/stiftadmont.at\/wp-content\/uploads\/Klosteranlage-innen.jpg","type":"image\/jpeg"}],"twitter_card":"summary_large_image","schema":{"@context":"https:\/\/schema.org","@graph":[{"@type":"WebPage","@id":"https:\/\/stiftadmont.at\/kirchen-wiedereintritt\/","url":"https:\/\/stiftadmont.at\/kirchen-wiedereintritt\/","name":"Ponovni vstop - opatija Admont","isPartOf":{"@id":"https:\/\/stiftadmont.at\/#website"},"datePublished":"2025-03-17T11:51:33+00:00","dateModified":"2025-03-17T12:07:21+00:00","breadcrumb":{"@id":"https:\/\/stiftadmont.at\/kirchen-wiedereintritt\/#breadcrumb"},"inLanguage":"sl-SI","potentialAction":[{"@type":"ReadAction","target":["https:\/\/stiftadmont.at\/kirchen-wiedereintritt\/"]}]},{"@type":"BreadcrumbList","@id":"https:\/\/stiftadmont.at\/kirchen-wiedereintritt\/#breadcrumb","itemListElement":[{"@type":"ListItem","position":1,"name":"Start","item":"https:\/\/stiftadmont.at\/"},{"@type":"ListItem","position":2,"name":"Wiedereintritt"}]},{"@type":"WebSite","@id":"https:\/\/stiftadmont.at\/#website","url":"https:\/\/stiftadmont.at\/","name":"Opatija Admont","description":"Benediktinski samostan in turisti\u010dna znamenitost v Ges\u00e4use","potentialAction":[{"@type":"SearchAction","target":{"@type":"EntryPoint","urlTemplate":"https:\/\/stiftadmont.at\/?s={search_term_string}"},"query-input":{"@type":"PropertyValueSpecification","valueRequired":true,"valueName":"search_term_string"}}],"inLanguage":"sl-SI"}]}},"_links":{"self":[{"href":"https:\/\/stiftadmont.at\/sl\/wp-json\/wp\/v2\/pages\/33377","targetHints":{"allow":["GET"]}}],"collection":[{"href":"https:\/\/stiftadmont.at\/sl\/wp-json\/wp\/v2\/pages"}],"about":[{"href":"https:\/\/stiftadmont.at\/sl\/wp-json\/wp\/v2\/types\/page"}],"author":[{"embeddable":true,"href":"https:\/\/stiftadmont.at\/sl\/wp-json\/wp\/v2\/users\/7"}],"replies":[{"embeddable":true,"href":"https:\/\/stiftadmont.at\/sl\/wp-json\/wp\/v2\/comments?post=33377"}],"version-history":[{"count":6,"href":"https:\/\/stiftadmont.at\/sl\/wp-json\/wp\/v2\/pages\/33377\/revisions"}],"predecessor-version":[{"id":33385,"href":"https:\/\/stiftadmont.at\/sl\/wp-json\/wp\/v2\/pages\/33377\/revisions\/33385"}],"wp:attachment":[{"href":"https:\/\/stiftadmont.at\/sl\/wp-json\/wp\/v2\/media?parent=33377"}],"wp:term":[{"taxonomy":"category","embeddable":true,"href":"https:\/\/stiftadmont.at\/sl\/wp-json\/wp\/v2\/categories?post=33377"}],"curies":[{"name":"wp","href":"https:\/\/api.w.org\/{rel}","templated":true}]}}