{"id":33518,"date":"2025-03-20T12:32:46","date_gmt":"2025-03-20T10:32:46","guid":{"rendered":"https:\/\/stiftadmont.at\/?page_id=33518"},"modified":"2025-03-25T09:44:54","modified_gmt":"2025-03-25T07:44:54","slug":"zupnija-trieben-zupnijska-cerkev","status":"publish","type":"page","link":"https:\/\/stiftadmont.at\/sl\/pfarren\/stadtpfarre-trieben-stadtpfarrkirche\/","title":{"rendered":"\u017dupnijska cerkev svetega Andreja"},"content":{"rendered":"<section id='lightpress__section--block_fa203bc958bc5a203ef5079921b36359' class='align-center lightpress__section--default-section-space lightpress__section lightpress__section--headline'><div class=\"headline__container\">\n            <h2 class=\"headline text--40 text-medium line line--gold line-above line-middle\">\u017dupnijska cerkev svetega Andreja<\/h2>\n        <p class=\"text-center text-gold text--20 text-medium text--uppercase\">Tukaj boste na\u0161li pomembne informacije o na\u0161i \u017eupnijski cerkvi<\/p>\n        <div class=\"spacer--40\"><\/div>\n<\/div>\n\n<\/section>\n\n<section id='lightpress__section--block_e6408b425d34f22750c042f8701802bb' class='bg--beige lightpress__section--colored-bg lightpress__section--default-section-space lightpress__section lightpress__section--content'><div class=\"content__inner\"\n         x-init=\"initContentBlockAnim($el)\">\n        \n    <div class=\"content__grid content__grid--fifty-fifty\">\n                                            <div class=\"content__box content__box\"\n                 style=\"\">\n                                \n                \n                                        <div class=\"content__media stickyTo\" x-init=\"imageSticky($el)\">\n\n                                                                                                <picture\n                                class=\"content__image sticky\">\n                            <source srcset=\"https:\/\/stiftadmont.at\/wp-content\/uploads\/Pfarre-Trieben_c-Thomas-Sattler_Stift-Admont_4.jpg\"\n                                    type=\"image\/webp\">\n                            <source srcset=\"https:\/\/stiftadmont.at\/wp-content\/uploads\/Pfarre-Trieben_c-Thomas-Sattler_Stift-Admont_4.jpg\"\n                                    type=\"image\/jpeg\">\n                            <img decoding=\"async\" loading=\"lazy\" src=\"https:\/\/stiftadmont.at\/wp-content\/uploads\/Pfarre-Trieben_c-Thomas-Sattler_Stift-Admont_4.jpg\" alt=\"\u017dupnija Trieben c Thomas Sattler Admont Abbey 4\" width=\"600\" height=\"450\" \/>\n                                                                                                            <\/picture>\n\n                    <\/div>\n\n                            <\/div>\n        \n                                                    <div class=\"content__box content__box--2\"\n                     >\n                                        \n                    \n                                                    <div class=\"prose\"><h5 class=\"heading-m line line-above line--gold\"><strong>O \u017eupnijski cerkvi<\/strong><\/h5>\n<p>\u00a0<\/p>\n<p>Vredna ogleda je \u017eupnijska cerkev z izjemnimi sodobnimi umetni\u0161kimi deli: kri\u017eev pot profesorja Franza Wei\u00dfa, triptih \"Pape\u017e Janez Pavel II.\" Roelofa Reneja Stakvisa in zgodovinsko \"Andrejevo okno\" iz 14. stoletja.\u00a0<\/p>\n<p>\u00a0<\/p>\n<p>\u017dupnijsko zdru\u017eenje sestavljajo \u017eupnije Trieben, Hohentauern in St.Lorenzen im Paltentale.\u00a0<\/p>\n<p>\u00a0<\/p>\n<p><strong>Patrocinium:<\/strong> St Andrew, 30. november<\/p>\n<p><strong>Dan posvetitve cerkve:<\/strong> 1. september<\/p>\n<p><strong>\u017dupnija se je zmotila:<\/strong> 1955<\/p>\n<p><strong>\u017dupnijska cerkev erb..:<\/strong> 1961 - 1963<\/p>\n<p><strong>Cerkev:<\/strong> Sveti Andrej (stara \u017eupnijska cerkev) roj. 1160 (1149 - 1454)<\/p>\n<p><strong>Registri:<\/strong> 1955<\/p>\n<p><strong>ma\u0161na kapela:<\/strong> Okro\u017eni dom upokojencev\u00a0<\/p>\n<p>\u00a0<\/p>\n<p>\u00a0<\/p>\n<p><a class=\"admont-button admont-button--secondary\" href=\"https:\/\/discover.matterport.com\/space\/1uW7tMvyz2h\" target=\"_blank\" rel=\"noopener\">VIRTUALNI OGLED \u017dUPNIJSKE CERKVE<\/a><\/p>\n<p>\u00a0<\/p>\n<p>\u00a0<\/p>\n<\/div>\n                        \n                                    <\/div>\n            \n            <\/div>\n<\/div>\n\n    <div class=\"background__container background__container--beige\">\n    <\/div>\n\n<\/section>\n\n<section id='lightpress__section--block_9cec40ad821b4745064e850dfb1dfcc5' class='lightpress__section--default-section-space lightpress__section lightpress__section--content'><div class=\"content__inner\"\n         x-init=\"initContentBlockAnim($el)\">\n        \n    <div class=\"content__grid content__grid--fifty-fifty\">\n                                            <div class=\"content__box content__box\"\n                 style=\"\">\n                                \n                \n                                            <div class=\"prose\"><h5 class=\"heading-m line line-above line--gold\">Zgodovina \u017eupnijske cerkve svetega Andreja<\/h5>\n<p>\u00a0<\/p>\n<p>Leta 1955 se je trboveljska \u017eupnija lo\u010dila od prvotne in mati\u010dne \u017eupnije St.Lorenzen im Paltentale in bila ustanovljena kot samostojna \u017eupnija, ki ni vklju\u010dena v opatijo Admont, saj takrat po kanonskem pravu vklju\u010ditev ni bila ve\u010d mogo\u010da.<\/p>\n<p>Tako imenovana \"nova cerkev svetega Andreja\" je bila zgrajena med letoma 1961 in 1963 po na\u010drtu Hansa Beckersa z vitra\u017ei, ki jih je zasnoval Notburga Beckers (izvedla jih je steklarska delavnica opatije Schlierbach), 1. septembra 1963 pa jo je slovesno posvetil \u0161kof Dr. Josef Schoiswohl.\u00a0<\/p>\n<p>\u00a0<\/p>\n<p>Kri\u017e nad oltarjem je izdelal Hans Angerbauer, figure svetnikov v ni\u0161ah med besedilom blagrov pa Gottfried Prabitz.\u00a0<\/p>\n<p>\u00a0<\/p>\n<p>Triptih v stranski kapeli (zakramentalna kapela) in kri\u017eev pot so delo profesorja Franza Wei\u00dfa, kip Device Marije v prezbiteriju pa je delo Lea B\u00e4umlerja (1965).\u00a0<\/p>\n<p>Za sede\u017eem duhovnika je gotska steklena slika svetega Andreja iz druge polovice 15. stoletja (posodil jo je De\u017eelni muzej Joanneum v Gradcu).\u00a0<\/p>\n<p>Praznik cerkvenega in \u017eupnijskega zavetnika - svetega Andreja apostola - praznujemo skupaj z \u017eupnijskim praznikom v za\u010detku julija, saj dejanski praznik cerkvenega zavetnika (30. november) obi\u010dajno sovpada z za\u010detkom adventa in ga zato ni mogo\u010de praznovati na nedeljo.\u00a0<\/p>\n<\/div>\n                    \n                            <\/div>\n        \n                                                    <div class=\"content__box content__box--2\"\n                     >\n                                        \n                    \n                                                <div class=\"content__media stickyTo\" x-init=\"imageSticky($el)\">\n\n                                                                                    <picture\n                                    class=\"content__image sticky\">\n                                <source srcset=\"https:\/\/stiftadmont.at\/wp-content\/uploads\/4dccb4718474c270d66527abbcfb3172_XL-1024x683.webp\" type=\"image\/webp\">\n                                <source srcset=\"https:\/\/stiftadmont.at\/wp-content\/uploads\/4dccb4718474c270d66527abbcfb3172_XL-1024x683.jpg\" type=\"image\/jpeg\">\n                                <img decoding=\"async\" class=\"sticky\" loading=\"lazy\" src=\"https:\/\/stiftadmont.at\/wp-content\/uploads\/4dccb4718474c270d66527abbcfb3172_XL-1024x683.jpg\" alt=\"\u017dupnija Trieben\" \/>\n\n                                                                                                                            <\/picture>\n\n                        <\/div>\n\n                                    <\/div>\n            \n            <\/div>\n<\/div>\n\n<\/section>","protected":false},"excerpt":{"rendered":"","protected":false},"author":7,"featured_media":0,"parent":13905,"menu_order":0,"comment_status":"closed","ping_status":"closed","template":"","meta":{"_acf_changed":false,"footnotes":""},"categories":[],"class_list":["post-33518","page","type-page","status-publish","hentry"],"acf":[],"yoast_head":"<!-- This site is optimized with the Yoast SEO Premium plugin v26.0 (Yoast SEO v26.8) - https:\/\/yoast.com\/product\/yoast-seo-premium-wordpress\/ -->\n<title>Stadtpfarrkirche zum Hl. Andreas - Stift Admont<\/title>\n<meta name=\"robots\" content=\"index, follow, max-snippet:-1, max-image-preview:large, max-video-preview:-1\" \/>\n<link rel=\"canonical\" href=\"https:\/\/stiftadmont.at\/sl\/zupnije\/zupnija-trieben-zupnijska-cerkev\/\" \/>\n<meta property=\"og:locale\" content=\"sl_SI\" \/>\n<meta property=\"og:type\" content=\"article\" \/>\n<meta property=\"og:title\" content=\"Stadtpfarrkirche zum Hl. Andreas\" \/>\n<meta property=\"og:url\" content=\"https:\/\/stiftadmont.at\/sl\/zupnije\/zupnija-trieben-zupnijska-cerkev\/\" \/>\n<meta property=\"og:site_name\" content=\"Stift Admont\" \/>\n<meta property=\"article:modified_time\" content=\"2025-03-25T07:44:54+00:00\" \/>\n<meta property=\"og:image\" content=\"https:\/\/stiftadmont.at\/wp-content\/uploads\/Klosteranlage-innen.jpg\" \/>\n\t<meta property=\"og:image:width\" content=\"1912\" \/>\n\t<meta property=\"og:image:height\" content=\"1188\" \/>\n\t<meta property=\"og:image:type\" content=\"image\/jpeg\" \/>\n<meta name=\"twitter:card\" content=\"summary_large_image\" \/>\n<script type=\"application\/ld+json\" class=\"yoast-schema-graph\">{\"@context\":\"https:\/\/schema.org\",\"@graph\":[{\"@type\":\"WebPage\",\"@id\":\"https:\/\/stiftadmont.at\/pfarren\/stadtpfarre-trieben-stadtpfarrkirche\/\",\"url\":\"https:\/\/stiftadmont.at\/pfarren\/stadtpfarre-trieben-stadtpfarrkirche\/\",\"name\":\"Stadtpfarrkirche zum Hl. Andreas - Stift Admont\",\"isPartOf\":{\"@id\":\"https:\/\/stiftadmont.at\/#website\"},\"datePublished\":\"2025-03-20T10:32:46+00:00\",\"dateModified\":\"2025-03-25T07:44:54+00:00\",\"breadcrumb\":{\"@id\":\"https:\/\/stiftadmont.at\/pfarren\/stadtpfarre-trieben-stadtpfarrkirche\/#breadcrumb\"},\"inLanguage\":\"sl-SI\",\"potentialAction\":[{\"@type\":\"ReadAction\",\"target\":[\"https:\/\/stiftadmont.at\/pfarren\/stadtpfarre-trieben-stadtpfarrkirche\/\"]}]},{\"@type\":\"BreadcrumbList\",\"@id\":\"https:\/\/stiftadmont.at\/pfarren\/stadtpfarre-trieben-stadtpfarrkirche\/#breadcrumb\",\"itemListElement\":[{\"@type\":\"ListItem\",\"position\":1,\"name\":\"Start\",\"item\":\"https:\/\/stiftadmont.at\/\"},{\"@type\":\"ListItem\",\"position\":2,\"name\":\"Pfarren\",\"item\":\"https:\/\/stiftadmont.at\/pfarren\/\"},{\"@type\":\"ListItem\",\"position\":3,\"name\":\"Stadtpfarrkirche zum Hl. Andreas\"}]},{\"@type\":\"WebSite\",\"@id\":\"https:\/\/stiftadmont.at\/#website\",\"url\":\"https:\/\/stiftadmont.at\/\",\"name\":\"Stift Admont\",\"description\":\"Benediktinerkloster und Sehensw\u00fcrdigkeit im Ges\u00e4use\",\"potentialAction\":[{\"@type\":\"SearchAction\",\"target\":{\"@type\":\"EntryPoint\",\"urlTemplate\":\"https:\/\/stiftadmont.at\/?s={search_term_string}\"},\"query-input\":{\"@type\":\"PropertyValueSpecification\",\"valueRequired\":true,\"valueName\":\"search_term_string\"}}],\"inLanguage\":\"sl-SI\"}]}<\/script>\n<!-- \/ Yoast SEO Premium plugin. -->","yoast_head_json":{"title":"\u017dupnijska cerkev svetega Andreja - Admont Abbey","robots":{"index":"index","follow":"follow","max-snippet":"max-snippet:-1","max-image-preview":"max-image-preview:large","max-video-preview":"max-video-preview:-1"},"canonical":"https:\/\/stiftadmont.at\/sl\/zupnije\/zupnija-trieben-zupnijska-cerkev\/","og_locale":"sl_SI","og_type":"article","og_title":"Stadtpfarrkirche zum Hl. Andreas","og_url":"https:\/\/stiftadmont.at\/sl\/zupnije\/zupnija-trieben-zupnijska-cerkev\/","og_site_name":"Stift Admont","article_modified_time":"2025-03-25T07:44:54+00:00","og_image":[{"width":1912,"height":1188,"url":"https:\/\/stiftadmont.at\/wp-content\/uploads\/Klosteranlage-innen.jpg","type":"image\/jpeg"}],"twitter_card":"summary_large_image","schema":{"@context":"https:\/\/schema.org","@graph":[{"@type":"WebPage","@id":"https:\/\/stiftadmont.at\/pfarren\/stadtpfarre-trieben-stadtpfarrkirche\/","url":"https:\/\/stiftadmont.at\/pfarren\/stadtpfarre-trieben-stadtpfarrkirche\/","name":"\u017dupnijska cerkev svetega Andreja - Admont Abbey","isPartOf":{"@id":"https:\/\/stiftadmont.at\/#website"},"datePublished":"2025-03-20T10:32:46+00:00","dateModified":"2025-03-25T07:44:54+00:00","breadcrumb":{"@id":"https:\/\/stiftadmont.at\/pfarren\/stadtpfarre-trieben-stadtpfarrkirche\/#breadcrumb"},"inLanguage":"sl-SI","potentialAction":[{"@type":"ReadAction","target":["https:\/\/stiftadmont.at\/pfarren\/stadtpfarre-trieben-stadtpfarrkirche\/"]}]},{"@type":"BreadcrumbList","@id":"https:\/\/stiftadmont.at\/pfarren\/stadtpfarre-trieben-stadtpfarrkirche\/#breadcrumb","itemListElement":[{"@type":"ListItem","position":1,"name":"Start","item":"https:\/\/stiftadmont.at\/"},{"@type":"ListItem","position":2,"name":"Pfarren","item":"https:\/\/stiftadmont.at\/pfarren\/"},{"@type":"ListItem","position":3,"name":"Stadtpfarrkirche zum Hl. Andreas"}]},{"@type":"WebSite","@id":"https:\/\/stiftadmont.at\/#website","url":"https:\/\/stiftadmont.at\/","name":"Opatija Admont","description":"Benediktinski samostan in turisti\u010dna znamenitost v Ges\u00e4use","potentialAction":[{"@type":"SearchAction","target":{"@type":"EntryPoint","urlTemplate":"https:\/\/stiftadmont.at\/?s={search_term_string}"},"query-input":{"@type":"PropertyValueSpecification","valueRequired":true,"valueName":"search_term_string"}}],"inLanguage":"sl-SI"}]}},"_links":{"self":[{"href":"https:\/\/stiftadmont.at\/sl\/wp-json\/wp\/v2\/pages\/33518","targetHints":{"allow":["GET"]}}],"collection":[{"href":"https:\/\/stiftadmont.at\/sl\/wp-json\/wp\/v2\/pages"}],"about":[{"href":"https:\/\/stiftadmont.at\/sl\/wp-json\/wp\/v2\/types\/page"}],"author":[{"embeddable":true,"href":"https:\/\/stiftadmont.at\/sl\/wp-json\/wp\/v2\/users\/7"}],"replies":[{"embeddable":true,"href":"https:\/\/stiftadmont.at\/sl\/wp-json\/wp\/v2\/comments?post=33518"}],"version-history":[{"count":8,"href":"https:\/\/stiftadmont.at\/sl\/wp-json\/wp\/v2\/pages\/33518\/revisions"}],"predecessor-version":[{"id":34021,"href":"https:\/\/stiftadmont.at\/sl\/wp-json\/wp\/v2\/pages\/33518\/revisions\/34021"}],"up":[{"embeddable":true,"href":"https:\/\/stiftadmont.at\/sl\/wp-json\/wp\/v2\/pages\/13905"}],"wp:attachment":[{"href":"https:\/\/stiftadmont.at\/sl\/wp-json\/wp\/v2\/media?parent=33518"}],"wp:term":[{"taxonomy":"category","embeddable":true,"href":"https:\/\/stiftadmont.at\/sl\/wp-json\/wp\/v2\/categories?post=33518"}],"curies":[{"name":"wp","href":"https:\/\/api.w.org\/{rel}","templated":true}]}}