{"id":33580,"date":"2025-03-21T11:38:03","date_gmt":"2025-03-21T09:38:03","guid":{"rendered":"https:\/\/stiftadmont.at\/?page_id=33580"},"modified":"2025-03-25T09:21:10","modified_gmt":"2025-03-25T07:21:10","slug":"stara-andreasova-cerkev","status":"publish","type":"page","link":"https:\/\/stiftadmont.at\/sl\/pfarren\/stadtpfarre-trieben\/alte-andreaskirche\/","title":{"rendered":"Stara cerkev svetega Andreja"},"content":{"rendered":"<section id='lightpress__section--block_b10a187ab056f17b3e1c950226ddb4f9' class='align-center lightpress__section--default-section-space lightpress__section lightpress__section--headline'><div class=\"headline__container\">\n            <p class=\"headline text--40 text-medium line line--gold line-above line-middle\">Stara cerkev svetega Andreja <\/p>\n        <p class=\"text-center text-gold text--20 text-medium text--uppercase\"><\/p>\n        <div class=\"spacer--40\"><\/div>\n<\/div>\n\n<\/section>\n\n<section id='lightpress__section--block_d9a66980982d6e97fdd7d1419a6335ae' class='lightpress__section--default-section-space lightpress__section lightpress__section--content'><div class=\"content__inner\"\n         x-init=\"initContentBlockAnim($el)\">\n        \n    <div class=\"content__grid content__grid--fifty-fifty\">\n                                            <div class=\"content__box content__box\"\n                 style=\"\">\n                                \n                \n                                        <div class=\"content__media stickyTo\" x-init=\"imageSticky($el)\">\n\n                                                                                                <picture\n                                class=\"content__image sticky\">\n                            <source srcset=\"https:\/\/stiftadmont.at\/wp-content\/uploads\/Pfarre-Trieben_c-Thomas-Sattler_Stift-Admont.jpg\"\n                                    type=\"image\/webp\">\n                            <source srcset=\"https:\/\/stiftadmont.at\/wp-content\/uploads\/Pfarre-Trieben_c-Thomas-Sattler_Stift-Admont.jpg\"\n                                    type=\"image\/jpeg\">\n                            <img decoding=\"async\" loading=\"lazy\" src=\"https:\/\/stiftadmont.at\/wp-content\/uploads\/Pfarre-Trieben_c-Thomas-Sattler_Stift-Admont.jpg\" alt=\"\u017dupnija Trieben c Thomas Sattler Admont Abbey\" width=\"600\" height=\"450\" \/>\n                                                                                                            <\/picture>\n\n                    <\/div>\n\n                            <\/div>\n        \n                                                    <div class=\"content__box content__box--2\"\n                     >\n                                        \n                    \n                                                    <div class=\"prose\"><h5 class=\"heading-m line line-above line--gold\"><strong>Tr\u017ea\u0161ka podru\u017eni\u010dna cerkev: \"Stara cerkev svetega Andreja\"<\/strong><\/h5>\n<p>\u00a0<\/p>\n<p>Tako imenovana \"Stara cerkev svetega Andreja\" je bila prvotno podru\u017eni\u010dna cerkev svetega Lorenza in prva \u017eupnijska cerkev v Trbi\u017eu. \"Kapela\" v Trbenu je bila prvi\u010d omenjena v listini leta 1160, 11 let pozneje pa je bila \u017ee omenjena \"cerkev\" svetega Andreja.  Sedanja cerkvena stavba je nastala v letih 1494-1498, potem ko je bila cerkev po tur\u0161kih vpadih leta 1480 poru\u0161ena. Leta 1858 je cerkev pogorela, v naslednjih letih pa je dobila sedanjo podobo.\u00a0<\/p>\n<p>\u00a0<\/p>\n<p><a class=\"admont-button admont-button--secondary\" href=\"https:\/\/my.matterport.com\/show\/?m=xDXitxagYfL\" target=\"_blank\" rel=\"noopener\">VIRTUALNI OGLED STARE ANDRA\u017dEVE CERKVE<\/a><\/p>\n<p>\u00a0<\/p>\n<\/div>\n                        \n                                    <\/div>\n            \n            <\/div>\n<\/div>\n\n<\/section>","protected":false},"excerpt":{"rendered":"","protected":false},"author":7,"featured_media":0,"parent":33483,"menu_order":0,"comment_status":"closed","ping_status":"closed","template":"","meta":{"_acf_changed":false,"footnotes":""},"categories":[],"class_list":["post-33580","page","type-page","status-publish","hentry"],"acf":[],"yoast_head":"<!-- This site is optimized with the Yoast SEO Premium plugin v26.0 (Yoast SEO v26.8) - https:\/\/yoast.com\/product\/yoast-seo-premium-wordpress\/ -->\n<title>Alte Andreaskirche - Stift Admont<\/title>\n<meta name=\"robots\" content=\"index, follow, max-snippet:-1, max-image-preview:large, max-video-preview:-1\" \/>\n<link rel=\"canonical\" href=\"https:\/\/stiftadmont.at\/sl\/zupnije\/zupnija-trieben\/stara-andreasova-cerkev\/\" \/>\n<meta property=\"og:locale\" content=\"sl_SI\" \/>\n<meta property=\"og:type\" content=\"article\" \/>\n<meta property=\"og:title\" content=\"Alte Andreaskirche\" \/>\n<meta property=\"og:url\" content=\"https:\/\/stiftadmont.at\/sl\/zupnije\/zupnija-trieben\/stara-andreasova-cerkev\/\" \/>\n<meta property=\"og:site_name\" content=\"Stift Admont\" \/>\n<meta property=\"article:modified_time\" content=\"2025-03-25T07:21:10+00:00\" \/>\n<meta property=\"og:image\" content=\"https:\/\/stiftadmont.at\/wp-content\/uploads\/Klosteranlage-innen.jpg\" \/>\n\t<meta property=\"og:image:width\" content=\"1912\" \/>\n\t<meta property=\"og:image:height\" content=\"1188\" \/>\n\t<meta property=\"og:image:type\" content=\"image\/jpeg\" \/>\n<meta name=\"twitter:card\" content=\"summary_large_image\" \/>\n<script type=\"application\/ld+json\" class=\"yoast-schema-graph\">{\"@context\":\"https:\/\/schema.org\",\"@graph\":[{\"@type\":\"WebPage\",\"@id\":\"https:\/\/stiftadmont.at\/pfarren\/stadtpfarre-trieben\/alte-andreaskirche\/\",\"url\":\"https:\/\/stiftadmont.at\/pfarren\/stadtpfarre-trieben\/alte-andreaskirche\/\",\"name\":\"Alte Andreaskirche - Stift Admont\",\"isPartOf\":{\"@id\":\"https:\/\/stiftadmont.at\/#website\"},\"datePublished\":\"2025-03-21T09:38:03+00:00\",\"dateModified\":\"2025-03-25T07:21:10+00:00\",\"breadcrumb\":{\"@id\":\"https:\/\/stiftadmont.at\/pfarren\/stadtpfarre-trieben\/alte-andreaskirche\/#breadcrumb\"},\"inLanguage\":\"sl-SI\",\"potentialAction\":[{\"@type\":\"ReadAction\",\"target\":[\"https:\/\/stiftadmont.at\/pfarren\/stadtpfarre-trieben\/alte-andreaskirche\/\"]}]},{\"@type\":\"BreadcrumbList\",\"@id\":\"https:\/\/stiftadmont.at\/pfarren\/stadtpfarre-trieben\/alte-andreaskirche\/#breadcrumb\",\"itemListElement\":[{\"@type\":\"ListItem\",\"position\":1,\"name\":\"Start\",\"item\":\"https:\/\/stiftadmont.at\/\"},{\"@type\":\"ListItem\",\"position\":2,\"name\":\"Pfarren\",\"item\":\"https:\/\/stiftadmont.at\/pfarren\/\"},{\"@type\":\"ListItem\",\"position\":3,\"name\":\"Stadtpfarre Trieben\",\"item\":\"https:\/\/stiftadmont.at\/pfarren\/stadtpfarre-trieben\/\"},{\"@type\":\"ListItem\",\"position\":4,\"name\":\"Alte Andreaskirche\"}]},{\"@type\":\"WebSite\",\"@id\":\"https:\/\/stiftadmont.at\/#website\",\"url\":\"https:\/\/stiftadmont.at\/\",\"name\":\"Stift Admont\",\"description\":\"Benediktinerkloster und Sehensw\u00fcrdigkeit im Ges\u00e4use\",\"potentialAction\":[{\"@type\":\"SearchAction\",\"target\":{\"@type\":\"EntryPoint\",\"urlTemplate\":\"https:\/\/stiftadmont.at\/?s={search_term_string}\"},\"query-input\":{\"@type\":\"PropertyValueSpecification\",\"valueRequired\":true,\"valueName\":\"search_term_string\"}}],\"inLanguage\":\"sl-SI\"}]}<\/script>\n<!-- \/ Yoast SEO Premium plugin. -->","yoast_head_json":{"title":"Stara cerkev svetega Andreja - Admont Abbey","robots":{"index":"index","follow":"follow","max-snippet":"max-snippet:-1","max-image-preview":"max-image-preview:large","max-video-preview":"max-video-preview:-1"},"canonical":"https:\/\/stiftadmont.at\/sl\/zupnije\/zupnija-trieben\/stara-andreasova-cerkev\/","og_locale":"sl_SI","og_type":"article","og_title":"Alte Andreaskirche","og_url":"https:\/\/stiftadmont.at\/sl\/zupnije\/zupnija-trieben\/stara-andreasova-cerkev\/","og_site_name":"Stift Admont","article_modified_time":"2025-03-25T07:21:10+00:00","og_image":[{"width":1912,"height":1188,"url":"https:\/\/stiftadmont.at\/wp-content\/uploads\/Klosteranlage-innen.jpg","type":"image\/jpeg"}],"twitter_card":"summary_large_image","schema":{"@context":"https:\/\/schema.org","@graph":[{"@type":"WebPage","@id":"https:\/\/stiftadmont.at\/pfarren\/stadtpfarre-trieben\/alte-andreaskirche\/","url":"https:\/\/stiftadmont.at\/pfarren\/stadtpfarre-trieben\/alte-andreaskirche\/","name":"Stara cerkev svetega Andreja - Admont Abbey","isPartOf":{"@id":"https:\/\/stiftadmont.at\/#website"},"datePublished":"2025-03-21T09:38:03+00:00","dateModified":"2025-03-25T07:21:10+00:00","breadcrumb":{"@id":"https:\/\/stiftadmont.at\/pfarren\/stadtpfarre-trieben\/alte-andreaskirche\/#breadcrumb"},"inLanguage":"sl-SI","potentialAction":[{"@type":"ReadAction","target":["https:\/\/stiftadmont.at\/pfarren\/stadtpfarre-trieben\/alte-andreaskirche\/"]}]},{"@type":"BreadcrumbList","@id":"https:\/\/stiftadmont.at\/pfarren\/stadtpfarre-trieben\/alte-andreaskirche\/#breadcrumb","itemListElement":[{"@type":"ListItem","position":1,"name":"Start","item":"https:\/\/stiftadmont.at\/"},{"@type":"ListItem","position":2,"name":"Pfarren","item":"https:\/\/stiftadmont.at\/pfarren\/"},{"@type":"ListItem","position":3,"name":"Stadtpfarre Trieben","item":"https:\/\/stiftadmont.at\/pfarren\/stadtpfarre-trieben\/"},{"@type":"ListItem","position":4,"name":"Alte Andreaskirche"}]},{"@type":"WebSite","@id":"https:\/\/stiftadmont.at\/#website","url":"https:\/\/stiftadmont.at\/","name":"Opatija Admont","description":"Benediktinski samostan in turisti\u010dna znamenitost v Ges\u00e4use","potentialAction":[{"@type":"SearchAction","target":{"@type":"EntryPoint","urlTemplate":"https:\/\/stiftadmont.at\/?s={search_term_string}"},"query-input":{"@type":"PropertyValueSpecification","valueRequired":true,"valueName":"search_term_string"}}],"inLanguage":"sl-SI"}]}},"_links":{"self":[{"href":"https:\/\/stiftadmont.at\/sl\/wp-json\/wp\/v2\/pages\/33580","targetHints":{"allow":["GET"]}}],"collection":[{"href":"https:\/\/stiftadmont.at\/sl\/wp-json\/wp\/v2\/pages"}],"about":[{"href":"https:\/\/stiftadmont.at\/sl\/wp-json\/wp\/v2\/types\/page"}],"author":[{"embeddable":true,"href":"https:\/\/stiftadmont.at\/sl\/wp-json\/wp\/v2\/users\/7"}],"replies":[{"embeddable":true,"href":"https:\/\/stiftadmont.at\/sl\/wp-json\/wp\/v2\/comments?post=33580"}],"version-history":[{"count":4,"href":"https:\/\/stiftadmont.at\/sl\/wp-json\/wp\/v2\/pages\/33580\/revisions"}],"predecessor-version":[{"id":33829,"href":"https:\/\/stiftadmont.at\/sl\/wp-json\/wp\/v2\/pages\/33580\/revisions\/33829"}],"up":[{"embeddable":true,"href":"https:\/\/stiftadmont.at\/sl\/wp-json\/wp\/v2\/pages\/33483"}],"wp:attachment":[{"href":"https:\/\/stiftadmont.at\/sl\/wp-json\/wp\/v2\/media?parent=33580"}],"wp:term":[{"taxonomy":"category","embeddable":true,"href":"https:\/\/stiftadmont.at\/sl\/wp-json\/wp\/v2\/categories?post=33580"}],"curies":[{"name":"wp","href":"https:\/\/api.w.org\/{rel}","templated":true}]}}