{"id":34131,"date":"2025-03-27T09:48:47","date_gmt":"2025-03-27T07:48:47","guid":{"rendered":"https:\/\/stiftadmont.at\/?page_id=34131"},"modified":"2025-03-27T10:05:41","modified_gmt":"2025-03-27T08:05:41","slug":"st-martin-am-grimming","status":"publish","type":"page","link":"https:\/\/stiftadmont.at\/sl\/pfarren\/st-martin-am-grimming\/","title":{"rendered":"\u017dupnija St. Martin am Grimming"},"content":{"rendered":"<section id='lightpress__section--block_259e991e8bd712a5d5c9787cbc918b8f' class='align-center lightpress__section--default-section-space lightpress__section lightpress__section--headline'><div class=\"headline__container\">\n            <h2 class=\"headline text--40 text-medium line line--gold line-above line-middle\">Die Pfarre St. Martin am Grimming<\/h2>\n        <p class=\"text-center text-gold text--20 text-medium text--uppercase\">Hier finden Sie alle Informationen zu unserer Pfarre <\/p>\n        <div class=\"spacer--40\"><\/div>\n<\/div>\n\n<\/section>\n\n<section id='lightpress__section--block_310e8212271ff27c81985f2ed88a5069' class='lightpress__section--default-section-space lightpress__section lightpress__section--content'><div class=\"content__inner\"\n         x-init=\"initContentBlockAnim($el)\">\n        \n    <div class=\"content__grid content__grid--fifty-fifty\">\n                                            <div class=\"content__box content__box\"\n                 style=\"\">\n                                \n                \n                                        <div class=\"content__media stickyTo\" x-init=\"imageSticky($el)\">\n\n                                                                                                <picture\n                                class=\"content__image sticky\">\n                            <source srcset=\"https:\/\/stiftadmont.at\/wp-content\/uploads\/Pfarre-St.-Martin-am-Grimming_c-Thomas-Sattler_Stift-Admont_5.jpg\"\n                                    type=\"image\/webp\">\n                            <source srcset=\"https:\/\/stiftadmont.at\/wp-content\/uploads\/Pfarre-St.-Martin-am-Grimming_c-Thomas-Sattler_Stift-Admont_5.jpg\"\n                                    type=\"image\/jpeg\">\n                            <img decoding=\"async\" loading=\"lazy\" src=\"https:\/\/stiftadmont.at\/wp-content\/uploads\/Pfarre-St.-Martin-am-Grimming_c-Thomas-Sattler_Stift-Admont_5.jpg\" alt=\"Pfarre St. Martin am Grimming c Thomas Sattler Stift Admont 5\" width=\"600\" height=\"450\" \/>\n                                                                                                            <\/picture>\n\n                    <\/div>\n\n                            <\/div>\n        \n                                                    <div class=\"content__box content__box--2\"\n                     >\n                                        \n                    \n                                                    <div class=\"prose\"><h5 class=\"heading-m line line-above line--gold\"><strong>\u00dcber die Pfarrkirche St. Martin am Grimming<\/strong><\/h5>\n<p>\u00a0<\/p>\n<p>Die Pfarrkirche in St. Martin am Grimming ist dem Hl. Martin (11. November) geweiht.<\/p>\n<p>\u00a0<\/p>\n<p>Eine Schenkungsurkunde aus dem Jahre 1201, belegt urkundlich die \u00dcbergabe einer Kirche in St. Martin an das Stift Admont. Dadurch ist auch belegt, dass ein erster Bau bereits im 12. Jahrhundert bestand. Seine heutige, eher klassizistische als barocke, Form erhielt das Gotteshaus im Zuge eines Neubaus im Jahre 1738. Der barocke Hochaltar aus dem Jahre 1650 stammt vermutlich urspr\u00fcnglich aus der Schlosskirche St. Martin in Graz. Die Seitenalt\u00e4re entstanden in der zweiten H\u00e4lfte des 18. Jahrhunderts.<\/p>\n<p>\u00a0<\/p>\n<p>Zum Seelsorgeraum Oberes Ennstal z\u00e4hlen die Pfarren Schladming, Haus, Pichl an der Enns, Kulm in der Ramsau, Assach, Gr\u00f6bming, Gro\u00dfs\u00f6lk, Kleins\u00f6lk, \u00d6blarn, St. Martin am Grimming und St. Nikolai in der S\u00f6lk.<\/p>\n<p>\u00a0<\/p>\n<p><strong>Patrozinium:<\/strong> Hl. Martin, 11. November<\/p>\n<p><strong>Anbetungstag:<\/strong> 5. Mai<\/p>\n<p><strong>Kirchweihtag: <\/strong>11. November<\/p>\n<p><strong>Pfarre err.:<\/strong> 1892 (Lokalie 1787)<\/p>\n<p><strong>Matriken:<\/strong> T u. Tr 1787, St 1821<\/p>\n<p><strong>Pfarrkirche gen.:<\/strong> 1201 (1738)<\/p>\n<p>\u00a0<\/p>\n<p><a class=\"admont-button admont-button--secondary\" href=\"https:\/\/discover.matterport.com\/space\/esAubMBdFx9\" target=\"_blank\" rel=\"noopener\">VIRTUELLE TOUR DURCH DIE PFARRKIRCHE<\/a><\/p>\n<p>\u00a0<\/p>\n<\/div>\n                        \n                                    <\/div>\n            \n            <\/div>\n<\/div>\n\n<\/section>\n\n<section id='lightpress__section--block_5c61c9502a4cc57df4d97ec2eb7a5f62' class='align-center lightpress__section--default-section-space lightpress__section lightpress__section--headline'><div class=\"headline__container\">\n            <h2 class=\"headline text--40 text-medium line line--gold line-above line-middle\">Gottesdienste in unserer Pfarre<\/h2>\n        <p class=\"text-center text-gold text--20 text-medium text--uppercase\">Feiern Sie mit uns die Gottesdienste&#8230;<\/p>\n        <div class=\"spacer--40\"><\/div>\n<\/div>\n\n<\/section>\n\n<section id='lightpress__section--block_e4a233bed9e2fa8edbaa2a700761916e' class='bg--black lightpress__section--colored-bg lightpress__section--default-section-space lightpress__section lightpress__section--additional-content'><div class=\"additional-content__container additional-content__container--horizontal\">\n\n    \n    <div class=\"additional-content__entries\">\n                    <div class=\"additional-content__item text-gold\">\n\n                                    <p class=\"additional-content__title text--26 auto-hyphen\">SONNTAG<\/p>\n                \n                                                            <div class=\"spacer--30\"><\/div>\n                                    \n                                    <p class=\"additional-content__subtitle text--uppercase text--26\">08:45 Uhr<\/p>\n\n                                \n                    <p class=\"additional-content__text text--20\">Gottesdienst<\/p>\n\n                            <\/div>\n            <\/div>\n<\/div>\n\n    <div class=\"background__container background__container--black\">\n    <\/div>\n\n<\/section>\n\n<section id='lightpress__section--block_f23fd8cc490ea19450e92df94a9171f5' class='align-center lightpress__section--default-section-space lightpress__section lightpress__section--headline'><div class=\"headline__container\">\n            <h2 class=\"headline text--40 text-medium line line--gold line-above line-middle\">Kontakt und Kanzleizeiten<\/h2>\n        <p class=\"text-center text-gold text--20 text-medium text--uppercase\">Hier finden Sie alle Informationen wann und wie Sie uns erreichen k\u00f6nnen<\/p>\n        <div class=\"spacer--40\"><\/div>\n<\/div>\n\n<\/section>\n\n<section id='lightpress__section--block_828115d71ed7b5d9e30da77a72feb3dd' class='lightpress__section--default-section-space lightpress__section lightpress__section--content'><div class=\"content__inner\"\n         x-init=\"initContentBlockAnim($el)\">\n        \n    <div class=\"content__grid content__grid--fifty-fifty\">\n                                            <div class=\"content__box content__box\"\n                 style=\"\">\n                                \n                \n                                        <div class=\"content__media stickyTo\" x-init=\"imageSticky($el)\">\n\n                                                                                                <picture\n                                class=\"content__image sticky\">\n                            <source srcset=\"https:\/\/stiftadmont.at\/wp-content\/uploads\/Pfarre-St.-Martin-am-Grimming_c-Thomas-Sattler_Stift-Admont_6-1.jpg\"\n                                    type=\"image\/webp\">\n                            <source srcset=\"https:\/\/stiftadmont.at\/wp-content\/uploads\/Pfarre-St.-Martin-am-Grimming_c-Thomas-Sattler_Stift-Admont_6-1.jpg\"\n                                    type=\"image\/jpeg\">\n                            <img decoding=\"async\" loading=\"lazy\" src=\"https:\/\/stiftadmont.at\/wp-content\/uploads\/Pfarre-St.-Martin-am-Grimming_c-Thomas-Sattler_Stift-Admont_6-1.jpg\" alt=\"Pfarre St. Martin am Grimming c Thomas Sattler Stift Admont 6\" width=\"600\" height=\"450\" \/>\n                                                                                                            <\/picture>\n\n                    <\/div>\n\n                            <\/div>\n        \n                                                    <div class=\"content__box content__box--2\"\n                     >\n                                        \n                    \n                                                    <div class=\"prose\"><h5 class=\"heading-m line line-above line--gold\"><strong>R\u00f6m.-kath. Pfarramt St. Martin am Grimming<\/strong><\/h5>\n<p>St. Martin am Grimming 16<\/p>\n<p>8954 Mitterberg St. Martin<\/p>\n<p>\u00a0<\/p>\n<p><strong>Postadresse:<\/strong><\/p>\n<p>\u00a0<\/p>\n<p>R\u00f6m.-kath. Pfarramt St. Martin am Grimming<\/p>\n<p>c\/o Pfarramt Gr\u00f6bming<\/p>\n<p>Stoderstra\u00dfe 1<\/p>\n<p>8962 Gr\u00f6bming<\/p>\n<p>\u00a0<\/p>\n<p><strong>Kanzleizeiten:\u00a0<\/strong><\/p>\n<p>\u00a0<\/p>\n<p>Pfarrkanzlei Gr\u00f6bming:<\/p>\n<p>\u00a0<\/p>\n<p>Montag: 09:00 Uhr &#8211; 12:00 Uhr<\/p>\n<p>Dienstag: 09:00 Uhr &#8211; 12:00 Uhr<\/p>\n<p>\u00a0<\/p>\n<p><strong>Servicezeiten im Pfarrhof \u00d6blarn:\u00a0<\/strong><\/p>\n<p>\u00a0<\/p>\n<p>Mittwoch: 08:30 Uhr &#8211; 09:30 Uhr<\/p>\n<p>\u00a0<\/p>\n<p><a class=\"phone\" href=\"tel:+43 (0) 3685 22355\"><span class=\"icon-outer\"><i class=\"fa-light fa-phone\"><\/i><\/span>+43 (0) 3685 22355<\/a><\/p>\n<p><a class=\"email\" href=\"mailto:oeblarn@graz-seckau.at\"><span class=\"icon-outer\"><i class=\"fa-light fa-envelope\"><\/i><\/span>st-martin-grimming@graz-seckau.at<\/a><\/p>\n<\/div>\n                        \n                                    <\/div>\n            \n            <\/div>\n<\/div>\n\n<\/section>\n\n<section id='lightpress__section--block_c5add060eb1af5dac1732b9a8d7b80b6' class='lightpress__section--default-section-space lightpress__section lightpress__section--image-slider'>\n<div class=\"image-slider\"\n     x-data=\"{ gallery: null, shown: false }\"\n     x-init=\"gallery = initSliderGallery([{&quot;href&quot;:&quot;https:\\\/\\\/stiftadmont.at\\\/wp-content\\\/uploads\\\/Pfarre-St.-Martin-am-Grimming_c-Thomas-Sattler_Stift-Admont_3.jpg&quot;,&quot;type&quot;:&quot;image&quot;},{&quot;href&quot;:&quot;https:\\\/\\\/stiftadmont.at\\\/wp-content\\\/uploads\\\/Pfarre-St.-Martin-am-Grimming_c-Thomas-Sattler_Stift-Admont_4.jpg&quot;,&quot;type&quot;:&quot;image&quot;},{&quot;href&quot;:&quot;https:\\\/\\\/stiftadmont.at\\\/wp-content\\\/uploads\\\/Pfarre-St.-Martin-am-Grimming_c-Thomas-Sattler_Stift-Admont_5.jpg&quot;,&quot;type&quot;:&quot;image&quot;},{&quot;href&quot;:&quot;https:\\\/\\\/stiftadmont.at\\\/wp-content\\\/uploads\\\/Pfarre-St.-Martin-am-Grimming_c-Thomas-Sattler_Stift-Admont_6-1.jpg&quot;,&quot;type&quot;:&quot;image&quot;},{&quot;href&quot;:&quot;https:\\\/\\\/stiftadmont.at\\\/wp-content\\\/uploads\\\/Pfarre-St.-Martin-am-Grimming_c-Thomas-Sattler_Stift-Admont_7.jpg&quot;,&quot;type&quot;:&quot;image&quot;},{&quot;href&quot;:&quot;https:\\\/\\\/stiftadmont.at\\\/wp-content\\\/uploads\\\/Pfarre-St.-Martin-am-Grimming_c-Thomas-Sattler_Stift-Admont_1.jpg&quot;,&quot;type&quot;:&quot;image&quot;},{&quot;href&quot;:&quot;https:\\\/\\\/stiftadmont.at\\\/wp-content\\\/uploads\\\/Pfarre-St.-Martin-am-Grimming_c-Thomas-Sattler_Stift-Admont_2.jpg&quot;,&quot;type&quot;:&quot;image&quot;}]); initImageSliderBlockAnim($el);\">\n    <div class=\"image-slider__inner\">\n\n        <div class=\"swiper-container\" x-init=\"initImageSliderBlock($el, $refs.btnPrev, $refs.btnNext)\">\n            <div class=\"swiper-wrapper\">\n                                    <div class=\"swiper-slide\">\n                        <div class=\"image-slider__media\">\n                            <img decoding=\"async\" class=\"image-slider__image\"\n                                 src=\"https:\/\/stiftadmont.at\/wp-content\/uploads\/Pfarre-St.-Martin-am-Grimming_c-Thomas-Sattler_Stift-Admont_3-768x512.jpg\"\n                                 alt=\"Pfarre St. Martin am Grimming c Thomas Sattler Stift Admont 3\">\n                        <\/div>\n                    <\/div>\n                                    <div class=\"swiper-slide\">\n                        <div class=\"image-slider__media\">\n                            <img decoding=\"async\" class=\"image-slider__image\"\n                                 src=\"https:\/\/stiftadmont.at\/wp-content\/uploads\/Pfarre-St.-Martin-am-Grimming_c-Thomas-Sattler_Stift-Admont_4-768x512.jpg\"\n                                 alt=\"Pfarre St. Martin am Grimming c Thomas Sattler Stift Admont 4\">\n                        <\/div>\n                    <\/div>\n                                    <div class=\"swiper-slide\">\n                        <div class=\"image-slider__media\">\n                            <img decoding=\"async\" class=\"image-slider__image\"\n                                 src=\"https:\/\/stiftadmont.at\/wp-content\/uploads\/Pfarre-St.-Martin-am-Grimming_c-Thomas-Sattler_Stift-Admont_5-768x512.jpg\"\n                                 alt=\"Pfarre St. Martin am Grimming c Thomas Sattler Stift Admont 5\">\n                        <\/div>\n                    <\/div>\n                                    <div class=\"swiper-slide\">\n                        <div class=\"image-slider__media\">\n                            <img decoding=\"async\" class=\"image-slider__image\"\n                                 src=\"https:\/\/stiftadmont.at\/wp-content\/uploads\/Pfarre-St.-Martin-am-Grimming_c-Thomas-Sattler_Stift-Admont_6-1-768x512.jpg\"\n                                 alt=\"Pfarre St. Martin am Grimming c Thomas Sattler Stift Admont 6\">\n                        <\/div>\n                    <\/div>\n                                    <div class=\"swiper-slide\">\n                        <div class=\"image-slider__media\">\n                            <img decoding=\"async\" class=\"image-slider__image\" src=\"https:\/\/stiftadmont.at\/wp-content\/uploads\/Pfarre-St.-Martin-am-Grimming_c-Thomas-Sattler_Stift-Admont_7.jpg\" alt=\"Pfarre St. Martin am Grimming c Thomas Sattler Stift Admont 7\" \/>\n                        <\/div>\n                    <\/div>\n                                    <div class=\"swiper-slide\">\n                        <div class=\"image-slider__media\">\n                            <img decoding=\"async\" class=\"image-slider__image\" src=\"https:\/\/stiftadmont.at\/wp-content\/uploads\/Pfarre-St.-Martin-am-Grimming_c-Thomas-Sattler_Stift-Admont_1.jpg\" alt=\"Pfarre St. Martin am Grimming c Thomas Sattler Stift Admont 1\" \/>\n                        <\/div>\n                    <\/div>\n                                    <div class=\"swiper-slide\">\n                        <div class=\"image-slider__media\">\n                            <img decoding=\"async\" class=\"image-slider__image\"\n                                 src=\"https:\/\/stiftadmont.at\/wp-content\/uploads\/Pfarre-St.-Martin-am-Grimming_c-Thomas-Sattler_Stift-Admont_2-768x512.jpg\"\n                                 alt=\"Pfarre St. Martin am Grimming c Thomas Sattler Stift Admont 2\">\n                        <\/div>\n                    <\/div>\n                            <\/div>\n\n            <div class=\"swiper-nav-wrapper\">\n                <button class=\"swiper-button-prev slider-button--prev\" x-ref=\"btnPrev\"\n                        aria-label=\"Vorige Bilder anzeigen\">\n                    <img decoding=\"async\" src=\"\/wp-content\/themes\/stift-admont\/src\/assets\/img\/arrow-left-big-new.svg\" alt=\"Pfeil nach Links\">\n                <\/button>\n\n\n                <a class=\"image-slider__gallery\" @click=\"openGallery(gallery)\"><i class=\"fa-thin fa-plus\"><\/i><\/a>\n                <button class=\"swiper-button-next slider-button--next\"\n                        x-ref=\"btnNext\"\n                        aria-label=\"N\u00e4chste Bilder anzeigen\">\n                    <img decoding=\"async\" src=\"\/wp-content\/themes\/stift-admont\/src\/assets\/img\/arrow-right-big-new.svg\" alt=\"Pfeil nach Rechts\">\n                <\/button>\n            <\/div>\n        <\/div>\n    <\/div>\n\n\n<\/div><\/section>","protected":false},"excerpt":{"rendered":"","protected":false},"author":7,"featured_media":0,"parent":13905,"menu_order":0,"comment_status":"closed","ping_status":"closed","template":"","meta":{"_acf_changed":false,"footnotes":""},"categories":[],"class_list":["post-34131","page","type-page","status-publish","hentry"],"acf":[],"yoast_head":"<!-- This site is optimized with the Yoast SEO Premium plugin v26.0 (Yoast SEO v26.8) - https:\/\/yoast.com\/product\/yoast-seo-premium-wordpress\/ -->\n<title>Die Pfarre St. Martin am Grimming - Stift Admont<\/title>\n<meta name=\"robots\" content=\"index, follow, max-snippet:-1, max-image-preview:large, max-video-preview:-1\" \/>\n<link rel=\"canonical\" href=\"https:\/\/stiftadmont.at\/sl\/zupnije\/st-martin-am-grimming\/\" \/>\n<meta property=\"og:locale\" content=\"sl_SI\" \/>\n<meta property=\"og:type\" content=\"article\" \/>\n<meta property=\"og:title\" content=\"Die Pfarre St. Martin am Grimming\" \/>\n<meta property=\"og:url\" content=\"https:\/\/stiftadmont.at\/sl\/zupnije\/st-martin-am-grimming\/\" \/>\n<meta property=\"og:site_name\" content=\"Stift Admont\" \/>\n<meta property=\"article:modified_time\" content=\"2025-03-27T08:05:41+00:00\" \/>\n<meta property=\"og:image\" content=\"https:\/\/stiftadmont.at\/wp-content\/uploads\/Klosteranlage-innen.jpg\" \/>\n\t<meta property=\"og:image:width\" content=\"1912\" \/>\n\t<meta property=\"og:image:height\" content=\"1188\" \/>\n\t<meta property=\"og:image:type\" content=\"image\/jpeg\" \/>\n<meta name=\"twitter:card\" content=\"summary_large_image\" \/>\n<script type=\"application\/ld+json\" class=\"yoast-schema-graph\">{\"@context\":\"https:\/\/schema.org\",\"@graph\":[{\"@type\":\"WebPage\",\"@id\":\"https:\/\/stiftadmont.at\/pfarren\/st-martin-am-grimming\/\",\"url\":\"https:\/\/stiftadmont.at\/pfarren\/st-martin-am-grimming\/\",\"name\":\"Die Pfarre St. Martin am Grimming - Stift Admont\",\"isPartOf\":{\"@id\":\"https:\/\/stiftadmont.at\/#website\"},\"datePublished\":\"2025-03-27T07:48:47+00:00\",\"dateModified\":\"2025-03-27T08:05:41+00:00\",\"breadcrumb\":{\"@id\":\"https:\/\/stiftadmont.at\/pfarren\/st-martin-am-grimming\/#breadcrumb\"},\"inLanguage\":\"sl-SI\",\"potentialAction\":[{\"@type\":\"ReadAction\",\"target\":[\"https:\/\/stiftadmont.at\/pfarren\/st-martin-am-grimming\/\"]}]},{\"@type\":\"BreadcrumbList\",\"@id\":\"https:\/\/stiftadmont.at\/pfarren\/st-martin-am-grimming\/#breadcrumb\",\"itemListElement\":[{\"@type\":\"ListItem\",\"position\":1,\"name\":\"Start\",\"item\":\"https:\/\/stiftadmont.at\/\"},{\"@type\":\"ListItem\",\"position\":2,\"name\":\"Pfarren\",\"item\":\"https:\/\/stiftadmont.at\/pfarren\/\"},{\"@type\":\"ListItem\",\"position\":3,\"name\":\"Die Pfarre St. Martin am Grimming\"}]},{\"@type\":\"WebSite\",\"@id\":\"https:\/\/stiftadmont.at\/#website\",\"url\":\"https:\/\/stiftadmont.at\/\",\"name\":\"Stift Admont\",\"description\":\"Benediktinerkloster und Sehensw\u00fcrdigkeit im Ges\u00e4use\",\"potentialAction\":[{\"@type\":\"SearchAction\",\"target\":{\"@type\":\"EntryPoint\",\"urlTemplate\":\"https:\/\/stiftadmont.at\/?s={search_term_string}\"},\"query-input\":{\"@type\":\"PropertyValueSpecification\",\"valueRequired\":true,\"valueName\":\"search_term_string\"}}],\"inLanguage\":\"sl-SI\"}]}<\/script>\n<!-- \/ Yoast SEO Premium plugin. -->","yoast_head_json":{"title":"\u017dupnija St. Martin am Grimming - opatija Admont","robots":{"index":"index","follow":"follow","max-snippet":"max-snippet:-1","max-image-preview":"max-image-preview:large","max-video-preview":"max-video-preview:-1"},"canonical":"https:\/\/stiftadmont.at\/sl\/zupnije\/st-martin-am-grimming\/","og_locale":"sl_SI","og_type":"article","og_title":"Die Pfarre St. Martin am Grimming","og_url":"https:\/\/stiftadmont.at\/sl\/zupnije\/st-martin-am-grimming\/","og_site_name":"Stift Admont","article_modified_time":"2025-03-27T08:05:41+00:00","og_image":[{"width":1912,"height":1188,"url":"https:\/\/stiftadmont.at\/wp-content\/uploads\/Klosteranlage-innen.jpg","type":"image\/jpeg"}],"twitter_card":"summary_large_image","schema":{"@context":"https:\/\/schema.org","@graph":[{"@type":"WebPage","@id":"https:\/\/stiftadmont.at\/pfarren\/st-martin-am-grimming\/","url":"https:\/\/stiftadmont.at\/pfarren\/st-martin-am-grimming\/","name":"\u017dupnija St. Martin am Grimming - opatija Admont","isPartOf":{"@id":"https:\/\/stiftadmont.at\/#website"},"datePublished":"2025-03-27T07:48:47+00:00","dateModified":"2025-03-27T08:05:41+00:00","breadcrumb":{"@id":"https:\/\/stiftadmont.at\/pfarren\/st-martin-am-grimming\/#breadcrumb"},"inLanguage":"sl-SI","potentialAction":[{"@type":"ReadAction","target":["https:\/\/stiftadmont.at\/pfarren\/st-martin-am-grimming\/"]}]},{"@type":"BreadcrumbList","@id":"https:\/\/stiftadmont.at\/pfarren\/st-martin-am-grimming\/#breadcrumb","itemListElement":[{"@type":"ListItem","position":1,"name":"Start","item":"https:\/\/stiftadmont.at\/"},{"@type":"ListItem","position":2,"name":"Pfarren","item":"https:\/\/stiftadmont.at\/pfarren\/"},{"@type":"ListItem","position":3,"name":"Die Pfarre St. Martin am Grimming"}]},{"@type":"WebSite","@id":"https:\/\/stiftadmont.at\/#website","url":"https:\/\/stiftadmont.at\/","name":"Opatija Admont","description":"Benediktinski samostan in turisti\u010dna znamenitost v Ges\u00e4use","potentialAction":[{"@type":"SearchAction","target":{"@type":"EntryPoint","urlTemplate":"https:\/\/stiftadmont.at\/?s={search_term_string}"},"query-input":{"@type":"PropertyValueSpecification","valueRequired":true,"valueName":"search_term_string"}}],"inLanguage":"sl-SI"}]}},"_links":{"self":[{"href":"https:\/\/stiftadmont.at\/sl\/wp-json\/wp\/v2\/pages\/34131","targetHints":{"allow":["GET"]}}],"collection":[{"href":"https:\/\/stiftadmont.at\/sl\/wp-json\/wp\/v2\/pages"}],"about":[{"href":"https:\/\/stiftadmont.at\/sl\/wp-json\/wp\/v2\/types\/page"}],"author":[{"embeddable":true,"href":"https:\/\/stiftadmont.at\/sl\/wp-json\/wp\/v2\/users\/7"}],"replies":[{"embeddable":true,"href":"https:\/\/stiftadmont.at\/sl\/wp-json\/wp\/v2\/comments?post=34131"}],"version-history":[{"count":5,"href":"https:\/\/stiftadmont.at\/sl\/wp-json\/wp\/v2\/pages\/34131\/revisions"}],"predecessor-version":[{"id":34144,"href":"https:\/\/stiftadmont.at\/sl\/wp-json\/wp\/v2\/pages\/34131\/revisions\/34144"}],"up":[{"embeddable":true,"href":"https:\/\/stiftadmont.at\/sl\/wp-json\/wp\/v2\/pages\/13905"}],"wp:attachment":[{"href":"https:\/\/stiftadmont.at\/sl\/wp-json\/wp\/v2\/media?parent=34131"}],"wp:term":[{"taxonomy":"category","embeddable":true,"href":"https:\/\/stiftadmont.at\/sl\/wp-json\/wp\/v2\/categories?post=34131"}],"curies":[{"name":"wp","href":"https:\/\/api.w.org\/{rel}","templated":true}]}}