{"id":34157,"date":"2025-03-27T11:05:17","date_gmt":"2025-03-27T09:05:17","guid":{"rendered":"https:\/\/stiftadmont.at\/?page_id=34157"},"modified":"2026-02-09T10:41:11","modified_gmt":"2026-02-09T08:41:11","slug":"zgodovina","status":"publish","type":"page","link":"https:\/\/stiftadmont.at\/sl\/pfarren\/pfarre-frauenberg-an-der-enns\/geschichte\/","title":{"rendered":"Zgodovina in umetnost"},"content":{"rendered":"<section id='lightpress__section--block_4052376a19ca3f763e119a3372987aea' class='align-center lightpress__section--default-section-space lightpress__section lightpress__section--headline'><div class=\"headline__container\">\n            <h2 class=\"headline text--40 text-medium line line--gold line-above line-middle\">Zgodovina in umetnost<\/h2>\n        <p class=\"text-center text-gold text--20 text-medium text--uppercase\">Tukaj boste na\u0161li informacije o zgodovini na\u0161e \u017eupnije<\/p>\n        <div class=\"spacer--40\"><\/div>\n<\/div>\n\n<\/section>\n\n<section id='lightpress__section--block_dcce53a393dadec1e7569502abec01ee' class='lightpress__section--default-section-space lightpress__section lightpress__section--content'><div class=\"content__inner\"\n         x-init=\"initContentBlockAnim($el)\">\n        \n    <div class=\"content__grid content__grid--fifty-fifty\">\n                                            <div class=\"content__box content__box\"\n                 style=\"\">\n                                \n                \n                                            <div class=\"prose\"><p>Pribli\u017eno 6 km zahodno od Admonta se na levem bregu reke Enns dviga gozdnata gora, na katere najvi\u0161ji to\u010dki, 130 metrov nad dnom doline, stoji \u017eupnijska in romarska cerkev Frauenberg, ki je vidna \u017ee od dale\u010d. \"Kulm-Berg\" je bil zgodaj v lasti benediktinskega samostana Admont, ki je bil ustanovljen leta 1074. Za\u010detki marijanskega romanja so v veliki meri zaviti v zgodovino. Staro izro\u010dilo, ki je bilo pisno zapisano \u0161ele v 17. stoletju, opisuje njegove za\u010detke: spomladi leta 1404, ko je reka Enns ponovno poplavila, je na svojih vodah odnesla izrezljan lesen kip Device Marije, ki se je ujel v podrastje ob vzno\u017eju Kulma. Naslednji ve\u010der, v soboto pred drugo nedeljo po veliki no\u010di, so kip na\u0161li zaradi svetlobnega pojava. Opat in \u010dlani samostana Admont so kip odnesli v kolegijsko cerkev, vendar je naslednji dan izginil in so ga spet na\u0161li ob vzno\u017eju Kulma. To se je ponovilo \u0161e drugi\u010d in tretji\u010d, tako da so ga imeli za bo\u017eje znamenje. Opat Hartnid Gleusser iz Admonta je za Marijin kip na vrhu gore Kulm najprej zgradil leseno kapelo, ki pa se je kmalu izkazala za premajhno, zato so jo nadomestili z ve\u010djo kamnito cerkvijo.<\/p>\n<p>\u00a0<\/p>\n<p>Leta 1410 je bila cerkev na Kulmu prvi\u010d omenjena v dokumentu, ko je bil polo\u017een temeljni kamen za novo gotsko stavbo. Leta 1420 se prvi\u010d pojavi ime Unser Frawnperg. Leta 1423 je opat Georg Lueger pri romarski cerkvi ustanovil bratov\u0161\u010dino Corpus Christi, katere pevski zbor je bil dokon\u010dan in posve\u010den tega leta. V prvi polovici 15. stoletja je cerkev pod vodstvom opata Andreasa von Stettheima prenovil lavantinski \u0161kof Theobald Schweinpeck in jo 5. avgusta 1447 ponovno posvetil, pri \u010demer je dolo\u010dil tudi zavetnika: Marije v templju, ki se ga spominjamo 21. novembra). Kot mojster gradnje prve gotske stavbe je naveden Niklas Velbacher, glavni gradbenik gradbene lo\u017ee Admont. V okviru marijanske pobo\u017enosti se je kmalu za\u010del pritok romarjev, nakar so poro\u010dali tudi o \u010dude\u017eih. \u017dupnija Frauenberg je dokumentirana \u017ee v 16. stoletju. Od takrat zanjo skrbijo benediktinski menihi iz Admonta.<\/p>\n<\/div>\n                    \n                            <\/div>\n        \n                                                    <div class=\"content__box content__box--2\"\n                     >\n                                        \n                    \n                                                <div class=\"content__media stickyTo\" x-init=\"imageSticky($el)\">\n\n                                                                                    <picture\n                                    class=\"content__image sticky\">\n                                <source srcset=\"https:\/\/stiftadmont.at\/wp-content\/uploads\/Frauenberg_an_der_Enns_Dioezese-Graz-Seckau_Harry-Schiffer1.webp\" type=\"image\/webp\">\n                                <source srcset=\"https:\/\/stiftadmont.at\/wp-content\/uploads\/Frauenberg_an_der_Enns_Dioezese-Graz-Seckau_Harry-Schiffer1.jpg\" type=\"image\/jpeg\">\n                                <img decoding=\"async\" class=\"sticky\" loading=\"lazy\" src=\"https:\/\/stiftadmont.at\/wp-content\/uploads\/Frauenberg_an_der_Enns_Dioezese-Graz-Seckau_Harry-Schiffer1.jpg\" alt=\"Frauenberg an der Enns \u0160kofija Gradec Seckau Harry Schiffer1\" \/>\n\n                                                                                                                            <\/picture>\n\n                        <\/div>\n\n                                    <\/div>\n            \n            <\/div>\n<\/div>\n\n<\/section>\n\n<section id='lightpress__section--block_ac408a7bfec243879ace78fe25c932c3' class='bg--beige lightpress__section--colored-bg lightpress__section--default-section-space lightpress__section lightpress__section--content'><div class=\"content__inner\"\n         x-init=\"initContentBlockAnim($el)\">\n        \n    <div class=\"content__grid content__grid--fifty-fifty\">\n                                            <div class=\"content__box content__box\"\n                 style=\"\">\n                                \n                \n                                        <div class=\"content__media stickyTo\" x-init=\"imageSticky($el)\">\n\n                                                                                                <picture\n                                class=\"content__image sticky\">\n                            <source srcset=\"https:\/\/stiftadmont.at\/wp-content\/uploads\/Ardning_c-Christian-Scheucher_TVGesaeuse_10.jpg\"\n                                    type=\"image\/webp\">\n                            <source srcset=\"https:\/\/stiftadmont.at\/wp-content\/uploads\/Ardning_c-Christian-Scheucher_TVGesaeuse_10.jpg\"\n                                    type=\"image\/jpeg\">\n                            <img decoding=\"async\" loading=\"lazy\" src=\"https:\/\/stiftadmont.at\/wp-content\/uploads\/Ardning_c-Christian-Scheucher_TVGesaeuse_10.jpg\" alt=\"Ardning c Christian Scheucher TVGesaeuse 10\" width=\"600\" height=\"450\" \/>\n                                                                                                            <\/picture>\n\n                    <\/div>\n\n                            <\/div>\n        \n                                                    <div class=\"content__box content__box--2\"\n                     >\n                                        \n                    \n                                                    <div class=\"prose\"><p>\u00a0<\/p>\n<p>Revitalizacijo romarske cerkve v Frauenbergu v \u010dasu protireformacije so spremljala obse\u017ena gradbena dela. Zgrajena sta bila nov glavni oltar (1648), ki ga je izdelal Christoph Paumgartner (danes omara glavnega oltarja), in \u017eupni\u0161\u010de (v romarski trgovini so bila odkrita okna stavbe iz leta 1640). Po letu 1682 je bila ladja raz\u0161irjena v baro\u010dnem slogu, \u017eupni\u0161\u010de je bilo precej pove\u010dano, postavljen pa je bil tudi stolp. Pod opati Urbanom Webrom in Adalbertom Heufflerjem von Rasen in Hohenb\u00fchel je romarski kraj v veliki meri dobil dana\u0161njo podobo. Prenovljena cerkvena stavba je bila posve\u010dena 2. julija 1687. V tem \u010dasu je svojo sedanjo podobo dobil tudi grajski \u017eupni\u0161\u010de: V notranjosti so razko\u0161no opremljene sobe, od katerih nekatere slu\u017eijo kot stanovanje duhovnika (superiorja).<\/p>\n<p>\u00a0<\/p>\n<p>Opat Antonius II. von Mainersberg je dal zgraditi dva vzhodna stolpa, leta 1719 je kupil nov zvon, leta 1724 pa je zgradil veliko romarsko preno\u010di\u0161\u010de (dana\u0161nji zdravstveni dom Caritas). Opatijski kipar Josef Stammel je leta 1740 izdelal nov milostni oltar. Najve\u010dji razcvet je romarski kraj do\u017eivel v 18. stoletju, ko so letno na\u0161teli do 60.000 romarjev.<\/p>\n<p>\u00a0<\/p>\n<p>V \u010dasu jo\u017eefinizma romarske cerkve ni bilo treba zapreti kot mnoge druge, saj je slu\u017eila tudi kot \u017eupnijska cerkev. Leta 1865 so nekatere \u010dlanice samostana Admont za\u010dasno \u017eivele v \u017eupni\u0161\u010du, saj je bil samostan v po\u017earu mo\u010dno po\u0161kodovan in je postal neprimeren za bivanje. V \u010dasu nacionalsocializma je bilo romanje odpovedano. Skupina iz ro\u017eni\u0161kega osebja se je nameravala preseliti v faro kot svoje prostore.<\/p>\n<p>\u00a0<\/p>\n<p>Po koncu vojne so se romanja na Frauenberg ponovno za\u010dela. Cerkev je bila obnovljena pod vodstvom admontskega opata Bonifaza Z\u00f6lsa. Leta 1968 so \u017eupni\u0161\u010de preuredili v izobra\u017eevalni center, ki so ga morali leta 1996 zaradi gradbenih napak zapreti. Nato so pod vodstvom opata Benedikta Schl\u00f6micherja v skladu z zgodovinskimi vidiki temeljito obnovili \u017eupni\u0161\u010de. V pritli\u010dju sta bila zgrajena romarska trgovina in \u017eupnijsko tajni\u0161tvo.<\/p>\n<p>\u00a0<\/p>\n<p>\u00a0<\/p>\n<p><span data-mce-type=\"bookmark\" style=\"display: inline-block; width: 0px; overflow: hidden; line-height: 0;\" class=\"mce_SELRES_start\"><\/span><\/p>\n<\/div>\n                        \n                                    <\/div>\n            \n            <\/div>\n<\/div>\n\n    <div class=\"background__container background__container--beige\">\n    <\/div>\n\n<\/section>\n\n<section id='lightpress__section--block_5edfd3407f86951c9aa43b7759f8c994' class='lightpress__section--default-section-space lightpress__section lightpress__section--content'><div class=\"content__inner\"\n         x-init=\"initContentBlockAnim($el)\">\n        \n    <div class=\"content__grid content__grid--fifty-fifty\">\n                                            <div class=\"content__box content__box\"\n                 style=\"\">\n                                \n                \n                                            <div class=\"prose\"><p>Od januarja 2013 do decembra 2014 je bila notranjost cerkve temeljito obnovljena po naro\u010dilu opata benediktinske opatije Admont v \u010dasu slu\u017ebovanja p. Winfrieda Schwaba. Skupni prora\u010dun je zna\u0161al 3 milijone evrov. Med drugim je bil name\u0161\u010den talni sonar, ki je razkril znani, a ne to\u010dno locirani duhovnikov grob pred pri\u017enico. Poleg oltarjev, fresk in klopi so bile obnovljene tudi baro\u010dne orgle. Ponovno odprtje cerkve je 7. decembra 2014 obhajal \u0161kof gra\u0161ko-\u0161ale\u0161ke \u0161kofije Egon Kapellari. Mandat sedanjega predstojnika in \u017eupnika v Frauenbergu, p. Maximiliana Schieferm\u00fcllerja, se je za\u010del septembra 2015. \u017dupnija Frauenberg zdaj tvori \u017eupnijsko zdru\u017eenje z \u017eupnijo Ardning in \u017eupnijo Hall bei Admont. Leta 2016, v svetem letu usmiljenja, so bila v Frauenbergu odprta sveta vrata, obstoje\u010demu petdelnemu zvoniku pa so bili dodani trije zvonovi. V okolici cerkve so bila izvedena se\u010dnja, na \"vrtu pripro\u0161nje\" je bila zgrajena nova Marijina kapela, obnovljeni pa so bili tudi nekateri prostori v baro\u010dnem \u017eupni\u0161\u010du. Od aprila do oktobra 2018 je bila cerkev dele\u017ena temeljite zunanje prenove, s katero je bila obnovljena baro\u010dna, kremno obarvana fasada. Dela so se zaklju\u010dila s posvetitvijo \"lin\u0161kega zvona\", ki ga je posvetil opat iz Admonta.<\/p>\n<p>\u00a0<\/p>\n<p>Potres 20. januarja 2021 z magnitudo 4,5 in epicentrom v neposredni bli\u017eini cerkve je povzro\u010dil \u0161kodo na \u017eupni\u0161\u010du; razbita so bila okna in nekaj stropnih poslikav je po\u010dilo.<\/p>\n<p>\u00a0<\/p>\n<p>Leta 2021 so notranjost cerkve obogatili z novim oltarjem za praznovanja in ambo. Ta sta nadomestila prej\u0161nje za\u010dasne strukture. Oba objekta je izdelal kamnose\u0161ki mojster Gerhard Fraundorfer, mojster Marijine katedrale v Linzu. Uporabljen je bil \u010drn, \u0161panski apnenec, ki se harmoni\u010dno zliva z notranjostjo in v svoji zasnovi povzema oblike prostora. Opat Gerhard Hafner je 21. novembra 2021 blagoslovil oltar in ambo.<\/p>\n<\/div>\n                    \n                            <\/div>\n        \n                                                    <div class=\"content__box content__box--2\"\n                     >\n                                        \n                    \n                                                <div class=\"content__media stickyTo\" x-init=\"imageSticky($el)\">\n\n                                                                                    <picture\n                                    class=\"content__image sticky\">\n                                <source srcset=\"https:\/\/stiftadmont.at\/wp-content\/uploads\/Ardning_c-Christian-Scheucher_TVGesaeuse_9.webp\" type=\"image\/webp\">\n                                <source srcset=\"https:\/\/stiftadmont.at\/wp-content\/uploads\/Ardning_c-Christian-Scheucher_TVGesaeuse_9.jpg\" type=\"image\/jpeg\">\n                                <img decoding=\"async\" class=\"sticky\" loading=\"lazy\" src=\"https:\/\/stiftadmont.at\/wp-content\/uploads\/Ardning_c-Christian-Scheucher_TVGesaeuse_9.jpg\" alt=\"Ardning c Christian Scheucher TVGesaeuse 9\" \/>\n\n                                                                                                                            <\/picture>\n\n                        <\/div>\n\n                                    <\/div>\n            \n            <\/div>\n<\/div>\n\n<\/section>","protected":false},"excerpt":{"rendered":"","protected":false},"author":7,"featured_media":0,"parent":33544,"menu_order":0,"comment_status":"closed","ping_status":"closed","template":"","meta":{"_acf_changed":false,"footnotes":""},"categories":[],"class_list":["post-34157","page","type-page","status-publish","hentry"],"acf":[],"yoast_head":"<!-- This site is optimized with the Yoast SEO Premium plugin v26.0 (Yoast SEO v26.8) - https:\/\/yoast.com\/product\/yoast-seo-premium-wordpress\/ -->\n<title>Geschichte und Kunst - Stift Admont<\/title>\n<meta name=\"robots\" content=\"index, follow, max-snippet:-1, max-image-preview:large, max-video-preview:-1\" \/>\n<link rel=\"canonical\" href=\"https:\/\/stiftadmont.at\/sl\/zupnije\/zupnija-frauenberg-an-der-enns\/zgodovina\/\" \/>\n<meta property=\"og:locale\" content=\"sl_SI\" \/>\n<meta property=\"og:type\" content=\"article\" \/>\n<meta property=\"og:title\" content=\"Geschichte und Kunst\" \/>\n<meta property=\"og:url\" content=\"https:\/\/stiftadmont.at\/sl\/zupnije\/zupnija-frauenberg-an-der-enns\/zgodovina\/\" \/>\n<meta property=\"og:site_name\" content=\"Stift Admont\" \/>\n<meta property=\"article:modified_time\" content=\"2026-02-09T08:41:11+00:00\" \/>\n<meta property=\"og:image\" content=\"https:\/\/stiftadmont.at\/wp-content\/uploads\/Klosteranlage-innen.jpg\" \/>\n\t<meta property=\"og:image:width\" content=\"1912\" \/>\n\t<meta property=\"og:image:height\" content=\"1188\" \/>\n\t<meta property=\"og:image:type\" content=\"image\/jpeg\" \/>\n<meta name=\"twitter:card\" content=\"summary_large_image\" \/>\n<script type=\"application\/ld+json\" class=\"yoast-schema-graph\">{\"@context\":\"https:\/\/schema.org\",\"@graph\":[{\"@type\":\"WebPage\",\"@id\":\"https:\/\/stiftadmont.at\/pfarren\/pfarre-frauenberg-an-der-enns\/geschichte\/\",\"url\":\"https:\/\/stiftadmont.at\/pfarren\/pfarre-frauenberg-an-der-enns\/geschichte\/\",\"name\":\"Geschichte und Kunst - Stift Admont\",\"isPartOf\":{\"@id\":\"https:\/\/stiftadmont.at\/#website\"},\"datePublished\":\"2025-03-27T09:05:17+00:00\",\"dateModified\":\"2026-02-09T08:41:11+00:00\",\"breadcrumb\":{\"@id\":\"https:\/\/stiftadmont.at\/pfarren\/pfarre-frauenberg-an-der-enns\/geschichte\/#breadcrumb\"},\"inLanguage\":\"sl-SI\",\"potentialAction\":[{\"@type\":\"ReadAction\",\"target\":[\"https:\/\/stiftadmont.at\/pfarren\/pfarre-frauenberg-an-der-enns\/geschichte\/\"]}]},{\"@type\":\"BreadcrumbList\",\"@id\":\"https:\/\/stiftadmont.at\/pfarren\/pfarre-frauenberg-an-der-enns\/geschichte\/#breadcrumb\",\"itemListElement\":[{\"@type\":\"ListItem\",\"position\":1,\"name\":\"Start\",\"item\":\"https:\/\/stiftadmont.at\/\"},{\"@type\":\"ListItem\",\"position\":2,\"name\":\"Pfarren\",\"item\":\"https:\/\/stiftadmont.at\/pfarren\/\"},{\"@type\":\"ListItem\",\"position\":3,\"name\":\"Pfarre Frauenberg an der Enns\",\"item\":\"https:\/\/stiftadmont.at\/pfarren\/pfarre-frauenberg-an-der-enns\/\"},{\"@type\":\"ListItem\",\"position\":4,\"name\":\"Geschichte und Kunst\"}]},{\"@type\":\"WebSite\",\"@id\":\"https:\/\/stiftadmont.at\/#website\",\"url\":\"https:\/\/stiftadmont.at\/\",\"name\":\"Stift Admont\",\"description\":\"Benediktinerkloster und Sehensw\u00fcrdigkeit im Ges\u00e4use\",\"potentialAction\":[{\"@type\":\"SearchAction\",\"target\":{\"@type\":\"EntryPoint\",\"urlTemplate\":\"https:\/\/stiftadmont.at\/?s={search_term_string}\"},\"query-input\":{\"@type\":\"PropertyValueSpecification\",\"valueRequired\":true,\"valueName\":\"search_term_string\"}}],\"inLanguage\":\"sl-SI\"}]}<\/script>\n<!-- \/ Yoast SEO Premium plugin. -->","yoast_head_json":{"title":"Zgodovina in umetnost - opatija Admont","robots":{"index":"index","follow":"follow","max-snippet":"max-snippet:-1","max-image-preview":"max-image-preview:large","max-video-preview":"max-video-preview:-1"},"canonical":"https:\/\/stiftadmont.at\/sl\/zupnije\/zupnija-frauenberg-an-der-enns\/zgodovina\/","og_locale":"sl_SI","og_type":"article","og_title":"Geschichte und Kunst","og_url":"https:\/\/stiftadmont.at\/sl\/zupnije\/zupnija-frauenberg-an-der-enns\/zgodovina\/","og_site_name":"Stift Admont","article_modified_time":"2026-02-09T08:41:11+00:00","og_image":[{"width":1912,"height":1188,"url":"https:\/\/stiftadmont.at\/wp-content\/uploads\/Klosteranlage-innen.jpg","type":"image\/jpeg"}],"twitter_card":"summary_large_image","schema":{"@context":"https:\/\/schema.org","@graph":[{"@type":"WebPage","@id":"https:\/\/stiftadmont.at\/pfarren\/pfarre-frauenberg-an-der-enns\/geschichte\/","url":"https:\/\/stiftadmont.at\/pfarren\/pfarre-frauenberg-an-der-enns\/geschichte\/","name":"Zgodovina in umetnost - opatija Admont","isPartOf":{"@id":"https:\/\/stiftadmont.at\/#website"},"datePublished":"2025-03-27T09:05:17+00:00","dateModified":"2026-02-09T08:41:11+00:00","breadcrumb":{"@id":"https:\/\/stiftadmont.at\/pfarren\/pfarre-frauenberg-an-der-enns\/geschichte\/#breadcrumb"},"inLanguage":"sl-SI","potentialAction":[{"@type":"ReadAction","target":["https:\/\/stiftadmont.at\/pfarren\/pfarre-frauenberg-an-der-enns\/geschichte\/"]}]},{"@type":"BreadcrumbList","@id":"https:\/\/stiftadmont.at\/pfarren\/pfarre-frauenberg-an-der-enns\/geschichte\/#breadcrumb","itemListElement":[{"@type":"ListItem","position":1,"name":"Start","item":"https:\/\/stiftadmont.at\/"},{"@type":"ListItem","position":2,"name":"Pfarren","item":"https:\/\/stiftadmont.at\/pfarren\/"},{"@type":"ListItem","position":3,"name":"Pfarre Frauenberg an der Enns","item":"https:\/\/stiftadmont.at\/pfarren\/pfarre-frauenberg-an-der-enns\/"},{"@type":"ListItem","position":4,"name":"Geschichte und Kunst"}]},{"@type":"WebSite","@id":"https:\/\/stiftadmont.at\/#website","url":"https:\/\/stiftadmont.at\/","name":"Opatija Admont","description":"Benediktinski samostan in turisti\u010dna znamenitost v Ges\u00e4use","potentialAction":[{"@type":"SearchAction","target":{"@type":"EntryPoint","urlTemplate":"https:\/\/stiftadmont.at\/?s={search_term_string}"},"query-input":{"@type":"PropertyValueSpecification","valueRequired":true,"valueName":"search_term_string"}}],"inLanguage":"sl-SI"}]}},"_links":{"self":[{"href":"https:\/\/stiftadmont.at\/sl\/wp-json\/wp\/v2\/pages\/34157","targetHints":{"allow":["GET"]}}],"collection":[{"href":"https:\/\/stiftadmont.at\/sl\/wp-json\/wp\/v2\/pages"}],"about":[{"href":"https:\/\/stiftadmont.at\/sl\/wp-json\/wp\/v2\/types\/page"}],"author":[{"embeddable":true,"href":"https:\/\/stiftadmont.at\/sl\/wp-json\/wp\/v2\/users\/7"}],"replies":[{"embeddable":true,"href":"https:\/\/stiftadmont.at\/sl\/wp-json\/wp\/v2\/comments?post=34157"}],"version-history":[{"count":4,"href":"https:\/\/stiftadmont.at\/sl\/wp-json\/wp\/v2\/pages\/34157\/revisions"}],"predecessor-version":[{"id":39412,"href":"https:\/\/stiftadmont.at\/sl\/wp-json\/wp\/v2\/pages\/34157\/revisions\/39412"}],"up":[{"embeddable":true,"href":"https:\/\/stiftadmont.at\/sl\/wp-json\/wp\/v2\/pages\/33544"}],"wp:attachment":[{"href":"https:\/\/stiftadmont.at\/sl\/wp-json\/wp\/v2\/media?parent=34157"}],"wp:term":[{"taxonomy":"category","embeddable":true,"href":"https:\/\/stiftadmont.at\/sl\/wp-json\/wp\/v2\/categories?post=34157"}],"curies":[{"name":"wp","href":"https:\/\/api.w.org\/{rel}","templated":true}]}}