{"id":34163,"date":"2025-03-27T11:27:06","date_gmt":"2025-03-27T09:27:06","guid":{"rendered":"https:\/\/stiftadmont.at\/?page_id=34163"},"modified":"2025-03-27T11:32:33","modified_gmt":"2025-03-27T09:32:33","slug":"arhitekturna-oprema","status":"publish","type":"page","link":"https:\/\/stiftadmont.at\/sl\/pfarren\/pfarre-frauenberg-an-der-enns\/architektur-ausstattung\/","title":{"rendered":"Arhitektura in oprema"},"content":{"rendered":"<section id='lightpress__section--block_bab2fbbc4bf4047f9e1ffd14e9ee6077' class='align-center lightpress__section--default-section-space lightpress__section lightpress__section--headline'><div class=\"headline__container\">\n            <h2 class=\"headline text--40 text-medium line line--gold line-above line-middle\">Arhitektura in oprema \u017eupnijske cerkve Frauenberg an der Enns<\/h2>\n        <p class=\"text-center text-gold text--20 text-medium text--uppercase\">Tukaj boste na\u0161li nekaj informacij o na\u0161i cerkvi <\/p>\n        <div class=\"spacer--40\"><\/div>\n<\/div>\n\n<\/section>\n\n<section id='lightpress__section--block_44a64f8f5c34c41dd21fb1dee2fb3531' class='lightpress__section--default-section-space lightpress__section lightpress__section--content'><div class=\"content__inner\"\n         x-init=\"initContentBlockAnim($el)\">\n        \n    <div class=\"content__grid content__grid--fifty-fifty\">\n                                            <div class=\"content__box content__box\"\n                 style=\"\">\n                                \n                \n                                            <div class=\"prose\"><p>Od zunaj sta cerkev in \u017eupni\u0161\u010de videti kot ena sama podolgovata, 100 metrov dolga stavba. Na vzhodu se cerkev zaklju\u010duje z dvema \u010debulnima kupolama; presenetljiva baro\u010dna struktura zidov je oblo\u017eena s \u017elindro. V slogu bazilike je cerkev dvorana s \u0161tirimi stranskimi kapelami. Notranjost cerkve je okoli leta 1682 zasnoval Carlo Antonio Carlone, ki se je pri oblikovanju zgledoval po samostanskih cerkvah, ki jih je njegov o\u010de Pietro Francesco Carlone zasnoval za opatijo Garsten in opatijo Schlierbach.<\/p>\n<p>\u00a0<\/p>\n<p>Bogato \u0161tukaturo na sklepnikih sodov je izdelal Giovanni Battista Carlone. Antonio Maderni je ustvaril freske, ki zapolnjujejo odprte prostore sklepnika in prikazujejo postaje iz Marijinega \u017eivljenja. Na stenah kora in na stropu so freske Johanna Lederwascha (1794). Oprema z oltarji, pri\u017enico in spovednicami je ve\u010dinoma zgodnjebaro\u010dna. Martin Neuberg, samostanski mizar med letoma 1671 in 1714, je izdelal tristopenjski glavni oltar. Rezbarske figure so delo Josefa Stammla. V sredi\u0161\u010du glavnega oltarja je gotski kip Device Marije z Jezusom v naro\u010dju. To je dejanska \u010dude\u017ena podoba romarske cerkve. Kipa (delo Josefa Stammla) Marijinih star\u0161ev, Joahima in Ane, delujeta kot pomo\u017eni figuri. Glavni oltar je posejan z upodobitvami angelov in puttov, od katerih jih je veliko ustvaril Josef Stammel. Izjemna je baro\u010dna pri\u017enica na ju\u017eni strani prezbiterija z upodobitvami \u0161tirih evangelistov. V \u0161tirih stranskih kapelah so naslednji oltarji (s tematsko usklajenimi freskami v sklepnikih): Benedikta, oltar svetega Jo\u017eefa in oltar svetega Antona z oltarnimi slikami Fransa de Neveja.<\/p>\n<\/div>\n                    \n                            <\/div>\n        \n                                                    <div class=\"content__box content__box--2\"\n                     >\n                                        \n                    \n                                                <div class=\"content__media stickyTo\" x-init=\"imageSticky($el)\">\n\n                                                                                    <picture\n                                    class=\"content__image sticky\">\n                                <source srcset=\"https:\/\/stiftadmont.at\/wp-content\/uploads\/Frauenberg_an_der_Enns_Dioezese-Graz-Seckau_Harry-Schiffer1.webp\" type=\"image\/webp\">\n                                <source srcset=\"https:\/\/stiftadmont.at\/wp-content\/uploads\/Frauenberg_an_der_Enns_Dioezese-Graz-Seckau_Harry-Schiffer1.jpg\" type=\"image\/jpeg\">\n                                <img decoding=\"async\" class=\"sticky\" loading=\"lazy\" src=\"https:\/\/stiftadmont.at\/wp-content\/uploads\/Frauenberg_an_der_Enns_Dioezese-Graz-Seckau_Harry-Schiffer1.jpg\" alt=\"Frauenberg an der Enns \u0160kofija Gradec Seckau Harry Schiffer1\" \/>\n\n                                                                                                                            <\/picture>\n\n                        <\/div>\n\n                                    <\/div>\n            \n            <\/div>\n<\/div>\n\n<\/section>\n\n<section id='lightpress__section--block_5fc0b60d3ae139ab32d67a00a15ab690' class='lightpress__section--default-section-space lightpress__section lightpress__section--content'><div class=\"content__inner\"\n         x-init=\"initContentBlockAnim($el)\">\n        \n    <div class=\"content__grid content__grid\">\n                                            <div class=\"content__box content__box--one-hundred\"\n                 style=\"\">\n                                \n                \n                                            <div class=\"prose\"><\/div>\n                    \n                            <\/div>\n        \n            <\/div>\n<\/div>\n\n<\/section>\n\n<section id='lightpress__section--block_a4a4772a913845e30dc334c05d9a255e' class='lightpress__section--default-section-space lightpress__section lightpress__section--content'><div class=\"content__inner\"\n         x-init=\"initContentBlockAnim($el)\">\n        \n    <div class=\"content__grid content__grid--fifty-fifty\">\n                                            <div class=\"content__box content__box\"\n                 style=\"\">\n                                \n                \n                                        <div class=\"content__media stickyTo\" x-init=\"imageSticky($el)\">\n\n                                                                                                <picture\n                                class=\"content__image sticky\">\n                            <source srcset=\"https:\/\/stiftadmont.at\/wp-content\/uploads\/Ardning_c-Christian-Scheucher_TVGesaeuse_10.jpg\"\n                                    type=\"image\/webp\">\n                            <source srcset=\"https:\/\/stiftadmont.at\/wp-content\/uploads\/Ardning_c-Christian-Scheucher_TVGesaeuse_10.jpg\"\n                                    type=\"image\/jpeg\">\n                            <img decoding=\"async\" loading=\"lazy\" src=\"https:\/\/stiftadmont.at\/wp-content\/uploads\/Ardning_c-Christian-Scheucher_TVGesaeuse_10.jpg\" alt=\"Ardning c Christian Scheucher TVGesaeuse 10\" width=\"600\" height=\"450\" \/>\n                                                                                                            <\/picture>\n\n                    <\/div>\n\n                            <\/div>\n        \n                                                    <div class=\"content__box content__box--2\"\n                     >\n                                        \n                    \n                                                    <div class=\"prose\"><p><span style=\"font-family: open-sans, sans-serif; font-size: 20px;\">Madona romarica je nastala okoli leta 1410, v 19. stoletju pa je bila na novo naslikana. Je najstarej\u0161i kip v romarski cerkvi in je od prenove notranjosti cerkve spet na svojem prvotnem mestu za glavnim oltarjem. To je v skladu s staro tradicijo romanja v Frauenbergu, po kateri so romarji povabljeni, da obkro\u017eijo oltar. <\/span><\/p>\n<p>\u00a0<\/p>\n<p><span style=\"font-family: open-sans, sans-serif; font-size: 20px;\">Originalni Frauenbergov za\u0161\u010ditni pla\u0161\u010d Madone, ki je nastal okoli leta 1420\/30, se nahaja v de\u017eelnem muzeju Joanneum (Gradec). Kopija je razstavljena v kapeli za sve\u010de v romarski cerkvi. Rokokojske kipe svete Rozalije, svete Cecilije, svete Barbare in svete Katarine je izdelal Michael Z\u00fcrn mlaj\u0161i. Neobaro\u010dni sessio v prezbiteriju je ustvaril zgornjeavstrijski umetnik Ludwig Linzinger. Nastal je leta 1908 za \u017eupnijsko cerkev Bad Zell, leta 2018 pa je pre\u0161el v last \u017eupnijske cerkve Frauenberg.<\/span><\/p>\n<\/div>\n                        \n                                    <\/div>\n            \n            <\/div>\n<\/div>\n\n<\/section>","protected":false},"excerpt":{"rendered":"","protected":false},"author":7,"featured_media":0,"parent":33544,"menu_order":0,"comment_status":"closed","ping_status":"closed","template":"","meta":{"_acf_changed":false,"footnotes":""},"categories":[],"class_list":["post-34163","page","type-page","status-publish","hentry"],"acf":[],"yoast_head":"<!-- This site is optimized with the Yoast SEO Premium plugin v26.0 (Yoast SEO v26.8) - https:\/\/yoast.com\/product\/yoast-seo-premium-wordpress\/ -->\n<title>Architektur und Ausstattung - Stift Admont<\/title>\n<meta name=\"robots\" content=\"index, follow, max-snippet:-1, max-image-preview:large, max-video-preview:-1\" \/>\n<link rel=\"canonical\" href=\"https:\/\/stiftadmont.at\/sl\/zupnije\/zupnija-frauenberg-an-der-enns\/arhitekturna-oprema\/\" \/>\n<meta property=\"og:locale\" content=\"sl_SI\" \/>\n<meta property=\"og:type\" content=\"article\" \/>\n<meta property=\"og:title\" content=\"Architektur und Ausstattung\" \/>\n<meta property=\"og:url\" content=\"https:\/\/stiftadmont.at\/sl\/zupnije\/zupnija-frauenberg-an-der-enns\/arhitekturna-oprema\/\" \/>\n<meta property=\"og:site_name\" content=\"Stift Admont\" \/>\n<meta property=\"article:modified_time\" content=\"2025-03-27T09:32:33+00:00\" \/>\n<meta property=\"og:image\" content=\"https:\/\/stiftadmont.at\/wp-content\/uploads\/Klosteranlage-innen.jpg\" \/>\n\t<meta property=\"og:image:width\" content=\"1912\" \/>\n\t<meta property=\"og:image:height\" content=\"1188\" \/>\n\t<meta property=\"og:image:type\" content=\"image\/jpeg\" \/>\n<meta name=\"twitter:card\" content=\"summary_large_image\" \/>\n<script type=\"application\/ld+json\" class=\"yoast-schema-graph\">{\"@context\":\"https:\/\/schema.org\",\"@graph\":[{\"@type\":\"WebPage\",\"@id\":\"https:\/\/stiftadmont.at\/pfarren\/pfarre-frauenberg-an-der-enns\/architektur-ausstattung\/\",\"url\":\"https:\/\/stiftadmont.at\/pfarren\/pfarre-frauenberg-an-der-enns\/architektur-ausstattung\/\",\"name\":\"Architektur und Ausstattung - Stift Admont\",\"isPartOf\":{\"@id\":\"https:\/\/stiftadmont.at\/#website\"},\"datePublished\":\"2025-03-27T09:27:06+00:00\",\"dateModified\":\"2025-03-27T09:32:33+00:00\",\"breadcrumb\":{\"@id\":\"https:\/\/stiftadmont.at\/pfarren\/pfarre-frauenberg-an-der-enns\/architektur-ausstattung\/#breadcrumb\"},\"inLanguage\":\"sl-SI\",\"potentialAction\":[{\"@type\":\"ReadAction\",\"target\":[\"https:\/\/stiftadmont.at\/pfarren\/pfarre-frauenberg-an-der-enns\/architektur-ausstattung\/\"]}]},{\"@type\":\"BreadcrumbList\",\"@id\":\"https:\/\/stiftadmont.at\/pfarren\/pfarre-frauenberg-an-der-enns\/architektur-ausstattung\/#breadcrumb\",\"itemListElement\":[{\"@type\":\"ListItem\",\"position\":1,\"name\":\"Start\",\"item\":\"https:\/\/stiftadmont.at\/\"},{\"@type\":\"ListItem\",\"position\":2,\"name\":\"Pfarren\",\"item\":\"https:\/\/stiftadmont.at\/pfarren\/\"},{\"@type\":\"ListItem\",\"position\":3,\"name\":\"Pfarre Frauenberg an der Enns\",\"item\":\"https:\/\/stiftadmont.at\/pfarren\/pfarre-frauenberg-an-der-enns\/\"},{\"@type\":\"ListItem\",\"position\":4,\"name\":\"Architektur und Ausstattung\"}]},{\"@type\":\"WebSite\",\"@id\":\"https:\/\/stiftadmont.at\/#website\",\"url\":\"https:\/\/stiftadmont.at\/\",\"name\":\"Stift Admont\",\"description\":\"Benediktinerkloster und Sehensw\u00fcrdigkeit im Ges\u00e4use\",\"potentialAction\":[{\"@type\":\"SearchAction\",\"target\":{\"@type\":\"EntryPoint\",\"urlTemplate\":\"https:\/\/stiftadmont.at\/?s={search_term_string}\"},\"query-input\":{\"@type\":\"PropertyValueSpecification\",\"valueRequired\":true,\"valueName\":\"search_term_string\"}}],\"inLanguage\":\"sl-SI\"}]}<\/script>\n<!-- \/ Yoast SEO Premium plugin. -->","yoast_head_json":{"title":"Arhitektura in oprema - Opatija Admont","robots":{"index":"index","follow":"follow","max-snippet":"max-snippet:-1","max-image-preview":"max-image-preview:large","max-video-preview":"max-video-preview:-1"},"canonical":"https:\/\/stiftadmont.at\/sl\/zupnije\/zupnija-frauenberg-an-der-enns\/arhitekturna-oprema\/","og_locale":"sl_SI","og_type":"article","og_title":"Architektur und Ausstattung","og_url":"https:\/\/stiftadmont.at\/sl\/zupnije\/zupnija-frauenberg-an-der-enns\/arhitekturna-oprema\/","og_site_name":"Stift Admont","article_modified_time":"2025-03-27T09:32:33+00:00","og_image":[{"width":1912,"height":1188,"url":"https:\/\/stiftadmont.at\/wp-content\/uploads\/Klosteranlage-innen.jpg","type":"image\/jpeg"}],"twitter_card":"summary_large_image","schema":{"@context":"https:\/\/schema.org","@graph":[{"@type":"WebPage","@id":"https:\/\/stiftadmont.at\/pfarren\/pfarre-frauenberg-an-der-enns\/architektur-ausstattung\/","url":"https:\/\/stiftadmont.at\/pfarren\/pfarre-frauenberg-an-der-enns\/architektur-ausstattung\/","name":"Arhitektura in oprema - Opatija Admont","isPartOf":{"@id":"https:\/\/stiftadmont.at\/#website"},"datePublished":"2025-03-27T09:27:06+00:00","dateModified":"2025-03-27T09:32:33+00:00","breadcrumb":{"@id":"https:\/\/stiftadmont.at\/pfarren\/pfarre-frauenberg-an-der-enns\/architektur-ausstattung\/#breadcrumb"},"inLanguage":"sl-SI","potentialAction":[{"@type":"ReadAction","target":["https:\/\/stiftadmont.at\/pfarren\/pfarre-frauenberg-an-der-enns\/architektur-ausstattung\/"]}]},{"@type":"BreadcrumbList","@id":"https:\/\/stiftadmont.at\/pfarren\/pfarre-frauenberg-an-der-enns\/architektur-ausstattung\/#breadcrumb","itemListElement":[{"@type":"ListItem","position":1,"name":"Start","item":"https:\/\/stiftadmont.at\/"},{"@type":"ListItem","position":2,"name":"Pfarren","item":"https:\/\/stiftadmont.at\/pfarren\/"},{"@type":"ListItem","position":3,"name":"Pfarre Frauenberg an der Enns","item":"https:\/\/stiftadmont.at\/pfarren\/pfarre-frauenberg-an-der-enns\/"},{"@type":"ListItem","position":4,"name":"Architektur und Ausstattung"}]},{"@type":"WebSite","@id":"https:\/\/stiftadmont.at\/#website","url":"https:\/\/stiftadmont.at\/","name":"Opatija Admont","description":"Benediktinski samostan in turisti\u010dna znamenitost v Ges\u00e4use","potentialAction":[{"@type":"SearchAction","target":{"@type":"EntryPoint","urlTemplate":"https:\/\/stiftadmont.at\/?s={search_term_string}"},"query-input":{"@type":"PropertyValueSpecification","valueRequired":true,"valueName":"search_term_string"}}],"inLanguage":"sl-SI"}]}},"_links":{"self":[{"href":"https:\/\/stiftadmont.at\/sl\/wp-json\/wp\/v2\/pages\/34163","targetHints":{"allow":["GET"]}}],"collection":[{"href":"https:\/\/stiftadmont.at\/sl\/wp-json\/wp\/v2\/pages"}],"about":[{"href":"https:\/\/stiftadmont.at\/sl\/wp-json\/wp\/v2\/types\/page"}],"author":[{"embeddable":true,"href":"https:\/\/stiftadmont.at\/sl\/wp-json\/wp\/v2\/users\/7"}],"replies":[{"embeddable":true,"href":"https:\/\/stiftadmont.at\/sl\/wp-json\/wp\/v2\/comments?post=34163"}],"version-history":[{"count":4,"href":"https:\/\/stiftadmont.at\/sl\/wp-json\/wp\/v2\/pages\/34163\/revisions"}],"predecessor-version":[{"id":34167,"href":"https:\/\/stiftadmont.at\/sl\/wp-json\/wp\/v2\/pages\/34163\/revisions\/34167"}],"up":[{"embeddable":true,"href":"https:\/\/stiftadmont.at\/sl\/wp-json\/wp\/v2\/pages\/33544"}],"wp:attachment":[{"href":"https:\/\/stiftadmont.at\/sl\/wp-json\/wp\/v2\/media?parent=34163"}],"wp:term":[{"taxonomy":"category","embeddable":true,"href":"https:\/\/stiftadmont.at\/sl\/wp-json\/wp\/v2\/categories?post=34163"}],"curies":[{"name":"wp","href":"https:\/\/api.w.org\/{rel}","templated":true}]}}