{"id":36352,"date":"2025-07-15T10:01:00","date_gmt":"2025-07-15T08:01:00","guid":{"rendered":"https:\/\/stiftadmont.at\/?page_id=36352"},"modified":"2025-07-18T09:26:06","modified_gmt":"2025-07-18T07:26:06","slug":"arhiv-fundacija-revija-pax","status":"publish","type":"page","link":"https:\/\/stiftadmont.at\/sl\/archiv-stiftisches-magazin-pax\/","title":{"rendered":"Arhiv \"PAX Stift Admont\""},"content":{"rendered":"<section id='lightpress__section--block_6d80a94a26fc2e939a4ffa36d3de17d9' class='align-center lightpress__section--default-section-space lightpress__section lightpress__section--headline'><div class=\"headline__container\">\n            <h2 class=\"headline text--40 text-medium line line--gold line-above line-middle\">Arhiv revije fundacije \"PAX\" <\/h2>\n        <p class=\"text-center text-gold text--20 text-medium text--uppercase\">V na\u0161em digitalnem arhivu revij odkrijte najpomembnej\u0161e dogodke in dogajanja v zvezi z opatijo Admont.  <br \/>\r\n<br \/>\r\n\u010ce potrebujete razli\u010dico revije PAX v visoki lo\u010dljivosti (pribli\u017eno 150-200 MB), jo lahko zahtevate po e-po\u0161ti na naslovu presse@stiftadmont.at. Upamo, da jo boste z veseljem brali!<\/p>\n        <div class=\"spacer--40\"><\/div>\n<\/div>\n\n<\/section>\n\n<section id='lightpress__section--block_7f84c4fad91fe9d8c7541aa117ea51db' class='lightpress__section--more-links--950 lightpress__section--full-width lightpress__section--default-section-space lightpress__section lightpress__section--more-links'><div class=\"more\" x-init=\"initMoreLinksBlockAnim($el)\">\n            <style>\n            #lightpress__section--block_7f84c4fad91fe9d8c7541aa117ea51db .more {\n                --entry-width: calc(100% \/ 4 - var(--grid-gap) * 4);\n                grid-template-columns: repeat(auto-fit, minmax(max(var(--entry-width),50rem), 1fr));\n            }\n        <\/style>\n    \n                    <a class=\"more__link\" href=\"https:\/\/stiftadmont.at\/sl\/arhiv-fundacija-revija-pax\/izdatki-1996-2000\/\">\n            <div class=\"more__media\">\n                                    <picture class=\"more__image\">\n                        <source srcset=\"https:\/\/stiftadmont.at\/wp-content\/uploads\/Stiftskirche_Amtsuebernahme_AbtGerhard-c-Marcel-Peda9-1024x683.webp\" type=\"image\/webp\">\n                        <source srcset=\"https:\/\/stiftadmont.at\/wp-content\/uploads\/Stiftskirche_Amtsuebernahme_AbtGerhard-c-Marcel-Peda9-1024x683.jpg\" type=\"image\/jpeg\">\n                        <img decoding=\"async\" loading=\"lazy\" src=\"https:\/\/stiftadmont.at\/wp-content\/uploads\/Stiftskirche_Amtsuebernahme_AbtGerhard-c-Marcel-Peda9-1024x683.jpg\"\n                             alt=\"OpatGerhard c Marcel Peda9 skaliran\" >\n                    <\/picture>\n                            <\/div>\n            <div class=\"more__content\">\n                <div class=\"more__title--container\">\n                                            \n                                                                            \n                        <p class=\"text-bold text-white text--serif text--26\">Odhodki v letih 1996-2000<\/p>\n                                                            <\/div>\n                                    <div class=\"more__cta\">\n                        <i class=\"fa-thin fa-chevron-right\"><\/i>\n                    <\/div>\n                            <\/div>\n        <\/a>\n                    <a class=\"more__link\" href=\"https:\/\/stiftadmont.at\/sl\/arhiv-fundacija-revija-pax\/izdatki-2001-2005\/\">\n            <div class=\"more__media\">\n                                    <picture class=\"more__image\">\n                        <source srcset=\"https:\/\/stiftadmont.at\/wp-content\/uploads\/Stift-Admont-Panorama_c-Stift-Admont-1-1024x460.webp\" type=\"image\/webp\">\n                        <source srcset=\"https:\/\/stiftadmont.at\/wp-content\/uploads\/Stift-Admont-Panorama_c-Stift-Admont-1-1024x460.jpg\" type=\"image\/jpeg\">\n                        <img decoding=\"async\" loading=\"lazy\" src=\"https:\/\/stiftadmont.at\/wp-content\/uploads\/Stift-Admont-Panorama_c-Stift-Admont-1-1024x460.jpg\" alt=\"Benediktinska opatija Admont - panorama (c) Stefan Leitner\" \/>\n                    <\/picture>\n                            <\/div>\n            <div class=\"more__content\">\n                <div class=\"more__title--container\">\n                                            \n                                                                            \n                        <p class=\"text-bold text-white text--serif text--26\">Odhodki v letih 2001-2005<\/p>\n                                                            <\/div>\n                                    <div class=\"more__cta\">\n                        <i class=\"fa-thin fa-chevron-right\"><\/i>\n                    <\/div>\n                            <\/div>\n        <\/a>\n                    <a class=\"more__link\" href=\"https:\/\/stiftadmont.at\/sl\/arhiv-fundacija-revija-pax\/odhodki-2006-2010\/\">\n            <div class=\"more__media\">\n                                    <picture class=\"more__image\">\n                        <source srcset=\"https:\/\/stiftadmont.at\/wp-content\/uploads\/aussenaufnahmen_@Thomas-Sattler-5-1-e1648800169260-1024x683.webp\" type=\"image\/webp\">\n                        <source srcset=\"https:\/\/stiftadmont.at\/wp-content\/uploads\/aussenaufnahmen_@Thomas-Sattler-5-1-e1648800169260-1024x683.jpg\" type=\"image\/jpeg\">\n                        <img decoding=\"async\" loading=\"lazy\" src=\"https:\/\/stiftadmont.at\/wp-content\/uploads\/aussenaufnahmen_@Thomas-Sattler-5-1-e1648800169260-1024x683.jpg\" alt=\"zunanji posnetki @Thomas Sattler 5 1 e1648800169260\" \/>\n                    <\/picture>\n                            <\/div>\n            <div class=\"more__content\">\n                <div class=\"more__title--container\">\n                                            \n                                                                            \n                        <p class=\"text-bold text-white text--serif text--26\">Odhodki v letih 2006-2010 <\/p>\n                                                            <\/div>\n                                    <div class=\"more__cta\">\n                        <i class=\"fa-thin fa-chevron-right\"><\/i>\n                    <\/div>\n                            <\/div>\n        <\/a>\n                    <a class=\"more__link\" href=\"https:\/\/stiftadmont.at\/sl\/arhiv-fundacija-revija-pax\/odhodki-2011-2015\/\">\n            <div class=\"more__media\">\n                                    <picture class=\"more__image\">\n                        <source srcset=\"https:\/\/stiftadmont.at\/wp-content\/uploads\/aussenaufnahmen_@Thomas-Sattler-6-e1648757081233-1024x683.webp\" type=\"image\/webp\">\n                        <source srcset=\"https:\/\/stiftadmont.at\/wp-content\/uploads\/aussenaufnahmen_@Thomas-Sattler-6-e1648757081233-1024x683.jpg\" type=\"image\/jpeg\">\n                        <img decoding=\"async\" loading=\"lazy\" src=\"https:\/\/stiftadmont.at\/wp-content\/uploads\/aussenaufnahmen_@Thomas-Sattler-6-e1648757081233-1024x683.jpg\" alt=\"zunanji posnetki @Thomas Sattler 6 e1648757081233\" \/>\n                    <\/picture>\n                            <\/div>\n            <div class=\"more__content\">\n                <div class=\"more__title--container\">\n                                            \n                                                                            \n                        <p class=\"text-bold text-white text--serif text--26\">Odhodki za leta 2011-2015<\/p>\n                                                            <\/div>\n                                    <div class=\"more__cta\">\n                        <i class=\"fa-thin fa-chevron-right\"><\/i>\n                    <\/div>\n                            <\/div>\n        <\/a>\n                    <a class=\"more__link\" href=\"https:\/\/stiftadmont.at\/sl\/arhiv-fundacija-revija-pax\/2016-2020\/\">\n            <div class=\"more__media\">\n                                    <picture class=\"more__image\">\n                        <source srcset=\"https:\/\/stiftadmont.at\/wp-content\/uploads\/Amtsuebernahme_AbtGerhard-2-1024x683.webp\" type=\"image\/webp\">\n                        <source srcset=\"https:\/\/stiftadmont.at\/wp-content\/uploads\/Amtsuebernahme_AbtGerhard-2-1024x683.jpg\" type=\"image\/jpeg\">\n                        <img decoding=\"async\" loading=\"lazy\" src=\"https:\/\/stiftadmont.at\/wp-content\/uploads\/Amtsuebernahme_AbtGerhard-2-1024x683.jpg\" alt=\"Opat in babica (2)\" \/>\n                    <\/picture>\n                            <\/div>\n            <div class=\"more__content\">\n                <div class=\"more__title--container\">\n                                            \n                                                                            \n                        <p class=\"text-bold text-white text--serif text--26\">Odhodki za leta 2016-2020<\/p>\n                                                            <\/div>\n                                    <div class=\"more__cta\">\n                        <i class=\"fa-thin fa-chevron-right\"><\/i>\n                    <\/div>\n                            <\/div>\n        <\/a>\n                    <a class=\"more__link\" href=\"https:\/\/stiftadmont.at\/sl\/arhiv-fundacija-revija-pax\/2021-2025\/\">\n            <div class=\"more__media\">\n                                    <picture class=\"more__image\">\n                        <source srcset=\"https:\/\/stiftadmont.at\/wp-content\/uploads\/Sonderausstellung_Stift-Admont_c-Thomas_Sattler_2_2-1024x768.webp\" type=\"image\/webp\">\n                        <source srcset=\"https:\/\/stiftadmont.at\/wp-content\/uploads\/Sonderausstellung_Stift-Admont_c-Thomas_Sattler_2_2-1024x768.jpg\" type=\"image\/jpeg\">\n                        <img decoding=\"async\" loading=\"lazy\" src=\"https:\/\/stiftadmont.at\/wp-content\/uploads\/Sonderausstellung_Stift-Admont_c-Thomas_Sattler_2_2-1024x768.jpg\"\n                             alt=\"Posebna razstava Admont Abbey c Thomas Sattler\" >\n                    <\/picture>\n                            <\/div>\n            <div class=\"more__content\">\n                <div class=\"more__title--container\">\n                                            \n                                                                            \n                        <p class=\"text-bold text-white text--serif text--26\">Odhodki za leta 2021-2025<\/p>\n                                                            <\/div>\n                                    <div class=\"more__cta\">\n                        <i class=\"fa-thin fa-chevron-right\"><\/i>\n                    <\/div>\n                            <\/div>\n        <\/a>\n    \n<\/div>\n\n<\/section>","protected":false},"excerpt":{"rendered":"","protected":false},"author":7,"featured_media":12015,"parent":0,"menu_order":0,"comment_status":"closed","ping_status":"closed","template":"","meta":{"_acf_changed":false,"footnotes":""},"categories":[],"class_list":["post-36352","page","type-page","status-publish","has-post-thumbnail","hentry"],"acf":[],"yoast_head":"<!-- This site is optimized with the Yoast SEO Premium plugin v26.0 (Yoast SEO v26.8) - https:\/\/yoast.com\/product\/yoast-seo-premium-wordpress\/ -->\n<title>Archiv &quot;PAX Stift Admont&quot; - Stift Admont<\/title>\n<meta name=\"robots\" content=\"index, follow, max-snippet:-1, max-image-preview:large, max-video-preview:-1\" \/>\n<link rel=\"canonical\" href=\"https:\/\/stiftadmont.at\/sl\/arhiv-fundacija-revija-pax\/\" \/>\n<meta property=\"og:locale\" content=\"sl_SI\" \/>\n<meta property=\"og:type\" content=\"article\" \/>\n<meta property=\"og:title\" content=\"Archiv &quot;PAX Stift Admont&quot;\" \/>\n<meta property=\"og:url\" content=\"https:\/\/stiftadmont.at\/sl\/arhiv-fundacija-revija-pax\/\" \/>\n<meta property=\"og:site_name\" content=\"Stift Admont\" \/>\n<meta property=\"article:modified_time\" content=\"2025-07-18T07:26:06+00:00\" \/>\n<meta property=\"og:image\" content=\"https:\/\/stiftadmont.at\/wp-content\/uploads\/Stift-Admont-Panorama_c-Stift-Admont-1.jpg\" \/>\n\t<meta property=\"og:image:width\" content=\"1869\" \/>\n\t<meta property=\"og:image:height\" content=\"839\" \/>\n\t<meta property=\"og:image:type\" content=\"image\/jpeg\" \/>\n<meta name=\"twitter:card\" content=\"summary_large_image\" \/>\n<meta name=\"twitter:label1\" content=\"Est. reading time\" \/>\n\t<meta name=\"twitter:data1\" content=\"1 minuta\" \/>\n<script type=\"application\/ld+json\" class=\"yoast-schema-graph\">{\"@context\":\"https:\/\/schema.org\",\"@graph\":[{\"@type\":\"WebPage\",\"@id\":\"https:\/\/stiftadmont.at\/archiv-stiftisches-magazin-pax\/\",\"url\":\"https:\/\/stiftadmont.at\/archiv-stiftisches-magazin-pax\/\",\"name\":\"Archiv &quot;PAX Stift Admont&quot; - Stift Admont\",\"isPartOf\":{\"@id\":\"https:\/\/stiftadmont.at\/#website\"},\"primaryImageOfPage\":{\"@id\":\"https:\/\/stiftadmont.at\/archiv-stiftisches-magazin-pax\/#primaryimage\"},\"image\":{\"@id\":\"https:\/\/stiftadmont.at\/archiv-stiftisches-magazin-pax\/#primaryimage\"},\"thumbnailUrl\":\"https:\/\/stiftadmont.at\/wp-content\/uploads\/Stift-Admont-Panorama_c-Stift-Admont-1.jpg\",\"datePublished\":\"2025-07-15T08:01:00+00:00\",\"dateModified\":\"2025-07-18T07:26:06+00:00\",\"breadcrumb\":{\"@id\":\"https:\/\/stiftadmont.at\/archiv-stiftisches-magazin-pax\/#breadcrumb\"},\"inLanguage\":\"sl-SI\",\"potentialAction\":[{\"@type\":\"ReadAction\",\"target\":[\"https:\/\/stiftadmont.at\/archiv-stiftisches-magazin-pax\/\"]}]},{\"@type\":\"ImageObject\",\"inLanguage\":\"sl-SI\",\"@id\":\"https:\/\/stiftadmont.at\/archiv-stiftisches-magazin-pax\/#primaryimage\",\"url\":\"https:\/\/stiftadmont.at\/wp-content\/uploads\/Stift-Admont-Panorama_c-Stift-Admont-1.jpg\",\"contentUrl\":\"https:\/\/stiftadmont.at\/wp-content\/uploads\/Stift-Admont-Panorama_c-Stift-Admont-1.jpg\",\"width\":1869,\"height\":839,\"caption\":\"Benediktinerstift Admont - Panorama (c) Stefan Leitner\"},{\"@type\":\"BreadcrumbList\",\"@id\":\"https:\/\/stiftadmont.at\/archiv-stiftisches-magazin-pax\/#breadcrumb\",\"itemListElement\":[{\"@type\":\"ListItem\",\"position\":1,\"name\":\"Start\",\"item\":\"https:\/\/stiftadmont.at\/\"},{\"@type\":\"ListItem\",\"position\":2,\"name\":\"Archiv &quot;PAX Stift Admont&quot;\"}]},{\"@type\":\"WebSite\",\"@id\":\"https:\/\/stiftadmont.at\/#website\",\"url\":\"https:\/\/stiftadmont.at\/\",\"name\":\"Stift Admont\",\"description\":\"Benediktinerkloster und Sehensw\u00fcrdigkeit im Ges\u00e4use\",\"potentialAction\":[{\"@type\":\"SearchAction\",\"target\":{\"@type\":\"EntryPoint\",\"urlTemplate\":\"https:\/\/stiftadmont.at\/?s={search_term_string}\"},\"query-input\":{\"@type\":\"PropertyValueSpecification\",\"valueRequired\":true,\"valueName\":\"search_term_string\"}}],\"inLanguage\":\"sl-SI\"}]}<\/script>\n<!-- \/ Yoast SEO Premium plugin. -->","yoast_head_json":{"title":"Arhiv \"PAX Admont Abbey\" - Admont Abbey","robots":{"index":"index","follow":"follow","max-snippet":"max-snippet:-1","max-image-preview":"max-image-preview:large","max-video-preview":"max-video-preview:-1"},"canonical":"https:\/\/stiftadmont.at\/sl\/arhiv-fundacija-revija-pax\/","og_locale":"sl_SI","og_type":"article","og_title":"Archiv &quot;PAX Stift Admont&quot;","og_url":"https:\/\/stiftadmont.at\/sl\/arhiv-fundacija-revija-pax\/","og_site_name":"Stift Admont","article_modified_time":"2025-07-18T07:26:06+00:00","og_image":[{"width":1869,"height":839,"url":"https:\/\/stiftadmont.at\/wp-content\/uploads\/Stift-Admont-Panorama_c-Stift-Admont-1.jpg","type":"image\/jpeg"}],"twitter_card":"summary_large_image","twitter_misc":{"Est. reading time":"1 minuta"},"schema":{"@context":"https:\/\/schema.org","@graph":[{"@type":"WebPage","@id":"https:\/\/stiftadmont.at\/archiv-stiftisches-magazin-pax\/","url":"https:\/\/stiftadmont.at\/archiv-stiftisches-magazin-pax\/","name":"Arhiv \"PAX Admont Abbey\" - Admont Abbey","isPartOf":{"@id":"https:\/\/stiftadmont.at\/#website"},"primaryImageOfPage":{"@id":"https:\/\/stiftadmont.at\/archiv-stiftisches-magazin-pax\/#primaryimage"},"image":{"@id":"https:\/\/stiftadmont.at\/archiv-stiftisches-magazin-pax\/#primaryimage"},"thumbnailUrl":"https:\/\/stiftadmont.at\/wp-content\/uploads\/Stift-Admont-Panorama_c-Stift-Admont-1.jpg","datePublished":"2025-07-15T08:01:00+00:00","dateModified":"2025-07-18T07:26:06+00:00","breadcrumb":{"@id":"https:\/\/stiftadmont.at\/archiv-stiftisches-magazin-pax\/#breadcrumb"},"inLanguage":"sl-SI","potentialAction":[{"@type":"ReadAction","target":["https:\/\/stiftadmont.at\/archiv-stiftisches-magazin-pax\/"]}]},{"@type":"ImageObject","inLanguage":"sl-SI","@id":"https:\/\/stiftadmont.at\/archiv-stiftisches-magazin-pax\/#primaryimage","url":"https:\/\/stiftadmont.at\/wp-content\/uploads\/Stift-Admont-Panorama_c-Stift-Admont-1.jpg","contentUrl":"https:\/\/stiftadmont.at\/wp-content\/uploads\/Stift-Admont-Panorama_c-Stift-Admont-1.jpg","width":1869,"height":839,"caption":"Benediktinerstift Admont - Panorama (c) Stefan Leitner"},{"@type":"BreadcrumbList","@id":"https:\/\/stiftadmont.at\/archiv-stiftisches-magazin-pax\/#breadcrumb","itemListElement":[{"@type":"ListItem","position":1,"name":"Start","item":"https:\/\/stiftadmont.at\/"},{"@type":"ListItem","position":2,"name":"Archiv &quot;PAX Stift Admont&quot;"}]},{"@type":"WebSite","@id":"https:\/\/stiftadmont.at\/#website","url":"https:\/\/stiftadmont.at\/","name":"Opatija Admont","description":"Benediktinski samostan in turisti\u010dna znamenitost v Ges\u00e4use","potentialAction":[{"@type":"SearchAction","target":{"@type":"EntryPoint","urlTemplate":"https:\/\/stiftadmont.at\/?s={search_term_string}"},"query-input":{"@type":"PropertyValueSpecification","valueRequired":true,"valueName":"search_term_string"}}],"inLanguage":"sl-SI"}]}},"_links":{"self":[{"href":"https:\/\/stiftadmont.at\/sl\/wp-json\/wp\/v2\/pages\/36352","targetHints":{"allow":["GET"]}}],"collection":[{"href":"https:\/\/stiftadmont.at\/sl\/wp-json\/wp\/v2\/pages"}],"about":[{"href":"https:\/\/stiftadmont.at\/sl\/wp-json\/wp\/v2\/types\/page"}],"author":[{"embeddable":true,"href":"https:\/\/stiftadmont.at\/sl\/wp-json\/wp\/v2\/users\/7"}],"replies":[{"embeddable":true,"href":"https:\/\/stiftadmont.at\/sl\/wp-json\/wp\/v2\/comments?post=36352"}],"version-history":[{"count":14,"href":"https:\/\/stiftadmont.at\/sl\/wp-json\/wp\/v2\/pages\/36352\/revisions"}],"predecessor-version":[{"id":36820,"href":"https:\/\/stiftadmont.at\/sl\/wp-json\/wp\/v2\/pages\/36352\/revisions\/36820"}],"wp:featuredmedia":[{"embeddable":true,"href":"https:\/\/stiftadmont.at\/sl\/wp-json\/wp\/v2\/media\/12015"}],"wp:attachment":[{"href":"https:\/\/stiftadmont.at\/sl\/wp-json\/wp\/v2\/media?parent=36352"}],"wp:term":[{"taxonomy":"category","embeddable":true,"href":"https:\/\/stiftadmont.at\/sl\/wp-json\/wp\/v2\/categories?post=36352"}],"curies":[{"name":"wp","href":"https:\/\/api.w.org\/{rel}","templated":true}]}}