{"id":36685,"date":"2025-07-16T14:04:25","date_gmt":"2025-07-16T12:04:25","guid":{"rendered":"https:\/\/stiftadmont.at\/?page_id=36685"},"modified":"2025-07-18T09:40:02","modified_gmt":"2025-07-18T07:40:02","slug":"2011-2015","status":"publish","type":"page","link":"https:\/\/stiftadmont.at\/sl\/archiv-museumszeitungen\/2011-2015\/","title":{"rendered":"Muzejski \u010dasopisi 2011 - 2015"},"content":{"rendered":"<section id='lightpress__section--block_0de70e27f7cc971ecb8dfb154721bceb' class='align-center lightpress__section--default-section-space lightpress__section lightpress__section--headline'><div class=\"headline__container\">\n            <h2 class=\"headline text--40 text-medium line line--gold line-above line-middle\">Arhiv muzejskih \u010dasopisov iz let 2011-2015<\/h2>\n        <p class=\"text-center text-gold text--20 text-medium text--uppercase\">Potopite se v zgodovino na\u0161ega muzeja - odkrijte zanimivosti in razvoj digitalnega \u010dasopisnega arhiva.<br \/>\r\n<br \/>\r\n\u010ce potrebujete razli\u010dico muzejskega \u010dasopisa v visoki lo\u010dljivosti (pribli\u017eno 150-200 MB), jo lahko zahtevate po elektronski po\u0161ti na naslovu presse@stiftadmont.at. Upamo, da boste pri branju u\u017eivali!<\/p>\n        <div class=\"spacer--40\"><\/div>\n<\/div>\n\n<\/section>\n\n<section id='lightpress__section--block_7002d37e70014a8bb40ce89ab86469b1' class='lightpress__section--more-links--950 lightpress__section--full-width lightpress__section--default-section-space lightpress__section lightpress__section--more-links'><div class=\"more\" x-init=\"initMoreLinksBlockAnim($el)\">\n            <style>\n            #lightpress__section--block_7002d37e70014a8bb40ce89ab86469b1 .more {\n                --entry-width: calc(100% \/ 4 - var(--grid-gap) * 4);\n                grid-template-columns: repeat(auto-fit, minmax(max(var(--entry-width),50rem), 1fr));\n            }\n        <\/style>\n    \n                    <a class=\"more__link\" href=\"https:\/\/stiftadmont.at\/sl\/arhiv-muzej-casopisi\/izdaja-2011\/\">\n            <div class=\"more__media\">\n                                    <picture class=\"more__image\">\n                        <source srcset=\"https:\/\/stiftadmont.at\/wp-content\/uploads\/\u00a9Thomas-Sattler_Kinder-Bibliothek-1024x682.webp\" type=\"image\/webp\">\n                        <source srcset=\"https:\/\/stiftadmont.at\/wp-content\/uploads\/\u00a9Thomas-Sattler_Kinder-Bibliothek-1024x682.jpg\" type=\"image\/jpeg\">\n                        <img decoding=\"async\" loading=\"lazy\" src=\"https:\/\/stiftadmont.at\/wp-content\/uploads\/\u00a9Thomas-Sattler_Kinder-Bibliothek-1024x682.jpg\" alt=\"Otro\u0161ka knji\u017enica Thomasa Sattlerja\" \/>\n                    <\/picture>\n                            <\/div>\n            <div class=\"more__content\">\n                <div class=\"more__title--container\">\n                                            \n                                                                            \n                        <p class=\"text-bold text-white text--serif text--26\">izdaja 2011<\/p>\n                                                            <\/div>\n                                    <div class=\"more__cta\">\n                        <i class=\"fa-thin fa-chevron-right\"><\/i>\n                    <\/div>\n                            <\/div>\n        <\/a>\n                    <a class=\"more__link\" href=\"https:\/\/stiftadmont.at\/sl\/arhiv-muzej-casopisi\/izdaja-2012\/\">\n            <div class=\"more__media\">\n                                    <picture class=\"more__image\">\n                        <source srcset=\"https:\/\/stiftadmont.at\/wp-content\/uploads\/naturhistorisches_museum-853.webp\" type=\"image\/webp\">\n                        <source srcset=\"https:\/\/stiftadmont.at\/wp-content\/uploads\/naturhistorisches_museum-853.jpg\" type=\"image\/jpeg\">\n                        <img decoding=\"async\" loading=\"lazy\" src=\"https:\/\/stiftadmont.at\/wp-content\/uploads\/naturhistorisches_museum-853.jpg\" alt=\"naravoslovni muzej 853\" \/>\n                    <\/picture>\n                            <\/div>\n            <div class=\"more__content\">\n                <div class=\"more__title--container\">\n                                            \n                                                                            \n                        <p class=\"text-bold text-white text--serif text--26\">izdaja 2012<\/p>\n                                                            <\/div>\n                                    <div class=\"more__cta\">\n                        <i class=\"fa-thin fa-chevron-right\"><\/i>\n                    <\/div>\n                            <\/div>\n        <\/a>\n                    <a class=\"more__link\" href=\"https:\/\/stiftadmont.at\/sl\/arhiv-muzej-casopisi\/izdaja-2013\/\">\n            <div class=\"more__media\">\n                                    <picture class=\"more__image\">\n                        <source srcset=\"https:\/\/stiftadmont.at\/wp-content\/uploads\/Jubilaeumss-Ausstellung-2013-b_www-1024x766.webp\" type=\"image\/webp\">\n                        <source srcset=\"https:\/\/stiftadmont.at\/wp-content\/uploads\/Jubilaeumss-Ausstellung-2013-b_www-1024x766.jpg\" type=\"image\/jpeg\">\n                        <img decoding=\"async\" loading=\"lazy\" src=\"https:\/\/stiftadmont.at\/wp-content\/uploads\/Jubilaeumss-Ausstellung-2013-b_www-1024x766.jpg\" alt=\"Jubilejna razstava 2013 b www\" \/>\n                    <\/picture>\n                            <\/div>\n            <div class=\"more__content\">\n                <div class=\"more__title--container\">\n                                            \n                                                                            \n                        <p class=\"text-bold text-white text--serif text--26\">izdaja 2013<\/p>\n                                                            <\/div>\n                                    <div class=\"more__cta\">\n                        <i class=\"fa-thin fa-chevron-right\"><\/i>\n                    <\/div>\n                            <\/div>\n        <\/a>\n                    <a class=\"more__link\" href=\"https:\/\/stiftadmont.at\/sl\/arhiv-muzej-casopisi\/izdaja-2014\/\">\n            <div class=\"more__media\">\n                                    <picture class=\"more__image\">\n                        <source srcset=\"https:\/\/stiftadmont.at\/wp-content\/uploads\/Stiftsbibliothek_Admont_Marcel_Peda_1-1024x768.webp\" type=\"image\/webp\">\n                        <source srcset=\"https:\/\/stiftadmont.at\/wp-content\/uploads\/Stiftsbibliothek_Admont_Marcel_Peda_1-1024x768.jpg\" type=\"image\/jpeg\">\n                        <img decoding=\"async\" loading=\"lazy\" src=\"https:\/\/stiftadmont.at\/wp-content\/uploads\/Stiftsbibliothek_Admont_Marcel_Peda_1-1024x768.jpg\" alt=\"Knji\u017enica opatije Admont Marcel Peda 1\" \/>\n                    <\/picture>\n                            <\/div>\n            <div class=\"more__content\">\n                <div class=\"more__title--container\">\n                                            \n                                                                            \n                        <p class=\"text-bold text-white text--serif text--26\">Izdaja 2014<\/p>\n                                                            <\/div>\n                                    <div class=\"more__cta\">\n                        <i class=\"fa-thin fa-chevron-right\"><\/i>\n                    <\/div>\n                            <\/div>\n        <\/a>\n                    <a class=\"more__link\" href=\"https:\/\/stiftadmont.at\/sl\/arhiv-muzej-casopisi\/izdaja-2015\/\">\n            <div class=\"more__media\">\n                                    <picture class=\"more__image\">\n                        <source srcset=\"https:\/\/stiftadmont.at\/wp-content\/uploads\/Kuenstlerische-Intervention-Goetz-Bury-Galadiner-Made-for-Admont-2015_www-1024x683.webp\" type=\"image\/webp\">\n                        <source srcset=\"https:\/\/stiftadmont.at\/wp-content\/uploads\/Kuenstlerische-Intervention-Goetz-Bury-Galadiner-Made-for-Admont-2015_www-1024x683.jpg\" type=\"image\/jpeg\">\n                        <img decoding=\"async\" loading=\"lazy\" src=\"https:\/\/stiftadmont.at\/wp-content\/uploads\/Kuenstlerische-Intervention-Goetz-Bury-Galadiner-Made-for-Admont-2015_www-1024x683.jpg\" alt=\"Umetni\u0161ka intervencija Goetz Bury Gala ve\u010derja Made for Admont 2015 www\" \/>\n                    <\/picture>\n                            <\/div>\n            <div class=\"more__content\">\n                <div class=\"more__title--container\">\n                                            \n                                                                            \n                        <p class=\"text-bold text-white text--serif text--26\">Izdaja 2015<\/p>\n                                                            <\/div>\n                                    <div class=\"more__cta\">\n                        <i class=\"fa-thin fa-chevron-right\"><\/i>\n                    <\/div>\n                            <\/div>\n        <\/a>\n    \n<\/div>\n\n<\/section>","protected":false},"excerpt":{"rendered":"","protected":false},"author":7,"featured_media":0,"parent":36563,"menu_order":0,"comment_status":"closed","ping_status":"closed","template":"","meta":{"_acf_changed":false,"footnotes":""},"categories":[],"class_list":["post-36685","page","type-page","status-publish","hentry"],"acf":[],"yoast_head":"<!-- This site is optimized with the Yoast SEO Premium plugin v26.0 (Yoast SEO v26.8) - https:\/\/yoast.com\/product\/yoast-seo-premium-wordpress\/ -->\n<title>Museumszeitungen 2011 \u2013 2015 - Stift Admont<\/title>\n<meta name=\"robots\" content=\"index, follow, max-snippet:-1, max-image-preview:large, max-video-preview:-1\" \/>\n<link rel=\"canonical\" href=\"https:\/\/stiftadmont.at\/sl\/arhiv-muzej-casopisi\/2011-2015\/\" \/>\n<meta property=\"og:locale\" content=\"sl_SI\" \/>\n<meta property=\"og:type\" content=\"article\" \/>\n<meta property=\"og:title\" content=\"Museumszeitungen 2011 \u2013 2015\" \/>\n<meta property=\"og:url\" content=\"https:\/\/stiftadmont.at\/sl\/arhiv-muzej-casopisi\/2011-2015\/\" \/>\n<meta property=\"og:site_name\" content=\"Stift Admont\" \/>\n<meta property=\"article:modified_time\" content=\"2025-07-18T07:40:02+00:00\" \/>\n<meta property=\"og:image\" content=\"https:\/\/stiftadmont.at\/wp-content\/uploads\/Klosteranlage-innen.jpg\" \/>\n\t<meta property=\"og:image:width\" content=\"1912\" \/>\n\t<meta property=\"og:image:height\" content=\"1188\" \/>\n\t<meta property=\"og:image:type\" content=\"image\/jpeg\" \/>\n<meta name=\"twitter:card\" content=\"summary_large_image\" \/>\n<script type=\"application\/ld+json\" class=\"yoast-schema-graph\">{\"@context\":\"https:\/\/schema.org\",\"@graph\":[{\"@type\":\"WebPage\",\"@id\":\"https:\/\/stiftadmont.at\/archiv-museumszeitungen\/2011-2015\/\",\"url\":\"https:\/\/stiftadmont.at\/archiv-museumszeitungen\/2011-2015\/\",\"name\":\"Museumszeitungen 2011 \u2013 2015 - Stift Admont\",\"isPartOf\":{\"@id\":\"https:\/\/stiftadmont.at\/#website\"},\"datePublished\":\"2025-07-16T12:04:25+00:00\",\"dateModified\":\"2025-07-18T07:40:02+00:00\",\"breadcrumb\":{\"@id\":\"https:\/\/stiftadmont.at\/archiv-museumszeitungen\/2011-2015\/#breadcrumb\"},\"inLanguage\":\"sl-SI\",\"potentialAction\":[{\"@type\":\"ReadAction\",\"target\":[\"https:\/\/stiftadmont.at\/archiv-museumszeitungen\/2011-2015\/\"]}]},{\"@type\":\"BreadcrumbList\",\"@id\":\"https:\/\/stiftadmont.at\/archiv-museumszeitungen\/2011-2015\/#breadcrumb\",\"itemListElement\":[{\"@type\":\"ListItem\",\"position\":1,\"name\":\"Start\",\"item\":\"https:\/\/stiftadmont.at\/\"},{\"@type\":\"ListItem\",\"position\":2,\"name\":\"Archiv der Museumszeitungen des Stiftes Admont\",\"item\":\"https:\/\/stiftadmont.at\/archiv-museumszeitungen\/\"},{\"@type\":\"ListItem\",\"position\":3,\"name\":\"Museumszeitungen 2011 \u2013 2015\"}]},{\"@type\":\"WebSite\",\"@id\":\"https:\/\/stiftadmont.at\/#website\",\"url\":\"https:\/\/stiftadmont.at\/\",\"name\":\"Stift Admont\",\"description\":\"Benediktinerkloster und Sehensw\u00fcrdigkeit im Ges\u00e4use\",\"potentialAction\":[{\"@type\":\"SearchAction\",\"target\":{\"@type\":\"EntryPoint\",\"urlTemplate\":\"https:\/\/stiftadmont.at\/?s={search_term_string}\"},\"query-input\":{\"@type\":\"PropertyValueSpecification\",\"valueRequired\":true,\"valueName\":\"search_term_string\"}}],\"inLanguage\":\"sl-SI\"}]}<\/script>\n<!-- \/ Yoast SEO Premium plugin. -->","yoast_head_json":{"title":"Muzejski \u010dasopisi 2011 - 2015 - Admont Abbey","robots":{"index":"index","follow":"follow","max-snippet":"max-snippet:-1","max-image-preview":"max-image-preview:large","max-video-preview":"max-video-preview:-1"},"canonical":"https:\/\/stiftadmont.at\/sl\/arhiv-muzej-casopisi\/2011-2015\/","og_locale":"sl_SI","og_type":"article","og_title":"Museumszeitungen 2011 \u2013 2015","og_url":"https:\/\/stiftadmont.at\/sl\/arhiv-muzej-casopisi\/2011-2015\/","og_site_name":"Stift Admont","article_modified_time":"2025-07-18T07:40:02+00:00","og_image":[{"width":1912,"height":1188,"url":"https:\/\/stiftadmont.at\/wp-content\/uploads\/Klosteranlage-innen.jpg","type":"image\/jpeg"}],"twitter_card":"summary_large_image","schema":{"@context":"https:\/\/schema.org","@graph":[{"@type":"WebPage","@id":"https:\/\/stiftadmont.at\/archiv-museumszeitungen\/2011-2015\/","url":"https:\/\/stiftadmont.at\/archiv-museumszeitungen\/2011-2015\/","name":"Muzejski \u010dasopisi 2011 - 2015 - Admont Abbey","isPartOf":{"@id":"https:\/\/stiftadmont.at\/#website"},"datePublished":"2025-07-16T12:04:25+00:00","dateModified":"2025-07-18T07:40:02+00:00","breadcrumb":{"@id":"https:\/\/stiftadmont.at\/archiv-museumszeitungen\/2011-2015\/#breadcrumb"},"inLanguage":"sl-SI","potentialAction":[{"@type":"ReadAction","target":["https:\/\/stiftadmont.at\/archiv-museumszeitungen\/2011-2015\/"]}]},{"@type":"BreadcrumbList","@id":"https:\/\/stiftadmont.at\/archiv-museumszeitungen\/2011-2015\/#breadcrumb","itemListElement":[{"@type":"ListItem","position":1,"name":"Start","item":"https:\/\/stiftadmont.at\/"},{"@type":"ListItem","position":2,"name":"Archiv der Museumszeitungen des Stiftes Admont","item":"https:\/\/stiftadmont.at\/archiv-museumszeitungen\/"},{"@type":"ListItem","position":3,"name":"Museumszeitungen 2011 \u2013 2015"}]},{"@type":"WebSite","@id":"https:\/\/stiftadmont.at\/#website","url":"https:\/\/stiftadmont.at\/","name":"Opatija Admont","description":"Benediktinski samostan in turisti\u010dna znamenitost v Ges\u00e4use","potentialAction":[{"@type":"SearchAction","target":{"@type":"EntryPoint","urlTemplate":"https:\/\/stiftadmont.at\/?s={search_term_string}"},"query-input":{"@type":"PropertyValueSpecification","valueRequired":true,"valueName":"search_term_string"}}],"inLanguage":"sl-SI"}]}},"_links":{"self":[{"href":"https:\/\/stiftadmont.at\/sl\/wp-json\/wp\/v2\/pages\/36685","targetHints":{"allow":["GET"]}}],"collection":[{"href":"https:\/\/stiftadmont.at\/sl\/wp-json\/wp\/v2\/pages"}],"about":[{"href":"https:\/\/stiftadmont.at\/sl\/wp-json\/wp\/v2\/types\/page"}],"author":[{"embeddable":true,"href":"https:\/\/stiftadmont.at\/sl\/wp-json\/wp\/v2\/users\/7"}],"replies":[{"embeddable":true,"href":"https:\/\/stiftadmont.at\/sl\/wp-json\/wp\/v2\/comments?post=36685"}],"version-history":[{"count":8,"href":"https:\/\/stiftadmont.at\/sl\/wp-json\/wp\/v2\/pages\/36685\/revisions"}],"predecessor-version":[{"id":36830,"href":"https:\/\/stiftadmont.at\/sl\/wp-json\/wp\/v2\/pages\/36685\/revisions\/36830"}],"up":[{"embeddable":true,"href":"https:\/\/stiftadmont.at\/sl\/wp-json\/wp\/v2\/pages\/36563"}],"wp:attachment":[{"href":"https:\/\/stiftadmont.at\/sl\/wp-json\/wp\/v2\/media?parent=36685"}],"wp:term":[{"taxonomy":"category","embeddable":true,"href":"https:\/\/stiftadmont.at\/sl\/wp-json\/wp\/v2\/categories?post=36685"}],"curies":[{"name":"wp","href":"https:\/\/api.w.org\/{rel}","templated":true}]}}