{"id":3759,"date":"2021-07-27T08:38:46","date_gmt":"2021-07-27T06:38:46","guid":{"rendered":"https:\/\/stiftadmont.at\/?page_id=3759"},"modified":"2025-02-05T11:41:48","modified_gmt":"2025-02-05T09:41:48","slug":"literarna-pot","status":"publish","type":"page","link":"https:\/\/stiftadmont.at\/sl\/aussenanlagen\/literaturpfad\/","title":{"rendered":"Pot literature"},"content":{"rendered":"<section id='lightpress__section--block_2b6bc258f29bea1a3918121b01cf7b1d' class='lightpress__section--default-section-space lightpress__section lightpress__section--content'><div class=\"content__inner\"\n         x-init=\"initContentBlockAnim($el)\">\n        \n    <div class=\"content__grid content__grid--fifty-fifty\">\n                                            <div class=\"content__box content__box\"\n                 style=\"\">\n                                \n                \n                                            <div class=\"prose\"><h5 class=\"heading-m line line-above line--gold\">Prizori\u0161\u010de: opatija Admont<\/h5>\n<p>\u00a0<\/p>\n<p class=\"paragraph-m\">Pomembna srednjeve\u0161ka besedila so \u017eivo in inovativno predstavljena na osmih \u0161tajerskih lokacijah - ena od njih je v Admontu in obiskovalce popelje 500 metrov okoli gornje\u0161tajerskega samostana.<\/p>\n<\/div>\n                    \n                            <\/div>\n        \n                                                    <div class=\"content__box content__box--2\"\n                     >\n                                        \n                    \n                                                    <div class=\"prose\"><div class=\"info info--info\">\n<p>\u0160tajerske literarne poti srednjega veka<\/p>\n<p><a class=\"admont-button admont-button--secondary\" href=\"\/wp-content\/uploads\/StiftAdmont_Literaturpfad_Broschuere.pdf\">Bro\u0161ura<\/a><\/p>\n<\/div>\n<\/div>\n                        \n                                    <\/div>\n            \n            <\/div>\n<\/div>\n\n<\/section>\n\n<section id='lightpress__section--block_86511bbe41f2df694150bfe9facc3c05' class='bg--beige lightpress__section--colored-bg lightpress__section--default-section-space lightpress__section lightpress__section--content'><div class=\"content__inner\"\n         x-init=\"initContentBlockAnim($el)\">\n        \n    <div class=\"content__grid content__grid--fifty-fifty\">\n                                            <div class=\"content__box content__box\"\n                 style=\"\">\n                                \n                \n                                            <div class=\"prose\"><h5 class=\"heading-m line line-above line--gold\">3D predmeti<\/h5>\n<p>\u00a0<\/p>\n<p class=\"paragraph-m\">Na poti je pet spektakularnih 3D-objektov, na katerih je predstavljena klasi\u010dna medicinska literatura v nem\u0161kem jeziku iz srednjega veka, in sicer odlomki iz rokopisa Bartolomeja iz Admonta iz 15. stoletja.<\/p>\n<p>\u00a0<\/p>\n<p class=\"paragraph-m\">Projekt vodi prof. dr. Wernfried Hofmeister z In\u0161tituta za germanistiko Univerze v Gradcu. Hofmeister: \"Teh osem lokacij je bilo izbranih namenoma, saj so bila na teh mestih neko\u010d zbrana ali napisana srednjeve\u0161ka besedila. Samostani so bili od nekdaj kraji, kamor so se ljudje obra\u010dali, ko so bili v stiski!\"<\/p>\n<p>\u00a0<\/p>\n<p class=\"paragraph-m\">V knji\u017enici opatije Admont smo na\u0161li dragocenosti srednjeve\u0161ke zbirke medicinske literature, in sicer Bartolomeja iz Admonta.\"<\/p>\n<\/div>\n                    \n                            <\/div>\n        \n                                                    <div class=\"content__box content__box--2\"\n                     >\n                                        \n                    \n                                                    <div class=\"prose\"><h5 class=\"heading-m line line-above line--gold\">Postaje za pripovedovanje zgodb<\/h5>\n<p>\u00a0<\/p>\n<p class=\"paragraph-m\">Na dele tega srednjeve\u0161kega zaklada zdaj opozarja pot, po kateri se lahko sprehodite. Zdravilna besedila so na petih pripovednih postajah predstavljena na jasen in inovativen na\u010din. Koda QR na zadnji postaji, ki jo je mogo\u010de uporabiti za prejem zvo\u010dnega besedila, zagotavlja dodatno multimedijsko vrednost. Slike iz dragocenih rokopisov ponazarjajo Bartolomejeve nauke, kot so recepti za zdravljenje zobobola. Bartolomej je bil v srednjem veku prodajna uspe\u0161nica, njegova literatura pa je bila prakti\u010dno uporabna. Projektna skupina si je zdaj prizadevala, da bi bila \u0161irina njegovega medicinskega znanja razumljiva v literarni poti.<\/p>\n<p class=\"paragraph-m\">\u0160tajerske literarne poti z osmimi postajami tvorijo edinstveno mre\u017eo v Evropi in jih za naslednjih pet do deset let zagotavlja univerzitetno zdru\u017eenje \"\u0160tajerske literarne poti srednjega veka\".<\/p>\n<\/div>\n                        \n                                    <\/div>\n            \n            <\/div>\n<\/div>\n\n    <div class=\"background__container background__container--beige\">\n    <\/div>\n\n<\/section>\n\n<section id='lightpress__section--block_4cfeacc1f3792899472416860dfc1d90' class='lightpress__section--default-section-space lightpress__section lightpress__section--content'><div class=\"content__inner\"\n         x-init=\"initContentBlockAnim($el)\">\n        \n    <div class=\"content__grid content__grid\">\n                                            <div class=\"content__box content__box--one-hundred\"\n                 style=\"\">\n                                \n                \n                                            <div class=\"prose\"><h5 class=\"heading-m line line-above line--gold text-center\">Dodatne zunanje vsebine<\/h5>\n<p>\u00a0<\/p>\n<p class=\"paragraph-m text-center\">Ponudba na prostem v opatiji Admont in njeni okolici<\/p>\n<p>\u00a0<\/p>\n<p class=\"text-center\"><a class=\"admont-button admont-button--outline-gold\" href=\"\/sl\/zunanji-objekti\/\" rel=\"noopener\">ZUNANJA OPREMA<\/a><\/p>\n<\/div>\n                    \n                            <\/div>\n        \n            <\/div>\n<\/div>\n\n<\/section>\n\n<section id='lightpress__section--block_2f95fbf31f11e10b3a3c6436c17aa7ec' class='lightpress__section--more-links--950 lightpress__section--full-width lightpress__section--default-section-space lightpress__section lightpress__section--more-links'><div class=\"more\" x-init=\"initMoreLinksBlockAnim($el)\">\n            <style>\n            #lightpress__section--block_2f95fbf31f11e10b3a3c6436c17aa7ec .more {\n                --entry-width: calc(100% \/ 2 - var(--grid-gap) * 2);\n                grid-template-columns: repeat(auto-fit, minmax(max(var(--entry-width),50rem), 1fr));\n            }\n        <\/style>\n    \n                    <a class=\"more__link\" href=\"\/sl\/zunanji-objekti\/zeliscni-vrt\/\">\n            <div class=\"more__media\">\n                                    <picture class=\"more__image\">\n                        <source srcset=\"https:\/\/stiftadmont.at\/wp-content\/uploads\/Bildschirmfoto-2021-07-27-um-08.30.59-2-1024x674.webp\" type=\"image\/webp\">\n                        <source srcset=\"https:\/\/stiftadmont.at\/wp-content\/uploads\/Bildschirmfoto-2021-07-27-um-08.30.59-2-1024x674.jpg\" type=\"image\/jpeg\">\n                        <img decoding=\"async\" loading=\"lazy\" src=\"https:\/\/stiftadmont.at\/wp-content\/uploads\/Bildschirmfoto-2021-07-27-um-08.30.59-2-1024x674.png\" alt=\"Zeli\u0161\u010dni vrt 2021\" \/>\n                    <\/picture>\n                            <\/div>\n            <div class=\"more__content\">\n                <div class=\"more__title--container\">\n                                            \n                                                                            \n                        <p class=\"text-bold text-white text--serif text--40\">Zeli\u0161\u010dni vrt<\/p>\n                                                            <\/div>\n                                    <div class=\"more__cta\">\n                        <i class=\"fa-thin fa-chevron-right\"><\/i>\n                    <\/div>\n                            <\/div>\n        <\/a>\n                    <a class=\"more__link\" href=\"\/sl\/zunanji-objekti\/romarske-poti\/\">\n            <div class=\"more__media\">\n                                    <picture class=\"more__image\">\n                        <source srcset=\"https:\/\/stiftadmont.at\/wp-content\/uploads\/kaiblinggatterl637.webp\" type=\"image\/webp\">\n                        <source srcset=\"https:\/\/stiftadmont.at\/wp-content\/uploads\/kaiblinggatterl637.jpg\" type=\"image\/jpeg\">\n                        <img decoding=\"async\" loading=\"lazy\" src=\"https:\/\/stiftadmont.at\/wp-content\/uploads\/kaiblinggatterl637.jpg\" alt=\"Ko\u010da M\u00f6dlingerh\u00fctte\" \/>\n                    <\/picture>\n                            <\/div>\n            <div class=\"more__content\">\n                <div class=\"more__title--container\">\n                                            \n                                                                            \n                        <p class=\"text-bold text-white text--serif text--40\">Romarske poti<\/p>\n                                                            <\/div>\n                                    <div class=\"more__cta\">\n                        <i class=\"fa-thin fa-chevron-right\"><\/i>\n                    <\/div>\n                            <\/div>\n        <\/a>\n    \n<\/div>\n\n<\/section>","protected":false},"excerpt":{"rendered":"","protected":false},"author":7,"featured_media":0,"parent":484,"menu_order":2,"comment_status":"closed","ping_status":"closed","template":"","meta":{"_acf_changed":false,"footnotes":""},"categories":[],"class_list":["post-3759","page","type-page","status-publish","hentry"],"acf":[],"yoast_head":"<!-- This site is optimized with the Yoast SEO Premium plugin v26.0 (Yoast SEO v26.8) - https:\/\/yoast.com\/product\/yoast-seo-premium-wordpress\/ -->\n<title>Literaturpfad - Stift Admont<\/title>\n<meta name=\"robots\" content=\"index, follow, max-snippet:-1, max-image-preview:large, max-video-preview:-1\" \/>\n<link rel=\"canonical\" href=\"https:\/\/stiftadmont.at\/sl\/zunanji-objekti\/literarna-pot\/\" \/>\n<meta property=\"og:locale\" content=\"sl_SI\" \/>\n<meta property=\"og:type\" content=\"article\" \/>\n<meta property=\"og:title\" content=\"Literaturpfad\" \/>\n<meta property=\"og:url\" content=\"https:\/\/stiftadmont.at\/sl\/zunanji-objekti\/literarna-pot\/\" \/>\n<meta property=\"og:site_name\" content=\"Stift Admont\" \/>\n<meta property=\"article:modified_time\" content=\"2025-02-05T09:41:48+00:00\" \/>\n<meta property=\"og:image\" content=\"https:\/\/stiftadmont.at\/wp-content\/uploads\/Klosteranlage-innen.jpg\" \/>\n\t<meta property=\"og:image:width\" content=\"1912\" \/>\n\t<meta property=\"og:image:height\" content=\"1188\" \/>\n\t<meta property=\"og:image:type\" content=\"image\/jpeg\" \/>\n<meta name=\"twitter:card\" content=\"summary_large_image\" \/>\n<script type=\"application\/ld+json\" class=\"yoast-schema-graph\">{\"@context\":\"https:\/\/schema.org\",\"@graph\":[{\"@type\":\"WebPage\",\"@id\":\"https:\/\/stiftadmont.at\/aussenanlagen\/literaturpfad\/\",\"url\":\"https:\/\/stiftadmont.at\/aussenanlagen\/literaturpfad\/\",\"name\":\"Literaturpfad - Stift Admont\",\"isPartOf\":{\"@id\":\"https:\/\/stiftadmont.at\/#website\"},\"datePublished\":\"2021-07-27T06:38:46+00:00\",\"dateModified\":\"2025-02-05T09:41:48+00:00\",\"breadcrumb\":{\"@id\":\"https:\/\/stiftadmont.at\/aussenanlagen\/literaturpfad\/#breadcrumb\"},\"inLanguage\":\"sl-SI\",\"potentialAction\":[{\"@type\":\"ReadAction\",\"target\":[\"https:\/\/stiftadmont.at\/aussenanlagen\/literaturpfad\/\"]}]},{\"@type\":\"BreadcrumbList\",\"@id\":\"https:\/\/stiftadmont.at\/aussenanlagen\/literaturpfad\/#breadcrumb\",\"itemListElement\":[{\"@type\":\"ListItem\",\"position\":1,\"name\":\"Start\",\"item\":\"https:\/\/stiftadmont.at\/\"},{\"@type\":\"ListItem\",\"position\":2,\"name\":\"Au\u00dfenanlagen\",\"item\":\"https:\/\/stiftadmont.at\/aussenanlagen\/\"},{\"@type\":\"ListItem\",\"position\":3,\"name\":\"Literaturpfad\"}]},{\"@type\":\"WebSite\",\"@id\":\"https:\/\/stiftadmont.at\/#website\",\"url\":\"https:\/\/stiftadmont.at\/\",\"name\":\"Stift Admont\",\"description\":\"Benediktinerkloster und Sehensw\u00fcrdigkeit im Ges\u00e4use\",\"potentialAction\":[{\"@type\":\"SearchAction\",\"target\":{\"@type\":\"EntryPoint\",\"urlTemplate\":\"https:\/\/stiftadmont.at\/?s={search_term_string}\"},\"query-input\":{\"@type\":\"PropertyValueSpecification\",\"valueRequired\":true,\"valueName\":\"search_term_string\"}}],\"inLanguage\":\"sl-SI\"}]}<\/script>\n<!-- \/ Yoast SEO Premium plugin. -->","yoast_head_json":{"title":"Literarna pot - opatija Admont","robots":{"index":"index","follow":"follow","max-snippet":"max-snippet:-1","max-image-preview":"max-image-preview:large","max-video-preview":"max-video-preview:-1"},"canonical":"https:\/\/stiftadmont.at\/sl\/zunanji-objekti\/literarna-pot\/","og_locale":"sl_SI","og_type":"article","og_title":"Literaturpfad","og_url":"https:\/\/stiftadmont.at\/sl\/zunanji-objekti\/literarna-pot\/","og_site_name":"Stift Admont","article_modified_time":"2025-02-05T09:41:48+00:00","og_image":[{"width":1912,"height":1188,"url":"https:\/\/stiftadmont.at\/wp-content\/uploads\/Klosteranlage-innen.jpg","type":"image\/jpeg"}],"twitter_card":"summary_large_image","schema":{"@context":"https:\/\/schema.org","@graph":[{"@type":"WebPage","@id":"https:\/\/stiftadmont.at\/aussenanlagen\/literaturpfad\/","url":"https:\/\/stiftadmont.at\/aussenanlagen\/literaturpfad\/","name":"Literarna pot - opatija Admont","isPartOf":{"@id":"https:\/\/stiftadmont.at\/#website"},"datePublished":"2021-07-27T06:38:46+00:00","dateModified":"2025-02-05T09:41:48+00:00","breadcrumb":{"@id":"https:\/\/stiftadmont.at\/aussenanlagen\/literaturpfad\/#breadcrumb"},"inLanguage":"sl-SI","potentialAction":[{"@type":"ReadAction","target":["https:\/\/stiftadmont.at\/aussenanlagen\/literaturpfad\/"]}]},{"@type":"BreadcrumbList","@id":"https:\/\/stiftadmont.at\/aussenanlagen\/literaturpfad\/#breadcrumb","itemListElement":[{"@type":"ListItem","position":1,"name":"Start","item":"https:\/\/stiftadmont.at\/"},{"@type":"ListItem","position":2,"name":"Au\u00dfenanlagen","item":"https:\/\/stiftadmont.at\/aussenanlagen\/"},{"@type":"ListItem","position":3,"name":"Literaturpfad"}]},{"@type":"WebSite","@id":"https:\/\/stiftadmont.at\/#website","url":"https:\/\/stiftadmont.at\/","name":"Opatija Admont","description":"Benediktinski samostan in turisti\u010dna znamenitost v Ges\u00e4use","potentialAction":[{"@type":"SearchAction","target":{"@type":"EntryPoint","urlTemplate":"https:\/\/stiftadmont.at\/?s={search_term_string}"},"query-input":{"@type":"PropertyValueSpecification","valueRequired":true,"valueName":"search_term_string"}}],"inLanguage":"sl-SI"}]}},"_links":{"self":[{"href":"https:\/\/stiftadmont.at\/sl\/wp-json\/wp\/v2\/pages\/3759","targetHints":{"allow":["GET"]}}],"collection":[{"href":"https:\/\/stiftadmont.at\/sl\/wp-json\/wp\/v2\/pages"}],"about":[{"href":"https:\/\/stiftadmont.at\/sl\/wp-json\/wp\/v2\/types\/page"}],"author":[{"embeddable":true,"href":"https:\/\/stiftadmont.at\/sl\/wp-json\/wp\/v2\/users\/7"}],"replies":[{"embeddable":true,"href":"https:\/\/stiftadmont.at\/sl\/wp-json\/wp\/v2\/comments?post=3759"}],"version-history":[{"count":62,"href":"https:\/\/stiftadmont.at\/sl\/wp-json\/wp\/v2\/pages\/3759\/revisions"}],"predecessor-version":[{"id":32669,"href":"https:\/\/stiftadmont.at\/sl\/wp-json\/wp\/v2\/pages\/3759\/revisions\/32669"}],"up":[{"embeddable":true,"href":"https:\/\/stiftadmont.at\/sl\/wp-json\/wp\/v2\/pages\/484"}],"wp:attachment":[{"href":"https:\/\/stiftadmont.at\/sl\/wp-json\/wp\/v2\/media?parent=3759"}],"wp:term":[{"taxonomy":"category","embeddable":true,"href":"https:\/\/stiftadmont.at\/sl\/wp-json\/wp\/v2\/categories?post=3759"}],"curies":[{"name":"wp","href":"https:\/\/api.w.org\/{rel}","templated":true}]}}