{"id":3804,"date":"2021-07-27T08:56:02","date_gmt":"2021-07-27T06:56:02","guid":{"rendered":"https:\/\/stiftadmont.at\/?page_id=3804"},"modified":"2025-01-30T10:28:40","modified_gmt":"2025-01-30T08:28:40","slug":"romarske-poti","status":"publish","type":"page","link":"https:\/\/stiftadmont.at\/sl\/aussenanlagen\/pilgerwege\/","title":{"rendered":"Romarske poti"},"content":{"rendered":"<section id='lightpress__section--block_3149c650bf281511b677eaf98662b8a8' class='align-center lightpress__section--default-section-space lightpress__section lightpress__section--headline'><div class=\"headline__container\">\n            <h2 class=\"headline text--40 text-medium line line--gold line-above line-middle\">Najdalj\u0161e potovanje je potovanje k sebi.<\/h2>\n        <p class=\"text-center text-gold text--20 text-medium text--uppercase\">Na tej strani vam \u017eelimo predstaviti romarske poti, ki vodijo mimo opatije Admont ali se za\u010dnejo v njej.<\/p>\n        <div class=\"spacer--40\"><\/div>\n<\/div>\n\n<\/section>\n\n<section id='lightpress__section--block_670bae197bceffbcdab1b691586bc86c' class='lightpress__section--default-section-space lightpress__section lightpress__section--content'><div class=\"content__inner\"\n         x-init=\"initContentBlockAnim($el)\">\n        \n    <div class=\"content__grid content__grid--fifty-fifty\">\n                                            <div class=\"content__box content__box\"\n                 style=\"\">\n                                \n                \n                                            <div class=\"prose\"><h5 class=\"heading-m line line-above line--gold\">Romarska pot Hemma<\/h5>\n<p>\u00a0<\/p>\n<p class=\"paragraph-m\">Sveta Hemma se je rodila okoli leta 980 kot grofica Friesach-Zeltschach in ustanovila benediktinska samostana Gurk in Admont. Od opatije Admont vodi romarska pot do Gurka na Koro\u0161kem, kjer je sveti Hemma pokopan v katedralni kripti. Njeno \u010da\u0161\u010denje ima na Koro\u0161kem, \u0160tajerskem in v Sloveniji ve\u010dstoletno tradicijo. Rodila se je okoli leta 980 kot grofica Friesach-Zeltschach, med prebivalstvom pa je zaslovela zaradi svoje dobrodelnosti in \u010dlovekoljubja.<\/p>\n<\/div>\n                    \n                            <\/div>\n        \n                                                    <div class=\"content__box content__box--2\"\n                     >\n                                        \n                    \n                                                    <div class=\"prose\"><div class=\"info info--info\">\n<p>od Admonta do Gurka (186,6 km)<\/p>\n<p>Trajanje: 59 ur <br \/>Vi\u0161inski profil: 7077 \/ 7047 m <br \/>Te\u017eavnost: 3 \/ 5<\/p>\n<p><a class=\"admont-button admont-button--outline-gold\" href=\"http:\/\/www.pilgerwege-kaernten.at\" target=\"_blank\" rel=\"noopener\">PODROBNOSTI<\/a> <a class=\"admont-button admont-button--outline-gold\" href=\"\/wp-content\/uploads\/HemmaPilgerweg_3-4_WEB_gesamt.pdf\">BRO\u0160URA<\/a><\/p>\n<\/div>\n<\/div>\n                        \n                                    <\/div>\n            \n            <\/div>\n<\/div>\n\n<\/section>\n\n<section id='lightpress__section--block_f8daa6b74f6f87c713df15d7ff54b6b3' class='lightpress__section--default-section-space lightpress__section lightpress__section--content'><div class=\"content__inner\"\n         x-init=\"initContentBlockAnim($el)\">\n        \n    <div class=\"content__grid content__grid\">\n                                            <div class=\"content__box content__box--one-hundred\"\n                 style=\"\">\n                                \n                \n                                            <div class=\"prose\"><h5 class=\"heading-m line line-above line--gold\">Pot<\/h5>\n<p>\u00a0<\/p>\n<p class=\"paragraph-m\">Romarska pot je razdeljena na 7 etap, pri \u010demer si lahko vsak seveda sestavi svojo individualno pot. Na poti so \u0161tevilne znamenitosti, za obisk katerih si morate vzeti nekaj \u010dasa. Za\u010dne se pri opatiji Admont in njeni knji\u017enici, ki je najve\u010dja opatijska knji\u017enica na svetu. Eden najlep\u0161ih naravnih spektaklov na poti je zagotovo prehod \u010dez reko Niedere Tauern \u010dez Glattjoch z etapno kon\u010dno to\u010dko Oberw\u00f6lz, najmanj\u0161im mestom na \u0160tajerskem in zgodovinsko dragocenim mestnim sredi\u0161\u010dem, ki ga obdaja impozantno mestno obzidje.<\/p>\n<\/div>\n                    \n                            <\/div>\n        \n            <\/div>\n<\/div>\n\n<\/section>\n\n<section id='lightpress__section--block_1da8d18c6948fab04b1b70befe7a6b85' class='lightpress__section--default-section-space lightpress__section lightpress__section--content'><div class=\"content__inner\"\n         x-init=\"initContentBlockAnim($el)\">\n        \n    <div class=\"content__grid content__grid--fifty-fifty\">\n                                            <div class=\"content__box content__box\"\n                 style=\"\">\n                                \n                \n                                            <div class=\"prose\"><h5 class=\"heading-m line line-above line--gold\">Benediktweg<\/h5>\n<p>\u00a0<\/p>\n<p class=\"paragraph-m\">Benediktova pot je nastala ob 200-letnici ponovne naselitve opatije svetega Pavla v Lavanttalu leta 2009 in je poimenovana po ustanovitelju reda Benediktu iz Nursije. Pot vodi iz Spital am Pyhrn prek Admonta, Seckaua, Maria Buch, Wolfsberga, Svetega Pavla in Slovenj Gradca do Gornjega Grada v Sloveniji.<\/p>\n<\/div>\n                    \n                            <\/div>\n        \n                                                    <div class=\"content__box content__box--2\"\n                     >\n                                        \n                    \n                                                    <div class=\"prose\"><div class=\"info info--info\">\n<p>od Spital am Pyhrn do Gornjega Grada\/Slo. (126,1 km)<\/p>\n<p>Trajanje: 37 h 30 min <br \/>Profil nadmorske vi\u0161ine: 3227 \/ 3170 m <br \/>Te\u017eavnost: 2 \/ 5<\/p>\n<p><a class=\"admont-button admont-button--outline-gold\" href=\"https:\/\/www.pilgerwege-kaernten.at\/home\/\" target=\"_blank\" rel=\"noopener\">PODROBNOSTI<\/a> <a class=\"admont-button admont-button--outline-gold\" href=\"https:\/\/www.benedikt-bewegt.at\/\" target=\"_blank\" rel=\"noopener\">BENEDICT SE PREMIKA\u00a0<\/a><\/p>\n<\/div>\n<\/div>\n                        \n                                    <\/div>\n            \n            <\/div>\n<\/div>\n\n<\/section>\n\n<section id='lightpress__section--block_8c17ec234a0d25510e5aac293db766d2' class='lightpress__section--default-section-space lightpress__section lightpress__section--content'><div class=\"content__inner\"\n         x-init=\"initContentBlockAnim($el)\">\n        \n    <div class=\"content__grid content__grid\">\n                                            <div class=\"content__box content__box--one-hundred\"\n                 style=\"\">\n                                \n                \n                                            <div class=\"prose\"><h5 class=\"heading-m line line-above line--gold\">Pot<\/h5>\n<p>\u00a0<\/p>\n<p class=\"paragraph-m\">Odsek Benediktove poti na \u0160tajerskem nas popelje od opatije do opatije - od Admonta prek Seckaua do Koro\u0161ke. Slikovita vrhunca sta narodni park Ges\u00e4use in pre\u010dkanje Nizkih Tur. Bogata naravna do\u017eivetja dopolnjujejo tudi izmeni\u010dni ogledi naravnih in kulturnih znamenitosti ter majhnih mest.<\/p>\n<\/div>\n                    \n                            <\/div>\n        \n            <\/div>\n<\/div>\n\n<\/section>\n\n<section id='lightpress__section--block_596a5dc8cb11bf49f5b6f946851ac1f3' class='lightpress__section--default-section-space lightpress__section lightpress__section--content'><div class=\"content__inner\"\n         x-init=\"initContentBlockAnim($el)\">\n        \n    <div class=\"content__grid content__grid\">\n                                            <div class=\"content__box content__box--one-hundred\"\n                 style=\"\">\n                                \n                \n                                            <div class=\"prose\"><h5 class=\"heading-m line line-above line--gold text-center\">Dodatne zunanje vsebine\u00a0<\/h5>\n<p>\u00a0<\/p>\n<p class=\"paragraph-m text-center\">Ponudba na prostem v opatiji Admont in njeni okolici<\/p>\n<p class=\"text-center\"><a class=\"admont-button admont-button--outline-gold\" href=\"\/sl\/zunanji-objekti\/\">ZUNANJA OPREMA<\/a><\/p>\n<\/div>\n                    \n                            <\/div>\n        \n            <\/div>\n<\/div>\n\n<\/section>\n\n<section id='lightpress__section--block_8d0b9654ee9c08c5760659570e707731' class='lightpress__section--more-links--950 lightpress__section--full-width lightpress__section--default-section-space lightpress__section lightpress__section--more-links'><div class=\"more\" x-init=\"initMoreLinksBlockAnim($el)\">\n            <style>\n            #lightpress__section--block_8d0b9654ee9c08c5760659570e707731 .more {\n                --entry-width: calc(100% \/ 4 - var(--grid-gap) * 4);\n                grid-template-columns: repeat(auto-fit, minmax(max(var(--entry-width),50rem), 1fr));\n            }\n        <\/style>\n    \n                    <a class=\"more__link\" href=\"\/sl\/zunanji-objekti\/literarna-pot\/\">\n            <div class=\"more__media\">\n                                    <picture class=\"more__image\">\n                        <source srcset=\"https:\/\/stiftadmont.at\/wp-content\/uploads\/8d967de4fb0deac392e6fc1838a87d15-1024x683.webp\" type=\"image\/webp\">\n                        <source srcset=\"https:\/\/stiftadmont.at\/wp-content\/uploads\/8d967de4fb0deac392e6fc1838a87d15-1024x683.jpg\" type=\"image\/jpeg\">\n                        <img decoding=\"async\" loading=\"lazy\" src=\"https:\/\/stiftadmont.at\/wp-content\/uploads\/8d967de4fb0deac392e6fc1838a87d15-1024x683.jpg\" alt=\"Literarna pot 2021\" \/>\n                    <\/picture>\n                            <\/div>\n            <div class=\"more__content\">\n                <div class=\"more__title--container\">\n                                            \n                                                                            \n                        <p class=\"text-bold text-white text--serif text--26\">Pot literature<\/p>\n                                                            <\/div>\n                                    <div class=\"more__cta\">\n                        <i class=\"fa-thin fa-chevron-right\"><\/i>\n                    <\/div>\n                            <\/div>\n        <\/a>\n                    <a class=\"more__link\" href=\"\/sl\/zunanji-objekti\/zeliscni-vrt\/\">\n            <div class=\"more__media\">\n                                    <picture class=\"more__image\">\n                        <source srcset=\"https:\/\/stiftadmont.at\/wp-content\/uploads\/Bildschirmfoto-2021-07-27-um-08.30.59-2-1024x674.webp\" type=\"image\/webp\">\n                        <source srcset=\"https:\/\/stiftadmont.at\/wp-content\/uploads\/Bildschirmfoto-2021-07-27-um-08.30.59-2-1024x674.jpg\" type=\"image\/jpeg\">\n                        <img decoding=\"async\" loading=\"lazy\" src=\"https:\/\/stiftadmont.at\/wp-content\/uploads\/Bildschirmfoto-2021-07-27-um-08.30.59-2-1024x674.png\" alt=\"Zeli\u0161\u010dni vrt 2021\" \/>\n                    <\/picture>\n                            <\/div>\n            <div class=\"more__content\">\n                <div class=\"more__title--container\">\n                                            \n                                                                            \n                        <p class=\"text-bold text-white text--serif text--26\">Zeli\u0161\u010dni vrt<\/p>\n                                                            <\/div>\n                                    <div class=\"more__cta\">\n                        <i class=\"fa-thin fa-chevron-right\"><\/i>\n                    <\/div>\n                            <\/div>\n        <\/a>\n    \n<\/div>\n\n<\/section>","protected":false},"excerpt":{"rendered":"","protected":false},"author":7,"featured_media":0,"parent":484,"menu_order":5,"comment_status":"closed","ping_status":"closed","template":"","meta":{"_acf_changed":false,"footnotes":""},"categories":[],"class_list":["post-3804","page","type-page","status-publish","hentry"],"acf":[],"yoast_head":"<!-- This site is optimized with the Yoast SEO Premium plugin v26.0 (Yoast SEO v26.8) - https:\/\/yoast.com\/product\/yoast-seo-premium-wordpress\/ -->\n<title>Pilgerwege - Stift Admont<\/title>\n<meta name=\"robots\" content=\"index, follow, max-snippet:-1, max-image-preview:large, max-video-preview:-1\" \/>\n<link rel=\"canonical\" href=\"https:\/\/stiftadmont.at\/sl\/zunanji-objekti\/romarske-poti\/\" \/>\n<meta property=\"og:locale\" content=\"sl_SI\" \/>\n<meta property=\"og:type\" content=\"article\" \/>\n<meta property=\"og:title\" content=\"Pilgerwege\" \/>\n<meta property=\"og:url\" content=\"https:\/\/stiftadmont.at\/sl\/zunanji-objekti\/romarske-poti\/\" \/>\n<meta property=\"og:site_name\" content=\"Stift Admont\" \/>\n<meta property=\"article:modified_time\" content=\"2025-01-30T08:28:40+00:00\" \/>\n<meta property=\"og:image\" content=\"https:\/\/stiftadmont.at\/wp-content\/uploads\/Klosteranlage-innen.jpg\" \/>\n\t<meta property=\"og:image:width\" content=\"1912\" \/>\n\t<meta property=\"og:image:height\" content=\"1188\" \/>\n\t<meta property=\"og:image:type\" content=\"image\/jpeg\" \/>\n<meta name=\"twitter:card\" content=\"summary_large_image\" \/>\n<script type=\"application\/ld+json\" class=\"yoast-schema-graph\">{\"@context\":\"https:\/\/schema.org\",\"@graph\":[{\"@type\":\"WebPage\",\"@id\":\"https:\/\/stiftadmont.at\/aussenanlagen\/pilgerwege\/\",\"url\":\"https:\/\/stiftadmont.at\/aussenanlagen\/pilgerwege\/\",\"name\":\"Pilgerwege - Stift Admont\",\"isPartOf\":{\"@id\":\"https:\/\/stiftadmont.at\/#website\"},\"datePublished\":\"2021-07-27T06:56:02+00:00\",\"dateModified\":\"2025-01-30T08:28:40+00:00\",\"breadcrumb\":{\"@id\":\"https:\/\/stiftadmont.at\/aussenanlagen\/pilgerwege\/#breadcrumb\"},\"inLanguage\":\"sl-SI\",\"potentialAction\":[{\"@type\":\"ReadAction\",\"target\":[\"https:\/\/stiftadmont.at\/aussenanlagen\/pilgerwege\/\"]}]},{\"@type\":\"BreadcrumbList\",\"@id\":\"https:\/\/stiftadmont.at\/aussenanlagen\/pilgerwege\/#breadcrumb\",\"itemListElement\":[{\"@type\":\"ListItem\",\"position\":1,\"name\":\"Start\",\"item\":\"https:\/\/stiftadmont.at\/\"},{\"@type\":\"ListItem\",\"position\":2,\"name\":\"Au\u00dfenanlagen\",\"item\":\"https:\/\/stiftadmont.at\/aussenanlagen\/\"},{\"@type\":\"ListItem\",\"position\":3,\"name\":\"Pilgerwege\"}]},{\"@type\":\"WebSite\",\"@id\":\"https:\/\/stiftadmont.at\/#website\",\"url\":\"https:\/\/stiftadmont.at\/\",\"name\":\"Stift Admont\",\"description\":\"Benediktinerkloster und Sehensw\u00fcrdigkeit im Ges\u00e4use\",\"potentialAction\":[{\"@type\":\"SearchAction\",\"target\":{\"@type\":\"EntryPoint\",\"urlTemplate\":\"https:\/\/stiftadmont.at\/?s={search_term_string}\"},\"query-input\":{\"@type\":\"PropertyValueSpecification\",\"valueRequired\":true,\"valueName\":\"search_term_string\"}}],\"inLanguage\":\"sl-SI\"}]}<\/script>\n<!-- \/ Yoast SEO Premium plugin. -->","yoast_head_json":{"title":"Romarske poti - Opatija Admont","robots":{"index":"index","follow":"follow","max-snippet":"max-snippet:-1","max-image-preview":"max-image-preview:large","max-video-preview":"max-video-preview:-1"},"canonical":"https:\/\/stiftadmont.at\/sl\/zunanji-objekti\/romarske-poti\/","og_locale":"sl_SI","og_type":"article","og_title":"Pilgerwege","og_url":"https:\/\/stiftadmont.at\/sl\/zunanji-objekti\/romarske-poti\/","og_site_name":"Stift Admont","article_modified_time":"2025-01-30T08:28:40+00:00","og_image":[{"width":1912,"height":1188,"url":"https:\/\/stiftadmont.at\/wp-content\/uploads\/Klosteranlage-innen.jpg","type":"image\/jpeg"}],"twitter_card":"summary_large_image","schema":{"@context":"https:\/\/schema.org","@graph":[{"@type":"WebPage","@id":"https:\/\/stiftadmont.at\/aussenanlagen\/pilgerwege\/","url":"https:\/\/stiftadmont.at\/aussenanlagen\/pilgerwege\/","name":"Romarske poti - Opatija Admont","isPartOf":{"@id":"https:\/\/stiftadmont.at\/#website"},"datePublished":"2021-07-27T06:56:02+00:00","dateModified":"2025-01-30T08:28:40+00:00","breadcrumb":{"@id":"https:\/\/stiftadmont.at\/aussenanlagen\/pilgerwege\/#breadcrumb"},"inLanguage":"sl-SI","potentialAction":[{"@type":"ReadAction","target":["https:\/\/stiftadmont.at\/aussenanlagen\/pilgerwege\/"]}]},{"@type":"BreadcrumbList","@id":"https:\/\/stiftadmont.at\/aussenanlagen\/pilgerwege\/#breadcrumb","itemListElement":[{"@type":"ListItem","position":1,"name":"Start","item":"https:\/\/stiftadmont.at\/"},{"@type":"ListItem","position":2,"name":"Au\u00dfenanlagen","item":"https:\/\/stiftadmont.at\/aussenanlagen\/"},{"@type":"ListItem","position":3,"name":"Pilgerwege"}]},{"@type":"WebSite","@id":"https:\/\/stiftadmont.at\/#website","url":"https:\/\/stiftadmont.at\/","name":"Opatija Admont","description":"Benediktinski samostan in turisti\u010dna znamenitost v Ges\u00e4use","potentialAction":[{"@type":"SearchAction","target":{"@type":"EntryPoint","urlTemplate":"https:\/\/stiftadmont.at\/?s={search_term_string}"},"query-input":{"@type":"PropertyValueSpecification","valueRequired":true,"valueName":"search_term_string"}}],"inLanguage":"sl-SI"}]}},"_links":{"self":[{"href":"https:\/\/stiftadmont.at\/sl\/wp-json\/wp\/v2\/pages\/3804","targetHints":{"allow":["GET"]}}],"collection":[{"href":"https:\/\/stiftadmont.at\/sl\/wp-json\/wp\/v2\/pages"}],"about":[{"href":"https:\/\/stiftadmont.at\/sl\/wp-json\/wp\/v2\/types\/page"}],"author":[{"embeddable":true,"href":"https:\/\/stiftadmont.at\/sl\/wp-json\/wp\/v2\/users\/7"}],"replies":[{"embeddable":true,"href":"https:\/\/stiftadmont.at\/sl\/wp-json\/wp\/v2\/comments?post=3804"}],"version-history":[{"count":95,"href":"https:\/\/stiftadmont.at\/sl\/wp-json\/wp\/v2\/pages\/3804\/revisions"}],"predecessor-version":[{"id":32374,"href":"https:\/\/stiftadmont.at\/sl\/wp-json\/wp\/v2\/pages\/3804\/revisions\/32374"}],"up":[{"embeddable":true,"href":"https:\/\/stiftadmont.at\/sl\/wp-json\/wp\/v2\/pages\/484"}],"wp:attachment":[{"href":"https:\/\/stiftadmont.at\/sl\/wp-json\/wp\/v2\/media?parent=3804"}],"wp:term":[{"taxonomy":"category","embeddable":true,"href":"https:\/\/stiftadmont.at\/sl\/wp-json\/wp\/v2\/categories?post=3804"}],"curies":[{"name":"wp","href":"https:\/\/api.w.org\/{rel}","templated":true}]}}