{"id":39264,"date":"2026-02-02T13:17:04","date_gmt":"2026-02-02T11:17:04","guid":{"rendered":"https:\/\/stiftadmont.at\/?page_id=39264"},"modified":"2026-03-17T12:53:20","modified_gmt":"2026-03-17T10:53:20","slug":"sodobna-umetnost-v-starih-zidovih-2026","status":"publish","type":"page","link":"https:\/\/stiftadmont.at\/sl\/aktuelle-kunst-in-alten-mauern-2026\/","title":{"rendered":"Sodobna umetnost med starimi zidovi"},"content":{"rendered":"<section id='lightpress__section--block_87714cf1faa2698210a5ba8119a99c9b' class='align-center lightpress__section--default-section-space lightpress__section lightpress__section--headline'><div class=\"headline__container\">\n            <h2 class=\"headline text--40 text-medium line line--gold line-above line-middle\">Sodobna umetnost v muzeju opatije Admont<\/h2>\n        <p class=\"text-center text-gold text--20 text-medium text--uppercase\">Dialog med tradicijo in inovacijami<\/p>\n        <div class=\"spacer--40\"><\/div>\n<\/div>\n\n<\/section>\n\n<section id='lightpress__section--block_0961d0c98a7b88e63ec041b641f9475e' class='lightpress__section--default-section-space lightpress__section lightpress__section--content'><div class=\"content__inner\"\n         x-init=\"initContentBlockAnim($el)\">\n        \n    <div class=\"content__grid content__grid\">\n                                            <div class=\"content__box content__box--one-hundred\"\n                 style=\"\">\n                                \n                \n                                            <div class=\"prose\"><h5 class=\"heading-m line line-above line--gold\">Sodobna umetnost v starih zidovih - posebne razstave 2026: Hannes Schwarz in Josef Pillhofer<\/h5>\n<p class=\"paragraph-m\">\u00a0<\/p>\n<p>V drugem nadstropju muzeja se od odprtja obse\u017enega muzeja leta 2003 vsako leto izmenjujejo razstave. Leta 2026 bodo na ogled dela dveh pomembnih avstrijskih umetnikov 20. stoletja. Ob 100. rojstnem dnevu slikarja Hannesa Schwarza (1926-2014) bo na ogled pregled njegovega dela. Vzporedno bo organizirana razstava o kiparju Josefu Pillhoferju (1921-2010). Dela dveh osrednjih protagonistov \u0161tajerske umetnosti v povojnem obdobju tako vstopajo v diskurz: na ogled so risbe, slike in grafike Hannesa Schwarza, Josefa Pillhoferja pa kiparska dela, risbe, kola\u017ei in doslej redko prikazan tapiserij.\u00a0<\/p>\n<p>\u00a0<\/p>\n<p><strong>Odprtje obeh razstav bo 19. marca 2026 s pri\u010detkom ob 17. uri v muzeju opatije Admont. Prijavite se lahko na naslovu <a class=\"email\" href=\"mailto:events@stiftadmont.at\"><span class=\"icon-outer\"><i class=\"fa-light fa-envelope\"><\/i><\/span>events@stiftadmont.at<\/a> zahtevano.<\/strong><\/p>\n<p>\u00a0<\/p>\n<p><em><strong>Opomba:\u00a0\u00a0<\/strong><strong>Muzej opatije Admont bo 19. marca 2026 odprt od 14. ure dalje in bo imel prost vstop.<\/strong><\/em><\/p>\n<\/div>\n                    \n                            <\/div>\n        \n            <\/div>\n<\/div>\n\n<\/section>\n\n<section id='lightpress__section--block_33356f0fa4b997564df27d70c48fb271' class='bg--beige lightpress__section--colored-bg lightpress__section--default-section-space lightpress__section lightpress__section--content'><div class=\"content__inner\"\n         x-init=\"initContentBlockAnim($el)\">\n        \n    <div class=\"content__grid content__grid--fifty-fifty\">\n                                            <div class=\"content__box content__box\"\n                 style=\"\">\n                                \n                \n                                        <div class=\"content__media stickyTo\" x-init=\"imageSticky($el)\">\n\n                                                                                                <picture\n                                class=\"content__image sticky\">\n                            <source srcset=\"https:\/\/stiftadmont.at\/wp-content\/uploads\/Schwarz_verletzt-1024x687.png\"\n                                    type=\"image\/webp\">\n                            <source srcset=\"https:\/\/stiftadmont.at\/wp-content\/uploads\/Schwarz_verletzt-1024x687.png\"\n                                    type=\"image\/jpeg\">\n                            <img decoding=\"async\" loading=\"lazy\" src=\"https:\/\/stiftadmont.at\/wp-content\/uploads\/Schwarz_verletzt-1024x687.png\" alt=\"\u010crna po\u0161kodovana\" width=\"600\" height=\"450\" \/>\n                                                                                                            <\/picture>\n\n                    <\/div>\n\n                            <\/div>\n        \n                                                    <div class=\"content__box content__box--2\"\n                     >\n                                        \n                    \n                                                    <div class=\"prose\"><h5 class=\"heading-m line line-above line--gold\">Po\u0161kodovan. Hannes Schwarz v zbirki benediktinske opatije Admont<\/h5>\n<p class=\"paragraph-m\">\u00a0<\/p>\n<p>Razstava \u201eVerletzt\u201c ponuja celovit vpogled v ve\u010dplastno delo Hannesa Schwarza, ki ga zaznamujejo eksistencialna vpra\u0161anja in slogovne spremembe. Po zgodnjih abstraktnih delih v petdesetih letih 20. stoletja in eksperimentalnih tehnikah tiska od leta 1959 dalje je od sredine \u0161estdesetih let dalje v sredi\u0161\u010du pozornosti ranljiva, deformirana \u010dlove\u0161ka figura. Pribli\u017eno od leta 1975 je serija \u201eVerletzt\u201c (Po\u0161kodovani) pomenila prelomnico k reduciranim, krajinskim slikarskim prostorom, v katerih je izpostavljenost \u010dloveka tematizirana.<\/p>\n<p>\u00a0<\/p>\n<p><a class=\"admont-button admont-button--secondary\" href=\"https:\/\/stiftadmont.at\/sl\/spominski-projekt-counterworlds\/\">Spominski projekt Counterworlds - Hannes Schwarz (1926-2014)<\/a><\/p>\n<p>\u00a0<\/p>\n<p><a class=\"admont-button admont-button--secondary\" href=\"https:\/\/stiftadmont.at\/wp-content\/uploads\/STA_Einladung-Vernissage-Verletzt_2026.pdf\" target=\"_blank\" rel=\"noopener\">Letak Hannes Schwarz<\/a><\/p>\n<p>\u00a0<\/p>\n<\/div>\n                        \n                                    <\/div>\n            \n            <\/div>\n<\/div>\n\n    <div class=\"background__container background__container--beige\">\n    <\/div>\n\n<\/section>\n\n<section id='lightpress__section--block_897b57923b0a3a88b9c99b9f73bd0512' class='lightpress__section--default-section-space lightpress__section lightpress__section--content'><div class=\"content__inner\"\n         x-init=\"initContentBlockAnim($el)\">\n        \n    <div class=\"content__grid content__grid--fifty-fifty\">\n                                            <div class=\"content__box content__box\"\n                 style=\"\">\n                                \n                \n                                            <div class=\"prose\"><h5 class=\"heading-m line line-above line--gold\">Josef Pillhofer. Med abstrakcijo in figuraliko<\/h5>\n<p class=\"paragraph-m\">\u00a0<\/p>\n<p>Josef Pillhofer je eden najpomembnej\u0161ih avstrijskih kiparjev druge polovice 20. stoletja. Po \u0161tudiju v Gradcu in na Dunaju ter obdobju formiranja v Parizu je razvil samostojen formalni jezik med abstrakcijo in figuraliko. Njegova dela, ki se intenzivno ukvarjajo s prostorom, strukturo in \u010dlove\u0161ko figuro, so v Admontu predstavljena z izbranimi deli, izposojenimi iz zasebnih zbirk.<\/p>\n<p>\u00a0<\/p>\n<p><a class=\"admont-button admont-button--secondary\" href=\"https:\/\/stiftadmont.at\/wp-content\/uploads\/STA_Einladung-Vernissage-Pillhofer_2026.pdf\" target=\"_blank\" rel=\"noopener\">Letak Josef Pillhofer<\/a><\/p>\n<\/div>\n                    \n                            <\/div>\n        \n                                                    <div class=\"content__box content__box--2\"\n                     >\n                                        \n                                            \n                                                    <a href=\"https:\/\/stiftadmont.at\/wp-content\/uploads\/Gegenwartskunst-.mp4\" class=\"content__video content__media\"\n                               x-data\n x-init=\"initContentLightBox('#lightpress__section--block_897b57923b0a3a88b9c99b9f73bd0512 .content__video')\">\n                                                                                                                                <picture class=\"content__image\">\n                                    <source srcset=\"https:\/\/stiftadmont.at\/wp-content\/uploads\/Pillhofer_liegender-Mann-1024x810.webp\" type=\"image\/webp\">\n                                    <source srcset=\"https:\/\/stiftadmont.at\/wp-content\/uploads\/Pillhofer_liegender-Mann-1024x810.jpg\" type=\"image\/jpeg\">\n                                    <img decoding=\"async\" class=\"content__image\" loading=\"lazy\" src=\"https:\/\/stiftadmont.at\/wp-content\/uploads\/Pillhofer_liegender-Mann-1024x810.png\" alt=\"Pillhofer la\u017enivec\" width=\"600\" height=\"450\" \/>\n                                <\/picture>\n\n                                <span class=\"overlay-dark\"><\/span>\n                                <span class=\"content-overlay\"><\/span>\n                                <div class=\"content__plaque\">\n                                    <div class=\"content__plaque-inner\">\n                                        <span><i class=\"fas fa-play content__icon\"><\/i><\/span>\n                                        <p class=\"paragraph-m\">Igraj<\/p>\n                                    <\/div>\n                                <\/div>\n                            <\/a>\n                        \n                                    <\/div>\n            \n            <\/div>\n<\/div>\n\n<\/section>","protected":false},"excerpt":{"rendered":"","protected":false},"author":7,"featured_media":39253,"parent":0,"menu_order":0,"comment_status":"closed","ping_status":"closed","template":"","meta":{"_acf_changed":false,"footnotes":""},"categories":[],"class_list":["post-39264","page","type-page","status-publish","has-post-thumbnail","hentry"],"acf":[],"yoast_head":"<!-- This site is optimized with the Yoast SEO Premium plugin v26.0 (Yoast SEO v26.8) - https:\/\/yoast.com\/product\/yoast-seo-premium-wordpress\/ -->\n<title>Aktuelle Kunst in alten Mauern - Stift Admont<\/title>\n<meta name=\"robots\" content=\"index, follow, max-snippet:-1, max-image-preview:large, max-video-preview:-1\" \/>\n<link rel=\"canonical\" href=\"https:\/\/stiftadmont.at\/sl\/sodobna-umetnost-v-starih-zidovih-2026\/\" \/>\n<meta property=\"og:locale\" content=\"sl_SI\" \/>\n<meta property=\"og:type\" content=\"article\" \/>\n<meta property=\"og:title\" content=\"Aktuelle Kunst in alten Mauern\" \/>\n<meta property=\"og:url\" content=\"https:\/\/stiftadmont.at\/sl\/sodobna-umetnost-v-starih-zidovih-2026\/\" \/>\n<meta property=\"og:site_name\" content=\"Stift Admont\" \/>\n<meta property=\"article:modified_time\" content=\"2026-03-17T10:53:20+00:00\" \/>\n<meta property=\"og:image\" content=\"https:\/\/stiftadmont.at\/wp-content\/uploads\/Schwarz_verletzt-1024x687.png\" \/>\n\t<meta property=\"og:image:width\" content=\"1024\" \/>\n\t<meta property=\"og:image:height\" content=\"687\" \/>\n\t<meta property=\"og:image:type\" content=\"image\/png\" \/>\n<meta name=\"twitter:card\" content=\"summary_large_image\" \/>\n<meta name=\"twitter:label1\" content=\"Est. reading time\" \/>\n\t<meta name=\"twitter:data1\" content=\"1 minuta\" \/>\n<script type=\"application\/ld+json\" class=\"yoast-schema-graph\">{\"@context\":\"https:\/\/schema.org\",\"@graph\":[{\"@type\":\"WebPage\",\"@id\":\"https:\/\/stiftadmont.at\/aktuelle-kunst-in-alten-mauern-2026\/\",\"url\":\"https:\/\/stiftadmont.at\/aktuelle-kunst-in-alten-mauern-2026\/\",\"name\":\"Aktuelle Kunst in alten Mauern - Stift Admont\",\"isPartOf\":{\"@id\":\"https:\/\/stiftadmont.at\/#website\"},\"primaryImageOfPage\":{\"@id\":\"https:\/\/stiftadmont.at\/aktuelle-kunst-in-alten-mauern-2026\/#primaryimage\"},\"image\":{\"@id\":\"https:\/\/stiftadmont.at\/aktuelle-kunst-in-alten-mauern-2026\/#primaryimage\"},\"thumbnailUrl\":\"https:\/\/stiftadmont.at\/wp-content\/uploads\/Schwarz_verletzt.png\",\"datePublished\":\"2026-02-02T11:17:04+00:00\",\"dateModified\":\"2026-03-17T10:53:20+00:00\",\"breadcrumb\":{\"@id\":\"https:\/\/stiftadmont.at\/aktuelle-kunst-in-alten-mauern-2026\/#breadcrumb\"},\"inLanguage\":\"sl-SI\",\"potentialAction\":[{\"@type\":\"ReadAction\",\"target\":[\"https:\/\/stiftadmont.at\/aktuelle-kunst-in-alten-mauern-2026\/\"]}]},{\"@type\":\"ImageObject\",\"inLanguage\":\"sl-SI\",\"@id\":\"https:\/\/stiftadmont.at\/aktuelle-kunst-in-alten-mauern-2026\/#primaryimage\",\"url\":\"https:\/\/stiftadmont.at\/wp-content\/uploads\/Schwarz_verletzt.png\",\"contentUrl\":\"https:\/\/stiftadmont.at\/wp-content\/uploads\/Schwarz_verletzt.png\",\"width\":1894,\"height\":1271,\"caption\":\"Schwarz verletzt\"},{\"@type\":\"BreadcrumbList\",\"@id\":\"https:\/\/stiftadmont.at\/aktuelle-kunst-in-alten-mauern-2026\/#breadcrumb\",\"itemListElement\":[{\"@type\":\"ListItem\",\"position\":1,\"name\":\"Start\",\"item\":\"https:\/\/stiftadmont.at\/\"},{\"@type\":\"ListItem\",\"position\":2,\"name\":\"Aktuelle Kunst in alten Mauern\"}]},{\"@type\":\"WebSite\",\"@id\":\"https:\/\/stiftadmont.at\/#website\",\"url\":\"https:\/\/stiftadmont.at\/\",\"name\":\"Stift Admont\",\"description\":\"Benediktinerkloster und Sehensw\u00fcrdigkeit im Ges\u00e4use\",\"potentialAction\":[{\"@type\":\"SearchAction\",\"target\":{\"@type\":\"EntryPoint\",\"urlTemplate\":\"https:\/\/stiftadmont.at\/?s={search_term_string}\"},\"query-input\":{\"@type\":\"PropertyValueSpecification\",\"valueRequired\":true,\"valueName\":\"search_term_string\"}}],\"inLanguage\":\"sl-SI\"}]}<\/script>\n<!-- \/ Yoast SEO Premium plugin. -->","yoast_head_json":{"title":"Sodobna umetnost med starimi zidovi - opatija Admont","robots":{"index":"index","follow":"follow","max-snippet":"max-snippet:-1","max-image-preview":"max-image-preview:large","max-video-preview":"max-video-preview:-1"},"canonical":"https:\/\/stiftadmont.at\/sl\/sodobna-umetnost-v-starih-zidovih-2026\/","og_locale":"sl_SI","og_type":"article","og_title":"Aktuelle Kunst in alten Mauern","og_url":"https:\/\/stiftadmont.at\/sl\/sodobna-umetnost-v-starih-zidovih-2026\/","og_site_name":"Stift Admont","article_modified_time":"2026-03-17T10:53:20+00:00","og_image":[{"width":1024,"height":687,"url":"https:\/\/stiftadmont.at\/wp-content\/uploads\/Schwarz_verletzt-1024x687.png","type":"image\/png"}],"twitter_card":"summary_large_image","twitter_misc":{"Est. reading time":"1 minuta"},"schema":{"@context":"https:\/\/schema.org","@graph":[{"@type":"WebPage","@id":"https:\/\/stiftadmont.at\/aktuelle-kunst-in-alten-mauern-2026\/","url":"https:\/\/stiftadmont.at\/aktuelle-kunst-in-alten-mauern-2026\/","name":"Sodobna umetnost med starimi zidovi - opatija Admont","isPartOf":{"@id":"https:\/\/stiftadmont.at\/#website"},"primaryImageOfPage":{"@id":"https:\/\/stiftadmont.at\/aktuelle-kunst-in-alten-mauern-2026\/#primaryimage"},"image":{"@id":"https:\/\/stiftadmont.at\/aktuelle-kunst-in-alten-mauern-2026\/#primaryimage"},"thumbnailUrl":"https:\/\/stiftadmont.at\/wp-content\/uploads\/Schwarz_verletzt.png","datePublished":"2026-02-02T11:17:04+00:00","dateModified":"2026-03-17T10:53:20+00:00","breadcrumb":{"@id":"https:\/\/stiftadmont.at\/aktuelle-kunst-in-alten-mauern-2026\/#breadcrumb"},"inLanguage":"sl-SI","potentialAction":[{"@type":"ReadAction","target":["https:\/\/stiftadmont.at\/aktuelle-kunst-in-alten-mauern-2026\/"]}]},{"@type":"ImageObject","inLanguage":"sl-SI","@id":"https:\/\/stiftadmont.at\/aktuelle-kunst-in-alten-mauern-2026\/#primaryimage","url":"https:\/\/stiftadmont.at\/wp-content\/uploads\/Schwarz_verletzt.png","contentUrl":"https:\/\/stiftadmont.at\/wp-content\/uploads\/Schwarz_verletzt.png","width":1894,"height":1271,"caption":"Schwarz verletzt"},{"@type":"BreadcrumbList","@id":"https:\/\/stiftadmont.at\/aktuelle-kunst-in-alten-mauern-2026\/#breadcrumb","itemListElement":[{"@type":"ListItem","position":1,"name":"Start","item":"https:\/\/stiftadmont.at\/"},{"@type":"ListItem","position":2,"name":"Aktuelle Kunst in alten Mauern"}]},{"@type":"WebSite","@id":"https:\/\/stiftadmont.at\/#website","url":"https:\/\/stiftadmont.at\/","name":"Opatija Admont","description":"Benediktinski samostan in turisti\u010dna znamenitost v Ges\u00e4use","potentialAction":[{"@type":"SearchAction","target":{"@type":"EntryPoint","urlTemplate":"https:\/\/stiftadmont.at\/?s={search_term_string}"},"query-input":{"@type":"PropertyValueSpecification","valueRequired":true,"valueName":"search_term_string"}}],"inLanguage":"sl-SI"}]}},"_links":{"self":[{"href":"https:\/\/stiftadmont.at\/sl\/wp-json\/wp\/v2\/pages\/39264","targetHints":{"allow":["GET"]}}],"collection":[{"href":"https:\/\/stiftadmont.at\/sl\/wp-json\/wp\/v2\/pages"}],"about":[{"href":"https:\/\/stiftadmont.at\/sl\/wp-json\/wp\/v2\/types\/page"}],"author":[{"embeddable":true,"href":"https:\/\/stiftadmont.at\/sl\/wp-json\/wp\/v2\/users\/7"}],"replies":[{"embeddable":true,"href":"https:\/\/stiftadmont.at\/sl\/wp-json\/wp\/v2\/comments?post=39264"}],"version-history":[{"count":11,"href":"https:\/\/stiftadmont.at\/sl\/wp-json\/wp\/v2\/pages\/39264\/revisions"}],"predecessor-version":[{"id":40494,"href":"https:\/\/stiftadmont.at\/sl\/wp-json\/wp\/v2\/pages\/39264\/revisions\/40494"}],"wp:featuredmedia":[{"embeddable":true,"href":"https:\/\/stiftadmont.at\/sl\/wp-json\/wp\/v2\/media\/39253"}],"wp:attachment":[{"href":"https:\/\/stiftadmont.at\/sl\/wp-json\/wp\/v2\/media?parent=39264"}],"wp:term":[{"taxonomy":"category","embeddable":true,"href":"https:\/\/stiftadmont.at\/sl\/wp-json\/wp\/v2\/categories?post=39264"}],"curies":[{"name":"wp","href":"https:\/\/api.w.org\/{rel}","templated":true}]}}