{"id":39535,"date":"2026-02-11T12:49:24","date_gmt":"2026-02-11T10:49:24","guid":{"rendered":"https:\/\/stiftadmont.at\/?page_id=39535"},"modified":"2026-03-04T09:05:40","modified_gmt":"2026-03-04T07:05:40","slug":"vikariat-ardning","status":"publish","type":"page","link":"https:\/\/stiftadmont.at\/sl\/pfarren\/pfarrgemeinschaft-frauenberg-ardning-hall\/vikariat-ardning\/","title":{"rendered":"Vikariat Ardning"},"content":{"rendered":"<section id='lightpress__section--block_eae76cf8b689a62098c1c82513155410' class='align-center lightpress__section--default-section-space lightpress__section lightpress__section--headline'><div class=\"headline__container\">\n            <h2 class=\"headline text--40 text-medium line line--gold line-above line-middle\">Vikariat Ardning<\/h2>\n        <p class=\"text-center text-gold text--20 text-medium text--uppercase\">Tukaj lahko najdete vse informacije o na\u0161em vikariatu<\/p>\n        <div class=\"spacer--40\"><\/div>\n<\/div>\n\n<\/section>\n\n<section id='lightpress__section--block_12e3303a5338b3db0392b189fbbf56bd' class='lightpress__section--default-section-space lightpress__section lightpress__section--content'><div class=\"content__inner\"\n         x-init=\"initContentBlockAnim($el)\">\n        \n    <div class=\"content__grid content__grid--fifty-fifty\">\n                                            <div class=\"content__box content__box\"\n                 style=\"\">\n                                \n                \n                                        <div class=\"content__media stickyTo\" x-init=\"imageSticky($el)\">\n\n                                                                                                <picture\n                                class=\"content__image sticky\">\n                            <source srcset=\"https:\/\/stiftadmont.at\/wp-content\/uploads\/Ardning-6-1-1024x727.jpg\"\n                                    type=\"image\/webp\">\n                            <source srcset=\"https:\/\/stiftadmont.at\/wp-content\/uploads\/Ardning-6-1-1024x727.jpg\"\n                                    type=\"image\/jpeg\">\n                            <img decoding=\"async\" loading=\"lazy\" src=\"https:\/\/stiftadmont.at\/wp-content\/uploads\/Ardning-6-1-1024x727.jpg\" alt=\"Ardning\" width=\"600\" height=\"450\" \/>\n                                                                                                            <\/picture>\n\n                    <\/div>\n\n                            <\/div>\n        \n                                                    <div class=\"content__box content__box--2\"\n                     >\n                                        \n                    \n                                                    <div class=\"prose\"><h5 class=\"heading-m line line-above line--gold\"><strong>Cerkev svetega Janeza Ardning<\/strong><\/h5>\n<p>\u00a0<\/p>\n<p>Cerkev svetega Janeza v Ardningu je podru\u017eni\u010dna cerkev \u017eupnije Frauenberg an der Enns. Posve\u010dena je obglavljenju svetega Janeza Krstnika (29. avgusta). Majhna, lepa baro\u010dna cerkev izvira iz 17. stoletja in je bila po velikem po\u017earu leta 1946 obnovljena v podobnem slogu. V notranjosti je ve\u010d umetni\u0161kih del iz obdobja baroka in dana\u0161njega \u010dasa. \u017dupniji Ardning in Frauenberg si z razli\u010dnimi pastoralnimi dejavnostmi prizadevata za tesnej\u0161e sodelovanje. \u010ceprav je \u017eupnijska cerkev v Frauenbergu, je cerkev svetega Janeza v Ardningu drugo \u201eutripajo\u010de srce\u201c \u017eupnije.<\/p>\n<p>\u00a0<\/p>\n<p><strong>Patrocinium: <\/strong>Obglavljenje Janeza Krstnika (29. avgust)<\/p>\n<p><strong>Erb:<\/strong> po letu 1946\u00a0<\/p>\n<p>\u00a0<\/p>\n<p><a class=\"admont-button admont-button--secondary\" href=\"https:\/\/discover.matterport.com\/space\/38kT2EZBdPN\" target=\"_blank\" rel=\"noopener\">VIRTUALNI OGLED PO JOHANNESKIRCHE<\/a><\/p>\n<p>\u00a0<\/p>\n<\/div>\n                        \n                                    <\/div>\n            \n            <\/div>\n<\/div>\n\n<\/section>\n\n<section id='lightpress__section--block_294786070338801aa3cc8750b048aa2e' class='lightpress__section--more-links--950 lightpress__section--full-width lightpress__section--default-section-space lightpress__section lightpress__section--more-links'><div class=\"more\" x-init=\"initMoreLinksBlockAnim($el)\">\n            <style>\n            #lightpress__section--block_294786070338801aa3cc8750b048aa2e .more {\n                --entry-width: calc(100% \/ 4 - var(--grid-gap) * 4);\n                grid-template-columns: repeat(auto-fit, minmax(max(var(--entry-width),50rem), 1fr));\n            }\n        <\/style>\n    \n                    <a class=\"more__link\" href=\"https:\/\/stiftadmont.at\/sl\/zupnije\/zupnijska-skupnost-frauenberg-ardning-hall\/vikariat-ardning\/center-za-pastoralno-oskrbo\/\">\n            <div class=\"more__media\">\n                                    <picture class=\"more__image\">\n                        <source srcset=\"https:\/\/stiftadmont.at\/wp-content\/uploads\/Ardning-6-1024x583.webp\" type=\"image\/webp\">\n                        <source srcset=\"https:\/\/stiftadmont.at\/wp-content\/uploads\/Ardning-6-1024x583.jpg\" type=\"image\/jpeg\">\n                        <img decoding=\"async\" loading=\"lazy\" src=\"https:\/\/stiftadmont.at\/wp-content\/uploads\/Ardning-6-1024x583.png\" alt=\"Ardning\" \/>\n                    <\/picture>\n                            <\/div>\n            <div class=\"more__content\">\n                <div class=\"more__title--container\">\n                                            \n                                                                            \n                        <p class=\"text-bold text-white text--serif text--26\">O na\u0161em vikariatu <\/p>\n                                                            <\/div>\n                                    <div class=\"more__cta\">\n                        <i class=\"fa-thin fa-chevron-right\"><\/i>\n                    <\/div>\n                            <\/div>\n        <\/a>\n                    <a class=\"more__link\" href=\"https:\/\/stiftadmont.at\/sl\/zupnije\/zupnijska-skupnost-frauenberg-ardning-hall\/vikariat-ardning\/center-za-pastoralno-oskrbo\/storitve\/\">\n            <div class=\"more__media\">\n                                    <picture class=\"more__image\">\n                        <source srcset=\"https:\/\/stiftadmont.at\/wp-content\/uploads\/Ardning-2-1024x754.webp\" type=\"image\/webp\">\n                        <source srcset=\"https:\/\/stiftadmont.at\/wp-content\/uploads\/Ardning-2-1024x754.jpg\" type=\"image\/jpeg\">\n                        <img decoding=\"async\" loading=\"lazy\" src=\"https:\/\/stiftadmont.at\/wp-content\/uploads\/Ardning-2-1024x754.jpg\" alt=\"Ardning\" \/>\n                    <\/picture>\n                            <\/div>\n            <div class=\"more__content\">\n                <div class=\"more__title--container\">\n                                            \n                                                                            \n                        <p class=\"text-bold text-white text--serif text--26\">Bogoslu\u017eje in molitev<\/p>\n                                                            <\/div>\n                                    <div class=\"more__cta\">\n                        <i class=\"fa-thin fa-chevron-right\"><\/i>\n                    <\/div>\n                            <\/div>\n        <\/a>\n                    <a class=\"more__link\" href=\"https:\/\/stiftadmont.at\/sl\/zupnije\/zupnija-frauenberg-an-der-enns\/\">\n            <div class=\"more__media\">\n                                    <picture class=\"more__image\">\n                        <source srcset=\"https:\/\/stiftadmont.at\/wp-content\/uploads\/912BB888-A489-4522-A238-57E8F669ADF6-e1772573044511-735x1024.webp\" type=\"image\/webp\">\n                        <source srcset=\"https:\/\/stiftadmont.at\/wp-content\/uploads\/912BB888-A489-4522-A238-57E8F669ADF6-e1772573044511-735x1024.jpg\" type=\"image\/jpeg\">\n                        <img decoding=\"async\" loading=\"lazy\" src=\"https:\/\/stiftadmont.at\/wp-content\/uploads\/912BB888-A489-4522-A238-57E8F669ADF6-e1772573044511-735x1024.png\" alt=\"KI \u017dupnija Frauenberg\" \/>\n                    <\/picture>\n                            <\/div>\n            <div class=\"more__content\">\n                <div class=\"more__title--container\">\n                                            \n                                                                            \n                        <p class=\"text-bold text-white text--serif text--26\">Najnovej\u0161e novice<\/p>\n                                                            <\/div>\n                                    <div class=\"more__cta\">\n                        <i class=\"fa-thin fa-chevron-right\"><\/i>\n                    <\/div>\n                            <\/div>\n        <\/a>\n                    <a class=\"more__link\" href=\"https:\/\/stiftadmont.at\/sl\/zupnije\/zupnijska-skupnost-frauenberg-ardning-hall\/vikariat-ardning\/center-za-pastoralno-oskrbo\/kontaktirajte\/\">\n            <div class=\"more__media\">\n                                    <picture class=\"more__image\">\n                        <source srcset=\"https:\/\/stiftadmont.at\/wp-content\/uploads\/Ardning-8-1024x759.webp\" type=\"image\/webp\">\n                        <source srcset=\"https:\/\/stiftadmont.at\/wp-content\/uploads\/Ardning-8-1024x759.jpg\" type=\"image\/jpeg\">\n                        <img decoding=\"async\" loading=\"lazy\" src=\"https:\/\/stiftadmont.at\/wp-content\/uploads\/Ardning-8-1024x759.jpg\" alt=\"Ardning\" \/>\n                    <\/picture>\n                            <\/div>\n            <div class=\"more__content\">\n                <div class=\"more__title--container\">\n                                            \n                                                                            \n                        <p class=\"text-bold text-white text--serif text--26\">Kontakt in uradne ure<\/p>\n                                                            <\/div>\n                                    <div class=\"more__cta\">\n                        <i class=\"fa-thin fa-chevron-right\"><\/i>\n                    <\/div>\n                            <\/div>\n        <\/a>\n                    <a class=\"more__link\" href=\"https:\/\/stiftadmont.at\/sl\/zupnije\/zupnijska-skupnost-frauenberg-ardning-hall\/vikariat-ardning\/urni-travnik\/\">\n            <div class=\"more__media\">\n                                    <picture class=\"more__image\">\n                        <source srcset=\"https:\/\/stiftadmont.at\/wp-content\/uploads\/IMG_1592-921x1024.webp\" type=\"image\/webp\">\n                        <source srcset=\"https:\/\/stiftadmont.at\/wp-content\/uploads\/IMG_1592-921x1024.jpg\" type=\"image\/jpeg\">\n                        <img decoding=\"async\" loading=\"lazy\" src=\"https:\/\/stiftadmont.at\/wp-content\/uploads\/IMG_1592-921x1024.jpg\" alt=\"Pokopali\u0161\u010de Ardning\" \/>\n                    <\/picture>\n                            <\/div>\n            <div class=\"more__content\">\n                <div class=\"more__title--container\">\n                                            \n                                                                            \n                        <p class=\"text-bold text-white text--serif text--26\">Pokopali\u0161\u010de Ardning in urnovi travniki<\/p>\n                                                            <\/div>\n                                    <div class=\"more__cta\">\n                        <i class=\"fa-thin fa-chevron-right\"><\/i>\n                    <\/div>\n                            <\/div>\n        <\/a>\n    \n<\/div>\n\n<\/section>","protected":false},"excerpt":{"rendered":"","protected":false},"author":7,"featured_media":39541,"parent":33540,"menu_order":0,"comment_status":"closed","ping_status":"closed","template":"","meta":{"_acf_changed":false,"footnotes":""},"categories":[],"class_list":["post-39535","page","type-page","status-publish","has-post-thumbnail","hentry"],"acf":[],"yoast_head":"<!-- This site is optimized with the Yoast SEO Premium plugin v26.0 (Yoast SEO v26.8) - https:\/\/yoast.com\/product\/yoast-seo-premium-wordpress\/ -->\n<title>Das Vikariat Ardning - Stift Admont<\/title>\n<meta name=\"robots\" content=\"index, follow, max-snippet:-1, max-image-preview:large, max-video-preview:-1\" \/>\n<link rel=\"canonical\" href=\"https:\/\/stiftadmont.at\/sl\/zupnije\/zupnijska-skupnost-frauenberg-ardning-hall\/vikariat-ardning\/\" \/>\n<meta property=\"og:locale\" content=\"sl_SI\" \/>\n<meta property=\"og:type\" content=\"article\" \/>\n<meta property=\"og:title\" content=\"Das Vikariat Ardning\" \/>\n<meta property=\"og:url\" content=\"https:\/\/stiftadmont.at\/sl\/zupnije\/zupnijska-skupnost-frauenberg-ardning-hall\/vikariat-ardning\/\" \/>\n<meta property=\"og:site_name\" content=\"Stift Admont\" \/>\n<meta property=\"article:modified_time\" content=\"2026-03-04T07:05:40+00:00\" \/>\n<meta property=\"og:image\" content=\"https:\/\/stiftadmont.at\/wp-content\/uploads\/Ardning-6.png\" \/>\n\t<meta property=\"og:image:width\" content=\"1376\" \/>\n\t<meta property=\"og:image:height\" content=\"783\" \/>\n\t<meta property=\"og:image:type\" content=\"image\/png\" \/>\n<meta name=\"twitter:card\" content=\"summary_large_image\" \/>\n<meta name=\"twitter:label1\" content=\"Est. reading time\" \/>\n\t<meta name=\"twitter:data1\" content=\"1 minuta\" \/>\n<script type=\"application\/ld+json\" class=\"yoast-schema-graph\">{\"@context\":\"https:\/\/schema.org\",\"@graph\":[{\"@type\":\"WebPage\",\"@id\":\"https:\/\/stiftadmont.at\/pfarren\/pfarrgemeinschaft-frauenberg-ardning-hall\/vikariat-ardning\/\",\"url\":\"https:\/\/stiftadmont.at\/pfarren\/pfarrgemeinschaft-frauenberg-ardning-hall\/vikariat-ardning\/\",\"name\":\"Das Vikariat Ardning - Stift Admont\",\"isPartOf\":{\"@id\":\"https:\/\/stiftadmont.at\/#website\"},\"primaryImageOfPage\":{\"@id\":\"https:\/\/stiftadmont.at\/pfarren\/pfarrgemeinschaft-frauenberg-ardning-hall\/vikariat-ardning\/#primaryimage\"},\"image\":{\"@id\":\"https:\/\/stiftadmont.at\/pfarren\/pfarrgemeinschaft-frauenberg-ardning-hall\/vikariat-ardning\/#primaryimage\"},\"thumbnailUrl\":\"https:\/\/stiftadmont.at\/wp-content\/uploads\/Ardning-6.png\",\"datePublished\":\"2026-02-11T10:49:24+00:00\",\"dateModified\":\"2026-03-04T07:05:40+00:00\",\"breadcrumb\":{\"@id\":\"https:\/\/stiftadmont.at\/pfarren\/pfarrgemeinschaft-frauenberg-ardning-hall\/vikariat-ardning\/#breadcrumb\"},\"inLanguage\":\"sl-SI\",\"potentialAction\":[{\"@type\":\"ReadAction\",\"target\":[\"https:\/\/stiftadmont.at\/pfarren\/pfarrgemeinschaft-frauenberg-ardning-hall\/vikariat-ardning\/\"]}]},{\"@type\":\"ImageObject\",\"inLanguage\":\"sl-SI\",\"@id\":\"https:\/\/stiftadmont.at\/pfarren\/pfarrgemeinschaft-frauenberg-ardning-hall\/vikariat-ardning\/#primaryimage\",\"url\":\"https:\/\/stiftadmont.at\/wp-content\/uploads\/Ardning-6.png\",\"contentUrl\":\"https:\/\/stiftadmont.at\/wp-content\/uploads\/Ardning-6.png\",\"width\":1376,\"height\":783,\"caption\":\"Ardning\"},{\"@type\":\"BreadcrumbList\",\"@id\":\"https:\/\/stiftadmont.at\/pfarren\/pfarrgemeinschaft-frauenberg-ardning-hall\/vikariat-ardning\/#breadcrumb\",\"itemListElement\":[{\"@type\":\"ListItem\",\"position\":1,\"name\":\"Start\",\"item\":\"https:\/\/stiftadmont.at\/\"},{\"@type\":\"ListItem\",\"position\":2,\"name\":\"Pfarren\",\"item\":\"https:\/\/stiftadmont.at\/pfarren\/\"},{\"@type\":\"ListItem\",\"position\":3,\"name\":\"Pfarrgemeinschaft Frauenberg-Ardning-Hall\",\"item\":\"https:\/\/stiftadmont.at\/pfarren\/pfarrgemeinschaft-frauenberg-ardning-hall\/\"},{\"@type\":\"ListItem\",\"position\":4,\"name\":\"Das Vikariat Ardning\"}]},{\"@type\":\"WebSite\",\"@id\":\"https:\/\/stiftadmont.at\/#website\",\"url\":\"https:\/\/stiftadmont.at\/\",\"name\":\"Stift Admont\",\"description\":\"Benediktinerkloster und Sehensw\u00fcrdigkeit im Ges\u00e4use\",\"potentialAction\":[{\"@type\":\"SearchAction\",\"target\":{\"@type\":\"EntryPoint\",\"urlTemplate\":\"https:\/\/stiftadmont.at\/?s={search_term_string}\"},\"query-input\":{\"@type\":\"PropertyValueSpecification\",\"valueRequired\":true,\"valueName\":\"search_term_string\"}}],\"inLanguage\":\"sl-SI\"}]}<\/script>\n<!-- \/ Yoast SEO Premium plugin. -->","yoast_head_json":{"title":"Vikariat Ardning - opatija Admont","robots":{"index":"index","follow":"follow","max-snippet":"max-snippet:-1","max-image-preview":"max-image-preview:large","max-video-preview":"max-video-preview:-1"},"canonical":"https:\/\/stiftadmont.at\/sl\/zupnije\/zupnijska-skupnost-frauenberg-ardning-hall\/vikariat-ardning\/","og_locale":"sl_SI","og_type":"article","og_title":"Das Vikariat Ardning","og_url":"https:\/\/stiftadmont.at\/sl\/zupnije\/zupnijska-skupnost-frauenberg-ardning-hall\/vikariat-ardning\/","og_site_name":"Stift Admont","article_modified_time":"2026-03-04T07:05:40+00:00","og_image":[{"width":1376,"height":783,"url":"https:\/\/stiftadmont.at\/wp-content\/uploads\/Ardning-6.png","type":"image\/png"}],"twitter_card":"summary_large_image","twitter_misc":{"Est. reading time":"1 minuta"},"schema":{"@context":"https:\/\/schema.org","@graph":[{"@type":"WebPage","@id":"https:\/\/stiftadmont.at\/pfarren\/pfarrgemeinschaft-frauenberg-ardning-hall\/vikariat-ardning\/","url":"https:\/\/stiftadmont.at\/pfarren\/pfarrgemeinschaft-frauenberg-ardning-hall\/vikariat-ardning\/","name":"Vikariat Ardning - opatija Admont","isPartOf":{"@id":"https:\/\/stiftadmont.at\/#website"},"primaryImageOfPage":{"@id":"https:\/\/stiftadmont.at\/pfarren\/pfarrgemeinschaft-frauenberg-ardning-hall\/vikariat-ardning\/#primaryimage"},"image":{"@id":"https:\/\/stiftadmont.at\/pfarren\/pfarrgemeinschaft-frauenberg-ardning-hall\/vikariat-ardning\/#primaryimage"},"thumbnailUrl":"https:\/\/stiftadmont.at\/wp-content\/uploads\/Ardning-6.png","datePublished":"2026-02-11T10:49:24+00:00","dateModified":"2026-03-04T07:05:40+00:00","breadcrumb":{"@id":"https:\/\/stiftadmont.at\/pfarren\/pfarrgemeinschaft-frauenberg-ardning-hall\/vikariat-ardning\/#breadcrumb"},"inLanguage":"sl-SI","potentialAction":[{"@type":"ReadAction","target":["https:\/\/stiftadmont.at\/pfarren\/pfarrgemeinschaft-frauenberg-ardning-hall\/vikariat-ardning\/"]}]},{"@type":"ImageObject","inLanguage":"sl-SI","@id":"https:\/\/stiftadmont.at\/pfarren\/pfarrgemeinschaft-frauenberg-ardning-hall\/vikariat-ardning\/#primaryimage","url":"https:\/\/stiftadmont.at\/wp-content\/uploads\/Ardning-6.png","contentUrl":"https:\/\/stiftadmont.at\/wp-content\/uploads\/Ardning-6.png","width":1376,"height":783,"caption":"Ardning"},{"@type":"BreadcrumbList","@id":"https:\/\/stiftadmont.at\/pfarren\/pfarrgemeinschaft-frauenberg-ardning-hall\/vikariat-ardning\/#breadcrumb","itemListElement":[{"@type":"ListItem","position":1,"name":"Start","item":"https:\/\/stiftadmont.at\/"},{"@type":"ListItem","position":2,"name":"Pfarren","item":"https:\/\/stiftadmont.at\/pfarren\/"},{"@type":"ListItem","position":3,"name":"Pfarrgemeinschaft Frauenberg-Ardning-Hall","item":"https:\/\/stiftadmont.at\/pfarren\/pfarrgemeinschaft-frauenberg-ardning-hall\/"},{"@type":"ListItem","position":4,"name":"Das Vikariat Ardning"}]},{"@type":"WebSite","@id":"https:\/\/stiftadmont.at\/#website","url":"https:\/\/stiftadmont.at\/","name":"Opatija Admont","description":"Benediktinski samostan in turisti\u010dna znamenitost v Ges\u00e4use","potentialAction":[{"@type":"SearchAction","target":{"@type":"EntryPoint","urlTemplate":"https:\/\/stiftadmont.at\/?s={search_term_string}"},"query-input":{"@type":"PropertyValueSpecification","valueRequired":true,"valueName":"search_term_string"}}],"inLanguage":"sl-SI"}]}},"_links":{"self":[{"href":"https:\/\/stiftadmont.at\/sl\/wp-json\/wp\/v2\/pages\/39535","targetHints":{"allow":["GET"]}}],"collection":[{"href":"https:\/\/stiftadmont.at\/sl\/wp-json\/wp\/v2\/pages"}],"about":[{"href":"https:\/\/stiftadmont.at\/sl\/wp-json\/wp\/v2\/types\/page"}],"author":[{"embeddable":true,"href":"https:\/\/stiftadmont.at\/sl\/wp-json\/wp\/v2\/users\/7"}],"replies":[{"embeddable":true,"href":"https:\/\/stiftadmont.at\/sl\/wp-json\/wp\/v2\/comments?post=39535"}],"version-history":[{"count":21,"href":"https:\/\/stiftadmont.at\/sl\/wp-json\/wp\/v2\/pages\/39535\/revisions"}],"predecessor-version":[{"id":39934,"href":"https:\/\/stiftadmont.at\/sl\/wp-json\/wp\/v2\/pages\/39535\/revisions\/39934"}],"up":[{"embeddable":true,"href":"https:\/\/stiftadmont.at\/sl\/wp-json\/wp\/v2\/pages\/33540"}],"wp:featuredmedia":[{"embeddable":true,"href":"https:\/\/stiftadmont.at\/sl\/wp-json\/wp\/v2\/media\/39541"}],"wp:attachment":[{"href":"https:\/\/stiftadmont.at\/sl\/wp-json\/wp\/v2\/media?parent=39535"}],"wp:term":[{"taxonomy":"category","embeddable":true,"href":"https:\/\/stiftadmont.at\/sl\/wp-json\/wp\/v2\/categories?post=39535"}],"curies":[{"name":"wp","href":"https:\/\/api.w.org\/{rel}","templated":true}]}}