{"id":39560,"date":"2026-02-11T13:45:11","date_gmt":"2026-02-11T11:45:11","guid":{"rendered":"https:\/\/stiftadmont.at\/?page_id=39560"},"modified":"2026-02-25T12:57:54","modified_gmt":"2026-02-25T10:57:54","slug":"zgodovina","status":"publish","type":"page","link":"https:\/\/stiftadmont.at\/sl\/pfarren\/pfarrgemeinschaft-frauenberg-ardning-hall\/vikariat-ardning\/seelsorgestelle\/geschichte\/","title":{"rendered":"Zgodovina"},"content":{"rendered":"<section id='lightpress__section--block_bac20451ccbda15110b0906b49df9d1e' class='align-center lightpress__section--default-section-space lightpress__section lightpress__section--headline'><div class=\"headline__container\">\n            <h2 class=\"headline text--40 text-medium line line--gold line-above line-middle\">Geschichte des Vikariats Ardning<\/h2>\n        <p class=\"text-center text-gold text--20 text-medium text--uppercase\">Hier finden Sie Informationen zur Geschichte &#8230;<\/p>\n        <div class=\"spacer--40\"><\/div>\n<\/div>\n\n<\/section>\n\n<section id='lightpress__section--block_1c3c3028dc2b731aa54a67276b32efd0' class='bg--beige lightpress__section--colored-bg lightpress__section--default-section-space lightpress__section lightpress__section--content'><div class=\"content__inner\"\n         x-init=\"initContentBlockAnim($el)\">\n        \n    <div class=\"content__grid content__grid--fifty-fifty\">\n                                            <div class=\"content__box content__box\"\n                 style=\"\">\n                                \n                \n                                            <div class=\"prose\"><p>Das Gemeindegebiet von Ardning geh\u00f6rte urspr\u00fcnglich und bereits vor der Gr\u00fcndung des Stiftes Admont (1074) zur gro\u00dfen Mutterpfarre St. Amandus in Admont. Wegen der von Admont weit entfernten Lage der Siedlung in Ardning erschien es w\u00fcnschenswert, eine eigene Kirche im Ort zu haben, sodass die Bewohner von Ardning nicht zum Gottesdienstbesuch und zum Empfang der Sakramente nach Admont gehen mussten. Wann allerdings in Ardning der erste Kirchenbau entstand, ist nicht bekannt. Doch muss im sp\u00e4ten 13. Jahrhundert schon ein Gotteshaus bestanden haben, weil in einem Urbar des Stiftes Admont aus der Zeit um 1280 auch eine \u201eMesnerkeusche\u201c genannt wird. Nicht ganz zuf\u00e4llig ist wohl auch das Patrozinium gew\u00e4hlt worden: Johannes dem T\u00e4ufer hat man h\u00e4ufig solche Kirchen geweiht, die urspr\u00fcnglich nicht den Sitz einer eigenen Pfarre bildeten, sondern zun\u00e4chst nur mit dem Taufrecht und meistens auch mit dem Begr\u00e4bnisrecht versehen waren. In Ardning d\u00fcrfte beides von Anfang an bestanden haben, denn der Friedhof, der die Kirche umgibt, ist wohl schon sehr fr\u00fch angelegt worden.<\/p>\n<p>\u00a0<\/p>\n<p>Nach alter \u00dcberlieferung hat Abt Georg Lueger von Admont das Gotteshaus um 1410 im gotischen Stil neu errichten lassen, und aus dieser Zeit k\u00f6nnte zumindest noch ein kleiner Teil des Mauerwerks von Presbyterium und Langhaus stammen. Um ebendiese Zeit entstand auf dem nahegelegenen Kulm die bald zu gro\u00dfer Bedeutung gelangte Marienwallfahrt, wo die Seelsorge zun\u00e4chst ebenfalls direkt vom Stift Admont ausge\u00fcbt wurde, bis um die Mitte des 16. Jahrhunderts die selbstst\u00e4ndige Pfarre Frauenberg entstand. Ardning mit seiner Johanneskirche wurde nun dieser neuen Pfarre unterstellt. Aus der Zeit um 1590 ist bekannt, dass der Pfarrer von Frauenberg oder sein Kaplan an sieben Tagen im Jahr nach Ardning kam, um hier Gottesdienst zu feiern.<\/p>\n<\/div>\n                    \n                            <\/div>\n        \n                                                    <div class=\"content__box content__box--2\"\n                     >\n                                        \n                    \n                                                    <div class=\"prose\"><p>Im 17. Jahrhundert lie\u00df der Admonter Abt Raimund von Rehling die Ardninger Kirche durchgreifend im Stil des Fr\u00fchbarock erneuern. Am 16. August 1666 nahm er die Neuweihe des Gotteshauses vor. Im Zuge der von Kaiser Joseph II. betriebenen Neuregelung und Verdichtung des Pfarrnetzes war auch an der Johannes-Kirche die Schaffung einer sogenannten \u201eLokalkuratie\u201c vorgesehen, die mit einem Admonter Benediktiner zu besetzen war. Der Seelsorgesprengel wurde zur G\u00e4nze dem Pfarrgebiet von Frauenberg entnommen, und im Herbst 1786 trat P. Nonnosus Streubl OSB als erster \u201eLokalkurat\u201c von Ardning seinen Dienst an, nachdem das alte Mesnerhaus zum Pfarrhof umgestaltet worden war.<\/p>\n<p>1878 wurde diese selbstst\u00e4ndige Lokalkuratie Ardning aufgehoben und der Seelsorgesprengel wieder der Mutterpfarre Frauenbergangegliedert, die Johannes-Kirche wurde wieder eine Filialkirche der Pfarre- und Wallfahrtskirche Frauenberg an der Enns.<\/p>\n<p>\u00a0<\/p>\n<p>1946 entstand durch Funkenflug der nahen Eisenbahn ein verheerender Gro\u00dfbrand, der das Gotteshaus und den Pfarrhof weitgehend ein\u00e4scherte und einige unersetzliche Kunstwerke zerst\u00f6rte, darunter zwei Engel des Bildhauers Josef Stammel und eine sp\u00e4tgotische Anna-Selbdritt-Gruppe. Beim zu einem gro\u00dfen Teil aus Versicherungsgeldern finanzierten Wiederaufbau \u00fcbernahmen die Di\u00f6zese Seckau den Kirchenbau und das Stift Admont die Errichtung eines neuen Pfarrhofes. Die Ardninger Johanneskirche wurde in einem schlichten, dem Barock angelehnten, Baustil wiedererrichtet.<\/p>\n<p>\u00a0<\/p>\n<p>Von 1956 bis 2015 lebten wieder Seelsorger im Pfarrhof Ardning, ehe durch den gegenw\u00e4rtigen Superior und Pfarrer von Frauenberg, P. Maximilian Schieferm\u00fcller OSB, der auch f\u00fcr die Filiale Ardning in seelsorglicher Hinsicht zust\u00e4ndig ist, ein st\u00e4rkeres Miteinander beider Sprengel in der Pfarre Frauenberg betrieben wird.<\/p>\n<\/div>\n                        \n                                    <\/div>\n            \n            <\/div>\n<\/div>\n\n    <div class=\"background__container background__container--beige\">\n    <\/div>\n\n<\/section>\n\n<section id='lightpress__section--block_3861d9aa9dba03cb719a6726f49c3810' class='lightpress__section--default-section-space lightpress__section lightpress__section--image-slider'>\n<div class=\"image-slider\"\n     x-data=\"{ gallery: null, shown: false }\"\n     x-init=\"gallery = initSliderGallery([{&quot;href&quot;:&quot;https:\\\/\\\/stiftadmont.at\\\/wp-content\\\/uploads\\\/Ardning-6.png&quot;,&quot;type&quot;:&quot;image&quot;},{&quot;href&quot;:&quot;https:\\\/\\\/stiftadmont.at\\\/wp-content\\\/uploads\\\/aa8d4124ae8658cb129889c12ec1d0bf_XL-scaled.jpg&quot;,&quot;type&quot;:&quot;image&quot;},{&quot;href&quot;:&quot;https:\\\/\\\/stiftadmont.at\\\/wp-content\\\/uploads\\\/Ardning-5.png&quot;,&quot;type&quot;:&quot;image&quot;},{&quot;href&quot;:&quot;https:\\\/\\\/stiftadmont.at\\\/wp-content\\\/uploads\\\/Ardning-4.png&quot;,&quot;type&quot;:&quot;image&quot;},{&quot;href&quot;:&quot;https:\\\/\\\/stiftadmont.at\\\/wp-content\\\/uploads\\\/Ardning-3.png&quot;,&quot;type&quot;:&quot;image&quot;},{&quot;href&quot;:&quot;https:\\\/\\\/stiftadmont.at\\\/wp-content\\\/uploads\\\/Ardning-2.png&quot;,&quot;type&quot;:&quot;image&quot;},{&quot;href&quot;:&quot;https:\\\/\\\/stiftadmont.at\\\/wp-content\\\/uploads\\\/Ardning-1.png&quot;,&quot;type&quot;:&quot;image&quot;}]); initImageSliderBlockAnim($el);\">\n    <div class=\"image-slider__inner\">\n\n        <div class=\"swiper-container\" x-init=\"initImageSliderBlock($el, $refs.btnPrev, $refs.btnNext)\">\n            <div class=\"swiper-wrapper\">\n                                    <div class=\"swiper-slide\">\n                        <div class=\"image-slider__media\">\n                            <img decoding=\"async\" class=\"image-slider__image\"\n                                 src=\"https:\/\/stiftadmont.at\/wp-content\/uploads\/Ardning-6-768x437.png\"\n                                 alt=\"Ardning\">\n                        <\/div>\n                    <\/div>\n                                    <div class=\"swiper-slide\">\n                        <div class=\"image-slider__media\">\n                            <img decoding=\"async\" class=\"image-slider__image\"\n                                 src=\"https:\/\/stiftadmont.at\/wp-content\/uploads\/aa8d4124ae8658cb129889c12ec1d0bf_XL-768x1083.jpg\"\n                                 alt=\"Seelsorgestelle Ardning\">\n                        <\/div>\n                    <\/div>\n                                    <div class=\"swiper-slide\">\n                        <div class=\"image-slider__media\">\n                            <img decoding=\"async\" class=\"image-slider__image\"\n                                 src=\"https:\/\/stiftadmont.at\/wp-content\/uploads\/Ardning-5-768x424.png\"\n                                 alt=\"Ardning\">\n                        <\/div>\n                    <\/div>\n                                    <div class=\"swiper-slide\">\n                        <div class=\"image-slider__media\">\n                            <img decoding=\"async\" class=\"image-slider__image\"\n                                 src=\"https:\/\/stiftadmont.at\/wp-content\/uploads\/Ardning-4-768x415.png\"\n                                 alt=\"Ardning\">\n                        <\/div>\n                    <\/div>\n                                    <div class=\"swiper-slide\">\n                        <div class=\"image-slider__media\">\n                            <img decoding=\"async\" class=\"image-slider__image\"\n                                 src=\"https:\/\/stiftadmont.at\/wp-content\/uploads\/Ardning-3-768x422.png\"\n                                 alt=\"Ardning\">\n                        <\/div>\n                    <\/div>\n                                    <div class=\"swiper-slide\">\n                        <div class=\"image-slider__media\">\n                            <img decoding=\"async\" class=\"image-slider__image\"\n                                 src=\"https:\/\/stiftadmont.at\/wp-content\/uploads\/Ardning-2-768x433.png\"\n                                 alt=\"Ardning\">\n                        <\/div>\n                    <\/div>\n                                    <div class=\"swiper-slide\">\n                        <div class=\"image-slider__media\">\n                            <img decoding=\"async\" class=\"image-slider__image\"\n                                 src=\"https:\/\/stiftadmont.at\/wp-content\/uploads\/Ardning-1-768x427.png\"\n                                 alt=\"Ardning\">\n                        <\/div>\n                    <\/div>\n                            <\/div>\n\n            <div class=\"swiper-nav-wrapper\">\n                <button class=\"swiper-button-prev slider-button--prev\" x-ref=\"btnPrev\"\n                        aria-label=\"Vorige Bilder anzeigen\">\n                    <img decoding=\"async\" src=\"\/wp-content\/themes\/stift-admont\/src\/assets\/img\/arrow-left-big-new.svg\" alt=\"Pfeil nach Links\">\n                <\/button>\n\n\n                <a class=\"image-slider__gallery\" @click=\"openGallery(gallery)\"><i class=\"fa-thin fa-plus\"><\/i><\/a>\n                <button class=\"swiper-button-next slider-button--next\"\n                        x-ref=\"btnNext\"\n                        aria-label=\"N\u00e4chste Bilder anzeigen\">\n                    <img decoding=\"async\" src=\"\/wp-content\/themes\/stift-admont\/src\/assets\/img\/arrow-right-big-new.svg\" alt=\"Pfeil nach Rechts\">\n                <\/button>\n            <\/div>\n        <\/div>\n    <\/div>\n\n\n<\/div><\/section>","protected":false},"excerpt":{"rendered":"","protected":false},"author":7,"featured_media":0,"parent":39544,"menu_order":0,"comment_status":"closed","ping_status":"closed","template":"","meta":{"_acf_changed":false,"footnotes":""},"categories":[],"class_list":["post-39560","page","type-page","status-publish","hentry"],"acf":[],"yoast_head":"<!-- This site is optimized with the Yoast SEO Premium plugin v26.0 (Yoast SEO v26.8) - https:\/\/yoast.com\/product\/yoast-seo-premium-wordpress\/ -->\n<title>Geschichte - Stift Admont<\/title>\n<meta name=\"robots\" content=\"index, follow, max-snippet:-1, max-image-preview:large, max-video-preview:-1\" \/>\n<link rel=\"canonical\" href=\"https:\/\/stiftadmont.at\/sl\/zupnije\/zupnijska-skupnost-frauenberg-ardning-hall\/vikariat-ardning\/center-za-pastoralno-oskrbo\/zgodovina\/\" \/>\n<meta property=\"og:locale\" content=\"sl_SI\" \/>\n<meta property=\"og:type\" content=\"article\" \/>\n<meta property=\"og:title\" content=\"Geschichte\" \/>\n<meta property=\"og:url\" content=\"https:\/\/stiftadmont.at\/sl\/zupnije\/zupnijska-skupnost-frauenberg-ardning-hall\/vikariat-ardning\/center-za-pastoralno-oskrbo\/zgodovina\/\" \/>\n<meta property=\"og:site_name\" content=\"Stift Admont\" \/>\n<meta property=\"article:modified_time\" content=\"2026-02-25T10:57:54+00:00\" \/>\n<meta property=\"og:image\" content=\"https:\/\/stiftadmont.at\/wp-content\/uploads\/Klosteranlage-innen.jpg\" \/>\n\t<meta property=\"og:image:width\" content=\"1912\" \/>\n\t<meta property=\"og:image:height\" content=\"1188\" \/>\n\t<meta property=\"og:image:type\" content=\"image\/jpeg\" \/>\n<meta name=\"twitter:card\" content=\"summary_large_image\" \/>\n<script type=\"application\/ld+json\" class=\"yoast-schema-graph\">{\"@context\":\"https:\/\/schema.org\",\"@graph\":[{\"@type\":\"WebPage\",\"@id\":\"https:\/\/stiftadmont.at\/pfarren\/pfarrgemeinschaft-frauenberg-ardning-hall\/vikariat-ardning\/seelsorgestelle\/geschichte\/\",\"url\":\"https:\/\/stiftadmont.at\/pfarren\/pfarrgemeinschaft-frauenberg-ardning-hall\/vikariat-ardning\/seelsorgestelle\/geschichte\/\",\"name\":\"Geschichte - Stift Admont\",\"isPartOf\":{\"@id\":\"https:\/\/stiftadmont.at\/#website\"},\"datePublished\":\"2026-02-11T11:45:11+00:00\",\"dateModified\":\"2026-02-25T10:57:54+00:00\",\"breadcrumb\":{\"@id\":\"https:\/\/stiftadmont.at\/pfarren\/pfarrgemeinschaft-frauenberg-ardning-hall\/vikariat-ardning\/seelsorgestelle\/geschichte\/#breadcrumb\"},\"inLanguage\":\"sl-SI\",\"potentialAction\":[{\"@type\":\"ReadAction\",\"target\":[\"https:\/\/stiftadmont.at\/pfarren\/pfarrgemeinschaft-frauenberg-ardning-hall\/vikariat-ardning\/seelsorgestelle\/geschichte\/\"]}]},{\"@type\":\"BreadcrumbList\",\"@id\":\"https:\/\/stiftadmont.at\/pfarren\/pfarrgemeinschaft-frauenberg-ardning-hall\/vikariat-ardning\/seelsorgestelle\/geschichte\/#breadcrumb\",\"itemListElement\":[{\"@type\":\"ListItem\",\"position\":1,\"name\":\"Start\",\"item\":\"https:\/\/stiftadmont.at\/\"},{\"@type\":\"ListItem\",\"position\":2,\"name\":\"Pfarren\",\"item\":\"https:\/\/stiftadmont.at\/pfarren\/\"},{\"@type\":\"ListItem\",\"position\":3,\"name\":\"Pfarrgemeinschaft Frauenberg-Ardning-Hall\",\"item\":\"https:\/\/stiftadmont.at\/pfarren\/pfarrgemeinschaft-frauenberg-ardning-hall\/\"},{\"@type\":\"ListItem\",\"position\":4,\"name\":\"Das Vikariat Ardning\",\"item\":\"https:\/\/stiftadmont.at\/pfarren\/pfarrgemeinschaft-frauenberg-ardning-hall\/vikariat-ardning\/\"},{\"@type\":\"ListItem\",\"position\":5,\"name\":\"Das Vikariat Ardning\",\"item\":\"https:\/\/stiftadmont.at\/pfarren\/pfarrgemeinschaft-frauenberg-ardning-hall\/vikariat-ardning\/seelsorgestelle\/\"},{\"@type\":\"ListItem\",\"position\":6,\"name\":\"Geschichte\"}]},{\"@type\":\"WebSite\",\"@id\":\"https:\/\/stiftadmont.at\/#website\",\"url\":\"https:\/\/stiftadmont.at\/\",\"name\":\"Stift Admont\",\"description\":\"Benediktinerkloster und Sehensw\u00fcrdigkeit im Ges\u00e4use\",\"potentialAction\":[{\"@type\":\"SearchAction\",\"target\":{\"@type\":\"EntryPoint\",\"urlTemplate\":\"https:\/\/stiftadmont.at\/?s={search_term_string}\"},\"query-input\":{\"@type\":\"PropertyValueSpecification\",\"valueRequired\":true,\"valueName\":\"search_term_string\"}}],\"inLanguage\":\"sl-SI\"}]}<\/script>\n<!-- \/ Yoast SEO Premium plugin. -->","yoast_head_json":{"title":"Zgodovina - opatija Admont","robots":{"index":"index","follow":"follow","max-snippet":"max-snippet:-1","max-image-preview":"max-image-preview:large","max-video-preview":"max-video-preview:-1"},"canonical":"https:\/\/stiftadmont.at\/sl\/zupnije\/zupnijska-skupnost-frauenberg-ardning-hall\/vikariat-ardning\/center-za-pastoralno-oskrbo\/zgodovina\/","og_locale":"sl_SI","og_type":"article","og_title":"Geschichte","og_url":"https:\/\/stiftadmont.at\/sl\/zupnije\/zupnijska-skupnost-frauenberg-ardning-hall\/vikariat-ardning\/center-za-pastoralno-oskrbo\/zgodovina\/","og_site_name":"Stift Admont","article_modified_time":"2026-02-25T10:57:54+00:00","og_image":[{"width":1912,"height":1188,"url":"https:\/\/stiftadmont.at\/wp-content\/uploads\/Klosteranlage-innen.jpg","type":"image\/jpeg"}],"twitter_card":"summary_large_image","schema":{"@context":"https:\/\/schema.org","@graph":[{"@type":"WebPage","@id":"https:\/\/stiftadmont.at\/pfarren\/pfarrgemeinschaft-frauenberg-ardning-hall\/vikariat-ardning\/seelsorgestelle\/geschichte\/","url":"https:\/\/stiftadmont.at\/pfarren\/pfarrgemeinschaft-frauenberg-ardning-hall\/vikariat-ardning\/seelsorgestelle\/geschichte\/","name":"Zgodovina - opatija Admont","isPartOf":{"@id":"https:\/\/stiftadmont.at\/#website"},"datePublished":"2026-02-11T11:45:11+00:00","dateModified":"2026-02-25T10:57:54+00:00","breadcrumb":{"@id":"https:\/\/stiftadmont.at\/pfarren\/pfarrgemeinschaft-frauenberg-ardning-hall\/vikariat-ardning\/seelsorgestelle\/geschichte\/#breadcrumb"},"inLanguage":"sl-SI","potentialAction":[{"@type":"ReadAction","target":["https:\/\/stiftadmont.at\/pfarren\/pfarrgemeinschaft-frauenberg-ardning-hall\/vikariat-ardning\/seelsorgestelle\/geschichte\/"]}]},{"@type":"BreadcrumbList","@id":"https:\/\/stiftadmont.at\/pfarren\/pfarrgemeinschaft-frauenberg-ardning-hall\/vikariat-ardning\/seelsorgestelle\/geschichte\/#breadcrumb","itemListElement":[{"@type":"ListItem","position":1,"name":"Start","item":"https:\/\/stiftadmont.at\/"},{"@type":"ListItem","position":2,"name":"Pfarren","item":"https:\/\/stiftadmont.at\/pfarren\/"},{"@type":"ListItem","position":3,"name":"Pfarrgemeinschaft Frauenberg-Ardning-Hall","item":"https:\/\/stiftadmont.at\/pfarren\/pfarrgemeinschaft-frauenberg-ardning-hall\/"},{"@type":"ListItem","position":4,"name":"Das Vikariat Ardning","item":"https:\/\/stiftadmont.at\/pfarren\/pfarrgemeinschaft-frauenberg-ardning-hall\/vikariat-ardning\/"},{"@type":"ListItem","position":5,"name":"Das Vikariat Ardning","item":"https:\/\/stiftadmont.at\/pfarren\/pfarrgemeinschaft-frauenberg-ardning-hall\/vikariat-ardning\/seelsorgestelle\/"},{"@type":"ListItem","position":6,"name":"Geschichte"}]},{"@type":"WebSite","@id":"https:\/\/stiftadmont.at\/#website","url":"https:\/\/stiftadmont.at\/","name":"Opatija Admont","description":"Benediktinski samostan in turisti\u010dna znamenitost v Ges\u00e4use","potentialAction":[{"@type":"SearchAction","target":{"@type":"EntryPoint","urlTemplate":"https:\/\/stiftadmont.at\/?s={search_term_string}"},"query-input":{"@type":"PropertyValueSpecification","valueRequired":true,"valueName":"search_term_string"}}],"inLanguage":"sl-SI"}]}},"_links":{"self":[{"href":"https:\/\/stiftadmont.at\/sl\/wp-json\/wp\/v2\/pages\/39560","targetHints":{"allow":["GET"]}}],"collection":[{"href":"https:\/\/stiftadmont.at\/sl\/wp-json\/wp\/v2\/pages"}],"about":[{"href":"https:\/\/stiftadmont.at\/sl\/wp-json\/wp\/v2\/types\/page"}],"author":[{"embeddable":true,"href":"https:\/\/stiftadmont.at\/sl\/wp-json\/wp\/v2\/users\/7"}],"replies":[{"embeddable":true,"href":"https:\/\/stiftadmont.at\/sl\/wp-json\/wp\/v2\/comments?post=39560"}],"version-history":[{"count":3,"href":"https:\/\/stiftadmont.at\/sl\/wp-json\/wp\/v2\/pages\/39560\/revisions"}],"predecessor-version":[{"id":39815,"href":"https:\/\/stiftadmont.at\/sl\/wp-json\/wp\/v2\/pages\/39560\/revisions\/39815"}],"up":[{"embeddable":true,"href":"https:\/\/stiftadmont.at\/sl\/wp-json\/wp\/v2\/pages\/39544"}],"wp:attachment":[{"href":"https:\/\/stiftadmont.at\/sl\/wp-json\/wp\/v2\/media?parent=39560"}],"wp:term":[{"taxonomy":"category","embeddable":true,"href":"https:\/\/stiftadmont.at\/sl\/wp-json\/wp\/v2\/categories?post=39560"}],"curies":[{"name":"wp","href":"https:\/\/api.w.org\/{rel}","templated":true}]}}