{"id":39926,"date":"2026-03-03T23:49:46","date_gmt":"2026-03-03T21:49:46","guid":{"rendered":"https:\/\/stiftadmont.at\/?page_id=39926"},"modified":"2026-03-04T09:09:03","modified_gmt":"2026-03-04T07:09:03","slug":"urni-travnik","status":"publish","type":"page","link":"https:\/\/stiftadmont.at\/sl\/pfarren\/pfarrgemeinschaft-frauenberg-ardning-hall\/vikariat-ardning\/urnenwiese\/","title":{"rendered":"Nova mo\u017enost pokopa - urni travnik v Ardningu"},"content":{"rendered":"<section id='lightpress__section--block_a30173d5f8c92f1333aa53282943d727' class='lightpress__section--default-section-space lightpress__section lightpress__section--content'><div class=\"content__inner\"\n         x-init=\"initContentBlockAnim($el)\">\n        \n    <div class=\"content__grid content__grid--fifty-fifty\">\n                                            <div class=\"content__box content__box\"\n                 style=\"\">\n                                \n                \n                                            <div class=\"prose\"><h5 class=\"heading-m line line-above line--gold\">Nova mo\u017enost pokopa - urni travnik v Ardningu<\/h5>\n<p>\u00a0<\/p>\n<p>\u00a0Pokopali\u0161\u010de je ena najpomembnej\u0161ih kulturnih dobrin vsakega kraja in ljudstva. To je javni prostor spomina na pokojne. \u0160e vedno velja pregovor: \u201e\u010ce \u017eelite vedeti, kateri ljudje \u017eivijo v nekem kraju, si oglejte tamkaj\u0161nje pokopali\u0161\u010de!\u201c<\/p>\n<p>\u00a0<\/p>\n<p>Tudi za nas je z vidika vere pomembno, da obstaja skupni kraj spomina na na\u0161e drage pokojne, ki je dostopen vsem. Njihova imena, zapisana z Bo\u017ejo roko, ne smejo biti pozabljena. Zato pripisujemo velik pomen spominu na mrtve ter skrbi za pokopali\u0161\u010de in grobove.<\/p>\n<p>\u00a0<\/p>\n<p>Hkrati vemo, da je slovo od pokojnih in skrb za njihove grobove za mnoge ljudi danes \u0161e posebej te\u017eko.<\/p>\n<p>\u00a0<\/p>\n<p>Poleg pokopali\u0161\u010d v Ardningu in Frauenbergu je urni travnik v Ardningu zasnovan kot dostojanstvena mo\u017enost \u201ezadnjega po\u010ditka\u201c na\u0161ih pokojnikov. Urna je obmo\u010dje na pokopali\u0161\u010du Ardning, ki je ograjeno z ograjo.\u00a0<\/p>\n<\/div>\n                    \n                            <\/div>\n        \n                                                    <div class=\"content__box content__box--2\"\n                     >\n                                        \n                    \n                                                    <div class=\"prose\"><p>Pokop urn v zemljo je anonimen, kar pomeni, da v zemljo ne bo polo\u017een nagrobni kamen ali kri\u017e. Na travnik tudi ni mogo\u010de vstopiti; neposredno na travnik ni mogo\u010de polo\u017eiti cvetja ali pri\u017egati sve\u010d. Vendar pa je na zunanji strani mejne ograje lepo \u201espominsko mesto\u201c. Tu so navedena imena pokopanih na travniku, prav tako je mogo\u010de pri\u017egati sve\u010de in polo\u017eiti cvetje.<\/p>\n<p>\u00a0<\/p>\n<p>Sorodnikom vzdr\u017eevanje grobov popolnoma odpade - prevzame ga uprava pokopali\u0161\u010da.\u00a0<\/p>\n<p>\u00a0<\/p>\n<p>Obstajajo <strong>enkratno pristojbino v vi\u0161ini 500 EUR. <\/strong>za pokop v razgradljivi urni. Po desetih letih vas bo uprava pokopali\u0161\u010da vpra\u0161ala, ali \u017eelite \u201epodalj\u0161anje\u201c, tj. ali naj se plo\u0161\u010dica z imenom odstrani ali ne.<\/p>\n<p>\u00a0<\/p>\n<p>Dodatne informacije:<\/p>\n<p><strong> Uprava pokopali\u0161\u010da Ardning<\/strong> (na \u017eupnijskem uradu Frauenberg): Patrizia Freydecker.<\/p>\n<p>Tor - \u010cet 08:30 - 11:30,<\/p>\n<p>pet 08:30 - 10:00<\/p>\n<p>\u00a0<\/p>\n<p><a class=\"phone\" href=\"tel:+0043 3612\/7333\"><span class=\"icon-outer\"><i class=\"fa-light fa-phone\"><\/i><\/span>+43 3612\/7333<\/a>.<\/p>\n<p><a class=\"email\" href=\"mailto:pfarre.frauenberg@stiftadmont.at\"><span class=\"icon-outer\"><i class=\"fa-light fa-envelope\"><\/i><\/span>pfarre.frauenberg@stiftadmont.at<\/a><\/p>\n<p>\u00a0<\/p>\n<\/div>\n                        \n                                    <\/div>\n            \n            <\/div>\n<\/div>\n\n<\/section>","protected":false},"excerpt":{"rendered":"","protected":false},"author":7,"featured_media":39927,"parent":39535,"menu_order":0,"comment_status":"closed","ping_status":"closed","template":"","meta":{"_acf_changed":false,"footnotes":""},"categories":[],"class_list":["post-39926","page","type-page","status-publish","has-post-thumbnail","hentry"],"acf":[],"yoast_head":"<!-- This site is optimized with the Yoast SEO Premium plugin v26.0 (Yoast SEO v26.8) - https:\/\/yoast.com\/product\/yoast-seo-premium-wordpress\/ -->\n<title>Neue Bestattungsm\u00f6glichkeit \u2013 Urnenwiese in Ardning - Stift Admont<\/title>\n<meta name=\"robots\" content=\"index, follow, max-snippet:-1, max-image-preview:large, max-video-preview:-1\" \/>\n<link rel=\"canonical\" href=\"https:\/\/stiftadmont.at\/sl\/zupnije\/zupnijska-skupnost-frauenberg-ardning-hall\/vikariat-ardning\/urni-travnik\/\" \/>\n<meta property=\"og:locale\" content=\"sl_SI\" \/>\n<meta property=\"og:type\" content=\"article\" \/>\n<meta property=\"og:title\" content=\"Neue Bestattungsm\u00f6glichkeit \u2013 Urnenwiese in Ardning\" \/>\n<meta property=\"og:url\" content=\"https:\/\/stiftadmont.at\/sl\/zupnije\/zupnijska-skupnost-frauenberg-ardning-hall\/vikariat-ardning\/urni-travnik\/\" \/>\n<meta property=\"og:site_name\" content=\"Stift Admont\" \/>\n<meta property=\"article:modified_time\" content=\"2026-03-04T07:09:03+00:00\" \/>\n<meta property=\"og:image\" content=\"https:\/\/stiftadmont.at\/wp-content\/uploads\/urnenwiese-ardning-769x1024.png\" \/>\n\t<meta property=\"og:image:width\" content=\"769\" \/>\n\t<meta property=\"og:image:height\" content=\"1024\" \/>\n\t<meta property=\"og:image:type\" content=\"image\/png\" \/>\n<meta name=\"twitter:card\" content=\"summary_large_image\" \/>\n<meta name=\"twitter:label1\" content=\"Est. reading time\" \/>\n\t<meta name=\"twitter:data1\" content=\"1 minuta\" \/>\n<script type=\"application\/ld+json\" class=\"yoast-schema-graph\">{\"@context\":\"https:\/\/schema.org\",\"@graph\":[{\"@type\":\"WebPage\",\"@id\":\"https:\/\/stiftadmont.at\/pfarren\/pfarrgemeinschaft-frauenberg-ardning-hall\/vikariat-ardning\/urnenwiese\/\",\"url\":\"https:\/\/stiftadmont.at\/pfarren\/pfarrgemeinschaft-frauenberg-ardning-hall\/vikariat-ardning\/urnenwiese\/\",\"name\":\"Neue Bestattungsm\u00f6glichkeit \u2013 Urnenwiese in Ardning - Stift Admont\",\"isPartOf\":{\"@id\":\"https:\/\/stiftadmont.at\/#website\"},\"primaryImageOfPage\":{\"@id\":\"https:\/\/stiftadmont.at\/pfarren\/pfarrgemeinschaft-frauenberg-ardning-hall\/vikariat-ardning\/urnenwiese\/#primaryimage\"},\"image\":{\"@id\":\"https:\/\/stiftadmont.at\/pfarren\/pfarrgemeinschaft-frauenberg-ardning-hall\/vikariat-ardning\/urnenwiese\/#primaryimage\"},\"thumbnailUrl\":\"https:\/\/stiftadmont.at\/wp-content\/uploads\/urnenwiese-ardning.png\",\"datePublished\":\"2026-03-03T21:49:46+00:00\",\"dateModified\":\"2026-03-04T07:09:03+00:00\",\"breadcrumb\":{\"@id\":\"https:\/\/stiftadmont.at\/pfarren\/pfarrgemeinschaft-frauenberg-ardning-hall\/vikariat-ardning\/urnenwiese\/#breadcrumb\"},\"inLanguage\":\"sl-SI\",\"potentialAction\":[{\"@type\":\"ReadAction\",\"target\":[\"https:\/\/stiftadmont.at\/pfarren\/pfarrgemeinschaft-frauenberg-ardning-hall\/vikariat-ardning\/urnenwiese\/\"]}]},{\"@type\":\"ImageObject\",\"inLanguage\":\"sl-SI\",\"@id\":\"https:\/\/stiftadmont.at\/pfarren\/pfarrgemeinschaft-frauenberg-ardning-hall\/vikariat-ardning\/urnenwiese\/#primaryimage\",\"url\":\"https:\/\/stiftadmont.at\/wp-content\/uploads\/urnenwiese-ardning.png\",\"contentUrl\":\"https:\/\/stiftadmont.at\/wp-content\/uploads\/urnenwiese-ardning.png\",\"width\":1390,\"height\":1851,\"caption\":\"urnenwiese ardning\"},{\"@type\":\"BreadcrumbList\",\"@id\":\"https:\/\/stiftadmont.at\/pfarren\/pfarrgemeinschaft-frauenberg-ardning-hall\/vikariat-ardning\/urnenwiese\/#breadcrumb\",\"itemListElement\":[{\"@type\":\"ListItem\",\"position\":1,\"name\":\"Start\",\"item\":\"https:\/\/stiftadmont.at\/\"},{\"@type\":\"ListItem\",\"position\":2,\"name\":\"Pfarren\",\"item\":\"https:\/\/stiftadmont.at\/pfarren\/\"},{\"@type\":\"ListItem\",\"position\":3,\"name\":\"Pfarrgemeinschaft Frauenberg-Ardning-Hall\",\"item\":\"https:\/\/stiftadmont.at\/pfarren\/pfarrgemeinschaft-frauenberg-ardning-hall\/\"},{\"@type\":\"ListItem\",\"position\":4,\"name\":\"Das Vikariat Ardning\",\"item\":\"https:\/\/stiftadmont.at\/pfarren\/pfarrgemeinschaft-frauenberg-ardning-hall\/vikariat-ardning\/\"},{\"@type\":\"ListItem\",\"position\":5,\"name\":\"Neue Bestattungsm\u00f6glichkeit \u2013 Urnenwiese in Ardning\"}]},{\"@type\":\"WebSite\",\"@id\":\"https:\/\/stiftadmont.at\/#website\",\"url\":\"https:\/\/stiftadmont.at\/\",\"name\":\"Stift Admont\",\"description\":\"Benediktinerkloster und Sehensw\u00fcrdigkeit im Ges\u00e4use\",\"potentialAction\":[{\"@type\":\"SearchAction\",\"target\":{\"@type\":\"EntryPoint\",\"urlTemplate\":\"https:\/\/stiftadmont.at\/?s={search_term_string}\"},\"query-input\":{\"@type\":\"PropertyValueSpecification\",\"valueRequired\":true,\"valueName\":\"search_term_string\"}}],\"inLanguage\":\"sl-SI\"}]}<\/script>\n<!-- \/ Yoast SEO Premium plugin. -->","yoast_head_json":{"title":"Nova mo\u017enost pokopa - travnik z urnami v Ardningu - opatija Admont","robots":{"index":"index","follow":"follow","max-snippet":"max-snippet:-1","max-image-preview":"max-image-preview:large","max-video-preview":"max-video-preview:-1"},"canonical":"https:\/\/stiftadmont.at\/sl\/zupnije\/zupnijska-skupnost-frauenberg-ardning-hall\/vikariat-ardning\/urni-travnik\/","og_locale":"sl_SI","og_type":"article","og_title":"Neue Bestattungsm\u00f6glichkeit \u2013 Urnenwiese in Ardning","og_url":"https:\/\/stiftadmont.at\/sl\/zupnije\/zupnijska-skupnost-frauenberg-ardning-hall\/vikariat-ardning\/urni-travnik\/","og_site_name":"Stift Admont","article_modified_time":"2026-03-04T07:09:03+00:00","og_image":[{"width":769,"height":1024,"url":"https:\/\/stiftadmont.at\/wp-content\/uploads\/urnenwiese-ardning-769x1024.png","type":"image\/png"}],"twitter_card":"summary_large_image","twitter_misc":{"Est. reading time":"1 minuta"},"schema":{"@context":"https:\/\/schema.org","@graph":[{"@type":"WebPage","@id":"https:\/\/stiftadmont.at\/pfarren\/pfarrgemeinschaft-frauenberg-ardning-hall\/vikariat-ardning\/urnenwiese\/","url":"https:\/\/stiftadmont.at\/pfarren\/pfarrgemeinschaft-frauenberg-ardning-hall\/vikariat-ardning\/urnenwiese\/","name":"Nova mo\u017enost pokopa - travnik z urnami v Ardningu - opatija Admont","isPartOf":{"@id":"https:\/\/stiftadmont.at\/#website"},"primaryImageOfPage":{"@id":"https:\/\/stiftadmont.at\/pfarren\/pfarrgemeinschaft-frauenberg-ardning-hall\/vikariat-ardning\/urnenwiese\/#primaryimage"},"image":{"@id":"https:\/\/stiftadmont.at\/pfarren\/pfarrgemeinschaft-frauenberg-ardning-hall\/vikariat-ardning\/urnenwiese\/#primaryimage"},"thumbnailUrl":"https:\/\/stiftadmont.at\/wp-content\/uploads\/urnenwiese-ardning.png","datePublished":"2026-03-03T21:49:46+00:00","dateModified":"2026-03-04T07:09:03+00:00","breadcrumb":{"@id":"https:\/\/stiftadmont.at\/pfarren\/pfarrgemeinschaft-frauenberg-ardning-hall\/vikariat-ardning\/urnenwiese\/#breadcrumb"},"inLanguage":"sl-SI","potentialAction":[{"@type":"ReadAction","target":["https:\/\/stiftadmont.at\/pfarren\/pfarrgemeinschaft-frauenberg-ardning-hall\/vikariat-ardning\/urnenwiese\/"]}]},{"@type":"ImageObject","inLanguage":"sl-SI","@id":"https:\/\/stiftadmont.at\/pfarren\/pfarrgemeinschaft-frauenberg-ardning-hall\/vikariat-ardning\/urnenwiese\/#primaryimage","url":"https:\/\/stiftadmont.at\/wp-content\/uploads\/urnenwiese-ardning.png","contentUrl":"https:\/\/stiftadmont.at\/wp-content\/uploads\/urnenwiese-ardning.png","width":1390,"height":1851,"caption":"urnenwiese ardning"},{"@type":"BreadcrumbList","@id":"https:\/\/stiftadmont.at\/pfarren\/pfarrgemeinschaft-frauenberg-ardning-hall\/vikariat-ardning\/urnenwiese\/#breadcrumb","itemListElement":[{"@type":"ListItem","position":1,"name":"Start","item":"https:\/\/stiftadmont.at\/"},{"@type":"ListItem","position":2,"name":"Pfarren","item":"https:\/\/stiftadmont.at\/pfarren\/"},{"@type":"ListItem","position":3,"name":"Pfarrgemeinschaft Frauenberg-Ardning-Hall","item":"https:\/\/stiftadmont.at\/pfarren\/pfarrgemeinschaft-frauenberg-ardning-hall\/"},{"@type":"ListItem","position":4,"name":"Das Vikariat Ardning","item":"https:\/\/stiftadmont.at\/pfarren\/pfarrgemeinschaft-frauenberg-ardning-hall\/vikariat-ardning\/"},{"@type":"ListItem","position":5,"name":"Neue Bestattungsm\u00f6glichkeit \u2013 Urnenwiese in Ardning"}]},{"@type":"WebSite","@id":"https:\/\/stiftadmont.at\/#website","url":"https:\/\/stiftadmont.at\/","name":"Opatija Admont","description":"Benediktinski samostan in turisti\u010dna znamenitost v Ges\u00e4use","potentialAction":[{"@type":"SearchAction","target":{"@type":"EntryPoint","urlTemplate":"https:\/\/stiftadmont.at\/?s={search_term_string}"},"query-input":{"@type":"PropertyValueSpecification","valueRequired":true,"valueName":"search_term_string"}}],"inLanguage":"sl-SI"}]}},"_links":{"self":[{"href":"https:\/\/stiftadmont.at\/sl\/wp-json\/wp\/v2\/pages\/39926","targetHints":{"allow":["GET"]}}],"collection":[{"href":"https:\/\/stiftadmont.at\/sl\/wp-json\/wp\/v2\/pages"}],"about":[{"href":"https:\/\/stiftadmont.at\/sl\/wp-json\/wp\/v2\/types\/page"}],"author":[{"embeddable":true,"href":"https:\/\/stiftadmont.at\/sl\/wp-json\/wp\/v2\/users\/7"}],"replies":[{"embeddable":true,"href":"https:\/\/stiftadmont.at\/sl\/wp-json\/wp\/v2\/comments?post=39926"}],"version-history":[{"count":5,"href":"https:\/\/stiftadmont.at\/sl\/wp-json\/wp\/v2\/pages\/39926\/revisions"}],"predecessor-version":[{"id":39936,"href":"https:\/\/stiftadmont.at\/sl\/wp-json\/wp\/v2\/pages\/39926\/revisions\/39936"}],"up":[{"embeddable":true,"href":"https:\/\/stiftadmont.at\/sl\/wp-json\/wp\/v2\/pages\/39535"}],"wp:featuredmedia":[{"embeddable":true,"href":"https:\/\/stiftadmont.at\/sl\/wp-json\/wp\/v2\/media\/39927"}],"wp:attachment":[{"href":"https:\/\/stiftadmont.at\/sl\/wp-json\/wp\/v2\/media?parent=39926"}],"wp:term":[{"taxonomy":"category","embeddable":true,"href":"https:\/\/stiftadmont.at\/sl\/wp-json\/wp\/v2\/categories?post=39926"}],"curies":[{"name":"wp","href":"https:\/\/api.w.org\/{rel}","templated":true}]}}