{"id":4624,"date":"2021-07-28T14:55:57","date_gmt":"2021-07-28T12:55:57","guid":{"rendered":"https:\/\/stiftadmont.at\/?page_id=4624"},"modified":"2025-02-05T11:36:41","modified_gmt":"2025-02-05T09:36:41","slug":"verski-redovi","status":"publish","type":"page","link":"https:\/\/stiftadmont.at\/sl\/klosterleben-und-noviziat\/ordensgeluebde\/","title":{"rendered":"Verske zaobljube"},"content":{"rendered":"<section id='lightpress__section--block_3069939ea867e92861f7c6a8ca05a54d' class='align-center lightpress__section--default-section-space lightpress__section lightpress__section--headline'><div class=\"headline__container\">\n            <h2 class=\"headline text--40 text-medium line line--gold line-above line-middle\">Vrednote verske zaobljube <\/h2>\n        <p class=\"text-center text-gold text--20 text-medium text--uppercase\">Religiozno zaobljubo sestavljajo stanovitnost, samostanski na\u010din \u017eivljenja in poslu\u0161nost. <\/p>\n        <div class=\"spacer--40\"><\/div>\n<\/div>\n\n<\/section>\n\n<section id='lightpress__section--block_3feb346739222ff8427277fed4ae527b' class='lightpress__section--default-section-space lightpress__section lightpress__section--content'><div class=\"content__inner\"\n         x-init=\"initContentBlockAnim($el)\">\n        \n    <div class=\"content__grid content__grid--fifty-fifty\">\n                                            <div class=\"content__box content__box\"\n                 style=\"\">\n                                \n                \n                                            <div class=\"prose\"><h5 class=\"heading-m line line-above line--gold\">Stabilitas (stabilnost)<\/h5>\n<p>\u00a0<\/p>\n<p class=\"paragraph-m\">Zvestoba Kristusu in s tem Bogu, zvestoba dolo\u010deni skupnosti, zvestoba odlo\u010ditvi, ki jo je \u010dlovek sprejel po svoji svobodni volji. V vzponih in padcih \u017eivljenja menih vedno stoji ob strani Bogu in izbrani skupnosti ter ostaja zvest sebi in s tem svoji obljubi.<\/p>\n<p>\u00a0<\/p>\n<p>\u00a0<\/p>\n<h5 class=\"heading-m line line-above line--gold\">Conversatio morum (meni\u0161ki na\u010din \u017eivljenja)<\/h5>\n<p>\u00a0<\/p>\n<p class=\"paragraph-m\">Menih deli benediktinski na\u010din \u017eivljenja s skupnostjo, ki jo je izbral. Prispeva k njej in hkrati lahko pri\u010dakuje, da ga bo skupnost podpirala v vseh njegovih situacijah.<\/p>\n<p>\u00a0<\/p>\n<p>\u00a0<\/p>\n<h5 class=\"heading-m line line-above line--gold\">Oboedientia (poslu\u0161nost)<\/h5>\n<p>\u00a0<\/p>\n<p class=\"paragraph-m\">Menih vedno poslu\u0161a Bo\u017ejo voljo. Zaveda se potreb in situacij ter je pozoren na sre\u010danja. \u0160e posebej je poslu\u0161en svojim predstojnikom, vendar ima v mislih tudi potrebe svojih meni\u0161kih sobratov.<\/p>\n<\/div>\n                    \n                            <\/div>\n        \n                                                    <div class=\"content__box content__box--2\"\n                     >\n                                        \n                    \n                                                <div class=\"content__media stickyTo\" x-init=\"imageSticky($el)\">\n\n                                                                                    <picture\n                                    class=\"content__image sticky\">\n                                <source srcset=\"https:\/\/stiftadmont.at\/wp-content\/uploads\/Feierliche-Profess_fr.Vinzenz_02_Arno-Melicharek-1-1024x660.webp\" type=\"image\/webp\">\n                                <source srcset=\"https:\/\/stiftadmont.at\/wp-content\/uploads\/Feierliche-Profess_fr.Vinzenz_02_Arno-Melicharek-1-1024x660.jpg\" type=\"image\/jpeg\">\n                                <img decoding=\"async\" class=\"sticky\" loading=\"lazy\" src=\"https:\/\/stiftadmont.at\/wp-content\/uploads\/Feierliche-Profess_fr.Vinzenz_02_Arno-Melicharek-1-1024x660.jpg\"\n                                     alt=\"Slovesni poklic fr.Vinzenz 02 Arno Melicharek 1 skaliran\">\n\n                                                                                                                            <\/picture>\n\n                        <\/div>\n\n                                    <\/div>\n            \n            <\/div>\n<\/div>\n\n<\/section>\n\n<section id='lightpress__section--block_ca36a133910eb2d66bc521fe722bb509' class='lightpress__section--default-section-space lightpress__section lightpress__section--content'><div class=\"content__inner\"\n         x-init=\"initContentBlockAnim($el)\">\n        \n    <div class=\"content__grid content__grid\">\n                                            <div class=\"content__box content__box--one-hundred\"\n                 style=\"\">\n                                \n                \n                                            <div class=\"prose\"><div class=\"info info--info\">\n<p>Fotografije (c) Arno Melicharek<\/p>\n<\/div>\n<\/div>\n                    \n                            <\/div>\n        \n            <\/div>\n<\/div>\n\n<\/section>","protected":false},"excerpt":{"rendered":"","protected":false},"author":7,"featured_media":0,"parent":430,"menu_order":3,"comment_status":"closed","ping_status":"closed","template":"","meta":{"_acf_changed":false,"footnotes":""},"categories":[],"class_list":["post-4624","page","type-page","status-publish","hentry"],"acf":[],"yoast_head":"<!-- This site is optimized with the Yoast SEO Premium plugin v26.0 (Yoast SEO v26.8) - https:\/\/yoast.com\/product\/yoast-seo-premium-wordpress\/ -->\n<title>Ordensgel\u00fcbde - Stift Admont<\/title>\n<meta name=\"robots\" content=\"index, follow, max-snippet:-1, max-image-preview:large, max-video-preview:-1\" \/>\n<link rel=\"canonical\" href=\"https:\/\/stiftadmont.at\/sl\/samostansko-zivljenje-in-noviciat-2\/verski-redovi\/\" \/>\n<meta property=\"og:locale\" content=\"sl_SI\" \/>\n<meta property=\"og:type\" content=\"article\" \/>\n<meta property=\"og:title\" content=\"Ordensgel\u00fcbde\" \/>\n<meta property=\"og:url\" content=\"https:\/\/stiftadmont.at\/sl\/samostansko-zivljenje-in-noviciat-2\/verski-redovi\/\" \/>\n<meta property=\"og:site_name\" content=\"Stift Admont\" \/>\n<meta property=\"article:modified_time\" content=\"2025-02-05T09:36:41+00:00\" \/>\n<meta property=\"og:image\" content=\"https:\/\/stiftadmont.at\/wp-content\/uploads\/Klosteranlage-innen.jpg\" \/>\n\t<meta property=\"og:image:width\" content=\"1912\" \/>\n\t<meta property=\"og:image:height\" content=\"1188\" \/>\n\t<meta property=\"og:image:type\" content=\"image\/jpeg\" \/>\n<meta name=\"twitter:card\" content=\"summary_large_image\" \/>\n<script type=\"application\/ld+json\" class=\"yoast-schema-graph\">{\"@context\":\"https:\/\/schema.org\",\"@graph\":[{\"@type\":\"WebPage\",\"@id\":\"https:\/\/stiftadmont.at\/klosterleben-und-noviziat\/ordensgeluebde\/\",\"url\":\"https:\/\/stiftadmont.at\/klosterleben-und-noviziat\/ordensgeluebde\/\",\"name\":\"Ordensgel\u00fcbde - Stift Admont\",\"isPartOf\":{\"@id\":\"https:\/\/stiftadmont.at\/#website\"},\"datePublished\":\"2021-07-28T12:55:57+00:00\",\"dateModified\":\"2025-02-05T09:36:41+00:00\",\"breadcrumb\":{\"@id\":\"https:\/\/stiftadmont.at\/klosterleben-und-noviziat\/ordensgeluebde\/#breadcrumb\"},\"inLanguage\":\"sl-SI\",\"potentialAction\":[{\"@type\":\"ReadAction\",\"target\":[\"https:\/\/stiftadmont.at\/klosterleben-und-noviziat\/ordensgeluebde\/\"]}]},{\"@type\":\"BreadcrumbList\",\"@id\":\"https:\/\/stiftadmont.at\/klosterleben-und-noviziat\/ordensgeluebde\/#breadcrumb\",\"itemListElement\":[{\"@type\":\"ListItem\",\"position\":1,\"name\":\"Start\",\"item\":\"https:\/\/stiftadmont.at\/\"},{\"@type\":\"ListItem\",\"position\":2,\"name\":\"Klosterleben &amp; Noviziat\",\"item\":\"https:\/\/stiftadmont.at\/klosterleben-und-noviziat\/\"},{\"@type\":\"ListItem\",\"position\":3,\"name\":\"Ordensgel\u00fcbde\"}]},{\"@type\":\"WebSite\",\"@id\":\"https:\/\/stiftadmont.at\/#website\",\"url\":\"https:\/\/stiftadmont.at\/\",\"name\":\"Stift Admont\",\"description\":\"Benediktinerkloster und Sehensw\u00fcrdigkeit im Ges\u00e4use\",\"potentialAction\":[{\"@type\":\"SearchAction\",\"target\":{\"@type\":\"EntryPoint\",\"urlTemplate\":\"https:\/\/stiftadmont.at\/?s={search_term_string}\"},\"query-input\":{\"@type\":\"PropertyValueSpecification\",\"valueRequired\":true,\"valueName\":\"search_term_string\"}}],\"inLanguage\":\"sl-SI\"}]}<\/script>\n<!-- \/ Yoast SEO Premium plugin. -->","yoast_head_json":{"title":"Verske zaobljube - opatija Admont","robots":{"index":"index","follow":"follow","max-snippet":"max-snippet:-1","max-image-preview":"max-image-preview:large","max-video-preview":"max-video-preview:-1"},"canonical":"https:\/\/stiftadmont.at\/sl\/samostansko-zivljenje-in-noviciat-2\/verski-redovi\/","og_locale":"sl_SI","og_type":"article","og_title":"Ordensgel\u00fcbde","og_url":"https:\/\/stiftadmont.at\/sl\/samostansko-zivljenje-in-noviciat-2\/verski-redovi\/","og_site_name":"Stift Admont","article_modified_time":"2025-02-05T09:36:41+00:00","og_image":[{"width":1912,"height":1188,"url":"https:\/\/stiftadmont.at\/wp-content\/uploads\/Klosteranlage-innen.jpg","type":"image\/jpeg"}],"twitter_card":"summary_large_image","schema":{"@context":"https:\/\/schema.org","@graph":[{"@type":"WebPage","@id":"https:\/\/stiftadmont.at\/klosterleben-und-noviziat\/ordensgeluebde\/","url":"https:\/\/stiftadmont.at\/klosterleben-und-noviziat\/ordensgeluebde\/","name":"Verske zaobljube - opatija Admont","isPartOf":{"@id":"https:\/\/stiftadmont.at\/#website"},"datePublished":"2021-07-28T12:55:57+00:00","dateModified":"2025-02-05T09:36:41+00:00","breadcrumb":{"@id":"https:\/\/stiftadmont.at\/klosterleben-und-noviziat\/ordensgeluebde\/#breadcrumb"},"inLanguage":"sl-SI","potentialAction":[{"@type":"ReadAction","target":["https:\/\/stiftadmont.at\/klosterleben-und-noviziat\/ordensgeluebde\/"]}]},{"@type":"BreadcrumbList","@id":"https:\/\/stiftadmont.at\/klosterleben-und-noviziat\/ordensgeluebde\/#breadcrumb","itemListElement":[{"@type":"ListItem","position":1,"name":"Start","item":"https:\/\/stiftadmont.at\/"},{"@type":"ListItem","position":2,"name":"Klosterleben &amp; Noviziat","item":"https:\/\/stiftadmont.at\/klosterleben-und-noviziat\/"},{"@type":"ListItem","position":3,"name":"Ordensgel\u00fcbde"}]},{"@type":"WebSite","@id":"https:\/\/stiftadmont.at\/#website","url":"https:\/\/stiftadmont.at\/","name":"Opatija Admont","description":"Benediktinski samostan in turisti\u010dna znamenitost v Ges\u00e4use","potentialAction":[{"@type":"SearchAction","target":{"@type":"EntryPoint","urlTemplate":"https:\/\/stiftadmont.at\/?s={search_term_string}"},"query-input":{"@type":"PropertyValueSpecification","valueRequired":true,"valueName":"search_term_string"}}],"inLanguage":"sl-SI"}]}},"_links":{"self":[{"href":"https:\/\/stiftadmont.at\/sl\/wp-json\/wp\/v2\/pages\/4624","targetHints":{"allow":["GET"]}}],"collection":[{"href":"https:\/\/stiftadmont.at\/sl\/wp-json\/wp\/v2\/pages"}],"about":[{"href":"https:\/\/stiftadmont.at\/sl\/wp-json\/wp\/v2\/types\/page"}],"author":[{"embeddable":true,"href":"https:\/\/stiftadmont.at\/sl\/wp-json\/wp\/v2\/users\/7"}],"replies":[{"embeddable":true,"href":"https:\/\/stiftadmont.at\/sl\/wp-json\/wp\/v2\/comments?post=4624"}],"version-history":[{"count":71,"href":"https:\/\/stiftadmont.at\/sl\/wp-json\/wp\/v2\/pages\/4624\/revisions"}],"predecessor-version":[{"id":32668,"href":"https:\/\/stiftadmont.at\/sl\/wp-json\/wp\/v2\/pages\/4624\/revisions\/32668"}],"up":[{"embeddable":true,"href":"https:\/\/stiftadmont.at\/sl\/wp-json\/wp\/v2\/pages\/430"}],"wp:attachment":[{"href":"https:\/\/stiftadmont.at\/sl\/wp-json\/wp\/v2\/media?parent=4624"}],"wp:term":[{"taxonomy":"category","embeddable":true,"href":"https:\/\/stiftadmont.at\/sl\/wp-json\/wp\/v2\/categories?post=4624"}],"curies":[{"name":"wp","href":"https:\/\/api.w.org\/{rel}","templated":true}]}}