{"id":503,"date":"2021-07-15T14:25:35","date_gmt":"2021-07-15T12:25:35","guid":{"rendered":"https:\/\/stiftadmont.at\/?page_id=503"},"modified":"2025-05-28T14:24:29","modified_gmt":"2025-05-28T12:24:29","slug":"admonter-holzindustrie-ag","status":"publish","type":"page","link":"https:\/\/stiftadmont.at\/sl\/admonter-holzindustrie-ag\/","title":{"rendered":"Admonter Holzindustrie AG"},"content":{"rendered":"<section id='lightpress__section--block_dc4300e8671326127d022e09eb59e890' class='align-center lightpress__section--default-section-space lightpress__section lightpress__section--headline'><div class=\"headline__container\">\n            <h2 class=\"headline text--40 text-medium line line--gold line-above line-middle\">Admonter Holzindustrie &#8211; Erleben Sie mit Admonter die vollendete Natur<\/h2>\n        <p class=\"text-center text-gold text--20 text-medium text--uppercase\">Holz ist \u00fcber Jahrhunderte gewachsen. Voll Faszination und Ausstrahlung ist es ein Schatz, dem wir uns verpflichtet f\u00fchlen. Mit Respekt und K\u00f6nnen holen wir die sch\u00f6nsten und st\u00e4rksten Seiten dieses edlen Werkstoffes hervor.<\/p>\n        <div class=\"spacer--40\"><\/div>\n<\/div>\n\n<\/section>\n\n<section id='lightpress__section--block_048b1575529fd12c059fc9f33dfff0af' class='bg--beige lightpress__section--colored-bg lightpress__section--default-section-space lightpress__section lightpress__section--content'><div class=\"content__inner\"\n         x-init=\"initContentBlockAnim($el)\">\n        \n    <div class=\"content__grid content__grid--fifty-fifty\">\n                                            <div class=\"content__box content__box\"\n                 style=\"\">\n                                \n                \n                                            <div class=\"prose\"><h5 class=\"heading-m line line-above line--gold\">Natur im Raum<\/h5>\n<p>\u00a0<\/p>\n<p class=\"MsoNormal\">Unsere Wurzeln sind bodenst\u00e4ndig. Admonter Parkettb\u00f6den sind seit Jahrzehnten ein Begriff und stehen f\u00fcr ein einzigartig naturnahes Wohngef\u00fchl. In der waldreichen Umgebung von Admont wurde seit 1074 Holz verarbeitet.<\/p>\n<p>\u00a0<\/p>\n<p class=\"MsoNormal\">Ab 1874 dann industriell. Und seit 1972 auch von der Stift Admont Holzindustrie, kurz STIA. Im Oktober 2017 wurden der Firmenname und die Rechtsform in die Admonter Holzindustrie AG ge\u00e4ndert.\u00a0Als Admonter sind wir ein Wirtschaftsbetrieb des \u00f6rtlichen Benediktinerstiftes.<\/p>\n<p>\u00a0<\/p>\n<p class=\"MsoNormal\">Wir bieten:<\/p>\n<p>\u00a0<\/p>\n<ul>\n<li class=\"MsoNormal\"><strong><a href=\"https:\/\/admonter.com\/naturholzboeden\/\" target=\"_blank\" rel=\"noopener\">Naturholzb\u00f6den<\/a><span style=\"font-size: 11.0pt; font-family: 'Calibri',sans-serif; mso-fareast-font-family: 'Times New Roman';\"><\/span><\/strong><\/li>\n<li><a href=\"https:\/\/admonter.com\/naturholzstiegen\/\" target=\"_blank\" rel=\"noopener\"><strong>Naturholzstiegen<\/strong><\/a><\/li>\n<li><a href=\"https:\/\/admonter.com\/naturholz-akustikmodule\/\" target=\"_blank\" rel=\"noopener\"><strong>Naturholzplatten<\/strong><\/a><\/li>\n<li><a href=\"https:\/\/admonter.com\/naturholz-akustikmodule\/\" target=\"_blank\" rel=\"noopener\"><strong>Naturholz-Akustikmodule<\/strong><\/a><\/li>\n<li><a href=\"https:\/\/admonter.com\/naturholztueren\/\" target=\"_blank\" rel=\"noopener\"><strong>Naturholzt\u00fcren<\/strong><\/a><\/li>\n<\/ul>\n<p class=\"paragraph-m\">\u00a0<\/p>\n<p class=\"MsoNormal\">Lassen auch Sie sich begeistern und entdecken Sie unsere Naturholzprodukte f\u00fcr Ihr Zuhause. Ihre Best\u00e4ndigkeit \u00fcberzeugt, ihre Qualit\u00e4t begeistert \u2013 jeden Tag aufs Neue, Schritt f\u00fcr Schritt.<\/p>\n<p>\u00a0<\/p>\n<p>\u00a0<\/p>\n<h5 class=\"heading-m line line-above line--gold\">Philosophie<\/h5>\n<p>\u00a0<\/p>\n<p class=\"paragraph-m\">Wir stellen Parkettb\u00f6den, M\u00f6belplatten f\u00fcr Wand und Decke, Holzstiegen, sowie auch Akustikmodule und Holzt\u00fcren her, die sich einen besonderen Namen gemacht haben: Admonter. Dieser Name ist Herkunftsangabe und Verpflichtung zugleich.<\/p>\n<p>\u00a0<\/p>\n<p class=\"paragraph-m\">Er garantiert die ausschlie\u00dfliche Fertigung vor Ort. Das sichert die hohe Qualit\u00e4t der Produkte und das Wohl einer Region. Ein \u00fcber Generationen gewachsenes Handwerkswissen wird dabei lebendig gehalten \u2013 und weiter betrieben.<\/p>\n<p>\u00a0<\/p>\n<p class=\"paragraph-m\">Das langfristige Denken der Benediktiner kommt dabei doppelt zum Tragen. \u00d6konomisch wie \u00f6kologisch.<\/p>\n<p>\u00a0<\/p>\n<p><a class=\"admont-button admont-button--secondary admont-button--big admont-button--primary\" href=\"https:\/\/admonter.com\/\" target=\"_blank\" rel=\"noopener\">ADMONTER WEBSEITE<\/a>\u00a0<a class=\"admont-button admont-button--secondary admont-button--big admont-button--primary\" href=\"https:\/\/shop.admonter.com\/\" target=\"_blank\" rel=\"noopener\">ADMONTER WEBSHOP<\/a>\u00a0<a class=\"admont-button admont-button--secondary admont-button--big admont-button--primary\" href=\"https:\/\/admonter.com\/karriere\/\" target=\"_blank\" rel=\"noopener\">JOBS &amp; KARRIERE<\/a>\u00a0<a class=\"admont-button admont-button--big admont-button--primary\" href=\"https:\/\/stiftadmont.at\/Social%20Wall%20Admonter%20AG\">Social Wall<\/a><\/p>\n<\/div>\n                    \n                            <\/div>\n        \n                                                    <div class=\"content__box content__box--2\"\n                     >\n                                        \n                    \n                                                <div class=\"content__media stickyTo\" x-init=\"imageSticky($el)\">\n\n                                                                                    <picture\n                                    class=\"content__image sticky\">\n                                <source srcset=\"https:\/\/stiftadmont.at\/wp-content\/uploads\/Design-ohne-Titel-3-1024x1024.webp\" type=\"image\/webp\">\n                                <source srcset=\"https:\/\/stiftadmont.at\/wp-content\/uploads\/Design-ohne-Titel-3-1024x1024.jpg\" type=\"image\/jpeg\">\n                                <img decoding=\"async\" class=\"sticky\" loading=\"lazy\" src=\"https:\/\/stiftadmont.at\/wp-content\/uploads\/Design-ohne-Titel-3-1024x1024.png\" alt=\"Design ohne Titel 3\" \/>\n\n                                                                                                                            <\/picture>\n\n                        <\/div>\n\n                                    <\/div>\n            \n            <\/div>\n<\/div>\n\n    <div class=\"background__container background__container--beige\">\n    <\/div>\n\n<\/section>\n\n<section id='lightpress__section--block_18b055db3a0271fa287f41fbde948e6b' class='align-center lightpress__section--default-section-space lightpress__section lightpress__section--headline'><div class=\"headline__container\">\n            <h2 class=\"headline text--40 text-medium line line--gold line-above line-middle\">3D Experience <\/h2>\n        <p class=\"text-center text-gold text--20 text-medium text--uppercase\">Klicken Sie auf das nachstehende Bild, um die Admonter Holzindustrie in 3D erkunden zu k\u00f6nnen<\/p>\n        <div class=\"spacer--40\"><\/div>\n<\/div>\n\n<\/section>\n\n<section id='lightpress__section--block_684a33850fb6dd52b67b71802b256d67' class='lightpress__section--default-section-space lightpress__section lightpress__section--content'><div class=\"content__inner\"\n         x-init=\"initContentBlockAnim($el)\">\n        \n    <div class=\"content__grid content__grid\">\n                                            <div class=\"content__box content__box--one-hundred\"\n                 style=\"\">\n                                \n                \n                                            <div class=\"prose\"><\/div>\n                    \n                            <\/div>\n        \n            <\/div>\n<\/div>\n\n<\/section>\n\n<section id='lightpress__section--block_071a7919ad85ae992c50546ab6dbf67f' class='lightpress__section--default-section-space lightpress__section lightpress__section--content'><div class=\"content__inner\"\n         x-init=\"initContentBlockAnim($el)\">\n        \n    <div class=\"content__grid content__grid\">\n                                            <div class=\"content__box content__box--one-hundred\"\n                 style=\"margin-top: -10em;\">\n                                \n                                    \n                    <a href=\"https:\/\/landing.admonter.com\/virtuelle_rundg%C3%A4nge\" class=\"content__tour content__media\"\n                       x-data\n                       x-init=\"initContentLightBox('#lightpress__section--block_071a7919ad85ae992c50546ab6dbf67f .content__tour')\">\n                                                                        <picture class=\"content__image\">\n                            <source srcset=\"https:\/\/stiftadmont.at\/wp-content\/uploads\/Admonter-Wohnwelten-1024x682.webp\" type=\"image\/webp\">\n                            <source srcset=\"https:\/\/stiftadmont.at\/wp-content\/uploads\/Admonter-Wohnwelten-1024x682.jpg\" type=\"image\/jpeg\">\n                            <img decoding=\"async\" class=\"content__image\" loading=\"lazy\" src=\"https:\/\/stiftadmont.at\/wp-content\/uploads\/Admonter-Wohnwelten-1024x682.jpg\"\n                                 alt=\"Admonter Wohnwelten scaled\" width=\"600\" height=\"450\">\n                        <\/picture>\n                        <span class=\"overlay-dark\"><\/span>\n                        <span class=\"content-overlay\"><\/span>\n                        <div class=\"content__plaque\">\n                            <div class=\"content__plaque-inner\">\n                                <span><i class=\"fal fa-cube content__icon\"><\/i><\/span>\n                                <p class=\"paragraph-m\">Virtuelle Ansicht<\/p>\n                            <\/div>\n                        <\/div>\n                    <\/a>\n\n                            <\/div>\n        \n            <\/div>\n<\/div>\n\n<\/section>\n\n<section id='lightpress__section--block_c53dba11d8e873e7328cf06cc33ebb66' class='lightpress__section--default-section-space lightpress__section lightpress__section--image-slider'>\n<div class=\"image-slider\"\n     x-data=\"{ gallery: null, shown: false }\"\n     x-init=\"gallery = initSliderGallery([{&quot;href&quot;:&quot;https:\\\/\\\/stiftadmont.at\\\/wp-content\\\/uploads\\\/Naturholzplatten-Elements-Eiche-stone-Firma-in-Oesterreich-\\u00a9-Admonter-1920x1299.jpg&quot;,&quot;type&quot;:&quot;image&quot;},{&quot;href&quot;:&quot;https:\\\/\\\/stiftadmont.at\\\/wp-content\\\/uploads\\\/Naturholztueren-Laerche-Hotel-in-Oesterreich-\\u00a9-Admonter-1920x1284.jpg&quot;,&quot;type&quot;:&quot;image&quot;},{&quot;href&quot;:&quot;https:\\\/\\\/stiftadmont.at\\\/wp-content\\\/uploads\\\/Admonter-Floors-Stairs-Eiche-Aurum_Privathaus-Tirol-\\u00a9-Admonter-1920x1524.jpg&quot;,&quot;type&quot;:&quot;image&quot;},{&quot;href&quot;:&quot;https:\\\/\\\/stiftadmont.at\\\/wp-content\\\/uploads\\\/Admonter-Naturholz-Akustikplatten-Eiche-stone-Firma-in-Oesterreich-\\u00a9-Admonter-1920x2237.jpg&quot;,&quot;type&quot;:&quot;image&quot;},{&quot;href&quot;:&quot;https:\\\/\\\/stiftadmont.at\\\/wp-content\\\/uploads\\\/Admonter-Naturholz-Akustikplatten-Fichte-weiss-Schule-Oesterreich-\\u00a9-Admonter-1920x1320.jpg&quot;,&quot;type&quot;:&quot;image&quot;},{&quot;href&quot;:&quot;https:\\\/\\\/stiftadmont.at\\\/wp-content\\\/uploads\\\/Admonter-Naturholzboden-Floors-Eiche-stone-\\u00a9-Admonter-1920x1315.jpg&quot;,&quot;type&quot;:&quot;image&quot;},{&quot;href&quot;:&quot;https:\\\/\\\/stiftadmont.at\\\/wp-content\\\/uploads\\\/Admonter-Naturholzboden-Floors-Hotel-in-Oesterreich-\\u00a9-Admonter-1920x1470.jpg&quot;,&quot;type&quot;:&quot;image&quot;},{&quot;href&quot;:&quot;https:\\\/\\\/stiftadmont.at\\\/wp-content\\\/uploads\\\/Admonter-FLOORs_Eiche-Salis-rustic-gebuerstet-natur-geoelt-classic_Privatobjekt-Dess-Deutschland-2-1920x1379.jpg&quot;,&quot;type&quot;:&quot;image&quot;},{&quot;href&quot;:&quot;https:\\\/\\\/stiftadmont.at\\\/wp-content\\\/uploads\\\/Admonter-STAIRs_Eiche-weiss-noblesse_Architektenhaus-Muenchen-Deutschland-4-Kopiewww-1920x1438.jpg&quot;,&quot;type&quot;:&quot;image&quot;}]); initImageSliderBlockAnim($el);\">\n    <div class=\"image-slider__inner\">\n\n        <div class=\"swiper-container\" x-init=\"initImageSliderBlock($el, $refs.btnPrev, $refs.btnNext)\">\n            <div class=\"swiper-wrapper\">\n                                    <div class=\"swiper-slide\">\n                        <div class=\"image-slider__media\">\n                            <img decoding=\"async\" class=\"image-slider__image\"\n                                 src=\"https:\/\/stiftadmont.at\/wp-content\/uploads\/Naturholzplatten-Elements-Eiche-stone-Firma-in-Oesterreich-\u00a9-Admonter-768x520.jpg\"\n                                 alt=\"Naturholzplatten Elements Eiche stone Firma in \u00d6sterreich \u00a9 Admonter\">\n                        <\/div>\n                    <\/div>\n                                    <div class=\"swiper-slide\">\n                        <div class=\"image-slider__media\">\n                            <img decoding=\"async\" class=\"image-slider__image\"\n                                 src=\"https:\/\/stiftadmont.at\/wp-content\/uploads\/Naturholztueren-Laerche-Hotel-in-Oesterreich-\u00a9-Admonter-768x513.jpg\"\n                                 alt=\"Naturholzt\u00fcren L\u00e4rche Hotel in \u00d6sterreich \u00a9 Admonter\">\n                        <\/div>\n                    <\/div>\n                                    <div class=\"swiper-slide\">\n                        <div class=\"image-slider__media\">\n                            <img decoding=\"async\" class=\"image-slider__image\"\n                                 src=\"https:\/\/stiftadmont.at\/wp-content\/uploads\/Admonter-Floors-Stairs-Eiche-Aurum_Privathaus-Tirol-\u00a9-Admonter-768x610.jpg\"\n                                 alt=\"Admonter Floors + Stairs Eiche Aurum Privathaus Tirol \u00a9 Admonter\">\n                        <\/div>\n                    <\/div>\n                                    <div class=\"swiper-slide\">\n                        <div class=\"image-slider__media\">\n                            <img decoding=\"async\" class=\"image-slider__image\"\n                                 src=\"https:\/\/stiftadmont.at\/wp-content\/uploads\/Admonter-Naturholz-Akustikplatten-Eiche-stone-Firma-in-Oesterreich-\u00a9-Admonter-768x895.jpg\"\n                                 alt=\"Admonter Naturholz Akustikplatten Eiche stone Firma in \u00d6sterreich \u00a9 Admonter\">\n                        <\/div>\n                    <\/div>\n                                    <div class=\"swiper-slide\">\n                        <div class=\"image-slider__media\">\n                            <img decoding=\"async\" class=\"image-slider__image\"\n                                 src=\"https:\/\/stiftadmont.at\/wp-content\/uploads\/Admonter-Naturholz-Akustikplatten-Fichte-weiss-Schule-Oesterreich-\u00a9-Admonter-768x528.jpg\"\n                                 alt=\"Admonter Naturholz Akustikplatten Fichte wei\u00df Schule \u00d6sterreich \u00a9 Admonter\">\n                        <\/div>\n                    <\/div>\n                                    <div class=\"swiper-slide\">\n                        <div class=\"image-slider__media\">\n                            <img decoding=\"async\" class=\"image-slider__image\"\n                                 src=\"https:\/\/stiftadmont.at\/wp-content\/uploads\/Admonter-Naturholzboden-Floors-Eiche-stone-\u00a9-Admonter-768x526.jpg\"\n                                 alt=\"Admonter Naturholzboden Floors Eiche stone \u00a9 Admonter\">\n                        <\/div>\n                    <\/div>\n                                    <div class=\"swiper-slide\">\n                        <div class=\"image-slider__media\">\n                            <img decoding=\"async\" class=\"image-slider__image\"\n                                 src=\"https:\/\/stiftadmont.at\/wp-content\/uploads\/Admonter-Naturholzboden-Floors-Hotel-in-Oesterreich-\u00a9-Admonter-768x588.jpg\"\n                                 alt=\"Admonter Naturholzboden Floors Hotel in \u00d6sterreich \u00a9 Admonter\">\n                        <\/div>\n                    <\/div>\n                                    <div class=\"swiper-slide\">\n                        <div class=\"image-slider__media\">\n                            <img decoding=\"async\" class=\"image-slider__image\"\n                                 src=\"https:\/\/stiftadmont.at\/wp-content\/uploads\/Admonter-FLOORs_Eiche-Salis-rustic-gebuerstet-natur-geoelt-classic_Privatobjekt-Dess-Deutschland-2-768x552.jpg\"\n                                 alt=\"Admonter FLOORs Eiche Salis rustic geb\u00fcrstet natur ge\u00f6lt classic Privatobjekt Dess Deutschland 2\">\n                        <\/div>\n                    <\/div>\n                                    <div class=\"swiper-slide\">\n                        <div class=\"image-slider__media\">\n                            <img decoding=\"async\" class=\"image-slider__image\"\n                                 src=\"https:\/\/stiftadmont.at\/wp-content\/uploads\/Admonter-STAIRs_Eiche-weiss-noblesse_Architektenhaus-Muenchen-Deutschland-4-Kopiewww-768x575.jpg\"\n                                 alt=\"Admonter STAIRs Eiche wei\u00df noblesse Architektenhaus M\u00fcnchen Deutschland 4 Kopiewww\">\n                        <\/div>\n                    <\/div>\n                            <\/div>\n\n            <div class=\"swiper-nav-wrapper\">\n                <button class=\"swiper-button-prev slider-button--prev\" x-ref=\"btnPrev\"\n                        aria-label=\"Vorige Bilder anzeigen\">\n                    <img decoding=\"async\" src=\"\/wp-content\/themes\/stift-admont\/src\/assets\/img\/arrow-left-big-new.svg\" alt=\"Pfeil nach Links\">\n                <\/button>\n\n\n                <a class=\"image-slider__gallery\" @click=\"openGallery(gallery)\"><i class=\"fa-thin fa-plus\"><\/i><\/a>\n                <button class=\"swiper-button-next slider-button--next\"\n                        x-ref=\"btnNext\"\n                        aria-label=\"N\u00e4chste Bilder anzeigen\">\n                    <img decoding=\"async\" src=\"\/wp-content\/themes\/stift-admont\/src\/assets\/img\/arrow-right-big-new.svg\" alt=\"Pfeil nach Rechts\">\n                <\/button>\n            <\/div>\n        <\/div>\n    <\/div>\n\n\n<\/div><\/section>","protected":false},"excerpt":{"rendered":"","protected":false},"author":3,"featured_media":0,"parent":0,"menu_order":117,"comment_status":"closed","ping_status":"closed","template":"","meta":{"_acf_changed":false,"footnotes":""},"categories":[],"class_list":["post-503","page","type-page","status-publish","hentry"],"acf":[],"yoast_head":"<!-- This site is optimized with the Yoast SEO Premium plugin v26.0 (Yoast SEO v26.8) - https:\/\/yoast.com\/product\/yoast-seo-premium-wordpress\/ -->\n<title>Admonter Holzindustrie AG - Stift Admont<\/title>\n<meta name=\"robots\" content=\"index, follow, max-snippet:-1, max-image-preview:large, max-video-preview:-1\" \/>\n<link rel=\"canonical\" href=\"https:\/\/stiftadmont.at\/sl\/admonter-holzindustrie-ag\/\" \/>\n<meta property=\"og:locale\" content=\"sl_SI\" \/>\n<meta property=\"og:type\" content=\"article\" \/>\n<meta property=\"og:title\" content=\"Admonter Holzindustrie AG\" \/>\n<meta property=\"og:url\" content=\"https:\/\/stiftadmont.at\/sl\/admonter-holzindustrie-ag\/\" \/>\n<meta property=\"og:site_name\" content=\"Stift Admont\" \/>\n<meta property=\"article:modified_time\" content=\"2025-05-28T12:24:29+00:00\" \/>\n<meta property=\"og:image\" content=\"https:\/\/stiftadmont.at\/wp-content\/uploads\/Klosteranlage-innen.jpg\" \/>\n\t<meta property=\"og:image:width\" content=\"1912\" \/>\n\t<meta property=\"og:image:height\" content=\"1188\" \/>\n\t<meta property=\"og:image:type\" content=\"image\/jpeg\" \/>\n<meta name=\"twitter:card\" content=\"summary_large_image\" \/>\n<script type=\"application\/ld+json\" class=\"yoast-schema-graph\">{\"@context\":\"https:\/\/schema.org\",\"@graph\":[{\"@type\":\"WebPage\",\"@id\":\"https:\/\/stiftadmont.at\/admonter-holzindustrie-ag\/\",\"url\":\"https:\/\/stiftadmont.at\/admonter-holzindustrie-ag\/\",\"name\":\"Admonter Holzindustrie AG - Stift Admont\",\"isPartOf\":{\"@id\":\"https:\/\/stiftadmont.at\/#website\"},\"datePublished\":\"2021-07-15T12:25:35+00:00\",\"dateModified\":\"2025-05-28T12:24:29+00:00\",\"breadcrumb\":{\"@id\":\"https:\/\/stiftadmont.at\/admonter-holzindustrie-ag\/#breadcrumb\"},\"inLanguage\":\"sl-SI\",\"potentialAction\":[{\"@type\":\"ReadAction\",\"target\":[\"https:\/\/stiftadmont.at\/admonter-holzindustrie-ag\/\"]}]},{\"@type\":\"BreadcrumbList\",\"@id\":\"https:\/\/stiftadmont.at\/admonter-holzindustrie-ag\/#breadcrumb\",\"itemListElement\":[{\"@type\":\"ListItem\",\"position\":1,\"name\":\"Start\",\"item\":\"https:\/\/stiftadmont.at\/\"},{\"@type\":\"ListItem\",\"position\":2,\"name\":\"Admonter Holzindustrie AG\"}]},{\"@type\":\"WebSite\",\"@id\":\"https:\/\/stiftadmont.at\/#website\",\"url\":\"https:\/\/stiftadmont.at\/\",\"name\":\"Stift Admont\",\"description\":\"Benediktinerkloster und Sehensw\u00fcrdigkeit im Ges\u00e4use\",\"potentialAction\":[{\"@type\":\"SearchAction\",\"target\":{\"@type\":\"EntryPoint\",\"urlTemplate\":\"https:\/\/stiftadmont.at\/?s={search_term_string}\"},\"query-input\":{\"@type\":\"PropertyValueSpecification\",\"valueRequired\":true,\"valueName\":\"search_term_string\"}}],\"inLanguage\":\"sl-SI\"}]}<\/script>\n<!-- \/ Yoast SEO Premium plugin. -->","yoast_head_json":{"title":"Admonter Holzindustrie AG - Admont Abbey","robots":{"index":"index","follow":"follow","max-snippet":"max-snippet:-1","max-image-preview":"max-image-preview:large","max-video-preview":"max-video-preview:-1"},"canonical":"https:\/\/stiftadmont.at\/sl\/admonter-holzindustrie-ag\/","og_locale":"sl_SI","og_type":"article","og_title":"Admonter Holzindustrie AG","og_url":"https:\/\/stiftadmont.at\/sl\/admonter-holzindustrie-ag\/","og_site_name":"Stift Admont","article_modified_time":"2025-05-28T12:24:29+00:00","og_image":[{"width":1912,"height":1188,"url":"https:\/\/stiftadmont.at\/wp-content\/uploads\/Klosteranlage-innen.jpg","type":"image\/jpeg"}],"twitter_card":"summary_large_image","schema":{"@context":"https:\/\/schema.org","@graph":[{"@type":"WebPage","@id":"https:\/\/stiftadmont.at\/admonter-holzindustrie-ag\/","url":"https:\/\/stiftadmont.at\/admonter-holzindustrie-ag\/","name":"Admonter Holzindustrie AG - Admont Abbey","isPartOf":{"@id":"https:\/\/stiftadmont.at\/#website"},"datePublished":"2021-07-15T12:25:35+00:00","dateModified":"2025-05-28T12:24:29+00:00","breadcrumb":{"@id":"https:\/\/stiftadmont.at\/admonter-holzindustrie-ag\/#breadcrumb"},"inLanguage":"sl-SI","potentialAction":[{"@type":"ReadAction","target":["https:\/\/stiftadmont.at\/admonter-holzindustrie-ag\/"]}]},{"@type":"BreadcrumbList","@id":"https:\/\/stiftadmont.at\/admonter-holzindustrie-ag\/#breadcrumb","itemListElement":[{"@type":"ListItem","position":1,"name":"Start","item":"https:\/\/stiftadmont.at\/"},{"@type":"ListItem","position":2,"name":"Admonter Holzindustrie AG"}]},{"@type":"WebSite","@id":"https:\/\/stiftadmont.at\/#website","url":"https:\/\/stiftadmont.at\/","name":"Opatija Admont","description":"Benediktinski samostan in turisti\u010dna znamenitost v Ges\u00e4use","potentialAction":[{"@type":"SearchAction","target":{"@type":"EntryPoint","urlTemplate":"https:\/\/stiftadmont.at\/?s={search_term_string}"},"query-input":{"@type":"PropertyValueSpecification","valueRequired":true,"valueName":"search_term_string"}}],"inLanguage":"sl-SI"}]}},"_links":{"self":[{"href":"https:\/\/stiftadmont.at\/sl\/wp-json\/wp\/v2\/pages\/503","targetHints":{"allow":["GET"]}}],"collection":[{"href":"https:\/\/stiftadmont.at\/sl\/wp-json\/wp\/v2\/pages"}],"about":[{"href":"https:\/\/stiftadmont.at\/sl\/wp-json\/wp\/v2\/types\/page"}],"author":[{"embeddable":true,"href":"https:\/\/stiftadmont.at\/sl\/wp-json\/wp\/v2\/users\/3"}],"replies":[{"embeddable":true,"href":"https:\/\/stiftadmont.at\/sl\/wp-json\/wp\/v2\/comments?post=503"}],"version-history":[{"count":108,"href":"https:\/\/stiftadmont.at\/sl\/wp-json\/wp\/v2\/pages\/503\/revisions"}],"predecessor-version":[{"id":35129,"href":"https:\/\/stiftadmont.at\/sl\/wp-json\/wp\/v2\/pages\/503\/revisions\/35129"}],"wp:attachment":[{"href":"https:\/\/stiftadmont.at\/sl\/wp-json\/wp\/v2\/media?parent=503"}],"wp:term":[{"taxonomy":"category","embeddable":true,"href":"https:\/\/stiftadmont.at\/sl\/wp-json\/wp\/v2\/categories?post=503"}],"curies":[{"name":"wp","href":"https:\/\/api.w.org\/{rel}","templated":true}]}}