{"id":6305,"date":"2021-09-28T15:18:13","date_gmt":"2021-09-28T13:18:13","guid":{"rendered":"https:\/\/stiftadmont.at\/?page_id=6305"},"modified":"2023-12-08T18:36:33","modified_gmt":"2023-12-08T16:36:33","slug":"obleka-sky-high","status":"publish","type":"page","link":"https:\/\/stiftadmont.at\/sl\/museum\/ausstellungsrueckblick\/himelshoellenkleid\/","title":{"rendered":"SkyHellDress"},"content":{"rendered":"<section id='lightpress__section--block_615314847f721' class='lightpress__section--default-section-space lightpress__section lightpress__section--content'><div class=\"content__inner\"\n         x-init=\"initContentBlockAnim($el)\">\n        \n    <div class=\"content__grid content__grid--fifty-fifty\">\n                                            <div class=\"content__box content__box\"\n                 style=\"\">\n                                \n                \n                                            <div class=\"prose\"><h3 class=\"heading-xl line line--gold\">K\u00fcnstlerische Intervention<\/h3>\n<p class=\"paragraph-m\">Im Kunsthistorischen <a href=\"\/kultur-tourismus\/museen\/\">Museum<\/a> steht seit 2003 ein Raum f\u00fcr k\u00fcnstlerische Interventionen zur Verf\u00fcgung. Ein Portal trennt die alte von aktueller Kunst. Man durchschreitet sozusagen in einer Sekunde etwa 200 Jahre. Dadurch kann erleb- und sp\u00fcrbar werden, wie sehr sich das Stift Admont mit der Kunst der Gegenwart identifiziert, wie es diese mit der Kunst vergangener Epochen in einen vitalen Dialog bringt. 2017 ist der Raum f\u00fcr k\u00fcnstlerische Intervention unter dem Titel \u201eHimmelsH\u00f6llenKleid\u201c von Carola Willbrand gestaltet. Eine Glockenkasel schwebt \u00e4hnlich einem Zelt im Raum. Sie h\u00e4ngt auf einem Paramentenb\u00fcgel f\u00fcr die museale Pr\u00e4sentation liturgischer Textilien.<\/p>\n<p class=\"paragraph-m\">Das Material ist handgesch\u00f6pftes Papier aus getragenen Textilien der K\u00fcnstlerin. \u00dcber das Papier bewegt sich ein Totentanz. Diese Zeichnungen sind mit der Maschine gen\u00e4ht. Der Tod begleitet all die N\u00e4herInnen und StickerInnen, der Menschen Gew\u00e4nder, der Tod begleitet die Weltreisen der Textilien seit der Entdeckung der Seestra\u00dfen nach Asien Anfang des 15. Jahrhunderts. So wurden Muster, Blumen, Tiere aus China in die europ\u00e4ischen liturgischen Stoffe eingearbeitet. Heute kleiden wir uns mit Billigtextilien aus Asien, die unter unmenschlichen, t\u00f6dlichen Bedingungen hergestellt werden.<\/p>\n<\/div>\n                    \n                            <\/div>\n        \n                                                    <div class=\"content__box content__box--2\"\n                     >\n                                        \n                    \n                                                <div class=\"content__media stickyTo\" x-init=\"imageSticky($el)\">\n\n                                                                                    <picture\n                                    class=\"content__image sticky\">\n                                <source srcset=\"https:\/\/stiftadmont.at\/wp-content\/uploads\/Kuenstlerische_Intervention_2017Marcel_Peda_4-1024x768.webp\" type=\"image\/webp\">\n                                <source srcset=\"https:\/\/stiftadmont.at\/wp-content\/uploads\/Kuenstlerische_Intervention_2017Marcel_Peda_4-1024x768.jpg\" type=\"image\/jpeg\">\n                                <img decoding=\"async\" class=\"sticky\" loading=\"lazy\" src=\"https:\/\/stiftadmont.at\/wp-content\/uploads\/Kuenstlerische_Intervention_2017Marcel_Peda_4-1024x768.jpg\" alt=\"Kuenstlerische Intervention 2017Marcel Peda 4\" \/>\n\n                                                                                                                            <\/picture>\n\n                        <\/div>\n\n                                    <\/div>\n            \n            <\/div>\n<\/div>\n\n<\/section>\n\n<section id='lightpress__section--block_615315507f722' class='lightpress__section--default-section-space lightpress__section lightpress__section--content'><div class=\"content__inner\"\n         x-init=\"initContentBlockAnim($el)\">\n        \n    <div class=\"content__grid content__grid--fifty-fifty\">\n                                            <div class=\"content__box content__box\"\n                 style=\"\">\n                                \n                \n                                        <div class=\"content__media stickyTo\" x-init=\"imageSticky($el)\">\n\n                                                                                                <picture\n                                class=\"content__image sticky\">\n                            <source srcset=\"https:\/\/stiftadmont.at\/wp-content\/uploads\/Kuenstlerische_Intervention_2017Marcel_Peda_2-1024x768.jpg\"\n                                    type=\"image\/webp\">\n                            <source srcset=\"https:\/\/stiftadmont.at\/wp-content\/uploads\/Kuenstlerische_Intervention_2017Marcel_Peda_2-1024x768.jpg\"\n                                    type=\"image\/jpeg\">\n                            <img decoding=\"async\" loading=\"lazy\" src=\"https:\/\/stiftadmont.at\/wp-content\/uploads\/Kuenstlerische_Intervention_2017Marcel_Peda_2-1024x768.jpg\" alt=\"Kuenstlerische Intervention 2017Marcel Peda 2\" width=\"600\" height=\"450\" \/>\n                                                                                                            <\/picture>\n\n                    <\/div>\n\n                            <\/div>\n        \n                                                    <div class=\"content__box content__box--2\"\n                     >\n                                        \n                    \n                                                    <div class=\"prose\"><h3 class=\"heading-xl line line--red\" style=\"z-index: var(--z-content);\">DAS HIMMELSH\u00d6LLENKLEID<\/h3>\n<p class=\"paragraph-m\">Dieses \u201aHimmelsH\u00f6llenKleid\u2018 ist umgehbar. Die N\u00e4hzeichnungen mit ihrer Verschiedenfarbigkeit des Ober- und Unterfadens sind sowohl von au\u00dfen als auch von innen sichtbar. Dieses Kleid, das auch ein Zelt ist, das Himmelszelt als Sch\u00f6pfungsbild, bezieht sich auf die historischen liturgischen Textilien im Benediktinerstift Admont. Der Totentanz ist eine Reaktion auf die neue Gotik-Ausstellung im Stift Admont.<\/p>\n<p class=\"paragraph-m\">Die einzelnen handgesch\u00f6pften Papiere sind einem Leporello \u00e4hnlich zusammenfaltbar. Das Leporello als Mittel ein K\u00fcnstlerbuch raumf\u00fcllend skulptural zu gestalten, das besch\u00e4ftigt Carola Willbrand schon lange. Die Anbringung von speziellen Textausschnitten als FadenLese an der Wand entwickelte Carola Willbrand spontan vor Ort \u2013 ebenso durch den Einfluss der neuen Gotik-Ausstellung. Die Schrift bezieht sich auf die Textura, die gotische Schrift, die auch Gitterschrift genannt wird. Die Schrift und die Textauswahl verweisen auf die Bedeutung und Wirkung unserer historischen Wurzeln auf die Jetztzeit.<\/p>\n<\/div>\n                        \n                                    <\/div>\n            \n            <\/div>\n<\/div>\n\n<\/section>\n\n<section id='lightpress__section--block_615315847f723' class='lightpress__section--default-section-space lightpress__section lightpress__section--content'><div class=\"content__inner\"\n         x-init=\"initContentBlockAnim($el)\">\n        \n    <div class=\"content__grid content__grid\">\n                                            <div class=\"content__box content__box--one-hundred\"\n                 style=\"\">\n                                \n                \n                                            <div class=\"prose\"><h3 class=\"heading-xl line line--gold\">Die K\u00fcnstlerin<\/h3>\n<p class=\"paragraph-m\">Carola Willbrand geb. 1952, \u201eN\u00e4hmethodikerin\u201c, lebt und arbeitet nahe K\u00f6ln, aufgewachsen mit der Kunst aus dem Umfeld der Rheinischen Expressionistinnen ihrer Tante, K\u00e4the Schmitz-Imhoff (Schwester ihres Vaters), die erste Frau, die bei Heinrich Nauen an der D\u00fcsseldorfer Akademie studierte. Ausstellungst\u00e4tigkeit seit 1981, in denen der Faden als Metapher f\u00fcr den Lebensfaden auf unterschiedlichsten Materialien das tragende Element bildet.<\/p>\n<\/div>\n                    \n                            <\/div>\n        \n            <\/div>\n<\/div>\n\n<\/section>\n\n<section id='lightpress__section--block_615315a77f724' class='lightpress__section--default-section-space lightpress__section lightpress__section--image-slider'>\n<div class=\"image-slider\"\n     x-data=\"{ gallery: null, shown: false }\"\n     x-init=\"gallery = initSliderGallery([{&quot;href&quot;:&quot;https:\\\/\\\/stiftadmont.at\\\/wp-content\\\/uploads\\\/Kuenstlerische_Intervention_2017Marcel_Peda_2.jpg&quot;,&quot;type&quot;:&quot;image&quot;},{&quot;href&quot;:&quot;https:\\\/\\\/stiftadmont.at\\\/wp-content\\\/uploads\\\/Kuenstlerische_Intervention_2017Marcel_Peda_4.jpg&quot;,&quot;type&quot;:&quot;image&quot;},{&quot;href&quot;:&quot;https:\\\/\\\/stiftadmont.at\\\/wp-content\\\/uploads\\\/84bd8bd55711fc1be7650ea3945868c3_XL.jpg&quot;,&quot;type&quot;:&quot;image&quot;}]); initImageSliderBlockAnim($el);\">\n    <div class=\"image-slider__inner\">\n\n        <div class=\"swiper-container\" x-init=\"initImageSliderBlock($el, $refs.btnPrev, $refs.btnNext)\">\n            <div class=\"swiper-wrapper\">\n                                    <div class=\"swiper-slide\">\n                        <div class=\"image-slider__media\">\n                            <img decoding=\"async\" class=\"image-slider__image\"\n                                 src=\"https:\/\/stiftadmont.at\/wp-content\/uploads\/Kuenstlerische_Intervention_2017Marcel_Peda_2-768x576.jpg\"\n                                 alt=\"Kuenstlerische Intervention 2017Marcel Peda 2\">\n                        <\/div>\n                    <\/div>\n                                    <div class=\"swiper-slide\">\n                        <div class=\"image-slider__media\">\n                            <img decoding=\"async\" class=\"image-slider__image\"\n                                 src=\"https:\/\/stiftadmont.at\/wp-content\/uploads\/Kuenstlerische_Intervention_2017Marcel_Peda_4-768x576.jpg\"\n                                 alt=\"Kuenstlerische Intervention 2017Marcel Peda 4\">\n                        <\/div>\n                    <\/div>\n                                    <div class=\"swiper-slide\">\n                        <div class=\"image-slider__media\">\n                            <img decoding=\"async\" class=\"image-slider__image\"\n                                 src=\"https:\/\/stiftadmont.at\/wp-content\/uploads\/84bd8bd55711fc1be7650ea3945868c3_XL-768x576.jpg\"\n                                 alt=\"Himmelsh\u00f6llenkleid 2021\">\n                        <\/div>\n                    <\/div>\n                            <\/div>\n\n            <div class=\"swiper-nav-wrapper\">\n                <button class=\"swiper-button-prev slider-button--prev\" x-ref=\"btnPrev\"\n                        aria-label=\"Vorige Bilder anzeigen\">\n                    <img decoding=\"async\" src=\"\/wp-content\/themes\/stift-admont\/src\/assets\/img\/arrow-left-big-new.svg\" alt=\"Pfeil nach Links\">\n                <\/button>\n\n\n                <a class=\"image-slider__gallery\" @click=\"openGallery(gallery)\"><i class=\"fa-thin fa-plus\"><\/i><\/a>\n                <button class=\"swiper-button-next slider-button--next\"\n                        x-ref=\"btnNext\"\n                        aria-label=\"N\u00e4chste Bilder anzeigen\">\n                    <img decoding=\"async\" src=\"\/wp-content\/themes\/stift-admont\/src\/assets\/img\/arrow-right-big-new.svg\" alt=\"Pfeil nach Rechts\">\n                <\/button>\n            <\/div>\n        <\/div>\n    <\/div>\n\n\n<\/div><\/section>","protected":false},"excerpt":{"rendered":"","protected":false},"author":7,"featured_media":0,"parent":5864,"menu_order":3,"comment_status":"closed","ping_status":"closed","template":"","meta":{"_acf_changed":false,"footnotes":""},"categories":[73],"class_list":["post-6305","page","type-page","status-publish","hentry","category-ausstellungsrueckblick"],"acf":[],"yoast_head":"<!-- This site is optimized with the Yoast SEO Premium plugin v26.0 (Yoast SEO v26.8) - https:\/\/yoast.com\/product\/yoast-seo-premium-wordpress\/ -->\n<title>HimmelsH\u00f6llenKleid - Stift Admont<\/title>\n<meta name=\"robots\" content=\"index, follow, max-snippet:-1, max-image-preview:large, max-video-preview:-1\" \/>\n<link rel=\"canonical\" href=\"https:\/\/stiftadmont.at\/sl\/muzej\/pregled-razstave\/obleka-sky-high\/\" \/>\n<meta property=\"og:locale\" content=\"sl_SI\" \/>\n<meta property=\"og:type\" content=\"article\" \/>\n<meta property=\"og:title\" content=\"HimmelsH\u00f6llenKleid\" \/>\n<meta property=\"og:url\" content=\"https:\/\/stiftadmont.at\/sl\/muzej\/pregled-razstave\/obleka-sky-high\/\" \/>\n<meta property=\"og:site_name\" content=\"Stift Admont\" \/>\n<meta property=\"article:modified_time\" content=\"2023-12-08T16:36:33+00:00\" \/>\n<meta property=\"og:image\" content=\"https:\/\/stiftadmont.at\/wp-content\/uploads\/Klosteranlage-innen.jpg\" \/>\n\t<meta property=\"og:image:width\" content=\"1912\" \/>\n\t<meta property=\"og:image:height\" content=\"1188\" \/>\n\t<meta property=\"og:image:type\" content=\"image\/jpeg\" \/>\n<meta name=\"twitter:card\" content=\"summary_large_image\" \/>\n<script type=\"application\/ld+json\" class=\"yoast-schema-graph\">{\"@context\":\"https:\/\/schema.org\",\"@graph\":[{\"@type\":\"WebPage\",\"@id\":\"https:\/\/stiftadmont.at\/museum\/ausstellungsrueckblick\/himelshoellenkleid\/\",\"url\":\"https:\/\/stiftadmont.at\/museum\/ausstellungsrueckblick\/himelshoellenkleid\/\",\"name\":\"HimmelsH\u00f6llenKleid - Stift Admont\",\"isPartOf\":{\"@id\":\"https:\/\/stiftadmont.at\/#website\"},\"datePublished\":\"2021-09-28T13:18:13+00:00\",\"dateModified\":\"2023-12-08T16:36:33+00:00\",\"breadcrumb\":{\"@id\":\"https:\/\/stiftadmont.at\/museum\/ausstellungsrueckblick\/himelshoellenkleid\/#breadcrumb\"},\"inLanguage\":\"sl-SI\",\"potentialAction\":[{\"@type\":\"ReadAction\",\"target\":[\"https:\/\/stiftadmont.at\/museum\/ausstellungsrueckblick\/himelshoellenkleid\/\"]}]},{\"@type\":\"BreadcrumbList\",\"@id\":\"https:\/\/stiftadmont.at\/museum\/ausstellungsrueckblick\/himelshoellenkleid\/#breadcrumb\",\"itemListElement\":[{\"@type\":\"ListItem\",\"position\":1,\"name\":\"Start\",\"item\":\"https:\/\/stiftadmont.at\/\"},{\"@type\":\"ListItem\",\"position\":2,\"name\":\"Museum Stift Admont\",\"item\":\"https:\/\/stiftadmont.at\/museum\/\"},{\"@type\":\"ListItem\",\"position\":3,\"name\":\"Ausstellungsr\u00fcckblick\",\"item\":\"https:\/\/stiftadmont.at\/museum\/ausstellungsrueckblick\/\"},{\"@type\":\"ListItem\",\"position\":4,\"name\":\"HimmelsH\u00f6llenKleid\"}]},{\"@type\":\"WebSite\",\"@id\":\"https:\/\/stiftadmont.at\/#website\",\"url\":\"https:\/\/stiftadmont.at\/\",\"name\":\"Stift Admont\",\"description\":\"Benediktinerkloster und Sehensw\u00fcrdigkeit im Ges\u00e4use\",\"potentialAction\":[{\"@type\":\"SearchAction\",\"target\":{\"@type\":\"EntryPoint\",\"urlTemplate\":\"https:\/\/stiftadmont.at\/?s={search_term_string}\"},\"query-input\":{\"@type\":\"PropertyValueSpecification\",\"valueRequired\":true,\"valueName\":\"search_term_string\"}}],\"inLanguage\":\"sl-SI\"}]}<\/script>\n<!-- \/ Yoast SEO Premium plugin. -->","yoast_head_json":{"title":"HimmelsH\u00f6llenKleid - Opatija Admont","robots":{"index":"index","follow":"follow","max-snippet":"max-snippet:-1","max-image-preview":"max-image-preview:large","max-video-preview":"max-video-preview:-1"},"canonical":"https:\/\/stiftadmont.at\/sl\/muzej\/pregled-razstave\/obleka-sky-high\/","og_locale":"sl_SI","og_type":"article","og_title":"HimmelsH\u00f6llenKleid","og_url":"https:\/\/stiftadmont.at\/sl\/muzej\/pregled-razstave\/obleka-sky-high\/","og_site_name":"Stift Admont","article_modified_time":"2023-12-08T16:36:33+00:00","og_image":[{"width":1912,"height":1188,"url":"https:\/\/stiftadmont.at\/wp-content\/uploads\/Klosteranlage-innen.jpg","type":"image\/jpeg"}],"twitter_card":"summary_large_image","schema":{"@context":"https:\/\/schema.org","@graph":[{"@type":"WebPage","@id":"https:\/\/stiftadmont.at\/museum\/ausstellungsrueckblick\/himelshoellenkleid\/","url":"https:\/\/stiftadmont.at\/museum\/ausstellungsrueckblick\/himelshoellenkleid\/","name":"HimmelsH\u00f6llenKleid - Opatija Admont","isPartOf":{"@id":"https:\/\/stiftadmont.at\/#website"},"datePublished":"2021-09-28T13:18:13+00:00","dateModified":"2023-12-08T16:36:33+00:00","breadcrumb":{"@id":"https:\/\/stiftadmont.at\/museum\/ausstellungsrueckblick\/himelshoellenkleid\/#breadcrumb"},"inLanguage":"sl-SI","potentialAction":[{"@type":"ReadAction","target":["https:\/\/stiftadmont.at\/museum\/ausstellungsrueckblick\/himelshoellenkleid\/"]}]},{"@type":"BreadcrumbList","@id":"https:\/\/stiftadmont.at\/museum\/ausstellungsrueckblick\/himelshoellenkleid\/#breadcrumb","itemListElement":[{"@type":"ListItem","position":1,"name":"Start","item":"https:\/\/stiftadmont.at\/"},{"@type":"ListItem","position":2,"name":"Museum Stift Admont","item":"https:\/\/stiftadmont.at\/museum\/"},{"@type":"ListItem","position":3,"name":"Ausstellungsr\u00fcckblick","item":"https:\/\/stiftadmont.at\/museum\/ausstellungsrueckblick\/"},{"@type":"ListItem","position":4,"name":"HimmelsH\u00f6llenKleid"}]},{"@type":"WebSite","@id":"https:\/\/stiftadmont.at\/#website","url":"https:\/\/stiftadmont.at\/","name":"Opatija Admont","description":"Benediktinski samostan in turisti\u010dna znamenitost v Ges\u00e4use","potentialAction":[{"@type":"SearchAction","target":{"@type":"EntryPoint","urlTemplate":"https:\/\/stiftadmont.at\/?s={search_term_string}"},"query-input":{"@type":"PropertyValueSpecification","valueRequired":true,"valueName":"search_term_string"}}],"inLanguage":"sl-SI"}]}},"_links":{"self":[{"href":"https:\/\/stiftadmont.at\/sl\/wp-json\/wp\/v2\/pages\/6305","targetHints":{"allow":["GET"]}}],"collection":[{"href":"https:\/\/stiftadmont.at\/sl\/wp-json\/wp\/v2\/pages"}],"about":[{"href":"https:\/\/stiftadmont.at\/sl\/wp-json\/wp\/v2\/types\/page"}],"author":[{"embeddable":true,"href":"https:\/\/stiftadmont.at\/sl\/wp-json\/wp\/v2\/users\/7"}],"replies":[{"embeddable":true,"href":"https:\/\/stiftadmont.at\/sl\/wp-json\/wp\/v2\/comments?post=6305"}],"version-history":[{"count":12,"href":"https:\/\/stiftadmont.at\/sl\/wp-json\/wp\/v2\/pages\/6305\/revisions"}],"predecessor-version":[{"id":24215,"href":"https:\/\/stiftadmont.at\/sl\/wp-json\/wp\/v2\/pages\/6305\/revisions\/24215"}],"up":[{"embeddable":true,"href":"https:\/\/stiftadmont.at\/sl\/wp-json\/wp\/v2\/pages\/5864"}],"wp:attachment":[{"href":"https:\/\/stiftadmont.at\/sl\/wp-json\/wp\/v2\/media?parent=6305"}],"wp:term":[{"taxonomy":"category","embeddable":true,"href":"https:\/\/stiftadmont.at\/sl\/wp-json\/wp\/v2\/categories?post=6305"}],"curies":[{"name":"wp","href":"https:\/\/api.w.org\/{rel}","templated":true}]}}