{"id":6351,"date":"2021-09-29T14:55:12","date_gmt":"2021-09-29T12:55:12","guid":{"rendered":"https:\/\/stiftadmont.at\/?page_id=6351"},"modified":"2025-02-12T10:57:55","modified_gmt":"2025-02-12T08:57:55","slug":"robotlab","status":"publish","type":"page","link":"https:\/\/stiftadmont.at\/sl\/ueber-die-stiftsbibliothek\/robotlab\/","title":{"rendered":"Robotlab"},"content":{"rendered":"<section id='lightpress__section--block_9fbc4f498f589cb2a35dba1bd3fdba17' class='align-center lightpress__section--default-section-space lightpress__section lightpress__section--headline'><div class=\"headline__container\">\n            <h2 class=\"headline text--40 text-medium line line--gold line-above line-middle\">bios [bible], 2007\/2010<\/h2>\n        <p class=\"text-center text-gold text--20 text-medium text--uppercase\">PLAY ADMONT . regionale 10 in der Stiftsbibliothek Admont<\/p>\n        <div class=\"spacer--40\"><\/div>\n<\/div>\n\n<\/section>\n\n<section id='lightpress__section--block_9c4c0c32130b4b0a149f73f422355ab7' class='lightpress__section--default-section-space lightpress__section lightpress__section--content'><div class=\"content__inner\"\n         x-init=\"initContentBlockAnim($el)\">\n        \n    <div class=\"content__grid content__grid--fifty-fifty\">\n                                            <div class=\"content__box content__box\"\n                 style=\"\">\n                                \n                \n                                            <div class=\"prose\"><h5 class=\"heading-m line line-above line--gold\">bios [bible], 2007\/2010<\/h5>\n<p>\u00a0<\/p>\n<p class=\"paragraph-m\">Wer 2010 im Rahmen der Ausstellung PLAY ADMONT . regionale10 die Stiftsbibliothek Admont besuchte, fand dort v\u00f6llig unerwartet einen massiven Industrieroboter vor. Dieser schrieb mit einer Schreibfeder handschriftlich in wenigen Monaten das Neue Testament auf eine m\u00e4chtige Papierrolle nieder.<\/p>\n<p>\u00a0<\/p>\n<p>Mit Pr\u00e4zision f\u00fchrte die Maschine die kalligrafischen Linien aus, und lie\u00df so, wie ein M\u00f6nch im kl\u00f6sterlichen Scriptorium, nach und nach den Text entstehen. Die massive Erscheinung des Roboters, seine Bewegungen und Ger\u00e4usche wirkten auf den Betrachter, wurden individuell interpretiert und evozierten Ideen, die sowohl im Bereich des unmittelbar praktisch Umsetzbaren als auch der Utopie einer m\u00f6glichen Mensch-Maschine Kultur liegen k\u00f6nnten.<\/p>\n<p>\u00a0<\/p>\n<p>bios [bible] ist eine Installation der 2000 gegr\u00fcndeten freien K\u00fcnstlergruppe Robotlab (Matthias Gommel, Martina Haitz, Jan Zappe), die an das Institut f\u00fcr Bildmedien im ZKM \u2013 Zentrum f\u00fcr Kunst und Medientechnologie Karlsruhe assoziiert ist. bios [bible] besch\u00e4ftigt sich mit Fragen von Glauben und technischem Fortschritt. Die Anordnung setzt zwei f\u00fcr die westliche Gesellschaft grundlegende Systeme in Beziehung, die christliche Religion und den wissenschaftlichen Rationalismus. In diesem Zusammenhang spielt seit jeher das Medium Schrift eine besondere Rolle, als Heilige Schrift oder als formale Niederschrift von Wissen.<\/p>\n<p>\u00a0<\/p>\n<p class=\"paragraph-m\">Basic input output system (bios) bezeichnet in der Computertechnologie das Bauteil, das die Vermittlung zwischen Hard- und Software koordiniert, und somit die unverzichtbare, grundlegende Software beinhaltet, mit der jeder Computer erst starten und Informationen verarbeiten kann. Es beinhaltet demnach jenes erste Programm, jene erste urs\u00e4chliche Schrift, worauf jedes weitere Programm aufbaut.<\/p>\n<p class=\"paragraph-m\">Die im Zuge des Schreibprozesses in der Admonter Stiftsbibliothek entstandene Papierrolle wurde in die Sammlung des Stiftes Admont aufgenommen.<\/p>\n<\/div>\n                    \n                            <\/div>\n        \n                                                    <div class=\"content__box content__box--2\"\n                     >\n                                        \n                    \n                                                <div class=\"content__media stickyTo\" x-init=\"imageSticky($el)\">\n\n                                                                                    <picture\n                                    class=\"content__image sticky\">\n                                <source srcset=\"https:\/\/stiftadmont.at\/wp-content\/uploads\/Roboter_Bibliothek2-1024x680.webp\" type=\"image\/webp\">\n                                <source srcset=\"https:\/\/stiftadmont.at\/wp-content\/uploads\/Roboter_Bibliothek2-1024x680.jpg\" type=\"image\/jpeg\">\n                                <img decoding=\"async\" class=\"sticky\" loading=\"lazy\" src=\"https:\/\/stiftadmont.at\/wp-content\/uploads\/Roboter_Bibliothek2-1024x680.jpg\" alt=\"Roboter Bibliothek 2022\" \/>\n\n                                                                                                                            <\/picture>\n\n                        <\/div>\n\n                                    <\/div>\n            \n            <\/div>\n<\/div>\n\n<\/section>","protected":false},"excerpt":{"rendered":"","protected":false},"author":7,"featured_media":0,"parent":454,"menu_order":0,"comment_status":"closed","ping_status":"closed","template":"","meta":{"_acf_changed":false,"footnotes":""},"categories":[],"class_list":["post-6351","page","type-page","status-publish","hentry"],"acf":[],"yoast_head":"<!-- This site is optimized with the Yoast SEO Premium plugin v26.0 (Yoast SEO v26.8) - https:\/\/yoast.com\/product\/yoast-seo-premium-wordpress\/ -->\n<title>Robotlab - Stift Admont<\/title>\n<meta name=\"robots\" content=\"index, follow, max-snippet:-1, max-image-preview:large, max-video-preview:-1\" \/>\n<link rel=\"canonical\" href=\"https:\/\/stiftadmont.at\/sl\/o-opatijski-knjiznici\/robotlab\/\" \/>\n<meta property=\"og:locale\" content=\"sl_SI\" \/>\n<meta property=\"og:type\" content=\"article\" \/>\n<meta property=\"og:title\" content=\"Robotlab\" \/>\n<meta property=\"og:url\" content=\"https:\/\/stiftadmont.at\/sl\/o-opatijski-knjiznici\/robotlab\/\" \/>\n<meta property=\"og:site_name\" content=\"Stift Admont\" \/>\n<meta property=\"article:modified_time\" content=\"2025-02-12T08:57:55+00:00\" \/>\n<meta property=\"og:image\" content=\"https:\/\/stiftadmont.at\/wp-content\/uploads\/Klosteranlage-innen.jpg\" \/>\n\t<meta property=\"og:image:width\" content=\"1912\" \/>\n\t<meta property=\"og:image:height\" content=\"1188\" \/>\n\t<meta property=\"og:image:type\" content=\"image\/jpeg\" \/>\n<meta name=\"twitter:card\" content=\"summary_large_image\" \/>\n<script type=\"application\/ld+json\" class=\"yoast-schema-graph\">{\"@context\":\"https:\/\/schema.org\",\"@graph\":[{\"@type\":\"WebPage\",\"@id\":\"https:\/\/stiftadmont.at\/ueber-die-stiftsbibliothek\/robotlab\/\",\"url\":\"https:\/\/stiftadmont.at\/ueber-die-stiftsbibliothek\/robotlab\/\",\"name\":\"Robotlab - Stift Admont\",\"isPartOf\":{\"@id\":\"https:\/\/stiftadmont.at\/#website\"},\"datePublished\":\"2021-09-29T12:55:12+00:00\",\"dateModified\":\"2025-02-12T08:57:55+00:00\",\"breadcrumb\":{\"@id\":\"https:\/\/stiftadmont.at\/ueber-die-stiftsbibliothek\/robotlab\/#breadcrumb\"},\"inLanguage\":\"sl-SI\",\"potentialAction\":[{\"@type\":\"ReadAction\",\"target\":[\"https:\/\/stiftadmont.at\/ueber-die-stiftsbibliothek\/robotlab\/\"]}]},{\"@type\":\"BreadcrumbList\",\"@id\":\"https:\/\/stiftadmont.at\/ueber-die-stiftsbibliothek\/robotlab\/#breadcrumb\",\"itemListElement\":[{\"@type\":\"ListItem\",\"position\":1,\"name\":\"Start\",\"item\":\"https:\/\/stiftadmont.at\/\"},{\"@type\":\"ListItem\",\"position\":2,\"name\":\"\u00dcber unsere Klosterbibliothek\",\"item\":\"https:\/\/stiftadmont.at\/ueber-die-stiftsbibliothek\/\"},{\"@type\":\"ListItem\",\"position\":3,\"name\":\"Robotlab\"}]},{\"@type\":\"WebSite\",\"@id\":\"https:\/\/stiftadmont.at\/#website\",\"url\":\"https:\/\/stiftadmont.at\/\",\"name\":\"Stift Admont\",\"description\":\"Benediktinerkloster und Sehensw\u00fcrdigkeit im Ges\u00e4use\",\"potentialAction\":[{\"@type\":\"SearchAction\",\"target\":{\"@type\":\"EntryPoint\",\"urlTemplate\":\"https:\/\/stiftadmont.at\/?s={search_term_string}\"},\"query-input\":{\"@type\":\"PropertyValueSpecification\",\"valueRequired\":true,\"valueName\":\"search_term_string\"}}],\"inLanguage\":\"sl-SI\"}]}<\/script>\n<!-- \/ Yoast SEO Premium plugin. -->","yoast_head_json":{"title":"Robotlab - opatija Admont","robots":{"index":"index","follow":"follow","max-snippet":"max-snippet:-1","max-image-preview":"max-image-preview:large","max-video-preview":"max-video-preview:-1"},"canonical":"https:\/\/stiftadmont.at\/sl\/o-opatijski-knjiznici\/robotlab\/","og_locale":"sl_SI","og_type":"article","og_title":"Robotlab","og_url":"https:\/\/stiftadmont.at\/sl\/o-opatijski-knjiznici\/robotlab\/","og_site_name":"Stift Admont","article_modified_time":"2025-02-12T08:57:55+00:00","og_image":[{"width":1912,"height":1188,"url":"https:\/\/stiftadmont.at\/wp-content\/uploads\/Klosteranlage-innen.jpg","type":"image\/jpeg"}],"twitter_card":"summary_large_image","schema":{"@context":"https:\/\/schema.org","@graph":[{"@type":"WebPage","@id":"https:\/\/stiftadmont.at\/ueber-die-stiftsbibliothek\/robotlab\/","url":"https:\/\/stiftadmont.at\/ueber-die-stiftsbibliothek\/robotlab\/","name":"Robotlab - opatija Admont","isPartOf":{"@id":"https:\/\/stiftadmont.at\/#website"},"datePublished":"2021-09-29T12:55:12+00:00","dateModified":"2025-02-12T08:57:55+00:00","breadcrumb":{"@id":"https:\/\/stiftadmont.at\/ueber-die-stiftsbibliothek\/robotlab\/#breadcrumb"},"inLanguage":"sl-SI","potentialAction":[{"@type":"ReadAction","target":["https:\/\/stiftadmont.at\/ueber-die-stiftsbibliothek\/robotlab\/"]}]},{"@type":"BreadcrumbList","@id":"https:\/\/stiftadmont.at\/ueber-die-stiftsbibliothek\/robotlab\/#breadcrumb","itemListElement":[{"@type":"ListItem","position":1,"name":"Start","item":"https:\/\/stiftadmont.at\/"},{"@type":"ListItem","position":2,"name":"\u00dcber unsere Klosterbibliothek","item":"https:\/\/stiftadmont.at\/ueber-die-stiftsbibliothek\/"},{"@type":"ListItem","position":3,"name":"Robotlab"}]},{"@type":"WebSite","@id":"https:\/\/stiftadmont.at\/#website","url":"https:\/\/stiftadmont.at\/","name":"Opatija Admont","description":"Benediktinski samostan in turisti\u010dna znamenitost v Ges\u00e4use","potentialAction":[{"@type":"SearchAction","target":{"@type":"EntryPoint","urlTemplate":"https:\/\/stiftadmont.at\/?s={search_term_string}"},"query-input":{"@type":"PropertyValueSpecification","valueRequired":true,"valueName":"search_term_string"}}],"inLanguage":"sl-SI"}]}},"_links":{"self":[{"href":"https:\/\/stiftadmont.at\/sl\/wp-json\/wp\/v2\/pages\/6351","targetHints":{"allow":["GET"]}}],"collection":[{"href":"https:\/\/stiftadmont.at\/sl\/wp-json\/wp\/v2\/pages"}],"about":[{"href":"https:\/\/stiftadmont.at\/sl\/wp-json\/wp\/v2\/types\/page"}],"author":[{"embeddable":true,"href":"https:\/\/stiftadmont.at\/sl\/wp-json\/wp\/v2\/users\/7"}],"replies":[{"embeddable":true,"href":"https:\/\/stiftadmont.at\/sl\/wp-json\/wp\/v2\/comments?post=6351"}],"version-history":[{"count":19,"href":"https:\/\/stiftadmont.at\/sl\/wp-json\/wp\/v2\/pages\/6351\/revisions"}],"predecessor-version":[{"id":32825,"href":"https:\/\/stiftadmont.at\/sl\/wp-json\/wp\/v2\/pages\/6351\/revisions\/32825"}],"up":[{"embeddable":true,"href":"https:\/\/stiftadmont.at\/sl\/wp-json\/wp\/v2\/pages\/454"}],"wp:attachment":[{"href":"https:\/\/stiftadmont.at\/sl\/wp-json\/wp\/v2\/media?parent=6351"}],"wp:term":[{"taxonomy":"category","embeddable":true,"href":"https:\/\/stiftadmont.at\/sl\/wp-json\/wp\/v2\/categories?post=6351"}],"curies":[{"name":"wp","href":"https:\/\/api.w.org\/{rel}","templated":true}]}}