{"id":6394,"date":"2021-09-29T15:13:12","date_gmt":"2021-09-29T13:13:12","guid":{"rendered":"https:\/\/stiftadmont.at\/?page_id=6394"},"modified":"2025-01-30T09:46:52","modified_gmt":"2025-01-30T07:46:52","slug":"heribert-friedl","status":"publish","type":"page","link":"https:\/\/stiftadmont.at\/sl\/ueber-die-stiftsbibliothek\/heribert-friedl\/","title":{"rendered":"Heribert Friedl"},"content":{"rendered":"<section id='lightpress__section--block_bf5352f8494c3e807798f18e0bcaf4e9' class='align-center lightpress__section--default-section-space lightpress__section lightpress__section--headline'><div class=\"headline__container\">\n            <h2 class=\"headline text--40 text-medium line line--gold line-above line-middle\">BREZ NASLOVA (NAREJENO ZA ADMONT), 2007<\/h2>\n        <p class=\"text-center text-gold text--20 text-medium text--uppercase\">Leta 2007 je v muzeju Admont Abbey potekala razstava \"I feel something you can't see. Umetnost za razumevanje\". V okviru te razstave je Heribert Friedl izvedel subtilno intervencijo v dvorani knji\u017enice Admont.<\/p>\n        <div class=\"spacer--40\"><\/div>\n<\/div>\n\n<\/section>\n\n<section id='lightpress__section--block_6fd0ce0ea936bd9f52c1e7f324095256' class='lightpress__section--default-section-space lightpress__section lightpress__section--content'><div class=\"content__inner\"\n         x-init=\"initContentBlockAnim($el)\">\n        \n    <div class=\"content__grid content__grid--fifty-fifty\">\n                                            <div class=\"content__box content__box\"\n                 style=\"\">\n                                \n                \n                                            <div class=\"prose\"><h5 class=\"heading-m line line-above line--gold\">Di\u0161ave<\/h5>\n<p>\u00a0<\/p>\n<p class=\"paragraph-m\">Tako kot pri mnogih drugih postavitvah se Heribert Friedl ni ukvarjal z vizualno specifikacijo. Ni ga zanimalo, kaj vidite, ampak kaj vonjate - vonj, ki ste mu izpostavljeni. Vizualno \"prazne\" bele plo\u0161\u010de na odru so bile uporabljene kot nosilec di\u0161ave. Di\u0161avo je bilo mogo\u010de sprostiti z drgnjenjem.<\/p>\n<p>\u00a0<\/p>\n<p class=\"paragraph-m\">Del dela so bile tudi di\u0161avne kartice. Na njihovi zlati strani je bil natisnjen vonj. Zlata barva se je nana\u0161ala na lokacijo postavitve: baro\u010dno samostansko knji\u017enico. Namen kartice je bil, da obiskovalce doma z vonjem spomni na samo delo, z zlato barvo pa na veli\u010dastno sobo. Skupaj z zemljevidom je bil vzet tudi del\u010dek izvirnika.<\/p>\n<p>\u00a0<\/p>\n<div class=\"info info--info\">\n<p>Di\u0161ava: kadilo<\/p>\n<\/div>\n<\/div>\n                    \n                            <\/div>\n        \n                                                    <div class=\"content__box content__box--2\"\n                     >\n                                        \n                    \n                                                <div class=\"content__media stickyTo\" x-init=\"imageSticky($el)\">\n\n                                                                                    <picture\n                                    class=\"content__image sticky\">\n                                <source srcset=\"https:\/\/stiftadmont.at\/wp-content\/uploads\/4739b6c64144f72975550c5e8df1b948_L.webp\" type=\"image\/webp\">\n                                <source srcset=\"https:\/\/stiftadmont.at\/wp-content\/uploads\/4739b6c64144f72975550c5e8df1b948_L.jpg\" type=\"image\/jpeg\">\n                                <img decoding=\"async\" class=\"sticky\" loading=\"lazy\" src=\"https:\/\/stiftadmont.at\/wp-content\/uploads\/4739b6c64144f72975550c5e8df1b948_L.jpg\" alt=\"O opatijski knji\u017enici 2021\" \/>\n\n                                                                                                                            <\/picture>\n\n                        <\/div>\n\n                                    <\/div>\n            \n            <\/div>\n<\/div>\n\n<\/section>","protected":false},"excerpt":{"rendered":"","protected":false},"author":7,"featured_media":0,"parent":454,"menu_order":0,"comment_status":"closed","ping_status":"closed","template":"","meta":{"_acf_changed":false,"footnotes":""},"categories":[],"class_list":["post-6394","page","type-page","status-publish","hentry"],"acf":[],"yoast_head":"<!-- This site is optimized with the Yoast SEO Premium plugin v26.0 (Yoast SEO v26.8) - https:\/\/yoast.com\/product\/yoast-seo-premium-wordpress\/ -->\n<title>Heribert Friedl - Stift Admont<\/title>\n<meta name=\"robots\" content=\"index, follow, max-snippet:-1, max-image-preview:large, max-video-preview:-1\" \/>\n<link rel=\"canonical\" href=\"https:\/\/stiftadmont.at\/sl\/o-opatijski-knjiznici\/heribert-friedl\/\" \/>\n<meta property=\"og:locale\" content=\"sl_SI\" \/>\n<meta property=\"og:type\" content=\"article\" \/>\n<meta property=\"og:title\" content=\"Heribert Friedl\" \/>\n<meta property=\"og:url\" content=\"https:\/\/stiftadmont.at\/sl\/o-opatijski-knjiznici\/heribert-friedl\/\" \/>\n<meta property=\"og:site_name\" content=\"Stift Admont\" \/>\n<meta property=\"article:modified_time\" content=\"2025-01-30T07:46:52+00:00\" \/>\n<meta property=\"og:image\" content=\"https:\/\/stiftadmont.at\/wp-content\/uploads\/Klosteranlage-innen.jpg\" \/>\n\t<meta property=\"og:image:width\" content=\"1912\" \/>\n\t<meta property=\"og:image:height\" content=\"1188\" \/>\n\t<meta property=\"og:image:type\" content=\"image\/jpeg\" \/>\n<meta name=\"twitter:card\" content=\"summary_large_image\" \/>\n<script type=\"application\/ld+json\" class=\"yoast-schema-graph\">{\"@context\":\"https:\/\/schema.org\",\"@graph\":[{\"@type\":\"WebPage\",\"@id\":\"https:\/\/stiftadmont.at\/ueber-die-stiftsbibliothek\/heribert-friedl\/\",\"url\":\"https:\/\/stiftadmont.at\/ueber-die-stiftsbibliothek\/heribert-friedl\/\",\"name\":\"Heribert Friedl - Stift Admont\",\"isPartOf\":{\"@id\":\"https:\/\/stiftadmont.at\/#website\"},\"datePublished\":\"2021-09-29T13:13:12+00:00\",\"dateModified\":\"2025-01-30T07:46:52+00:00\",\"breadcrumb\":{\"@id\":\"https:\/\/stiftadmont.at\/ueber-die-stiftsbibliothek\/heribert-friedl\/#breadcrumb\"},\"inLanguage\":\"sl-SI\",\"potentialAction\":[{\"@type\":\"ReadAction\",\"target\":[\"https:\/\/stiftadmont.at\/ueber-die-stiftsbibliothek\/heribert-friedl\/\"]}]},{\"@type\":\"BreadcrumbList\",\"@id\":\"https:\/\/stiftadmont.at\/ueber-die-stiftsbibliothek\/heribert-friedl\/#breadcrumb\",\"itemListElement\":[{\"@type\":\"ListItem\",\"position\":1,\"name\":\"Start\",\"item\":\"https:\/\/stiftadmont.at\/\"},{\"@type\":\"ListItem\",\"position\":2,\"name\":\"\u00dcber unsere Klosterbibliothek\",\"item\":\"https:\/\/stiftadmont.at\/ueber-die-stiftsbibliothek\/\"},{\"@type\":\"ListItem\",\"position\":3,\"name\":\"Heribert Friedl\"}]},{\"@type\":\"WebSite\",\"@id\":\"https:\/\/stiftadmont.at\/#website\",\"url\":\"https:\/\/stiftadmont.at\/\",\"name\":\"Stift Admont\",\"description\":\"Benediktinerkloster und Sehensw\u00fcrdigkeit im Ges\u00e4use\",\"potentialAction\":[{\"@type\":\"SearchAction\",\"target\":{\"@type\":\"EntryPoint\",\"urlTemplate\":\"https:\/\/stiftadmont.at\/?s={search_term_string}\"},\"query-input\":{\"@type\":\"PropertyValueSpecification\",\"valueRequired\":true,\"valueName\":\"search_term_string\"}}],\"inLanguage\":\"sl-SI\"}]}<\/script>\n<!-- \/ Yoast SEO Premium plugin. -->","yoast_head_json":{"title":"Heribert Friedl - opatija Admont","robots":{"index":"index","follow":"follow","max-snippet":"max-snippet:-1","max-image-preview":"max-image-preview:large","max-video-preview":"max-video-preview:-1"},"canonical":"https:\/\/stiftadmont.at\/sl\/o-opatijski-knjiznici\/heribert-friedl\/","og_locale":"sl_SI","og_type":"article","og_title":"Heribert Friedl","og_url":"https:\/\/stiftadmont.at\/sl\/o-opatijski-knjiznici\/heribert-friedl\/","og_site_name":"Stift Admont","article_modified_time":"2025-01-30T07:46:52+00:00","og_image":[{"width":1912,"height":1188,"url":"https:\/\/stiftadmont.at\/wp-content\/uploads\/Klosteranlage-innen.jpg","type":"image\/jpeg"}],"twitter_card":"summary_large_image","schema":{"@context":"https:\/\/schema.org","@graph":[{"@type":"WebPage","@id":"https:\/\/stiftadmont.at\/ueber-die-stiftsbibliothek\/heribert-friedl\/","url":"https:\/\/stiftadmont.at\/ueber-die-stiftsbibliothek\/heribert-friedl\/","name":"Heribert Friedl - opatija Admont","isPartOf":{"@id":"https:\/\/stiftadmont.at\/#website"},"datePublished":"2021-09-29T13:13:12+00:00","dateModified":"2025-01-30T07:46:52+00:00","breadcrumb":{"@id":"https:\/\/stiftadmont.at\/ueber-die-stiftsbibliothek\/heribert-friedl\/#breadcrumb"},"inLanguage":"sl-SI","potentialAction":[{"@type":"ReadAction","target":["https:\/\/stiftadmont.at\/ueber-die-stiftsbibliothek\/heribert-friedl\/"]}]},{"@type":"BreadcrumbList","@id":"https:\/\/stiftadmont.at\/ueber-die-stiftsbibliothek\/heribert-friedl\/#breadcrumb","itemListElement":[{"@type":"ListItem","position":1,"name":"Start","item":"https:\/\/stiftadmont.at\/"},{"@type":"ListItem","position":2,"name":"\u00dcber unsere Klosterbibliothek","item":"https:\/\/stiftadmont.at\/ueber-die-stiftsbibliothek\/"},{"@type":"ListItem","position":3,"name":"Heribert Friedl"}]},{"@type":"WebSite","@id":"https:\/\/stiftadmont.at\/#website","url":"https:\/\/stiftadmont.at\/","name":"Opatija Admont","description":"Benediktinski samostan in turisti\u010dna znamenitost v Ges\u00e4use","potentialAction":[{"@type":"SearchAction","target":{"@type":"EntryPoint","urlTemplate":"https:\/\/stiftadmont.at\/?s={search_term_string}"},"query-input":{"@type":"PropertyValueSpecification","valueRequired":true,"valueName":"search_term_string"}}],"inLanguage":"sl-SI"}]}},"_links":{"self":[{"href":"https:\/\/stiftadmont.at\/sl\/wp-json\/wp\/v2\/pages\/6394","targetHints":{"allow":["GET"]}}],"collection":[{"href":"https:\/\/stiftadmont.at\/sl\/wp-json\/wp\/v2\/pages"}],"about":[{"href":"https:\/\/stiftadmont.at\/sl\/wp-json\/wp\/v2\/types\/page"}],"author":[{"embeddable":true,"href":"https:\/\/stiftadmont.at\/sl\/wp-json\/wp\/v2\/users\/7"}],"replies":[{"embeddable":true,"href":"https:\/\/stiftadmont.at\/sl\/wp-json\/wp\/v2\/comments?post=6394"}],"version-history":[{"count":13,"href":"https:\/\/stiftadmont.at\/sl\/wp-json\/wp\/v2\/pages\/6394\/revisions"}],"predecessor-version":[{"id":32345,"href":"https:\/\/stiftadmont.at\/sl\/wp-json\/wp\/v2\/pages\/6394\/revisions\/32345"}],"up":[{"embeddable":true,"href":"https:\/\/stiftadmont.at\/sl\/wp-json\/wp\/v2\/pages\/454"}],"wp:attachment":[{"href":"https:\/\/stiftadmont.at\/sl\/wp-json\/wp\/v2\/media?parent=6394"}],"wp:term":[{"taxonomy":"category","embeddable":true,"href":"https:\/\/stiftadmont.at\/sl\/wp-json\/wp\/v2\/categories?post=6394"}],"curies":[{"name":"wp","href":"https:\/\/api.w.org\/{rel}","templated":true}]}}