{"id":6480,"date":"2021-09-29T16:40:07","date_gmt":"2021-09-29T14:40:07","guid":{"rendered":"https:\/\/stiftadmont.at\/?page_id=6480"},"modified":"2023-12-11T10:55:04","modified_gmt":"2023-12-11T08:55:04","slug":"neo-ponovno-odkrit-v-muzeju-za-umetnostno-zgodovino","status":"publish","type":"page","link":"https:\/\/stiftadmont.at\/sl\/museum\/ausstellungsrueckblick\/neo-neu-wiederentdeckt-im-kunsthistorischen-museum\/","title":{"rendered":"NEO\/NEW - Ponovno odkrito v Umetnostnozgodovinskem muzeju"},"content":{"rendered":"<section id='lightpress__section--block_61547ac0e6543' class='lightpress__section--default-section-space lightpress__section lightpress__section--content'><div class=\"content__inner\"\n         x-init=\"initContentBlockAnim($el)\">\n        \n    <div class=\"content__grid content__grid\">\n                                            <div class=\"content__box content__box--one-hundred\"\n                 style=\"\">\n                                \n                \n                                            <div class=\"prose\"><p class=\"paragraph-m\">Po po\u017eigu samostana leta 1865 je bila opatijska cerkev Admont obnovljena v takrat modernem neogotskem slogu. Med obnovo je za cerkev, pa tudi za menihe, ki so bili vedno odprti za umetnost, nastalo veliko liturgi\u010dnih predmetov, ki jih je navdihnil srednjeve\u0161ki gotski slog. \u010ceprav se ti kelihi, ciboriji, mon\u0161trance itd. ne pribli\u017eujejo veliki umetnosti srednjeve\u0161ke gotike, so vseeno vznemirljive pri\u010de umetni\u0161kega obdobja, ki ni imelo pomembnega vpliva le na Admont s kolegiatno cerkvijo, temve\u010d na celotno evropsko celino. V zadnjih letih je bila prednostna naloga kustosa P. Maksimilijana restavrirati zlasti te predmete, na katere se \u017eal pogosto gleda zvi\u0161ka. Nekateri od njih so bili javnosti prvi\u010d predstavljeni v sezoni 2017.<\/p>\n<p class=\"paragraph-m\">Po dolgem premoru so bile v paramentni sobi ponovno na ogled \"bo\u017ei\u010dne regalije\" brata Benna Haana, mojstrovina meniha iz Admonta iz 80. let 16. stoletja. Bogat slikovni program, iglasto slikarstvo najvi\u0161je kakovosti - \u010dudovito pri\u010devanje o baro\u010dni umetnosti, ki je nastala v opatiji Admont in se vedno uporablja v Bo\u017ejo slavo. Ob njej - prvi\u010d razstavljeno - baro\u010dno obla\u010dilo v redki liturgi\u010dni ro\u017enati barvi, mojstrovina tehnike tkanja.<\/p>\n<div class=\"info info--info\">\n<p>Skrbnik: pater Maximilian Schieferm\u00fcller OSB<\/p>\n<\/div>\n<\/div>\n                    \n                            <\/div>\n        \n            <\/div>\n<\/div>\n\n<\/section>","protected":false},"excerpt":{"rendered":"","protected":false},"author":7,"featured_media":0,"parent":5864,"menu_order":7,"comment_status":"closed","ping_status":"closed","template":"","meta":{"_acf_changed":false,"footnotes":""},"categories":[73],"class_list":["post-6480","page","type-page","status-publish","hentry","category-ausstellungsrueckblick"],"acf":[],"yoast_head":"<!-- This site is optimized with the Yoast SEO Premium plugin v26.0 (Yoast SEO v26.8) - https:\/\/yoast.com\/product\/yoast-seo-premium-wordpress\/ -->\n<title>NEO\/NEU \u2013 Wiederentdeckt im Kunsthistorischen Museum - Stift Admont<\/title>\n<meta name=\"robots\" content=\"index, follow, max-snippet:-1, max-image-preview:large, max-video-preview:-1\" \/>\n<link rel=\"canonical\" href=\"https:\/\/stiftadmont.at\/sl\/muzej\/pregled-razstave\/neo-ponovno-odkrit-v-muzeju-za-umetnostno-zgodovino\/\" \/>\n<meta property=\"og:locale\" content=\"sl_SI\" \/>\n<meta property=\"og:type\" content=\"article\" \/>\n<meta property=\"og:title\" content=\"NEO\/NEU \u2013 Wiederentdeckt im Kunsthistorischen Museum\" \/>\n<meta property=\"og:url\" content=\"https:\/\/stiftadmont.at\/sl\/muzej\/pregled-razstave\/neo-ponovno-odkrit-v-muzeju-za-umetnostno-zgodovino\/\" \/>\n<meta property=\"og:site_name\" content=\"Stift Admont\" \/>\n<meta property=\"article:modified_time\" content=\"2023-12-11T08:55:04+00:00\" \/>\n<meta property=\"og:image\" content=\"https:\/\/stiftadmont.at\/wp-content\/uploads\/Klosteranlage-innen.jpg\" \/>\n\t<meta property=\"og:image:width\" content=\"1912\" \/>\n\t<meta property=\"og:image:height\" content=\"1188\" \/>\n\t<meta property=\"og:image:type\" content=\"image\/jpeg\" \/>\n<meta name=\"twitter:card\" content=\"summary_large_image\" \/>\n<script type=\"application\/ld+json\" class=\"yoast-schema-graph\">{\"@context\":\"https:\/\/schema.org\",\"@graph\":[{\"@type\":\"WebPage\",\"@id\":\"https:\/\/stiftadmont.at\/museum\/ausstellungsrueckblick\/neo-neu-wiederentdeckt-im-kunsthistorischen-museum\/\",\"url\":\"https:\/\/stiftadmont.at\/museum\/ausstellungsrueckblick\/neo-neu-wiederentdeckt-im-kunsthistorischen-museum\/\",\"name\":\"NEO\/NEU \u2013 Wiederentdeckt im Kunsthistorischen Museum - Stift Admont\",\"isPartOf\":{\"@id\":\"https:\/\/stiftadmont.at\/#website\"},\"datePublished\":\"2021-09-29T14:40:07+00:00\",\"dateModified\":\"2023-12-11T08:55:04+00:00\",\"breadcrumb\":{\"@id\":\"https:\/\/stiftadmont.at\/museum\/ausstellungsrueckblick\/neo-neu-wiederentdeckt-im-kunsthistorischen-museum\/#breadcrumb\"},\"inLanguage\":\"sl-SI\",\"potentialAction\":[{\"@type\":\"ReadAction\",\"target\":[\"https:\/\/stiftadmont.at\/museum\/ausstellungsrueckblick\/neo-neu-wiederentdeckt-im-kunsthistorischen-museum\/\"]}]},{\"@type\":\"BreadcrumbList\",\"@id\":\"https:\/\/stiftadmont.at\/museum\/ausstellungsrueckblick\/neo-neu-wiederentdeckt-im-kunsthistorischen-museum\/#breadcrumb\",\"itemListElement\":[{\"@type\":\"ListItem\",\"position\":1,\"name\":\"Start\",\"item\":\"https:\/\/stiftadmont.at\/\"},{\"@type\":\"ListItem\",\"position\":2,\"name\":\"Museum Stift Admont\",\"item\":\"https:\/\/stiftadmont.at\/museum\/\"},{\"@type\":\"ListItem\",\"position\":3,\"name\":\"Ausstellungsr\u00fcckblick\",\"item\":\"https:\/\/stiftadmont.at\/museum\/ausstellungsrueckblick\/\"},{\"@type\":\"ListItem\",\"position\":4,\"name\":\"NEO\/NEU \u2013 Wiederentdeckt im Kunsthistorischen Museum\"}]},{\"@type\":\"WebSite\",\"@id\":\"https:\/\/stiftadmont.at\/#website\",\"url\":\"https:\/\/stiftadmont.at\/\",\"name\":\"Stift Admont\",\"description\":\"Benediktinerkloster und Sehensw\u00fcrdigkeit im Ges\u00e4use\",\"potentialAction\":[{\"@type\":\"SearchAction\",\"target\":{\"@type\":\"EntryPoint\",\"urlTemplate\":\"https:\/\/stiftadmont.at\/?s={search_term_string}\"},\"query-input\":{\"@type\":\"PropertyValueSpecification\",\"valueRequired\":true,\"valueName\":\"search_term_string\"}}],\"inLanguage\":\"sl-SI\"}]}<\/script>\n<!-- \/ Yoast SEO Premium plugin. -->","yoast_head_json":{"title":"NEO\/NEW - Ponovno odkrito v umetnostnozgodovinskem muzeju - opatija Admont","robots":{"index":"index","follow":"follow","max-snippet":"max-snippet:-1","max-image-preview":"max-image-preview:large","max-video-preview":"max-video-preview:-1"},"canonical":"https:\/\/stiftadmont.at\/sl\/muzej\/pregled-razstave\/neo-ponovno-odkrit-v-muzeju-za-umetnostno-zgodovino\/","og_locale":"sl_SI","og_type":"article","og_title":"NEO\/NEU \u2013 Wiederentdeckt im Kunsthistorischen Museum","og_url":"https:\/\/stiftadmont.at\/sl\/muzej\/pregled-razstave\/neo-ponovno-odkrit-v-muzeju-za-umetnostno-zgodovino\/","og_site_name":"Stift Admont","article_modified_time":"2023-12-11T08:55:04+00:00","og_image":[{"width":1912,"height":1188,"url":"https:\/\/stiftadmont.at\/wp-content\/uploads\/Klosteranlage-innen.jpg","type":"image\/jpeg"}],"twitter_card":"summary_large_image","schema":{"@context":"https:\/\/schema.org","@graph":[{"@type":"WebPage","@id":"https:\/\/stiftadmont.at\/museum\/ausstellungsrueckblick\/neo-neu-wiederentdeckt-im-kunsthistorischen-museum\/","url":"https:\/\/stiftadmont.at\/museum\/ausstellungsrueckblick\/neo-neu-wiederentdeckt-im-kunsthistorischen-museum\/","name":"NEO\/NEW - Ponovno odkrito v umetnostnozgodovinskem muzeju - opatija Admont","isPartOf":{"@id":"https:\/\/stiftadmont.at\/#website"},"datePublished":"2021-09-29T14:40:07+00:00","dateModified":"2023-12-11T08:55:04+00:00","breadcrumb":{"@id":"https:\/\/stiftadmont.at\/museum\/ausstellungsrueckblick\/neo-neu-wiederentdeckt-im-kunsthistorischen-museum\/#breadcrumb"},"inLanguage":"sl-SI","potentialAction":[{"@type":"ReadAction","target":["https:\/\/stiftadmont.at\/museum\/ausstellungsrueckblick\/neo-neu-wiederentdeckt-im-kunsthistorischen-museum\/"]}]},{"@type":"BreadcrumbList","@id":"https:\/\/stiftadmont.at\/museum\/ausstellungsrueckblick\/neo-neu-wiederentdeckt-im-kunsthistorischen-museum\/#breadcrumb","itemListElement":[{"@type":"ListItem","position":1,"name":"Start","item":"https:\/\/stiftadmont.at\/"},{"@type":"ListItem","position":2,"name":"Museum Stift Admont","item":"https:\/\/stiftadmont.at\/museum\/"},{"@type":"ListItem","position":3,"name":"Ausstellungsr\u00fcckblick","item":"https:\/\/stiftadmont.at\/museum\/ausstellungsrueckblick\/"},{"@type":"ListItem","position":4,"name":"NEO\/NEU \u2013 Wiederentdeckt im Kunsthistorischen Museum"}]},{"@type":"WebSite","@id":"https:\/\/stiftadmont.at\/#website","url":"https:\/\/stiftadmont.at\/","name":"Opatija Admont","description":"Benediktinski samostan in turisti\u010dna znamenitost v Ges\u00e4use","potentialAction":[{"@type":"SearchAction","target":{"@type":"EntryPoint","urlTemplate":"https:\/\/stiftadmont.at\/?s={search_term_string}"},"query-input":{"@type":"PropertyValueSpecification","valueRequired":true,"valueName":"search_term_string"}}],"inLanguage":"sl-SI"}]}},"_links":{"self":[{"href":"https:\/\/stiftadmont.at\/sl\/wp-json\/wp\/v2\/pages\/6480","targetHints":{"allow":["GET"]}}],"collection":[{"href":"https:\/\/stiftadmont.at\/sl\/wp-json\/wp\/v2\/pages"}],"about":[{"href":"https:\/\/stiftadmont.at\/sl\/wp-json\/wp\/v2\/types\/page"}],"author":[{"embeddable":true,"href":"https:\/\/stiftadmont.at\/sl\/wp-json\/wp\/v2\/users\/7"}],"replies":[{"embeddable":true,"href":"https:\/\/stiftadmont.at\/sl\/wp-json\/wp\/v2\/comments?post=6480"}],"version-history":[{"count":7,"href":"https:\/\/stiftadmont.at\/sl\/wp-json\/wp\/v2\/pages\/6480\/revisions"}],"predecessor-version":[{"id":24272,"href":"https:\/\/stiftadmont.at\/sl\/wp-json\/wp\/v2\/pages\/6480\/revisions\/24272"}],"up":[{"embeddable":true,"href":"https:\/\/stiftadmont.at\/sl\/wp-json\/wp\/v2\/pages\/5864"}],"wp:attachment":[{"href":"https:\/\/stiftadmont.at\/sl\/wp-json\/wp\/v2\/media?parent=6480"}],"wp:term":[{"taxonomy":"category","embeddable":true,"href":"https:\/\/stiftadmont.at\/sl\/wp-json\/wp\/v2\/categories?post=6480"}],"curies":[{"name":"wp","href":"https:\/\/api.w.org\/{rel}","templated":true}]}}