{"id":6488,"date":"2021-09-29T16:41:51","date_gmt":"2021-09-29T14:41:51","guid":{"rendered":"https:\/\/stiftadmont.at\/?page_id=6488"},"modified":"2023-12-08T19:18:03","modified_gmt":"2023-12-08T17:18:03","slug":"jesti","status":"publish","type":"page","link":"https:\/\/stiftadmont.at\/sl\/museum\/ausstellungsrueckblick\/zum-fressen-gern\/","title":{"rendered":"U\u017eivati v hrani z u\u017eitkom"},"content":{"rendered":"<section id='lightpress__section--block_615482cf1b801' class='lightpress__section--default-section-space lightpress__section lightpress__section--content'><div class=\"content__inner\"\n         x-init=\"initContentBlockAnim($el)\">\n        \n    <div class=\"content__grid content__grid--fifty-fifty\">\n                                            <div class=\"content__box content__box\"\n                 style=\"\">\n                                \n                \n                                            <div class=\"prose\"><h2 class=\"heading-xxl line line--gold\">Razstava o \u0161kodljivcih, prehranjevanju in prehranjevanju<\/h2>\n<p class=\"paragraph-m\">\u00a0<\/p>\n<\/div>\n                    \n                            <\/div>\n        \n                                                    <div class=\"content__box content__box--2\"\n                     >\n                                        \n                    \n                                                    <div class=\"prose\"><p class=\"paragraph-m\">Strastna zavezanost \"JEDI\" je geslo razstavne sezone 2016 v opatiji Admont, ki je trajala do 31. oktobra 2016. V opatijski knji\u017enici so delovali nenasitni \"knji\u017eni molji\", ki jih ni gnala lakota po znanju, temve\u010d \u017eelja po papirju in kostnem lepilu. \u0160kodljivci so bili strokovno iztrebljeni. Toda to je bil \u0161ele za\u010detek pravega dela. Knjigo za knjigo, stran za stranjo so v pretekli sezoni pregledovali, \u010distili in po potrebi skrbno restavrirali. Ta tema je izhodi\u0161\u010de za ve\u010dplastno posebno razstavo v letu 2016, na kateri bo ve\u010d podro\u010dij muzeja z razli\u010dnih vidikov obravnavalo ljubezen do hrane.<\/p>\n<\/div>\n                        \n                                    <\/div>\n            \n            <\/div>\n<\/div>\n\n<\/section>\n\n<section id='lightpress__section--block_6154837c1b803' class='lightpress__section--default-section-space lightpress__section lightpress__section--content'><div class=\"content__inner\"\n         x-init=\"initContentBlockAnim($el)\">\n        \n    <div class=\"content__grid content__grid--fifty-fifty\">\n                                            <div class=\"content__box content__box\"\n                 style=\"\">\n                                \n                \n                                            <div class=\"prose\"><h3 class=\"heading-xl line line--red\">Baro\u010dni portik<\/h3>\n<p class=\"paragraph-m\">\u010cas je vse uni\u010dil. Minljivost je izziv. Je nespremenljiva, vendar ima tudi svoje \u010dare. Cikel \u017eivljenja je v razstavnem delu v baro\u010dni dvorani s stebri prikazan s pomo\u010djo oku\u017eenih zgodovinskih knjig in naravoslovnih primerkov. Postane jasno, kak\u0161en izziv je v vsakdanjem muzejskem \u017eivljenju za\u0161\u010dititi stoletja stare knjige in jih ohraniti za prihodnje rodove. Obiskovalci dobijo vpogled v delo nadzornikov \u0161kodljivcev in izku\u0161enih restavratorjev. Katere vrste \u0161kodljivcev obstajajo? Katera bivali\u0161\u010da imajo najraje? Kot znanstveno ilustrativno gradivo se uporabljajo izposoje iz Prirodoslovnega muzeja Senckenberg v G\u00f6rlitzu. Posebna razstava ZUM FRESSEN GERN je tako zanimiva in harmoni\u010dna presoja knji\u017eni\u010dne oku\u017eenosti s \u0161kodljivci med umetnostjo in naravo.<\/p>\n<\/div>\n                    \n                            <\/div>\n        \n                                                    <div class=\"content__box content__box--2\"\n                     >\n                                        \n                    \n                                                    <div class=\"prose\"><p class=\"paragraph-m\">Berlinska umetnika Sebastian K\u00f6pcke in Volker Weinhold svoj kulinari\u010dni navdih \u010drpata iz bogate muzejske zbirke. Na fotografijah velikega formata ustvarjata tiho\u017eitja, v katerih so predmeti iz na\u0161e muzejske zbirke uporabljeni kot sestavine za razko\u0161en jedilnik s \u010dudovitimi podrobnostmi. Na teh skrbno uprizorjenih slikah se nekatere znane stvari poka\u017eejo v novi lu\u010di. Skrbno so bili izbrani odmevi kuhinjskih in lovskih tiho\u017eitij iz obdobja renesanse in baroka. Objektivna redukcija in fotografska natan\u010dnost pa se jasno nana\u0161ata na sedanjost. Hkrati fotografije gradijo most od kulturnozgodovinske razstave do sodobne umetnosti. Ponovno poudarjajo medtematske konceptualne te\u017enje muzeja v opatiji Admont.<\/p>\n<\/div>\n                        \n                                    <\/div>\n            \n            <\/div>\n<\/div>\n\n<\/section>\n\n<section id='lightpress__section--block_615483e71b806' class='lightpress__section--default-section-space lightpress__section lightpress__section--content'><div class=\"content__inner\"\n         x-init=\"initContentBlockAnim($el)\">\n        \n    <div class=\"content__grid content__grid--fifty-fifty\">\n                                            <div class=\"content__box content__box\"\n                 style=\"\">\n                                \n                \n                                        <div class=\"content__media stickyTo\" x-init=\"imageSticky($el)\">\n\n                                                                                                <picture\n                                class=\"content__image sticky image-mask\">\n                            <source srcset=\"https:\/\/stiftadmont.at\/wp-content\/uploads\/Untitled-4-1024x1024.png\"\n                                    type=\"image\/webp\">\n                            <source srcset=\"https:\/\/stiftadmont.at\/wp-content\/uploads\/Untitled-4-1024x1024.png\"\n                                    type=\"image\/jpeg\">\n                            <img decoding=\"async\" loading=\"lazy\"\n                                 src=\"https:\/\/stiftadmont.at\/wp-content\/uploads\/Untitled-4-1024x1024.png\"\n                                 alt=\"Prijetno jesti 2021\" width=\"600\" height=\"450\">\n                                                                                                            <\/picture>\n\n                    <\/div>\n\n                            <\/div>\n        \n                                                    <div class=\"content__box content__box--2\"\n                     >\n                                        \n                    \n                                                    <div class=\"prose\"><h3 class=\"heading-xl line--gold line\">Prirodoslovni muzej<\/h3>\n<p class=\"paragraph-m\">\u0160tevilni pristopi k temi leta so na voljo tudi v Prirodoslovnem muzeju s \u0161tevilnimi primerki u\u017eitnih in po\u017ere\u0161nih \u017eivali. Posebej impresivna je postavitev z 243 vo\u0161\u010denimi primerki sadja o\u010deta Constantina Kellerja (1778-1864). Leto\u0161nja razstava je opremljena z impresivno izposojo iz Prirodoslovnega muzeja na Dunaju. Sko\u010dni lev na impresiven na\u010din poudarja vidik \"jesti in biti zau\u017eit\". Tega ni mogo\u010de zaobiti.<\/p>\n<\/div>\n                        \n                                    <\/div>\n            \n            <\/div>\n<\/div>\n\n<\/section>\n\n<section id='lightpress__section--block_615484151b809' class='lightpress__section--default-section-space lightpress__section lightpress__section--content'><div class=\"content__inner\"\n         x-init=\"initContentBlockAnim($el)\">\n        \n    <div class=\"content__grid content__grid--fifty-fifty\">\n                                            <div class=\"content__box content__box\"\n                 style=\"\">\n                                \n                \n                                            <div class=\"prose\"><h3 class=\"heading-xl line line--red\">Prostor za rokopise<\/h3>\n<p class=\"paragraph-m\">\u017de v svetopisemskih spisih so \u017eivali bistven del stvarstva in so tesno povezane z ljudmi. V sobi z rokopisi je izbor knjig iz opatijske zbirke na temo \"De naturis animalium - O zna\u010dilnostih \u017eivali\". Izvedeli boste lahko o simbolnem, znanstvenem in medicinskem pomenu \u017eivali, njihovi reji in koristni uporabi z vidika na\u0161ih prednikov.<\/p>\n<\/div>\n                    \n                            <\/div>\n        \n                                                    <div class=\"content__box content__box--2\"\n                     >\n                                        \n                    \n                                                    <div class=\"prose\"><h3 class=\"heading-xl line line--gold\">Umetni\u0161ka intervencija v Umetnostnozgodovinskem muzeju<\/h3>\n<p class=\"paragraph-m\">G\u00f6tz Bury slikovito izra\u017ea svoje geslo \"Dobro \u017eiveti brez ni\u010desar\". V umetnostnozgodovinskem muzeju je ustvaril svojo razli\u010dico Wunderkammer. Ta je v presenetljivem dialogu z zakladnico. Izhodi\u0161\u010dni material za to veli\u010dastno \"gala ve\u010derjo\" so bili stari kuhinjski in gospodinjski aparati, zavr\u017eeni bobni pralnih strojev, pladnji kuhinjskih korit, cevi in vrata sesalnikov ter drugi \"reciklirani\" predmeti za enkratno uporabo.<\/p>\n<\/div>\n                        \n                                    <\/div>\n            \n            <\/div>\n<\/div>\n\n<\/section>\n\n<section id='lightpress__section--block_6154843a1b80c' class='lightpress__section--default-section-space lightpress__section lightpress__section--content'><div class=\"content__inner\"\n         x-init=\"initContentBlockAnim($el)\">\n        \n    <div class=\"content__grid content__grid--fifty-fifty\">\n                                            <div class=\"content__box content__box\"\n                 style=\"\">\n                                \n                \n                                            <div class=\"prose\"><h3 class=\"heading-xl line line--gold\">Muzej sodobne umetnosti<\/h3>\n<p class=\"paragraph-m\">Kuhanje je verjetno najstarej\u0161a ustvarjalna dejavnost \u010dlove\u0161tva. A naj vas Muzej sodobne umetnosti preseneti \u0161e z drugimi vidiki prehranjevanja in prehranjevanja, s plemenitimi in nenavadnimi jedmi, navdu\u0161enimi in norimi pogledi na hrano! Ali bi to pri\u010dakovali? Admontski menihi, ki z jedmi igrajo vlogo \"enominutnih skulptur\"? Ali pa \u0161pagetne rezance kot Mikado pal\u010dke? Mravlje, ki odstranjujejo in jedo sladkorne arhitekture ter gradbeni material vklju\u010dijo v prehranjevalno verigo? Kaj pa tole: rentgenske ra\u010dunalni\u0161ke tomografije Big Macov in hamburgerjev?<\/p>\n<p class=\"paragraph-m\">Kuhinja po \u017eeljah \u017eensk? Videoposnetek kuharske predstave, \"v katerem se kuha in poje te\u017eko prebavljiva knjiga\"? Slike scenarija iz kravjega gnoja in \"presenetljive\" \u017eivalske hrane?<\/p>\n<\/div>\n                    \n                            <\/div>\n        \n                                                    <div class=\"content__box content__box--2\"\n                     >\n                                        \n                    \n                                                    <div class=\"prose\"><p class=\"paragraph-m\">Kje je resnost? Odnos med hrano in ekologijo lahko tematiziramo tudi na podlagi \"hitre hrane\". Sodobna \u017eivilska industrija je skupaj z industrijskim kmetijstvom in \u017eeljo potro\u0161nikov po poceni in lahko dostopni hrani ustvarila spiralo uni\u010devanja virov. Poleg tega: 3000 km dolgo potovanje 20 ton paradi\u017enika iz Tur\u010dije na Dunaj ponazarja norost na\u0161ega potro\u0161ni\u0161kega sveta. \"Album o gostitelju\" vzpostavlja vzporednice med banalnimi dejanji v kuhinji in obredi ma\u0161e. Prisluhnite namiznim pogovorom o temah, ki so tako bistvene kot vsakdanji kruh: lakota, beg, izguba, smrt, rojstvo, upanje, dialog, pomo\u010d, prihod. NOVO je namizni pogovor Lene Knilli o kontroverzni temi beguncev!<\/p>\n<p class=\"paragraph-m\">Predstavljen je temelj umetnikovega \"me\u0161\u010danskega obstoja\" v vlogi trgovca z vinom, kaj pa medsebojni vpliv med umetnostjo, znanostjo in naravo? Tudi raziskovanje prehranjevalnega vedenja hro\u0161\u010dev ali komunikacijskih procesov bakterij lahko postane izhodi\u0161\u010de za izdelavo slik. \u017divljenje ustvarja \u017eivljenje in upodablja \u017eivljenje.<\/p>\n<\/div>\n                        \n                                    <\/div>\n            \n            <\/div>\n<\/div>\n\n<\/section>\n\n<section id='lightpress__section--block_6154870a1b812' class='lightpress__section--default-section-space lightpress__section lightpress__section--content'><div class=\"content__inner\"\n         x-init=\"initContentBlockAnim($el)\">\n        \n    <div class=\"content__grid content__grid--fifty-fifty\">\n                                            <div class=\"content__box content__box\"\n                 style=\"\">\n                                \n                \n                                            <div class=\"prose\"><p class=\"paragraph-m\">Seveda je v filmu tudi ogromen, la\u010den krokodil - in nobenih ljudo\u017eercev, nobenih prizorov v divjih gostilnah in nobenih lovskih prizorov! Po drugi strani pa miniaturne upodobitve azijskih scenarijev s hrano u\u010dinkujejo res pomirjujo\u010de. Kar naprej in jejte! In vedno imejte v mislih: iz tega, kar jemo, smo narejeni!<\/p>\n<p class=\"paragraph-m\">V videoposnetku ARF si lahko ogledate odprtje muzeja:<\/p>\n<\/div>\n                    \n                            <\/div>\n        \n                                                    <div class=\"content__box content__box--2\"\n                     >\n                                        \n                                            \n                                                    <a href=\"https:\/\/www.youtube.com\/watch?v=H7-jYRajGGg\" class=\"content__video content__media\"\n                               x-data\n x-init=\"initContentLightBox('#lightpress__section--block_6154870a1b812 .content__video')\">\n                                                                \n                                <picture class=\"content__image\">\n                                    <source srcset=\"https:\/\/stiftadmont.at\/wp-content\/uploads\/nhm-1024x684.webp\" type=\"image\/webp\">\n                                    <source srcset=\"https:\/\/stiftadmont.at\/wp-content\/uploads\/nhm-1024x684.jpg\" type=\"image\/jpeg\">\n                                    <img decoding=\"async\" class=\"content__image\" loading=\"lazy\" src=\"https:\/\/stiftadmont.at\/wp-content\/uploads\/nhm-1024x684.jpg\" alt=\"Prijetno jesti 2021\" width=\"600\" height=\"450\" \/>\n                                <\/picture>\n\n                                <span class=\"overlay-dark\"><\/span>\n                                <span class=\"content-overlay\"><\/span>\n                                <div class=\"content__plaque\">\n                                    <div class=\"content__plaque-inner\">\n                                        <span><i class=\"fas fa-play content__icon\"><\/i><\/span>\n                                        <p class=\"paragraph-m\">Igraj<\/p>\n                                    <\/div>\n                                <\/div>\n                            <\/a>\n                        \n                                    <\/div>\n            \n            <\/div>\n<\/div>\n\n<\/section>\n\n<section id='lightpress__section--block_6154846c1b810' class='lightpress__section--default-section-space lightpress__section lightpress__section--content'><div class=\"content__inner\"\n         x-init=\"initContentBlockAnim($el)\">\n        \n    <div class=\"content__grid content__grid\">\n                                            <div class=\"content__box content__box--one-hundred\"\n                 style=\"\">\n                                \n                \n                                            <div class=\"prose\"><div class=\"info info--info\">\n<p>Z deli: G\u00f6tz Bury, Johannes Deutsch, Markus Dressler, Christian Eisenberger, Maria Hahnenkamp, Lisa Huber, Alfred Klinkan, Lena Knilli, Sebastian K\u00f6pcke &amp; Volker Weinhold, Edgar Lissel, Alois Mosbacher, Anton Petz, Michael Pisk, Wendelin Pressl, Hannes Priesch, Gerwald Rockenschaub, Kurt Ryslavy, Hubert Schmalix, Ernst Schmid, Deborah Sengl, Gabriele Sturm, Suvat, Erwin Wurm, Fabio Zolly.<\/p>\n<\/div>\n<\/div>\n                    \n                            <\/div>\n        \n            <\/div>\n<\/div>\n\n<\/section>","protected":false},"excerpt":{"rendered":"","protected":false},"author":7,"featured_media":0,"parent":5864,"menu_order":14,"comment_status":"closed","ping_status":"closed","template":"","meta":{"_acf_changed":false,"footnotes":""},"categories":[73],"class_list":["post-6488","page","type-page","status-publish","hentry","category-ausstellungsrueckblick"],"acf":[],"yoast_head":"<!-- This site is optimized with the Yoast SEO Premium plugin v26.0 (Yoast SEO v26.8) - https:\/\/yoast.com\/product\/yoast-seo-premium-wordpress\/ -->\n<title>Zum Fressen Gern - Stift Admont<\/title>\n<meta name=\"robots\" content=\"index, follow, max-snippet:-1, max-image-preview:large, max-video-preview:-1\" \/>\n<link rel=\"canonical\" href=\"https:\/\/stiftadmont.at\/sl\/muzej\/pregled-razstave\/jesti\/\" \/>\n<meta property=\"og:locale\" content=\"sl_SI\" \/>\n<meta property=\"og:type\" content=\"article\" \/>\n<meta property=\"og:title\" content=\"Zum Fressen Gern\" \/>\n<meta property=\"og:url\" content=\"https:\/\/stiftadmont.at\/sl\/muzej\/pregled-razstave\/jesti\/\" \/>\n<meta property=\"og:site_name\" content=\"Stift Admont\" \/>\n<meta property=\"article:modified_time\" content=\"2023-12-08T17:18:03+00:00\" \/>\n<meta property=\"og:image\" content=\"https:\/\/stiftadmont.at\/wp-content\/uploads\/Klosteranlage-innen.jpg\" \/>\n\t<meta property=\"og:image:width\" content=\"1912\" \/>\n\t<meta property=\"og:image:height\" content=\"1188\" \/>\n\t<meta property=\"og:image:type\" content=\"image\/jpeg\" \/>\n<meta name=\"twitter:card\" content=\"summary_large_image\" \/>\n<script type=\"application\/ld+json\" class=\"yoast-schema-graph\">{\"@context\":\"https:\/\/schema.org\",\"@graph\":[{\"@type\":\"WebPage\",\"@id\":\"https:\/\/stiftadmont.at\/museum\/ausstellungsrueckblick\/zum-fressen-gern\/\",\"url\":\"https:\/\/stiftadmont.at\/museum\/ausstellungsrueckblick\/zum-fressen-gern\/\",\"name\":\"Zum Fressen Gern - Stift Admont\",\"isPartOf\":{\"@id\":\"https:\/\/stiftadmont.at\/#website\"},\"datePublished\":\"2021-09-29T14:41:51+00:00\",\"dateModified\":\"2023-12-08T17:18:03+00:00\",\"breadcrumb\":{\"@id\":\"https:\/\/stiftadmont.at\/museum\/ausstellungsrueckblick\/zum-fressen-gern\/#breadcrumb\"},\"inLanguage\":\"sl-SI\",\"potentialAction\":[{\"@type\":\"ReadAction\",\"target\":[\"https:\/\/stiftadmont.at\/museum\/ausstellungsrueckblick\/zum-fressen-gern\/\"]}]},{\"@type\":\"BreadcrumbList\",\"@id\":\"https:\/\/stiftadmont.at\/museum\/ausstellungsrueckblick\/zum-fressen-gern\/#breadcrumb\",\"itemListElement\":[{\"@type\":\"ListItem\",\"position\":1,\"name\":\"Start\",\"item\":\"https:\/\/stiftadmont.at\/\"},{\"@type\":\"ListItem\",\"position\":2,\"name\":\"Museum Stift Admont\",\"item\":\"https:\/\/stiftadmont.at\/museum\/\"},{\"@type\":\"ListItem\",\"position\":3,\"name\":\"Ausstellungsr\u00fcckblick\",\"item\":\"https:\/\/stiftadmont.at\/museum\/ausstellungsrueckblick\/\"},{\"@type\":\"ListItem\",\"position\":4,\"name\":\"Zum Fressen Gern\"}]},{\"@type\":\"WebSite\",\"@id\":\"https:\/\/stiftadmont.at\/#website\",\"url\":\"https:\/\/stiftadmont.at\/\",\"name\":\"Stift Admont\",\"description\":\"Benediktinerkloster und Sehensw\u00fcrdigkeit im Ges\u00e4use\",\"potentialAction\":[{\"@type\":\"SearchAction\",\"target\":{\"@type\":\"EntryPoint\",\"urlTemplate\":\"https:\/\/stiftadmont.at\/?s={search_term_string}\"},\"query-input\":{\"@type\":\"PropertyValueSpecification\",\"valueRequired\":true,\"valueName\":\"search_term_string\"}}],\"inLanguage\":\"sl-SI\"}]}<\/script>\n<!-- \/ Yoast SEO Premium plugin. -->","yoast_head_json":{"title":"Zum Fressen Gern - Opatija Admont","robots":{"index":"index","follow":"follow","max-snippet":"max-snippet:-1","max-image-preview":"max-image-preview:large","max-video-preview":"max-video-preview:-1"},"canonical":"https:\/\/stiftadmont.at\/sl\/muzej\/pregled-razstave\/jesti\/","og_locale":"sl_SI","og_type":"article","og_title":"Zum Fressen Gern","og_url":"https:\/\/stiftadmont.at\/sl\/muzej\/pregled-razstave\/jesti\/","og_site_name":"Stift Admont","article_modified_time":"2023-12-08T17:18:03+00:00","og_image":[{"width":1912,"height":1188,"url":"https:\/\/stiftadmont.at\/wp-content\/uploads\/Klosteranlage-innen.jpg","type":"image\/jpeg"}],"twitter_card":"summary_large_image","schema":{"@context":"https:\/\/schema.org","@graph":[{"@type":"WebPage","@id":"https:\/\/stiftadmont.at\/museum\/ausstellungsrueckblick\/zum-fressen-gern\/","url":"https:\/\/stiftadmont.at\/museum\/ausstellungsrueckblick\/zum-fressen-gern\/","name":"Zum Fressen Gern - Opatija Admont","isPartOf":{"@id":"https:\/\/stiftadmont.at\/#website"},"datePublished":"2021-09-29T14:41:51+00:00","dateModified":"2023-12-08T17:18:03+00:00","breadcrumb":{"@id":"https:\/\/stiftadmont.at\/museum\/ausstellungsrueckblick\/zum-fressen-gern\/#breadcrumb"},"inLanguage":"sl-SI","potentialAction":[{"@type":"ReadAction","target":["https:\/\/stiftadmont.at\/museum\/ausstellungsrueckblick\/zum-fressen-gern\/"]}]},{"@type":"BreadcrumbList","@id":"https:\/\/stiftadmont.at\/museum\/ausstellungsrueckblick\/zum-fressen-gern\/#breadcrumb","itemListElement":[{"@type":"ListItem","position":1,"name":"Start","item":"https:\/\/stiftadmont.at\/"},{"@type":"ListItem","position":2,"name":"Museum Stift Admont","item":"https:\/\/stiftadmont.at\/museum\/"},{"@type":"ListItem","position":3,"name":"Ausstellungsr\u00fcckblick","item":"https:\/\/stiftadmont.at\/museum\/ausstellungsrueckblick\/"},{"@type":"ListItem","position":4,"name":"Zum Fressen Gern"}]},{"@type":"WebSite","@id":"https:\/\/stiftadmont.at\/#website","url":"https:\/\/stiftadmont.at\/","name":"Opatija Admont","description":"Benediktinski samostan in turisti\u010dna znamenitost v Ges\u00e4use","potentialAction":[{"@type":"SearchAction","target":{"@type":"EntryPoint","urlTemplate":"https:\/\/stiftadmont.at\/?s={search_term_string}"},"query-input":{"@type":"PropertyValueSpecification","valueRequired":true,"valueName":"search_term_string"}}],"inLanguage":"sl-SI"}]}},"_links":{"self":[{"href":"https:\/\/stiftadmont.at\/sl\/wp-json\/wp\/v2\/pages\/6488","targetHints":{"allow":["GET"]}}],"collection":[{"href":"https:\/\/stiftadmont.at\/sl\/wp-json\/wp\/v2\/pages"}],"about":[{"href":"https:\/\/stiftadmont.at\/sl\/wp-json\/wp\/v2\/types\/page"}],"author":[{"embeddable":true,"href":"https:\/\/stiftadmont.at\/sl\/wp-json\/wp\/v2\/users\/7"}],"replies":[{"embeddable":true,"href":"https:\/\/stiftadmont.at\/sl\/wp-json\/wp\/v2\/comments?post=6488"}],"version-history":[{"count":28,"href":"https:\/\/stiftadmont.at\/sl\/wp-json\/wp\/v2\/pages\/6488\/revisions"}],"predecessor-version":[{"id":24256,"href":"https:\/\/stiftadmont.at\/sl\/wp-json\/wp\/v2\/pages\/6488\/revisions\/24256"}],"up":[{"embeddable":true,"href":"https:\/\/stiftadmont.at\/sl\/wp-json\/wp\/v2\/pages\/5864"}],"wp:attachment":[{"href":"https:\/\/stiftadmont.at\/sl\/wp-json\/wp\/v2\/media?parent=6488"}],"wp:term":[{"taxonomy":"category","embeddable":true,"href":"https:\/\/stiftadmont.at\/sl\/wp-json\/wp\/v2\/categories?post=6488"}],"curies":[{"name":"wp","href":"https:\/\/api.w.org\/{rel}","templated":true}]}}